

{"id":9590,"date":"2025-11-04T02:28:48","date_gmt":"2025-11-04T02:28:48","guid":{"rendered":"https:\/\/vapemaison.com\/?post_type=product&#038;p=9590"},"modified":"2026-03-26T05:40:59","modified_gmt":"2026-03-26T05:40:59","slug":"bang-leader-110000-puffs-6-v-1-jednorazove-vpae","status":"publish","type":"product","link":"https:\/\/vapemaison.com\/cs\/product\/bang-leader-110000-puffs-6-in-1-disposable-vpae\/","title":{"rendered":"Bang Leader 110000 Puffs 6 v 1 jednor\u00e1zov\u00e1 vape | LED displej, trojit\u00e1 s\u00ed\u0165ov\u00e1 c\u00edvka, nab\u00edjec\u00ed"},"content":{"rendered":"<p>Na str\u00e1nk\u00e1ch <strong><a href=\"https:\/\/vapemaison.com\/brand\/bang\/\">Bang Leader<\/a> 110K Puffs Vape na jedno pou\u017eit\u00ed<\/strong> nov\u011b definuje hranice jednor\u00e1zov\u00e9ho vapingu. Navr\u017eeno pro vapery, kte\u0159\u00ed vy\u017eaduj\u00ed <strong>dokonal\u00e1 kontrola chuti, masivn\u00ed p\u00e1ra a v\u00fdjime\u010dn\u00e1 v\u00fddr\u017e<\/strong>, nab\u00edz\u00ed ohromuj\u00edc\u00ed <strong>110 000 obl\u00e1\u010dk\u016f<\/strong> - nastavuje nov\u00fd standard v\u00fdkonu a \u017eivotnosti.<\/p>\n\n\n\n<p>P\u0159edstaven\u00ed <strong>t\u0159i nez\u00e1visl\u00e9 n\u00e1dr\u017ee<\/strong>, <strong>\u0161est chu\u0165ov\u00fdch re\u017eim\u016f<\/strong>, a <strong>syst\u00e9m trojit\u00e9 s\u00ed\u0165ov\u00e9 c\u00edvky<\/strong>, tento p\u0159\u00edstroj v\u00e1m umo\u017en\u00ed vychutnat si \u010dist\u00e9 chut\u011b jednotliv\u011b nebo je kreativn\u011b m\u00edchat a vytv\u00e1\u0159et tak jedine\u010dn\u00e9 kombinace. A\u0165 u\u017e d\u00e1v\u00e1te p\u0159ednost ovocn\u00fdm, ledov\u00fdm nebo dezertem inspirovan\u00fdm profil\u016fm, Bang Leader 110K v\u00e1m je poskytne. <strong>bezkonkuren\u010dn\u00ed flexibilita a spokojenost<\/strong>.<\/p>\n\n\n\n<h3 class=\"wp-block-heading\"><strong>Kl\u00ed\u010dov\u00e9 vlastnosti<\/strong><\/h3>\n\n\n\n<p><strong>Obrovsk\u00fd po\u010det 110 000 obl\u00e1\u010dk\u016f<\/strong> - Vytvo\u0159eno pro dlouhodob\u00fd po\u017eitek z j\u00edzdy s konzistentn\u00edm v\u00fdkonem.<\/p>\n\n\n\n<p><strong>Syst\u00e9m t\u0159\u00ed n\u00e1dr\u017e\u00ed (3x)<\/strong> - Nez\u00e1visl\u00e9 a p\u0159ep\u00ednateln\u00e9 pro \u010derstvou, nezka\u017eenou chu\u0165.<\/p>\n\n\n\n<p><strong>\u0160est re\u017eim\u016f p\u0159\u00edchut\u00ed<\/strong> - A, B, C, A+B, A+C, B+C - jednotliv\u00e9 nebo sm\u00ed\u0161en\u00e9 chut\u011b.<\/p>\n\n\n\n<p><strong>Trojit\u00e1 s\u00ed\u0165ov\u00e1 c\u00edvka<\/strong> - Pokro\u010dil\u00e1 technologie \u017ehaven\u00ed pro bohat\u0161\u00ed p\u00e1ru a hlub\u0161\u00ed chu\u0165.<\/p>\n\n\n\n<p><strong>Siln\u00e9 str\u00e1nky nikotinu:<\/strong> 0%, 2%, 3%, 5% - lze p\u0159izp\u016fsobit podle va\u0161ich preferenc\u00ed.<\/p>\n\n\n\n<p><strong>Dob\u00edjec\u00ed baterie 850 mAh<\/strong> - Dlouhotrvaj\u00edc\u00ed v\u00fdkon pro del\u0161\u00ed vapov\u00e1n\u00ed.<\/p>\n\n\n\n<p><strong>Rychl\u00e9 nab\u00edjen\u00ed typu C<\/strong> - Rychl\u00e9 a efektivn\u00ed dob\u00edjen\u00ed pro pohodl\u00ed na cest\u00e1ch.<\/p>\n\n\n\n<p><strong>Chytr\u00fd LED displej<\/strong> - V re\u00e1ln\u00e9m \u010dase zobrazuje v\u00fddr\u017e baterie, po\u010det \u0161luk\u016f a re\u017eim p\u0159\u00edchut\u011b.<\/p>\n\n\n\n<p><strong>Balen\u00ed:<\/strong> 10 kus\u016f v balen\u00ed - ide\u00e1ln\u00ed pro maloobchod a velkoobchod.<\/p>\n\n\n\n<h3 class=\"wp-block-heading\"><strong>Zku\u0161enosti s chut\u00ed<\/strong><\/h3>\n\n\n\n<p>U\u017eijte si <strong>10 jedine\u010dn\u00fdch sad p\u0159\u00edchut\u00ed 3 v 1<\/strong> navr\u017een\u00e9 tak, aby vyhovovaly ka\u017ed\u00e9mu vkusu. Ka\u017ed\u00e9 za\u0159\u00edzen\u00ed obsahuje <strong>t\u0159i n\u00e1dr\u017ee na e-liquid<\/strong> a podporuje \u0161est re\u017eim\u016f m\u00edch\u00e1n\u00ed, tak\u017ee si m\u016f\u017eete vybrat z nekone\u010dn\u00e9ho mno\u017estv\u00ed kombinac\u00ed jemn\u00e9, v\u00fdrazn\u00e9 a osv\u011b\u017euj\u00edc\u00ed chuti.<\/p>\n\n\n\n<p><strong>Dostupn\u00e9 sady p\u0159\u00edchut\u00ed:<\/strong><\/p>\n\n\n\n<ol class=\"wp-block-list\">\n<li>Melounov\u00fd led \/ Jahodov\u00e1 mamba \/ Jahodov\u00fd meloun<\/li>\n\n\n\n<li>Fuji Ice \/ Jable\u010dn\u00e9 hrozny \/ T\u0159e\u0161\u0148ov\u00e9 gran\u00e1tov\u00e9 jablko<\/li>\n\n\n\n<li>Bor\u016fvkov\u00fd led \/ Malinov\u00fd citron \/ Melounov\u00e1 \u017ev\u00fdka\u010dka<\/li>\n\n\n\n<li>Bor\u016fvky Maliny \/ Kysel\u00e9 Ananasy Pomeran\u010de \/ Maliny Meloun<\/li>\n\n\n\n<li>Hroznov\u00fd led \/ Mango Broskev \/ Bor\u016fvkov\u00fd meloun<\/li>\n\n\n\n<li>Jahodov\u00fd led \/ Broskev Citron \/ Kiwi Mu\u010denka Guava<\/li>\n\n\n\n<li>Ananasov\u00fd kokos \/ Bor\u016fvkov\u00fd Red Bull \/ Melounov\u00fd led<\/li>\n\n\n\n<li>Jahoda Kiwi \/ Bor\u016fvka Kokos \/ Sm\u00ed\u0161en\u00e9 bobule<\/li>\n\n\n\n<li>Lemon Romance \/ Bor\u016fvka Malina \/ Broskev Mentol<\/li>\n\n\n\n<li>Broskvov\u00fd led \/ Ananasov\u00fd led s \u010dern\u00fdm ryb\u00edzem \/ Zelen\u00e9 jablko Kiwi<\/li>\n<\/ol>\n\n\n\n<p>A\u0165 u\u017e chcete <strong>klasick\u00fd ovocn\u00fd pun\u010d<\/strong> nebo <strong>exotick\u00fd tropick\u00fd twist<\/strong>, Bang Leader 110K v\u00e1m umo\u017en\u00ed <strong>okam\u017eit\u00e9 p\u0159ep\u00edn\u00e1n\u00ed p\u0159\u00edchut\u00ed<\/strong> nebo je sm\u00edchejte, abyste si s ka\u017ed\u00fdm \u0161lukem dop\u0159\u00e1li nov\u00fd z\u00e1\u017eitek.<\/p>\n\n\n\n<h3 class=\"wp-block-heading\"><strong>Technick\u00e9 specifikace<\/strong><\/h3>\n\n\n\n<figure class=\"wp-block-table\"><table class=\"has-fixed-layout\"><thead><tr><th>Specifikace<\/th><th>Podrobnosti na<\/th><\/tr><\/thead><tbody><tr><td>Po\u010det puf\u016f<\/td><td>A\u017e 110 000 puf\u016f<\/td><\/tr><tr><td>Baterie<\/td><td>850mAh dob\u00edjec\u00ed<\/td><\/tr><tr><td>Nab\u00edjec\u00ed port<\/td><td>Rychl\u00e9 nab\u00edjen\u00ed typu C<\/td><\/tr><tr><td>Typ c\u00edvky<\/td><td>Trojit\u00e1 s\u00ed\u0165ov\u00e1 c\u00edvka<\/td><\/tr><tr><td>N\u00e1dr\u017ee na olej<\/td><td>3 nez\u00e1visl\u00e9 n\u00e1dr\u017ee<\/td><\/tr><tr><td>Re\u017eimy p\u0159\u00edchut\u00ed<\/td><td>6 (A, B, C, A+B, A+C, B+C)<\/td><\/tr><tr><td>Siln\u00e9 str\u00e1nky nikotinu<\/td><td>0%, 2%, 3%, 5%<\/td><\/tr><tr><td>Zobrazit<\/td><td>Inteligentn\u00ed kontrolka LED (baterie, Puff, re\u017eim)<\/td><\/tr><tr><td>Balen\u00ed<\/td><td>10 ks \/ balen\u00ed<\/td><\/tr><\/tbody><\/table><\/figure>\n\n\n\n<h3 class=\"wp-block-heading\"><strong>Pro\u010d si vybrat Bang Leader 110K?<\/strong><\/h3>\n\n\n\n<p><strong>Bezkonkuren\u010dn\u00ed \u017eivotnost<\/strong> - A\u017e 110 000 pot\u00e1hnut\u00ed pro nep\u0159etr\u017eit\u00fd po\u017eitek.<br><strong>Svoboda chuti<\/strong> - P\u0159\u00edchut\u011b m\u016f\u017eete kdykoli m\u00edchat nebo m\u011bnit.<br><strong>Chytr\u00fd a stylov\u00fd<\/strong> - Elegantn\u00ed design s LED displejem.<br><strong>V\u00fdkon, na kter\u00fd se m\u016f\u017eete spolehnout<\/strong> - Rychlonab\u00edjec\u00ed 850mAh baterie.<br><strong>Ide\u00e1ln\u00ed pro maloobchodn\u00edky<\/strong> - Poutav\u00e9 balen\u00ed a vysok\u00fd potenci\u00e1l dal\u0161\u00edho prodeje.<\/p>","protected":false},"excerpt":{"rendered":"<p>Jednor\u00e1zov\u00e1 vape Bang Leader 110000 Puffs nen\u00ed jen dal\u0161\u00ed jednor\u00e1zov\u00e1 vape - je to revoluce v inovaci vapingu. Kombinuje v\u00fdkon, rozmanitost a p\u0159esnost a je vytvo\u0159en pro vapery, kte\u0159\u00ed odm\u00edtaj\u00ed kompromisy. Vyberte si svou p\u0159\u00edchu\u0165, nam\u00edchejte si re\u017eim a za\u017eijte skute\u010dnou svobodu vapov\u00e1n\u00ed s Bang Leader 110K.<\/p>","protected":false},"featured_media":9597,"comment_status":"open","ping_status":"closed","template":"","meta":[],"product_brand":[57],"product_cat":[152,142],"product_tag":[],"class_list":{"0":"post-9590","1":"product","2":"type-product","3":"status-publish","4":"has-post-thumbnail","6":"product_brand-bang","7":"product_cat-110k-puffs","8":"product_cat-eu-stock","10":"first","11":"instock","12":"sale","13":"featured","14":"shipping-taxable","15":"purchasable","16":"product-type-variable"},"yoast_head":"<!-- This site is optimized with the Yoast SEO plugin v27.4 - https:\/\/yoast.com\/product\/yoast-seo-wordpress\/ -->\n<title>Bang Leader 110K Puffs 6 in1 Disposable Vape LED Display<\/title>\n<meta name=\"description\" content=\"LED Display Bang Leader 110k Puffs Disposable Vape with 6-in-1 flavor modes. Rechargeable battery and Type-C fast charging.\" \/>\n<meta name=\"robots\" content=\"index, follow, max-snippet:-1, max-image-preview:large, max-video-preview:-1\" \/>\n<link rel=\"canonical\" href=\"https:\/\/vapemaison.com\/cs\/produkt\/bang-leader-110000-puffs-6-v-1-jednorazove-vpae\/\" \/>\n<meta property=\"og:locale\" content=\"cs_CZ\" \/>\n<meta property=\"og:type\" content=\"article\" \/>\n<meta property=\"og:title\" content=\"Bang Leader 110K Puffs 6 in1 Disposable Vape LED Display\" \/>\n<meta property=\"og:description\" content=\"LED Display Bang Leader 110k Puffs Disposable Vape with 6-in-1 flavor modes. Rechargeable battery and Type-C fast charging.\" \/>\n<meta property=\"og:url\" content=\"https:\/\/vapemaison.com\/cs\/produkt\/bang-leader-110000-puffs-6-v-1-jednorazove-vpae\/\" \/>\n<meta property=\"og:site_name\" content=\"VapeMaison\" \/>\n<meta property=\"article:modified_time\" content=\"2026-03-26T05:40:59+00:00\" \/>\n<meta property=\"og:image\" content=\"https:\/\/vapemaison.com\/wp-content\/uploads\/2025\/11\/bang-leader-110000-puffs-6-in-1-flavor-ola-tank-3-picure.jpg\" \/>\n\t<meta property=\"og:image:width\" content=\"600\" \/>\n\t<meta property=\"og:image:height\" content=\"600\" \/>\n\t<meta property=\"og:image:type\" content=\"image\/jpeg\" \/>\n<meta name=\"twitter:card\" content=\"summary_large_image\" \/>\n<meta name=\"twitter:label1\" content=\"Odhadovan\u00e1 doba \u010dten\u00ed\" \/>\n\t<meta name=\"twitter:data1\" content=\"3 minuty\" \/>\n<!-- \/ Yoast SEO plugin. -->","yoast_head_json":{"title":"Bang Leader 110K Puffs 6 in1 Jednor\u00e1zov\u00fd displej LED Vape","description":"LED displej Bang Leader 110k Puffs Vape na jedno pou\u017eit\u00ed s 6 v 1 re\u017eimy chuti. Dob\u00edjec\u00ed baterie a rychl\u00e9 nab\u00edjen\u00ed Type-C.","robots":{"index":"index","follow":"follow","max-snippet":"max-snippet:-1","max-image-preview":"max-image-preview:large","max-video-preview":"max-video-preview:-1"},"canonical":"https:\/\/vapemaison.com\/cs\/produkt\/bang-leader-110000-puffs-6-v-1-jednorazove-vpae\/","og_locale":"cs_CZ","og_type":"article","og_title":"Bang Leader 110K Puffs 6 in1 Disposable Vape LED Display","og_description":"LED Display Bang Leader 110k Puffs Disposable Vape with 6-in-1 flavor modes. Rechargeable battery and Type-C fast charging.","og_url":"https:\/\/vapemaison.com\/cs\/produkt\/bang-leader-110000-puffs-6-v-1-jednorazove-vpae\/","og_site_name":"VapeMaison","article_modified_time":"2026-03-26T05:40:59+00:00","og_image":[{"width":600,"height":600,"url":"https:\/\/vapemaison.com\/wp-content\/uploads\/2025\/11\/bang-leader-110000-puffs-6-in-1-flavor-ola-tank-3-picure.jpg","type":"image\/jpeg"}],"twitter_card":"summary_large_image","twitter_misc":{"Odhadovan\u00e1 doba \u010dten\u00ed":"3 minuty"},"schema":{"@context":"https:\/\/schema.org","@graph":[{"@type":"WebPage","@id":"https:\/\/vapemaison.com\/product\/bang-leader-110000-puffs-6-in-1-disposable-vpae\/","url":"https:\/\/vapemaison.com\/product\/bang-leader-110000-puffs-6-in-1-disposable-vpae\/","name":"Bang Leader 110K Puffs 6 in1 Jednor\u00e1zov\u00fd displej LED Vape","isPartOf":{"@id":"https:\/\/vapemaison.com\/#website"},"primaryImageOfPage":{"@id":"https:\/\/vapemaison.com\/product\/bang-leader-110000-puffs-6-in-1-disposable-vpae\/#primaryimage"},"image":{"@id":"https:\/\/vapemaison.com\/product\/bang-leader-110000-puffs-6-in-1-disposable-vpae\/#primaryimage"},"thumbnailUrl":"https:\/\/vapemaison.com\/wp-content\/uploads\/2025\/11\/bang-leader-110000-puffs-6-in-1-flavor-ola-tank-3-picure.jpg","datePublished":"2025-11-04T02:28:48+00:00","dateModified":"2026-03-26T05:40:59+00:00","description":"LED displej Bang Leader 110k Puffs Vape na jedno pou\u017eit\u00ed s 6 v 1 re\u017eimy chuti. Dob\u00edjec\u00ed baterie a rychl\u00e9 nab\u00edjen\u00ed Type-C.","breadcrumb":{"@id":"https:\/\/vapemaison.com\/product\/bang-leader-110000-puffs-6-in-1-disposable-vpae\/#breadcrumb"},"inLanguage":"cs","potentialAction":[{"@type":"ReadAction","target":["https:\/\/vapemaison.com\/product\/bang-leader-110000-puffs-6-in-1-disposable-vpae\/"]}]},{"@type":"ImageObject","inLanguage":"cs","@id":"https:\/\/vapemaison.com\/product\/bang-leader-110000-puffs-6-in-1-disposable-vpae\/#primaryimage","url":"https:\/\/vapemaison.com\/wp-content\/uploads\/2025\/11\/bang-leader-110000-puffs-6-in-1-flavor-ola-tank-3-picure.jpg","contentUrl":"https:\/\/vapemaison.com\/wp-content\/uploads\/2025\/11\/bang-leader-110000-puffs-6-in-1-flavor-ola-tank-3-picure.jpg","width":600,"height":600,"caption":"Bang Leader Puffs 6 In 1 Flavor Ola Tank 3 Picure Disposable Vape Device"},{"@type":"BreadcrumbList","@id":"https:\/\/vapemaison.com\/product\/bang-leader-110000-puffs-6-in-1-disposable-vpae\/#breadcrumb","itemListElement":[{"@type":"ListItem","position":1,"name":"\u9996\u9875","item":"https:\/\/vapemaison.com\/"},{"@type":"ListItem","position":2,"name":"Shop","item":"https:\/\/vapemaison.com\/shop\/"},{"@type":"ListItem","position":3,"name":"Bang","item":"https:\/\/vapemaison.com\/brand\/bang\/"},{"@type":"ListItem","position":4,"name":"Bang Leader 110000 Puffs 6-in-1 Disposable Vape | LED Display, Triple Mesh Coil, Rechargeable"}]},{"@type":"WebSite","@id":"https:\/\/vapemaison.com\/#website","url":"https:\/\/vapemaison.com\/","name":"VapeMaison","description":"Pr\u00e9miov\u00e1 vapingov\u00e1 za\u0159\u00edzen\u00ed a p\u0159\u00edslu\u0161enstv\u00ed","publisher":{"@id":"https:\/\/vapemaison.com\/#organization"},"potentialAction":[{"@type":"SearchAction","target":{"@type":"EntryPoint","urlTemplate":"https:\/\/vapemaison.com\/?s={search_term_string}"},"query-input":{"@type":"PropertyValueSpecification","valueRequired":true,"valueName":"search_term_string"}}],"inLanguage":"cs"},{"@type":"Organization","@id":"https:\/\/vapemaison.com\/#organization","name":"VapeMaison","url":"https:\/\/vapemaison.com\/","logo":{"@type":"ImageObject","inLanguage":"cs","@id":"https:\/\/vapemaison.com\/#\/schema\/logo\/image\/","url":"https:\/\/vapemaison.com\/wp-content\/uploads\/2026\/01\/cropped-vapemaison-logo-g-2026.webp","contentUrl":"https:\/\/vapemaison.com\/wp-content\/uploads\/2026\/01\/cropped-vapemaison-logo-g-2026.webp","width":350,"height":280,"caption":"VapeMaison"},"image":{"@id":"https:\/\/vapemaison.com\/#\/schema\/logo\/image\/"},"sameAs":["https:\/\/www.youtube.com\/@VapeMaison"]}]}},"tiered_pricing_type":"fixed","tiered_pricing_fixed_rules":{"30":"10.35","50":"9.99","100":"9.36","200":"8.88"},"tiered_pricing_product_settings":{"layout":"default","base_unit_name":{"singular":null,"plural":null},"default_variation":null},"tiered_pricing_minimum_quantity":10,"tiered_pricing_roles_data":[],"tiered_pricing_percentage_rules":[],"tiered_pricing_maximum_quantity":null,"tiered_pricing_quantity_step":"10","_links":{"self":[{"href":"https:\/\/vapemaison.com\/cs\/wp-json\/wp\/v2\/product\/9590","targetHints":{"allow":["GET"]}}],"collection":[{"href":"https:\/\/vapemaison.com\/cs\/wp-json\/wp\/v2\/product"}],"about":[{"href":"https:\/\/vapemaison.com\/cs\/wp-json\/wp\/v2\/types\/product"}],"replies":[{"embeddable":true,"href":"https:\/\/vapemaison.com\/cs\/wp-json\/wp\/v2\/comments?post=9590"}],"version-history":[{"count":1,"href":"https:\/\/vapemaison.com\/cs\/wp-json\/wp\/v2\/product\/9590\/revisions"}],"predecessor-version":[{"id":26114,"href":"https:\/\/vapemaison.com\/cs\/wp-json\/wp\/v2\/product\/9590\/revisions\/26114"}],"wp:featuredmedia":[{"embeddable":true,"href":"https:\/\/vapemaison.com\/cs\/wp-json\/wp\/v2\/media\/9597"}],"wp:attachment":[{"href":"https:\/\/vapemaison.com\/cs\/wp-json\/wp\/v2\/media?parent=9590"}],"wp:term":[{"taxonomy":"product_brand","embeddable":true,"href":"https:\/\/vapemaison.com\/cs\/wp-json\/wp\/v2\/product_brand?post=9590"},{"taxonomy":"product_cat","embeddable":true,"href":"https:\/\/vapemaison.com\/cs\/wp-json\/wp\/v2\/product_cat?post=9590"},{"taxonomy":"product_tag","embeddable":true,"href":"https:\/\/vapemaison.com\/cs\/wp-json\/wp\/v2\/product_tag?post=9590"}],"curies":[{"name":"wp","href":"https:\/\/api.w.org\/{rel}","templated":true}]}}