

{"id":9812,"date":"2025-11-04T09:14:21","date_gmt":"2025-11-04T09:14:21","guid":{"rendered":"https:\/\/vapemaison.com\/?post_type=product&#038;p=9812"},"modified":"2026-02-27T09:44:40","modified_gmt":"2026-02-27T09:44:40","slug":"12k-tornado-boruvka-bubblegum-vape","status":"publish","type":"product","link":"https:\/\/vapemaison.com\/cs\/product\/12k-tornado-blueberry-bubblegum-vape\/","title":{"rendered":"12k Tornado Blueberry Bubblegum - Fumot Vape 12000 Puffs"},"content":{"rendered":"<p>Na str\u00e1nk\u00e1ch&nbsp;<strong>12k Torn\u00e1do<\/strong>&nbsp;je jednou z nejobl\u00edben\u011bj\u0161\u00edch jednor\u00e1zov\u00fdch e-cigaret na trhu - a s p\u0159\u00edchut\u00ed&nbsp;<strong>Bor\u016fvkov\u00e1 \u017ev\u00fdka\u010dka<\/strong>&nbsp;kombinuje \u0161\u0165avnat\u00e9 bor\u016fvky s nostalgickou chut\u00ed \u017ev\u00fdka\u010dky a vytv\u00e1\u0159\u00ed tak jedine\u010dn\u00fd chu\u0165ov\u00fd z\u00e1\u017eitek. Zde se dozv\u00edte, pro\u010d je tato varianta ide\u00e1ln\u00ed pro milovn\u00edky sladk\u00fdch a ovocn\u00fdch p\u0159\u00edchut\u00ed a jak se tato varianta&nbsp;<strong>12k Torn\u00e1do<\/strong>&nbsp;p\u0159esv\u011bd\u010d\u00ed technologi\u00ed, v\u00fdkonem a flexibilitou.<\/p>\n\n\n\n<h3 class=\"wp-block-heading\"><strong>Pro\u010d si vybrat 12k Tornado Blueberry Bubblegum?<\/strong><\/h3>\n\n\n\n<p><strong>Bor\u016fvkov\u00e1 \u017ev\u00fdka\u010dka<\/strong>&nbsp;zaujme harmonickou sm\u011bs\u00ed zral\u00fdch bor\u016fvek a sladk\u00e9 \u017ev\u00fdka\u010dkov\u00e9 p\u0159\u00edchuti - chut\u00ed p\u0159ipom\u00ednaj\u00edc\u00ed vzpom\u00ednky na d\u011btstv\u00ed. Ide\u00e1ln\u00ed pro v\u0161echny milovn\u00edky ovocn\u011b-sladk\u00fdch kompozic! S&nbsp;<strong>12 000 vlak\u016f<\/strong>,&nbsp;<strong>Objem 20 ml<\/strong>&nbsp;a mo\u017enost&nbsp;<strong>0% Nikotin<\/strong>&nbsp;tuto e-cigaretu lze pou\u017e\u00edvat flexibiln\u011b - a\u0165 u\u017e jako beznikotinovou alternativu, nebo se silou nikotinu a\u017e 5% .<\/p>\n\n\n\n<h3 class=\"wp-block-heading\"><strong>Technick\u00e9 \u00fadaje modelu 12k Tornado<\/strong><\/h3>\n\n\n\n<figure class=\"wp-block-table\"><table class=\"has-fixed-layout\"><thead><tr><th><strong>Funkce<\/strong><\/th><th><strong>Hodnota<\/strong><\/th><\/tr><\/thead><tbody><tr><td>S\u00edla nikotinu<\/td><td>0%, 2%, 3%, 5%<\/td><\/tr><tr><td>Vlaky<\/td><td>12.000<\/td><\/tr><tr><td>Kapacita kapaliny<\/td><td>20 ml<\/td><\/tr><tr><td>P\u0159\u00edchu\u0165<\/td><td>Bor\u016fvkov\u00e1 \u017ev\u00fdka\u010dka<\/td><\/tr><tr><td>Baterie<\/td><td>550 mAh (dob\u00edjec\u00ed)<\/td><\/tr><tr><td>Technologie c\u00edvek<\/td><td>S\u00ed\u0165ov\u00e1 c\u00edvka 0,8\u03a9<\/td><\/tr><tr><td>Velikost kartonu<\/td><td>69,1 \u00d7 32 \u00d7 23,8 cm (18 kg)<\/td><\/tr><tr><td>Cena za kus<\/td><td><strong>11,98\u20ac<\/strong><\/td><\/tr><\/tbody><\/table><\/figure>\n\n\n\n<h3 class=\"wp-block-heading\"><strong>Bor\u016fvkov\u00fd \u017ev\u00fdka\u010dkov\u00fd test: sladk\u00e9 ovoce se setk\u00e1v\u00e1 s technologi\u00ed<\/strong><\/h3>\n\n\n\n<p>Na str\u00e1nk\u00e1ch&nbsp;<strong>12k Torn\u00e1do<\/strong>&nbsp;s Blueberry Bubblegum je p\u0159esv\u011bd\u010div\u00fd:<\/p>\n\n\n\n<p><strong>Autentick\u00e9 t\u00f3ny bor\u016fvek a \u017ev\u00fdka\u010dky<\/strong>Bez um\u011bl\u00fdch sladidel - p\u0159\u00edchu\u0165 kombinuje p\u0159\u00edrodn\u00ed ovocn\u00e9 p\u0159\u00edchut\u011b se sladk\u00fdm \u017ev\u00fdka\u010dkov\u00fdm n\u00e1dechem 69.<\/p>\n\n\n\n<p><strong>Rovnom\u011brn\u00fd v\u00fdvoj par<\/strong>D\u00edky&nbsp;<strong>C\u00edvka s oky 0,8\u03a9<\/strong>&nbsp;chu\u0165 se rozv\u00edj\u00ed konzistentn\u011b, bez p\u0159epalov\u00e1n\u00ed a ztr\u00e1ty chuti 7.<\/p>\n\n\n\n<p><strong>Dlouhov\u011bkost<\/strong>Na str\u00e1nk\u00e1ch&nbsp;<strong>Dob\u00edjec\u00ed baterie<\/strong>&nbsp;vydr\u017e\u00ed a\u017e do posledn\u00edho mno\u017estv\u00ed tekutiny - ide\u00e1ln\u00ed pro&nbsp;<strong>12 000 vlak\u016f<\/strong>&nbsp;bez kompromis\u016f 17.<\/p>\n\n\n\n<p>V r\u00e1mci&nbsp;<strong>12k Torn\u00e1do<\/strong>-s\u00e9rie, za\u0159\u00edzen\u00ed je tak\u00e9 vybaveno&nbsp;<strong>digit\u00e1ln\u00ed LED displej<\/strong>kter\u00e1 zobrazuje stav baterie a kapaliny v re\u00e1ln\u00e9m \u010dase, co\u017e je funkce obl\u00edben\u00e1 zejm\u00e9na u technicky zdatn\u00fdch u\u017eivatel\u016f 7.<\/p>\n\n\n\n<h3 class=\"wp-block-heading\"><strong>Pro\u010d je 12k Tornado tou nejlep\u0161\u00ed volbou<\/strong><\/h3>\n\n\n\n<p><strong>V\u00edce ne\u017e 20 p\u0159\u00edchut\u00ed<\/strong>: Objevte dal\u0161\u00ed zaj\u00edmavosti, jako jsou&nbsp;<strong>Broskvov\u00fd led<\/strong>&nbsp;nebo&nbsp;<strong>Jahodov\u00e9 kiwi<\/strong>&nbsp;v&nbsp;<strong><a href=\"https:\/\/vapemaison.com\/product-category\/hot-series\/randm-tornado-9000\/\" target=\"_blank\" rel=\"noreferrer noopener\">\u0158ada RandM Tornado 12000<\/a><\/strong>.<\/p>\n\n\n\n<p><strong>Bezpe\u010dnost a kvalita<\/strong>Materi\u00e1ly s certifik\u00e1tem CE a p\u0159\u00edsn\u00e1 ochrana proti p\u0159eh\u0159\u00e1t\u00ed zaru\u010duj\u00ed bezpe\u010dn\u00e9 pou\u017e\u00edv\u00e1n\u00ed.<\/p>\n\n\n\n<p><strong>Pov\u011bdom\u00ed o \u017eivotn\u00edm prost\u0159ed\u00ed<\/strong>: Dob\u00edjec\u00ed baterie sni\u017euje mno\u017estv\u00ed elektronick\u00e9ho odpadu ve srovn\u00e1n\u00ed s jednor\u00e1zov\u00fdmi modely.<\/p>\n\n\n\n<p><strong>Kompatibiln\u00ed p\u0159\u00edslu\u0161enstv\u00ed<\/strong>: Dopl\u0148te svou sestavu o d\u00edly z&nbsp;<strong><a href=\"https:\/\/vapemaison.com\/product-category\/hot-series\/randm-tornado-9000\/\" target=\"_blank\" rel=\"noreferrer noopener\">Kolekce RandM Tornado<\/a><\/strong>.<\/p>\n\n\n\n<h3 class=\"wp-block-heading\"><strong>\u010casto kladen\u00e9 ot\u00e1zky o 12k Tornado<\/strong><\/h3>\n\n\n\n<p><strong>1. je p\u0159\u00edchu\u0165 \u017ev\u00fdka\u010dky p\u0159\u00edli\u0161 sladk\u00e1?<\/strong><br>Ne, bor\u016fvkov\u00e1 kyselost vyva\u017euje sladkost a zaji\u0161\u0165uje dobrou rovnov\u00e1hu.<br><strong>2. jak dlouho vydr\u017e\u00ed baterie p\u0159i ka\u017edodenn\u00edm pou\u017e\u00edv\u00e1n\u00ed?<\/strong><br>Na str\u00e1nk\u00e1ch&nbsp;<strong>Baterie s kapacitou 550 mAh<\/strong>&nbsp;vydr\u017e\u00ed p\u0159ibli\u017en\u011b 1-2 dny - ide\u00e1ln\u00ed na cesty.<br><strong>3. \u010d\u00edm se 12k Tornado li\u0161\u00ed od ostatn\u00edch model\u016f?<\/strong><br>Nab\u00edz\u00ed v\u011bt\u0161\u00ed rozmanitost chut\u00ed, digit\u00e1ln\u00ed displej a p\u0159esnou technologii s\u00ed\u0165ov\u00e9 spir\u00e1lky.<\/p>","protected":false},"excerpt":{"rendered":"<p class=\"ds-markdown-paragraph\"><strong>12k Torn\u00e1do<\/strong> Bor\u016fvkov\u00e1 \u017ev\u00fdka\u010dka: Tropick\u00e1 broskvovo-mangov\u00e1 harmonie pro 12 000 obl\u00e1\u010dk\u016f<\/p>\n<p class=\"ds-markdown-paragraph\">RandM Tornado 12000 nastavuje s p\u0159\u00edchut\u00ed Blueberry Bubblegum nov\u00e9 standardy pro tropick\u00e9 z\u00e1\u017eitky z e-cigaret<\/p>","protected":false},"featured_media":9813,"comment_status":"open","ping_status":"closed","template":"","meta":[],"product_brand":[58],"product_cat":[154,174,294],"product_tag":[],"class_list":{"0":"post-9812","1":"product","2":"type-product","3":"status-publish","4":"has-post-thumbnail","6":"product_brand-fumot","7":"product_cat-12k-puffs","8":"product_cat-fumot-12k","9":"product_cat-no-nicotine-vape","11":"first","12":"instock","13":"sale","14":"shipping-taxable","15":"purchasable","16":"product-type-variable"},"yoast_head":"<!-- This site is optimized with the Yoast SEO plugin v27.4 - https:\/\/yoast.com\/product\/yoast-seo-wordpress\/ -->\n<title>12K Tornado Blueberry Bubblegum | Fumot Vape 12000 Puffs<\/title>\n<meta name=\"description\" content=\"Enjoy the 12K Tornado Blueberry Bubblegum Fumot Vape 12000 puffs of sweet blueberry and refreshing bubblegum flavor. Long-lasting and smooth.\" \/>\n<meta name=\"robots\" content=\"index, follow, max-snippet:-1, max-image-preview:large, max-video-preview:-1\" \/>\n<link rel=\"canonical\" href=\"https:\/\/vapemaison.com\/cs\/produkt\/12k-tornado-boruvka-bubblegum-vape\/\" \/>\n<meta property=\"og:locale\" content=\"cs_CZ\" \/>\n<meta property=\"og:type\" content=\"article\" \/>\n<meta property=\"og:title\" content=\"12K Tornado Blueberry Bubblegum | Fumot Vape 12000 Puffs\" \/>\n<meta property=\"og:description\" content=\"Enjoy the 12K Tornado Blueberry Bubblegum Fumot Vape 12000 puffs of sweet blueberry and refreshing bubblegum flavor. Long-lasting and smooth.\" \/>\n<meta property=\"og:url\" content=\"https:\/\/vapemaison.com\/cs\/produkt\/12k-tornado-boruvka-bubblegum-vape\/\" \/>\n<meta property=\"og:site_name\" content=\"VapeMaison\" \/>\n<meta property=\"article:modified_time\" content=\"2026-02-27T09:44:40+00:00\" \/>\n<meta property=\"og:image\" content=\"https:\/\/vapemaison.com\/wp-content\/uploads\/2025\/11\/12k-Tornado-Blueberry-Bubblegum.webp\" \/>\n\t<meta property=\"og:image:width\" content=\"1125\" \/>\n\t<meta property=\"og:image:height\" content=\"1125\" \/>\n\t<meta property=\"og:image:type\" content=\"image\/webp\" \/>\n<meta name=\"twitter:card\" content=\"summary_large_image\" \/>\n<meta name=\"twitter:label1\" content=\"Odhadovan\u00e1 doba \u010dten\u00ed\" \/>\n\t<meta name=\"twitter:data1\" content=\"2 minuty\" \/>\n<!-- \/ Yoast SEO plugin. -->","yoast_head_json":{"title":"12K Tornado Blueberry Bubblegum | Fumot Vape 12000 Puffs","description":"Vychutnejte si 12K Tornado Blueberry Bubblegum Fumot Vape 12000 \u0161luk\u016f sladk\u00e9 bor\u016fvkov\u00e9 a osv\u011b\u017euj\u00edc\u00ed \u017ev\u00fdka\u010dkov\u00e9 p\u0159\u00edchuti. Dlouhotrvaj\u00edc\u00ed a hladk\u00e1.","robots":{"index":"index","follow":"follow","max-snippet":"max-snippet:-1","max-image-preview":"max-image-preview:large","max-video-preview":"max-video-preview:-1"},"canonical":"https:\/\/vapemaison.com\/cs\/produkt\/12k-tornado-boruvka-bubblegum-vape\/","og_locale":"cs_CZ","og_type":"article","og_title":"12K Tornado Blueberry Bubblegum | Fumot Vape 12000 Puffs","og_description":"Enjoy the 12K Tornado Blueberry Bubblegum Fumot Vape 12000 puffs of sweet blueberry and refreshing bubblegum flavor. Long-lasting and smooth.","og_url":"https:\/\/vapemaison.com\/cs\/produkt\/12k-tornado-boruvka-bubblegum-vape\/","og_site_name":"VapeMaison","article_modified_time":"2026-02-27T09:44:40+00:00","og_image":[{"width":1125,"height":1125,"url":"https:\/\/vapemaison.com\/wp-content\/uploads\/2025\/11\/12k-Tornado-Blueberry-Bubblegum.webp","type":"image\/webp"}],"twitter_card":"summary_large_image","twitter_misc":{"Odhadovan\u00e1 doba \u010dten\u00ed":"2 minuty"},"schema":{"@context":"https:\/\/schema.org","@graph":[{"@type":"WebPage","@id":"https:\/\/vapemaison.com\/product\/12k-tornado-blueberry-bubblegum-vape\/","url":"https:\/\/vapemaison.com\/product\/12k-tornado-blueberry-bubblegum-vape\/","name":"12K Tornado Blueberry Bubblegum | Fumot Vape 12000 Puffs","isPartOf":{"@id":"https:\/\/vapemaison.com\/#website"},"primaryImageOfPage":{"@id":"https:\/\/vapemaison.com\/product\/12k-tornado-blueberry-bubblegum-vape\/#primaryimage"},"image":{"@id":"https:\/\/vapemaison.com\/product\/12k-tornado-blueberry-bubblegum-vape\/#primaryimage"},"thumbnailUrl":"https:\/\/vapemaison.com\/wp-content\/uploads\/2025\/11\/12k-Tornado-Blueberry-Bubblegum.webp","datePublished":"2025-11-04T09:14:21+00:00","dateModified":"2026-02-27T09:44:40+00:00","description":"Vychutnejte si 12K Tornado Blueberry Bubblegum Fumot Vape 12000 \u0161luk\u016f sladk\u00e9 bor\u016fvkov\u00e9 a osv\u011b\u017euj\u00edc\u00ed \u017ev\u00fdka\u010dkov\u00e9 p\u0159\u00edchuti. Dlouhotrvaj\u00edc\u00ed a hladk\u00e1.","breadcrumb":{"@id":"https:\/\/vapemaison.com\/product\/12k-tornado-blueberry-bubblegum-vape\/#breadcrumb"},"inLanguage":"cs","potentialAction":[{"@type":"ReadAction","target":["https:\/\/vapemaison.com\/product\/12k-tornado-blueberry-bubblegum-vape\/"]}]},{"@type":"ImageObject","inLanguage":"cs","@id":"https:\/\/vapemaison.com\/product\/12k-tornado-blueberry-bubblegum-vape\/#primaryimage","url":"https:\/\/vapemaison.com\/wp-content\/uploads\/2025\/11\/12k-Tornado-Blueberry-Bubblegum.webp","contentUrl":"https:\/\/vapemaison.com\/wp-content\/uploads\/2025\/11\/12k-Tornado-Blueberry-Bubblegum.webp","width":1125,"height":1125,"caption":"12k Tornado Blueberry Bubblegum Disposable Vape Device"},{"@type":"BreadcrumbList","@id":"https:\/\/vapemaison.com\/product\/12k-tornado-blueberry-bubblegum-vape\/#breadcrumb","itemListElement":[{"@type":"ListItem","position":1,"name":"\u9996\u9875","item":"https:\/\/vapemaison.com\/"},{"@type":"ListItem","position":2,"name":"Shop","item":"https:\/\/vapemaison.com\/shop\/"},{"@type":"ListItem","position":3,"name":"Fumot","item":"https:\/\/vapemaison.com\/brand\/fumot\/"},{"@type":"ListItem","position":4,"name":"12k Tornado Blueberry Bubblegum &#8211; Fumot Vape 12000 Puffs"}]},{"@type":"WebSite","@id":"https:\/\/vapemaison.com\/#website","url":"https:\/\/vapemaison.com\/","name":"VapeMaison","description":"Pr\u00e9miov\u00e1 vapingov\u00e1 za\u0159\u00edzen\u00ed a p\u0159\u00edslu\u0161enstv\u00ed","publisher":{"@id":"https:\/\/vapemaison.com\/#organization"},"potentialAction":[{"@type":"SearchAction","target":{"@type":"EntryPoint","urlTemplate":"https:\/\/vapemaison.com\/?s={search_term_string}"},"query-input":{"@type":"PropertyValueSpecification","valueRequired":true,"valueName":"search_term_string"}}],"inLanguage":"cs"},{"@type":"Organization","@id":"https:\/\/vapemaison.com\/#organization","name":"VapeMaison","url":"https:\/\/vapemaison.com\/","logo":{"@type":"ImageObject","inLanguage":"cs","@id":"https:\/\/vapemaison.com\/#\/schema\/logo\/image\/","url":"https:\/\/vapemaison.com\/wp-content\/uploads\/2026\/01\/cropped-vapemaison-logo-g-2026.webp","contentUrl":"https:\/\/vapemaison.com\/wp-content\/uploads\/2026\/01\/cropped-vapemaison-logo-g-2026.webp","width":350,"height":280,"caption":"VapeMaison"},"image":{"@id":"https:\/\/vapemaison.com\/#\/schema\/logo\/image\/"},"sameAs":["https:\/\/www.youtube.com\/@VapeMaison"]}]}},"tiered_pricing_type":"fixed","tiered_pricing_fixed_rules":{"30":"12.56","50":"10.78","100":"8.55","200":"7.98"},"tiered_pricing_product_settings":{"layout":"default","base_unit_name":{"singular":null,"plural":null},"default_variation":null},"tiered_pricing_minimum_quantity":10,"tiered_pricing_roles_data":[],"tiered_pricing_percentage_rules":[],"tiered_pricing_maximum_quantity":null,"tiered_pricing_quantity_step":"10","_links":{"self":[{"href":"https:\/\/vapemaison.com\/cs\/wp-json\/wp\/v2\/product\/9812","targetHints":{"allow":["GET"]}}],"collection":[{"href":"https:\/\/vapemaison.com\/cs\/wp-json\/wp\/v2\/product"}],"about":[{"href":"https:\/\/vapemaison.com\/cs\/wp-json\/wp\/v2\/types\/product"}],"replies":[{"embeddable":true,"href":"https:\/\/vapemaison.com\/cs\/wp-json\/wp\/v2\/comments?post=9812"}],"version-history":[{"count":1,"href":"https:\/\/vapemaison.com\/cs\/wp-json\/wp\/v2\/product\/9812\/revisions"}],"predecessor-version":[{"id":26648,"href":"https:\/\/vapemaison.com\/cs\/wp-json\/wp\/v2\/product\/9812\/revisions\/26648"}],"wp:featuredmedia":[{"embeddable":true,"href":"https:\/\/vapemaison.com\/cs\/wp-json\/wp\/v2\/media\/9813"}],"wp:attachment":[{"href":"https:\/\/vapemaison.com\/cs\/wp-json\/wp\/v2\/media?parent=9812"}],"wp:term":[{"taxonomy":"product_brand","embeddable":true,"href":"https:\/\/vapemaison.com\/cs\/wp-json\/wp\/v2\/product_brand?post=9812"},{"taxonomy":"product_cat","embeddable":true,"href":"https:\/\/vapemaison.com\/cs\/wp-json\/wp\/v2\/product_cat?post=9812"},{"taxonomy":"product_tag","embeddable":true,"href":"https:\/\/vapemaison.com\/cs\/wp-json\/wp\/v2\/product_tag?post=9812"}],"curies":[{"name":"wp","href":"https:\/\/api.w.org\/{rel}","templated":true}]}}