

{"id":3,"date":"2025-10-13T08:13:32","date_gmt":"2025-10-13T08:13:32","guid":{"rendered":"https:\/\/vapemaison.com\/?page_id=3"},"modified":"2026-01-19T05:58:38","modified_gmt":"2026-01-19T05:58:38","slug":"datenschutzbestimmungen","status":"publish","type":"page","link":"https:\/\/vapemaison.com\/de\/privacy-policy\/","title":{"rendered":"Datenschutzbestimmungen"},"content":{"rendered":"<div data-elementor-type=\"wp-page\" data-elementor-id=\"3\" class=\"elementor elementor-3\">\n\t\t\t\t<div class=\"elementor-element elementor-element-65908c49 e-flex e-con-boxed e-con e-parent\" data-id=\"65908c49\" data-element_type=\"container\" data-e-type=\"container\">\n\t\t\t\t\t<div class=\"e-con-inner\">\n\t\t\t\t<div class=\"elementor-element elementor-element-2055602b elementor-widget elementor-widget-text-editor\" data-id=\"2055602b\" data-element_type=\"widget\" data-e-type=\"widget\" data-widget_type=\"text-editor.default\">\n\t\t\t\t\t\t\t\t\t<p data-start=\"316\" data-end=\"358\"><strong data-start=\"316\" data-end=\"358\">Zuletzt aktualisiert: 2026-01-19<\/strong><\/p><p data-start=\"360\" data-end=\"704\">VapeMaison (im Folgenden als \u201cwir\u201d, \u201cunser\u201d oder \u201cVapeMaison\u201d bezeichnet) verpflichtet sich, Ihre pers\u00f6nlichen Daten zu sch\u00fctzen und Ihre Privatsph\u00e4re zu respektieren. Diese Datenschutzrichtlinie (die \u201cRichtlinie\u201d) erkl\u00e4rt, wie wir Ihre pers\u00f6nlichen Daten sammeln, verwenden, speichern und sch\u00fctzen, wenn Sie unsere Website besuchen oder nutzen <strong data-start=\"644\" data-end=\"666\"><a class=\"decorated-link\" href=\"http:\/\/www.vapemaison.com\" target=\"_new\" rel=\"noopener\" data-start=\"646\" data-end=\"664\">www.vapemaison.com<\/a><\/strong> (die \u201cWebsite\u201d) und die damit verbundenen Dienste.<\/p><p data-start=\"706\" data-end=\"850\">Diese Richtlinie gilt f\u00fcr alle pers\u00f6nlichen Informationen, die \u00fcber die Website, die Kommunikation mit uns und die auf VapeMaison durchgef\u00fchrten Transaktionen gesammelt werden.<\/p><h2 data-start=\"857\" data-end=\"885\">1. Informationen, die wir sammeln<\/h2><p data-start=\"887\" data-end=\"963\">Wir k\u00f6nnen die folgenden Kategorien personenbezogener Daten erfassen und verarbeiten:<\/p><h3 data-start=\"965\" data-end=\"1005\">1.1 Von Ihnen bereitgestellte pers\u00f6nliche Informationen<\/h3><ul data-start=\"1006\" data-end=\"1115\"><li data-start=\"1006\" data-end=\"1014\"><p data-start=\"1008\" data-end=\"1014\">Name<\/p><\/li><li data-start=\"1015\" data-end=\"1032\"><p data-start=\"1017\" data-end=\"1032\">E-Mail Adresse<\/p><\/li><li data-start=\"1033\" data-end=\"1049\"><p data-start=\"1035\" data-end=\"1049\">Rufnummer<\/p><\/li><li data-start=\"1050\" data-end=\"1082\"><p data-start=\"1052\" data-end=\"1082\">Rechnungs- und Lieferadresse<\/p><\/li><li data-start=\"1083\" data-end=\"1115\"><p data-start=\"1085\" data-end=\"1115\">Angaben zur Kontoregistrierung<\/p><\/li><\/ul><h3 data-start=\"1117\" data-end=\"1158\">1.2 Bestell- und Transaktionsinformationen<\/h3><ul data-start=\"1159\" data-end=\"1287\"><li data-start=\"1159\" data-end=\"1181\"><p data-start=\"1161\" data-end=\"1181\">Gekaufte Produkte<\/p><\/li><li data-start=\"1182\" data-end=\"1199\"><p data-start=\"1184\" data-end=\"1199\">Geschichte der Bestellung<\/p><\/li><li data-start=\"1200\" data-end=\"1241\"><p data-start=\"1202\" data-end=\"1241\">Versanddetails und Lieferadresse<\/p><\/li><li data-start=\"1242\" data-end=\"1287\"><p data-start=\"1244\" data-end=\"1287\">Zahlungsstatus und Transaktionsreferenzen<\/p><\/li><\/ul><blockquote data-start=\"1289\" data-end=\"1451\"><p data-start=\"1291\" data-end=\"1451\"><strong data-start=\"1291\" data-end=\"1305\">Das ist wichtig:<\/strong> Wir tun <strong data-start=\"1312\" data-end=\"1319\">nicht<\/strong> vollst\u00e4ndige Zahlungskartennummern oder sensible Zahlungsdaten zu speichern. Die Zahlungen werden sicher von Drittanbietern verarbeitet.<\/p><\/blockquote><h3 data-start=\"1453\" data-end=\"1501\">1.3 Authentifizierung und technische Informationen<\/h3><ul data-start=\"1502\" data-end=\"1598\"><li data-start=\"1502\" data-end=\"1516\"><p data-start=\"1504\" data-end=\"1516\">IP-Adresse<\/p><\/li><li data-start=\"1517\" data-end=\"1558\"><p data-start=\"1519\" data-end=\"1558\">Anmeldedaten f\u00fcr das Konto (verschl\u00fcsselt)<\/p><\/li><li data-start=\"1559\" data-end=\"1598\"><p data-start=\"1561\" data-end=\"1598\">Ger\u00e4tetyp und Browserinformationen<\/p><\/li><\/ul><h3 data-start=\"1600\" data-end=\"1643\">1.4 Automatisch gesammelte Informationen<\/h3><ul data-start=\"1644\" data-end=\"1761\"><li data-start=\"1644\" data-end=\"1683\"><p data-start=\"1646\" data-end=\"1683\">Besuchte Seiten und Browsing-Verhalten<\/p><\/li><li data-start=\"1684\" data-end=\"1719\"><p data-start=\"1686\" data-end=\"1719\">Zugriffszeiten und verweisende URLs<\/p><\/li><li data-start=\"1720\" data-end=\"1761\"><p data-start=\"1722\" data-end=\"1761\">Betriebssystem und Browsersprache<\/p><\/li><\/ul><h2 data-start=\"1768\" data-end=\"1800\">2. Wie wir Informationen sammeln<\/h2><p data-start=\"1802\" data-end=\"1864\">Wir erheben personenbezogene Daten mit den folgenden Methoden:<\/p><ul data-start=\"1866\" data-end=\"2267\"><li data-start=\"1866\" data-end=\"2010\"><p data-start=\"1868\" data-end=\"2010\"><strong data-start=\"1868\" data-end=\"1892\">Direkte Interaktionen:<\/strong> Wenn Sie ein Konto anlegen, eine Bestellung aufgeben, den Kundendienst kontaktieren, Mitteilungen abonnieren oder Formulare ausf\u00fcllen.<\/p><\/li><li data-start=\"2011\" data-end=\"2132\"><p data-start=\"2013\" data-end=\"2132\"><strong data-start=\"2013\" data-end=\"2040\">Automatisierte Technologien:<\/strong> Durch Cookies, Serverprotokolle, Pixel und \u00e4hnliche Technologien, wenn Sie die Website besuchen.<\/p><\/li><li data-start=\"2133\" data-end=\"2267\"><p data-start=\"2135\" data-end=\"2267\"><strong data-start=\"2135\" data-end=\"2153\">Dritte Parteien:<\/strong> Von Zahlungsabwicklern, Logistikpartnern oder Social-Media-Plattformen, wenn Sie mit unseren Inhalten oder Anzeigen interagieren.<\/p><\/li><\/ul><h2 data-start=\"2274\" data-end=\"2307\">3. Wie wir Ihre Informationen verwenden<\/h2><p data-start=\"2309\" data-end=\"2386\">Wir verwenden Ihre pers\u00f6nlichen Daten f\u00fcr legitime Gesch\u00e4ftszwecke, einschlie\u00dflich:<\/p><ul data-start=\"2388\" data-end=\"2853\"><li data-start=\"2388\" data-end=\"2489\"><p data-start=\"2390\" data-end=\"2489\">Bearbeitung und Ausf\u00fchrung Ihrer Bestellungen (einschlie\u00dflich der \u00dcberpr\u00fcfung von Lieferadressen und Lieferdetails)<\/p><\/li><li data-start=\"2490\" data-end=\"2546\"><p data-start=\"2492\" data-end=\"2546\">Erbringung von Kundendienstleistungen und Beantwortung von Anfragen<\/p><\/li><li data-start=\"2547\" data-end=\"2589\"><p data-start=\"2549\" data-end=\"2589\">Verwaltung von Konten und \u00dcberpr\u00fcfung der Identit\u00e4t<\/p><\/li><li data-start=\"2590\" data-end=\"2661\"><p data-start=\"2592\" data-end=\"2661\">Verbesserung der Leistung der Website, der Benutzerfreundlichkeit und des Produktangebots<\/p><\/li><li data-start=\"2662\" data-end=\"2758\"><p data-start=\"2664\" data-end=\"2758\">Versand von auftragsbezogenen Benachrichtigungen, Aktualisierungen und Werbemitteilungen (sofern zul\u00e4ssig)<\/p><\/li><li data-start=\"2759\" data-end=\"2803\"><p data-start=\"2761\" data-end=\"2803\">Aufdeckung von Betrug, Missbrauch oder Sicherheitsproblemen<\/p><\/li><li data-start=\"2804\" data-end=\"2853\"><p data-start=\"2806\" data-end=\"2853\">Einhaltung rechtlicher und regulatorischer Verpflichtungen<\/p><\/li><\/ul><h2 data-start=\"2860\" data-end=\"2899\">4. Cookies und Tracking-Technologien<\/h2><p data-start=\"2901\" data-end=\"3016\">Wir verwenden Cookies und \u00e4hnliche Technologien, um Ihr Surferlebnis zu verbessern und zu verstehen, wie unsere Website genutzt wird.<\/p><h3 data-start=\"3018\" data-end=\"3049\">4.1 Arten von Cookies, die wir verwenden<\/h3><ul data-start=\"3050\" data-end=\"3436\"><li data-start=\"3050\" data-end=\"3151\"><p data-start=\"3052\" data-end=\"3151\"><strong data-start=\"3052\" data-end=\"3074\">Wesentliche Cookies:<\/strong> Erforderlich f\u00fcr Kernfunktionen der Website, wie z. B. Kontoanmeldung und Kaufabwicklung.<\/p><\/li><li data-start=\"3152\" data-end=\"3259\"><p data-start=\"3154\" data-end=\"3259\"><strong data-start=\"3154\" data-end=\"3190\">Leistungs- und Analyse-Cookies:<\/strong> Sie helfen uns, Verkehrsmuster zu verstehen und die Leistung der Website zu verbessern.<\/p><\/li><li data-start=\"3260\" data-end=\"3334\"><p data-start=\"3262\" data-end=\"3334\"><strong data-start=\"3262\" data-end=\"3285\">Funktionale Cookies:<\/strong> Denken Sie an Vorlieben wie Sprache oder Region.<\/p><\/li><li data-start=\"3335\" data-end=\"3436\"><p data-start=\"3337\" data-end=\"3436\"><strong data-start=\"3337\" data-end=\"3359\">Marketing-Cookies:<\/strong> Wird verwendet, um relevante Werbung anzuzeigen und die Wirksamkeit des Marketings zu messen.<\/p><\/li><\/ul><h3 data-start=\"3438\" data-end=\"3462\">4.2 Verwaltung von Cookies<\/h3><p data-start=\"3463\" data-end=\"3615\">Sie k\u00f6nnen Cookies \u00fcber Ihre Browsereinstellungen verwalten oder deaktivieren. Bitte beachten Sie, dass die Deaktivierung bestimmter Cookies die Funktionalit\u00e4t der Website beeintr\u00e4chtigen kann.<\/p><h2 data-start=\"3622\" data-end=\"3665\">5. Offenlegung und Weitergabe von Informationen<\/h2><p data-start=\"3667\" data-end=\"3774\">Wir tun <strong data-start=\"3673\" data-end=\"3680\">nicht<\/strong> Ihre pers\u00f6nlichen Informationen zu verkaufen. Wir d\u00fcrfen Informationen nur unter den folgenden Umst\u00e4nden weitergeben:<\/p><ul data-start=\"3776\" data-end=\"4223\"><li data-start=\"3776\" data-end=\"3945\"><p data-start=\"3778\" data-end=\"3945\"><strong data-start=\"3778\" data-end=\"3800\">Anbieter von Dienstleistungen:<\/strong> Zahlungsabwickler, Versandunternehmen, IT-Dienstleister, E-Mail-Plattformen und Analysedienste, ausschlie\u00dflich zur Erbringung von Dienstleistungen in unserem Auftrag.<\/p><\/li><li data-start=\"3946\" data-end=\"4056\"><p data-start=\"3948\" data-end=\"4056\"><strong data-start=\"3948\" data-end=\"3971\">Rechtliche Anforderungen:<\/strong> Wenn dies zur Einhaltung von Gesetzen, Vorschriften, Rechtsverfahren oder rechtm\u00e4\u00dfigen Anfragen erforderlich ist.<\/p><\/li><li data-start=\"4057\" data-end=\"4223\"><p data-start=\"4059\" data-end=\"4223\"><strong data-start=\"4059\" data-end=\"4085\">Gesch\u00e4ftsvorg\u00e4nge:<\/strong> Im Falle einer Fusion, eines Erwerbs, einer Umstrukturierung oder eines Verkaufs von Verm\u00f6genswerten k\u00f6nnen personenbezogene Daten als Teil des Gesch\u00e4fts \u00fcbertragen werden.<\/p><\/li><\/ul><p data-start=\"4225\" data-end=\"4346\">Alle Dritten sind verpflichtet, Ihre Daten in \u00dcbereinstimmung mit den geltenden Datenschutz- und Sicherheitsvorschriften zu behandeln.<\/p><h2 data-start=\"4353\" data-end=\"4372\">6. Datensicherheit<\/h2><p data-start=\"4374\" data-end=\"4547\">Wir setzen wirtschaftlich angemessene technische und organisatorische Ma\u00dfnahmen zum Schutz Ihrer pers\u00f6nlichen Daten ein, einschlie\u00dflich Verschl\u00fcsselung, Zugangskontrollen und sichere Server.<\/p><p data-start=\"4549\" data-end=\"4716\">Keine Methode der Daten\u00fcbertragung oder -speicherung ist jedoch 100% sicher. Obwohl wir uns bem\u00fchen, Ihre Daten zu sch\u00fctzen, erkennen Sie an, dass Sie Informationen auf eigenes Risiko bereitstellen.<\/p><h2 data-start=\"4723\" data-end=\"4778\">7. Verwendung von Telefonnummern und Marketingkommunikation<\/h2><p data-start=\"4780\" data-end=\"4929\">Wenn Sie sich f\u00fcr den Erhalt von Mitteilungen von VapeMaison entscheiden, k\u00f6nnen wir Ihnen Transaktions-, Werbe- oder Marketingnachrichten per E-Mail oder SMS schicken.<\/p><p data-start=\"4931\" data-end=\"5051\">Sie k\u00f6nnen sich jederzeit abmelden, indem Sie die in der Nachricht enthaltenen Anweisungen zur Abmeldung befolgen oder sich direkt an uns wenden.<\/p><h2 data-start=\"5058\" data-end=\"5078\">8. Vorratsdatenspeicherung<\/h2><p data-start=\"5080\" data-end=\"5144\">Wir bewahren personenbezogene Daten nur so lange auf, wie es notwendig ist, um:<\/p><ul data-start=\"5146\" data-end=\"5278\"><li data-start=\"5146\" data-end=\"5185\"><p data-start=\"5148\" data-end=\"5185\">Erledigung von Auftr\u00e4gen und Erbringung von Dienstleistungen<\/p><\/li><li data-start=\"5186\" data-end=\"5234\"><p data-start=\"5188\" data-end=\"5234\">Erf\u00fcllung rechtlicher, steuerlicher und buchhalterischer Anforderungen<\/p><\/li><li data-start=\"5235\" data-end=\"5278\"><p data-start=\"5237\" data-end=\"5278\">Beilegung von Streitigkeiten und Durchsetzung von Vereinbarungen<\/p><\/li><\/ul><p data-start=\"5280\" data-end=\"5371\">Wenn personenbezogene Daten nicht mehr ben\u00f6tigt werden, werden sie auf sichere Weise gel\u00f6scht oder anonymisiert.<\/p><h2 data-start=\"5378\" data-end=\"5403\">9. Ihre Datenschutzrechte<\/h2><p data-start=\"5405\" data-end=\"5463\">Je nach Gerichtsbarkeit haben Sie m\u00f6glicherweise das Recht darauf:<\/p><ul data-start=\"5465\" data-end=\"5797\"><li data-start=\"5465\" data-end=\"5501\"><p data-start=\"5467\" data-end=\"5501\">Zugang zu Ihren pers\u00f6nlichen Informationen<\/p><\/li><li data-start=\"5502\" data-end=\"5557\"><p data-start=\"5504\" data-end=\"5557\">Beantragung der Berichtigung von ungenauen oder unvollst\u00e4ndigen Daten<\/p><\/li><li data-start=\"5558\" data-end=\"5638\"><p data-start=\"5560\" data-end=\"5638\">die L\u00f6schung Ihrer personenbezogenen Daten zu verlangen (vorbehaltlich rechtlicher Einschr\u00e4nkungen)<\/p><\/li><li data-start=\"5639\" data-end=\"5694\"><p data-start=\"5641\" data-end=\"5694\">Widerspruch gegen bestimmte Verarbeitungen oder deren Einschr\u00e4nkung<\/p><\/li><li data-start=\"5695\" data-end=\"5744\"><p data-start=\"5697\" data-end=\"5744\">Zustimmung zu Marketingmitteilungen widerrufen<\/p><\/li><li data-start=\"5745\" data-end=\"5797\"><p data-start=\"5747\" data-end=\"5797\">Anfordern einer Kopie Ihrer Daten in einem portablen Format<\/p><\/li><\/ul><p data-start=\"5799\" data-end=\"5866\">Wenn Sie Ihre Rechte wahrnehmen m\u00f6chten, kontaktieren Sie uns bitte unter den unten angegebenen Kontaktdaten.<\/p><h2 data-start=\"5873\" data-end=\"5898\">10. Privatsph\u00e4re der Kinder<\/h2><p data-start=\"5900\" data-end=\"6098\">Unsere Website und Dienstleistungen sind nicht f\u00fcr Personen unter 16 Jahren bestimmt. Wir sammeln nicht wissentlich pers\u00f6nliche Daten von Kindern. Wenn solche Daten identifiziert werden, werden wir sie umgehend l\u00f6schen.<\/p><h2 data-start=\"6105\" data-end=\"6140\">11. Internationale Daten\u00fcbermittlung<\/h2><p data-start=\"6142\" data-end=\"6381\">Ihre personenbezogenen Daten k\u00f6nnen in andere L\u00e4nder als Ihr Heimatland \u00fcbertragen und dort verarbeitet werden. Wir unternehmen angemessene Schritte, um sicherzustellen, dass solche \u00dcbertragungen mit den geltenden Datenschutzgesetzen \u00fcbereinstimmen und dass Ihre Daten gesch\u00fctzt bleiben.<\/p><h2 data-start=\"6388\" data-end=\"6425\">12. Aktualisierungen dieser Datenschutzrichtlinie<\/h2><p data-start=\"6427\" data-end=\"6634\">Wir k\u00f6nnen diese Datenschutzrichtlinie regelm\u00e4\u00dfig aktualisieren. \u00c4nderungen werden auf dieser Seite mit einem aktualisierten \u201cLast Updated\u201d-Datum ver\u00f6ffentlicht. Die fortgesetzte Nutzung der Website nach \u00c4nderungen bedeutet die Annahme der \u00fcberarbeiteten Richtlinie.<\/p><h2 data-start=\"6641\" data-end=\"6658\">13. Kontakt<\/h2><p data-start=\"6660\" data-end=\"6774\">Wenn Sie Fragen zu dieser Datenschutzrichtlinie oder zum Umgang mit Ihren pers\u00f6nlichen Daten haben, wenden Sie sich bitte an uns:<\/p><p data-start=\"6776\" data-end=\"6858\"><strong data-start=\"6776\" data-end=\"6790\">VapeMaison<\/strong><br data-start=\"6790\" data-end=\"6793\" \/>E-Mail: <strong data-start=\"6800\" data-end=\"6826\"><a class=\"decorated-link cursor-pointer\" rel=\"noopener\" data-start=\"6802\" data-end=\"6824\">support@vapemaison.com<\/a><\/strong><br data-start=\"6826\" data-end=\"6829\" \/>WhatsApp: <strong data-start=\"6839\" data-end=\"6858\">+86 17602190264<\/strong><\/p>\t\t\t\t\t\t\t\t<\/div>\n\t\t\t\t\t<\/div>\n\t\t\t\t<\/div>\n\t\t\t\t<\/div>","protected":false},"excerpt":{"rendered":"<p>Last Updated: 2026-01-19 VapeMaison (referred to as \u201cwe\u201d, \u201cour\u201d, or \u201cVapeMaison\u201d) is committed to protecting your personal information and respecting your privacy. This Privacy Policy (the \u201cPolicy\u201d) explains how we collect, use, store, and protect your personal information when you access or use our website www.vapemaison.com (the \u201cWebsite\u201d) and related services. This Policy applies to [&hellip;]<\/p>\n","protected":false},"author":1,"featured_media":0,"parent":0,"menu_order":0,"comment_status":"closed","ping_status":"closed","template":"","meta":{"footnotes":""},"class_list":["post-3","page","type-page","status-publish","hentry"],"yoast_head":"<!-- This site is optimized with the Yoast SEO plugin v27.4 - https:\/\/yoast.com\/product\/yoast-seo-wordpress\/ -->\n<title>Privacy Policy - VapeMaison<\/title>\n<meta name=\"description\" content=\"Read Vapemaison&#039;s Privacy Policy to understand how we collect, use, and protect your personal information. Your privacy is important to us, and we are committed to safeguarding your data.\" \/>\n<meta name=\"robots\" content=\"index, follow, max-snippet:-1, max-image-preview:large, max-video-preview:-1\" \/>\n<link rel=\"canonical\" href=\"https:\/\/vapemaison.com\/de\/datenschutzbestimmungen\/\" \/>\n<meta property=\"og:locale\" content=\"de_DE\" \/>\n<meta property=\"og:type\" content=\"article\" \/>\n<meta property=\"og:title\" content=\"Privacy Policy - VapeMaison\" \/>\n<meta property=\"og:description\" content=\"Read Vapemaison&#039;s Privacy Policy to understand how we collect, use, and protect your personal information. Your privacy is important to us, and we are committed to safeguarding your data.\" \/>\n<meta property=\"og:url\" content=\"https:\/\/vapemaison.com\/de\/datenschutzbestimmungen\/\" \/>\n<meta property=\"og:site_name\" content=\"VapeMaison\" \/>\n<meta property=\"article:modified_time\" content=\"2026-01-19T05:58:38+00:00\" \/>\n<meta name=\"twitter:card\" content=\"summary_large_image\" \/>\n<meta name=\"twitter:label1\" content=\"Gesch\u00e4tzte Lesezeit\" \/>\n\t<meta name=\"twitter:data1\" content=\"4\u00a0Minuten\" \/>\n<!-- \/ Yoast SEO plugin. -->","yoast_head_json":{"title":"Datenschutzerkl\u00e4rung - VapeMaison","description":"Lesen Sie die Datenschutzbestimmungen von Vapemaison, um zu verstehen, wie wir Ihre pers\u00f6nlichen Daten sammeln, verwenden und sch\u00fctzen. Ihre Privatsph\u00e4re ist uns wichtig, und wir verpflichten uns, Ihre Daten zu sch\u00fctzen.","robots":{"index":"index","follow":"follow","max-snippet":"max-snippet:-1","max-image-preview":"max-image-preview:large","max-video-preview":"max-video-preview:-1"},"canonical":"https:\/\/vapemaison.com\/de\/datenschutzbestimmungen\/","og_locale":"de_DE","og_type":"article","og_title":"Privacy Policy - VapeMaison","og_description":"Read Vapemaison's Privacy Policy to understand how we collect, use, and protect your personal information. Your privacy is important to us, and we are committed to safeguarding your data.","og_url":"https:\/\/vapemaison.com\/de\/datenschutzbestimmungen\/","og_site_name":"VapeMaison","article_modified_time":"2026-01-19T05:58:38+00:00","twitter_card":"summary_large_image","twitter_misc":{"Gesch\u00e4tzte Lesezeit":"4\u00a0Minuten"},"schema":{"@context":"https:\/\/schema.org","@graph":[{"@type":"WebPage","@id":"https:\/\/vapemaison.com\/privacy-policy\/","url":"https:\/\/vapemaison.com\/privacy-policy\/","name":"Datenschutzerkl\u00e4rung - VapeMaison","isPartOf":{"@id":"https:\/\/vapemaison.com\/#website"},"datePublished":"2025-10-13T08:13:32+00:00","dateModified":"2026-01-19T05:58:38+00:00","description":"Lesen Sie die Datenschutzbestimmungen von Vapemaison, um zu verstehen, wie wir Ihre pers\u00f6nlichen Daten sammeln, verwenden und sch\u00fctzen. Ihre Privatsph\u00e4re ist uns wichtig, und wir verpflichten uns, Ihre Daten zu sch\u00fctzen.","breadcrumb":{"@id":"https:\/\/vapemaison.com\/privacy-policy\/#breadcrumb"},"inLanguage":"de","potentialAction":[{"@type":"ReadAction","target":["https:\/\/vapemaison.com\/privacy-policy\/"]}]},{"@type":"BreadcrumbList","@id":"https:\/\/vapemaison.com\/privacy-policy\/#breadcrumb","itemListElement":[{"@type":"ListItem","position":1,"name":"\u9996\u9875","item":"https:\/\/vapemaison.com\/"},{"@type":"ListItem","position":2,"name":"Privacy Policy"}]},{"@type":"WebSite","@id":"https:\/\/vapemaison.com\/#website","url":"https:\/\/vapemaison.com\/","name":"VapeMaison","description":"Premium Vaping-Ger\u00e4te und Zubeh\u00f6r","publisher":{"@id":"https:\/\/vapemaison.com\/#organization"},"potentialAction":[{"@type":"SearchAction","target":{"@type":"EntryPoint","urlTemplate":"https:\/\/vapemaison.com\/?s={search_term_string}"},"query-input":{"@type":"PropertyValueSpecification","valueRequired":true,"valueName":"search_term_string"}}],"inLanguage":"de"},{"@type":"Organization","@id":"https:\/\/vapemaison.com\/#organization","name":"VapeMaison","url":"https:\/\/vapemaison.com\/","logo":{"@type":"ImageObject","inLanguage":"de","@id":"https:\/\/vapemaison.com\/#\/schema\/logo\/image\/","url":"https:\/\/vapemaison.com\/wp-content\/uploads\/2026\/01\/cropped-vapemaison-logo-g-2026.webp","contentUrl":"https:\/\/vapemaison.com\/wp-content\/uploads\/2026\/01\/cropped-vapemaison-logo-g-2026.webp","width":350,"height":280,"caption":"VapeMaison"},"image":{"@id":"https:\/\/vapemaison.com\/#\/schema\/logo\/image\/"},"sameAs":["https:\/\/www.youtube.com\/@VapeMaison"]}]}},"_links":{"self":[{"href":"https:\/\/vapemaison.com\/de\/wp-json\/wp\/v2\/pages\/3","targetHints":{"allow":["GET"]}}],"collection":[{"href":"https:\/\/vapemaison.com\/de\/wp-json\/wp\/v2\/pages"}],"about":[{"href":"https:\/\/vapemaison.com\/de\/wp-json\/wp\/v2\/types\/page"}],"author":[{"embeddable":true,"href":"https:\/\/vapemaison.com\/de\/wp-json\/wp\/v2\/users\/1"}],"replies":[{"embeddable":true,"href":"https:\/\/vapemaison.com\/de\/wp-json\/wp\/v2\/comments?post=3"}],"version-history":[{"count":3,"href":"https:\/\/vapemaison.com\/de\/wp-json\/wp\/v2\/pages\/3\/revisions"}],"predecessor-version":[{"id":26103,"href":"https:\/\/vapemaison.com\/de\/wp-json\/wp\/v2\/pages\/3\/revisions\/26103"}],"wp:attachment":[{"href":"https:\/\/vapemaison.com\/de\/wp-json\/wp\/v2\/media?parent=3"}],"curies":[{"name":"wp","href":"https:\/\/api.w.org\/{rel}","templated":true}]}}