

{"id":7263,"date":"2025-10-16T02:18:27","date_gmt":"2025-10-16T02:18:27","guid":{"rendered":"https:\/\/vapemaison.com\/?page_id=7263"},"modified":"2025-10-20T10:17:19","modified_gmt":"2025-10-20T10:17:19","slug":"faq","status":"publish","type":"page","link":"https:\/\/vapemaison.com\/de\/faq\/","title":{"rendered":"FAQ"},"content":{"rendered":"<div data-elementor-type=\"wp-page\" data-elementor-id=\"7263\" class=\"elementor elementor-7263\">\n\t\t\t\t<div class=\"elementor-element elementor-element-430815d e-flex e-con-boxed e-con e-parent\" data-id=\"430815d\" data-element_type=\"container\" data-e-type=\"container\">\n\t\t\t\t\t<div class=\"e-con-inner\">\n\t\t\t\t<div class=\"elementor-element elementor-element-c9ff6f9 elementor-widget elementor-widget-spacer\" data-id=\"c9ff6f9\" data-element_type=\"widget\" data-e-type=\"widget\" data-widget_type=\"spacer.default\">\n\t\t\t\t\t\t\t<div class=\"elementor-spacer\">\n\t\t\t<div class=\"elementor-spacer-inner\"><\/div>\n\t\t<\/div>\n\t\t\t\t\t\t<\/div>\n\t\t\t\t<div class=\"elementor-element elementor-element-446aab8 elementor-widget elementor-widget-heading\" data-id=\"446aab8\" data-element_type=\"widget\" data-e-type=\"widget\" data-widget_type=\"heading.default\">\n\t\t\t\t\t<h2 class=\"elementor-heading-title elementor-size-default\">\ud83e\udde0 Allgemeine Fragen<\/h2>\t\t\t\t<\/div>\n\t\t\t\t<div class=\"elementor-element elementor-element-3dcd08c elementor-widget elementor-widget-text-editor\" data-id=\"3dcd08c\" data-element_type=\"widget\" data-e-type=\"widget\" data-widget_type=\"text-editor.default\">\n\t\t\t\t\t\t\t\t\t<p data-start=\"149\" data-end=\"400\"><strong data-start=\"149\" data-end=\"180\">F1: Was ist eine E-Zigarette?<\/strong><br data-start=\"180\" data-end=\"183\" \/>Eine E-Zigarette ist ein elektronisches Ger\u00e4t, das E-Liquid erhitzt, um Dampf zu erzeugen. Sie bietet ein rauch\u00e4hnliches Erlebnis, ohne Tabak zu verbrennen, und reduziert die Produktion von sch\u00e4dlichen Substanzen wie Teer und Kohlenmonoxid.<\/p><p data-start=\"402\" data-end=\"607\"><strong data-start=\"402\" data-end=\"443\">F2: Enthalten E-Zigaretten Nikotin?<\/strong><br data-start=\"443\" data-end=\"446\" \/>Das h\u00e4ngt vom jeweiligen E-Liquid ab. Einige E-Liquids enthalten Nikotin, w\u00e4hrend andere v\u00f6llig nikotinfrei sind. Sie k\u00f6nnen je nach Ihrer pers\u00f6nlichen Vorliebe w\u00e4hlen.<\/p><p data-start=\"609\" data-end=\"852\"><strong data-start=\"609\" data-end=\"668\">F3: Sind E-Zigaretten sicherer als herk\u00f6mmliche Zigaretten?<\/strong><br data-start=\"668\" data-end=\"671\" \/>E-Zigaretten gelten als eine weniger sch\u00e4dliche Alternative, da sie nicht verbrannt werden. Sie sind jedoch nicht v\u00f6llig risikofrei und sollten von Erwachsenen verantwortungsvoll verwendet werden.<\/p>\t\t\t\t\t\t\t\t<\/div>\n\t\t\t\t<div class=\"elementor-element elementor-element-a59c032 elementor-widget elementor-widget-spacer\" data-id=\"a59c032\" data-element_type=\"widget\" data-e-type=\"widget\" data-widget_type=\"spacer.default\">\n\t\t\t\t\t\t\t<div class=\"elementor-spacer\">\n\t\t\t<div class=\"elementor-spacer-inner\"><\/div>\n\t\t<\/div>\n\t\t\t\t\t\t<\/div>\n\t\t\t\t\t<\/div>\n\t\t\t\t<\/div>\n\t\t<div class=\"elementor-element elementor-element-beacd78 e-flex e-con-boxed e-con e-parent\" data-id=\"beacd78\" data-element_type=\"container\" data-e-type=\"container\">\n\t\t\t\t\t<div class=\"e-con-inner\">\n\t\t\t\t<div class=\"elementor-element elementor-element-d31b965 elementor-widget elementor-widget-heading\" data-id=\"d31b965\" data-element_type=\"widget\" data-e-type=\"widget\" data-widget_type=\"heading.default\">\n\t\t\t\t\t<h2 class=\"elementor-heading-title elementor-size-default\">\ud83d\udca8 Produkt und Verwendung<\/h2>\t\t\t\t<\/div>\n\t\t\t\t<div class=\"elementor-element elementor-element-7db7eb8 elementor-widget elementor-widget-text-editor\" data-id=\"7db7eb8\" data-element_type=\"widget\" data-e-type=\"widget\" data-widget_type=\"text-editor.default\">\n\t\t\t\t\t\t\t\t\t<p data-start=\"882\" data-end=\"1128\"><strong data-start=\"882\" data-end=\"924\">F4: Wie lange h\u00e4lt eine E-Zigarette?<\/strong><br data-start=\"924\" data-end=\"927\" \/>Das h\u00e4ngt vom Ger\u00e4tetyp und Ihren Verdampfungsgewohnheiten ab. Einwegverdampfer halten in der Regel mehrere hundert bis tausend Z\u00fcge, w\u00e4hrend nachf\u00fcllbare Ger\u00e4te bei richtiger Pflege monatelang verwendet werden k\u00f6nnen.<\/p><p data-start=\"1130\" data-end=\"1317\"><strong data-start=\"1130\" data-end=\"1188\">F5: Woher wei\u00df ich, wann ich mein E-Liquid oder meine Spule ersetzen muss?<\/strong><br data-start=\"1188\" data-end=\"1191\" \/>Wenn Sie einen verbrannten Geschmack, eine verringerte Dampfproduktion oder einen Geschmacksverlust feststellen, ist es an der Zeit, die Spule zu ersetzen oder die E-Fl\u00fcssigkeit nachzuf\u00fcllen.<\/p><p data-start=\"1319\" data-end=\"1523\"><strong data-start=\"1319\" data-end=\"1353\">F6: Kann ich mit meinem Vape auf Reisen gehen?<\/strong><br data-start=\"1353\" data-end=\"1356\" \/>Ja, aber die meisten Fluggesellschaften verlangen, dass Sie E-Zigaretten im Handgep\u00e4ck mitf\u00fchren, nicht im aufgegebenen Gep\u00e4ck. Informieren Sie sich immer \u00fcber die \u00f6rtlichen Gesetze, bevor Sie mit Vaping-Produkten reisen.<\/p><p data-start=\"1525\" data-end=\"1706\"><strong data-start=\"1525\" data-end=\"1567\">F7: Wie sollte ich meine E-Zigarette aufbewahren?<\/strong><br data-start=\"1567\" data-end=\"1570\" \/>Bewahren Sie Ihr Ger\u00e4t an einem k\u00fchlen, trockenen Ort auf, gesch\u00fctzt vor direkter Sonneneinstrahlung und hohen Temperaturen. Lassen Sie es nicht in einem Auto oder in der N\u00e4he von W\u00e4rmequellen liegen.<\/p>\t\t\t\t\t\t\t\t<\/div>\n\t\t\t\t<div class=\"elementor-element elementor-element-5171f67 elementor-widget elementor-widget-spacer\" data-id=\"5171f67\" data-element_type=\"widget\" data-e-type=\"widget\" data-widget_type=\"spacer.default\">\n\t\t\t\t\t\t\t<div class=\"elementor-spacer\">\n\t\t\t<div class=\"elementor-spacer-inner\"><\/div>\n\t\t<\/div>\n\t\t\t\t\t\t<\/div>\n\t\t\t\t\t<\/div>\n\t\t\t\t<\/div>\n\t\t<div class=\"elementor-element elementor-element-2c6899d e-flex e-con-boxed e-con e-parent\" data-id=\"2c6899d\" data-element_type=\"container\" data-e-type=\"container\">\n\t\t\t\t\t<div class=\"e-con-inner\">\n\t\t\t\t<div class=\"elementor-element elementor-element-d2fa517 elementor-widget elementor-widget-heading\" data-id=\"d2fa517\" data-element_type=\"widget\" data-e-type=\"widget\" data-widget_type=\"heading.default\">\n\t\t\t\t\t<h2 class=\"elementor-heading-title elementor-size-default\">\ud83d\ude9a Versand &amp; Lieferung<\/h2>\t\t\t\t<\/div>\n\t\t\t\t<div class=\"elementor-element elementor-element-d955f44 elementor-widget elementor-widget-text-editor\" data-id=\"d955f44\" data-element_type=\"widget\" data-e-type=\"widget\" data-widget_type=\"text-editor.default\">\n\t\t\t\t\t\t\t\t\t<p data-start=\"1740\" data-end=\"1888\"><strong data-start=\"1740\" data-end=\"1771\">F8: Von wo aus liefern Sie?<\/strong><br data-start=\"1771\" data-end=\"1774\" \/>Wir versenden Bestellungen von unseren Lagern in <strong data-start=\"1812\" data-end=\"1832\">Europa und China<\/strong>, je nach Verf\u00fcgbarkeit des Produkts und Ihrem Standort.<\/p><p data-start=\"1890\" data-end=\"2118\"><strong data-start=\"1890\" data-end=\"1926\">F9: Wie lange wird die Lieferung dauern?<\/strong><br data-start=\"1926\" data-end=\"1929\" \/>Die Lieferzeiten variieren je nach Zielort. Bestellungen aus unserem <strong data-start=\"1981\" data-end=\"1997\">EU-Lagerhaus<\/strong> kommen typischerweise in <strong data-start=\"2018\" data-end=\"2039\">3-7 Arbeitstage<\/strong>, w\u00e4hrend Bestellungen aus unserem <strong data-start=\"2063\" data-end=\"2082\">China-Lagerhaus<\/strong> kann dauern <strong data-start=\"2092\" data-end=\"2115\">10-20 Arbeitstage<\/strong>.<\/p><p data-start=\"2120\" data-end=\"2286\"><strong data-start=\"2120\" data-end=\"2154\">F10: Wie kann ich meine Bestellung verfolgen?<\/strong><br data-start=\"2154\" data-end=\"2157\" \/>Sobald Ihre Bestellung versandt wurde, senden wir Ihnen eine E-Mail mit einem Link zur Sendungsverfolgung. Damit k\u00f6nnen Sie jederzeit den Status Ihrer Lieferung \u00fcberpr\u00fcfen.<\/p>\t\t\t\t\t\t\t\t<\/div>\n\t\t\t\t<div class=\"elementor-element elementor-element-4f10566 elementor-widget elementor-widget-spacer\" data-id=\"4f10566\" data-element_type=\"widget\" data-e-type=\"widget\" data-widget_type=\"spacer.default\">\n\t\t\t\t\t\t\t<div class=\"elementor-spacer\">\n\t\t\t<div class=\"elementor-spacer-inner\"><\/div>\n\t\t<\/div>\n\t\t\t\t\t\t<\/div>\n\t\t\t\t\t<\/div>\n\t\t\t\t<\/div>\n\t\t<div class=\"elementor-element elementor-element-0b8c973 e-flex e-con-boxed e-con e-parent\" data-id=\"0b8c973\" data-element_type=\"container\" data-e-type=\"container\">\n\t\t\t\t\t<div class=\"e-con-inner\">\n\t\t\t\t<div class=\"elementor-element elementor-element-c41f431 elementor-widget elementor-widget-heading\" data-id=\"c41f431\" data-element_type=\"widget\" data-e-type=\"widget\" data-widget_type=\"heading.default\">\n\t\t\t\t\t<h2 class=\"elementor-heading-title elementor-size-default\">\ud83d\udd12 Sicherheit und Politiken<\/h2>\t\t\t\t<\/div>\n\t\t\t\t<div class=\"elementor-element elementor-element-c02cd61 elementor-widget elementor-widget-text-editor\" data-id=\"c02cd61\" data-element_type=\"widget\" data-e-type=\"widget\" data-widget_type=\"text-editor.default\">\n\t\t\t\t\t\t\t\t\t<p data-start=\"2318\" data-end=\"2454\"><strong data-start=\"2318\" data-end=\"2355\">F11: K\u00f6nnen Minderj\u00e4hrige E-Zigaretten kaufen?<\/strong><br data-start=\"2355\" data-end=\"2358\" \/>Nein. Unsere Produkte sind f\u00fcr <strong data-start=\"2388\" data-end=\"2413\">nur f\u00fcr Erwachsene (18+)<\/strong>. Wir verbieten strikt den Verkauf an Minderj\u00e4hrige.<\/p><p data-start=\"2456\" data-end=\"2665\"><strong data-start=\"2456\" data-end=\"2507\">F12: Was sollte ich tun, wenn mein Vape nicht funktioniert?<\/strong><br data-start=\"2507\" data-end=\"2510\" \/>Bitte pr\u00fcfen Sie, ob der Akku geladen und richtig angeschlossen ist. Wenn das Problem weiterhin besteht, wenden Sie sich an unseren Kundendienst, um Hilfe zu erhalten oder einen Ersatz zu bestellen.<\/p><p data-start=\"2667\" data-end=\"2860\"><strong data-start=\"2667\" data-end=\"2714\">F13: Wie lauten Ihre R\u00fcckgabe- und Erstattungsbedingungen?<\/strong><br data-start=\"2714\" data-end=\"2717\" \/>Wir akzeptieren R\u00fccksendungen innerhalb von <strong data-start=\"2742\" data-end=\"2753\">14 Tage<\/strong> der Lieferung f\u00fcr unbenutzte und unge\u00f6ffnete Artikel. Bitte kontaktieren Sie unser Support-Team, bevor Sie ein Produkt zur\u00fccksenden. <a href=\"https:\/\/vapemaison.com\/refund_returns\/\">die Erstattungs- und R\u00fcckgabebestimmungen<\/a> f\u00fcr Einzelheiten.<\/p><p data-start=\"2862\" data-end=\"3040\"><strong data-start=\"2862\" data-end=\"2897\">F14: Sind Ihre Produkte echt?<\/strong><br data-start=\"2897\" data-end=\"2900\" \/>Ja. Alle unsere E-Zigaretten und E-Liquids stammen von <strong data-start=\"2950\" data-end=\"2988\">gepr\u00fcfte, autorisierte Hersteller<\/strong>. Wir verkaufen keine gef\u00e4lschten oder ungepr\u00fcften Produkte.<\/p>\t\t\t\t\t\t\t\t<\/div>\n\t\t\t\t<div class=\"elementor-element elementor-element-7b5a055 elementor-widget elementor-widget-spacer\" data-id=\"7b5a055\" data-element_type=\"widget\" data-e-type=\"widget\" data-widget_type=\"spacer.default\">\n\t\t\t\t\t\t\t<div class=\"elementor-spacer\">\n\t\t\t<div class=\"elementor-spacer-inner\"><\/div>\n\t\t<\/div>\n\t\t\t\t\t\t<\/div>\n\t\t\t\t\t<\/div>\n\t\t\t\t<\/div>\n\t\t<div class=\"elementor-element elementor-element-b712fe9 e-flex e-con-boxed e-con e-parent\" data-id=\"b712fe9\" data-element_type=\"container\" data-e-type=\"container\">\n\t\t\t\t\t<div class=\"e-con-inner\">\n\t\t\t\t<div class=\"elementor-element elementor-element-f6dbeab elementor-widget elementor-widget-heading\" data-id=\"f6dbeab\" data-element_type=\"widget\" data-e-type=\"widget\" data-widget_type=\"heading.default\">\n\t\t\t\t\t<h2 class=\"elementor-heading-title elementor-size-default\">\u2764\ufe0f Gesundheit und Verantwortung<\/h2>\t\t\t\t<\/div>\n\t\t\t\t<div class=\"elementor-element elementor-element-f2572f6 elementor-widget elementor-widget-text-editor\" data-id=\"f2572f6\" data-element_type=\"widget\" data-e-type=\"widget\" data-widget_type=\"text-editor.default\">\n\t\t\t\t\t\t\t\t\t<p data-start=\"3078\" data-end=\"3325\"><strong data-start=\"3078\" data-end=\"3125\">F15: K\u00f6nnen E-Zigaretten mir helfen, mit dem Rauchen aufzuh\u00f6ren?<\/strong><br data-start=\"3125\" data-end=\"3128\" \/>Viele Nutzer steigen auf E-Zigaretten um, um das Rauchen zu reduzieren oder aufzugeben, aber die Ergebnisse sind von Person zu Person unterschiedlich. F\u00fcr medizinische Beratung oder individuelle Pl\u00e4ne zur Raucherentw\u00f6hnung empfehlen wir, einen Arzt zu konsultieren.<\/p><p data-start=\"3327\" data-end=\"3489\"><strong data-start=\"3327\" data-end=\"3375\">F16: Sind Ihre Produkte f\u00fcr Nichtraucher sicher?<\/strong><br data-start=\"3375\" data-end=\"3378\" \/>E-Zigaretten sind f\u00fcr erwachsene Raucher oder Nikotinkonsumenten gedacht - nicht f\u00fcr Nichtraucher, Schwangere oder Minderj\u00e4hrige.<\/p>\t\t\t\t\t\t\t\t<\/div>\n\t\t\t\t<div class=\"elementor-element elementor-element-3ad2735 elementor-widget elementor-widget-spacer\" data-id=\"3ad2735\" data-element_type=\"widget\" data-e-type=\"widget\" data-widget_type=\"spacer.default\">\n\t\t\t\t\t\t\t<div class=\"elementor-spacer\">\n\t\t\t<div class=\"elementor-spacer-inner\"><\/div>\n\t\t<\/div>\n\t\t\t\t\t\t<\/div>\n\t\t\t\t\t<\/div>\n\t\t\t\t<\/div>\n\t\t<div class=\"elementor-element elementor-element-d5cf795 e-flex e-con-boxed e-con e-parent\" data-id=\"d5cf795\" data-element_type=\"container\" data-e-type=\"container\">\n\t\t\t\t\t<div class=\"e-con-inner\">\n\t\t\t\t<div class=\"elementor-element elementor-element-36f85ab elementor-widget elementor-widget-text-editor\" data-id=\"36f85ab\" data-element_type=\"widget\" data-e-type=\"widget\" data-widget_type=\"text-editor.default\">\n\t\t\t\t\t\t\t\t\t<p data-start=\"407\" data-end=\"520\"><strong>Haben Sie weitere Fragen? Kein Problem - unser freundliches Support-Team ist rund um die Uhr f\u00fcr Sie da.<\/strong><\/p>\t\t\t\t\t\t\t\t<\/div>\n\t\t\t\t\t<\/div>\n\t\t\t\t<\/div>\n\t\t\t\t<\/div>","protected":false},"excerpt":{"rendered":"<p>\ud83e\udde0 General Questions Q1: What is an e-cigarette?An e-cigarette is an electronic device that heats e-liquid to produce vapor. It provides a smoking-like experience without burning tobacco, reducing the production of harmful substances like tar and carbon monoxide. Q2: Do e-cigarettes contain nicotine?That depends on the e-liquid. Some e-liquids contain nicotine, while others are completely [&hellip;]<\/p>\n","protected":false},"author":1,"featured_media":0,"parent":0,"menu_order":0,"comment_status":"closed","ping_status":"closed","template":"","meta":{"footnotes":""},"class_list":["post-7263","page","type-page","status-publish","hentry"],"yoast_head":"<!-- This site is optimized with the Yoast SEO plugin v27.4 - https:\/\/yoast.com\/product\/yoast-seo-wordpress\/ -->\n<title>FAQ - VapeMaison<\/title>\n<meta name=\"robots\" content=\"index, follow, max-snippet:-1, max-image-preview:large, max-video-preview:-1\" \/>\n<link rel=\"canonical\" href=\"https:\/\/vapemaison.com\/de\/faq\/\" \/>\n<meta property=\"og:locale\" content=\"de_DE\" \/>\n<meta property=\"og:type\" content=\"article\" \/>\n<meta property=\"og:title\" content=\"FAQ - VapeMaison\" \/>\n<meta property=\"og:description\" content=\"\ud83e\udde0 General Questions Q1: What is an e-cigarette?An e-cigarette is an electronic device that heats e-liquid to produce vapor. It provides a smoking-like experience without burning tobacco, reducing the production of harmful substances like tar and carbon monoxide. Q2: Do e-cigarettes contain nicotine?That depends on the e-liquid. Some e-liquids contain nicotine, while others are completely [&hellip;]\" \/>\n<meta property=\"og:url\" content=\"https:\/\/vapemaison.com\/de\/faq\/\" \/>\n<meta property=\"og:site_name\" content=\"VapeMaison\" \/>\n<meta property=\"article:modified_time\" content=\"2025-10-20T10:17:19+00:00\" \/>\n<meta name=\"twitter:card\" content=\"summary_large_image\" \/>\n<meta name=\"twitter:label1\" content=\"Gesch\u00e4tzte Lesezeit\" \/>\n\t<meta name=\"twitter:data1\" content=\"1\u00a0Minute\" \/>\n<!-- \/ Yoast SEO plugin. -->","yoast_head_json":{"title":"FAQ - VapeMaison","robots":{"index":"index","follow":"follow","max-snippet":"max-snippet:-1","max-image-preview":"max-image-preview:large","max-video-preview":"max-video-preview:-1"},"canonical":"https:\/\/vapemaison.com\/de\/faq\/","og_locale":"de_DE","og_type":"article","og_title":"FAQ - VapeMaison","og_description":"\ud83e\udde0 General Questions Q1: What is an e-cigarette?An e-cigarette is an electronic device that heats e-liquid to produce vapor. It provides a smoking-like experience without burning tobacco, reducing the production of harmful substances like tar and carbon monoxide. Q2: Do e-cigarettes contain nicotine?That depends on the e-liquid. Some e-liquids contain nicotine, while others are completely [&hellip;]","og_url":"https:\/\/vapemaison.com\/de\/faq\/","og_site_name":"VapeMaison","article_modified_time":"2025-10-20T10:17:19+00:00","twitter_card":"summary_large_image","twitter_misc":{"Gesch\u00e4tzte Lesezeit":"1\u00a0Minute"},"schema":{"@context":"https:\/\/schema.org","@graph":[{"@type":"WebPage","@id":"https:\/\/vapemaison.com\/faq\/","url":"https:\/\/vapemaison.com\/faq\/","name":"FAQ - VapeMaison","isPartOf":{"@id":"https:\/\/vapemaison.com\/#website"},"datePublished":"2025-10-16T02:18:27+00:00","dateModified":"2025-10-20T10:17:19+00:00","breadcrumb":{"@id":"https:\/\/vapemaison.com\/faq\/#breadcrumb"},"inLanguage":"de","potentialAction":[{"@type":"ReadAction","target":["https:\/\/vapemaison.com\/faq\/"]}]},{"@type":"BreadcrumbList","@id":"https:\/\/vapemaison.com\/faq\/#breadcrumb","itemListElement":[{"@type":"ListItem","position":1,"name":"\u9996\u9875","item":"https:\/\/vapemaison.com\/"},{"@type":"ListItem","position":2,"name":"FAQ"}]},{"@type":"WebSite","@id":"https:\/\/vapemaison.com\/#website","url":"https:\/\/vapemaison.com\/","name":"VapeMaison","description":"Premium Vaping-Ger\u00e4te und Zubeh\u00f6r","publisher":{"@id":"https:\/\/vapemaison.com\/#organization"},"potentialAction":[{"@type":"SearchAction","target":{"@type":"EntryPoint","urlTemplate":"https:\/\/vapemaison.com\/?s={search_term_string}"},"query-input":{"@type":"PropertyValueSpecification","valueRequired":true,"valueName":"search_term_string"}}],"inLanguage":"de"},{"@type":"Organization","@id":"https:\/\/vapemaison.com\/#organization","name":"VapeMaison","url":"https:\/\/vapemaison.com\/","logo":{"@type":"ImageObject","inLanguage":"de","@id":"https:\/\/vapemaison.com\/#\/schema\/logo\/image\/","url":"https:\/\/vapemaison.com\/wp-content\/uploads\/2026\/01\/cropped-vapemaison-logo-g-2026.webp","contentUrl":"https:\/\/vapemaison.com\/wp-content\/uploads\/2026\/01\/cropped-vapemaison-logo-g-2026.webp","width":350,"height":280,"caption":"VapeMaison"},"image":{"@id":"https:\/\/vapemaison.com\/#\/schema\/logo\/image\/"},"sameAs":["https:\/\/www.youtube.com\/@VapeMaison"]}]}},"_links":{"self":[{"href":"https:\/\/vapemaison.com\/de\/wp-json\/wp\/v2\/pages\/7263","targetHints":{"allow":["GET"]}}],"collection":[{"href":"https:\/\/vapemaison.com\/de\/wp-json\/wp\/v2\/pages"}],"about":[{"href":"https:\/\/vapemaison.com\/de\/wp-json\/wp\/v2\/types\/page"}],"author":[{"embeddable":true,"href":"https:\/\/vapemaison.com\/de\/wp-json\/wp\/v2\/users\/1"}],"replies":[{"embeddable":true,"href":"https:\/\/vapemaison.com\/de\/wp-json\/wp\/v2\/comments?post=7263"}],"version-history":[{"count":0,"href":"https:\/\/vapemaison.com\/de\/wp-json\/wp\/v2\/pages\/7263\/revisions"}],"wp:attachment":[{"href":"https:\/\/vapemaison.com\/de\/wp-json\/wp\/v2\/media?parent=7263"}],"curies":[{"name":"wp","href":"https:\/\/api.w.org\/{rel}","templated":true}]}}