

{"id":11217,"date":"2025-11-11T06:33:43","date_gmt":"2025-11-11T06:33:43","guid":{"rendered":"https:\/\/vapemaison.com\/?post_type=product&#038;p=11217"},"modified":"2025-11-21T08:53:49","modified_gmt":"2025-11-21T08:53:49","slug":"vozol-star-20000-puffs-vape","status":"publish","type":"product","link":"https:\/\/vapemaison.com\/de\/product\/vozol-star-20000-puffs-vape\/","title":{"rendered":"VOZOL STAR 20000 | VOZOL star 20k PUFF 5%"},"content":{"rendered":"<h3 class=\"wp-block-heading\"><strong>Vozol Star 20000 Puffs Dual Power - Ultimative Vaping Erfahrung<\/strong><\/h3>\n\n\n\n<p><strong>Vozol Star 20000 Puffs Dual Power<\/strong> definiert Einweg-Vapes mit bahnbrechender Technologie neu und bietet <strong>20k Puste<\/strong> f\u00fcr ein unvergleichlich lang anhaltendes Dampferlebnis. Ausgestattet mit <strong>Dual Power Technologie<\/strong>, Er garantiert gleichbleibenden Geschmack und sanfte Z\u00fcge vom ersten bis zum letzten Zug und ist damit die ideale Wahl f\u00fcr alle, die Komfort, Qualit\u00e4t und Leistung suchen.<\/p>\n\n\n\n<h3 class=\"wp-block-heading\"><strong>Warum Vozol Star 20000 Puffs Dual Power w\u00e4hlen?<\/strong><\/h3>\n\n\n\n<ul class=\"wp-block-list\">\n<li><strong>Langlebige Leistung<\/strong>: Mit einer unglaublichen <strong>20000 Z\u00fcge<\/strong>, das Vape<strong> Doppelte Leistung<\/strong> ist so konzipiert, dass Sie l\u00e4nger durchhalten, was ihn zu einer kosteng\u00fcnstigen Wahl f\u00fcr ernsthafte Dampfer macht.<\/li>\n\n\n\n<li><strong>Schmackhaft &amp; geschmeidig<\/strong>: Die Dual Power Technology sorgt daf\u00fcr, dass jeder Zug so frisch und befriedigend ist wie der erste. <strong>weiche, reichhaltige Aromen<\/strong> w\u00e4hrend der gesamten Lebensdauer des Ger\u00e4ts.<\/li>\n\n\n\n<li><strong>Perfekt f\u00fcr unterwegs<\/strong>: Sein kompaktes und ergonomisches Design macht den <strong>Vozol Star<\/strong> leicht zu tragen und perfekt f\u00fcr <strong>\u00fcberall dampfen<\/strong>.<\/li>\n\n\n\n<li><strong>Problemlose Lieferung<\/strong>: Genie\u00dfen Sie <strong>schnelle Lieferung von Vapes in Dubai<\/strong> Vape King DXB bringt das Beste aus der Welt des Vapings zu Ihnen nach Hause.<\/li>\n<\/ul>\n\n\n\n<h3 class=\"wp-block-heading\">Vozol star 20k <strong>Wesentliche Merkmale<\/strong><\/h3>\n\n\n\n<ul class=\"wp-block-list\">\n<li><strong>Unerreichte Puffanzahl<\/strong>:<br>Mit <strong>20.000 Z\u00fcge<\/strong>, die <strong>Vozol Star 20000 Puffs Dual Power<\/strong> hebt sich auf dem Markt als einer der langlebigsten Einwegdampfer ab, perfekt f\u00fcr Dampfer, die einen l\u00e4ngeren Gebrauch w\u00fcnschen, ohne auf Geschmack oder Leistung verzichten zu m\u00fcssen.<\/li>\n\n\n\n<li><strong>Dual Power Technologie<\/strong>:<br>Die <strong>Doppelte Leistung<\/strong> System stabilisiert die Leistung und liefert eine gleichbleibende Leistung mit jedem Zug. Erleben Sie glatte, ununterbrochene vaping, mit reichen Geschmack, der nie verblasst.<\/li>\n\n\n\n<li><strong>Kompaktes &amp; stilvolles Design<\/strong>:<br>Die <strong>Vozol Star<\/strong> hat ein schlankes und tragbares Design, das bequem in Ihre Hand und leicht in Ihre Tasche passt. Nimm ihn mit, wohin Du auch gehst und genie\u00dfe ein erstklassiges Dampferlebnis f\u00fcr unterwegs.<\/li>\n\n\n\n<li><strong>Erstklassige Verarbeitungsqualit\u00e4t<\/strong>:<br>Die aus hochwertigen Materialien gefertigte <strong>Vozol Star 20000 Windbeutel<\/strong> bietet Langlebigkeit und Zuverl\u00e4ssigkeit und gew\u00e4hrleistet eine dauerhafte Leistung, auch bei h\u00e4ufigem Gebrauch.<\/li>\n\n\n\n<li><strong>Bequeme Vape-Lieferung in Dubai<\/strong>:<br>Holen Sie sich die <strong>Vozol Star 20000 Puffs Dual Power<\/strong> mit einem schnellen, sicheren und problemlosen Vape-Lieferservice direkt an Ihre Haust\u00fcr in Dubai geliefert. Lassen Sie sich nie wieder Ihr Lieblingsger\u00e4t ausgehen - Vape King DXB stellt sicher, dass Sie jederzeit Zugang zu erstklassigen Vape-Produkten haben.<\/li>\n<\/ul>\n\n\n\n<h3 class=\"wp-block-heading\"><strong>Verf\u00fcgbare Geschmacksrichtungen<\/strong><\/h3>\n\n\n\n<p>Genie\u00dfen Sie eine breite Palette an k\u00f6stlichen und erfrischenden Geschmacksrichtungen mit dem <strong>Vozol Star 20000 Puffs Dual Power<\/strong>. Ob Sie nun fruchtige, eisige oder klassische Mischungen bevorzugen, es ist f\u00fcr jeden Geschmack etwas dabei:<\/p>\n\n\n\n<ul class=\"wp-block-list\">\n<li><strong>Wassermelone Eis<\/strong><\/li>\n\n\n\n<li><strong>Traubeneis<\/strong><\/li>\n\n\n\n<li><strong>Mango-Eis<\/strong><\/li>\n\n\n\n<li><strong>Doppeltes Apfel-Eis<\/strong><\/li>\n\n\n\n<li><strong>Erdbeer-Kiwi<\/strong><\/li>\n\n\n\n<li><strong>Himbeere Wassermelone<\/strong><\/li>\n\n\n\n<li><strong>Blaues Razzeis<\/strong><\/li>\n\n\n\n<li><strong>Erdbeer-Mango<\/strong><\/li>\n\n\n\n<li><strong>Mango Pfirsich Wassermelone<\/strong><\/li>\n\n\n\n<li><strong>Kirsche Cola<\/strong><\/li>\n\n\n\n<li><strong>Saftiges Pfirsicheis<\/strong><\/li>\n\n\n\n<li><strong>Drache Strawnana<\/strong><\/li>\n\n\n\n<li><strong>Gemischte Beeren<\/strong><\/li>\n\n\n\n<li><strong>Zitrone-Limette<\/strong><\/li>\n\n\n\n<li><strong>Tropische Explosion<\/strong><\/li>\n\n\n\n<li><strong>Heidelbeer-Sturm<\/strong><\/li>\n\n\n\n<li><strong>Parf\u00fcm Zitrone<\/strong><\/li>\n\n\n\n<li><strong>Orange-Ananas-Litschi<\/strong><\/li>\n\n\n\n<li><strong>Liebe 777<\/strong><\/li>\n\n\n\n<li><strong>Himbeere Apfel Wassermelone Ananas<\/strong><\/li>\n<\/ul>\n\n\n\n<h3 class=\"wp-block-heading\"><strong>Bestellen Sie jetzt und erleben Sie die beste Vaping-Technologie<\/strong><\/h3>\n\n\n\n<p>Die <strong>Vozol Star 20000 Puffs Dual Power<\/strong> ist jetzt erh\u00e4ltlich bei <strong>Vape King DXB<\/strong>. Viel Spa\u00df <strong>lang anhaltender Hauch<\/strong>, au\u00dfergew\u00f6hnlichen Geschmack und unschlagbaren Komfort in einem Ger\u00e4t. Bestellen Sie noch heute und steigern Sie Ihr Vaping-Spiel!<\/p>\n\n\n\n<p>Sie k\u00f6nnen andere Produkte unter der Marke vozol besuchen, oder die ebenso geliebten Sie k\u00f6nnen andere Produkte unter der Marke vozol besuchen. <strong><a href=\"https:\/\/vapemaison.com\/brand\/vozol\/\">Marke VOZOL<\/a><\/strong>, oder das ebenso beliebte<strong> <a href=\"https:\/\/vapemaison.com\/product\/vozol-vista-20000-puff-vape\/\">VOZOL VISTA 20000<\/a><\/strong>.<\/p>\n\n\n\n<p><\/p>","protected":false},"excerpt":{"rendered":"<p data-start=\"3955\" data-end=\"4211\">Erleben Sie <strong data-start=\"3966\" data-end=\"3982\">20.000 Z\u00fcge<\/strong> mit dem <strong data-start=\"3992\" data-end=\"4029\">Vozol Star 20000 Puffs Dual Power<\/strong>, mit <strong data-start=\"4041\" data-end=\"4066\">Dual Power Technologie<\/strong> f\u00fcr gleichbleibende Leistung und sanften Geschmack. Kompakt, langlebig und erh\u00e4ltlich in <strong data-start=\"4148\" data-end=\"4171\">24 aufregende Geschmacksrichtungen<\/strong>. Schnelle und bequeme Lieferung in VapeMaison.<\/p>","protected":false},"featured_media":11254,"comment_status":"open","ping_status":"closed","template":"","meta":[],"product_brand":[178],"product_cat":[133],"product_tag":[],"class_list":{"0":"post-11217","1":"product","2":"type-product","3":"status-publish","4":"has-post-thumbnail","6":"product_brand-vozol","7":"product_cat-20k-puffs","9":"first","10":"instock","11":"sale","12":"shipping-taxable","13":"purchasable","14":"product-type-variable"},"yoast_head":"<!-- This site is optimized with the Yoast SEO plugin v27.4 - https:\/\/yoast.com\/product\/yoast-seo-wordpress\/ -->\n<title>Vozol Star 20000 Puffs Dual Power Vape \u2013vozol star 20k Puffs<\/title>\n<meta name=\"description\" content=\"Discover the Vozol Star 20000 Puffs Dual Power, . Available in 24 flavors and ideal for on-the-go use, delivering a vaping experience anytime, anywhere.\" \/>\n<meta name=\"robots\" content=\"index, follow, max-snippet:-1, max-image-preview:large, max-video-preview:-1\" \/>\n<link rel=\"canonical\" href=\"https:\/\/vapemaison.com\/de\/product\/vozol-star-20000-puffs-vape\/\" \/>\n<meta property=\"og:locale\" content=\"de_DE\" \/>\n<meta property=\"og:type\" content=\"article\" \/>\n<meta property=\"og:title\" content=\"Vozol Star 20000 Puffs Dual Power Vape \u2013vozol star 20k Puffs\" \/>\n<meta property=\"og:description\" content=\"Discover the Vozol Star 20000 Puffs Dual Power, . Available in 24 flavors and ideal for on-the-go use, delivering a vaping experience anytime, anywhere.\" \/>\n<meta property=\"og:url\" content=\"https:\/\/vapemaison.com\/de\/product\/vozol-star-20000-puffs-vape\/\" \/>\n<meta property=\"og:site_name\" content=\"VapeMaison\" \/>\n<meta property=\"article:modified_time\" content=\"2025-11-21T08:53:49+00:00\" \/>\n<meta property=\"og:image\" content=\"https:\/\/vapemaison.com\/wp-content\/uploads\/2025\/11\/vozol-star-20000-perfume-lemon-r8t8017-1.jpg\" \/>\n\t<meta property=\"og:image:width\" content=\"2048\" \/>\n\t<meta property=\"og:image:height\" content=\"1969\" \/>\n\t<meta property=\"og:image:type\" content=\"image\/jpeg\" \/>\n<meta name=\"twitter:card\" content=\"summary_large_image\" \/>\n<meta name=\"twitter:label1\" content=\"Gesch\u00e4tzte Lesezeit\" \/>\n\t<meta name=\"twitter:data1\" content=\"3\u00a0Minuten\" \/>\n<!-- \/ Yoast SEO plugin. -->","yoast_head_json":{"title":"Vozol Star 20000 Puffs Dual Power Vape -vozol star 20k Puffs","description":"Entdecken Sie den Vozol Star 20000 Puffs Dual Power, . Erh\u00e4ltlich in 24 Geschmacksrichtungen und ideal f\u00fcr unterwegs, liefert eine vaping Erfahrung jederzeit und \u00fcberall.","robots":{"index":"index","follow":"follow","max-snippet":"max-snippet:-1","max-image-preview":"max-image-preview:large","max-video-preview":"max-video-preview:-1"},"canonical":"https:\/\/vapemaison.com\/de\/product\/vozol-star-20000-puffs-vape\/","og_locale":"de_DE","og_type":"article","og_title":"Vozol Star 20000 Puffs Dual Power Vape \u2013vozol star 20k Puffs","og_description":"Discover the Vozol Star 20000 Puffs Dual Power, . Available in 24 flavors and ideal for on-the-go use, delivering a vaping experience anytime, anywhere.","og_url":"https:\/\/vapemaison.com\/de\/product\/vozol-star-20000-puffs-vape\/","og_site_name":"VapeMaison","article_modified_time":"2025-11-21T08:53:49+00:00","og_image":[{"width":2048,"height":1969,"url":"https:\/\/vapemaison.com\/wp-content\/uploads\/2025\/11\/vozol-star-20000-perfume-lemon-r8t8017-1.jpg","type":"image\/jpeg"}],"twitter_card":"summary_large_image","twitter_misc":{"Gesch\u00e4tzte Lesezeit":"3\u00a0Minuten"},"schema":{"@context":"https:\/\/schema.org","@graph":[{"@type":"WebPage","@id":"https:\/\/vapemaison.com\/product\/vozol-star-20000-puffs-vape\/","url":"https:\/\/vapemaison.com\/product\/vozol-star-20000-puffs-vape\/","name":"Vozol Star 20000 Puffs Dual Power Vape -vozol star 20k Puffs","isPartOf":{"@id":"https:\/\/vapemaison.com\/#website"},"primaryImageOfPage":{"@id":"https:\/\/vapemaison.com\/product\/vozol-star-20000-puffs-vape\/#primaryimage"},"image":{"@id":"https:\/\/vapemaison.com\/product\/vozol-star-20000-puffs-vape\/#primaryimage"},"thumbnailUrl":"https:\/\/vapemaison.com\/wp-content\/uploads\/2025\/11\/vozol-star-20000-perfume-lemon-r8t8017-1.jpg","datePublished":"2025-11-11T06:33:43+00:00","dateModified":"2025-11-21T08:53:49+00:00","description":"Entdecken Sie den Vozol Star 20000 Puffs Dual Power, . Erh\u00e4ltlich in 24 Geschmacksrichtungen und ideal f\u00fcr unterwegs, liefert eine vaping Erfahrung jederzeit und \u00fcberall.","breadcrumb":{"@id":"https:\/\/vapemaison.com\/product\/vozol-star-20000-puffs-vape\/#breadcrumb"},"inLanguage":"de","potentialAction":[{"@type":"ReadAction","target":["https:\/\/vapemaison.com\/product\/vozol-star-20000-puffs-vape\/"]}]},{"@type":"ImageObject","inLanguage":"de","@id":"https:\/\/vapemaison.com\/product\/vozol-star-20000-puffs-vape\/#primaryimage","url":"https:\/\/vapemaison.com\/wp-content\/uploads\/2025\/11\/vozol-star-20000-perfume-lemon-r8t8017-1.jpg","contentUrl":"https:\/\/vapemaison.com\/wp-content\/uploads\/2025\/11\/vozol-star-20000-perfume-lemon-r8t8017-1.jpg","width":2048,"height":1969,"caption":"Vozol Star Perfume Lemon R8t Disposable Vape Device"},{"@type":"BreadcrumbList","@id":"https:\/\/vapemaison.com\/product\/vozol-star-20000-puffs-vape\/#breadcrumb","itemListElement":[{"@type":"ListItem","position":1,"name":"\u9996\u9875","item":"https:\/\/vapemaison.com\/"},{"@type":"ListItem","position":2,"name":"Shop","item":"https:\/\/vapemaison.com\/shop\/"},{"@type":"ListItem","position":3,"name":"Vozol","item":"https:\/\/vapemaison.com\/brand\/vozol\/"},{"@type":"ListItem","position":4,"name":"VOZOL STAR 20000 | Vozol star 20k PUFF 5%"}]},{"@type":"WebSite","@id":"https:\/\/vapemaison.com\/#website","url":"https:\/\/vapemaison.com\/","name":"VapeMaison","description":"Premium Vaping-Ger\u00e4te und Zubeh\u00f6r","publisher":{"@id":"https:\/\/vapemaison.com\/#organization"},"potentialAction":[{"@type":"SearchAction","target":{"@type":"EntryPoint","urlTemplate":"https:\/\/vapemaison.com\/?s={search_term_string}"},"query-input":{"@type":"PropertyValueSpecification","valueRequired":true,"valueName":"search_term_string"}}],"inLanguage":"de"},{"@type":"Organization","@id":"https:\/\/vapemaison.com\/#organization","name":"VapeMaison","url":"https:\/\/vapemaison.com\/","logo":{"@type":"ImageObject","inLanguage":"de","@id":"https:\/\/vapemaison.com\/#\/schema\/logo\/image\/","url":"https:\/\/vapemaison.com\/wp-content\/uploads\/2026\/01\/cropped-vapemaison-logo-g-2026.webp","contentUrl":"https:\/\/vapemaison.com\/wp-content\/uploads\/2026\/01\/cropped-vapemaison-logo-g-2026.webp","width":350,"height":280,"caption":"VapeMaison"},"image":{"@id":"https:\/\/vapemaison.com\/#\/schema\/logo\/image\/"},"sameAs":["https:\/\/www.youtube.com\/@VapeMaison"]}]}},"tiered_pricing_type":"fixed","tiered_pricing_fixed_rules":{"30":"11.24","50":"10.36","100":"9.56","200":"8.47"},"tiered_pricing_product_settings":{"layout":"default","base_unit_name":{"singular":null,"plural":null},"default_variation":null},"tiered_pricing_minimum_quantity":10,"tiered_pricing_roles_data":[],"tiered_pricing_percentage_rules":[],"tiered_pricing_maximum_quantity":null,"tiered_pricing_quantity_step":"10","_links":{"self":[{"href":"https:\/\/vapemaison.com\/de\/wp-json\/wp\/v2\/product\/11217","targetHints":{"allow":["GET"]}}],"collection":[{"href":"https:\/\/vapemaison.com\/de\/wp-json\/wp\/v2\/product"}],"about":[{"href":"https:\/\/vapemaison.com\/de\/wp-json\/wp\/v2\/types\/product"}],"replies":[{"embeddable":true,"href":"https:\/\/vapemaison.com\/de\/wp-json\/wp\/v2\/comments?post=11217"}],"version-history":[{"count":0,"href":"https:\/\/vapemaison.com\/de\/wp-json\/wp\/v2\/product\/11217\/revisions"}],"wp:featuredmedia":[{"embeddable":true,"href":"https:\/\/vapemaison.com\/de\/wp-json\/wp\/v2\/media\/11254"}],"wp:attachment":[{"href":"https:\/\/vapemaison.com\/de\/wp-json\/wp\/v2\/media?parent=11217"}],"wp:term":[{"taxonomy":"product_brand","embeddable":true,"href":"https:\/\/vapemaison.com\/de\/wp-json\/wp\/v2\/product_brand?post=11217"},{"taxonomy":"product_cat","embeddable":true,"href":"https:\/\/vapemaison.com\/de\/wp-json\/wp\/v2\/product_cat?post=11217"},{"taxonomy":"product_tag","embeddable":true,"href":"https:\/\/vapemaison.com\/de\/wp-json\/wp\/v2\/product_tag?post=11217"}],"curies":[{"name":"wp","href":"https:\/\/api.w.org\/{rel}","templated":true}]}}