

{"id":11219,"date":"2025-11-11T06:33:44","date_gmt":"2025-11-11T06:33:44","guid":{"rendered":"https:\/\/vapemaison.com\/?post_type=product&#038;p=11219"},"modified":"2026-03-06T03:44:51","modified_gmt":"2026-03-06T03:44:51","slug":"jnr-falcon-16000-puff-jnr-16k","status":"publish","type":"product","link":"https:\/\/vapemaison.com\/de\/product\/jnr-falcon-16000-puff-jnr-16k\/","title":{"rendered":"JNR Falcon 16000 Puff JNR 16k"},"content":{"rendered":"<h2 class=\"wp-block-heading\"><strong>JNR 16k Puffs Disposable Vape - Leistungsstarke, lang anhaltende Vaping Erfahrung<\/strong><\/h2>\n\n\n\n<p>Die <strong>JNR 16k Puffs<\/strong> ist ein hochleistungsf\u00e4higer Einweg-Vaporisator, der f\u00fcr lang anhaltenden Genuss mit einem beeindruckenden <strong>16k Puffs<\/strong> pro Ger\u00e4t. Ausgestattet mit fortschrittlichen <strong>Doppelmaschige Spulentechnologie<\/strong>, eine gro\u00dfe <strong>850mAh-Akku<\/strong>, und <strong>22ml e-Fl\u00fcssigkeit Kapazit\u00e4t<\/strong>, Dieses Ger\u00e4t garantiert konsistenten Geschmack, gro\u00dfe Wolken und einen sanften Kehlkopfschlag. Perfekt f\u00fcr Verdampfer, die Haltbarkeit und Leistung verlangen, die <strong>JNR 16k<\/strong> ist die ideale Wahl f\u00fcr l\u00e4ngere Vaping-Sessions.<\/p>\n\n\n\n<h3 class=\"wp-block-heading\"><strong>Wesentliche Merkmale<\/strong><\/h3>\n\n\n\n<ul class=\"wp-block-list\">\n<li><strong>Bis zu 16.000 Puffs<\/strong>:<br>Genie\u00dfen Sie l\u00e4ngere Vaping-Sessions, ohne dass Sie Ihr Ger\u00e4t h\u00e4ufig austauschen m\u00fcssen.<\/li>\n\n\n\n<li><strong>850mAh Akku<\/strong>:<br>Die hohe Akkukapazit\u00e4t gew\u00e4hrleistet eine gleichbleibende Leistung \u00fcber die gesamte Lebensdauer.<\/li>\n\n\n\n<li><strong>Dual Mesh Spulen<\/strong>:<br>Erh\u00f6ht den Geschmack und die Dampfproduktion und sorgt f\u00fcr weiche und reichhaltige Geschmackserlebnisse im Hals.<\/li>\n\n\n\n<li><strong>22ml E-Liquid Kapazit\u00e4t<\/strong>:<br>Ein gro\u00dfz\u00fcgiges E-Liquid-Reservoir f\u00fcr lang anhaltenden Gebrauch, wodurch h\u00e4ufiges Nachf\u00fcllen entf\u00e4llt.<\/li>\n\n\n\n<li><strong>Zwei Ladeanschl\u00fcsse<\/strong>:<br>Enth\u00e4lt <strong>Typ-C<\/strong> und <strong>Blitzschlag<\/strong> Anschl\u00fcsse f\u00fcr schnelles und bequemes Aufladen.<\/li>\n\n\n\n<li><strong>Kr\u00e4ftiger Kehlkopfschlag &amp; gro\u00dfe Wolken<\/strong>:<br>Entwickelt f\u00fcr Dampfer, die einen starken Rachenhieb und gr\u00f6\u00dfere Dampfwolken bevorzugen.<\/li>\n\n\n\n<li><strong>Langanhaltendes Aroma<\/strong>:<br>Der frische Geschmack bleibt vom ersten bis zum letzten Zug erhalten.<\/li>\n<\/ul>\n\n\n\n<h3 class=\"wp-block-heading\"><strong>Verf\u00fcgbare Geschmacksrichtungen<\/strong><\/h3>\n\n\n\n<p>Die <strong>JNR Falke 16000<\/strong> bietet eine gro\u00dfe Vielfalt an Geschmacksrichtungen f\u00fcr jeden Geschmack:<\/p>\n\n\n\n<ul class=\"wp-block-list\">\n<li><strong>Blaues Razzeis<\/strong><\/li>\n\n\n\n<li><strong>Heidelbeer-Granatapfel-Eis<\/strong><\/li>\n\n\n\n<li><strong>Mango-Passionsfrucht<\/strong><\/li>\n\n\n\n<li><strong>Passionsfrucht-Kiwi<\/strong><\/li>\n\n\n\n<li><strong>Erdbeer-Kiwi<\/strong><\/li>\n\n\n\n<li><strong>Erdbeer-Wassermelonen-Eis<\/strong><\/li>\n\n\n\n<li><strong>Wassermelone Eis<\/strong><\/li>\n\n\n\n<li><strong>Berry Burst<\/strong><\/li>\n\n\n\n<li><strong>Erdbeere-Banane<\/strong><\/li>\n\n\n\n<li><strong>Gemischte Beeren<\/strong><\/li>\n\n\n\n<li><strong>Cola-Eis<\/strong><\/li>\n\n\n\n<li><strong>Heidelbeere-Kiwi<\/strong><\/li>\n<\/ul>\n\n\n\n<h3 class=\"wp-block-heading\"><strong>Warum der JNR 16k?<\/strong><\/h3>\n\n\n\n<ul class=\"wp-block-list\">\n<li><strong>Langlebig und leistungsf\u00e4hig<\/strong>:<br>Die <strong>JNR Falke 16000<\/strong> ist f\u00fcr Dampfer gebaut, die ein langlebiges Ger\u00e4t mit <strong>16.000 Z\u00fcge<\/strong>.<\/li>\n\n\n\n<li><strong>Erweiterte Funktionen<\/strong>:<br>Mit <strong>Doppelmaschenspulen<\/strong> und eine gro\u00dfe <strong>22ml e-Fl\u00fcssigkeit Kapazit\u00e4t<\/strong>, Dieses Ger\u00e4t bietet exzellenten Geschmack, Dampf und einen befriedigenden Kehlkopfschlag.<\/li>\n\n\n\n<li><strong>Zwei Ladeanschl\u00fcsse<\/strong>:<br>Das Ger\u00e4t ist ausgestattet mit <strong>Typ-C<\/strong> und <strong>Blitzschlag<\/strong> Ladeanschl\u00fcsse, die ein einfaches und schnelles Aufladen erm\u00f6glichen.<\/li>\n\n\n\n<li><strong>Vielfalt der Geschmacksrichtungen<\/strong>:<br>W\u00e4hlen Sie aus einer Reihe von <strong>Fr\u00fcchte, Menthol<\/strong>, und <strong>erfrischende Mischungen<\/strong> um Ihren perfekten Partner zu finden.<\/li>\n<\/ul>\n\n\n\n<h3 class=\"wp-block-heading\">16K <strong>JNR Falcon Preis &amp; Angebote<\/strong><\/h3>\n\n\n\n<p>Holen Sie sich die <strong>JNR Falke 16000<\/strong> nur f\u00fcr <strong>\u20ac24.99<\/strong>, mit einer <strong>7% Rabatt<\/strong> vom urspr\u00fcnglichen Preis von <strong>\u20ac26.99<\/strong>. Viel Spa\u00df <strong>Mengenrabatte<\/strong> f\u00fcr noch mehr Einsparungen:<\/p>\n\n\n\n<ul class=\"wp-block-list\">\n<li><strong>Kaufen Sie 3 Ger\u00e4te f\u00fcr \u20ac65.99<\/strong> (8,98 \u20ac sparen).<\/li>\n\n\n\n<li><strong>Kaufen Sie 5 Ger\u00e4te f\u00fcr 102,99 \u20ac.<\/strong> (21,96 \u20ac sparen).<\/li>\n<\/ul>\n\n\n\n<p>Profitieren Sie von diesen fantastischen Angeboten und decken Sie sich mit Ihren Lieblingsartikeln ein <strong>JNR Falke 16000<\/strong> Geschmacksrichtungen zu einem unschlagbaren Preis.<\/p>\n\n\n\n<h3 class=\"wp-block-heading\"><strong>Spezifikationen<\/strong><\/h3>\n\n\n\n<figure class=\"wp-block-table\"><table class=\"has-fixed-layout\"><thead><tr><th>Merkmal<\/th><th>Einzelheiten<\/th><\/tr><\/thead><tbody><tr><td><strong>Anzahl der Puffs<\/strong><\/td><td>Bis zu 16.000 Z\u00fcge<\/td><\/tr><tr><td><strong>Batteriekapazit\u00e4t<\/strong><\/td><td>850mAh<\/td><\/tr><tr><td><strong>Spule Typ<\/strong><\/td><td>Doppelte Masche<\/td><\/tr><tr><td><strong>E-Fl\u00fcssigkeit Kapazit\u00e4t<\/strong><\/td><td>22ml<\/td><\/tr><tr><td><strong>Ports zum Aufladen<\/strong><\/td><td>Typ-C &amp; Lightning<\/td><\/tr><tr><td><strong>Kehlkopfschlag<\/strong><\/td><td>Stark und glatt<\/td><\/tr><tr><td><strong>Cloud-Produktion<\/strong><\/td><td>Gro\u00dfe Wolken<\/td><\/tr><\/tbody><\/table><\/figure>\n\n\n\n<h3 class=\"wp-block-heading\"><strong>FAQs<\/strong><\/h3>\n\n\n\n<p><strong>1. Wodurch zeichnet sich der JNR Falcon 16000 aus?<\/strong><br>Die <strong>JNR Falke 16000<\/strong> Angebote <strong>16.000 Z\u00fcge<\/strong>, <strong>Doppelmaschenspulen<\/strong> f\u00fcr besseren Geschmack, <strong>22ml e-Fl\u00fcssigkeit<\/strong>, und <strong>Duale Ladeanschl\u00fcsse<\/strong> f\u00fcr die Bequemlichkeit, so dass es perfekt f\u00fcr lang anhaltendes Dampfen.<\/p>\n\n\n\n<p><strong>2. Wie lange ist die Lebensdauer des JNR Falcon 16000?<\/strong><br>Mit <strong>16.000 Z\u00fcge<\/strong> und ein <strong>850mAh-Akku<\/strong>, die <strong>JNR Falke 16000<\/strong> ist f\u00fcr eine lange Nutzung ohne h\u00e4ufiges Auswechseln oder Aufladen ausgelegt.<\/p>\n\n\n\n<p><strong>3. Welche Geschmacksrichtungen gibt es f\u00fcr den JNR Falcon 16000?<\/strong><br>Das Ger\u00e4t ist in einer Vielzahl von k\u00f6stlichen Geschmacksrichtungen erh\u00e4ltlich, darunter <strong>Blaues Razzeis<\/strong>, <strong>Mango-Passionsfrucht<\/strong>, <strong>Erdbeer-Kiwi<\/strong>, und viele mehr.<\/p>","protected":false},"excerpt":{"rendered":"<p data-start=\"4724\" data-end=\"4918\">Der JNR Falcon 16000 bietet 16.000 Z\u00fcge, ein gro\u00dfes Fassungsverm\u00f6gen von 22ml E-Liquid und Dual-Mesh-Coils f\u00fcr sanftes, geschmackvolles Dampfen. Jetzt mit Mengenrabatten bei VapeMaison erh\u00e4ltlich.<\/p>","protected":false},"featured_media":11272,"comment_status":"open","ping_status":"closed","template":"","meta":[],"product_brand":[168],"product_cat":[291],"product_tag":[],"class_list":{"0":"post-11219","1":"product","2":"type-product","3":"status-publish","4":"has-post-thumbnail","6":"product_brand-jnr","7":"product_cat-16k-puffs","9":"first","10":"instock","11":"sale","12":"shipping-taxable","13":"purchasable","14":"product-type-variable","15":"has-default-attributes"},"yoast_head":"<!-- This site is optimized with the Yoast SEO plugin v27.4 - https:\/\/yoast.com\/product\/yoast-seo-wordpress\/ -->\n<title>JNR 16k Puffs Disposable Vape | JNR 16K Dual Mesh<\/title>\n<meta name=\"description\" content=\"Experience the JNR 16k Puffs Disposable Vape. Enjoy long-lasting flavor with up to 16,000 puffs. Buy now at VapesMaison with exclusive discounts.\" \/>\n<meta name=\"robots\" content=\"index, follow, max-snippet:-1, max-image-preview:large, max-video-preview:-1\" \/>\n<link rel=\"canonical\" href=\"https:\/\/vapemaison.com\/de\/product\/jnr-falcon-16000-puff-jnr-16k\/\" \/>\n<meta property=\"og:locale\" content=\"de_DE\" \/>\n<meta property=\"og:type\" content=\"article\" \/>\n<meta property=\"og:title\" content=\"JNR 16k Puffs Disposable Vape | JNR 16K Dual Mesh\" \/>\n<meta property=\"og:description\" content=\"Experience the JNR 16k Puffs Disposable Vape. Enjoy long-lasting flavor with up to 16,000 puffs. Buy now at VapesMaison with exclusive discounts.\" \/>\n<meta property=\"og:url\" content=\"https:\/\/vapemaison.com\/de\/product\/jnr-falcon-16000-puff-jnr-16k\/\" \/>\n<meta property=\"og:site_name\" content=\"VapeMaison\" \/>\n<meta property=\"article:modified_time\" content=\"2026-03-06T03:44:51+00:00\" \/>\n<meta property=\"og:image\" content=\"https:\/\/vapemaison.com\/wp-content\/uploads\/2025\/11\/peach-oolong-tea-falcon-16000-puffs-picture-1.jpg\" \/>\n\t<meta property=\"og:image:width\" content=\"2500\" \/>\n\t<meta property=\"og:image:height\" content=\"2500\" \/>\n\t<meta property=\"og:image:type\" content=\"image\/jpeg\" \/>\n<meta name=\"twitter:card\" content=\"summary_large_image\" \/>\n<meta name=\"twitter:label1\" content=\"Gesch\u00e4tzte Lesezeit\" \/>\n\t<meta name=\"twitter:data1\" content=\"3\u00a0Minuten\" \/>\n<!-- \/ Yoast SEO plugin. -->","yoast_head_json":{"title":"JNR 16k Puffs Einweg Vape | JNR 16K Dual Mesh","description":"Erlebe den JNR 16k Puffs Disposable Vape. Genie\u00dfen Sie lang anhaltenden Geschmack mit bis zu 16.000 Z\u00fcgen. Kaufen Sie jetzt bei VapesMaison mit exklusiven Rabatten.","robots":{"index":"index","follow":"follow","max-snippet":"max-snippet:-1","max-image-preview":"max-image-preview:large","max-video-preview":"max-video-preview:-1"},"canonical":"https:\/\/vapemaison.com\/de\/product\/jnr-falcon-16000-puff-jnr-16k\/","og_locale":"de_DE","og_type":"article","og_title":"JNR 16k Puffs Disposable Vape | JNR 16K Dual Mesh","og_description":"Experience the JNR 16k Puffs Disposable Vape. Enjoy long-lasting flavor with up to 16,000 puffs. Buy now at VapesMaison with exclusive discounts.","og_url":"https:\/\/vapemaison.com\/de\/product\/jnr-falcon-16000-puff-jnr-16k\/","og_site_name":"VapeMaison","article_modified_time":"2026-03-06T03:44:51+00:00","og_image":[{"width":2500,"height":2500,"url":"https:\/\/vapemaison.com\/wp-content\/uploads\/2025\/11\/peach-oolong-tea-falcon-16000-puffs-picture-1.jpg","type":"image\/jpeg"}],"twitter_card":"summary_large_image","twitter_misc":{"Gesch\u00e4tzte Lesezeit":"3\u00a0Minuten"},"schema":{"@context":"https:\/\/schema.org","@graph":[{"@type":"WebPage","@id":"https:\/\/vapemaison.com\/product\/jnr-falcon-16000-puff-jnr-16k\/","url":"https:\/\/vapemaison.com\/product\/jnr-falcon-16000-puff-jnr-16k\/","name":"JNR 16k Puffs Einweg Vape | JNR 16K Dual Mesh","isPartOf":{"@id":"https:\/\/vapemaison.com\/#website"},"primaryImageOfPage":{"@id":"https:\/\/vapemaison.com\/product\/jnr-falcon-16000-puff-jnr-16k\/#primaryimage"},"image":{"@id":"https:\/\/vapemaison.com\/product\/jnr-falcon-16000-puff-jnr-16k\/#primaryimage"},"thumbnailUrl":"https:\/\/vapemaison.com\/wp-content\/uploads\/2025\/11\/peach-oolong-tea-falcon-16000-puffs-picture-1.jpg","datePublished":"2025-11-11T06:33:44+00:00","dateModified":"2026-03-06T03:44:51+00:00","description":"Erlebe den JNR 16k Puffs Disposable Vape. Genie\u00dfen Sie lang anhaltenden Geschmack mit bis zu 16.000 Z\u00fcgen. Kaufen Sie jetzt bei VapesMaison mit exklusiven Rabatten.","breadcrumb":{"@id":"https:\/\/vapemaison.com\/product\/jnr-falcon-16000-puff-jnr-16k\/#breadcrumb"},"inLanguage":"de","potentialAction":[{"@type":"ReadAction","target":["https:\/\/vapemaison.com\/product\/jnr-falcon-16000-puff-jnr-16k\/"]}]},{"@type":"ImageObject","inLanguage":"de","@id":"https:\/\/vapemaison.com\/product\/jnr-falcon-16000-puff-jnr-16k\/#primaryimage","url":"https:\/\/vapemaison.com\/wp-content\/uploads\/2025\/11\/peach-oolong-tea-falcon-16000-puffs-picture-1.jpg","contentUrl":"https:\/\/vapemaison.com\/wp-content\/uploads\/2025\/11\/peach-oolong-tea-falcon-16000-puffs-picture-1.jpg","width":2500,"height":2500,"caption":"Peach Oolong Tea Falcon Puffs Picture Disposable Vape Device"},{"@type":"BreadcrumbList","@id":"https:\/\/vapemaison.com\/product\/jnr-falcon-16000-puff-jnr-16k\/#breadcrumb","itemListElement":[{"@type":"ListItem","position":1,"name":"\u9996\u9875","item":"https:\/\/vapemaison.com\/"},{"@type":"ListItem","position":2,"name":"Shop","item":"https:\/\/vapemaison.com\/shop\/"},{"@type":"ListItem","position":3,"name":"JNR","item":"https:\/\/vapemaison.com\/brand\/jnr\/"},{"@type":"ListItem","position":4,"name":"JNR Falcon 16000 Puff JNR 16k"}]},{"@type":"WebSite","@id":"https:\/\/vapemaison.com\/#website","url":"https:\/\/vapemaison.com\/","name":"VapeMaison","description":"Premium Vaping-Ger\u00e4te und Zubeh\u00f6r","publisher":{"@id":"https:\/\/vapemaison.com\/#organization"},"potentialAction":[{"@type":"SearchAction","target":{"@type":"EntryPoint","urlTemplate":"https:\/\/vapemaison.com\/?s={search_term_string}"},"query-input":{"@type":"PropertyValueSpecification","valueRequired":true,"valueName":"search_term_string"}}],"inLanguage":"de"},{"@type":"Organization","@id":"https:\/\/vapemaison.com\/#organization","name":"VapeMaison","url":"https:\/\/vapemaison.com\/","logo":{"@type":"ImageObject","inLanguage":"de","@id":"https:\/\/vapemaison.com\/#\/schema\/logo\/image\/","url":"https:\/\/vapemaison.com\/wp-content\/uploads\/2026\/01\/cropped-vapemaison-logo-g-2026.webp","contentUrl":"https:\/\/vapemaison.com\/wp-content\/uploads\/2026\/01\/cropped-vapemaison-logo-g-2026.webp","width":350,"height":280,"caption":"VapeMaison"},"image":{"@id":"https:\/\/vapemaison.com\/#\/schema\/logo\/image\/"},"sameAs":["https:\/\/www.youtube.com\/@VapeMaison"]}]}},"tiered_pricing_type":"fixed","tiered_pricing_fixed_rules":{"30":"11.42","50":"10.99","100":"10.54","200":"9.98"},"tiered_pricing_product_settings":{"layout":"default","base_unit_name":{"singular":null,"plural":null},"default_variation":null},"tiered_pricing_minimum_quantity":10,"tiered_pricing_roles_data":[],"tiered_pricing_percentage_rules":[],"tiered_pricing_maximum_quantity":null,"tiered_pricing_quantity_step":"10","_links":{"self":[{"href":"https:\/\/vapemaison.com\/de\/wp-json\/wp\/v2\/product\/11219","targetHints":{"allow":["GET"]}}],"collection":[{"href":"https:\/\/vapemaison.com\/de\/wp-json\/wp\/v2\/product"}],"about":[{"href":"https:\/\/vapemaison.com\/de\/wp-json\/wp\/v2\/types\/product"}],"replies":[{"embeddable":true,"href":"https:\/\/vapemaison.com\/de\/wp-json\/wp\/v2\/comments?post=11219"}],"version-history":[{"count":1,"href":"https:\/\/vapemaison.com\/de\/wp-json\/wp\/v2\/product\/11219\/revisions"}],"predecessor-version":[{"id":27795,"href":"https:\/\/vapemaison.com\/de\/wp-json\/wp\/v2\/product\/11219\/revisions\/27795"}],"wp:featuredmedia":[{"embeddable":true,"href":"https:\/\/vapemaison.com\/de\/wp-json\/wp\/v2\/media\/11272"}],"wp:attachment":[{"href":"https:\/\/vapemaison.com\/de\/wp-json\/wp\/v2\/media?parent=11219"}],"wp:term":[{"taxonomy":"product_brand","embeddable":true,"href":"https:\/\/vapemaison.com\/de\/wp-json\/wp\/v2\/product_brand?post=11219"},{"taxonomy":"product_cat","embeddable":true,"href":"https:\/\/vapemaison.com\/de\/wp-json\/wp\/v2\/product_cat?post=11219"},{"taxonomy":"product_tag","embeddable":true,"href":"https:\/\/vapemaison.com\/de\/wp-json\/wp\/v2\/product_tag?post=11219"}],"curies":[{"name":"wp","href":"https:\/\/api.w.org\/{rel}","templated":true}]}}