

{"id":11220,"date":"2025-11-11T06:33:44","date_gmt":"2025-11-11T06:33:44","guid":{"rendered":"https:\/\/vapemaison.com\/?post_type=product&#038;p=11220"},"modified":"2026-02-10T06:55:19","modified_gmt":"2026-02-10T06:55:19","slug":"jnr-mediamax-40000-puffs","status":"publish","type":"product","link":"https:\/\/vapemaison.com\/de\/product\/jnr-mediamax-40000-puffs\/","title":{"rendered":"JNR MediaMax 40000 Puffs"},"content":{"rendered":"<h2 class=\"wp-block-heading\"><strong>JNR MediaMax 40K Disposable Vape - 40.000 Z\u00fcge mit intelligenten Funktionen<\/strong><\/h2>\n\n\n\n<p>Entdecken Sie die <strong>JNR MediaMax 40K<\/strong>, die weltweit erste <strong>40.000-Puste<\/strong> wiederaufladbares Ger\u00e4t mit Smartphone-\u00e4hnlichen Funktionen! Durch die Kombination von Spitzentechnologie, einem wiederaufladbaren 1000mAh-Akku und einem Fassungsverm\u00f6gen von 21mL E-Liquid ist dieses Ger\u00e4t konzipiert f\u00fcr <strong>Langlebig<\/strong> und <strong>anpassbar<\/strong> Vaping-Erfahrungen. Ob Sie bevorzugen <strong>Regul\u00e4rer Modus<\/strong> oder <strong>Impuls-Modus<\/strong>, die <strong>JNR MediaMax 40K<\/strong> bietet einen unvergleichlichen Vape mit bis zu <strong>40.000 Z\u00fcge<\/strong> im regul\u00e4ren Modus und <strong>20.000 Z\u00fcge<\/strong> im Impulsmodus, um ein Maximum an Zufriedenheit und Geschmack zu gew\u00e4hrleisten.<\/p>\n\n\n\n<h3 class=\"wp-block-heading\"><strong>Wesentliche Merkmale<\/strong><\/h3>\n\n\n\n<ul class=\"wp-block-list\">\n<li><strong>Bis zu 40.000 Puffs<\/strong>:<br>Genie\u00dfen Sie bis zu <strong>40.000 Z\u00fcge<\/strong> in <strong>Regul\u00e4rer Modus<\/strong> oder <strong>20.000 Z\u00fcge<\/strong> in <strong>Impuls-Modus<\/strong>-Perfekt f\u00fcr l\u00e4ngeren Gebrauch oder intensivere Dampferzeugung.<\/li>\n\n\n\n<li><strong>Wiederaufladbare 1000mAh Batterie<\/strong>:<br>Keine Einweg-Vapes mehr! Die <strong>1000mAh wiederaufladbare Batterie<\/strong> sorgt f\u00fcr eine lang anhaltende Leistung, so dass Sie sich w\u00e4hrend Ihrer Vaping-Sessions keine Sorgen um ein totes Ger\u00e4t machen m\u00fcssen.<\/li>\n\n\n\n<li><strong>Dualer Modus f\u00fcr anpassbares Vaping<\/strong>:<br>W\u00e4hlen Sie <strong>Regul\u00e4rer Modus<\/strong> f\u00fcr einen sanften und gleichm\u00e4\u00dfigen Kehlkopfschlag, oder wechseln Sie zu <strong>Impuls-Modus<\/strong> f\u00fcr ein dichteres und schmackhafteres Erlebnis.<\/li>\n\n\n\n<li><strong>MTL (Mouth-To-Lung) Vaping<\/strong>:<br>Konzipiert f\u00fcr <strong>MTL-Vapern<\/strong>, Dieses Ger\u00e4t bietet das Gef\u00fchl des traditionellen Zigarettenrauchens mit sanftem, befriedigendem Dampf.<\/li>\n\n\n\n<li><strong>2,4-Zoll-HD-Touchscreen<\/strong>:<br>\u00dcber den integrierten Touchscreen haben Sie einfachen Zugriff auf den Batteriestatus, die Anzahl der Puffs und die Einstellungen und k\u00f6nnen Ihr Ger\u00e4t so vollst\u00e4ndig steuern.<\/li>\n\n\n\n<li><strong>Smartphone-\u00e4hnliche Funktionen<\/strong>:\n<ul class=\"wp-block-list\">\n<li><strong>Benachrichtigungen \u00fcber Anrufe und Nachrichten<\/strong>: Bleiben Sie auf dem Laufenden, ohne Ihr Telefon herauszuholen.<\/li>\n\n\n\n<li><strong>Fernsteuerung der Kamera<\/strong>: Nehmen Sie Selfies oder Gruppenfotos aus der Ferne auf.<\/li>\n\n\n\n<li><strong>Finden Sie Ihr Telefon<\/strong>: Mit der Telefonsuchfunktion des Ger\u00e4ts verlieren Sie nie wieder Ihr Telefon.<\/li>\n\n\n\n<li><strong>Sperrmodus<\/strong>: Verhindern Sie eine versehentliche Aktivierung und bewahren Sie Ihr Vape sicher in Ihrer Tasche auf.<\/li>\n<\/ul>\n<\/li>\n\n\n\n<li><strong>21mL E-Liquid Kapazit\u00e4t<\/strong>:<br>Mit gro\u00dfz\u00fcgigen 21 ml e-Fl\u00fcssigkeit bietet dieses Ger\u00e4t lang anhaltende Zufriedenheit, ohne dass h\u00e4ufiges Nachf\u00fcllen erforderlich ist.<\/li>\n\n\n\n<li><strong>Nikotinst\u00e4rke<\/strong>:<br>Die <strong>JNR MediaMax 40K<\/strong> kommt mit einem <strong>2% Nikotinkonzentration<\/strong>, und bietet ein sanftes, aber befriedigendes Erlebnis ohne \u00fcberw\u00e4ltigende Hits.<\/li>\n<\/ul>\n\n\n\n<h3 class=\"wp-block-heading\"><strong>Warum sollten Sie sich f\u00fcr den JNR MediaMax 40K entscheiden?<\/strong><\/h3>\n\n\n\n<ul class=\"wp-block-list\">\n<li><strong>Fortschrittliche Technologie<\/strong>: Die <strong>JNR MediaMax 40K<\/strong> bringt die neueste Vaping-Technologie, mit Funktionen wie einem <strong>2,4-Zoll-HD-Touchscreen<\/strong>, <strong>Smartphone-Benachrichtigungen<\/strong>, und sogar eine <strong>Fernsteuerung der Kamera<\/strong>.<\/li>\n\n\n\n<li><strong>Langlebige Leistung<\/strong>: Mit bis zu <strong>40.000 Z\u00fcge<\/strong>, a <strong>1000mAh wiederaufladbare Batterie<\/strong>, und eine <strong>21mL e-Fl\u00fcssigkeit Kapazit\u00e4t<\/strong>, ist dieses Ger\u00e4t gebaut f\u00fcr <strong>erweiterte Nutzung<\/strong>, perfekt f\u00fcr Dampfer, die ein lang anhaltendes, ununterbrochenes Erlebnis genie\u00dfen.<\/li>\n\n\n\n<li><strong>Anpassbares Vaping<\/strong>: W\u00e4hlen Sie zwischen <strong>Regul\u00e4rer Modus<\/strong> f\u00fcr einen sanften Kehlkopfschlag oder <strong>Impuls-Modus<\/strong> f\u00fcr ein noch intensiveres Erlebnis. Die <strong>MTL<\/strong> Vaping-Stil sorgt f\u00fcr Zufriedenheit bei jedem Zug.<\/li>\n\n\n\n<li><strong>Intelligente Funktionen<\/strong>: Bleiben Sie in Verbindung mit <strong>Benachrichtigungen \u00fcber Anrufe und Nachrichten<\/strong>, verwenden Sie die <strong>Finden Sie Ihr Telefon<\/strong> Funktion, und nehmen Sie perfekte Fotos mit der <strong>Fernsteuerung der Kamera<\/strong>.<\/li>\n\n\n\n<li><strong>Einfach und sicher in der Anwendung<\/strong>: Mit seinem <strong>Sperrmodus<\/strong>, k\u00f6nnen Sie Ihr Ger\u00e4t unbesorgt mit sich f\u00fchren, da eine versehentliche Aktivierung verhindert wird.<\/li>\n<\/ul>\n\n\n\n<h3 class=\"wp-block-heading\"><strong>Spezifikationen<\/strong><\/h3>\n\n\n\n<figure class=\"wp-block-table\"><table class=\"has-fixed-layout\"><thead><tr><th>Merkmal<\/th><th>Einzelheiten<\/th><\/tr><\/thead><tbody><tr><td><strong>Batterie<\/strong><\/td><td>1000mAh wiederaufladbar<\/td><\/tr><tr><td><strong>Anzahl der Puffs<\/strong><\/td><td>Bis zu 40.000 (Normalmodus) \/ 20.000 (Impulsmodus)<\/td><\/tr><tr><td><strong>E-Fl\u00fcssigkeit Kapazit\u00e4t<\/strong><\/td><td>21mL<\/td><\/tr><tr><td><strong>Nikotinst\u00e4rke<\/strong><\/td><td>2% (20mg)<\/td><\/tr><tr><td><strong>Spule Typ<\/strong><\/td><td>Doppelmaschiges Spulensystem<\/td><\/tr><tr><td><strong>Vaping-Stil<\/strong><\/td><td>MTL (Mund-zu-Lunge)<\/td><\/tr><tr><td><strong>Bildschirm<\/strong><\/td><td>2,4-Zoll-HD-Touchscreen<\/td><\/tr><tr><td><strong>Intelligente Funktionen<\/strong><\/td><td>Anruf-\/Nachrichtenbenachrichtigungen, Kamerasteuerung, Telefon suchen<\/td><\/tr><tr><td><strong>Sicherheit<\/strong><\/td><td>Sperrmodus<\/td><\/tr><tr><td><strong>Abmessungen<\/strong><\/td><td>Kompakt und tragbar<\/td><\/tr><\/tbody><\/table><\/figure>\n\n\n\n<h3 class=\"wp-block-heading\"><strong>Bestellen Sie den JNR MediaMax 40K noch heute!<\/strong><\/h3>\n\n\n\n<p>Erleben Sie die Zukunft des Verdampfens mit dem <strong>JNR MediaMax 40K Einweg-Vape<\/strong>. Das Angebot <strong>bis zu 40.000 Z\u00fcge<\/strong>, <strong>Smartphone-\u00e4hnliche Funktionen<\/strong>, und anpassbaren Vaping-Modi ist er die ultimative Wahl f\u00fcr Vaper, die das Beste an Leistung und Komfort wollen. <strong>Jetzt bestellen<\/strong> und genie\u00dfen Sie ein revolution\u00e4res Vaping-Erlebnis!<\/p>","protected":false},"excerpt":{"rendered":"<p>JNR MediaMax 40K Disposable Vape &#8211; 40,000 Puffs with Smart Features Discover the JNR MediaMax 40K, the world\u2019s first 40,000-puff rechargeable vape with smartphone-like features! Combining cutting-edge technology, a rechargeable 1000mAh battery, and a 21mL e-liquid capacity, this device is designed for long-lasting and customizable vaping experiences. Whether you prefer Regular Mode or Pulse Mode, [&hellip;]<\/p>\n","protected":false},"featured_media":11274,"comment_status":"open","ping_status":"closed","template":"","meta":[],"product_brand":[168],"product_cat":[135],"product_tag":[],"class_list":{"0":"post-11220","1":"product","2":"type-product","3":"status-publish","4":"has-post-thumbnail","6":"product_brand-jnr","7":"product_cat-40k-puffs","9":"first","10":"instock","11":"sale","12":"shipping-taxable","13":"purchasable","14":"product-type-variable"},"yoast_head":"<!-- This site is optimized with the Yoast SEO plugin v27.4 - https:\/\/yoast.com\/product\/yoast-seo-wordpress\/ -->\n<title>JNR MediaMax 40K Disposable Vape \u2013 40,000 Puffs<\/title>\n<meta name=\"description\" content=\"Discover the JNR MediaMax 40K disposable vape with up to 40,000 puffs. Perfect for MTL vapers looking for long-lasting performance and flavor.\" \/>\n<meta name=\"robots\" content=\"index, follow, max-snippet:-1, max-image-preview:large, max-video-preview:-1\" \/>\n<link rel=\"canonical\" href=\"https:\/\/vapemaison.com\/de\/product\/jnr-mediamax-40000-puffs\/\" \/>\n<meta property=\"og:locale\" content=\"de_DE\" \/>\n<meta property=\"og:type\" content=\"article\" \/>\n<meta property=\"og:title\" content=\"JNR MediaMax 40K Disposable Vape \u2013 40,000 Puffs\" \/>\n<meta property=\"og:description\" content=\"Discover the JNR MediaMax 40K disposable vape with up to 40,000 puffs. Perfect for MTL vapers looking for long-lasting performance and flavor.\" \/>\n<meta property=\"og:url\" content=\"https:\/\/vapemaison.com\/de\/product\/jnr-mediamax-40000-puffs\/\" \/>\n<meta property=\"og:site_name\" content=\"VapeMaison\" \/>\n<meta property=\"article:modified_time\" content=\"2026-02-10T06:55:19+00:00\" \/>\n<meta property=\"og:image\" content=\"https:\/\/vapemaison.com\/wp-content\/uploads\/2025\/11\/jnr-mediamax-1-1.jpg\" \/>\n\t<meta property=\"og:image:width\" content=\"800\" \/>\n\t<meta property=\"og:image:height\" content=\"800\" \/>\n\t<meta property=\"og:image:type\" content=\"image\/jpeg\" \/>\n<meta name=\"twitter:card\" content=\"summary_large_image\" \/>\n<meta name=\"twitter:label1\" content=\"Gesch\u00e4tzte Lesezeit\" \/>\n\t<meta name=\"twitter:data1\" content=\"3\u00a0Minuten\" \/>\n<!-- \/ Yoast SEO plugin. -->","yoast_head_json":{"title":"JNR MediaMax 40K Einweg-Vape - 40.000 Z\u00fcge","description":"Entdecken Sie den JNR MediaMax 40K Einwegdampfer mit bis zu 40.000 Z\u00fcgen. Perfekt f\u00fcr MTL-Vaporizer auf der Suche nach lang anhaltender Leistung und Geschmack.","robots":{"index":"index","follow":"follow","max-snippet":"max-snippet:-1","max-image-preview":"max-image-preview:large","max-video-preview":"max-video-preview:-1"},"canonical":"https:\/\/vapemaison.com\/de\/product\/jnr-mediamax-40000-puffs\/","og_locale":"de_DE","og_type":"article","og_title":"JNR MediaMax 40K Disposable Vape \u2013 40,000 Puffs","og_description":"Discover the JNR MediaMax 40K disposable vape with up to 40,000 puffs. Perfect for MTL vapers looking for long-lasting performance and flavor.","og_url":"https:\/\/vapemaison.com\/de\/product\/jnr-mediamax-40000-puffs\/","og_site_name":"VapeMaison","article_modified_time":"2026-02-10T06:55:19+00:00","og_image":[{"width":800,"height":800,"url":"https:\/\/vapemaison.com\/wp-content\/uploads\/2025\/11\/jnr-mediamax-1-1.jpg","type":"image\/jpeg"}],"twitter_card":"summary_large_image","twitter_misc":{"Gesch\u00e4tzte Lesezeit":"3\u00a0Minuten"},"schema":{"@context":"https:\/\/schema.org","@graph":[{"@type":"WebPage","@id":"https:\/\/vapemaison.com\/product\/jnr-mediamax-40000-puffs\/","url":"https:\/\/vapemaison.com\/product\/jnr-mediamax-40000-puffs\/","name":"JNR MediaMax 40K Einweg-Vape - 40.000 Z\u00fcge","isPartOf":{"@id":"https:\/\/vapemaison.com\/#website"},"primaryImageOfPage":{"@id":"https:\/\/vapemaison.com\/product\/jnr-mediamax-40000-puffs\/#primaryimage"},"image":{"@id":"https:\/\/vapemaison.com\/product\/jnr-mediamax-40000-puffs\/#primaryimage"},"thumbnailUrl":"https:\/\/vapemaison.com\/wp-content\/uploads\/2025\/11\/jnr-mediamax-1-1.jpg","datePublished":"2025-11-11T06:33:44+00:00","dateModified":"2026-02-10T06:55:19+00:00","description":"Entdecken Sie den JNR MediaMax 40K Einwegdampfer mit bis zu 40.000 Z\u00fcgen. Perfekt f\u00fcr MTL-Vaporizer auf der Suche nach lang anhaltender Leistung und Geschmack.","breadcrumb":{"@id":"https:\/\/vapemaison.com\/product\/jnr-mediamax-40000-puffs\/#breadcrumb"},"inLanguage":"de","potentialAction":[{"@type":"ReadAction","target":["https:\/\/vapemaison.com\/product\/jnr-mediamax-40000-puffs\/"]}]},{"@type":"ImageObject","inLanguage":"de","@id":"https:\/\/vapemaison.com\/product\/jnr-mediamax-40000-puffs\/#primaryimage","url":"https:\/\/vapemaison.com\/wp-content\/uploads\/2025\/11\/jnr-mediamax-1-1.jpg","contentUrl":"https:\/\/vapemaison.com\/wp-content\/uploads\/2025\/11\/jnr-mediamax-1-1.jpg","width":800,"height":800,"caption":"Jnr Mediamax 1 Disposable Vape Device"},{"@type":"BreadcrumbList","@id":"https:\/\/vapemaison.com\/product\/jnr-mediamax-40000-puffs\/#breadcrumb","itemListElement":[{"@type":"ListItem","position":1,"name":"\u9996\u9875","item":"https:\/\/vapemaison.com\/"},{"@type":"ListItem","position":2,"name":"Shop","item":"https:\/\/vapemaison.com\/shop\/"},{"@type":"ListItem","position":3,"name":"JNR","item":"https:\/\/vapemaison.com\/brand\/jnr\/"},{"@type":"ListItem","position":4,"name":"JNR MediaMax 40000 Puffs"}]},{"@type":"WebSite","@id":"https:\/\/vapemaison.com\/#website","url":"https:\/\/vapemaison.com\/","name":"VapeMaison","description":"Premium Vaping-Ger\u00e4te und Zubeh\u00f6r","publisher":{"@id":"https:\/\/vapemaison.com\/#organization"},"potentialAction":[{"@type":"SearchAction","target":{"@type":"EntryPoint","urlTemplate":"https:\/\/vapemaison.com\/?s={search_term_string}"},"query-input":{"@type":"PropertyValueSpecification","valueRequired":true,"valueName":"search_term_string"}}],"inLanguage":"de"},{"@type":"Organization","@id":"https:\/\/vapemaison.com\/#organization","name":"VapeMaison","url":"https:\/\/vapemaison.com\/","logo":{"@type":"ImageObject","inLanguage":"de","@id":"https:\/\/vapemaison.com\/#\/schema\/logo\/image\/","url":"https:\/\/vapemaison.com\/wp-content\/uploads\/2026\/01\/cropped-vapemaison-logo-g-2026.webp","contentUrl":"https:\/\/vapemaison.com\/wp-content\/uploads\/2026\/01\/cropped-vapemaison-logo-g-2026.webp","width":350,"height":280,"caption":"VapeMaison"},"image":{"@id":"https:\/\/vapemaison.com\/#\/schema\/logo\/image\/"},"sameAs":["https:\/\/www.youtube.com\/@VapeMaison"]}]}},"tiered_pricing_type":"fixed","tiered_pricing_fixed_rules":{"30":"13.98","50":"12.64","100":"11.88","200":"10.78"},"tiered_pricing_product_settings":{"layout":"default","base_unit_name":{"singular":null,"plural":null},"default_variation":null},"tiered_pricing_minimum_quantity":10,"tiered_pricing_roles_data":[],"tiered_pricing_percentage_rules":[],"tiered_pricing_maximum_quantity":null,"tiered_pricing_quantity_step":"10","_links":{"self":[{"href":"https:\/\/vapemaison.com\/de\/wp-json\/wp\/v2\/product\/11220","targetHints":{"allow":["GET"]}}],"collection":[{"href":"https:\/\/vapemaison.com\/de\/wp-json\/wp\/v2\/product"}],"about":[{"href":"https:\/\/vapemaison.com\/de\/wp-json\/wp\/v2\/types\/product"}],"replies":[{"embeddable":true,"href":"https:\/\/vapemaison.com\/de\/wp-json\/wp\/v2\/comments?post=11220"}],"version-history":[{"count":1,"href":"https:\/\/vapemaison.com\/de\/wp-json\/wp\/v2\/product\/11220\/revisions"}],"predecessor-version":[{"id":27195,"href":"https:\/\/vapemaison.com\/de\/wp-json\/wp\/v2\/product\/11220\/revisions\/27195"}],"wp:featuredmedia":[{"embeddable":true,"href":"https:\/\/vapemaison.com\/de\/wp-json\/wp\/v2\/media\/11274"}],"wp:attachment":[{"href":"https:\/\/vapemaison.com\/de\/wp-json\/wp\/v2\/media?parent=11220"}],"wp:term":[{"taxonomy":"product_brand","embeddable":true,"href":"https:\/\/vapemaison.com\/de\/wp-json\/wp\/v2\/product_brand?post=11220"},{"taxonomy":"product_cat","embeddable":true,"href":"https:\/\/vapemaison.com\/de\/wp-json\/wp\/v2\/product_cat?post=11220"},{"taxonomy":"product_tag","embeddable":true,"href":"https:\/\/vapemaison.com\/de\/wp-json\/wp\/v2\/product_tag?post=11220"}],"curies":[{"name":"wp","href":"https:\/\/api.w.org\/{rel}","templated":true}]}}