

{"id":12334,"date":"2025-11-11T08:46:38","date_gmt":"2025-11-11T08:46:38","guid":{"rendered":"https:\/\/vapemaison.com\/?post_type=product&#038;p=12334"},"modified":"2026-04-14T07:27:51","modified_gmt":"2026-04-14T07:27:51","slug":"elf-bar-gh-23000-kirsche-cola","status":"publish","type":"product","link":"https:\/\/vapemaison.com\/de\/product\/elf-bar-gh-23000-cherry-cola\/","title":{"rendered":"ELF BAR GH23000 - Elfbar Cola 5%"},"content":{"rendered":"<h3 class=\"wp-block-heading\"><strong>ELF BAR GH23000 Disposable Vape - Leistung, Geschmack und Innovation kombiniert<\/strong><\/h3>\n\n\n\n<p>Steigen Sie ein in die n\u00e4chste Generation des Verdampfens mit dem <strong>ELF BAR GH23000<\/strong>, ist ein leistungsstarker Einwegdampfer, der f\u00fcr lange Zufriedenheit und reibungslosen Betrieb entwickelt wurde. Gebaut f\u00fcr Komfort und Geschmack Enthusiasten gleicherma\u00dfen, bietet es au\u00dfergew\u00f6hnliche Kapazit\u00e4t, fortschrittliche Technologie und m\u00fchelose Benutzerfreundlichkeit.<\/p>\n\n\n\n<p>Mit einem <strong>23ml vorgef\u00fcllte e-Fl\u00fcssigkeit Kapazit\u00e4t<\/strong> und eine <strong>wiederaufladbarer 850mAh-Akku<\/strong>, Mit der ELF BAR GH23000 k\u00f6nnen Sie lange Sitzungen ohne h\u00e4ufiges Aufladen oder Nachf\u00fcllen durchf\u00fchren.<br>Seine <strong>dreifach vernetztes Spulensystem<\/strong> liefert reichhaltigen, konsistenten Geschmack und dichten Dampf mit jedem Zug - bis zu <strong>23.000 Z\u00fcge pro Ger\u00e4t<\/strong>.<\/p>\n\n\n\n<p>Dank seines schlanken, ergonomischen Designs liegt er gut in der Hand und l\u00e4sst sich leicht transportieren, sodass er in jede Tasche passt.<br>A <strong>digitaler Bildschirm<\/strong> h\u00e4lt Sie in Echtzeit \u00fcber Ihren Fl\u00fcssigkeits- und Akkustand auf dem Laufenden, so dass Sie immer bereit sind, ohne Unterbrechung zu dampfen.<\/p>\n\n\n\n<h4 class=\"wp-block-heading\"><strong>Wesentliche Merkmale<\/strong><\/h4>\n\n\n\n<ul class=\"wp-block-list\">\n<li><strong>Hohe E-Fl\u00fcssigkeitskapazit\u00e4t:<\/strong> 23ml Premium E-Liquid f\u00fcr lang anhaltenden Gebrauch.<\/li>\n\n\n\n<li><strong>Massive Puffanzahl:<\/strong> Bis zu 23.000 Z\u00fcge pro Ger\u00e4t.<\/li>\n\n\n\n<li><strong>Batteriebetrieb:<\/strong> 850-mAh-Akku f\u00fcr konstante Leistung.<\/li>\n\n\n\n<li><strong>Bildschirm:<\/strong> Echtzeit-\u00dcberwachung des Batterie- und Fl\u00fcssigkeitsstands.<\/li>\n\n\n\n<li><strong>Dreifach-Maschenspule:<\/strong> Sorgt f\u00fcr sanftes Dampfen, intensives Aroma und reinen Geschmack.<\/li>\n\n\n\n<li><strong>Zeichnungsaktiviertes System:<\/strong> Einfach und benutzerfreundlich - keine Tasten, keine Einrichtung.<\/li>\n\n\n\n<li><strong>Kompaktes Design:<\/strong> 52 mm \u00d7 28 mm \u00d7 94 mm, ideal f\u00fcr Tragbarkeit und Komfort.<\/li>\n<\/ul>\n\n\n\n<h4 class=\"wp-block-heading\"><strong>Warum ELF BAR GH23000 w\u00e4hlen?<\/strong><\/h4>\n\n\n\n<p>Die ELF BAR GH23000 zeichnet sich aus durch die Kombination von <strong>Stil, Leistung und Komfort<\/strong>.<br>Es ist die perfekte Wahl f\u00fcr Benutzer, die eine hohe Leistung ohne l\u00e4stiges Nachf\u00fcllen oder Wartung w\u00fcnschen.<br>Ob Sie nun fruchtige, eisige oder klassische Mischungen bevorzugen, jeder Zug ist sanft, befriedigend und voller Geschmack.<\/p>\n\n\n\n<h4 class=\"wp-block-heading\"><strong>Produktspezifikationen<\/strong><\/h4>\n\n\n\n<ul class=\"wp-block-list\">\n<li><strong>Geschmack:<\/strong> Kirsche Cola<\/li>\n\n\n\n<li><strong>Nikotinst\u00e4rke:<\/strong> 5% (50mg)<\/li>\n\n\n\n<li><strong>Puffs:<\/strong> Bis zu 23.000<\/li>\n\n\n\n<li><strong>E-Fl\u00fcssigkeit Kapazit\u00e4t:<\/strong> 23ml<\/li>\n\n\n\n<li><strong>Batteriekapazit\u00e4t:<\/strong> 850mAh (wiederaufladbar)<\/li>\n\n\n\n<li><strong>Spulentyp:<\/strong> Dreifach-Masche<\/li>\n\n\n\n<li><strong>Aufladen:<\/strong> Typ-C<\/li>\n<\/ul>\n\n\n\n<p>Entdecken Sie mehr aus unserer Kollektion, um das perfekte Ger\u00e4t f\u00fcr Ihre Bed\u00fcrfnisse zu finden. Durchst\u00f6bern Sie unser gesamtes Sortiment auf der <strong><a href=\"https:\/\/vapemaison.com\/\" type=\"link\" id=\"https:\/\/vapemaison.com\/\">Homepage<\/a><\/strong>, entdecken Sie \u00e4hnliche Hochleistungsger\u00e4te auf der <strong><a href=\"https:\/\/vapemaison.com\/shop\/\" type=\"link\" id=\"https:\/\/vapemaison.com\/shop\/\">Einweg-Vape-Laden<\/a><\/strong>, oder erfahren Sie mehr \u00fcber die bew\u00e4hrte Qualit\u00e4t der <strong><a href=\"https:\/\/vapemaison.com\/brand\/elfbar\/\" type=\"link\" id=\"https:\/\/vapemaison.com\/brand\/elfbar\/\">Marke Elfbar<\/a><\/strong>.<\/p>\n\n\n\n<p>Wenn Sie verschiedene Nutzungsgrade vergleichen m\u00f6chten, sehen Sie sich unsere <strong><a href=\"https:\/\/vapemaison.com\/product-category\/puffs-count\/23k-puffs\/\" type=\"link\" id=\"https:\/\/vapemaison.com\/product-category\/puffs-count\/23k-puffs\/\">23K Puffs<\/a><\/strong> um Ger\u00e4te zu finden, die Ihrer bevorzugten Kapazit\u00e4t entsprechen - von kompakten Optionen bis hin zu Modellen mit extrem hoher Puffleistung.<\/p>\n\n\n\n<p><\/p>","protected":false},"excerpt":{"rendered":"<p>Die ELF BAR GH23000 liefert bis zu 23.000 Z\u00fcge geschmeidigen, geschmackvollen Dampfes. Mit einem 23ml e-Fl\u00fcssigkeitstank, einer dreifachen Mesh-Spule und einem wiederaufladbaren 850mAh-Akku ist er f\u00fcr dauerhafte Zufriedenheit gebaut.<\/p>","protected":false},"featured_media":12777,"comment_status":"open","ping_status":"closed","template":"","meta":[],"product_brand":[177],"product_cat":[288],"product_tag":[],"class_list":{"0":"post-12334","1":"product","2":"type-product","3":"status-publish","4":"has-post-thumbnail","6":"product_brand-elfbar","7":"product_cat-23k-puffs","9":"first","10":"instock","11":"sale","12":"shipping-taxable","13":"purchasable","14":"product-type-variable"},"yoast_head":"<!-- This site is optimized with the Yoast SEO plugin v27.4 - https:\/\/yoast.com\/product\/yoast-seo-wordpress\/ -->\n<title>ELFBAR 23000 Disposable Vape | Elfbar Cola 23k Puffs<\/title>\n<meta name=\"description\" content=\"Experience the ELFBAR 23000 \u2013 Elfbar Cola, 850mAh rechargeable battery, and up to 23k puff. Enjoy smooth flavor, rich vapor, and modern design.\" \/>\n<meta name=\"robots\" content=\"index, follow, max-snippet:-1, max-image-preview:large, max-video-preview:-1\" \/>\n<link rel=\"canonical\" href=\"https:\/\/vapemaison.com\/de\/product\/elf-bar-gh-23000-kirsche-cola\/\" \/>\n<meta property=\"og:locale\" content=\"de_DE\" \/>\n<meta property=\"og:type\" content=\"article\" \/>\n<meta property=\"og:title\" content=\"ELFBAR 23000 Disposable Vape | Elfbar Cola 23k Puffs\" \/>\n<meta property=\"og:description\" content=\"Experience the ELFBAR 23000 \u2013 Elfbar Cola, 850mAh rechargeable battery, and up to 23k puff. Enjoy smooth flavor, rich vapor, and modern design.\" \/>\n<meta property=\"og:url\" content=\"https:\/\/vapemaison.com\/de\/product\/elf-bar-gh-23000-kirsche-cola\/\" \/>\n<meta property=\"og:site_name\" content=\"VapeMaison\" \/>\n<meta property=\"article:modified_time\" content=\"2026-04-14T07:27:51+00:00\" \/>\n<meta property=\"og:image\" content=\"https:\/\/vapemaison.com\/wp-content\/uploads\/2025\/11\/elf-bar-gh23000-cherry-cola-disposable-pod-vape-50mg.webp\" \/>\n\t<meta property=\"og:image:width\" content=\"700\" \/>\n\t<meta property=\"og:image:height\" content=\"700\" \/>\n\t<meta property=\"og:image:type\" content=\"image\/webp\" \/>\n<meta name=\"twitter:card\" content=\"summary_large_image\" \/>\n<meta name=\"twitter:label1\" content=\"Gesch\u00e4tzte Lesezeit\" \/>\n\t<meta name=\"twitter:data1\" content=\"2\u00a0Minuten\" \/>\n<!-- \/ Yoast SEO plugin. -->","yoast_head_json":{"title":"ELFBAR 23000 Einweg Vape | Elfbar Cola 23k Puffs","description":"Erleben Sie die ELFBAR 23000 - Elfbar Cola, 850mAh Akku, und bis zu 23k Puff. Genie\u00dfen Sie weichen Geschmack, reichen Dampf, und modernes Design.","robots":{"index":"index","follow":"follow","max-snippet":"max-snippet:-1","max-image-preview":"max-image-preview:large","max-video-preview":"max-video-preview:-1"},"canonical":"https:\/\/vapemaison.com\/de\/product\/elf-bar-gh-23000-kirsche-cola\/","og_locale":"de_DE","og_type":"article","og_title":"ELFBAR 23000 Disposable Vape | Elfbar Cola 23k Puffs","og_description":"Experience the ELFBAR 23000 \u2013 Elfbar Cola, 850mAh rechargeable battery, and up to 23k puff. Enjoy smooth flavor, rich vapor, and modern design.","og_url":"https:\/\/vapemaison.com\/de\/product\/elf-bar-gh-23000-kirsche-cola\/","og_site_name":"VapeMaison","article_modified_time":"2026-04-14T07:27:51+00:00","og_image":[{"width":700,"height":700,"url":"https:\/\/vapemaison.com\/wp-content\/uploads\/2025\/11\/elf-bar-gh23000-cherry-cola-disposable-pod-vape-50mg.webp","type":"image\/webp"}],"twitter_card":"summary_large_image","twitter_misc":{"Gesch\u00e4tzte Lesezeit":"2\u00a0Minuten"},"schema":{"@context":"https:\/\/schema.org","@graph":[{"@type":"WebPage","@id":"https:\/\/vapemaison.com\/product\/elf-bar-gh-23000-cherry-cola\/","url":"https:\/\/vapemaison.com\/product\/elf-bar-gh-23000-cherry-cola\/","name":"ELFBAR 23000 Einweg Vape | Elfbar Cola 23k Puffs","isPartOf":{"@id":"https:\/\/vapemaison.com\/#website"},"primaryImageOfPage":{"@id":"https:\/\/vapemaison.com\/product\/elf-bar-gh-23000-cherry-cola\/#primaryimage"},"image":{"@id":"https:\/\/vapemaison.com\/product\/elf-bar-gh-23000-cherry-cola\/#primaryimage"},"thumbnailUrl":"https:\/\/vapemaison.com\/wp-content\/uploads\/2025\/11\/elf-bar-gh23000-cherry-cola-disposable-pod-vape-50mg.webp","datePublished":"2025-11-11T08:46:38+00:00","dateModified":"2026-04-14T07:27:51+00:00","description":"Erleben Sie die ELFBAR 23000 - Elfbar Cola, 850mAh Akku, und bis zu 23k Puff. Genie\u00dfen Sie weichen Geschmack, reichen Dampf, und modernes Design.","breadcrumb":{"@id":"https:\/\/vapemaison.com\/product\/elf-bar-gh-23000-cherry-cola\/#breadcrumb"},"inLanguage":"de","potentialAction":[{"@type":"ReadAction","target":["https:\/\/vapemaison.com\/product\/elf-bar-gh-23000-cherry-cola\/"]}]},{"@type":"ImageObject","inLanguage":"de","@id":"https:\/\/vapemaison.com\/product\/elf-bar-gh-23000-cherry-cola\/#primaryimage","url":"https:\/\/vapemaison.com\/wp-content\/uploads\/2025\/11\/elf-bar-gh23000-cherry-cola-disposable-pod-vape-50mg.webp","contentUrl":"https:\/\/vapemaison.com\/wp-content\/uploads\/2025\/11\/elf-bar-gh23000-cherry-cola-disposable-pod-vape-50mg.webp","width":700,"height":700,"caption":"Elf Bar Gh Cherry Cola Disposable Vape Pod 50mg"},{"@type":"BreadcrumbList","@id":"https:\/\/vapemaison.com\/product\/elf-bar-gh-23000-cherry-cola\/#breadcrumb","itemListElement":[{"@type":"ListItem","position":1,"name":"\u9996\u9875","item":"https:\/\/vapemaison.com\/"},{"@type":"ListItem","position":2,"name":"Shop","item":"https:\/\/vapemaison.com\/shop\/"},{"@type":"ListItem","position":3,"name":"Elfbar","item":"https:\/\/vapemaison.com\/brand\/elfbar\/"},{"@type":"ListItem","position":4,"name":"ELF BAR GH23000 &#8211; Elfbar Cola 5%"}]},{"@type":"WebSite","@id":"https:\/\/vapemaison.com\/#website","url":"https:\/\/vapemaison.com\/","name":"VapeMaison","description":"Premium Vaping-Ger\u00e4te und Zubeh\u00f6r","publisher":{"@id":"https:\/\/vapemaison.com\/#organization"},"potentialAction":[{"@type":"SearchAction","target":{"@type":"EntryPoint","urlTemplate":"https:\/\/vapemaison.com\/?s={search_term_string}"},"query-input":{"@type":"PropertyValueSpecification","valueRequired":true,"valueName":"search_term_string"}}],"inLanguage":"de"},{"@type":"Organization","@id":"https:\/\/vapemaison.com\/#organization","name":"VapeMaison","url":"https:\/\/vapemaison.com\/","logo":{"@type":"ImageObject","inLanguage":"de","@id":"https:\/\/vapemaison.com\/#\/schema\/logo\/image\/","url":"https:\/\/vapemaison.com\/wp-content\/uploads\/2026\/01\/cropped-vapemaison-logo-g-2026.webp","contentUrl":"https:\/\/vapemaison.com\/wp-content\/uploads\/2026\/01\/cropped-vapemaison-logo-g-2026.webp","width":350,"height":280,"caption":"VapeMaison"},"image":{"@id":"https:\/\/vapemaison.com\/#\/schema\/logo\/image\/"},"sameAs":["https:\/\/www.youtube.com\/@VapeMaison"]}]}},"tiered_pricing_type":"fixed","tiered_pricing_fixed_rules":{"30":"15.42","50":"14.75","100":"13.63","200":"12.42"},"tiered_pricing_product_settings":{"layout":"default","base_unit_name":{"singular":null,"plural":null},"default_variation":null},"tiered_pricing_minimum_quantity":10,"tiered_pricing_roles_data":[],"tiered_pricing_percentage_rules":[],"tiered_pricing_maximum_quantity":null,"tiered_pricing_quantity_step":"10","_links":{"self":[{"href":"https:\/\/vapemaison.com\/de\/wp-json\/wp\/v2\/product\/12334","targetHints":{"allow":["GET"]}}],"collection":[{"href":"https:\/\/vapemaison.com\/de\/wp-json\/wp\/v2\/product"}],"about":[{"href":"https:\/\/vapemaison.com\/de\/wp-json\/wp\/v2\/types\/product"}],"replies":[{"embeddable":true,"href":"https:\/\/vapemaison.com\/de\/wp-json\/wp\/v2\/comments?post=12334"}],"version-history":[{"count":4,"href":"https:\/\/vapemaison.com\/de\/wp-json\/wp\/v2\/product\/12334\/revisions"}],"predecessor-version":[{"id":29394,"href":"https:\/\/vapemaison.com\/de\/wp-json\/wp\/v2\/product\/12334\/revisions\/29394"}],"wp:featuredmedia":[{"embeddable":true,"href":"https:\/\/vapemaison.com\/de\/wp-json\/wp\/v2\/media\/12777"}],"wp:attachment":[{"href":"https:\/\/vapemaison.com\/de\/wp-json\/wp\/v2\/media?parent=12334"}],"wp:term":[{"taxonomy":"product_brand","embeddable":true,"href":"https:\/\/vapemaison.com\/de\/wp-json\/wp\/v2\/product_brand?post=12334"},{"taxonomy":"product_cat","embeddable":true,"href":"https:\/\/vapemaison.com\/de\/wp-json\/wp\/v2\/product_cat?post=12334"},{"taxonomy":"product_tag","embeddable":true,"href":"https:\/\/vapemaison.com\/de\/wp-json\/wp\/v2\/product_tag?post=12334"}],"curies":[{"name":"wp","href":"https:\/\/api.w.org\/{rel}","templated":true}]}}