

{"id":12813,"date":"2025-11-12T05:40:56","date_gmt":"2025-11-12T05:40:56","guid":{"rendered":"https:\/\/vapemaison.com\/?post_type=product&#038;p=12813"},"modified":"2026-01-17T06:52:13","modified_gmt":"2026-01-17T06:52:13","slug":"vozol-vape-20000-blau-razz-eis","status":"publish","type":"product","link":"https:\/\/vapemaison.com\/de\/product\/vozol-vape-20000-blue-razz-ice\/","title":{"rendered":"VOZOL Gear Power 20000 | Duale Leistungsmodi &amp; S.i.L.C. Tech"},"content":{"rendered":"<p>VOZOL Gear Power 20000 Vape Blau Razz Ice<\/p>\n\n\n\n<p>Die <strong>Vozol Vape 20000<\/strong> <strong>Einwegartikel<\/strong> wurde entwickelt, um ein erstklassiges Vaping-Erlebnis mit fortschrittlichen <strong>S.i.L.C. Technologie<\/strong> und zwei Leistungsmodi. Mit bis zu <strong>20.000 Z\u00fcge<\/strong> in <strong>\u00d6ko-Modus<\/strong> oder <strong>12.000 Z\u00fcge<\/strong> in <strong>Leistungsmodus<\/strong>, Er sorgt f\u00fcr lang anhaltenden Genuss, ohne dass der Geschmack oder die Leistung beeintr\u00e4chtigt werden.<\/p>\n\n\n\n<p>Ob Sie ein Gelegenheitsdampfer oder ein erfahrener Dampfer sind, die <strong>Vozol Getriebe Power 20000<\/strong> bietet die perfekte Balance zwischen Zufriedenheit und Komfort. Ausgestattet mit einem <strong>Doppelmaschiges Spulensystem<\/strong> und eine <strong>LED-Vollsicht-Anzeige<\/strong>, Mit dieser Funktion k\u00f6nnen Sie Ihr Erlebnis an Ihre Vorlieben und Nutzungsanforderungen anpassen.<\/p>\n\n\n\n<h3 class=\"wp-block-heading\">Wesentliche Merkmale<\/h3>\n\n\n\n<p><strong>S.i.L.C. Technologie:<\/strong><br>Sorgt f\u00fcr ein sanftes, sauberes und gleichm\u00e4\u00dfiges Ziehen bei jedem Zug und damit f\u00fcr ein ultra-sanftes Dampferlebnis.<\/p>\n\n\n\n<p><strong>Zwei Leistungsmodi:<\/strong><br>W\u00e4hlen Sie zwischen <strong>\u00d6ko-Modus<\/strong> (bis zu <strong>20.000 Z\u00fcge<\/strong>) f\u00fcr lang anhaltende Leistung oder <strong>Leistungsmodus<\/strong> (bis zu <strong>12.000 Z\u00fcge<\/strong>) f\u00fcr eine verbesserte Dampf- und Geschmacksabgabe.<\/p>\n\n\n\n<p><strong>Doppelmaschiges Spulensystem:<\/strong><br>Liefert reichhaltigen Geschmack und dichte Dampfwolken bei jedem Zug, was das gesamte Dampferlebnis verbessert.<\/p>\n\n\n\n<p><strong>Full-View-Display:<\/strong><br>Die integrierte <strong>LED-Bildschirm<\/strong> zeigt Echtzeit-Updates \u00fcber <strong>Lebensdauer der Batterie<\/strong> und <strong>E-Liquid-Status<\/strong>, und h\u00e4lt Sie w\u00e4hrend Ihrer Vaping-Session auf dem Laufenden.<\/p>\n\n\n\n<p><strong>20mL Vorgef\u00fclltes E-Liquid:<\/strong><br>Verpackt mit <strong>5% Nikotinst\u00e4rke (50mg)<\/strong>, Das gro\u00dfe Fassungsverm\u00f6gen sorgt f\u00fcr viele Z\u00fcge mit befriedigendem Geschmack und Nikotinbefriedigung.<\/p>\n\n\n\n<h3 class=\"wp-block-heading\">Warum Vozol Vape 20000 w\u00e4hlen?<\/h3>\n\n\n\n<p>Die <strong>Vozol Vape 20000<\/strong> kombiniert <strong>hochmoderne Technologie<\/strong> mit <strong>hochwertige Materialien<\/strong> um eine <strong>Langanhaltendes, anpassbares Dampferlebnis<\/strong>. Mit seinem <strong>Dual-Power-Modi<\/strong>, k\u00f6nnen die Benutzer den richtigen Modus f\u00fcr ihre Vorlieben w\u00e4hlen, egal ob sie eine l\u00e4ngere Nutzung oder eine verbesserte Dampfproduktion bevorzugen.<\/p>\n\n\n\n<p><strong>Vozol Vape 20000<\/strong> ist perfekt f\u00fcr alle, die ein Ger\u00e4t suchen, das weit reicht und sowohl \u00fcberlegene <strong>Langlebigkeit<\/strong> und <strong>Leistung<\/strong>. Die <strong>Doppelmaschiges Spulensystem<\/strong> garantiert lebendige Aromen und sanften Dampf und ist damit die ideale Wahl f\u00fcr Dampfer, die das Beste an Leistung und Geschmack verlangen.<\/p>\n\n\n\n<h3 class=\"wp-block-heading\">Verf\u00fcgbare Geschmacksrichtungen<\/h3>\n\n\n\n<ul class=\"wp-block-list\">\n<li>Wassermelone Eis<\/li>\n\n\n\n<li>Traubeneis<\/li>\n\n\n\n<li>Mango-Eis<\/li>\n\n\n\n<li>Doppeltes Apfel-Eis<\/li>\n\n\n\n<li>Zitronenminze<\/li>\n\n\n\n<li>Tabak<\/li>\n\n\n\n<li>Pfirsich-Eis<\/li>\n\n\n\n<li>Erdbeere Wassermelone<\/li>\n\n\n\n<li>Erdbeer-Kiwi<\/li>\n\n\n\n<li>Himbeere Wassermelone<\/li>\n\n\n\n<li>Blaues Razzeis<\/li>\n\n\n\n<li>Erdbeer-Mango<\/li>\n\n\n\n<li>Zitrone-Limette<\/li>\n\n\n\n<li>Kirschlimonade<\/li>\n\n\n\n<li>Gemischte Beeren<\/li>\n\n\n\n<li>Drachenfrucht-Banane-Kirsche<\/li>\n\n\n\n<li>LavaFire<\/li>\n\n\n\n<li>Heidelbeer-Sturm<\/li>\n\n\n\n<li>Blauer Mojito<\/li>\n\n\n\n<li>Mango Ananas Grapefruit<\/li>\n<\/ul>\n\n\n\n<h3 class=\"wp-block-heading\">Spezifikationen<\/h3>\n\n\n\n<figure class=\"wp-block-table\"><table class=\"has-fixed-layout\"><thead><tr><th>Artikel<\/th><th>Einzelheiten<\/th><\/tr><\/thead><tbody><tr><td><strong>Batteriekapazit\u00e4t<\/strong><\/td><td>650mAh<\/td><\/tr><tr><td><strong>E-Fl\u00fcssigkeit Kapazit\u00e4t<\/strong><\/td><td>20mL (Vorgef\u00fcllt)<\/td><\/tr><tr><td><strong>Nikotinst\u00e4rke<\/strong><\/td><td>5% (50mg)<\/td><\/tr><tr><td><strong>Anzahl der Puffs<\/strong><\/td><td>Bis zu 20.000 (Eco-Modus) \/ 12.000 (Power-Modus)<\/td><\/tr><tr><td><strong>Spule Typ<\/strong><\/td><td>Doppelmaschiges Spulensystem (S.i.L.C.-Technologie)<\/td><\/tr><tr><td><strong>Aufladen<\/strong><\/td><td>Keine Aufladung erforderlich (Einweg)<\/td><\/tr><tr><td><strong>Modi<\/strong><\/td><td>Eco-Modus \/ Power-Modus<\/td><\/tr><tr><td><strong>Anzeige<\/strong><\/td><td>LED-Anzeige f\u00fcr Batterie- und Fl\u00fcssigkeitsstatus<\/td><\/tr><tr><td><strong>Geschmacksoptionen<\/strong><\/td><td>20 Geschmacksrichtungen verf\u00fcgbar<\/td><\/tr><\/tbody><\/table><\/figure>\n\n\n\n<h3 class=\"wp-block-heading\">Wie man den Vozol Vape 20000 Disposable benutzt<\/h3>\n\n\n\n<ol class=\"wp-block-list\">\n<li><strong>Aktivieren Sie das Ger\u00e4t:<\/strong> Zum Aktivieren einfach inhalieren; keine Kn\u00f6pfe erforderlich.<\/li>\n\n\n\n<li><strong>\u00dcberwachen Sie Akku und E-Liquid:<\/strong> Verwenden Sie die <strong>LED-Anzeige<\/strong> um die Lebensdauer der Batterie und den Status des E-Liquids zu \u00fcberpr\u00fcfen.<\/li>\n\n\n\n<li><strong>Umschalten zwischen den Modi:<\/strong> W\u00e4hlen Sie <strong>\u00d6ko-Modus<\/strong> f\u00fcr l\u00e4ngeren Gebrauch oder <strong>Leistungsmodus<\/strong> f\u00fcr eine st\u00e4rkere Dampferzeugung.<\/li>\n\n\n\n<li><strong>Viel Spa\u00df!<\/strong> Genie\u00dfen Sie bis zu <strong>20.000 Z\u00fcge<\/strong> mit konsistentem Geschmack und sanften Schl\u00e4gen durchweg.<\/li>\n<\/ol>\n\n\n\n<h3 class=\"wp-block-heading\">Bestellen Sie das Vozol Vape 20000 noch heute<\/h3>\n\n\n\n<p>Erh\u00f6hen Sie Ihr Dampferlebnis mit dem <strong>VOZOL Gear Power 20K Einweg<\/strong>. Mit <strong>Dual-Power-Modi<\/strong>, a <strong>Doppelmaschiges Spulensystem<\/strong>, und <strong>20mL vorgef\u00fcllte e-Fl\u00fcssigkeit<\/strong>, Dieses Ger\u00e4t sorgt f\u00fcr lang anhaltende Zufriedenheit mit jedem Zug. Bestellen Sie jetzt und genie\u00dfen Sie fortschrittliche Vaping-Technologie an Ihren Fingerspitzen!<\/p>\n\n\n\n<p>Weitere Produkte k\u00f6nnen Sie unter dem <strong>Marke VOZOL<\/strong>, oder das ebenso beliebte <strong>VOZOL VISTA 20000<\/strong>.<\/p>\n\n\n\n<p><\/p>","protected":false},"excerpt":{"rendered":"<p>VOZOL Gear Power 20000 Vape Blue Razz Ice The Vozol Vape 20000 Disposable is engineered to offer a premium vaping experience with advanced S.i.L.C. Technology and dual power modes. With up to 20,000 puffs in Eco Mode or 12,000 puffs in Power Mode, it ensures long-lasting enjoyment without sacrificing flavor or performance. Whether you&#8217;re a [&hellip;]<\/p>\n","protected":false},"featured_media":13351,"comment_status":"open","ping_status":"closed","template":"","meta":[],"product_brand":[178],"product_cat":[133],"product_tag":[],"class_list":{"0":"post-12813","1":"product","2":"type-product","3":"status-publish","4":"has-post-thumbnail","6":"product_brand-vozol","7":"product_cat-20k-puffs","9":"first","10":"instock","11":"sale","12":"shipping-taxable","13":"purchasable","14":"product-type-variable"},"yoast_head":"<!-- This site is optimized with the Yoast SEO plugin v27.4 - https:\/\/yoast.com\/product\/yoast-seo-wordpress\/ -->\n<title>VOZOL Gear Power 20000 Blue Razz Ice<\/title>\n<meta name=\"description\" content=\"The VOZOL Gear Power 20000 Blue Razz Ice offers 20,000 puffs. Equipped with a full-view LED display and 20mL e-liquid, it\u2019s the perfect vape device.\" \/>\n<meta name=\"robots\" content=\"index, follow, max-snippet:-1, max-image-preview:large, max-video-preview:-1\" \/>\n<link rel=\"canonical\" href=\"https:\/\/vapemaison.com\/de\/product\/vozol-vape-20000-blau-razz-eis\/\" \/>\n<meta property=\"og:locale\" content=\"de_DE\" \/>\n<meta property=\"og:type\" content=\"article\" \/>\n<meta property=\"og:title\" content=\"VOZOL Gear Power 20000 Blue Razz Ice\" \/>\n<meta property=\"og:description\" content=\"The VOZOL Gear Power 20000 Blue Razz Ice offers 20,000 puffs. Equipped with a full-view LED display and 20mL e-liquid, it\u2019s the perfect vape device.\" \/>\n<meta property=\"og:url\" content=\"https:\/\/vapemaison.com\/de\/product\/vozol-vape-20000-blau-razz-eis\/\" \/>\n<meta property=\"og:site_name\" content=\"VapeMaison\" \/>\n<meta property=\"article:modified_time\" content=\"2026-01-17T06:52:13+00:00\" \/>\n<meta property=\"og:image\" content=\"https:\/\/vapemaison.com\/wp-content\/uploads\/2025\/11\/Vozol-Gear-Power-20000-BLUE-RAZZ-ICE.jpg\" \/>\n\t<meta property=\"og:image:width\" content=\"1200\" \/>\n\t<meta property=\"og:image:height\" content=\"1200\" \/>\n\t<meta property=\"og:image:type\" content=\"image\/jpeg\" \/>\n<meta name=\"twitter:card\" content=\"summary_large_image\" \/>\n<meta name=\"twitter:label1\" content=\"Gesch\u00e4tzte Lesezeit\" \/>\n\t<meta name=\"twitter:data1\" content=\"3\u00a0Minuten\" \/>\n<!-- \/ Yoast SEO plugin. -->","yoast_head_json":{"title":"VOZOL Gear Power 20000 Blau Razz Ice","description":"Der VOZOL Gear Power 20000 Blue Razz Ice bietet 20.000 Z\u00fcge. Ausgestattet mit einem Full-View-LED-Display und 20mL E-Liquid, ist er das perfekte Ger\u00e4t zum Verdampfen.","robots":{"index":"index","follow":"follow","max-snippet":"max-snippet:-1","max-image-preview":"max-image-preview:large","max-video-preview":"max-video-preview:-1"},"canonical":"https:\/\/vapemaison.com\/de\/product\/vozol-vape-20000-blau-razz-eis\/","og_locale":"de_DE","og_type":"article","og_title":"VOZOL Gear Power 20000 Blue Razz Ice","og_description":"The VOZOL Gear Power 20000 Blue Razz Ice offers 20,000 puffs. Equipped with a full-view LED display and 20mL e-liquid, it\u2019s the perfect vape device.","og_url":"https:\/\/vapemaison.com\/de\/product\/vozol-vape-20000-blau-razz-eis\/","og_site_name":"VapeMaison","article_modified_time":"2026-01-17T06:52:13+00:00","og_image":[{"width":1200,"height":1200,"url":"https:\/\/vapemaison.com\/wp-content\/uploads\/2025\/11\/Vozol-Gear-Power-20000-BLUE-RAZZ-ICE.jpg","type":"image\/jpeg"}],"twitter_card":"summary_large_image","twitter_misc":{"Gesch\u00e4tzte Lesezeit":"3\u00a0Minuten"},"schema":{"@context":"https:\/\/schema.org","@graph":[{"@type":"WebPage","@id":"https:\/\/vapemaison.com\/product\/vozol-vape-20000-blue-razz-ice\/","url":"https:\/\/vapemaison.com\/product\/vozol-vape-20000-blue-razz-ice\/","name":"VOZOL Gear Power 20000 Blau Razz Ice","isPartOf":{"@id":"https:\/\/vapemaison.com\/#website"},"primaryImageOfPage":{"@id":"https:\/\/vapemaison.com\/product\/vozol-vape-20000-blue-razz-ice\/#primaryimage"},"image":{"@id":"https:\/\/vapemaison.com\/product\/vozol-vape-20000-blue-razz-ice\/#primaryimage"},"thumbnailUrl":"https:\/\/vapemaison.com\/wp-content\/uploads\/2025\/11\/Vozol-Gear-Power-20000-BLUE-RAZZ-ICE.jpg","datePublished":"2025-11-12T05:40:56+00:00","dateModified":"2026-01-17T06:52:13+00:00","description":"Der VOZOL Gear Power 20000 Blue Razz Ice bietet 20.000 Z\u00fcge. Ausgestattet mit einem Full-View-LED-Display und 20mL E-Liquid, ist er das perfekte Ger\u00e4t zum Verdampfen.","breadcrumb":{"@id":"https:\/\/vapemaison.com\/product\/vozol-vape-20000-blue-razz-ice\/#breadcrumb"},"inLanguage":"de","potentialAction":[{"@type":"ReadAction","target":["https:\/\/vapemaison.com\/product\/vozol-vape-20000-blue-razz-ice\/"]}]},{"@type":"ImageObject","inLanguage":"de","@id":"https:\/\/vapemaison.com\/product\/vozol-vape-20000-blue-razz-ice\/#primaryimage","url":"https:\/\/vapemaison.com\/wp-content\/uploads\/2025\/11\/Vozol-Gear-Power-20000-BLUE-RAZZ-ICE.jpg","contentUrl":"https:\/\/vapemaison.com\/wp-content\/uploads\/2025\/11\/Vozol-Gear-Power-20000-BLUE-RAZZ-ICE.jpg","width":1200,"height":1200,"caption":"Vozol Gear Power Blue Razz Ice Disposable Vape Device detail"},{"@type":"BreadcrumbList","@id":"https:\/\/vapemaison.com\/product\/vozol-vape-20000-blue-razz-ice\/#breadcrumb","itemListElement":[{"@type":"ListItem","position":1,"name":"\u9996\u9875","item":"https:\/\/vapemaison.com\/"},{"@type":"ListItem","position":2,"name":"Shop","item":"https:\/\/vapemaison.com\/shop\/"},{"@type":"ListItem","position":3,"name":"Vozol","item":"https:\/\/vapemaison.com\/brand\/vozol\/"},{"@type":"ListItem","position":4,"name":"VOZOL Gear Power 20000 | Dual Power Modes &amp; S.i.L.C. Tech"}]},{"@type":"WebSite","@id":"https:\/\/vapemaison.com\/#website","url":"https:\/\/vapemaison.com\/","name":"VapeMaison","description":"Premium Vaping-Ger\u00e4te und Zubeh\u00f6r","publisher":{"@id":"https:\/\/vapemaison.com\/#organization"},"potentialAction":[{"@type":"SearchAction","target":{"@type":"EntryPoint","urlTemplate":"https:\/\/vapemaison.com\/?s={search_term_string}"},"query-input":{"@type":"PropertyValueSpecification","valueRequired":true,"valueName":"search_term_string"}}],"inLanguage":"de"},{"@type":"Organization","@id":"https:\/\/vapemaison.com\/#organization","name":"VapeMaison","url":"https:\/\/vapemaison.com\/","logo":{"@type":"ImageObject","inLanguage":"de","@id":"https:\/\/vapemaison.com\/#\/schema\/logo\/image\/","url":"https:\/\/vapemaison.com\/wp-content\/uploads\/2026\/01\/cropped-vapemaison-logo-g-2026.webp","contentUrl":"https:\/\/vapemaison.com\/wp-content\/uploads\/2026\/01\/cropped-vapemaison-logo-g-2026.webp","width":350,"height":280,"caption":"VapeMaison"},"image":{"@id":"https:\/\/vapemaison.com\/#\/schema\/logo\/image\/"},"sameAs":["https:\/\/www.youtube.com\/@VapeMaison"]}]}},"tiered_pricing_type":"fixed","tiered_pricing_fixed_rules":{"30":"11.24","50":"10.36","100":"9.56","200":"8.47"},"tiered_pricing_product_settings":{"layout":"default","base_unit_name":{"singular":null,"plural":null},"default_variation":null},"tiered_pricing_minimum_quantity":10,"tiered_pricing_roles_data":[],"tiered_pricing_percentage_rules":[],"tiered_pricing_maximum_quantity":null,"tiered_pricing_quantity_step":"10","_links":{"self":[{"href":"https:\/\/vapemaison.com\/de\/wp-json\/wp\/v2\/product\/12813","targetHints":{"allow":["GET"]}}],"collection":[{"href":"https:\/\/vapemaison.com\/de\/wp-json\/wp\/v2\/product"}],"about":[{"href":"https:\/\/vapemaison.com\/de\/wp-json\/wp\/v2\/types\/product"}],"replies":[{"embeddable":true,"href":"https:\/\/vapemaison.com\/de\/wp-json\/wp\/v2\/comments?post=12813"}],"version-history":[{"count":1,"href":"https:\/\/vapemaison.com\/de\/wp-json\/wp\/v2\/product\/12813\/revisions"}],"predecessor-version":[{"id":26028,"href":"https:\/\/vapemaison.com\/de\/wp-json\/wp\/v2\/product\/12813\/revisions\/26028"}],"wp:featuredmedia":[{"embeddable":true,"href":"https:\/\/vapemaison.com\/de\/wp-json\/wp\/v2\/media\/13351"}],"wp:attachment":[{"href":"https:\/\/vapemaison.com\/de\/wp-json\/wp\/v2\/media?parent=12813"}],"wp:term":[{"taxonomy":"product_brand","embeddable":true,"href":"https:\/\/vapemaison.com\/de\/wp-json\/wp\/v2\/product_brand?post=12813"},{"taxonomy":"product_cat","embeddable":true,"href":"https:\/\/vapemaison.com\/de\/wp-json\/wp\/v2\/product_cat?post=12813"},{"taxonomy":"product_tag","embeddable":true,"href":"https:\/\/vapemaison.com\/de\/wp-json\/wp\/v2\/product_tag?post=12813"}],"curies":[{"name":"wp","href":"https:\/\/api.w.org\/{rel}","templated":true}]}}