

{"id":13644,"date":"2025-11-13T07:10:31","date_gmt":"2025-11-13T07:10:31","guid":{"rendered":"https:\/\/vapemaison.com\/?post_type=product&#038;p=13644"},"modified":"2025-11-21T08:52:22","modified_gmt":"2025-11-21T08:52:22","slug":"vozol-vista-20000-grape-lce-puff-5","status":"publish","type":"product","link":"https:\/\/vapemaison.com\/de\/product\/vozol-vista-20000-grape-lce-puff-5\/","title":{"rendered":"VOZOL VISTA 20000 Weintraube lce PUFF 5%"},"content":{"rendered":"<h3 class=\"wp-block-heading\"><strong>Wesentliche Merkmale<\/strong><\/h3>\n\n\n\n<ul class=\"wp-block-list\">\n<li><strong>OLED-Display<\/strong> - Deutlich zeigt <strong>Batteriestand<\/strong> und <strong>E-Liquid-F\u00fcllstand<\/strong> in Echtzeit.<\/li>\n\n\n\n<li><strong>6-stufige Wattzahl-Einstellung<\/strong> - Passen Sie die Intensit\u00e4t des Dampfens einfach durch Drehen des Ger\u00e4ts an.<\/li>\n\n\n\n<li><strong>Intelligenter MCU-Chip<\/strong> - Bietet stabile Leistung und pr\u00e4zise Leistungssteuerung.<\/li>\n\n\n\n<li><strong>Umweltfreundliches Design<\/strong> - Hergestellt aus <strong>65% recycelbarer PCR-Kunststoff<\/strong> f\u00fcr ein nachhaltiges Vaping-Erlebnis.<\/li>\n\n\n\n<li><strong>S.i.L.C Tech Dual Mesh Spule<\/strong> - Sorgt f\u00fcr reicheren Geschmack und weichere Wolken.<\/li>\n\n\n\n<li><strong>Massive 20.000+ Puffs<\/strong> - Langlebige Leistung f\u00fcr den Dauereinsatz.<\/li>\n\n\n\n<li><strong>Wiederaufladbarer 650mAh-Akku<\/strong> - Schnelles Typ-C-Laden; volle Ladung in <strong>45-60 Minuten<\/strong>.<\/li>\n\n\n\n<li><strong>MTL Vaping Erfahrung<\/strong> - Perfekt f\u00fcr sanfte, befriedigende Mund-zu-Lunge-Z\u00fcge.<\/li>\n\n\n\n<li><strong>TPD-konform<\/strong> - Sicher und reguliert f\u00fcr den Weltmarkt.<\/li>\n<\/ul>\n\n\n\n<h3 class=\"wp-block-heading\"><strong>Spezifikationen<\/strong><\/h3>\n\n\n\n<figure class=\"wp-block-table\"><table class=\"has-fixed-layout\"><thead><tr><th>Artikel<\/th><th>Einzelheiten<\/th><\/tr><\/thead><tbody><tr><td><strong>Batteriekapazit\u00e4t<\/strong><\/td><td>650mAh (wiederaufladbar)<\/td><\/tr><tr><td><strong>Ladeanschluss<\/strong><\/td><td>USB-C<\/td><\/tr><tr><td><strong>Aufladezeit<\/strong><\/td><td>Etwa 1 Stunde<\/td><\/tr><tr><td><strong>Anzeige<\/strong><\/td><td>OLED-Bildschirm<\/td><\/tr><tr><td><strong>Spule Typ<\/strong><\/td><td>S.i.L.C Tech Dual Mesh Spule<\/td><\/tr><tr><td><strong>Material<\/strong><\/td><td>65% PCR umweltfreundlicher Kunststoff<\/td><\/tr><tr><td><strong>Puffs<\/strong><\/td><td>20,000+<\/td><\/tr><tr><td><strong>Nikotinst\u00e4rke<\/strong><\/td><td>2% NS<\/td><\/tr><tr><td><strong>Anpassung der Leistung<\/strong><\/td><td>6-stufige Wattzahlregelung<\/td><\/tr><tr><td><strong>Vaping-Stil<\/strong><\/td><td>MTL (Mund-zu-Lunge)<\/td><\/tr><\/tbody><\/table><\/figure>\n\n\n\n<h3 class=\"wp-block-heading\"><strong>Verf\u00fcgbare Geschmacksrichtungen <\/strong><\/h3>\n\n\n\n<ul class=\"wp-block-list\">\n<li>1.Kirsche Cola<\/li>\n\n\n\n<li>2.Peach lce<\/li>\n\n\n\n<li>3. saurer Apfel Eis<\/li>\n\n\n\n<li>4.Miami Mint<\/li>\n\n\n\n<li>5. traubenf\u00f6rmiges Eis<\/li>\n\n\n\n<li>6 Wassermelone lce<\/li>\n\n\n\n<li>7. blaues Razzia-Eis<\/li>\n\n\n\n<li>8. pfirsich-mango-wassermelone<\/li>\n\n\n\n<li>9. erdbeer-mango<\/li>\n\n\n\n<li>10.himbeere wassermelone<\/li>\n\n\n\n<li>11.VZBul<\/li>\n\n\n\n<li>12.Wassermelone Kaugummi<\/li>\n\n\n\n<li>13. vanicreme tabak<\/li>\n\n\n\n<li>14.gemischte Beeren<\/li>\n\n\n\n<li>15.zitronengelb<\/li>\n\n\n\n<li>16.erdbeere himbeere kirsche<\/li>\n\n\n\n<li>17. mango lce<\/li>\n\n\n\n<li>18.drachenfrucht banane kirsche<\/li>\n\n\n\n<li>19.Holunderbl\u00fcte Grapefruit<\/li>\n\n\n\n<li>20.LavaFeuer<\/li>\n<\/ul>\n\n\n\n<h3 class=\"wp-block-heading\"><strong>Produkt-Highlights<\/strong><\/h3>\n\n\n\n<ul class=\"wp-block-list\">\n<li><strong>Lebendiger OLED-Bildschirm<\/strong> - Sofortige Anzeige von Wattzahl, Batterie- und Fl\u00fcssigkeitsstand.<\/li>\n\n\n\n<li><strong>Einstellbare Wattzahlsteuerung<\/strong> - Sechs Leistungsstufen je nach Geschmack und Stimmung.<\/li>\n\n\n\n<li><strong>Schnelles Aufladen<\/strong> - Vollst\u00e4ndiges Aufladen in nur 45-60 Minuten \u00fcber USB-C.<\/li>\n\n\n\n<li><strong>Umweltbewusstes Design<\/strong> - Hergestellt aus 65% recyceltem Post-Consumer-Material.<\/li>\n\n\n\n<li><strong>Konsistente Geschmacksausgabe<\/strong> - Die Dual-Mesh-Coil-Technologie sorgt daf\u00fcr, dass jeder Zug rein und sanft ist.<\/li>\n<\/ul>\n\n\n\n<h3 class=\"wp-block-heading\"><strong>Das Paket enth\u00e4lt<\/strong><\/h3>\n\n\n\n<ul class=\"wp-block-list\">\n<li>1 \u00d7 <strong>VOZOL VISTA 20000 Wiederaufladbares Ger\u00e4t<\/strong><\/li>\n\n\n\n<li>1 \u00d7 <strong>VOZOL VISTA Pod<\/strong><\/li>\n<\/ul>\n\n\n\n<p>Weitere Produkte k\u00f6nnen Sie unter dem <strong><a href=\"https:\/\/vapemaison.com\/brand\/vozol\/\">Marke VOZOL<\/a><\/strong>, oder das ebenso beliebte <strong><a href=\"https:\/\/vapemaison.com\/product\/vozol-star-20000-puffs-vape\/\">VOZOL STAR 20000<\/a><\/strong>.<\/p>\n\n\n\n<p><\/p>","protected":false},"excerpt":{"rendered":"<p>Die <strong data-start=\"521\" data-end=\"547\">VOZOL VISTA 20000 Vape<\/strong> bietet 20.000+ Z\u00fcge mit 24 aufregenden Geschmacksrichtungen. Mit einem wiederaufladbaren 650-mAh-Akku, einer 6-stufigen Wattzahlregelung und umweltfreundlichen Materialien ist er f\u00fcr ein nachhaltiges und befriedigendes Dampferlebnis konzipiert. Schnelles USB-C-Laden und OLED-Display f\u00fcr einfache \u00dcberwachung.<\/p>","protected":false},"featured_media":13705,"comment_status":"open","ping_status":"closed","template":"","meta":[],"product_brand":[178],"product_cat":[133],"product_tag":[],"class_list":{"0":"post-13644","1":"product","2":"type-product","3":"status-publish","4":"has-post-thumbnail","6":"product_brand-vozol","7":"product_cat-20k-puffs","9":"first","10":"instock","11":"sale","12":"shipping-taxable","13":"purchasable","14":"product-type-variable"},"yoast_head":"<!-- This site is optimized with the Yoast SEO plugin v27.4 - https:\/\/yoast.com\/product\/yoast-seo-wordpress\/ -->\n<title>VOZOL VISTA 20000 Vape - Long-lasting Vaping Experience<\/title>\n<meta name=\"description\" content=\"Discover the VOZOL VISTA 20000 Vape. Enjoy eco-friendly vaping with 20,000+ puffs, OLED display, and fast USB-C charging. Perfect for smooth MTL hits!\" \/>\n<meta name=\"robots\" content=\"index, follow, max-snippet:-1, max-image-preview:large, max-video-preview:-1\" \/>\n<link rel=\"canonical\" href=\"https:\/\/vapemaison.com\/de\/product\/vozol-vista-20000-grape-lce-puff-5\/\" \/>\n<meta property=\"og:locale\" content=\"de_DE\" \/>\n<meta property=\"og:type\" content=\"article\" \/>\n<meta property=\"og:title\" content=\"VOZOL VISTA 20000 Vape - Long-lasting Vaping Experience\" \/>\n<meta property=\"og:description\" content=\"Discover the VOZOL VISTA 20000 Vape. Enjoy eco-friendly vaping with 20,000+ puffs, OLED display, and fast USB-C charging. Perfect for smooth MTL hits!\" \/>\n<meta property=\"og:url\" content=\"https:\/\/vapemaison.com\/de\/product\/vozol-vista-20000-grape-lce-puff-5\/\" \/>\n<meta property=\"og:site_name\" content=\"VapeMaison\" \/>\n<meta property=\"article:modified_time\" content=\"2025-11-21T08:52:22+00:00\" \/>\n<meta property=\"og:image\" content=\"https:\/\/vapemaison.com\/wp-content\/uploads\/2025\/11\/VOZOL-VISTA-20000-Disposable-Vape-grape-ice-1.jpg\" \/>\n\t<meta property=\"og:image:width\" content=\"600\" \/>\n\t<meta property=\"og:image:height\" content=\"600\" \/>\n\t<meta property=\"og:image:type\" content=\"image\/jpeg\" \/>\n<meta name=\"twitter:card\" content=\"summary_large_image\" \/>\n<meta name=\"twitter:label1\" content=\"Gesch\u00e4tzte Lesezeit\" \/>\n\t<meta name=\"twitter:data1\" content=\"2\u00a0Minuten\" \/>\n<!-- \/ Yoast SEO plugin. -->","yoast_head_json":{"title":"VOZOL VISTA 20000 Vape - Langanhaltendes Dampferlebnis","description":"Entdecken Sie den VOZOL VISTA 20000 Vape. Genie\u00dfen Sie umweltfreundliches Dampfen mit 20.000+ Puffs, OLED-Display und schnellem USB-C-Laden. Perfekt f\u00fcr sanfte MTL-Hits!","robots":{"index":"index","follow":"follow","max-snippet":"max-snippet:-1","max-image-preview":"max-image-preview:large","max-video-preview":"max-video-preview:-1"},"canonical":"https:\/\/vapemaison.com\/de\/product\/vozol-vista-20000-grape-lce-puff-5\/","og_locale":"de_DE","og_type":"article","og_title":"VOZOL VISTA 20000 Vape - Long-lasting Vaping Experience","og_description":"Discover the VOZOL VISTA 20000 Vape. Enjoy eco-friendly vaping with 20,000+ puffs, OLED display, and fast USB-C charging. Perfect for smooth MTL hits!","og_url":"https:\/\/vapemaison.com\/de\/product\/vozol-vista-20000-grape-lce-puff-5\/","og_site_name":"VapeMaison","article_modified_time":"2025-11-21T08:52:22+00:00","og_image":[{"width":600,"height":600,"url":"https:\/\/vapemaison.com\/wp-content\/uploads\/2025\/11\/VOZOL-VISTA-20000-Disposable-Vape-grape-ice-1.jpg","type":"image\/jpeg"}],"twitter_card":"summary_large_image","twitter_misc":{"Gesch\u00e4tzte Lesezeit":"2\u00a0Minuten"},"schema":{"@context":"https:\/\/schema.org","@graph":[{"@type":"WebPage","@id":"https:\/\/vapemaison.com\/product\/vozol-vista-20000-grape-lce-puff-5\/","url":"https:\/\/vapemaison.com\/product\/vozol-vista-20000-grape-lce-puff-5\/","name":"VOZOL VISTA 20000 Vape - Langanhaltendes Dampferlebnis","isPartOf":{"@id":"https:\/\/vapemaison.com\/#website"},"primaryImageOfPage":{"@id":"https:\/\/vapemaison.com\/product\/vozol-vista-20000-grape-lce-puff-5\/#primaryimage"},"image":{"@id":"https:\/\/vapemaison.com\/product\/vozol-vista-20000-grape-lce-puff-5\/#primaryimage"},"thumbnailUrl":"https:\/\/vapemaison.com\/wp-content\/uploads\/2025\/11\/VOZOL-VISTA-20000-Disposable-Vape-grape-ice-1.jpg","datePublished":"2025-11-13T07:10:31+00:00","dateModified":"2025-11-21T08:52:22+00:00","description":"Entdecken Sie den VOZOL VISTA 20000 Vape. Genie\u00dfen Sie umweltfreundliches Dampfen mit 20.000+ Puffs, OLED-Display und schnellem USB-C-Laden. Perfekt f\u00fcr sanfte MTL-Hits!","breadcrumb":{"@id":"https:\/\/vapemaison.com\/product\/vozol-vista-20000-grape-lce-puff-5\/#breadcrumb"},"inLanguage":"de","potentialAction":[{"@type":"ReadAction","target":["https:\/\/vapemaison.com\/product\/vozol-vista-20000-grape-lce-puff-5\/"]}]},{"@type":"ImageObject","inLanguage":"de","@id":"https:\/\/vapemaison.com\/product\/vozol-vista-20000-grape-lce-puff-5\/#primaryimage","url":"https:\/\/vapemaison.com\/wp-content\/uploads\/2025\/11\/VOZOL-VISTA-20000-Disposable-Vape-grape-ice-1.jpg","contentUrl":"https:\/\/vapemaison.com\/wp-content\/uploads\/2025\/11\/VOZOL-VISTA-20000-Disposable-Vape-grape-ice-1.jpg","width":600,"height":600,"caption":"Vozol Vista Disposable Vape Grape Ice"},{"@type":"BreadcrumbList","@id":"https:\/\/vapemaison.com\/product\/vozol-vista-20000-grape-lce-puff-5\/#breadcrumb","itemListElement":[{"@type":"ListItem","position":1,"name":"\u9996\u9875","item":"https:\/\/vapemaison.com\/"},{"@type":"ListItem","position":2,"name":"Shop","item":"https:\/\/vapemaison.com\/shop\/"},{"@type":"ListItem","position":3,"name":"Vozol","item":"https:\/\/vapemaison.com\/brand\/vozol\/"},{"@type":"ListItem","position":4,"name":"VOZOL VISTA 20000 Grape lce PUFF 5%"}]},{"@type":"WebSite","@id":"https:\/\/vapemaison.com\/#website","url":"https:\/\/vapemaison.com\/","name":"VapeMaison","description":"Premium Vaping-Ger\u00e4te und Zubeh\u00f6r","publisher":{"@id":"https:\/\/vapemaison.com\/#organization"},"potentialAction":[{"@type":"SearchAction","target":{"@type":"EntryPoint","urlTemplate":"https:\/\/vapemaison.com\/?s={search_term_string}"},"query-input":{"@type":"PropertyValueSpecification","valueRequired":true,"valueName":"search_term_string"}}],"inLanguage":"de"},{"@type":"Organization","@id":"https:\/\/vapemaison.com\/#organization","name":"VapeMaison","url":"https:\/\/vapemaison.com\/","logo":{"@type":"ImageObject","inLanguage":"de","@id":"https:\/\/vapemaison.com\/#\/schema\/logo\/image\/","url":"https:\/\/vapemaison.com\/wp-content\/uploads\/2026\/01\/cropped-vapemaison-logo-g-2026.webp","contentUrl":"https:\/\/vapemaison.com\/wp-content\/uploads\/2026\/01\/cropped-vapemaison-logo-g-2026.webp","width":350,"height":280,"caption":"VapeMaison"},"image":{"@id":"https:\/\/vapemaison.com\/#\/schema\/logo\/image\/"},"sameAs":["https:\/\/www.youtube.com\/@VapeMaison"]}]}},"tiered_pricing_type":"fixed","tiered_pricing_fixed_rules":{"30":"11.24","50":"10.36","100":"9.56","200":"8.47"},"tiered_pricing_product_settings":{"layout":"default","base_unit_name":{"singular":null,"plural":null},"default_variation":null},"tiered_pricing_minimum_quantity":10,"tiered_pricing_roles_data":[],"tiered_pricing_percentage_rules":[],"tiered_pricing_maximum_quantity":null,"tiered_pricing_quantity_step":"10","_links":{"self":[{"href":"https:\/\/vapemaison.com\/de\/wp-json\/wp\/v2\/product\/13644","targetHints":{"allow":["GET"]}}],"collection":[{"href":"https:\/\/vapemaison.com\/de\/wp-json\/wp\/v2\/product"}],"about":[{"href":"https:\/\/vapemaison.com\/de\/wp-json\/wp\/v2\/types\/product"}],"replies":[{"embeddable":true,"href":"https:\/\/vapemaison.com\/de\/wp-json\/wp\/v2\/comments?post=13644"}],"version-history":[{"count":0,"href":"https:\/\/vapemaison.com\/de\/wp-json\/wp\/v2\/product\/13644\/revisions"}],"wp:featuredmedia":[{"embeddable":true,"href":"https:\/\/vapemaison.com\/de\/wp-json\/wp\/v2\/media\/13705"}],"wp:attachment":[{"href":"https:\/\/vapemaison.com\/de\/wp-json\/wp\/v2\/media?parent=13644"}],"wp:term":[{"taxonomy":"product_brand","embeddable":true,"href":"https:\/\/vapemaison.com\/de\/wp-json\/wp\/v2\/product_brand?post=13644"},{"taxonomy":"product_cat","embeddable":true,"href":"https:\/\/vapemaison.com\/de\/wp-json\/wp\/v2\/product_cat?post=13644"},{"taxonomy":"product_tag","embeddable":true,"href":"https:\/\/vapemaison.com\/de\/wp-json\/wp\/v2\/product_tag?post=13644"}],"curies":[{"name":"wp","href":"https:\/\/api.w.org\/{rel}","templated":true}]}}