

{"id":14004,"date":"2025-11-18T02:21:21","date_gmt":"2025-11-18T02:21:21","guid":{"rendered":"https:\/\/vapemaison.com\/?post_type=product&#038;p=14004"},"modified":"2026-05-14T18:00:01","modified_gmt":"2026-05-14T18:00:01","slug":"humo-azul-vape-2-nikotin-15k-puff-azul","status":"publish","type":"product","link":"https:\/\/vapemaison.com\/de\/product\/humo-azul-vape-2-nicotine-15k-puff-azul\/","title":{"rendered":"Humo Azul Vape 2% Nikotin | 15k Puff Azul"},"content":{"rendered":"<h3 class=\"wp-block-heading\"><strong>Entdecken Sie den 15 Puff Azul Einweg-Vape bei VapeMaison<\/strong><\/h3>\n\n\n\n<p>Willkommen bei <strong><a href=\"https:\/\/vapemaison.com\/\">VapeMaison<\/a><\/strong>, Ihre erste Anlaufstelle f\u00fcr hochwertige Vaping-Produkte in den Niederlanden, Deutschland, Belgien und Spanien. Die Einf\u00fchrung der <strong>Humo Azul 15000 Puffs Wiederaufladbarer Einweg Vape Pen<\/strong>, Sie wurde entwickelt, um das ultimative Dampferlebnis mit modernster Technologie, langanhaltender Leistung und einer Reihe von befriedigenden Geschmacksrichtungen zu bieten.<\/p>\n\n\n\n<h4 class=\"wp-block-heading\"><strong>Wesentliche Merkmale<\/strong><\/h4>\n\n\n\n<ul class=\"wp-block-list\">\n<li><strong>15.000 Puffs<\/strong>: Genie\u00dfen Sie eine lange Nutzungsdauer mit bis zu 15.000 Z\u00fcgen pro Ger\u00e4t.<\/li>\n\n\n\n<li><strong>20ml E-Liquid Kapazit\u00e4t<\/strong>: Weniger Nachf\u00fcllen, mehr Dampfen.<\/li>\n\n\n\n<li><strong>500mAh wiederaufladbare Batterie<\/strong>: Schnelles Typ-C-Laden f\u00fcr ununterbrochenen Genuss.<\/li>\n\n\n\n<li><strong>Fortschrittliche Mesh-Spulen-Technologie<\/strong>: F\u00fcr einen reicheren, sanfteren Geschmack mit jedem Zug.<\/li>\n\n\n\n<li><strong>Ergonomisches Design<\/strong>: Kompakt, leicht und bequem f\u00fcr l\u00e4ngere Sitzungen.<\/li>\n\n\n\n<li><strong>2% Nikotin<\/strong>: Ausgewogener Nikotingehalt f\u00fcr sanften Genuss.<\/li>\n<\/ul>\n\n\n\n<h4 class=\"wp-block-heading\"><strong>Geschmacksoptionen<\/strong><\/h4>\n\n\n\n<ol class=\"wp-block-list\">\n<li><strong>Pfirsich-Eis-Kaskade<\/strong><\/li>\n\n\n\n<li><strong>Heidelbeere Frost<\/strong><\/li>\n\n\n\n<li><strong>Traubengletscher<\/strong><\/li>\n\n\n\n<li><strong>Brombeer-Drachenfrucht-Fusion<\/strong><\/li>\n\n\n\n<li><strong>Erdbeer-Wassermelone-Trauben-Mischung<\/strong><\/li>\n\n\n\n<li><strong>Blauer Razz-Eissturm<\/strong><\/li>\n\n\n\n<li><strong>Wassermelone Chill<\/strong><\/li>\n\n\n\n<li><strong>Erdbeer-Cranberry-Kirsch-Dreierpackung<\/strong><\/li>\n\n\n\n<li><strong>Melone Frost<\/strong><\/li>\n\n\n\n<li><strong>Zitronen-Limetten-Schale<\/strong><\/li>\n\n\n\n<li><strong>Kiwi Passionsfrucht Guave Paradies<\/strong><\/li>\n\n\n\n<li><strong>Weinlese Beeren<\/strong><\/li>\n<\/ol>\n\n\n\n<h4 class=\"wp-block-heading\"><strong>Perfekt f\u00fcr Einzelh\u00e4ndler und Vaper gleicherma\u00dfen<\/strong><\/h4>\n\n\n\n<p>Egal, ob Sie ein Einzelh\u00e4ndler sind, der ein Spitzenprodukt sucht, oder ein Privatkunde, der das ultimative Vaping-Erlebnis sucht, die <strong>Humo Azul 15000 Windbeutel<\/strong> ist die perfekte Wahl. Er zeichnet sich durch seine hochwertige Konstruktion, seine lange Lebensdauer und sein erstklassiges Geschmacksprofil aus.<\/p>\n\n\n\n<h4 class=\"wp-block-heading\"><strong>Vorteile f\u00fcr den Gro\u00dfhandel<\/strong><\/h4>\n\n\n\n<ul class=\"wp-block-list\">\n<li><strong>Gro\u00dfeinkauf<\/strong>: Erh\u00e4ltlich in Kartons mit 300 St\u00fcck, ideal f\u00fcr Gro\u00dfh\u00e4ndler.<\/li>\n\n\n\n<li><strong>Konkurrenzf\u00e4hige Preisgestaltung<\/strong>: Ein hervorragendes Preis-Leistungs-Verh\u00e4ltnis f\u00fcr Gro\u00dfabnehmer und Verbraucher.<\/li>\n\n\n\n<li><strong>Zuverl\u00e4ssige Unterst\u00fctzung<\/strong>: Engagierter Kundendienst f\u00fcr reibungslose Transaktionen.<\/li>\n<\/ul>\n\n\n\n<p>Dar\u00fcber hinaus haben wir auch <strong><a href=\"https:\/\/vapemaison.com\/product\/hume-azul-24000-puffs-disposable-vape\/\">Humo Azul 24000 Puff <\/a><\/strong>und andere <strong><a href=\"https:\/\/vapemaison.com\/product-category\/hot-series\/\">meistverkaufte<\/a><\/strong> Serie.<\/p>\n\n\n\n<p>Entdecken Sie die Welt des Premium-Vapings unter <a href=\"https:\/\/vapemaison.com\/\">VapeMaison<\/a>, wo Innovation auf Stil trifft. Durchsuchen Sie unsere gesamte Kollektion auf der <a href=\"https:\/\/vapemaison.com\/shop\/\">Shop<\/a> Seite, oder entdecken Sie die beliebte <a href=\"https:\/\/vapemaison.com\/brand\/humo-azul\/\">Humo Vape Markenkollektion<\/a> und <a href=\"https:\/\/vapemaison.com\/brand\/bang\/\">Bang<\/a> Produkte, die bei Vapern \u00fcberall beliebt sind. Suchen Sie nach mehr Optionen? Sehen Sie sich alle unsere <a href=\"https:\/\/vapemaison.com\/product-category\/puffs-count\/\">Puffs<\/a> Ger\u00e4te und finden Sie die perfekte L\u00f6sung f\u00fcr Ihren Geschmack und Lebensstil.<\/p>\n\n\n\n<figure class=\"wp-block-embed is-type-video is-provider-youtube wp-block-embed-youtube wp-embed-aspect-9-16 wp-has-aspect-ratio\"><div class=\"wp-block-embed__wrapper\">\n<div class=\"video-container\"><iframe title=\"Humo Azul 24000 Puffs Vape - Unboxing &amp; Verwendung | Wassermelone Eis-Geschmack\" width=\"563\" height=\"1000\" src=\"https:\/\/www.youtube.com\/embed\/U0POWHMEwbU?feature=oembed\" frameborder=\"0\" allow=\"accelerometer; autoplay; clipboard-write; encrypted-media; gyroscope; picture-in-picture; web-share\" referrerpolicy=\"strict-origin-when-cross-origin\" allowfullscreen><\/iframe><\/div>\n<\/div><\/figure>\n\n\n\n<h3 class=\"wp-block-heading has-text-align-center\"><strong>H\u00e4ufig gestellte Fragen zu Humo Azul 15<\/strong><\/h3>\n\n\n\n<p><strong>1. Wie lange h\u00e4lt der Humo Azul 15k?<\/strong><br>Der Humo Azul 15000 ist so konzipiert, dass er <strong>bis zu 15.000 Z\u00fcge<\/strong>, Die tats\u00e4chliche Dauer variiert jedoch je nach den pers\u00f6nlichen Rauchgewohnheiten. Seine gro\u00dfe Kapazit\u00e4t macht ihn zu einer gro\u00dfartigen Option f\u00fcr Nutzer, die ein Ger\u00e4t suchen, das sie \u00fcber einen l\u00e4ngeren Zeitraum begleiten kann.<\/p>\n\n\n\n<hr class=\"wp-block-separator has-alpha-channel-opacity\"\/>\n\n\n\n<p><strong>2. Wie lange dauert es, den Humo Azul Vape zu laden?<\/strong><br>Dieses Ger\u00e4t enth\u00e4lt eine <strong>600mAh wiederaufladbare Batterie<\/strong>, die im Allgemeinen eine <strong>35-45 Minuten<\/strong> um eine volle Ladung \u00fcber Typ-C zu erreichen. Die Schnellladefunktion minimiert die Wartezeit, sodass Sie schnell wieder mit dem Dampfen beginnen k\u00f6nnen.<\/p>\n\n\n\n<hr class=\"wp-block-separator has-alpha-channel-opacity\"\/>\n\n\n\n<p><strong>3. Wie kann ich feststellen, ob der Humo Azul 15k fertig ist?<\/strong><br>Sie werden feststellen, dass es kurz vor dem Ende ist, wenn <strong>der Geschmack wird schw\u00e4cher<\/strong>, Der Dampfaussto\u00df sinkt oder das Ger\u00e4t h\u00f6rt ganz auf, Dampf zu produzieren. Einige Nutzer beobachten auch, dass sich das Ger\u00e4t leichter anf\u00fchlt, wenn das gesamte E-Liquid verbraucht wurde.<\/p>\n\n\n\n<hr class=\"wp-block-separator has-alpha-channel-opacity\"\/>\n\n\n\n<p><strong>4. Kann ich den Humo Azul 15000 nachf\u00fcllen?<\/strong><br>Nein. Der Humo Azul 15000 ist ein <strong>Einwegger\u00e4t f\u00fcr den einmaligen Gebrauch<\/strong>, Das hei\u00dft, er kann nicht nachgef\u00fcllt werden. Wenn das eingebaute E-Liquid aufgebraucht ist, werfen Sie das Ger\u00e4t einfach weg und tauschen es gegen ein neues aus.<\/p>\n\n\n\n<hr class=\"wp-block-separator has-alpha-channel-opacity\"\/>\n\n\n\n<p><strong>5. Ist dieses Ger\u00e4t anf\u00e4ngerfreundlich?<\/strong><br>Ja. Seine <strong>einfaches, inhalatives Design zur Aktivierung<\/strong> macht ihn besonders geeignet f\u00fcr neue Dampfer. Da keine Kn\u00f6pfe oder Einstellungen zu bedienen sind, k\u00f6nnen Anf\u00e4nger sofort ein reibungsloses und konsistentes Erlebnis genie\u00dfen.<\/p>\n\n\n\n<hr class=\"wp-block-separator has-alpha-channel-opacity\"\/>\n\n\n\n<p><strong>6. Wodurch unterscheidet sich der Humo Azul 15k von anderen Einwegprodukten?<\/strong><br>Sein herausragendes Merkmal ist die <strong>Premium-Design, inspiriert von der kultigen Tequila-Flasche von Clase Azul<\/strong>, und verleiht ihm ein einzigartiges Aussehen. Gepaart mit <strong>15.000 Z\u00fcge<\/strong> und eine <strong>Netzspule<\/strong> die den Geschmack und die Dampfkonsistenz verbessert, bietet er ein High-End-Erlebnis, das viele Ger\u00e4te nicht bieten k\u00f6nnen.<\/p>","protected":false},"excerpt":{"rendered":"<p>Der Humo Azul 15000 Puffs Rechargeable Disposable Vape Pen, der bei Randmvaper erh\u00e4ltlich ist, bietet ein au\u00dfergew\u00f6hnliches Dampferlebnis mit bis zu 15.000 Z\u00fcgen, einstellbarem Luftstrom und einer Vielzahl von reichhaltigen Geschmacksrichtungen, alles in einem schlanken, tragbaren Design.<\/p>","protected":false},"featured_media":9032,"comment_status":"open","ping_status":"closed","template":"","meta":[],"product_brand":[166],"product_cat":[167],"product_tag":[],"class_list":{"0":"post-14004","1":"product","2":"type-product","3":"status-publish","4":"has-post-thumbnail","6":"product_brand-humo-azul","7":"product_cat-15k-puffs","9":"first","10":"instock","11":"sale","12":"shipping-taxable","13":"purchasable","14":"product-type-variable"},"yoast_head":"<!-- This site is optimized with the Yoast SEO plugin v27.4 - https:\/\/yoast.com\/product\/yoast-seo-wordpress\/ -->\n<title>Humo Azul 15000 Puffs Disposable Vape \u2013 Rechargeable<\/title>\n<meta name=\"description\" content=\"Shop the Humo Azul 15000 Puffs Disposable Vape at VapeMaison. Fast Type-C charging, multiple flavors, and bulk purchase options available.\" \/>\n<meta name=\"robots\" content=\"index, follow, max-snippet:-1, max-image-preview:large, max-video-preview:-1\" \/>\n<link rel=\"canonical\" href=\"https:\/\/vapemaison.com\/de\/product\/humo-azul-vape-2-nikotin-15k-puff-azul\/\" \/>\n<meta property=\"og:locale\" content=\"de_DE\" \/>\n<meta property=\"og:type\" content=\"article\" \/>\n<meta property=\"og:title\" content=\"Humo Azul 15000 Puffs Disposable Vape \u2013 Rechargeable\" \/>\n<meta property=\"og:description\" content=\"Shop the Humo Azul 15000 Puffs Disposable Vape at VapeMaison. Fast Type-C charging, multiple flavors, and bulk purchase options available.\" \/>\n<meta property=\"og:url\" content=\"https:\/\/vapemaison.com\/de\/product\/humo-azul-vape-2-nikotin-15k-puff-azul\/\" \/>\n<meta property=\"og:site_name\" content=\"VapeMaison\" \/>\n<meta property=\"article:modified_time\" content=\"2026-05-14T18:00:01+00:00\" \/>\n<meta property=\"og:image\" content=\"https:\/\/vapemaison.com\/wp-content\/uploads\/2025\/10\/banner-16-1024x546.png\" \/>\n\t<meta property=\"og:image:width\" content=\"1024\" \/>\n\t<meta property=\"og:image:height\" content=\"546\" \/>\n\t<meta property=\"og:image:type\" content=\"image\/png\" \/>\n<meta name=\"twitter:card\" content=\"summary_large_image\" \/>\n<meta name=\"twitter:label1\" content=\"Gesch\u00e4tzte Lesezeit\" \/>\n\t<meta name=\"twitter:data1\" content=\"3\u00a0Minuten\" \/>\n<!-- \/ Yoast SEO plugin. -->","yoast_head_json":{"title":"Humo Azul 15000 Puffs Einweg Vape - Wiederaufladbar","description":"Kaufen Sie den Humo Azul 15000 Puffs Einwegdampfer bei VapeMaison. Schnelles Typ-C Laden, mehrere Geschmacksrichtungen und Gro\u00dfeinkaufsoptionen verf\u00fcgbar.","robots":{"index":"index","follow":"follow","max-snippet":"max-snippet:-1","max-image-preview":"max-image-preview:large","max-video-preview":"max-video-preview:-1"},"canonical":"https:\/\/vapemaison.com\/de\/product\/humo-azul-vape-2-nikotin-15k-puff-azul\/","og_locale":"de_DE","og_type":"article","og_title":"Humo Azul 15000 Puffs Disposable Vape \u2013 Rechargeable","og_description":"Shop the Humo Azul 15000 Puffs Disposable Vape at VapeMaison. Fast Type-C charging, multiple flavors, and bulk purchase options available.","og_url":"https:\/\/vapemaison.com\/de\/product\/humo-azul-vape-2-nikotin-15k-puff-azul\/","og_site_name":"VapeMaison","article_modified_time":"2026-05-14T18:00:01+00:00","og_image":[{"width":1024,"height":546,"url":"https:\/\/vapemaison.com\/wp-content\/uploads\/2025\/10\/banner-16-1024x546.png","type":"image\/png"}],"twitter_card":"summary_large_image","twitter_misc":{"Gesch\u00e4tzte Lesezeit":"3\u00a0Minuten"},"schema":{"@context":"https:\/\/schema.org","@graph":[{"@type":"WebPage","@id":"https:\/\/vapemaison.com\/product\/humo-azul-vape-2-nicotine-15k-puff-azul\/","url":"https:\/\/vapemaison.com\/product\/humo-azul-vape-2-nicotine-15k-puff-azul\/","name":"Humo Azul 15000 Puffs Einweg Vape - Wiederaufladbar","isPartOf":{"@id":"https:\/\/vapemaison.com\/#website"},"primaryImageOfPage":{"@id":"https:\/\/vapemaison.com\/product\/humo-azul-vape-2-nicotine-15k-puff-azul\/#primaryimage"},"image":{"@id":"https:\/\/vapemaison.com\/product\/humo-azul-vape-2-nicotine-15k-puff-azul\/#primaryimage"},"thumbnailUrl":"https:\/\/vapemaison.com\/wp-content\/uploads\/2025\/10\/banner-16-scaled.png","datePublished":"2025-11-18T02:21:21+00:00","dateModified":"2026-05-14T18:00:01+00:00","description":"Kaufen Sie den Humo Azul 15000 Puffs Einwegdampfer bei VapeMaison. Schnelles Typ-C Laden, mehrere Geschmacksrichtungen und Gro\u00dfeinkaufsoptionen verf\u00fcgbar.","breadcrumb":{"@id":"https:\/\/vapemaison.com\/product\/humo-azul-vape-2-nicotine-15k-puff-azul\/#breadcrumb"},"inLanguage":"de","potentialAction":[{"@type":"ReadAction","target":["https:\/\/vapemaison.com\/product\/humo-azul-vape-2-nicotine-15k-puff-azul\/"]}]},{"@type":"ImageObject","inLanguage":"de","@id":"https:\/\/vapemaison.com\/product\/humo-azul-vape-2-nicotine-15k-puff-azul\/#primaryimage","url":"https:\/\/vapemaison.com\/wp-content\/uploads\/2025\/10\/banner-16-scaled.png","contentUrl":"https:\/\/vapemaison.com\/wp-content\/uploads\/2025\/10\/banner-16-scaled.png","width":2560,"height":1366,"caption":"Banner 16 Scaled Disposable Vape Device"},{"@type":"BreadcrumbList","@id":"https:\/\/vapemaison.com\/product\/humo-azul-vape-2-nicotine-15k-puff-azul\/#breadcrumb","itemListElement":[{"@type":"ListItem","position":1,"name":"\u9996\u9875","item":"https:\/\/vapemaison.com\/"},{"@type":"ListItem","position":2,"name":"Shop","item":"https:\/\/vapemaison.com\/shop\/"},{"@type":"ListItem","position":3,"name":"Humo Azul","item":"https:\/\/vapemaison.com\/brand\/humo-azul\/"},{"@type":"ListItem","position":4,"name":"Humo Azul Vape 2% Nicotine | 15k Puff Azul"}]},{"@type":"WebSite","@id":"https:\/\/vapemaison.com\/#website","url":"https:\/\/vapemaison.com\/","name":"VapeMaison","description":"Premium Vaping-Ger\u00e4te und Zubeh\u00f6r","publisher":{"@id":"https:\/\/vapemaison.com\/#organization"},"potentialAction":[{"@type":"SearchAction","target":{"@type":"EntryPoint","urlTemplate":"https:\/\/vapemaison.com\/?s={search_term_string}"},"query-input":{"@type":"PropertyValueSpecification","valueRequired":true,"valueName":"search_term_string"}}],"inLanguage":"de"},{"@type":"Organization","@id":"https:\/\/vapemaison.com\/#organization","name":"VapeMaison","url":"https:\/\/vapemaison.com\/","logo":{"@type":"ImageObject","inLanguage":"de","@id":"https:\/\/vapemaison.com\/#\/schema\/logo\/image\/","url":"https:\/\/vapemaison.com\/wp-content\/uploads\/2026\/01\/cropped-vapemaison-logo-g-2026.webp","contentUrl":"https:\/\/vapemaison.com\/wp-content\/uploads\/2026\/01\/cropped-vapemaison-logo-g-2026.webp","width":350,"height":280,"caption":"VapeMaison"},"image":{"@id":"https:\/\/vapemaison.com\/#\/schema\/logo\/image\/"},"sameAs":["https:\/\/www.youtube.com\/@VapeMaison"]}]}},"tiered_pricing_type":"fixed","tiered_pricing_fixed_rules":{"30":"6.98","50":"6.63","100":"6.34","200":"6.12"},"tiered_pricing_product_settings":{"layout":"default","base_unit_name":{"singular":null,"plural":null},"default_variation":null},"tiered_pricing_minimum_quantity":10,"tiered_pricing_roles_data":[],"tiered_pricing_percentage_rules":[],"tiered_pricing_maximum_quantity":null,"tiered_pricing_quantity_step":null,"_links":{"self":[{"href":"https:\/\/vapemaison.com\/de\/wp-json\/wp\/v2\/product\/14004","targetHints":{"allow":["GET"]}}],"collection":[{"href":"https:\/\/vapemaison.com\/de\/wp-json\/wp\/v2\/product"}],"about":[{"href":"https:\/\/vapemaison.com\/de\/wp-json\/wp\/v2\/types\/product"}],"replies":[{"embeddable":true,"href":"https:\/\/vapemaison.com\/de\/wp-json\/wp\/v2\/comments?post=14004"}],"version-history":[{"count":1,"href":"https:\/\/vapemaison.com\/de\/wp-json\/wp\/v2\/product\/14004\/revisions"}],"predecessor-version":[{"id":25485,"href":"https:\/\/vapemaison.com\/de\/wp-json\/wp\/v2\/product\/14004\/revisions\/25485"}],"wp:featuredmedia":[{"embeddable":true,"href":"https:\/\/vapemaison.com\/de\/wp-json\/wp\/v2\/media\/9032"}],"wp:attachment":[{"href":"https:\/\/vapemaison.com\/de\/wp-json\/wp\/v2\/media?parent=14004"}],"wp:term":[{"taxonomy":"product_brand","embeddable":true,"href":"https:\/\/vapemaison.com\/de\/wp-json\/wp\/v2\/product_brand?post=14004"},{"taxonomy":"product_cat","embeddable":true,"href":"https:\/\/vapemaison.com\/de\/wp-json\/wp\/v2\/product_cat?post=14004"},{"taxonomy":"product_tag","embeddable":true,"href":"https:\/\/vapemaison.com\/de\/wp-json\/wp\/v2\/product_tag?post=14004"}],"curies":[{"name":"wp","href":"https:\/\/api.w.org\/{rel}","templated":true}]}}