

{"id":14556,"date":"2025-11-21T02:16:33","date_gmt":"2025-11-21T02:16:33","guid":{"rendered":"https:\/\/vapemaison.com\/?post_type=product&#038;p=14556"},"modified":"2025-11-22T07:55:24","modified_gmt":"2025-11-22T07:55:24","slug":"bang-blaze-bc5000-5k-puffs","status":"publish","type":"product","link":"https:\/\/vapemaison.com\/de\/product\/bang-blaze-bc5000-5k-puffs\/","title":{"rendered":"Bang Blaze BC5000 Vape 5K Puffs"},"content":{"rendered":"<h3 class=\"wp-block-heading\"><strong>Langanhaltendes Vaping-Erlebnis<\/strong><\/h3>\n\n\n\n<p>Die <strong>Bang Blaze BC5000 Vape<\/strong> liefert ein gleichm\u00e4\u00dfiges, konsistentes Dampferlebnis, das auf Dauer angelegt ist. Jedes Ger\u00e4t bietet bis zu <strong>5000 Z\u00fcge<\/strong>, Dadurch wird eine zuverl\u00e4ssige Leistung gew\u00e4hrleistet, ohne dass h\u00e4ufiges Auswechseln erforderlich ist.<\/p>\n\n\n\n<h3 class=\"wp-block-heading\"><strong>Anpassbare Nikotinst\u00e4rken<\/strong><\/h3>\n\n\n\n<p>Au\u00dferdem ist das BC5000 in folgenden Ausf\u00fchrungen erh\u00e4ltlich <strong>Nikotinst\u00e4rken 2%, 3% und 5%<\/strong>, So k\u00f6nnen Sie die Stufe ausw\u00e4hlen, die am besten zu Ihren Vorlieben passt. Egal, ob Sie einen leichteren Zug oder einen st\u00e4rkeren Kehlkopfschlag bevorzugen, das Ger\u00e4t sorgt f\u00fcr einen gleichm\u00e4\u00dfigen Aussto\u00df und bietet einen befriedigenden Zug mit jedem Zug.<\/p>\n\n\n\n<h3 class=\"wp-block-heading\"><strong>Kr\u00e4ftige Aromen mit jedem Zug<\/strong><\/h3>\n\n\n\n<p>Dar\u00fcber hinaus ist die <strong>13ml vorgef\u00fcllte e-Fl\u00fcssigkeit Kapazit\u00e4t<\/strong> liefert kr\u00e4ftige, ausgewogene Aromen vom ersten bis zum letzten Zug. Dank seiner <strong>1.2\u03a9 Maschenspule<\/strong>, die f\u00fcr eine gleichm\u00e4\u00dfige Erw\u00e4rmung entwickelt wurde, produziert der BC5000 weichen Dampf und ein reichhaltigeres Geschmacksprofil. Die Mesh-Struktur verbessert sowohl die Geschmacksklarheit als auch die Dampfdichte und sorgt f\u00fcr ein angenehmes und konsistentes Dampferlebnis.<\/p>\n\n\n\n<h3 class=\"wp-block-heading\"><strong>Zuverl\u00e4ssige Leistung f\u00fcr l\u00e4ngeren Einsatz<\/strong><\/h3>\n\n\n\n<p>Angetrieben von einem <strong>600mAh wiederaufladbare Batterie<\/strong>, bleibt das BC5000 \u00fcber seine gesamte Lebensdauer hinweg zuverl\u00e4ssig. Au\u00dferdem ist die <strong>Typ-C-Ladeanschluss<\/strong> sorgt f\u00fcr ein schnelles, bequemes Aufladen und minimiert die Ausfallzeit, sodass Sie problemlos zum Dampfen zur\u00fcckkehren k\u00f6nnen.<\/p>\n\n\n\n<h3 class=\"wp-block-heading\"><strong>Gro\u00dfe Vielfalt an Geschmacksrichtungen<\/strong><\/h3>\n\n\n\n<p>Schlie\u00dflich, mit <strong>12 einzigartige Geschmacksrichtungen<\/strong> zur Auswahl, die <strong>Bang Blaze BC5000 Vape<\/strong> kombiniert verl\u00e4ssliche Leistung, starken Geschmack und praktischen Komfort. Dies macht ihn zu einer ausgezeichneten Wahl f\u00fcr jeden, der nach einem hochwertigen Einwegdampfer sucht.<\/p>\n\n\n\n<p><strong>Eigenschaften\uff1a<\/strong><\/p>\n\n\n\n<ul class=\"wp-block-list\">\n<li><strong>Puffs: 5000<\/strong><\/li>\n\n\n\n<li><strong>Nikotinsalz: 2% 5%<\/strong><\/li>\n\n\n\n<li><strong>Fassungsverm\u00f6gen der Fl\u00fcssigkeit: 13ML<\/strong><\/li>\n\n\n\n<li><strong>Widerstand: 1,2 Ohm Mesh<\/strong><\/li>\n\n\n\n<li><strong>Akku:600mAh<\/strong><\/li>\n\n\n\n<li><strong>Ladeanschluss: Typ C<\/strong><\/li>\n\n\n\n<li><strong>12 Geschmacksrichtungen zur Auswahl<\/strong><\/li>\n<\/ul>\n\n\n\n<p><strong>Geschmack\uff1a<\/strong><\/p>\n\n\n\n<ol class=\"wp-block-list\">\n<li>Erdbeer-Mango<\/li>\n\n\n\n<li>Erdbeer-Eiscreme<\/li>\n\n\n\n<li>Wassermelone Eis<\/li>\n\n\n\n<li>Heidelbeer-Himbeer-Eis<\/li>\n\n\n\n<li>Erdbeer-Kiwi<\/li>\n\n\n\n<li>Energy-Drink<\/li>\n\n\n\n<li>Pfirsich Mango Wassermelone<\/li>\n\n\n\n<li>Blaubeereis<\/li>\n\n\n\n<li>Erdbeere-Banane<\/li>\n\n\n\n<li>Kiwi Passionsfrucht Guave<\/li>\n\n\n\n<li>Gemischtes Obst<\/li>\n\n\n\n<li>Erdbeere Wassermelone<\/li>\n<\/ol>\n\n\n\n<p>Wenn Sie weitere Optionen aus dem <strong><a href=\"https:\/\/vapemaison.com\/brand\/bang\/\">Serie Bang<\/a><\/strong>, Werfen Sie einen Blick auf unser komplettes Sortiment, um weitere Geschmacksrichtungen und Modelle zu finden. Und wenn Sie verstehen m\u00f6chten, wie sich das Dampfen auf Ihre Gesundheit auswirken kann, k\u00f6nnen Sie auch <strong><a href=\"https:\/\/vapemaison.com\/vaping-risks-why-are-they-addictive-what-are-the-dangers-of-flavor-additives\/\">Lesen Sie unseren ausf\u00fchrlichen Leitfaden <\/a><\/strong>die die wichtigsten Fakten \u00fcber die Auswirkungen von E-Zigaretten auf den K\u00f6rper aufschl\u00fcsselt.<\/p>","protected":false},"excerpt":{"rendered":"<p>Long-Lasting Vaping Experience The Bang Blaze BC5000 Vape delivers a smooth, consistent vaping experience that is built to last. Each device provides up to 5000 puffs, ensuring reliable performance without the need for frequent replacements. Customizable Nicotine Strengths Moreover, the BC5000 is available in 2%, 3%, and 5% nicotine strengths, allowing vapers to select the [&hellip;]<\/p>\n","protected":false},"featured_media":14561,"comment_status":"open","ping_status":"closed","template":"","meta":[],"product_brand":[57],"product_cat":[290],"product_tag":[],"class_list":{"0":"post-14556","1":"product","2":"type-product","3":"status-publish","4":"has-post-thumbnail","6":"product_brand-bang","7":"product_cat-5k-puffs","9":"first","10":"instock","11":"sale","12":"shipping-taxable","13":"purchasable","14":"product-type-variable"},"yoast_head":"<!-- This site is optimized with the Yoast SEO plugin v27.4 - https:\/\/yoast.com\/product\/yoast-seo-wordpress\/ -->\n<title>Bang Blaze BC5000 Vape \u2013 5k Puffs,12 Flavors - VapeMaison<\/title>\n<meta name=\"description\" content=\"Shop the Bang Blaze BC5000 vape with up to 5000 puffs, and multiple nicotine strengths. Smooth flavor for a reliable vaping experience.\" \/>\n<meta name=\"robots\" content=\"index, follow, max-snippet:-1, max-image-preview:large, max-video-preview:-1\" \/>\n<link rel=\"canonical\" href=\"https:\/\/vapemaison.com\/de\/product\/bang-blaze-bc5000-5k-puffs\/\" \/>\n<meta property=\"og:locale\" content=\"de_DE\" \/>\n<meta property=\"og:type\" content=\"article\" \/>\n<meta property=\"og:title\" content=\"Bang Blaze BC5000 Vape \u2013 5k Puffs,12 Flavors - VapeMaison\" \/>\n<meta property=\"og:description\" content=\"Shop the Bang Blaze BC5000 vape with up to 5000 puffs, and multiple nicotine strengths. Smooth flavor for a reliable vaping experience.\" \/>\n<meta property=\"og:url\" content=\"https:\/\/vapemaison.com\/de\/product\/bang-blaze-bc5000-5k-puffs\/\" \/>\n<meta property=\"og:site_name\" content=\"VapeMaison\" \/>\n<meta property=\"article:modified_time\" content=\"2025-11-22T07:55:24+00:00\" \/>\n<meta property=\"og:image\" content=\"https:\/\/vapemaison.com\/wp-content\/uploads\/2025\/11\/main-picture.jpg.webp\" \/>\n\t<meta property=\"og:image:width\" content=\"1000\" \/>\n\t<meta property=\"og:image:height\" content=\"1000\" \/>\n\t<meta property=\"og:image:type\" content=\"image\/webp\" \/>\n<meta name=\"twitter:card\" content=\"summary_large_image\" \/>\n<meta name=\"twitter:label1\" content=\"Gesch\u00e4tzte Lesezeit\" \/>\n\t<meta name=\"twitter:data1\" content=\"2\u00a0Minuten\" \/>\n<!-- \/ Yoast SEO plugin. -->","yoast_head_json":{"title":"Bang Blaze BC5000 Vape - 5k Z\u00fcge, 12 Geschmacksrichtungen - VapeMaison","description":"Kaufen Sie die Bang Blaze BC5000 mit bis zu 5000 Z\u00fcgen und mehreren Nikotinst\u00e4rken. Sanfter Geschmack f\u00fcr ein zuverl\u00e4ssiges Dampferlebnis.","robots":{"index":"index","follow":"follow","max-snippet":"max-snippet:-1","max-image-preview":"max-image-preview:large","max-video-preview":"max-video-preview:-1"},"canonical":"https:\/\/vapemaison.com\/de\/product\/bang-blaze-bc5000-5k-puffs\/","og_locale":"de_DE","og_type":"article","og_title":"Bang Blaze BC5000 Vape \u2013 5k Puffs,12 Flavors - VapeMaison","og_description":"Shop the Bang Blaze BC5000 vape with up to 5000 puffs, and multiple nicotine strengths. Smooth flavor for a reliable vaping experience.","og_url":"https:\/\/vapemaison.com\/de\/product\/bang-blaze-bc5000-5k-puffs\/","og_site_name":"VapeMaison","article_modified_time":"2025-11-22T07:55:24+00:00","og_image":[{"width":1000,"height":1000,"url":"https:\/\/vapemaison.com\/wp-content\/uploads\/2025\/11\/main-picture.jpg.webp","type":"image\/webp"}],"twitter_card":"summary_large_image","twitter_misc":{"Gesch\u00e4tzte Lesezeit":"2\u00a0Minuten"},"schema":{"@context":"https:\/\/schema.org","@graph":[{"@type":"WebPage","@id":"https:\/\/vapemaison.com\/product\/bang-blaze-bc5000-5k-puffs\/","url":"https:\/\/vapemaison.com\/product\/bang-blaze-bc5000-5k-puffs\/","name":"Bang Blaze BC5000 Vape - 5k Z\u00fcge, 12 Geschmacksrichtungen - VapeMaison","isPartOf":{"@id":"https:\/\/vapemaison.com\/#website"},"primaryImageOfPage":{"@id":"https:\/\/vapemaison.com\/product\/bang-blaze-bc5000-5k-puffs\/#primaryimage"},"image":{"@id":"https:\/\/vapemaison.com\/product\/bang-blaze-bc5000-5k-puffs\/#primaryimage"},"thumbnailUrl":"https:\/\/vapemaison.com\/wp-content\/uploads\/2025\/11\/main-picture.jpg.webp","datePublished":"2025-11-21T02:16:33+00:00","dateModified":"2025-11-22T07:55:24+00:00","description":"Kaufen Sie die Bang Blaze BC5000 mit bis zu 5000 Z\u00fcgen und mehreren Nikotinst\u00e4rken. Sanfter Geschmack f\u00fcr ein zuverl\u00e4ssiges Dampferlebnis.","breadcrumb":{"@id":"https:\/\/vapemaison.com\/product\/bang-blaze-bc5000-5k-puffs\/#breadcrumb"},"inLanguage":"de","potentialAction":[{"@type":"ReadAction","target":["https:\/\/vapemaison.com\/product\/bang-blaze-bc5000-5k-puffs\/"]}]},{"@type":"ImageObject","inLanguage":"de","@id":"https:\/\/vapemaison.com\/product\/bang-blaze-bc5000-5k-puffs\/#primaryimage","url":"https:\/\/vapemaison.com\/wp-content\/uploads\/2025\/11\/main-picture.jpg.webp","contentUrl":"https:\/\/vapemaison.com\/wp-content\/uploads\/2025\/11\/main-picture.jpg.webp","width":1000,"height":1000,"caption":"Main Picture.jpg Disposable Vape Device"},{"@type":"BreadcrumbList","@id":"https:\/\/vapemaison.com\/product\/bang-blaze-bc5000-5k-puffs\/#breadcrumb","itemListElement":[{"@type":"ListItem","position":1,"name":"\u9996\u9875","item":"https:\/\/vapemaison.com\/"},{"@type":"ListItem","position":2,"name":"Shop","item":"https:\/\/vapemaison.com\/shop\/"},{"@type":"ListItem","position":3,"name":"Bang","item":"https:\/\/vapemaison.com\/brand\/bang\/"},{"@type":"ListItem","position":4,"name":"Bang Blaze BC5000 Vape 5K Puffs"}]},{"@type":"WebSite","@id":"https:\/\/vapemaison.com\/#website","url":"https:\/\/vapemaison.com\/","name":"VapeMaison","description":"Premium Vaping-Ger\u00e4te und Zubeh\u00f6r","publisher":{"@id":"https:\/\/vapemaison.com\/#organization"},"potentialAction":[{"@type":"SearchAction","target":{"@type":"EntryPoint","urlTemplate":"https:\/\/vapemaison.com\/?s={search_term_string}"},"query-input":{"@type":"PropertyValueSpecification","valueRequired":true,"valueName":"search_term_string"}}],"inLanguage":"de"},{"@type":"Organization","@id":"https:\/\/vapemaison.com\/#organization","name":"VapeMaison","url":"https:\/\/vapemaison.com\/","logo":{"@type":"ImageObject","inLanguage":"de","@id":"https:\/\/vapemaison.com\/#\/schema\/logo\/image\/","url":"https:\/\/vapemaison.com\/wp-content\/uploads\/2026\/01\/cropped-vapemaison-logo-g-2026.webp","contentUrl":"https:\/\/vapemaison.com\/wp-content\/uploads\/2026\/01\/cropped-vapemaison-logo-g-2026.webp","width":350,"height":280,"caption":"VapeMaison"},"image":{"@id":"https:\/\/vapemaison.com\/#\/schema\/logo\/image\/"},"sameAs":["https:\/\/www.youtube.com\/@VapeMaison"]}]}},"tiered_pricing_type":"fixed","tiered_pricing_fixed_rules":{"30":"7.32","50":"6.88","100":"6.42","200":"5.98"},"tiered_pricing_product_settings":{"layout":"default","base_unit_name":{"singular":null,"plural":null},"default_variation":null},"tiered_pricing_minimum_quantity":10,"tiered_pricing_roles_data":[],"tiered_pricing_percentage_rules":[],"tiered_pricing_maximum_quantity":null,"tiered_pricing_quantity_step":null,"_links":{"self":[{"href":"https:\/\/vapemaison.com\/de\/wp-json\/wp\/v2\/product\/14556","targetHints":{"allow":["GET"]}}],"collection":[{"href":"https:\/\/vapemaison.com\/de\/wp-json\/wp\/v2\/product"}],"about":[{"href":"https:\/\/vapemaison.com\/de\/wp-json\/wp\/v2\/types\/product"}],"replies":[{"embeddable":true,"href":"https:\/\/vapemaison.com\/de\/wp-json\/wp\/v2\/comments?post=14556"}],"version-history":[{"count":0,"href":"https:\/\/vapemaison.com\/de\/wp-json\/wp\/v2\/product\/14556\/revisions"}],"wp:featuredmedia":[{"embeddable":true,"href":"https:\/\/vapemaison.com\/de\/wp-json\/wp\/v2\/media\/14561"}],"wp:attachment":[{"href":"https:\/\/vapemaison.com\/de\/wp-json\/wp\/v2\/media?parent=14556"}],"wp:term":[{"taxonomy":"product_brand","embeddable":true,"href":"https:\/\/vapemaison.com\/de\/wp-json\/wp\/v2\/product_brand?post=14556"},{"taxonomy":"product_cat","embeddable":true,"href":"https:\/\/vapemaison.com\/de\/wp-json\/wp\/v2\/product_cat?post=14556"},{"taxonomy":"product_tag","embeddable":true,"href":"https:\/\/vapemaison.com\/de\/wp-json\/wp\/v2\/product_tag?post=14556"}],"curies":[{"name":"wp","href":"https:\/\/api.w.org\/{rel}","templated":true}]}}