

{"id":14781,"date":"2025-11-22T07:48:07","date_gmt":"2025-11-22T07:48:07","guid":{"rendered":"https:\/\/vapemaison.com\/?post_type=product&#038;p=14781"},"modified":"2025-11-22T07:54:16","modified_gmt":"2025-11-22T07:54:16","slug":"40k-puff-bang-king-tornado-40000-puffs-wegwerfbaren-vape-pen","status":"publish","type":"product","link":"https:\/\/vapemaison.com\/de\/product\/40k-puff-bang-king-tornado-40000-puffs-disposable-vape-pen\/","title":{"rendered":"40k Puff Bang King Tornado | 40000 Puffs Einweg Vape Pen"},"content":{"rendered":"<p>Einf\u00fchrung in die <strong>Puff Bang K\u00f6nig Tornado 40k Puff<\/strong> - Die LED Display Edition wurde f\u00fcr Dampfer entwickelt, die eine starke Leistung und eine gro\u00dfe Kapazit\u00e4t bei jedem Zug verlangen. Mit bis zu 40.000 Z\u00fcgen bietet dieser Einweg-Vape Pen langanhaltende Zufriedenheit, lebendigen Geschmack und zuverl\u00e4ssige Leistung - alles in einem schlanken Ger\u00e4t.<\/p>\n\n\n\n<p>Gef\u00fcllt mit 35mL Premium E-Liquid und erh\u00e4ltlich in den Nikotinst\u00e4rken 2%, 3% oder 5%, ist die <strong>40k Puff Bang King Tornado<\/strong> bietet f\u00fcr jede Vorliebe etwas, von leichten Kehlkopfschl\u00e4gen bis hin zu reichem, intensivem Geschmack. Egal, ob Sie ein Gelegenheitsdampfer oder ein erfahrener Wolkenj\u00e4ger sind, dieses Ger\u00e4t liefert.<\/p>\n\n\n\n<p>Das Herzst\u00fcck des 40k Puff Bang King Tornado ist eine 1,0-\u03a9-Mesh-Spule mit einstellbarem Luftstrom, die eine anpassbare Erfahrung f\u00fcr MTL- und DTL-Stile bietet. Jeder Zug ist glatt, konsistent und geschmacksintensiv, so dass Sie die beste Erfahrung jedes Mal verdampfen.<\/p>\n\n\n\n<p>Der Tornado 40.000 wird von einem 1000mAh-Akku angetrieben und ist mit einem Typ-C-Ladeanschluss ausgestattet, der Ausfallzeiten minimiert, sodass Sie l\u00e4nger dampfen k\u00f6nnen. Die integrierte LED-Anzeige h\u00e4lt Sie auf dem Laufenden \u00fcber Akku- und Liquidstand und sorgt daf\u00fcr, dass Sie immer die Kontrolle haben.<\/p>\n\n\n\n<p>Sie haben die Wahl zwischen 12 Premium-Geschmacksrichtungen,<strong> der 40k Puff Bang King Tornado<\/strong> bietet ein perfektes Gleichgewicht von Geschmack, Leistung und Zuverl\u00e4ssigkeit in jedem Ger\u00e4t.<\/p>\n\n\n\n<h2 class=\"wp-block-heading\"><strong>Eigenschaften\uff1a<\/strong><\/h2>\n\n\n\n<ul class=\"wp-block-list\">\n<li>Puffs: UP bis zu 40000 Z\u00fcge<\/li>\n\n\n\n<li>Nicotine:2%\/3%\/5%<\/li>\n\n\n\n<li>Typen: Einwegartikel<\/li>\n\n\n\n<li>1.0 Mesh-Spule, einstellbarer Luftstrom<\/li>\n\n\n\n<li>Typ-c Aufladung<\/li>\n\n\n\n<li>E-Fl\u00fcssigkeit: 35mL<\/li>\n\n\n\n<li>Batteriekapazit\u00e4t\uff1a1000 mAh<\/li>\n\n\n\n<li>12 Geschmacksrichtungen zur Auswahl<\/li>\n<\/ul>\n\n\n\n<h2 class=\"wp-block-heading\"><strong>Geschmack<\/strong>:<\/h2>\n\n\n\n<p>1. die Wassermelone<\/p>\n\n\n\n<p>2. erdbeerige Wassermelone<\/p>\n\n\n\n<p>3. blaubeereis<\/p>\n\n\n\n<p>4. blaubeere himbeere<\/p>\n\n\n\n<p>5. erdbeereis<\/p>\n\n\n\n<p>6. erdbeerige Kiwi<\/p>\n\n\n\n<p>7. mango pfirsich wassermelone<\/p>\n\n\n\n<p>Kiwi Passionsfrucht Granatapfel 8.<\/p>\n\n\n\n<p>9.Pfirsich-Eis<\/p>\n\n\n\n<p>10.gemischte Beeren<\/p>\n\n\n\n<p>11. heidelbeere traube<\/p>\n\n\n\n<p>12. wassermelone Bubblegum<\/p>","protected":false},"excerpt":{"rendered":"<p>Introducing the Puff Bang king Tornado 40k Puff \u2013 the LED Display Edition designed for vapers who demand bold performance and massive capacity in every puff. With up to 40k puffs, this disposable vape pen offers long-lasting satisfaction, vibrant flavor, and reliable performance\u2014all packed into one sleek device. Filled with 35mL of premium e-liquid and [&hellip;]<\/p>\n","protected":false},"featured_media":14782,"comment_status":"open","ping_status":"closed","template":"","meta":[],"product_brand":[57],"product_cat":[135],"product_tag":[],"class_list":{"0":"post-14781","1":"product","2":"type-product","3":"status-publish","4":"has-post-thumbnail","6":"product_brand-bang","7":"product_cat-40k-puffs","9":"first","10":"instock","11":"sale","12":"shipping-taxable","13":"purchasable","14":"product-type-variable"},"yoast_head":"<!-- This site is optimized with the Yoast SEO plugin v27.4 - https:\/\/yoast.com\/product\/yoast-seo-wordpress\/ -->\n<title>40K Puff Bang King Tornado | 40000 Puffs Disposable Vape<\/title>\n<meta name=\"description\" content=\"Experience the 40k puff Bang King Tornado Disposable Vape with 12 premium flavors. Available in 2%, 3%, and 5% nicotine strengths.\" \/>\n<meta name=\"robots\" content=\"index, follow, max-snippet:-1, max-image-preview:large, max-video-preview:-1\" \/>\n<link rel=\"canonical\" href=\"https:\/\/vapemaison.com\/de\/product\/40k-puff-bang-king-tornado-40000-puffs-wegwerfbaren-vape-pen\/\" \/>\n<meta property=\"og:locale\" content=\"de_DE\" \/>\n<meta property=\"og:type\" content=\"article\" \/>\n<meta property=\"og:title\" content=\"40K Puff Bang King Tornado | 40000 Puffs Disposable Vape\" \/>\n<meta property=\"og:description\" content=\"Experience the 40k puff Bang King Tornado Disposable Vape with 12 premium flavors. Available in 2%, 3%, and 5% nicotine strengths.\" \/>\n<meta property=\"og:url\" content=\"https:\/\/vapemaison.com\/de\/product\/40k-puff-bang-king-tornado-40000-puffs-wegwerfbaren-vape-pen\/\" \/>\n<meta property=\"og:site_name\" content=\"VapeMaison\" \/>\n<meta property=\"article:modified_time\" content=\"2025-11-22T07:54:16+00:00\" \/>\n<meta property=\"og:image\" content=\"https:\/\/vapemaison.com\/wp-content\/uploads\/2025\/11\/vape-maison-bang-king-tornado-40000-puffs-blueberry-grape-654x690-1.webp\" \/>\n\t<meta property=\"og:image:width\" content=\"654\" \/>\n\t<meta property=\"og:image:height\" content=\"690\" \/>\n\t<meta property=\"og:image:type\" content=\"image\/webp\" \/>\n<meta name=\"twitter:card\" content=\"summary_large_image\" \/>\n<meta name=\"twitter:label1\" content=\"Gesch\u00e4tzte Lesezeit\" \/>\n\t<meta name=\"twitter:data1\" content=\"2\u00a0Minuten\" \/>\n<!-- \/ Yoast SEO plugin. -->","yoast_head_json":{"title":"40K Puff Bang King Tornado | 40000 Puffs Einweg Vape","description":"Erleben Sie den 40k puff Bang King Tornado Disposable Vape mit 12 Premium-Geschmacksrichtungen. Erh\u00e4ltlich in 2%, 3%, und 5% Nikotin St\u00e4rken.","robots":{"index":"index","follow":"follow","max-snippet":"max-snippet:-1","max-image-preview":"max-image-preview:large","max-video-preview":"max-video-preview:-1"},"canonical":"https:\/\/vapemaison.com\/de\/product\/40k-puff-bang-king-tornado-40000-puffs-wegwerfbaren-vape-pen\/","og_locale":"de_DE","og_type":"article","og_title":"40K Puff Bang King Tornado | 40000 Puffs Disposable Vape","og_description":"Experience the 40k puff Bang King Tornado Disposable Vape with 12 premium flavors. Available in 2%, 3%, and 5% nicotine strengths.","og_url":"https:\/\/vapemaison.com\/de\/product\/40k-puff-bang-king-tornado-40000-puffs-wegwerfbaren-vape-pen\/","og_site_name":"VapeMaison","article_modified_time":"2025-11-22T07:54:16+00:00","og_image":[{"width":654,"height":690,"url":"https:\/\/vapemaison.com\/wp-content\/uploads\/2025\/11\/vape-maison-bang-king-tornado-40000-puffs-blueberry-grape-654x690-1.webp","type":"image\/webp"}],"twitter_card":"summary_large_image","twitter_misc":{"Gesch\u00e4tzte Lesezeit":"2\u00a0Minuten"},"schema":{"@context":"https:\/\/schema.org","@graph":[{"@type":"WebPage","@id":"https:\/\/vapemaison.com\/product\/40k-puff-bang-king-tornado-40000-puffs-disposable-vape-pen\/","url":"https:\/\/vapemaison.com\/product\/40k-puff-bang-king-tornado-40000-puffs-disposable-vape-pen\/","name":"40K Puff Bang King Tornado | 40000 Puffs Einweg Vape","isPartOf":{"@id":"https:\/\/vapemaison.com\/#website"},"primaryImageOfPage":{"@id":"https:\/\/vapemaison.com\/product\/40k-puff-bang-king-tornado-40000-puffs-disposable-vape-pen\/#primaryimage"},"image":{"@id":"https:\/\/vapemaison.com\/product\/40k-puff-bang-king-tornado-40000-puffs-disposable-vape-pen\/#primaryimage"},"thumbnailUrl":"https:\/\/vapemaison.com\/wp-content\/uploads\/2025\/11\/vape-maison-bang-king-tornado-40000-puffs-blueberry-grape-654x690-1.webp","datePublished":"2025-11-22T07:48:07+00:00","dateModified":"2025-11-22T07:54:16+00:00","description":"Erleben Sie den 40k puff Bang King Tornado Disposable Vape mit 12 Premium-Geschmacksrichtungen. Erh\u00e4ltlich in 2%, 3%, und 5% Nikotin St\u00e4rken.","breadcrumb":{"@id":"https:\/\/vapemaison.com\/product\/40k-puff-bang-king-tornado-40000-puffs-disposable-vape-pen\/#breadcrumb"},"inLanguage":"de","potentialAction":[{"@type":"ReadAction","target":["https:\/\/vapemaison.com\/product\/40k-puff-bang-king-tornado-40000-puffs-disposable-vape-pen\/"]}]},{"@type":"ImageObject","inLanguage":"de","@id":"https:\/\/vapemaison.com\/product\/40k-puff-bang-king-tornado-40000-puffs-disposable-vape-pen\/#primaryimage","url":"https:\/\/vapemaison.com\/wp-content\/uploads\/2025\/11\/vape-maison-bang-king-tornado-40000-puffs-blueberry-grape-654x690-1.webp","contentUrl":"https:\/\/vapemaison.com\/wp-content\/uploads\/2025\/11\/vape-maison-bang-king-tornado-40000-puffs-blueberry-grape-654x690-1.webp","width":654,"height":690,"caption":"Vape Maison Bang King Tornado Puffs Blueberry Grape 654x690"},{"@type":"BreadcrumbList","@id":"https:\/\/vapemaison.com\/product\/40k-puff-bang-king-tornado-40000-puffs-disposable-vape-pen\/#breadcrumb","itemListElement":[{"@type":"ListItem","position":1,"name":"\u9996\u9875","item":"https:\/\/vapemaison.com\/"},{"@type":"ListItem","position":2,"name":"Shop","item":"https:\/\/vapemaison.com\/shop\/"},{"@type":"ListItem","position":3,"name":"Bang","item":"https:\/\/vapemaison.com\/brand\/bang\/"},{"@type":"ListItem","position":4,"name":"40k Puff Bang King Tornado | 40000 Puffs Disposable Vape Pen"}]},{"@type":"WebSite","@id":"https:\/\/vapemaison.com\/#website","url":"https:\/\/vapemaison.com\/","name":"VapeMaison","description":"Premium Vaping-Ger\u00e4te und Zubeh\u00f6r","publisher":{"@id":"https:\/\/vapemaison.com\/#organization"},"potentialAction":[{"@type":"SearchAction","target":{"@type":"EntryPoint","urlTemplate":"https:\/\/vapemaison.com\/?s={search_term_string}"},"query-input":{"@type":"PropertyValueSpecification","valueRequired":true,"valueName":"search_term_string"}}],"inLanguage":"de"},{"@type":"Organization","@id":"https:\/\/vapemaison.com\/#organization","name":"VapeMaison","url":"https:\/\/vapemaison.com\/","logo":{"@type":"ImageObject","inLanguage":"de","@id":"https:\/\/vapemaison.com\/#\/schema\/logo\/image\/","url":"https:\/\/vapemaison.com\/wp-content\/uploads\/2026\/01\/cropped-vapemaison-logo-g-2026.webp","contentUrl":"https:\/\/vapemaison.com\/wp-content\/uploads\/2026\/01\/cropped-vapemaison-logo-g-2026.webp","width":350,"height":280,"caption":"VapeMaison"},"image":{"@id":"https:\/\/vapemaison.com\/#\/schema\/logo\/image\/"},"sameAs":["https:\/\/www.youtube.com\/@VapeMaison"]}]}},"tiered_pricing_type":"fixed","tiered_pricing_fixed_rules":{"30":"9.98","50":"8.88","100":"7.98","200":"6.99"},"tiered_pricing_product_settings":{"layout":"default","base_unit_name":{"singular":null,"plural":null},"default_variation":null},"tiered_pricing_minimum_quantity":10,"tiered_pricing_roles_data":[],"tiered_pricing_percentage_rules":[],"tiered_pricing_maximum_quantity":null,"tiered_pricing_quantity_step":"10","_links":{"self":[{"href":"https:\/\/vapemaison.com\/de\/wp-json\/wp\/v2\/product\/14781","targetHints":{"allow":["GET"]}}],"collection":[{"href":"https:\/\/vapemaison.com\/de\/wp-json\/wp\/v2\/product"}],"about":[{"href":"https:\/\/vapemaison.com\/de\/wp-json\/wp\/v2\/types\/product"}],"replies":[{"embeddable":true,"href":"https:\/\/vapemaison.com\/de\/wp-json\/wp\/v2\/comments?post=14781"}],"version-history":[{"count":0,"href":"https:\/\/vapemaison.com\/de\/wp-json\/wp\/v2\/product\/14781\/revisions"}],"wp:featuredmedia":[{"embeddable":true,"href":"https:\/\/vapemaison.com\/de\/wp-json\/wp\/v2\/media\/14782"}],"wp:attachment":[{"href":"https:\/\/vapemaison.com\/de\/wp-json\/wp\/v2\/media?parent=14781"}],"wp:term":[{"taxonomy":"product_brand","embeddable":true,"href":"https:\/\/vapemaison.com\/de\/wp-json\/wp\/v2\/product_brand?post=14781"},{"taxonomy":"product_cat","embeddable":true,"href":"https:\/\/vapemaison.com\/de\/wp-json\/wp\/v2\/product_cat?post=14781"},{"taxonomy":"product_tag","embeddable":true,"href":"https:\/\/vapemaison.com\/de\/wp-json\/wp\/v2\/product_tag?post=14781"}],"curies":[{"name":"wp","href":"https:\/\/api.w.org\/{rel}","templated":true}]}}