

{"id":14830,"date":"2025-11-22T08:28:41","date_gmt":"2025-11-22T08:28:41","guid":{"rendered":"https:\/\/vapemaison.com\/?post_type=product&#038;p=14830"},"modified":"2025-11-22T08:30:18","modified_gmt":"2025-11-22T08:30:18","slug":"knall-konig-kristall-vape-30k","status":"publish","type":"product","link":"https:\/\/vapemaison.com\/de\/product\/bang-king-crystal-vape-30k\/","title":{"rendered":"Bang King Crystal Vape 2% 3% 5% Nikotin Einweg Vape 30k Puffs"},"content":{"rendered":"<p>Entdecken Sie dauerhafte Zufriedenheit mit dem <strong>Bang King Crystal vape 30k Puffs<\/strong> . Mit bis zu 30.000 Z\u00fcgen geschmeidigen, geschmackvollen Dampfes ist dieses Ger\u00e4t f\u00fcr den ganzt\u00e4gigen Genuss gebaut. Angetrieben von einem 650mAh-Akku und schnellem Typ-C-Laden, erleben Sie konstante Leistung mit minimaler Ausfallzeit.<\/p>\n\n\n\n<p>Genie\u00dfen Sie reiche Wolken und intensiven Geschmack mit der fortschrittlichen Mesh-Spule Technologie, entwickelt, um den Geschmack Ausgang zu maximieren. Die gro\u00dfz\u00fcgige 28mL e-Fl\u00fcssigkeit Kapazit\u00e4t sorgt daf\u00fcr, dass Sie das Beste aus jedem Zug bekommen. Mit Nikotinst\u00e4rken von 2%, 3% oder 5% k\u00f6nnen Sie Ihr Erlebnis an Ihre Vorlieben anpassen - von sanft bis kr\u00e4ftig.<\/p>\n\n\n\n<p>Mit 12 Premium-Geschmacksrichtungen zur Auswahl bietet der Bang King <strong>Kristall Vape<\/strong> ist perfekt f\u00fcr Dampfer, die sich nach Vielfalt und starker Leistung in einem schlanken Einwegger\u00e4t sehnen. Egal, ob Du neu im Dampfen bist oder ein erfahrener Profi, dieser Verdampfer liefert zuverl\u00e4ssigen, befriedigenden Geschmack mit jedem Zug.<\/p>\n\n\n\n<h2 class=\"wp-block-heading\"><strong>Warum den Bang King Crystal Vape w\u00e4hlen?<\/strong><\/h2>\n\n\n\n<ol class=\"wp-block-list\">\n<li><strong>Langfristige Nutzung<\/strong> - Genie\u00dfen Sie bis zu 30.000 Z\u00fcge geschmeidigen, aromatischen Dampf, der Sie den ganzen Tag \u00fcber zufrieden stellt.<\/li>\n\n\n\n<li><strong>Leistungsstarker Akku und schnelles Aufladen<\/strong> - Ausgestattet mit einem 650mAh-Akku und Typ-C-Schnellladung, minimiert Ausfallzeiten f\u00fcr ein konsistentes Dampferlebnis.<\/li>\n\n\n\n<li><strong>Fortschrittliche Mesh-Spulen-Technologie<\/strong> - Die Mesh-Spule liefert reiche Wolken und intensiven Geschmack und maximiert jeden Zug f\u00fcr ein erstklassiges Dampferlebnis.<\/li>\n\n\n\n<li><strong>Gro\u00dfe E-Fl\u00fcssigkeitskapazit\u00e4t<\/strong> - Mit einem gro\u00dfz\u00fcgigen Fassungsverm\u00f6gen von 28 ml E-Liquid reduziert der Bang King Crystal 30K die Notwendigkeit des h\u00e4ufigen Nachf\u00fcllens und erm\u00f6glicht es Ihnen, l\u00e4nger ohne Unterbrechung zu dampfen.<\/li>\n\n\n\n<li><strong>Breite Palette an Geschmacksrichtungen<\/strong> - W\u00e4hlen Sie aus 12 erstklassigen Geschmacksrichtungen, die eine Vielzahl von Profilen f\u00fcr alle Vorlieben bieten, von erfrischend bis kr\u00e4ftig.<\/li>\n\n\n\n<li><strong>Mehrere Nikotinst\u00e4rken<\/strong> - Erh\u00e4ltlich in 2%, 3% und 5% Nikotin-Optionen, die leichte, mittlere oder intensive Hits f\u00fcr jeden Vaping-Stil bieten.<\/li>\n<\/ol>\n\n\n\n<p>Der Bang King Crystal 30K Disposable Vape ist die perfekte Wahl f\u00fcr Dampfer, die dauerhafte Leistung, verschiedene Geschmacksrichtungen und zuverl\u00e4ssige Power in einem schlanken Einwegger\u00e4t w\u00fcnschen.<\/p>\n\n\n\n<h2 class=\"wp-block-heading\">K\u00f6nig Bang <strong>Kristall Vape<\/strong> <strong>Eigenschaften<\/strong>:<\/h2>\n\n\n\n<ul class=\"wp-block-list\">\n<li>Puffs: Bis zu 30000 Z\u00fcge<\/li>\n\n\n\n<li>Maschenspule<\/li>\n\n\n\n<li>E-Fl\u00fcssigkeit:28ml<\/li>\n\n\n\n<li>Nicotine:2%\/3%\/5%<\/li>\n\n\n\n<li>Akku: 650mAh<\/li>\n\n\n\n<li>Wiederaufladbar:Typ-C<\/li>\n\n\n\n<li>12 Geschmacksrichtungen verf\u00fcgbar<\/li>\n<\/ul>\n\n\n\n<h2 class=\"wp-block-heading\"><strong>Geschmack<\/strong><\/h2>\n\n\n\n<p>1. erdbeerige Wassermelone<\/p>\n\n\n\n<p>2.blaues Razz-Eis<\/p>\n\n\n\n<p>3.dreifaches Beereneis<\/p>\n\n\n\n<p>4.pfirsich eis<\/p>\n\n\n\n<p>5. pfirsich-mango<\/p>\n\n\n\n<p>6. doppelter Apfel<\/p>\n\n\n\n<p>7. erdbeerige Kiwi<\/p>\n\n\n\n<p>8.die Aloe-Traube<\/p>\n\n\n\n<p>9. tropische Fr\u00fcchte<\/p>\n\n\n\n<p>10.erdbeere banane<\/p>\n\n\n\n<p>11.kiwi Passionsfrucht Guave<\/p>\n\n\n\n<p>12. schwarzer Drache Eis<\/p>\n\n\n\n<p><\/p>","protected":false},"excerpt":{"rendered":"<p>Discover lasting satisfaction with the Bang King Crystal vape 30k Puffs . Offering up to 30,000 puffs of smooth, flavorful vapor, this device is built for all-day enjoyment. Powered by a 650mAh rechargeable battery and fast Type-C charging, you\u2019ll experience consistent performance with minimal downtime. Enjoy rich clouds and intense flavor with the advanced mesh [&hellip;]<\/p>\n","protected":false},"featured_media":14831,"comment_status":"open","ping_status":"closed","template":"","meta":[],"product_brand":[57],"product_cat":[134],"product_tag":[],"class_list":{"0":"post-14830","1":"product","2":"type-product","3":"status-publish","4":"has-post-thumbnail","6":"product_brand-bang","7":"product_cat-30k-puffs","9":"first","10":"instock","11":"sale","12":"shipping-taxable","13":"purchasable","14":"product-type-variable"},"yoast_head":"<!-- This site is optimized with the Yoast SEO plugin v27.4 - https:\/\/yoast.com\/product\/yoast-seo-wordpress\/ -->\n<title>Bang King Crystal Vape \u2013 30k Puffs, Mesh Coil &amp; 12 Flavors<\/title>\n<meta name=\"description\" content=\"Enjoy up to 30000 puffs with the Bang King Crystal Vape. Perfect for vapers who want lasting satisfaction and reliable performance.\" \/>\n<meta name=\"robots\" content=\"index, follow, max-snippet:-1, max-image-preview:large, max-video-preview:-1\" \/>\n<link rel=\"canonical\" href=\"https:\/\/vapemaison.com\/de\/product\/knall-konig-kristall-vape-30k\/\" \/>\n<meta property=\"og:locale\" content=\"de_DE\" \/>\n<meta property=\"og:type\" content=\"article\" \/>\n<meta property=\"og:title\" content=\"Bang King Crystal Vape \u2013 30k Puffs, Mesh Coil &amp; 12 Flavors\" \/>\n<meta property=\"og:description\" content=\"Enjoy up to 30000 puffs with the Bang King Crystal Vape. Perfect for vapers who want lasting satisfaction and reliable performance.\" \/>\n<meta property=\"og:url\" content=\"https:\/\/vapemaison.com\/de\/product\/knall-konig-kristall-vape-30k\/\" \/>\n<meta property=\"og:site_name\" content=\"VapeMaison\" \/>\n<meta property=\"article:modified_time\" content=\"2025-11-22T08:30:18+00:00\" \/>\n<meta property=\"og:image\" content=\"https:\/\/vapemaison.com\/wp-content\/uploads\/2025\/11\/bang-king-crystal-30000-puffs.jpg\" \/>\n\t<meta property=\"og:image:width\" content=\"510\" \/>\n\t<meta property=\"og:image:height\" content=\"510\" \/>\n\t<meta property=\"og:image:type\" content=\"image\/jpeg\" \/>\n<meta name=\"twitter:card\" content=\"summary_large_image\" \/>\n<meta name=\"twitter:label1\" content=\"Gesch\u00e4tzte Lesezeit\" \/>\n\t<meta name=\"twitter:data1\" content=\"2\u00a0Minuten\" \/>\n<!-- \/ Yoast SEO plugin. -->","yoast_head_json":{"title":"Bang King Crystal Vape - 30k Puffs, Mesh Coil &amp; 12 Geschmacksrichtungen","description":"Genie\u00dfen Sie bis zu 30000 Z\u00fcge mit dem Bang King Crystal Vape. Perfekt f\u00fcr Dampfer, die dauerhafte Zufriedenheit und zuverl\u00e4ssige Leistung wollen.","robots":{"index":"index","follow":"follow","max-snippet":"max-snippet:-1","max-image-preview":"max-image-preview:large","max-video-preview":"max-video-preview:-1"},"canonical":"https:\/\/vapemaison.com\/de\/product\/knall-konig-kristall-vape-30k\/","og_locale":"de_DE","og_type":"article","og_title":"Bang King Crystal Vape \u2013 30k Puffs, Mesh Coil & 12 Flavors","og_description":"Enjoy up to 30000 puffs with the Bang King Crystal Vape. Perfect for vapers who want lasting satisfaction and reliable performance.","og_url":"https:\/\/vapemaison.com\/de\/product\/knall-konig-kristall-vape-30k\/","og_site_name":"VapeMaison","article_modified_time":"2025-11-22T08:30:18+00:00","og_image":[{"width":510,"height":510,"url":"https:\/\/vapemaison.com\/wp-content\/uploads\/2025\/11\/bang-king-crystal-30000-puffs.jpg","type":"image\/jpeg"}],"twitter_card":"summary_large_image","twitter_misc":{"Gesch\u00e4tzte Lesezeit":"2\u00a0Minuten"},"schema":{"@context":"https:\/\/schema.org","@graph":[{"@type":"WebPage","@id":"https:\/\/vapemaison.com\/product\/bang-king-crystal-vape-30k\/","url":"https:\/\/vapemaison.com\/product\/bang-king-crystal-vape-30k\/","name":"Bang King Crystal Vape - 30k Puffs, Mesh Coil &amp; 12 Geschmacksrichtungen","isPartOf":{"@id":"https:\/\/vapemaison.com\/#website"},"primaryImageOfPage":{"@id":"https:\/\/vapemaison.com\/product\/bang-king-crystal-vape-30k\/#primaryimage"},"image":{"@id":"https:\/\/vapemaison.com\/product\/bang-king-crystal-vape-30k\/#primaryimage"},"thumbnailUrl":"https:\/\/vapemaison.com\/wp-content\/uploads\/2025\/11\/bang-king-crystal-30000-puffs.jpg","datePublished":"2025-11-22T08:28:41+00:00","dateModified":"2025-11-22T08:30:18+00:00","description":"Genie\u00dfen Sie bis zu 30000 Z\u00fcge mit dem Bang King Crystal Vape. Perfekt f\u00fcr Dampfer, die dauerhafte Zufriedenheit und zuverl\u00e4ssige Leistung wollen.","breadcrumb":{"@id":"https:\/\/vapemaison.com\/product\/bang-king-crystal-vape-30k\/#breadcrumb"},"inLanguage":"de","potentialAction":[{"@type":"ReadAction","target":["https:\/\/vapemaison.com\/product\/bang-king-crystal-vape-30k\/"]}]},{"@type":"ImageObject","inLanguage":"de","@id":"https:\/\/vapemaison.com\/product\/bang-king-crystal-vape-30k\/#primaryimage","url":"https:\/\/vapemaison.com\/wp-content\/uploads\/2025\/11\/bang-king-crystal-30000-puffs.jpg","contentUrl":"https:\/\/vapemaison.com\/wp-content\/uploads\/2025\/11\/bang-king-crystal-30000-puffs.jpg","width":510,"height":510,"caption":"Bang King Crystal Puffs Disposable Vape Device"},{"@type":"BreadcrumbList","@id":"https:\/\/vapemaison.com\/product\/bang-king-crystal-vape-30k\/#breadcrumb","itemListElement":[{"@type":"ListItem","position":1,"name":"\u9996\u9875","item":"https:\/\/vapemaison.com\/"},{"@type":"ListItem","position":2,"name":"Shop","item":"https:\/\/vapemaison.com\/shop\/"},{"@type":"ListItem","position":3,"name":"Bang","item":"https:\/\/vapemaison.com\/brand\/bang\/"},{"@type":"ListItem","position":4,"name":"Bang King Crystal Vape 2% 3% 5% Nicotine Disposable Vape 30k Puffs"}]},{"@type":"WebSite","@id":"https:\/\/vapemaison.com\/#website","url":"https:\/\/vapemaison.com\/","name":"VapeMaison","description":"Premium Vaping-Ger\u00e4te und Zubeh\u00f6r","publisher":{"@id":"https:\/\/vapemaison.com\/#organization"},"potentialAction":[{"@type":"SearchAction","target":{"@type":"EntryPoint","urlTemplate":"https:\/\/vapemaison.com\/?s={search_term_string}"},"query-input":{"@type":"PropertyValueSpecification","valueRequired":true,"valueName":"search_term_string"}}],"inLanguage":"de"},{"@type":"Organization","@id":"https:\/\/vapemaison.com\/#organization","name":"VapeMaison","url":"https:\/\/vapemaison.com\/","logo":{"@type":"ImageObject","inLanguage":"de","@id":"https:\/\/vapemaison.com\/#\/schema\/logo\/image\/","url":"https:\/\/vapemaison.com\/wp-content\/uploads\/2026\/01\/cropped-vapemaison-logo-g-2026.webp","contentUrl":"https:\/\/vapemaison.com\/wp-content\/uploads\/2026\/01\/cropped-vapemaison-logo-g-2026.webp","width":350,"height":280,"caption":"VapeMaison"},"image":{"@id":"https:\/\/vapemaison.com\/#\/schema\/logo\/image\/"},"sameAs":["https:\/\/www.youtube.com\/@VapeMaison"]}]}},"tiered_pricing_type":"fixed","tiered_pricing_fixed_rules":{"30":"9.98","50":"9.56","100":"8.45","200":"7.98"},"tiered_pricing_product_settings":{"layout":"default","base_unit_name":{"singular":null,"plural":null},"default_variation":null},"tiered_pricing_minimum_quantity":10,"tiered_pricing_roles_data":[],"tiered_pricing_percentage_rules":[],"tiered_pricing_maximum_quantity":null,"tiered_pricing_quantity_step":"10","_links":{"self":[{"href":"https:\/\/vapemaison.com\/de\/wp-json\/wp\/v2\/product\/14830","targetHints":{"allow":["GET"]}}],"collection":[{"href":"https:\/\/vapemaison.com\/de\/wp-json\/wp\/v2\/product"}],"about":[{"href":"https:\/\/vapemaison.com\/de\/wp-json\/wp\/v2\/types\/product"}],"replies":[{"embeddable":true,"href":"https:\/\/vapemaison.com\/de\/wp-json\/wp\/v2\/comments?post=14830"}],"version-history":[{"count":0,"href":"https:\/\/vapemaison.com\/de\/wp-json\/wp\/v2\/product\/14830\/revisions"}],"wp:featuredmedia":[{"embeddable":true,"href":"https:\/\/vapemaison.com\/de\/wp-json\/wp\/v2\/media\/14831"}],"wp:attachment":[{"href":"https:\/\/vapemaison.com\/de\/wp-json\/wp\/v2\/media?parent=14830"}],"wp:term":[{"taxonomy":"product_brand","embeddable":true,"href":"https:\/\/vapemaison.com\/de\/wp-json\/wp\/v2\/product_brand?post=14830"},{"taxonomy":"product_cat","embeddable":true,"href":"https:\/\/vapemaison.com\/de\/wp-json\/wp\/v2\/product_cat?post=14830"},{"taxonomy":"product_tag","embeddable":true,"href":"https:\/\/vapemaison.com\/de\/wp-json\/wp\/v2\/product_tag?post=14830"}],"curies":[{"name":"wp","href":"https:\/\/api.w.org\/{rel}","templated":true}]}}