

{"id":14990,"date":"2025-11-26T06:20:26","date_gmt":"2025-11-26T06:20:26","guid":{"rendered":"https:\/\/vapemaison.com\/?post_type=product&#038;p=14990"},"modified":"2026-01-22T03:51:23","modified_gmt":"2026-01-22T03:51:23","slug":"zooy-zero-45k-puff","status":"publish","type":"product","link":"https:\/\/vapemaison.com\/de\/product\/zooy-zero-45k-puff\/","title":{"rendered":"ZOOY ZERO 45k Puff - Smart Adjustable Vaping f\u00fcr die Zukunft"},"content":{"rendered":"<p>Erleben Sie Personalisierung auf h\u00f6chstem Niveau mit dem <strong>ZOOY ZERO 45000 Puffs<\/strong>, ist ein bahnbrechender Einwegdampfer, der f\u00fcr volle Kontrolle, reiches Aroma und lang anhaltende Leistung entwickelt wurde. Mit bis zu <strong>45.000 Z\u00fcge<\/strong>, Dual Mesh Coils, einstellbares Nikotin und ein intelligenter LED-Bildschirm - jedes Detail ist auf Ihren perfekten Vaping-Stil abgestimmt.<\/p>\n\n\n\n<h2 class=\"wp-block-heading\"><strong>Warum Sie den ZOOY ZERO 45000 lieben werden<\/strong><\/h2>\n\n\n\n<p><strong>Einstellbares Nikotin und K\u00fchlung (NIC&amp;ICE Control)<\/strong><\/p>\n\n\n\n<p>Stellen Sie sowohl die Nikotinst\u00e4rke als auch die Intensit\u00e4t der K\u00fchlung fein ein. Genie\u00dfen Sie einen sanfteren, individuelleren Zug - egal, ob Sie einen leichten Zug oder ein st\u00e4rkeres Gef\u00fchl im Hals bevorzugen.<\/p>\n\n\n\n<p><strong>Perfekt f\u00fcr MTL &amp; DTL Vaping<\/strong><\/p>\n\n\n\n<p>Wechseln Sie m\u00fchelos zwischen Mund-zu-Lunge- und Direkt-zu-Lunge-Stilen.<br>Die <strong>verstellbares Luftstromsystem<\/strong> k\u00f6nnen Sie den Zugwiderstand so einstellen, dass Sie genau das gew\u00fcnschte Erlebnis haben.<\/p>\n\n\n\n<p><strong>Dual Mesh Coil f\u00fcr \u00fcberragenden Geschmack<\/strong><\/p>\n\n\n\n<p>Ausgestattet mit <strong>0,6\u03a9 + 1,5\u03a9 Doppelmaschenspulen<\/strong>, liefern:<\/p>\n\n\n\n<ul class=\"wp-block-list\">\n<li>Schnelleres Aufheizen<\/li>\n\n\n\n<li>Reicherer Geschmack<\/li>\n\n\n\n<li>Gr\u00f6\u00dfere, sanftere Wolken<\/li>\n<\/ul>\n\n\n\n<p><strong>Intelligente LED-Anzeige<\/strong><\/p>\n\n\n\n<p>Bleiben Sie mit Echtzeitdaten umfassend informiert:<\/p>\n\n\n\n<ul class=\"wp-block-list\">\n<li>Anzahl der Puffs<\/li>\n\n\n\n<li>Batteriestand<\/li>\n\n\n\n<li>E-Fl\u00fcssigkeit Status<\/li>\n<\/ul>\n\n\n\n<p>Raten Sie nie wieder, wie viel \u00fcbrig ist.<\/p>\n\n\n\n<p><strong>L\u00e4nger anhaltende Leistung<\/strong><\/p>\n\n\n\n<p>A <strong>1000mAh wiederaufladbare Batterie<\/strong> gepaart mit <strong>Typ-C-Schnellladung<\/strong> sorgt daf\u00fcr, dass Sie l\u00e4nger dampfen und schneller wieder aufgeladen werden.<\/p>\n\n\n\n<h2 class=\"wp-block-heading\"><strong>Wesentliche Merkmale<\/strong><\/h2>\n\n\n\n<ul class=\"wp-block-list\">\n<li><strong>Bis zu 45.000 Puffs<\/strong> - Ultra-lange Lebensdauer<\/li>\n\n\n\n<li><strong>Einstellbare Nikotinst\u00e4rken<\/strong> - Kontrolliere deine Kraft<\/li>\n\n\n\n<li><strong>NIC&amp;ICE-Kontrolle<\/strong> - K\u00fchlung + Nikotin anpassen<\/li>\n\n\n\n<li><strong>Einstellbarer Luftstrom<\/strong> - MTL oder DTL, Ihre Wahl<\/li>\n\n\n\n<li><strong>0.6\u03a9 + 1.5\u03a9 Dual Mesh Spule<\/strong> - Geschmack + Dampf optimiert<\/li>\n\n\n\n<li><strong>Intelligenter LED-Bildschirm<\/strong> - Batterie-, Puff- und Saftanzeige<\/li>\n\n\n\n<li><strong>1000mAh wiederaufladbare Batterie<\/strong><\/li>\n\n\n\n<li><strong>Typ-C-Schnellaufladung<\/strong><\/li>\n\n\n\n<li><strong>10 Premium-Geschmacksoptionen<\/strong><\/li>\n<\/ul>\n\n\n\n<h2 class=\"wp-block-heading\"><strong>Verf\u00fcgbare Geschmacksrichtungen<\/strong><\/h2>\n\n\n\n<ul class=\"wp-block-list\">\n<li>Wassermelone Eis<\/li>\n\n\n\n<li>Blaubeereis<\/li>\n\n\n\n<li>Erdbeere Wassermelone<\/li>\n\n\n\n<li>Zitrone Cola<\/li>\n\n\n\n<li>Erdbeer-Kiwi<\/li>\n\n\n\n<li>Weintraube Apfel<\/li>\n\n\n\n<li>Erdbeer-Orange-Pop<\/li>\n\n\n\n<li>Blaues Razzeis<\/li>\n\n\n\n<li>Heidelbeere Wassermelone<\/li>\n\n\n\n<li>Mango Passion Guave<\/li>\n<\/ul>\n\n\n\n<h2 class=\"wp-block-heading\"><strong>ZOOY ZERO 45000 - Gebaut f\u00fcr Vaper, die Kontrolle wollen<\/strong><\/h2>\n\n\n\n<p>Egal, ob Sie st\u00e4rkere Hits, einen sanfteren Geschmack oder eine vollst\u00e4ndige Anpassung suchen, der ZOOY ZERO 45000 gibt Ihnen die Werkzeuge, um Ihre perfekte Session zu kreieren. Entwickelt f\u00fcr Leistung, entworfen f\u00fcr Bequemlichkeit und vollgepackt mit intelligenten Funktionen - dieses Ger\u00e4t repr\u00e4sentiert die Zukunft der High-End-Einwegverdampfer.<\/p>\n\n\n\n<p>Wenn Sie an mehr interessiert sind von <strong>Zooy<\/strong>, finden Sie in unserem vollst\u00e4ndigen <strong><a href=\"https:\/\/vapemaison.com\/shop\/\">Zooy Einweg-Vape-Kollektion<\/a><\/strong> um andere Modelle mit unterschiedlichen Puffzahlen und Geschmacksrichtungen zu entdecken. F\u00fcr \u00e4hnliche Optionen ist die <strong><a href=\"https:\/\/vapemaison.com\/product\/zooy-trlple-70000-70k-puffs\/\">ZOOY SHISHA 25K<\/a><\/strong> und <strong><a href=\"https:\/\/vapemaison.com\/product\/puff-zooy-flyer-35000-disposable-vape-wholesale\/\"><strong><a href=\"https:\/\/vapemaison.com\/wp-admin\/post.php?post=25580&amp;action=edit\">Puff Zooy Flyer 35k<\/a><\/strong><\/a><\/strong> sind beliebte Alternativen mit langer Akkulaufzeit und verschiedenen Geschmacksrichtungen. Sie k\u00f6nnen auch unser gesamtes <strong><a href=\"https:\/\/vapemaison.com\/\">Einweg-Vape-Ger\u00e4te<\/a><\/strong> Kategorie, um andere Marken zu vergleichen und die beste L\u00f6sung f\u00fcr Ihre Bed\u00fcrfnisse zu finden.<\/p>\n\n\n\n<p><\/p>","protected":false},"excerpt":{"rendered":"<p>Experience next-level personalization with the ZOOY ZERO 45000 Puffs, a breakthrough disposable vape engineered for full control, rich flavor, and long-lasting performance. With up to 45,000 puffs, dual mesh coils, adjustable nicotine, and a smart LED screen, every detail is designed around your perfect vaping style. Why You\u2019ll Love the ZOOY ZERO 45000 Adjustable Nicotine [&hellip;]<\/p>\n","protected":false},"featured_media":15057,"comment_status":"open","ping_status":"closed","template":"","meta":[],"product_brand":[170],"product_cat":[156],"product_tag":[],"class_list":{"0":"post-14990","1":"product","2":"type-product","3":"status-publish","4":"has-post-thumbnail","6":"product_brand-zooy","7":"product_cat-45k-puffs","9":"first","10":"instock","11":"sale","12":"shipping-taxable","13":"purchasable","14":"product-type-variable"},"yoast_head":"<!-- This site is optimized with the Yoast SEO plugin v27.4 - https:\/\/yoast.com\/product\/yoast-seo-wordpress\/ -->\n<title>ZOOY ZERO 45k Puff \u2013 Smart Adjustable Vaping for the Future - VapeMaison<\/title>\n<meta name=\"robots\" content=\"index, follow, max-snippet:-1, max-image-preview:large, max-video-preview:-1\" \/>\n<link rel=\"canonical\" href=\"https:\/\/vapemaison.com\/de\/product\/zooy-zero-45k-puff\/\" \/>\n<meta property=\"og:locale\" content=\"de_DE\" \/>\n<meta property=\"og:type\" content=\"article\" \/>\n<meta property=\"og:title\" content=\"ZOOY ZERO 45k Puff \u2013 Smart Adjustable Vaping for the Future - VapeMaison\" \/>\n<meta property=\"og:description\" content=\"Experience next-level personalization with the ZOOY ZERO 45000 Puffs, a breakthrough disposable vape engineered for full control, rich flavor, and long-lasting performance. With up to 45,000 puffs, dual mesh coils, adjustable nicotine, and a smart LED screen, every detail is designed around your perfect vaping style. Why You\u2019ll Love the ZOOY ZERO 45000 Adjustable Nicotine [&hellip;]\" \/>\n<meta property=\"og:url\" content=\"https:\/\/vapemaison.com\/de\/product\/zooy-zero-45k-puff\/\" \/>\n<meta property=\"og:site_name\" content=\"VapeMaison\" \/>\n<meta property=\"article:modified_time\" content=\"2026-01-22T03:51:23+00:00\" \/>\n<meta property=\"og:image\" content=\"https:\/\/vapemaison.com\/wp-content\/uploads\/2025\/11\/vapemaison-zooy-zero-45000-45k-puffs-main-picture.webp\" \/>\n\t<meta property=\"og:image:width\" content=\"800\" \/>\n\t<meta property=\"og:image:height\" content=\"800\" \/>\n\t<meta property=\"og:image:type\" content=\"image\/webp\" \/>\n<meta name=\"twitter:card\" content=\"summary_large_image\" \/>\n<meta name=\"twitter:label1\" content=\"Gesch\u00e4tzte Lesezeit\" \/>\n\t<meta name=\"twitter:data1\" content=\"2\u00a0Minuten\" \/>\n<!-- \/ Yoast SEO plugin. -->","yoast_head_json":{"title":"ZOOY ZERO 45k Puff - Smart Adjustable Vaping f\u00fcr die Zukunft - VapeMaison","robots":{"index":"index","follow":"follow","max-snippet":"max-snippet:-1","max-image-preview":"max-image-preview:large","max-video-preview":"max-video-preview:-1"},"canonical":"https:\/\/vapemaison.com\/de\/product\/zooy-zero-45k-puff\/","og_locale":"de_DE","og_type":"article","og_title":"ZOOY ZERO 45k Puff \u2013 Smart Adjustable Vaping for the Future - VapeMaison","og_description":"Experience next-level personalization with the ZOOY ZERO 45000 Puffs, a breakthrough disposable vape engineered for full control, rich flavor, and long-lasting performance. With up to 45,000 puffs, dual mesh coils, adjustable nicotine, and a smart LED screen, every detail is designed around your perfect vaping style. Why You\u2019ll Love the ZOOY ZERO 45000 Adjustable Nicotine [&hellip;]","og_url":"https:\/\/vapemaison.com\/de\/product\/zooy-zero-45k-puff\/","og_site_name":"VapeMaison","article_modified_time":"2026-01-22T03:51:23+00:00","og_image":[{"width":800,"height":800,"url":"https:\/\/vapemaison.com\/wp-content\/uploads\/2025\/11\/vapemaison-zooy-zero-45000-45k-puffs-main-picture.webp","type":"image\/webp"}],"twitter_card":"summary_large_image","twitter_misc":{"Gesch\u00e4tzte Lesezeit":"2\u00a0Minuten"},"schema":{"@context":"https:\/\/schema.org","@graph":[{"@type":"WebPage","@id":"https:\/\/vapemaison.com\/product\/zooy-zero-45k-puff\/","url":"https:\/\/vapemaison.com\/product\/zooy-zero-45k-puff\/","name":"ZOOY ZERO 45k Puff - Smart Adjustable Vaping f\u00fcr die Zukunft - VapeMaison","isPartOf":{"@id":"https:\/\/vapemaison.com\/#website"},"primaryImageOfPage":{"@id":"https:\/\/vapemaison.com\/product\/zooy-zero-45k-puff\/#primaryimage"},"image":{"@id":"https:\/\/vapemaison.com\/product\/zooy-zero-45k-puff\/#primaryimage"},"thumbnailUrl":"https:\/\/vapemaison.com\/wp-content\/uploads\/2025\/11\/vapemaison-zooy-zero-45000-45k-puffs-main-picture.webp","datePublished":"2025-11-26T06:20:26+00:00","dateModified":"2026-01-22T03:51:23+00:00","breadcrumb":{"@id":"https:\/\/vapemaison.com\/product\/zooy-zero-45k-puff\/#breadcrumb"},"inLanguage":"de","potentialAction":[{"@type":"ReadAction","target":["https:\/\/vapemaison.com\/product\/zooy-zero-45k-puff\/"]}]},{"@type":"ImageObject","inLanguage":"de","@id":"https:\/\/vapemaison.com\/product\/zooy-zero-45k-puff\/#primaryimage","url":"https:\/\/vapemaison.com\/wp-content\/uploads\/2025\/11\/vapemaison-zooy-zero-45000-45k-puffs-main-picture.webp","contentUrl":"https:\/\/vapemaison.com\/wp-content\/uploads\/2025\/11\/vapemaison-zooy-zero-45000-45k-puffs-main-picture.webp","width":800,"height":800,"caption":"Vapemaison Zooy Zero 45k Puffs Main Picture"},{"@type":"BreadcrumbList","@id":"https:\/\/vapemaison.com\/product\/zooy-zero-45k-puff\/#breadcrumb","itemListElement":[{"@type":"ListItem","position":1,"name":"\u9996\u9875","item":"https:\/\/vapemaison.com\/"},{"@type":"ListItem","position":2,"name":"Shop","item":"https:\/\/vapemaison.com\/shop\/"},{"@type":"ListItem","position":3,"name":"Zooy","item":"https:\/\/vapemaison.com\/brand\/zooy\/"},{"@type":"ListItem","position":4,"name":"ZOOY ZERO 45k Puff \u2013 Smart Adjustable Vaping for the Future"}]},{"@type":"WebSite","@id":"https:\/\/vapemaison.com\/#website","url":"https:\/\/vapemaison.com\/","name":"VapeMaison","description":"Premium Vaping-Ger\u00e4te und Zubeh\u00f6r","publisher":{"@id":"https:\/\/vapemaison.com\/#organization"},"potentialAction":[{"@type":"SearchAction","target":{"@type":"EntryPoint","urlTemplate":"https:\/\/vapemaison.com\/?s={search_term_string}"},"query-input":{"@type":"PropertyValueSpecification","valueRequired":true,"valueName":"search_term_string"}}],"inLanguage":"de"},{"@type":"Organization","@id":"https:\/\/vapemaison.com\/#organization","name":"VapeMaison","url":"https:\/\/vapemaison.com\/","logo":{"@type":"ImageObject","inLanguage":"de","@id":"https:\/\/vapemaison.com\/#\/schema\/logo\/image\/","url":"https:\/\/vapemaison.com\/wp-content\/uploads\/2026\/01\/cropped-vapemaison-logo-g-2026.webp","contentUrl":"https:\/\/vapemaison.com\/wp-content\/uploads\/2026\/01\/cropped-vapemaison-logo-g-2026.webp","width":350,"height":280,"caption":"VapeMaison"},"image":{"@id":"https:\/\/vapemaison.com\/#\/schema\/logo\/image\/"},"sameAs":["https:\/\/www.youtube.com\/@VapeMaison"]}]}},"tiered_pricing_type":"fixed","tiered_pricing_fixed_rules":{"30":"10.99","50":"9.98","100":"8.88","200":"7.98"},"tiered_pricing_product_settings":{"layout":"default","base_unit_name":{"singular":null,"plural":null},"default_variation":null},"tiered_pricing_minimum_quantity":10,"tiered_pricing_roles_data":[],"tiered_pricing_percentage_rules":[],"tiered_pricing_maximum_quantity":null,"tiered_pricing_quantity_step":"10","_links":{"self":[{"href":"https:\/\/vapemaison.com\/de\/wp-json\/wp\/v2\/product\/14990","targetHints":{"allow":["GET"]}}],"collection":[{"href":"https:\/\/vapemaison.com\/de\/wp-json\/wp\/v2\/product"}],"about":[{"href":"https:\/\/vapemaison.com\/de\/wp-json\/wp\/v2\/types\/product"}],"replies":[{"embeddable":true,"href":"https:\/\/vapemaison.com\/de\/wp-json\/wp\/v2\/comments?post=14990"}],"version-history":[{"count":2,"href":"https:\/\/vapemaison.com\/de\/wp-json\/wp\/v2\/product\/14990\/revisions"}],"predecessor-version":[{"id":26171,"href":"https:\/\/vapemaison.com\/de\/wp-json\/wp\/v2\/product\/14990\/revisions\/26171"}],"wp:featuredmedia":[{"embeddable":true,"href":"https:\/\/vapemaison.com\/de\/wp-json\/wp\/v2\/media\/15057"}],"wp:attachment":[{"href":"https:\/\/vapemaison.com\/de\/wp-json\/wp\/v2\/media?parent=14990"}],"wp:term":[{"taxonomy":"product_brand","embeddable":true,"href":"https:\/\/vapemaison.com\/de\/wp-json\/wp\/v2\/product_brand?post=14990"},{"taxonomy":"product_cat","embeddable":true,"href":"https:\/\/vapemaison.com\/de\/wp-json\/wp\/v2\/product_cat?post=14990"},{"taxonomy":"product_tag","embeddable":true,"href":"https:\/\/vapemaison.com\/de\/wp-json\/wp\/v2\/product_tag?post=14990"}],"curies":[{"name":"wp","href":"https:\/\/api.w.org\/{rel}","templated":true}]}}