

{"id":15402,"date":"2025-11-28T09:57:06","date_gmt":"2025-11-28T09:57:06","guid":{"rendered":"https:\/\/vapemaison.com\/?post_type=product&#038;p=15402"},"modified":"2026-03-27T03:23:59","modified_gmt":"2026-03-27T03:23:59","slug":"bang-king-zwillinge-50000-50k","status":"publish","type":"product","link":"https:\/\/vapemaison.com\/de\/product\/bang-king-twins-50000-50k\/","title":{"rendered":"Bang King Zwillinge 50K Puff"},"content":{"rendered":"<p>Entdecken Sie die <strong>Bang King Zwillinge 50000 Puffs<\/strong> - ein erstklassiger Einwegdampfer mit zwei Geschmacksrichtungen, der sorgf\u00e4ltig f\u00fcr Dampfer entwickelt wurde, die bei Vielfalt, Intensit\u00e4t und Langlebigkeit keine Kompromisse eingehen wollen. Mit einer beeindruckenden Gesamtkapazit\u00e4t von 56 ml hochwertiger E-Liquid, die sich gleichm\u00e4\u00dfig auf zwei unabh\u00e4ngige 28-ml-Kammern verteilen, k\u00f6nnen Sie mit diesem innovativen Ger\u00e4t m\u00fchelos zwischen zwei verschiedenen Geschmacksrichtungen wechseln, wann immer Sie in Stimmung sind, und so mit jedem Zug ein frisches und individuelles Erlebnis genie\u00dfen.<\/p>\n\n\n\n<p>Mit einer au\u00dfergew\u00f6hnlichen Lebensdauer von bis zu 50.000 Z\u00fcgen definiert der Twins 50000 die Ausdauer in der Einwegkategorie neu und sorgt f\u00fcr wochenlangen ununterbrochenen Genuss ohne Einbu\u00dfen bei der Geschmackskonsistenz oder Dampfqualit\u00e4t. Angetrieben von einem Pr\u00e4zisions 1.0\u03a9 Mesh-Spule und in Ihrer Wahl von 2%, 3%, oder 5% Nikotin St\u00e4rke, produziert es glatt, robuste Hits, die sowohl leichte und schwere Vaper gleicherma\u00dfen gerecht zu werden.<\/p>\n\n\n\n<p>Ein integrierter 650mAh-Akku mit praktischer Typ-C-Schnellladefunktion sorgt f\u00fcr minimale Ausfallzeiten, w\u00e4hrend das \u00fcbersichtliche LED-Digitaldisplay in Echtzeit \u00fcber die Akkulaufzeit und das verbleibende E-Liquid in jeder Kammer informiert und Ihnen so die volle Kontrolle gibt.<\/p>\n\n\n\n<p>Mit zw\u00f6lf von Experten kuratierten Geschmackskombinationen, die von erfrischenden Fr\u00fcchten \u00fcber k\u00fchle Minze bis hin zu exotischen Mischungen reichen, bietet der Bang King Twins 50000 Puffs doppelten Geschmack, doppelte Befriedigung und ein unvergleichliches Dampferlebnis - alles in einem schlanken, intuitiven und leistungsstarken Ger\u00e4t mit langer Lebensdauer.<\/p>\n\n\n\n<h5 class=\"wp-block-heading\"><strong>Eigenschaften\uff1a<\/strong><\/h5>\n\n\n\n<ul class=\"wp-block-list\">\n<li>Puffs: Bis zu 50000 Z\u00fcge<\/li>\n\n\n\n<li>Kern: Mesh Spule 1.0ohm<\/li>\n\n\n\n<li>E-Fl\u00fcssigkeit:56ml (28ml + 28ml)<\/li>\n\n\n\n<li>Nicotine:2%\/3%\/5%<\/li>\n\n\n\n<li>Akku: 650mAh<\/li>\n\n\n\n<li>Wiederaufladbar:Typ-C<\/li>\n\n\n\n<li>LED-Digitalanzeige<\/li>\n\n\n\n<li>Doppelter Geschmack<\/li>\n\n\n\n<li>12 Geschmacksrichtungen verf\u00fcgbar<\/li>\n<\/ul>\n\n\n\n<h5 class=\"wp-block-heading\"><strong><br>Geschmacksliste\uff1a<\/strong><\/h5>\n\n\n\n<ol class=\"wp-block-list\">\n<li>Liebe 66 &amp; Zitrone Maracuja<\/li>\n\n\n\n<li>Pfirsich-Guave-Erdbeere &amp; Sakura-Traube<\/li>\n\n\n\n<li>Erdbeer-Banane &amp; Heisenberg<\/li>\n\n\n\n<li>Blauer Razz Ice &amp; Blauer Razz Cherry<\/li>\n\n\n\n<li>Erdbeer-Wassermelone &amp; Erdbeer-Eiscreme<\/li>\n\n\n\n<li>Wassermeloneneis &amp; Wassermelone Hubba Bubba<\/li>\n\n\n\n<li>Double Lime &amp; Ice Aloe Vera<\/li>\n\n\n\n<li>Mix Beere &amp; Erdbeer-Kiwi<\/li>\n\n\n\n<li>Supercoole Lychee &amp; Pink Man<\/li>\n\n\n\n<li>Saft Pfirsich-Eis &amp; Erdbeer-Mango<\/li>\n\n\n\n<li>Cola-Zitrone &amp; Erdbeer-Skittles<\/li>\n\n\n\n<li>Pfirsich-Mango-Wassermelone &amp; Blauer Razz-Kirsche<\/li>\n<\/ol>\n\n\n\n<p>Wenn Sie weitere Ger\u00e4te der gleichen Marke kennenlernen m\u00f6chten, k\u00f6nnen Sie sich unsere komplette\u00a0<strong><a href=\"https:\/\/vapemaison.com\/\">Bang Einweg-Vape-Kollektion<\/a><\/strong>\u00a0um verschiedene Modelle und Puffzahlen zu vergleichen. F\u00fcr Nutzer, die speziell auf der Suche nach l\u00e4ngerer Dampfleistung sind, ist dieses Ger\u00e4t auch Teil unserer\u00a0<strong><a href=\"https:\/\/vapemaison.com\/product-category\/puffs-count\/40k-puffs\/\">60K Puffs Einweg-Dampfger\u00e4t<\/a><\/strong>\u00a0Kategorie, die sich durch eine lange Nutzungsdauer und ein hohes Fassungsverm\u00f6gen auszeichnen. Wenn Sie \u00e4hnliche Optionen mit hoher Puffleistung vergleichen, ist die\u00a0<strong><a href=\"https:\/\/vapemaison.com\/product\/bang-leader-stoll-300k-puffs-disposable-vape\/\">Bang 300k Puffs Einweg-Vape<\/a><\/strong>\u00a0und die <strong><a href=\"https:\/\/vapemaison.com\/product-category\/puffs-count\/50k-puffs\/\">puff 50k<\/a><\/strong> sind beliebte Alternativen mit vergleichbarer Kapazit\u00e4t und Leistung.<\/p>","protected":false},"excerpt":{"rendered":"<p>Discover the Bang King Twins 50000 Puffs \u2014 a premium dual-flavor disposable vape meticulously crafted for vapers who refuse to compromise on variety, intensity, or longevity. Engineered with an impressive total capacity of 56mL of high-quality e-liquid split evenly across two independent 28mL chambers, this innovative device lets you effortlessly switch between two distinct flavors [&hellip;]<\/p>\n","protected":false},"featured_media":15403,"comment_status":"open","ping_status":"closed","template":"","meta":[],"product_brand":[57],"product_cat":[136,142,294],"product_tag":[],"class_list":{"0":"post-15402","1":"product","2":"type-product","3":"status-publish","4":"has-post-thumbnail","6":"product_brand-bang","7":"product_cat-50k-puffs","8":"product_cat-eu-stock","9":"product_cat-no-nicotine-vape","11":"first","12":"instock","13":"sale","14":"shipping-taxable","15":"purchasable","16":"product-type-variable"},"yoast_head":"<!-- This site is optimized with the Yoast SEO plugin v27.4 - https:\/\/yoast.com\/product\/yoast-seo-wordpress\/ -->\n<title>Bang King Twins 50000 Puffs Dual Flavor Disposable Vape<\/title>\n<meta name=\"description\" content=\"Bang King Twins 50k Puff \u2013 56mL dual-flavor disposable vape with 50k puffs, 2\/3\/5% nicotine,rechargeable battery &amp; LED display. Switch flavors anytime!\" \/>\n<meta name=\"robots\" content=\"index, follow, max-snippet:-1, max-image-preview:large, max-video-preview:-1\" \/>\n<link rel=\"canonical\" href=\"https:\/\/vapemaison.com\/de\/product\/bang-king-zwillinge-50000-50k\/\" \/>\n<meta property=\"og:locale\" content=\"de_DE\" \/>\n<meta property=\"og:type\" content=\"article\" \/>\n<meta property=\"og:title\" content=\"Bang King Twins 50000 Puffs Dual Flavor Disposable Vape\" \/>\n<meta property=\"og:description\" content=\"Bang King Twins 50k Puff \u2013 56mL dual-flavor disposable vape with 50k puffs, 2\/3\/5% nicotine,rechargeable battery &amp; LED display. Switch flavors anytime!\" \/>\n<meta property=\"og:url\" content=\"https:\/\/vapemaison.com\/de\/product\/bang-king-zwillinge-50000-50k\/\" \/>\n<meta property=\"og:site_name\" content=\"VapeMaison\" \/>\n<meta property=\"article:modified_time\" content=\"2026-03-27T03:23:59+00:00\" \/>\n<meta property=\"og:image\" content=\"https:\/\/vapemaison.com\/wp-content\/uploads\/2025\/11\/bang-king-twins-50000-50k-puffs.webp\" \/>\n\t<meta property=\"og:image:width\" content=\"700\" \/>\n\t<meta property=\"og:image:height\" content=\"700\" \/>\n\t<meta property=\"og:image:type\" content=\"image\/webp\" \/>\n<meta name=\"twitter:card\" content=\"summary_large_image\" \/>\n<meta name=\"twitter:label1\" content=\"Gesch\u00e4tzte Lesezeit\" \/>\n\t<meta name=\"twitter:data1\" content=\"2\u00a0Minuten\" \/>\n<!-- \/ Yoast SEO plugin. -->","yoast_head_json":{"title":"Bang King Twins 50000 Puffs Dual Flavor Einweg Vape","description":"Bang King Twins 50k Puff - 56mL Einweg-Vape mit zwei Geschmacksrichtungen, 50k Puffs, 2\/3\/5% Nikotin, wiederaufladbare Batterie und LED-Anzeige. Wechseln Sie die Geschmacksrichtungen jederzeit!","robots":{"index":"index","follow":"follow","max-snippet":"max-snippet:-1","max-image-preview":"max-image-preview:large","max-video-preview":"max-video-preview:-1"},"canonical":"https:\/\/vapemaison.com\/de\/product\/bang-king-zwillinge-50000-50k\/","og_locale":"de_DE","og_type":"article","og_title":"Bang King Twins 50000 Puffs Dual Flavor Disposable Vape","og_description":"Bang King Twins 50k Puff \u2013 56mL dual-flavor disposable vape with 50k puffs, 2\/3\/5% nicotine,rechargeable battery & LED display. Switch flavors anytime!","og_url":"https:\/\/vapemaison.com\/de\/product\/bang-king-zwillinge-50000-50k\/","og_site_name":"VapeMaison","article_modified_time":"2026-03-27T03:23:59+00:00","og_image":[{"width":700,"height":700,"url":"https:\/\/vapemaison.com\/wp-content\/uploads\/2025\/11\/bang-king-twins-50000-50k-puffs.webp","type":"image\/webp"}],"twitter_card":"summary_large_image","twitter_misc":{"Gesch\u00e4tzte Lesezeit":"2\u00a0Minuten"},"schema":{"@context":"https:\/\/schema.org","@graph":[{"@type":"WebPage","@id":"https:\/\/vapemaison.com\/product\/bang-king-twins-50000-50k\/","url":"https:\/\/vapemaison.com\/product\/bang-king-twins-50000-50k\/","name":"Bang King Twins 50000 Puffs Dual Flavor Einweg Vape","isPartOf":{"@id":"https:\/\/vapemaison.com\/#website"},"primaryImageOfPage":{"@id":"https:\/\/vapemaison.com\/product\/bang-king-twins-50000-50k\/#primaryimage"},"image":{"@id":"https:\/\/vapemaison.com\/product\/bang-king-twins-50000-50k\/#primaryimage"},"thumbnailUrl":"https:\/\/vapemaison.com\/wp-content\/uploads\/2025\/11\/bang-king-twins-50000-50k-puffs.webp","datePublished":"2025-11-28T09:57:06+00:00","dateModified":"2026-03-27T03:23:59+00:00","description":"Bang King Twins 50k Puff - 56mL Einweg-Vape mit zwei Geschmacksrichtungen, 50k Puffs, 2\/3\/5% Nikotin, wiederaufladbare Batterie und LED-Anzeige. Wechseln Sie die Geschmacksrichtungen jederzeit!","breadcrumb":{"@id":"https:\/\/vapemaison.com\/product\/bang-king-twins-50000-50k\/#breadcrumb"},"inLanguage":"de","potentialAction":[{"@type":"ReadAction","target":["https:\/\/vapemaison.com\/product\/bang-king-twins-50000-50k\/"]}]},{"@type":"ImageObject","inLanguage":"de","@id":"https:\/\/vapemaison.com\/product\/bang-king-twins-50000-50k\/#primaryimage","url":"https:\/\/vapemaison.com\/wp-content\/uploads\/2025\/11\/bang-king-twins-50000-50k-puffs.webp","contentUrl":"https:\/\/vapemaison.com\/wp-content\/uploads\/2025\/11\/bang-king-twins-50000-50k-puffs.webp","width":700,"height":700,"caption":"Bang King Twins 50k Puffs Disposable Vape Device"},{"@type":"BreadcrumbList","@id":"https:\/\/vapemaison.com\/product\/bang-king-twins-50000-50k\/#breadcrumb","itemListElement":[{"@type":"ListItem","position":1,"name":"\u9996\u9875","item":"https:\/\/vapemaison.com\/"},{"@type":"ListItem","position":2,"name":"Shop","item":"https:\/\/vapemaison.com\/shop\/"},{"@type":"ListItem","position":3,"name":"Bang","item":"https:\/\/vapemaison.com\/brand\/bang\/"},{"@type":"ListItem","position":4,"name":"Bang King Twins 50K Puff"}]},{"@type":"WebSite","@id":"https:\/\/vapemaison.com\/#website","url":"https:\/\/vapemaison.com\/","name":"VapeMaison","description":"Premium Vaping-Ger\u00e4te und Zubeh\u00f6r","publisher":{"@id":"https:\/\/vapemaison.com\/#organization"},"potentialAction":[{"@type":"SearchAction","target":{"@type":"EntryPoint","urlTemplate":"https:\/\/vapemaison.com\/?s={search_term_string}"},"query-input":{"@type":"PropertyValueSpecification","valueRequired":true,"valueName":"search_term_string"}}],"inLanguage":"de"},{"@type":"Organization","@id":"https:\/\/vapemaison.com\/#organization","name":"VapeMaison","url":"https:\/\/vapemaison.com\/","logo":{"@type":"ImageObject","inLanguage":"de","@id":"https:\/\/vapemaison.com\/#\/schema\/logo\/image\/","url":"https:\/\/vapemaison.com\/wp-content\/uploads\/2026\/01\/cropped-vapemaison-logo-g-2026.webp","contentUrl":"https:\/\/vapemaison.com\/wp-content\/uploads\/2026\/01\/cropped-vapemaison-logo-g-2026.webp","width":350,"height":280,"caption":"VapeMaison"},"image":{"@id":"https:\/\/vapemaison.com\/#\/schema\/logo\/image\/"},"sameAs":["https:\/\/www.youtube.com\/@VapeMaison"]}]}},"tiered_pricing_type":"fixed","tiered_pricing_fixed_rules":{"30":"8.99","50":"8.72","100":"8.35","200":"7.99"},"tiered_pricing_product_settings":{"layout":"default","base_unit_name":{"singular":null,"plural":null},"default_variation":null},"tiered_pricing_minimum_quantity":10,"tiered_pricing_roles_data":[],"tiered_pricing_percentage_rules":[],"tiered_pricing_maximum_quantity":null,"tiered_pricing_quantity_step":"10","_links":{"self":[{"href":"https:\/\/vapemaison.com\/de\/wp-json\/wp\/v2\/product\/15402","targetHints":{"allow":["GET"]}}],"collection":[{"href":"https:\/\/vapemaison.com\/de\/wp-json\/wp\/v2\/product"}],"about":[{"href":"https:\/\/vapemaison.com\/de\/wp-json\/wp\/v2\/types\/product"}],"replies":[{"embeddable":true,"href":"https:\/\/vapemaison.com\/de\/wp-json\/wp\/v2\/comments?post=15402"}],"version-history":[{"count":1,"href":"https:\/\/vapemaison.com\/de\/wp-json\/wp\/v2\/product\/15402\/revisions"}],"predecessor-version":[{"id":26509,"href":"https:\/\/vapemaison.com\/de\/wp-json\/wp\/v2\/product\/15402\/revisions\/26509"}],"wp:featuredmedia":[{"embeddable":true,"href":"https:\/\/vapemaison.com\/de\/wp-json\/wp\/v2\/media\/15403"}],"wp:attachment":[{"href":"https:\/\/vapemaison.com\/de\/wp-json\/wp\/v2\/media?parent=15402"}],"wp:term":[{"taxonomy":"product_brand","embeddable":true,"href":"https:\/\/vapemaison.com\/de\/wp-json\/wp\/v2\/product_brand?post=15402"},{"taxonomy":"product_cat","embeddable":true,"href":"https:\/\/vapemaison.com\/de\/wp-json\/wp\/v2\/product_cat?post=15402"},{"taxonomy":"product_tag","embeddable":true,"href":"https:\/\/vapemaison.com\/de\/wp-json\/wp\/v2\/product_tag?post=15402"}],"curies":[{"name":"wp","href":"https:\/\/api.w.org\/{rel}","templated":true}]}}