

{"id":15642,"date":"2025-12-03T08:26:53","date_gmt":"2025-12-03T08:26:53","guid":{"rendered":"https:\/\/vapemaison.com\/?post_type=product&#038;p=15642"},"modified":"2026-01-29T06:59:13","modified_gmt":"2026-01-29T06:59:13","slug":"knall-blaze-starry-50000-einweg-vape-50k-puff","status":"publish","type":"product","link":"https:\/\/vapemaison.com\/de\/product\/bang-blaze-starry-50000-disposable-vape-50k-puff\/","title":{"rendered":"Bang Blaze Starry 50000 Einweg Vape 50K Puff"},"content":{"rendered":"<p>Erleben Sie einen neuen Standard f\u00fcr Komfort und Leistung mit dem <strong>Bang Blaze Starry 50k Puff Einweg Vape<\/strong>-ein stilvolles, sicherheitsorientiertes Ger\u00e4t f\u00fcr moderne Dampfer. Mit <strong>drei intelligente Modi<\/strong>, Es passt sich m\u00fchelos an Ihre Bed\u00fcrfnisse an:<\/p>\n\n\n\n<ul class=\"wp-block-list\">\n<li><strong>Regul\u00e4rer Modus:<\/strong> Bis zu <strong>50k Puffs<\/strong><\/li>\n\n\n\n<li><strong>Impuls-Modus:<\/strong> Bis zu <strong>25k Puffs<\/strong><\/li>\n\n\n\n<li><strong>Modus schlie\u00dfen:<\/strong> Kindersicherung f\u00fcr eine sichere Aufbewahrung<\/li>\n<\/ul>\n\n\n\n<p>Entwickelt mit <strong>Doppelmaschenspulen<\/strong> und fortgeschrittene <strong>VPU-Technologie<\/strong>, Der Blaze Starry sorgt f\u00fcr einen gleichm\u00e4\u00dfigen Luftstrom, eine hohe Dampfdichte und einen sauberen, pr\u00e4zisen Geschmack - jedes Mal. Benutzer k\u00f6nnen w\u00e4hlen zwischen <strong>Nikotinst\u00e4rken 2%, 3% oder 5%<\/strong>, Damit ist er f\u00fcr eine Vielzahl von Vorlieben geeignet.<\/p>\n\n\n\n<p>Eine zuverl\u00e4ssige <strong>550mAh wiederaufladbare Batterie<\/strong>, gepaart mit <strong>Typ-C-Schnellladung<\/strong>, h\u00e4lt das Ger\u00e4t l\u00e4nger mit minimalen Ausfallzeiten in Betrieb. Gleichzeitig ist die helle <strong>LED-Anzeige<\/strong> bietet Echtzeit-Updates zum Batteriestand und zur Modusauswahl und erm\u00f6glicht so eine m\u00fchelose Kontrolle bei jeder Nutzung.<\/p>\n\n\n\n<p>Verf\u00fcgbar in <strong>12 Premium-Geschmacksrichtungen<\/strong> und verpackt in praktischen <strong>10-teilige Schachteln<\/strong>, Der Bang Blaze Starry 50000 ist eine ausgezeichnete Wahl sowohl f\u00fcr den pers\u00f6nlichen Genuss als auch f\u00fcr den Vertrieb im Einzelhandel - er vereint Stil, Sicherheit und au\u00dfergew\u00f6hnliche Leistung in einem Einwegger\u00e4t.<\/p>\n\n\n\n<h2 class=\"wp-block-heading\"><strong>Geschmack<\/strong><\/h2>\n\n\n\n<ol class=\"wp-block-list\">\n<li>Wassermelone<\/li>\n\n\n\n<li>Erdbeere Wassermelone<\/li>\n\n\n\n<li>Blaubeereis<\/li>\n\n\n\n<li>Heidelbeere-Himbeere<\/li>\n\n\n\n<li>Liebe 66<\/li>\n\n\n\n<li>Cranberry-Trauben-Eis<\/li>\n\n\n\n<li>Pfirsich-Eis<\/li>\n\n\n\n<li>Erdbeer-Mango<\/li>\n\n\n\n<li>Dreifach-Beere<\/li>\n\n\n\n<li>Mango Pfirsich<\/li>\n\n\n\n<li>Sommerzeit<\/li>\n\n\n\n<li>Ananas-Kokosnuss<\/li>\n<\/ol>\n\n\n\n<h2 class=\"wp-block-heading\"><strong>Eigenschaften<\/strong><\/h2>\n\n\n\n<ul class=\"wp-block-list\">\n<li>Nikotin: 2% \/ 3% \/ 5%<\/li>\n\n\n\n<li>Akku: 550mAh Wiederaufladbar<\/li>\n\n\n\n<li>Spule: Dual Mesh<\/li>\n\n\n\n<li>vpu-innen<\/li>\n\n\n\n<li>Anzeige: LED-Bildschirm<\/li>\n\n\n\n<li>Aufladen: Typ-C<\/li>\n\n\n\n<li>Verpackung: 10 St\u00fcck\/Packung<\/li>\n\n\n\n<li>Geschmacksoptionen: 12 Auswahlm\u00f6glichkeiten<\/li>\n<\/ul>\n\n\n\n<p>Wenn Sie weitere Ger\u00e4te der gleichen Marke kennenlernen m\u00f6chten, k\u00f6nnen Sie sich unsere komplette\u00a0<strong><a href=\"https:\/\/vapemaison.com\/\">Bang Einweg-Vape-Kollektion<\/a><\/strong>\u00a0um verschiedene Modelle und Puffzahlen zu vergleichen. F\u00fcr Nutzer, die speziell auf der Suche nach l\u00e4ngerer Dampfleistung sind, ist dieses Ger\u00e4t auch Teil unserer\u00a0<strong><a href=\"https:\/\/vapemaison.com\/product-category\/puffs-count\/40k-puffs\/\">60K Puffs Einweg-Dampfger\u00e4t<\/a><\/strong>\u00a0Kategorie, die sich durch eine lange Nutzungsdauer und ein hohes Fassungsverm\u00f6gen auszeichnen. Wenn Sie \u00e4hnliche Optionen mit hoher Puffleistung vergleichen, ist die\u00a0<strong><a href=\"https:\/\/vapemaison.com\/product\/bang-leader-stoll-300k-puffs-disposable-vape\/\">Bang 300k Puffs Einweg-Vape<\/a><\/strong>\u00a0und die <strong><a href=\"https:\/\/vapemaison.com\/product-category\/puffs-count\/50k-puffs\/\">puff 50k<\/a><\/strong> sind beliebte Alternativen mit vergleichbarer Kapazit\u00e4t und Leistung.<\/p>","protected":false},"excerpt":{"rendered":"<p>Experience a new standard of convenience and performance with the Bang Blaze Starry 50k Puff Disposable Vape\u2014a stylish, safety-focused device built for modern vapers. With three intelligent modes, it adapts effortlessly to your needs: Engineered with dual mesh coils and advanced VPU technology, the Blaze Starry ensures smooth airflow, rich vapor density, and clean, accurate [&hellip;]<\/p>\n","protected":false},"featured_media":15764,"comment_status":"open","ping_status":"closed","template":"","meta":[],"product_brand":[57],"product_cat":[136],"product_tag":[],"class_list":{"0":"post-15642","1":"product","2":"type-product","3":"status-publish","4":"has-post-thumbnail","6":"product_brand-bang","7":"product_cat-50k-puffs","9":"first","10":"instock","11":"sale","12":"shipping-taxable","13":"purchasable","14":"product-type-variable"},"yoast_head":"<!-- This site is optimized with the Yoast SEO plugin v27.4 - https:\/\/yoast.com\/product\/yoast-seo-wordpress\/ -->\n<title>Bang Blaze Starry 50000 \u2013 Smart Modes &amp; 50K Puff | 2025<\/title>\n<meta name=\"description\" content=\"Enjoy up to 50k puff with smart modes, dual mesh coils, fast charging, and 12 flavors. Bang Blaze Starry offers safe, powerful, and smooth vaping.\" \/>\n<meta name=\"robots\" content=\"index, follow, max-snippet:-1, max-image-preview:large, max-video-preview:-1\" \/>\n<link rel=\"canonical\" href=\"https:\/\/vapemaison.com\/de\/product\/knall-blaze-starry-50000-einweg-vape-50k-puff\/\" \/>\n<meta property=\"og:locale\" content=\"de_DE\" \/>\n<meta property=\"og:type\" content=\"article\" \/>\n<meta property=\"og:title\" content=\"Bang Blaze Starry 50000 \u2013 Smart Modes &amp; 50K Puff | 2025\" \/>\n<meta property=\"og:description\" content=\"Enjoy up to 50k puff with smart modes, dual mesh coils, fast charging, and 12 flavors. Bang Blaze Starry offers safe, powerful, and smooth vaping.\" \/>\n<meta property=\"og:url\" content=\"https:\/\/vapemaison.com\/de\/product\/knall-blaze-starry-50000-einweg-vape-50k-puff\/\" \/>\n<meta property=\"og:site_name\" content=\"VapeMaison\" \/>\n<meta property=\"article:modified_time\" content=\"2026-01-29T06:59:13+00:00\" \/>\n<meta property=\"og:image\" content=\"https:\/\/vapemaison.com\/wp-content\/uploads\/2025\/12\/vapemaison-bang-blaze-starry-50000-puffs-summer-time.jpg.webp\" \/>\n\t<meta property=\"og:image:width\" content=\"654\" \/>\n\t<meta property=\"og:image:height\" content=\"690\" \/>\n\t<meta property=\"og:image:type\" content=\"image\/webp\" \/>\n<meta name=\"twitter:card\" content=\"summary_large_image\" \/>\n<meta name=\"twitter:label1\" content=\"Gesch\u00e4tzte Lesezeit\" \/>\n\t<meta name=\"twitter:data1\" content=\"2\u00a0Minuten\" \/>\n<!-- \/ Yoast SEO plugin. -->","yoast_head_json":{"title":"Bang Blaze Starry 50000 - Smart Modes &amp; 50K Puff | 2025","description":"Genie\u00dfen Sie bis zu 50k puff mit intelligenten Modi, Dual-Mesh-Coils, schnelles Aufladen, und 12 Aromen. Bang Blaze Starry bietet sicheres, leistungsstarkes und sanftes Dampfen.","robots":{"index":"index","follow":"follow","max-snippet":"max-snippet:-1","max-image-preview":"max-image-preview:large","max-video-preview":"max-video-preview:-1"},"canonical":"https:\/\/vapemaison.com\/de\/product\/knall-blaze-starry-50000-einweg-vape-50k-puff\/","og_locale":"de_DE","og_type":"article","og_title":"Bang Blaze Starry 50000 \u2013 Smart Modes & 50K Puff | 2025","og_description":"Enjoy up to 50k puff with smart modes, dual mesh coils, fast charging, and 12 flavors. Bang Blaze Starry offers safe, powerful, and smooth vaping.","og_url":"https:\/\/vapemaison.com\/de\/product\/knall-blaze-starry-50000-einweg-vape-50k-puff\/","og_site_name":"VapeMaison","article_modified_time":"2026-01-29T06:59:13+00:00","og_image":[{"width":654,"height":690,"url":"https:\/\/vapemaison.com\/wp-content\/uploads\/2025\/12\/vapemaison-bang-blaze-starry-50000-puffs-summer-time.jpg.webp","type":"image\/webp"}],"twitter_card":"summary_large_image","twitter_misc":{"Gesch\u00e4tzte Lesezeit":"2\u00a0Minuten"},"schema":{"@context":"https:\/\/schema.org","@graph":[{"@type":"WebPage","@id":"https:\/\/vapemaison.com\/product\/bang-blaze-starry-50000-disposable-vape-50k-puff\/","url":"https:\/\/vapemaison.com\/product\/bang-blaze-starry-50000-disposable-vape-50k-puff\/","name":"Bang Blaze Starry 50000 - Smart Modes &amp; 50K Puff | 2025","isPartOf":{"@id":"https:\/\/vapemaison.com\/#website"},"primaryImageOfPage":{"@id":"https:\/\/vapemaison.com\/product\/bang-blaze-starry-50000-disposable-vape-50k-puff\/#primaryimage"},"image":{"@id":"https:\/\/vapemaison.com\/product\/bang-blaze-starry-50000-disposable-vape-50k-puff\/#primaryimage"},"thumbnailUrl":"https:\/\/vapemaison.com\/wp-content\/uploads\/2025\/12\/vapemaison-bang-blaze-starry-50000-puffs-summer-time.jpg.webp","datePublished":"2025-12-03T08:26:53+00:00","dateModified":"2026-01-29T06:59:13+00:00","description":"Genie\u00dfen Sie bis zu 50k puff mit intelligenten Modi, Dual-Mesh-Coils, schnelles Aufladen, und 12 Aromen. Bang Blaze Starry bietet sicheres, leistungsstarkes und sanftes Dampfen.","breadcrumb":{"@id":"https:\/\/vapemaison.com\/product\/bang-blaze-starry-50000-disposable-vape-50k-puff\/#breadcrumb"},"inLanguage":"de","potentialAction":[{"@type":"ReadAction","target":["https:\/\/vapemaison.com\/product\/bang-blaze-starry-50000-disposable-vape-50k-puff\/"]}]},{"@type":"ImageObject","inLanguage":"de","@id":"https:\/\/vapemaison.com\/product\/bang-blaze-starry-50000-disposable-vape-50k-puff\/#primaryimage","url":"https:\/\/vapemaison.com\/wp-content\/uploads\/2025\/12\/vapemaison-bang-blaze-starry-50000-puffs-summer-time.jpg.webp","contentUrl":"https:\/\/vapemaison.com\/wp-content\/uploads\/2025\/12\/vapemaison-bang-blaze-starry-50000-puffs-summer-time.jpg.webp","width":654,"height":690,"caption":"Vapemaison Bang Blaze Starry Puffs Summer Time.jpg"},{"@type":"BreadcrumbList","@id":"https:\/\/vapemaison.com\/product\/bang-blaze-starry-50000-disposable-vape-50k-puff\/#breadcrumb","itemListElement":[{"@type":"ListItem","position":1,"name":"\u9996\u9875","item":"https:\/\/vapemaison.com\/"},{"@type":"ListItem","position":2,"name":"Shop","item":"https:\/\/vapemaison.com\/shop\/"},{"@type":"ListItem","position":3,"name":"Bang","item":"https:\/\/vapemaison.com\/brand\/bang\/"},{"@type":"ListItem","position":4,"name":"Bang Blaze Starry 50000 Disposable Vape 50K Puff"}]},{"@type":"WebSite","@id":"https:\/\/vapemaison.com\/#website","url":"https:\/\/vapemaison.com\/","name":"VapeMaison","description":"Premium Vaping-Ger\u00e4te und Zubeh\u00f6r","publisher":{"@id":"https:\/\/vapemaison.com\/#organization"},"potentialAction":[{"@type":"SearchAction","target":{"@type":"EntryPoint","urlTemplate":"https:\/\/vapemaison.com\/?s={search_term_string}"},"query-input":{"@type":"PropertyValueSpecification","valueRequired":true,"valueName":"search_term_string"}}],"inLanguage":"de"},{"@type":"Organization","@id":"https:\/\/vapemaison.com\/#organization","name":"VapeMaison","url":"https:\/\/vapemaison.com\/","logo":{"@type":"ImageObject","inLanguage":"de","@id":"https:\/\/vapemaison.com\/#\/schema\/logo\/image\/","url":"https:\/\/vapemaison.com\/wp-content\/uploads\/2026\/01\/cropped-vapemaison-logo-g-2026.webp","contentUrl":"https:\/\/vapemaison.com\/wp-content\/uploads\/2026\/01\/cropped-vapemaison-logo-g-2026.webp","width":350,"height":280,"caption":"VapeMaison"},"image":{"@id":"https:\/\/vapemaison.com\/#\/schema\/logo\/image\/"},"sameAs":["https:\/\/www.youtube.com\/@VapeMaison"]}]}},"tiered_pricing_type":"fixed","tiered_pricing_fixed_rules":{"30":"11.24","50":"10.36","100":"9.42","200":"8.88"},"tiered_pricing_product_settings":{"layout":"default","base_unit_name":{"singular":null,"plural":null},"default_variation":null},"tiered_pricing_minimum_quantity":10,"tiered_pricing_roles_data":[],"tiered_pricing_percentage_rules":[],"tiered_pricing_maximum_quantity":null,"tiered_pricing_quantity_step":"10","_links":{"self":[{"href":"https:\/\/vapemaison.com\/de\/wp-json\/wp\/v2\/product\/15642","targetHints":{"allow":["GET"]}}],"collection":[{"href":"https:\/\/vapemaison.com\/de\/wp-json\/wp\/v2\/product"}],"about":[{"href":"https:\/\/vapemaison.com\/de\/wp-json\/wp\/v2\/types\/product"}],"replies":[{"embeddable":true,"href":"https:\/\/vapemaison.com\/de\/wp-json\/wp\/v2\/comments?post=15642"}],"version-history":[{"count":1,"href":"https:\/\/vapemaison.com\/de\/wp-json\/wp\/v2\/product\/15642\/revisions"}],"predecessor-version":[{"id":26508,"href":"https:\/\/vapemaison.com\/de\/wp-json\/wp\/v2\/product\/15642\/revisions\/26508"}],"wp:featuredmedia":[{"embeddable":true,"href":"https:\/\/vapemaison.com\/de\/wp-json\/wp\/v2\/media\/15764"}],"wp:attachment":[{"href":"https:\/\/vapemaison.com\/de\/wp-json\/wp\/v2\/media?parent=15642"}],"wp:term":[{"taxonomy":"product_brand","embeddable":true,"href":"https:\/\/vapemaison.com\/de\/wp-json\/wp\/v2\/product_brand?post=15642"},{"taxonomy":"product_cat","embeddable":true,"href":"https:\/\/vapemaison.com\/de\/wp-json\/wp\/v2\/product_cat?post=15642"},{"taxonomy":"product_tag","embeddable":true,"href":"https:\/\/vapemaison.com\/de\/wp-json\/wp\/v2\/product_tag?post=15642"}],"curies":[{"name":"wp","href":"https:\/\/api.w.org\/{rel}","templated":true}]}}