

{"id":15646,"date":"2025-12-03T06:35:15","date_gmt":"2025-12-03T06:35:15","guid":{"rendered":"https:\/\/vapemaison.com\/?post_type=product&#038;p=15646"},"modified":"2026-05-07T06:22:44","modified_gmt":"2026-05-07T06:22:44","slug":"bang-king-85000-einweg-vape-85k-puff","status":"publish","type":"product","link":"https:\/\/vapemaison.com\/de\/product\/bang-king-85000-disposable-vape-85k-puff\/","title":{"rendered":"Bang King 85000 Einweg Vape | 85k Puff"},"content":{"rendered":"<p>Die <strong>Bang King 85k<\/strong> wurde f\u00fcr Dampfer entwickelt, die sowohl Ausdauer als auch Geschmacksflexibilit\u00e4t in einem Premium-Ger\u00e4t w\u00fcnschen. Es liefert <strong>bis zu 85k Puff<\/strong>, und bietet eine lang anhaltende Leistung, die vom ersten bis zum letzten Zug konstant bleibt. <strong>Au\u00dferdem<\/strong>, Sein Dreifach-Geschmackssystem gibt den Benutzern die Freiheit, Abwechslung zu genie\u00dfen, ohne mehrere Ger\u00e4te mit sich f\u00fchren zu m\u00fcssen.<\/p>\n\n\n\n<h2 class=\"wp-block-heading\"><strong>Dreifach-Aroma-System<\/strong><\/h2>\n\n\n\n<p>Dieses Ger\u00e4t verf\u00fcgt \u00fcber eine <strong>Drei-Aromen-Schaltsystem<\/strong>, angetrieben durch <strong>3 \u00d7 21mL Schoten (insgesamt 63mL)<\/strong> von E-Liquid. <strong>Mit einem einfachen Schieber oder Tastendruck<\/strong>, k\u00f6nnen die Benutzer die Geschmacksrichtungen sofort wechseln. <strong>Infolgedessen<\/strong>, So wird er zur idealen Wahl f\u00fcr alle, die den ganzen Tag \u00fcber wechselnde Geschmacksrichtungen m\u00f6gen.<\/p>\n\n\n\n<h2 class=\"wp-block-heading\"><strong>Leistung und Technologie<\/strong><\/h2>\n\n\n\n<p>Der Bang King 85000 verbindet einen <strong>600mAh wiederaufladbare Batterie<\/strong> mit <strong>dreifache 1.0\u03a9 Mesh-Spulen<\/strong> um eine gleichm\u00e4\u00dfige Verdampfung, eine stabile Leistungsabgabe und eine pr\u00e4zise Geschmacksabgabe zu gew\u00e4hrleisten.<br><strong>Dar\u00fcber hinaus<\/strong>, die integrierte <strong>LCD-Anzeige<\/strong> zeigt Informationen in Echtzeit an, wie z. B. Akkulaufzeit, Anzahl der Z\u00fcge und Aromastufen, so dass der Benutzer bei jeder Sitzung die volle Kontrolle hat.<\/p>\n\n\n\n<h2 class=\"wp-block-heading\"><strong>Nikotin &amp; Aufladeoptionen<\/strong><\/h2>\n\n\n\n<p>Verf\u00fcgbar in <strong>2% \/ 3% \/ 5% Nikotinst\u00e4rken<\/strong>, wird das Ger\u00e4t einer breiten Palette von Vorlieben gerecht.<br>Au\u00dferdem, <strong>Typ-C-Schnellladung<\/strong> minimiert die Ausfallzeiten, so dass die Benutzer schnell aufladen und ohne Unterbrechung weiter dampfen k\u00f6nnen.<\/p>\n\n\n\n<h2 class=\"wp-block-heading\"><strong>Warum Bang King w\u00e4hlen? <strong>85k puff<\/strong><\/strong><\/h2>\n\n\n\n<p>Insgesamt zeichnet sich der Bang King 85000 als ein <strong>leistungsf\u00e4higes, anpassbares und geschmacksintensives Ger\u00e4t<\/strong> Entwickelt f\u00fcr Dampfer, die maximale Leistung in einem schlanken, tragbaren Format w\u00fcnschen.<\/p>\n\n\n\n<h2 class=\"wp-block-heading\"><strong>Spezifikationen<\/strong><\/h2>\n\n\n\n<figure class=\"wp-block-table\"><table class=\"has-fixed-layout\"><thead><tr><th><strong>Spezifikation<\/strong><\/th><th><strong>Einzelheiten<\/strong><\/th><\/tr><\/thead><tbody><tr><td><strong>Puffs<\/strong><\/td><td>Bis zu 85.000 Z\u00fcge<\/td><\/tr><tr><td><strong>Nikotinst\u00e4rke<\/strong><\/td><td>2% \/ 3% \/ 5%<\/td><\/tr><tr><td><strong>Geschm\u00e4cker<\/strong><\/td><td>3 einstellbare Geschmacksrichtungen<\/td><\/tr><tr><td><strong>E-Liquid Kapazit\u00e4t<\/strong><\/td><td>21mL \u00d7 3 (insgesamt 63mL)<\/td><\/tr><tr><td><strong>Batterie<\/strong><\/td><td>600mAh Wiederaufladbar<\/td><\/tr><tr><td><strong>Spule Typ<\/strong><\/td><td>Dreifach-Masche 1,0\u03a9 \u00d7 3<\/td><\/tr><tr><td><strong>Anzeige<\/strong><\/td><td>LCD-Bildschirm<\/td><\/tr><tr><td><strong>Aufladen<\/strong><\/td><td>Typ-C-Schnellaufladung<\/td><\/tr><tr><td><strong>Verpackung<\/strong><\/td><td>10 St\u00fcck\/Packung<\/td><\/tr><tr><td><strong>Geschmacksoptionen<\/strong><\/td><td>16 Auswahlm\u00f6glichkeiten<\/td><\/tr><\/tbody><\/table><\/figure>\n\n\n\n<h2 class=\"wp-block-heading\"><strong>Verf\u00fcgbare Geschmackskombinationen<\/strong><\/h2>\n\n\n\n<ul class=\"wp-block-list\">\n<li>Wassermelone &amp; Red Bull &amp; Erdbeer-Kiwi<\/li>\n\n\n\n<li>Zitrone-Limette-Erdbeere-Wassermelone-Blaubeere-Eis<\/li>\n\n\n\n<li>Erdbeer-Banane &amp; Himbeer-Wassermelone &amp; Rosa Limonade<\/li>\n\n\n\n<li>Blauer Razz Kirsche &amp; K\u00fchle Minze &amp; Pfirsich Mango<\/li>\n\n\n\n<li>Tropische Fr\u00fcchte &amp; Erdbeere Wassermelone &amp; Zitrone Pfirsich<\/li>\n\n\n\n<li>Ananas-Kokosnuss &amp; Erdbeer-Banane &amp; Blue Razz<\/li>\n\n\n\n<li>Erdbeer-Wassermelone &amp; Dreifach-Melone &amp; Erdbeereis<\/li>\n\n\n\n<li>Gemischte Fr\u00fcchte &amp; Mango Pfirsich &amp; Trauben Eis<\/li>\n\n\n\n<li>Erdbeer-Vanille-Cola &amp; Pfirsich-Eis &amp; Schwarzer Drache-Eis<\/li>\n\n\n\n<li>Lush Eis &amp; Kiwi Passionsfrucht Guave &amp; Stroh Mango<\/li>\n\n\n\n<li>Erdbeer-Wassermelone &amp; Wassermelone &amp; Blue Razz Ice<\/li>\n\n\n\n<li>Beerenlimonade &amp; Erdbeere Red Bull &amp; Erdbeerpomp<\/li>\n\n\n\n<li>Double Apple &amp; Fruity Fusion &amp; Ananaseis<\/li>\n\n\n\n<li>Cola Ice &amp; Herr Blau &amp; Cherry Cola<\/li>\n\n\n\n<li>Erdbeerdonut &amp; Bananeneis &amp; Liebe66<\/li>\n\n\n\n<li>Eistee Zitroneneis &amp; Mango auf Eis &amp; Litschi-Eis<\/li>\n<\/ul>\n\n\n\n<p><\/p>","protected":false},"excerpt":{"rendered":"<p>The Bang King 85k is designed for vapers who want both endurance and flavor flexibility in one premium device. It delivers up to 85k puff, offering long-lasting performance that remains consistent from the first puff to the last. Moreover, its triple-flavor system gives users the freedom to enjoy variety without carrying multiple devices. Triple-Flavor System [&hellip;]<\/p>\n","protected":false},"featured_media":15651,"comment_status":"open","ping_status":"closed","template":"","meta":[],"product_brand":[57],"product_cat":[155,142],"product_tag":[],"class_list":{"0":"post-15646","1":"product","2":"type-product","3":"status-publish","4":"has-post-thumbnail","6":"product_brand-bang","7":"product_cat-85k-puffs","8":"product_cat-eu-stock","10":"first","11":"instock","12":"sale","13":"shipping-taxable","14":"purchasable","15":"product-type-variable"},"yoast_head":"<!-- This site is optimized with the Yoast SEO plugin v27.4 - https:\/\/yoast.com\/product\/yoast-seo-wordpress\/ -->\n<title>Bang King 85000 Vape \u2013 Triple Flavors &amp; 85K Puffs Power | 2025<\/title>\n<meta name=\"description\" content=\"Experience 85k puff, triple adjustable flavors,and Type-C fast charging. Bang King 85000 delivers long-lasting power and rich flavor in one device.\" \/>\n<meta name=\"robots\" content=\"index, follow, max-snippet:-1, max-image-preview:large, max-video-preview:-1\" \/>\n<link rel=\"canonical\" href=\"https:\/\/vapemaison.com\/de\/product\/bang-king-85000-einweg-vape-85k-puff\/\" \/>\n<meta property=\"og:locale\" content=\"de_DE\" \/>\n<meta property=\"og:type\" content=\"article\" \/>\n<meta property=\"og:title\" content=\"Bang King 85000 Vape \u2013 Triple Flavors &amp; 85K Puffs Power | 2025\" \/>\n<meta property=\"og:description\" content=\"Experience 85k puff, triple adjustable flavors,and Type-C fast charging. Bang King 85000 delivers long-lasting power and rich flavor in one device.\" \/>\n<meta property=\"og:url\" content=\"https:\/\/vapemaison.com\/de\/product\/bang-king-85000-einweg-vape-85k-puff\/\" \/>\n<meta property=\"og:site_name\" content=\"VapeMaison\" \/>\n<meta property=\"article:modified_time\" content=\"2026-05-07T06:22:44+00:00\" \/>\n<meta property=\"og:image\" content=\"https:\/\/vapemaison.com\/wp-content\/uploads\/2025\/12\/bang-king-85000-puffs-main-picture.jpg.webp\" \/>\n\t<meta property=\"og:image:width\" content=\"800\" \/>\n\t<meta property=\"og:image:height\" content=\"800\" \/>\n\t<meta property=\"og:image:type\" content=\"image\/webp\" \/>\n<meta name=\"twitter:card\" content=\"summary_large_image\" \/>\n<meta name=\"twitter:label1\" content=\"Gesch\u00e4tzte Lesezeit\" \/>\n\t<meta name=\"twitter:data1\" content=\"2\u00a0Minuten\" \/>\n<!-- \/ Yoast SEO plugin. -->","yoast_head_json":{"title":"Bang King 85000 Vape - Dreifache Geschmacksrichtungen &amp; 85K Puffs Power | 2025","description":"Erleben Sie 85k Puff, dreifach einstellbare Geschmacksrichtungen und Type-C-Schnellladung. Bang King 85000 bietet lang anhaltende Leistung und reichhaltigen Geschmack in einem Ger\u00e4t.","robots":{"index":"index","follow":"follow","max-snippet":"max-snippet:-1","max-image-preview":"max-image-preview:large","max-video-preview":"max-video-preview:-1"},"canonical":"https:\/\/vapemaison.com\/de\/product\/bang-king-85000-einweg-vape-85k-puff\/","og_locale":"de_DE","og_type":"article","og_title":"Bang King 85000 Vape \u2013 Triple Flavors & 85K Puffs Power | 2025","og_description":"Experience 85k puff, triple adjustable flavors,and Type-C fast charging. Bang King 85000 delivers long-lasting power and rich flavor in one device.","og_url":"https:\/\/vapemaison.com\/de\/product\/bang-king-85000-einweg-vape-85k-puff\/","og_site_name":"VapeMaison","article_modified_time":"2026-05-07T06:22:44+00:00","og_image":[{"width":800,"height":800,"url":"https:\/\/vapemaison.com\/wp-content\/uploads\/2025\/12\/bang-king-85000-puffs-main-picture.jpg.webp","type":"image\/webp"}],"twitter_card":"summary_large_image","twitter_misc":{"Gesch\u00e4tzte Lesezeit":"2\u00a0Minuten"},"schema":{"@context":"https:\/\/schema.org","@graph":[{"@type":"WebPage","@id":"https:\/\/vapemaison.com\/product\/bang-king-85000-disposable-vape-85k-puff\/","url":"https:\/\/vapemaison.com\/product\/bang-king-85000-disposable-vape-85k-puff\/","name":"Bang King 85000 Vape - Dreifache Geschmacksrichtungen &amp; 85K Puffs Power | 2025","isPartOf":{"@id":"https:\/\/vapemaison.com\/#website"},"primaryImageOfPage":{"@id":"https:\/\/vapemaison.com\/product\/bang-king-85000-disposable-vape-85k-puff\/#primaryimage"},"image":{"@id":"https:\/\/vapemaison.com\/product\/bang-king-85000-disposable-vape-85k-puff\/#primaryimage"},"thumbnailUrl":"https:\/\/vapemaison.com\/wp-content\/uploads\/2025\/12\/bang-king-85000-puffs-main-picture.jpg.webp","datePublished":"2025-12-03T06:35:15+00:00","dateModified":"2026-05-07T06:22:44+00:00","description":"Erleben Sie 85k Puff, dreifach einstellbare Geschmacksrichtungen und Type-C-Schnellladung. Bang King 85000 bietet lang anhaltende Leistung und reichhaltigen Geschmack in einem Ger\u00e4t.","breadcrumb":{"@id":"https:\/\/vapemaison.com\/product\/bang-king-85000-disposable-vape-85k-puff\/#breadcrumb"},"inLanguage":"de","potentialAction":[{"@type":"ReadAction","target":["https:\/\/vapemaison.com\/product\/bang-king-85000-disposable-vape-85k-puff\/"]}]},{"@type":"ImageObject","inLanguage":"de","@id":"https:\/\/vapemaison.com\/product\/bang-king-85000-disposable-vape-85k-puff\/#primaryimage","url":"https:\/\/vapemaison.com\/wp-content\/uploads\/2025\/12\/bang-king-85000-puffs-main-picture.jpg.webp","contentUrl":"https:\/\/vapemaison.com\/wp-content\/uploads\/2025\/12\/bang-king-85000-puffs-main-picture.jpg.webp","width":800,"height":800,"caption":"Bang King Puffs Main Picture.jpg Disposable Vape Device"},{"@type":"BreadcrumbList","@id":"https:\/\/vapemaison.com\/product\/bang-king-85000-disposable-vape-85k-puff\/#breadcrumb","itemListElement":[{"@type":"ListItem","position":1,"name":"\u9996\u9875","item":"https:\/\/vapemaison.com\/"},{"@type":"ListItem","position":2,"name":"Shop","item":"https:\/\/vapemaison.com\/shop\/"},{"@type":"ListItem","position":3,"name":"Bang","item":"https:\/\/vapemaison.com\/brand\/bang\/"},{"@type":"ListItem","position":4,"name":"Bang King 85000 Disposable Vape | 85k Puff"}]},{"@type":"WebSite","@id":"https:\/\/vapemaison.com\/#website","url":"https:\/\/vapemaison.com\/","name":"VapeMaison","description":"Premium Vaping-Ger\u00e4te und Zubeh\u00f6r","publisher":{"@id":"https:\/\/vapemaison.com\/#organization"},"potentialAction":[{"@type":"SearchAction","target":{"@type":"EntryPoint","urlTemplate":"https:\/\/vapemaison.com\/?s={search_term_string}"},"query-input":{"@type":"PropertyValueSpecification","valueRequired":true,"valueName":"search_term_string"}}],"inLanguage":"de"},{"@type":"Organization","@id":"https:\/\/vapemaison.com\/#organization","name":"VapeMaison","url":"https:\/\/vapemaison.com\/","logo":{"@type":"ImageObject","inLanguage":"de","@id":"https:\/\/vapemaison.com\/#\/schema\/logo\/image\/","url":"https:\/\/vapemaison.com\/wp-content\/uploads\/2026\/01\/cropped-vapemaison-logo-g-2026.webp","contentUrl":"https:\/\/vapemaison.com\/wp-content\/uploads\/2026\/01\/cropped-vapemaison-logo-g-2026.webp","width":350,"height":280,"caption":"VapeMaison"},"image":{"@id":"https:\/\/vapemaison.com\/#\/schema\/logo\/image\/"},"sameAs":["https:\/\/www.youtube.com\/@VapeMaison"]}]}},"tiered_pricing_type":"fixed","tiered_pricing_fixed_rules":{"30":"9.69","50":"9.39","100":"8.99","200":"8.19"},"tiered_pricing_product_settings":{"layout":"default","base_unit_name":{"singular":null,"plural":null},"default_variation":null},"tiered_pricing_minimum_quantity":10,"tiered_pricing_roles_data":[],"tiered_pricing_percentage_rules":[],"tiered_pricing_maximum_quantity":null,"tiered_pricing_quantity_step":"10","_links":{"self":[{"href":"https:\/\/vapemaison.com\/de\/wp-json\/wp\/v2\/product\/15646","targetHints":{"allow":["GET"]}}],"collection":[{"href":"https:\/\/vapemaison.com\/de\/wp-json\/wp\/v2\/product"}],"about":[{"href":"https:\/\/vapemaison.com\/de\/wp-json\/wp\/v2\/types\/product"}],"replies":[{"embeddable":true,"href":"https:\/\/vapemaison.com\/de\/wp-json\/wp\/v2\/comments?post=15646"}],"version-history":[{"count":1,"href":"https:\/\/vapemaison.com\/de\/wp-json\/wp\/v2\/product\/15646\/revisions"}],"predecessor-version":[{"id":27202,"href":"https:\/\/vapemaison.com\/de\/wp-json\/wp\/v2\/product\/15646\/revisions\/27202"}],"wp:featuredmedia":[{"embeddable":true,"href":"https:\/\/vapemaison.com\/de\/wp-json\/wp\/v2\/media\/15651"}],"wp:attachment":[{"href":"https:\/\/vapemaison.com\/de\/wp-json\/wp\/v2\/media?parent=15646"}],"wp:term":[{"taxonomy":"product_brand","embeddable":true,"href":"https:\/\/vapemaison.com\/de\/wp-json\/wp\/v2\/product_brand?post=15646"},{"taxonomy":"product_cat","embeddable":true,"href":"https:\/\/vapemaison.com\/de\/wp-json\/wp\/v2\/product_cat?post=15646"},{"taxonomy":"product_tag","embeddable":true,"href":"https:\/\/vapemaison.com\/de\/wp-json\/wp\/v2\/product_tag?post=15646"}],"curies":[{"name":"wp","href":"https:\/\/api.w.org\/{rel}","templated":true}]}}