

{"id":15901,"date":"2025-12-04T10:32:57","date_gmt":"2025-12-04T10:32:57","guid":{"rendered":"https:\/\/vapemaison.com\/?post_type=product&#038;p=15901"},"modified":"2025-12-05T08:04:39","modified_gmt":"2025-12-05T08:04:39","slug":"bang-box-9000-puffs-wegwerfbare-vape","status":"publish","type":"product","link":"https:\/\/vapemaison.com\/de\/product\/bang-box-9000-puffs-disposable-vape\/","title":{"rendered":"Bang Box 9000 Puffs Einweg-Vape"},"content":{"rendered":"<p>Erleben Sie Vaping-Leistung auf h\u00f6chstem Niveau mit dem <strong>Bang Box 9000 - 9.000 Puffs Einweg-Vape<\/strong>. Dieses fortschrittliche Ger\u00e4t wurde f\u00fcr Komfort, Geschmack und Langlebigkeit entwickelt und vereint ein schlankes Geh\u00e4use im Box-Stil, eine leuchtende LED-Anzeige und eine lang anhaltende Leistung. Egal, ob Du ein erfahrener Dampfer bist oder vom traditionellen Rauchen umsteigst, die Bang Box 9000 sorgt f\u00fcr ein reibungsloses, zufriedenstellendes und m\u00fcheloses Dampferlebnis.<\/p>\n\n\n\n<p>Die <strong>Bang Box 9000 Einweg-Vape<\/strong> bietet ein erstklassiges, benutzerfreundliches Erlebnis, das auf die Bed\u00fcrfnisse des modernen Verdampfers zugeschnitten ist. Das ergonomische, kastenf\u00f6rmige Design liegt gut in der Hand, w\u00e4hrend das LED-Display durch die Anzeige des Batterie- und Fl\u00fcssigkeitsstands in Echtzeit einen Hauch von technischer Raffinesse verleiht.<\/p>\n\n\n\n<p>Mit bis zu <strong>9.000 Z\u00fcge<\/strong>, a <strong>650mAh-Akku<\/strong>, und eine <strong>Netzspule<\/strong>, Dieses Ger\u00e4t gew\u00e4hrleistet eine konsistente Geschmacksabgabe und eine gleichm\u00e4\u00dfige Dampfproduktion w\u00e4hrend der gesamten Lebensdauer des Ger\u00e4ts.<\/p>\n\n\n\n<p>Ganz gleich, ob Sie nikotinfreies Vaping oder einen st\u00e4rkeren Hit bevorzugen, die Bang Box 9000 deckt alle Ihre Bed\u00fcrfnisse ab. <strong>vier Nikotinstufen<\/strong> und <strong>zw\u00f6lf charakteristische Geschmacksrichtungen<\/strong>.<\/p>\n\n\n\n<p>Perfekt f\u00fcr das Dampfen unterwegs - keine Kn\u00f6pfe, kein Nachf\u00fcllen, keine Wartung. Einfach inhalieren und genie\u00dfen.<\/p>\n\n\n\n<figure class=\"wp-block-table\"><table class=\"has-fixed-layout\"><thead><tr><th>Merkmal<\/th><th>Einzelheiten<\/th><\/tr><\/thead><tbody><tr><td><strong>Puff-Kapazit\u00e4t<\/strong><\/td><td>Bis zu 9000 Puffs<\/td><\/tr><tr><td><strong>E-Liquid Volumen<\/strong><\/td><td>14ml<\/td><\/tr><tr><td><strong>Optionen f\u00fcr die Nikotinst\u00e4rke<\/strong><\/td><td>0%, 2%, 3%, 5%<\/td><\/tr><tr><td><strong>Batteriekapazit\u00e4t<\/strong><\/td><td>650mAh Wiederaufladbar<\/td><\/tr><tr><td><strong>Ladeanschluss<\/strong><\/td><td>Typ-C<\/td><\/tr><tr><td><strong>Spule Typ<\/strong><\/td><td>Maschenspule<\/td><\/tr><tr><td><strong>Gestaltung<\/strong><\/td><td>Wegwerfbar, kein Nachf\u00fcllen<\/td><\/tr><tr><td><strong>Bildschirm<\/strong><\/td><td>LED f\u00fcr Batterie und \u00d6lstand<\/td><\/tr><tr><td><strong>Abmessungen<\/strong><\/td><td>42 \u00d7 40,5 \u00d7 29,5 mm<\/td><\/tr><tr><td><strong>Geschm\u00e4cker<\/strong><\/td><td>12 Optionen<\/td><\/tr><\/tbody><\/table><\/figure>\n\n\n\n<h2 class=\"wp-block-heading\">Geschm\u00e4cker<\/h2>\n\n\n\n<ul class=\"wp-block-list\">\n<li>1. gummib\u00e4rchen<\/li>\n\n\n\n<li>2. erdbeereis<\/li>\n\n\n\n<li>3. pfirsich-mango<\/li>\n\n\n\n<li>4.dreifaches Beereneis<\/li>\n\n\n\n<li>5. erdbeere banane<\/li>\n\n\n\n<li>6. \u00fcppiges Eis<\/li>\n\n\n\n<li>7. blaues Razz-Eis<\/li>\n\n\n\n<li>8. tropische Fr\u00fcchte<\/li>\n\n\n\n<li>9.die Aloe-Traube<\/li>\n\n\n\n<li>10.Pfirsich-Eis<\/li>\n\n\n\n<li>11. erdbeerige Litschi<\/li>\n\n\n\n<li>12. k\u00fchle Minze<\/li>\n<\/ul>\n\n\n\n<p><\/p>","protected":false},"excerpt":{"rendered":"<p>Experience next-level vaping performance with the Bang Box 9000 \u2013 9,000 Puffs Disposable Vape. Designed for convenience, flavor, and durability, this advanced device brings together a sleek box-style body, a vibrant LED display, and long-lasting performance. Whether you\u2019re a seasoned vapor or switching from traditional smoking, the Bang Box 9000 ensures a smooth, satisfying, and [&hellip;]<\/p>\n","protected":false},"featured_media":15907,"comment_status":"open","ping_status":"closed","template":"","meta":[],"product_brand":[57],"product_cat":[293],"product_tag":[],"class_list":{"0":"post-15901","1":"product","2":"type-product","3":"status-publish","4":"has-post-thumbnail","6":"product_brand-bang","7":"product_cat-9k-puffs","9":"first","10":"instock","11":"sale","12":"shipping-taxable","13":"purchasable","14":"product-type-variable"},"yoast_head":"<!-- This site is optimized with the Yoast SEO plugin v27.4 - https:\/\/yoast.com\/product\/yoast-seo-wordpress\/ -->\n<title>Bang Box 9000 Puffs Disposable Vape - LED Display &amp; Mesh Coil - VapeMaison<\/title>\n<meta name=\"description\" content=\"Discover the Bang Box 9000 Disposable Vape featuring 9,000 puffs, a smart LED display, and mesh coil technology. Shop now for a premium vaping experience.\" \/>\n<meta name=\"robots\" content=\"index, follow, max-snippet:-1, max-image-preview:large, max-video-preview:-1\" \/>\n<link rel=\"canonical\" href=\"https:\/\/vapemaison.com\/de\/product\/bang-box-9000-puffs-wegwerfbare-vape\/\" \/>\n<meta property=\"og:locale\" content=\"de_DE\" \/>\n<meta property=\"og:type\" content=\"article\" \/>\n<meta property=\"og:title\" content=\"Bang Box 9000 Puffs Disposable Vape - LED Display &amp; Mesh Coil - VapeMaison\" \/>\n<meta property=\"og:description\" content=\"Discover the Bang Box 9000 Disposable Vape featuring 9,000 puffs, a smart LED display, and mesh coil technology. Shop now for a premium vaping experience.\" \/>\n<meta property=\"og:url\" content=\"https:\/\/vapemaison.com\/de\/product\/bang-box-9000-puffs-wegwerfbare-vape\/\" \/>\n<meta property=\"og:site_name\" content=\"VapeMaison\" \/>\n<meta property=\"article:modified_time\" content=\"2025-12-05T08:04:39+00:00\" \/>\n<meta property=\"og:image\" content=\"https:\/\/vapemaison.com\/wp-content\/uploads\/2025\/12\/vapemaison-bang-box-9000-puffs-00003.jpg.webp\" \/>\n\t<meta property=\"og:image:width\" content=\"800\" \/>\n\t<meta property=\"og:image:height\" content=\"800\" \/>\n\t<meta property=\"og:image:type\" content=\"image\/webp\" \/>\n<meta name=\"twitter:card\" content=\"summary_large_image\" \/>\n<meta name=\"twitter:label1\" content=\"Gesch\u00e4tzte Lesezeit\" \/>\n\t<meta name=\"twitter:data1\" content=\"2\u00a0Minuten\" \/>\n<!-- \/ Yoast SEO plugin. -->","yoast_head_json":{"title":"Bang Box 9000 Puffs Einweg Vape - LED Display &amp; Mesh Coil - VapeMaison","description":"Entdecken Sie die Bang Box 9000 Disposable Vape mit 9.000 Z\u00fcgen, einer intelligenten LED-Anzeige und Mesh-Coil-Technologie. Kaufen Sie jetzt f\u00fcr ein erstklassiges Dampferlebnis.","robots":{"index":"index","follow":"follow","max-snippet":"max-snippet:-1","max-image-preview":"max-image-preview:large","max-video-preview":"max-video-preview:-1"},"canonical":"https:\/\/vapemaison.com\/de\/product\/bang-box-9000-puffs-wegwerfbare-vape\/","og_locale":"de_DE","og_type":"article","og_title":"Bang Box 9000 Puffs Disposable Vape - LED Display & Mesh Coil - VapeMaison","og_description":"Discover the Bang Box 9000 Disposable Vape featuring 9,000 puffs, a smart LED display, and mesh coil technology. Shop now for a premium vaping experience.","og_url":"https:\/\/vapemaison.com\/de\/product\/bang-box-9000-puffs-wegwerfbare-vape\/","og_site_name":"VapeMaison","article_modified_time":"2025-12-05T08:04:39+00:00","og_image":[{"width":800,"height":800,"url":"https:\/\/vapemaison.com\/wp-content\/uploads\/2025\/12\/vapemaison-bang-box-9000-puffs-00003.jpg.webp","type":"image\/webp"}],"twitter_card":"summary_large_image","twitter_misc":{"Gesch\u00e4tzte Lesezeit":"2\u00a0Minuten"},"schema":{"@context":"https:\/\/schema.org","@graph":[{"@type":"WebPage","@id":"https:\/\/vapemaison.com\/product\/bang-box-9000-puffs-disposable-vape\/","url":"https:\/\/vapemaison.com\/product\/bang-box-9000-puffs-disposable-vape\/","name":"Bang Box 9000 Puffs Einweg Vape - LED Display &amp; Mesh Coil - VapeMaison","isPartOf":{"@id":"https:\/\/vapemaison.com\/#website"},"primaryImageOfPage":{"@id":"https:\/\/vapemaison.com\/product\/bang-box-9000-puffs-disposable-vape\/#primaryimage"},"image":{"@id":"https:\/\/vapemaison.com\/product\/bang-box-9000-puffs-disposable-vape\/#primaryimage"},"thumbnailUrl":"https:\/\/vapemaison.com\/wp-content\/uploads\/2025\/12\/vapemaison-bang-box-9000-puffs-00003.jpg.webp","datePublished":"2025-12-04T10:32:57+00:00","dateModified":"2025-12-05T08:04:39+00:00","description":"Entdecken Sie die Bang Box 9000 Disposable Vape mit 9.000 Z\u00fcgen, einer intelligenten LED-Anzeige und Mesh-Coil-Technologie. Kaufen Sie jetzt f\u00fcr ein erstklassiges Dampferlebnis.","breadcrumb":{"@id":"https:\/\/vapemaison.com\/product\/bang-box-9000-puffs-disposable-vape\/#breadcrumb"},"inLanguage":"de","potentialAction":[{"@type":"ReadAction","target":["https:\/\/vapemaison.com\/product\/bang-box-9000-puffs-disposable-vape\/"]}]},{"@type":"ImageObject","inLanguage":"de","@id":"https:\/\/vapemaison.com\/product\/bang-box-9000-puffs-disposable-vape\/#primaryimage","url":"https:\/\/vapemaison.com\/wp-content\/uploads\/2025\/12\/vapemaison-bang-box-9000-puffs-00003.jpg.webp","contentUrl":"https:\/\/vapemaison.com\/wp-content\/uploads\/2025\/12\/vapemaison-bang-box-9000-puffs-00003.jpg.webp","width":800,"height":800,"caption":"Vapemaison Bang Box Puffs.jpg"},{"@type":"BreadcrumbList","@id":"https:\/\/vapemaison.com\/product\/bang-box-9000-puffs-disposable-vape\/#breadcrumb","itemListElement":[{"@type":"ListItem","position":1,"name":"\u9996\u9875","item":"https:\/\/vapemaison.com\/"},{"@type":"ListItem","position":2,"name":"Shop","item":"https:\/\/vapemaison.com\/shop\/"},{"@type":"ListItem","position":3,"name":"Bang","item":"https:\/\/vapemaison.com\/brand\/bang\/"},{"@type":"ListItem","position":4,"name":"Bang Box 9000 Puffs Disposable Vape"}]},{"@type":"WebSite","@id":"https:\/\/vapemaison.com\/#website","url":"https:\/\/vapemaison.com\/","name":"VapeMaison","description":"Premium Vaping-Ger\u00e4te und Zubeh\u00f6r","publisher":{"@id":"https:\/\/vapemaison.com\/#organization"},"potentialAction":[{"@type":"SearchAction","target":{"@type":"EntryPoint","urlTemplate":"https:\/\/vapemaison.com\/?s={search_term_string}"},"query-input":{"@type":"PropertyValueSpecification","valueRequired":true,"valueName":"search_term_string"}}],"inLanguage":"de"},{"@type":"Organization","@id":"https:\/\/vapemaison.com\/#organization","name":"VapeMaison","url":"https:\/\/vapemaison.com\/","logo":{"@type":"ImageObject","inLanguage":"de","@id":"https:\/\/vapemaison.com\/#\/schema\/logo\/image\/","url":"https:\/\/vapemaison.com\/wp-content\/uploads\/2026\/01\/cropped-vapemaison-logo-g-2026.webp","contentUrl":"https:\/\/vapemaison.com\/wp-content\/uploads\/2026\/01\/cropped-vapemaison-logo-g-2026.webp","width":350,"height":280,"caption":"VapeMaison"},"image":{"@id":"https:\/\/vapemaison.com\/#\/schema\/logo\/image\/"},"sameAs":["https:\/\/www.youtube.com\/@VapeMaison"]}]}},"tiered_pricing_type":"fixed","tiered_pricing_fixed_rules":{"30":"12.86","50":"11.99","100":"10.45","200":"9.27"},"tiered_pricing_product_settings":{"layout":"default","base_unit_name":{"singular":null,"plural":null},"default_variation":null},"tiered_pricing_minimum_quantity":10,"tiered_pricing_roles_data":[],"tiered_pricing_percentage_rules":[],"tiered_pricing_maximum_quantity":null,"tiered_pricing_quantity_step":"10","_links":{"self":[{"href":"https:\/\/vapemaison.com\/de\/wp-json\/wp\/v2\/product\/15901","targetHints":{"allow":["GET"]}}],"collection":[{"href":"https:\/\/vapemaison.com\/de\/wp-json\/wp\/v2\/product"}],"about":[{"href":"https:\/\/vapemaison.com\/de\/wp-json\/wp\/v2\/types\/product"}],"replies":[{"embeddable":true,"href":"https:\/\/vapemaison.com\/de\/wp-json\/wp\/v2\/comments?post=15901"}],"version-history":[{"count":0,"href":"https:\/\/vapemaison.com\/de\/wp-json\/wp\/v2\/product\/15901\/revisions"}],"wp:featuredmedia":[{"embeddable":true,"href":"https:\/\/vapemaison.com\/de\/wp-json\/wp\/v2\/media\/15907"}],"wp:attachment":[{"href":"https:\/\/vapemaison.com\/de\/wp-json\/wp\/v2\/media?parent=15901"}],"wp:term":[{"taxonomy":"product_brand","embeddable":true,"href":"https:\/\/vapemaison.com\/de\/wp-json\/wp\/v2\/product_brand?post=15901"},{"taxonomy":"product_cat","embeddable":true,"href":"https:\/\/vapemaison.com\/de\/wp-json\/wp\/v2\/product_cat?post=15901"},{"taxonomy":"product_tag","embeddable":true,"href":"https:\/\/vapemaison.com\/de\/wp-json\/wp\/v2\/product_tag?post=15901"}],"curies":[{"name":"wp","href":"https:\/\/api.w.org\/{rel}","templated":true}]}}