

{"id":16054,"date":"2025-12-05T07:30:28","date_gmt":"2025-12-05T07:30:28","guid":{"rendered":"https:\/\/vapemaison.com\/?post_type=product&#038;p=16054"},"modified":"2025-12-05T08:04:01","modified_gmt":"2025-12-05T08:04:01","slug":"bang-king-30000-pro-einweg-30k","status":"publish","type":"product","link":"https:\/\/vapemaison.com\/de\/product\/bang-king-30000-pro-disposable-30k\/","title":{"rendered":"Bang King 30000 Pro Einweg Vape - 30K Puffs Dual Mesh Beast"},"content":{"rendered":"<h3 class=\"wp-block-heading\">Warum sollten Sie sich f\u00fcr den Bang King 30000 Pro entscheiden?<\/h3>\n\n\n\n<p>Unerreichte Langlebigkeit (bis zu 30.000 Z\u00fcge)<\/p>\n\n\n\n<p>Vergessen Sie, Ihr Ger\u00e4t alle paar Tage zu wechseln. Der Bang King 30000 Pro verf\u00fcgt \u00fcber eine enorme Kapazit\u00e4t von 36 ml vorgef\u00fclltem E-Liquid, was ihn zu einem der langlebigsten Einwegprodukte auf dem Markt macht. nicht nur ein Verdampfer; er ist Ihr zuverl\u00e4ssiger Begleiter f\u00fcr Wochen.<\/p>\n\n\n\n<p>1.0\u03a9 Mesh Coil f\u00fcr explosiven Geschmack<\/p>\n\n\n\n<p>Erleben Sie den wahren Geschmack Ihrer Lieblings-E-S\u00e4fte. Die fortschrittliche 1.0\u03a9 Mesh Coil Technologie sorgt daf\u00fcr, dass jeder Zug reichhaltigen, dichten Dampf und authentische Geschmackswiedergabe vom ersten bis zum 30.000sten Zug erzeugt.<\/p>\n\n\n\n<p>Langlebige Leistung: 850 mAh und Typ-C-Ladung<\/p>\n\n\n\n<p>Nie mehr mit einem leeren Akku erwischt werden. Ausgestattet mit einem robusten 850mAh-Akku und einem modernen Typ-C-Ladeanschluss, stellt der Bang King sicher, dass Sie jeden Tropfen E-Liquid nutzen. Schnelles Aufladen bedeutet weniger Warten und mehr Dampfen.<\/p>\n\n\n\n<p><strong>Ma\u00dfgeschneidert f\u00fcr Ihre Bed\u00fcrfnisse<\/strong><\/p>\n\n\n\n<ul class=\"wp-block-list\">\n<li><strong>Nikotinst\u00e4rke:<\/strong> Verf\u00fcgbar in <strong>0%, 2%, 3% und 5%<\/strong> um Ihre Vorliebe f\u00fcr den Rachenraum zu treffen.<\/li>\n\n\n\n<li><strong>Geschmacksvielfalt:<\/strong> W\u00e4hlen Sie aus <strong>12 Premium-Geschmacksrichtungen<\/strong> f\u00fcr unterschiedliche Gaumen zugeschnitten.<\/li>\n<\/ul>\n\n\n\n<h3 class=\"wp-block-heading\">Technische Daten<\/h3>\n\n\n\n<figure class=\"wp-block-table\"><table class=\"has-fixed-layout\"><thead><tr><td><strong>Merkmal<\/strong><\/td><td><strong>Einzelheiten<\/strong><\/td><\/tr><\/thead><tbody><tr><td><strong>Anzahl der Puffs<\/strong><\/td><td>Bis zu 30.000 Puffs<\/td><\/tr><tr><td><strong>E-Liquid Kapazit\u00e4t<\/strong><\/td><td>36mL<\/td><\/tr><tr><td><strong>Batterie<\/strong><\/td><td>850mAh (wiederaufladbar)<\/td><\/tr><tr><td><strong>Ladeanschluss<\/strong><\/td><td>Typ-C USB<\/td><\/tr><tr><td><strong>Spulenwiderstand<\/strong><\/td><td>1.0\u03a9 Masche Spule<\/td><\/tr><tr><td><strong>Nikotin-Optionen<\/strong><\/td><td>0% \/ 2% \/ 3% \/ 5%<\/td><\/tr><tr><td><strong>Verpackung<\/strong><\/td><td>10 Einheiten \/ Box<\/td><\/tr><\/tbody><\/table><\/figure>\n\n\n\n<h5 class=\"wp-block-heading\"><strong>Geschmacksliste\uff1a<\/strong><\/h5>\n\n\n\n<ol class=\"wp-block-list\">\n<li>Erdbeere Wassermelone<\/li>\n\n\n\n<li>Blaubeereis<\/li>\n\n\n\n<li>Frische Minze<\/li>\n\n\n\n<li>Erdbeere Traube<\/li>\n\n\n\n<li>Heidelbeere Cranberry Kirsche<\/li>\n\n\n\n<li>Wassermelone<\/li>\n\n\n\n<li>Erdbeer-Kiwi<\/li>\n\n\n\n<li>Minzblau Razz<\/li>\n\n\n\n<li>Dreifach-Beere<\/li>\n\n\n\n<li>Wassermelone Kirsche<\/li>\n\n\n\n<li>Himbeere Dark Sparkle<\/li>\n\n\n\n<li>Heidelbeere-Himbeere<\/li>\n<\/ol>","protected":false},"excerpt":{"rendered":"<p>H\u00f6ren Sie auf, die Puffs zu z\u00e4hlen. Fangen Sie an, sie zu genie\u00dfen. Der Bang King 30000 Pro ist der ultimative Ausdauer-Champion auf dem Markt der Einwegdampfer. Mit einem massiven 36mL E-Liquid-Reservoir und bis zu 30k Z\u00fcgen ist dieses Ger\u00e4t f\u00fcr Vaper gebaut, die Langlebigkeit, Geschmackskonsistenz und null \u00c4rger verlangen.<\/p>","protected":false},"featured_media":16056,"comment_status":"open","ping_status":"closed","template":"","meta":[],"product_brand":[57],"product_cat":[134],"product_tag":[],"class_list":{"0":"post-16054","1":"product","2":"type-product","3":"status-publish","4":"has-post-thumbnail","6":"product_brand-bang","7":"product_cat-30k-puffs","9":"first","10":"instock","11":"sale","12":"shipping-taxable","13":"purchasable","14":"product-type-variable"},"yoast_head":"<!-- This site is optimized with the Yoast SEO plugin v27.4 - https:\/\/yoast.com\/product\/yoast-seo-wordpress\/ -->\n<title>Bang King 30000 Pro Disposable 30K Puffs Vape - VapeMaison<\/title>\n<meta name=\"description\" content=\"Buy Bang King 30000 Pro Disposable Vape at the best price. 36mL capacity, 850mAh rechargeable battery. Wholesale &amp; Retail available. Fast Shipping.\" \/>\n<meta name=\"robots\" content=\"index, follow, max-snippet:-1, max-image-preview:large, max-video-preview:-1\" \/>\n<link rel=\"canonical\" href=\"https:\/\/vapemaison.com\/de\/product\/bang-king-30000-pro-einweg-30k\/\" \/>\n<meta property=\"og:locale\" content=\"de_DE\" \/>\n<meta property=\"og:type\" content=\"article\" \/>\n<meta property=\"og:title\" content=\"Bang King 30000 Pro Disposable 30K Puffs Vape - VapeMaison\" \/>\n<meta property=\"og:description\" content=\"Buy Bang King 30000 Pro Disposable Vape at the best price. 36mL capacity, 850mAh rechargeable battery. Wholesale &amp; Retail available. Fast Shipping.\" \/>\n<meta property=\"og:url\" content=\"https:\/\/vapemaison.com\/de\/product\/bang-king-30000-pro-einweg-30k\/\" \/>\n<meta property=\"og:site_name\" content=\"VapeMaison\" \/>\n<meta property=\"article:modified_time\" content=\"2025-12-05T08:04:01+00:00\" \/>\n<meta property=\"og:image\" content=\"https:\/\/vapemaison.com\/wp-content\/uploads\/2025\/12\/vapemaison-bang-king-30000-pro-blueberry-raspberry-654x690.jpg.webp\" \/>\n\t<meta property=\"og:image:width\" content=\"654\" \/>\n\t<meta property=\"og:image:height\" content=\"690\" \/>\n\t<meta property=\"og:image:type\" content=\"image\/webp\" \/>\n<meta name=\"twitter:card\" content=\"summary_large_image\" \/>\n<meta name=\"twitter:label1\" content=\"Gesch\u00e4tzte Lesezeit\" \/>\n\t<meta name=\"twitter:data1\" content=\"2\u00a0Minuten\" \/>\n<!-- \/ Yoast SEO plugin. -->","yoast_head_json":{"title":"Bang King 30000 Pro Einwegartikel 30K Puffs Vape - VapeMaison","description":"Bang King 30000 Pro Disposable Vape zum besten Preis kaufen. 36mL Kapazit\u00e4t, 850mAh wiederaufladbare Batterie. Gro\u00dfhandel und Einzelhandel verf\u00fcgbar. Schneller Versand.","robots":{"index":"index","follow":"follow","max-snippet":"max-snippet:-1","max-image-preview":"max-image-preview:large","max-video-preview":"max-video-preview:-1"},"canonical":"https:\/\/vapemaison.com\/de\/product\/bang-king-30000-pro-einweg-30k\/","og_locale":"de_DE","og_type":"article","og_title":"Bang King 30000 Pro Disposable 30K Puffs Vape - VapeMaison","og_description":"Buy Bang King 30000 Pro Disposable Vape at the best price. 36mL capacity, 850mAh rechargeable battery. Wholesale & Retail available. Fast Shipping.","og_url":"https:\/\/vapemaison.com\/de\/product\/bang-king-30000-pro-einweg-30k\/","og_site_name":"VapeMaison","article_modified_time":"2025-12-05T08:04:01+00:00","og_image":[{"width":654,"height":690,"url":"https:\/\/vapemaison.com\/wp-content\/uploads\/2025\/12\/vapemaison-bang-king-30000-pro-blueberry-raspberry-654x690.jpg.webp","type":"image\/webp"}],"twitter_card":"summary_large_image","twitter_misc":{"Gesch\u00e4tzte Lesezeit":"2\u00a0Minuten"},"schema":{"@context":"https:\/\/schema.org","@graph":[{"@type":"WebPage","@id":"https:\/\/vapemaison.com\/product\/bang-king-30000-pro-disposable-30k\/","url":"https:\/\/vapemaison.com\/product\/bang-king-30000-pro-disposable-30k\/","name":"Bang King 30000 Pro Einwegartikel 30K Puffs Vape - VapeMaison","isPartOf":{"@id":"https:\/\/vapemaison.com\/#website"},"primaryImageOfPage":{"@id":"https:\/\/vapemaison.com\/product\/bang-king-30000-pro-disposable-30k\/#primaryimage"},"image":{"@id":"https:\/\/vapemaison.com\/product\/bang-king-30000-pro-disposable-30k\/#primaryimage"},"thumbnailUrl":"https:\/\/vapemaison.com\/wp-content\/uploads\/2025\/12\/vapemaison-bang-king-30000-pro-blueberry-raspberry-654x690.jpg.webp","datePublished":"2025-12-05T07:30:28+00:00","dateModified":"2025-12-05T08:04:01+00:00","description":"Bang King 30000 Pro Disposable Vape zum besten Preis kaufen. 36mL Kapazit\u00e4t, 850mAh wiederaufladbare Batterie. Gro\u00dfhandel und Einzelhandel verf\u00fcgbar. Schneller Versand.","breadcrumb":{"@id":"https:\/\/vapemaison.com\/product\/bang-king-30000-pro-disposable-30k\/#breadcrumb"},"inLanguage":"de","potentialAction":[{"@type":"ReadAction","target":["https:\/\/vapemaison.com\/product\/bang-king-30000-pro-disposable-30k\/"]}]},{"@type":"ImageObject","inLanguage":"de","@id":"https:\/\/vapemaison.com\/product\/bang-king-30000-pro-disposable-30k\/#primaryimage","url":"https:\/\/vapemaison.com\/wp-content\/uploads\/2025\/12\/vapemaison-bang-king-30000-pro-blueberry-raspberry-654x690.jpg.webp","contentUrl":"https:\/\/vapemaison.com\/wp-content\/uploads\/2025\/12\/vapemaison-bang-king-30000-pro-blueberry-raspberry-654x690.jpg.webp","width":654,"height":690,"caption":"Vapemaison Bang King Pro Blueberry Raspberry 654x690.jpg"},{"@type":"BreadcrumbList","@id":"https:\/\/vapemaison.com\/product\/bang-king-30000-pro-disposable-30k\/#breadcrumb","itemListElement":[{"@type":"ListItem","position":1,"name":"\u9996\u9875","item":"https:\/\/vapemaison.com\/"},{"@type":"ListItem","position":2,"name":"Shop","item":"https:\/\/vapemaison.com\/shop\/"},{"@type":"ListItem","position":3,"name":"Bang","item":"https:\/\/vapemaison.com\/brand\/bang\/"},{"@type":"ListItem","position":4,"name":"Bang King 30000 Pro Disposable Vape &#8211; 30K Puffs Dual Mesh Beast"}]},{"@type":"WebSite","@id":"https:\/\/vapemaison.com\/#website","url":"https:\/\/vapemaison.com\/","name":"VapeMaison","description":"Premium Vaping-Ger\u00e4te und Zubeh\u00f6r","publisher":{"@id":"https:\/\/vapemaison.com\/#organization"},"potentialAction":[{"@type":"SearchAction","target":{"@type":"EntryPoint","urlTemplate":"https:\/\/vapemaison.com\/?s={search_term_string}"},"query-input":{"@type":"PropertyValueSpecification","valueRequired":true,"valueName":"search_term_string"}}],"inLanguage":"de"},{"@type":"Organization","@id":"https:\/\/vapemaison.com\/#organization","name":"VapeMaison","url":"https:\/\/vapemaison.com\/","logo":{"@type":"ImageObject","inLanguage":"de","@id":"https:\/\/vapemaison.com\/#\/schema\/logo\/image\/","url":"https:\/\/vapemaison.com\/wp-content\/uploads\/2026\/01\/cropped-vapemaison-logo-g-2026.webp","contentUrl":"https:\/\/vapemaison.com\/wp-content\/uploads\/2026\/01\/cropped-vapemaison-logo-g-2026.webp","width":350,"height":280,"caption":"VapeMaison"},"image":{"@id":"https:\/\/vapemaison.com\/#\/schema\/logo\/image\/"},"sameAs":["https:\/\/www.youtube.com\/@VapeMaison"]}]}},"tiered_pricing_type":"fixed","tiered_pricing_fixed_rules":{"30":"9.99","50":"9.19","100":"8.42","200":"7.99"},"tiered_pricing_product_settings":{"layout":"default","base_unit_name":{"singular":null,"plural":null},"default_variation":null},"tiered_pricing_minimum_quantity":10,"tiered_pricing_roles_data":[],"tiered_pricing_percentage_rules":[],"tiered_pricing_maximum_quantity":null,"tiered_pricing_quantity_step":"10","_links":{"self":[{"href":"https:\/\/vapemaison.com\/de\/wp-json\/wp\/v2\/product\/16054","targetHints":{"allow":["GET"]}}],"collection":[{"href":"https:\/\/vapemaison.com\/de\/wp-json\/wp\/v2\/product"}],"about":[{"href":"https:\/\/vapemaison.com\/de\/wp-json\/wp\/v2\/types\/product"}],"replies":[{"embeddable":true,"href":"https:\/\/vapemaison.com\/de\/wp-json\/wp\/v2\/comments?post=16054"}],"version-history":[{"count":0,"href":"https:\/\/vapemaison.com\/de\/wp-json\/wp\/v2\/product\/16054\/revisions"}],"wp:featuredmedia":[{"embeddable":true,"href":"https:\/\/vapemaison.com\/de\/wp-json\/wp\/v2\/media\/16056"}],"wp:attachment":[{"href":"https:\/\/vapemaison.com\/de\/wp-json\/wp\/v2\/media?parent=16054"}],"wp:term":[{"taxonomy":"product_brand","embeddable":true,"href":"https:\/\/vapemaison.com\/de\/wp-json\/wp\/v2\/product_brand?post=16054"},{"taxonomy":"product_cat","embeddable":true,"href":"https:\/\/vapemaison.com\/de\/wp-json\/wp\/v2\/product_cat?post=16054"},{"taxonomy":"product_tag","embeddable":true,"href":"https:\/\/vapemaison.com\/de\/wp-json\/wp\/v2\/product_tag?post=16054"}],"curies":[{"name":"wp","href":"https:\/\/api.w.org\/{rel}","templated":true}]}}