

{"id":16098,"date":"2025-12-05T07:59:30","date_gmt":"2025-12-05T07:59:30","guid":{"rendered":"https:\/\/vapemaison.com\/?post_type=product&#038;p=16098"},"modified":"2025-12-05T08:03:35","modified_gmt":"2025-12-05T08:03:35","slug":"bang-30k-pro-dual-flavor","status":"publish","type":"product","link":"https:\/\/vapemaison.com\/de\/product\/bang-30k-pro-dual-flavor\/","title":{"rendered":"Bang 30K PRO Dual Flavor Disposable Vape | 30000 Z\u00fcge"},"content":{"rendered":"<h2 class=\"wp-block-heading\">Intelligente duale Erfahrung: Der Bang 30K PRO Vorteil<\/h2>\n\n\n\n<ul class=\"wp-block-list\">\n<li><strong>Twin-Pod-System:<\/strong> Eigenschaften <strong>zwei unabh\u00e4ngige 18mL e-Liquid-Kammern<\/strong> (36mL Gesamtkapazit\u00e4t) und bietet Ihnen die doppelte Zufriedenheit und Geschmacksauswahl.<\/li>\n\n\n\n<li><strong>Sofortiges Umschalten:<\/strong> Wechseln Sie einfach und schnell zwischen zwei verschiedenen Geschmacksrichtungen. Dieses System garantiert, dass Sie nie wieder unter \u201cVaper's Tongue\u201d oder Geschmacksmonotonie leiden.<\/li>\n<\/ul>\n\n\n\n<h2 class=\"wp-block-heading\">Das intelligente Vaping-Erlebnis: \u00dcberwachung in Echtzeit<\/h2>\n\n\n\n<p>Dies ist Ihr digitales Armaturenbrett. Dank der integrierten <strong>Intelligenter LED-Bildschirm<\/strong>, m\u00fcssen Sie niemals raten. Das Display h\u00e4lt Sie auf dem Laufenden:<\/p>\n\n\n\n<ul class=\"wp-block-list\">\n<li><strong>Status der Batterie:<\/strong> Genaue \u00dcberwachung der verbleibenden Ladung des 550-mAh-Akkus.<\/li>\n\n\n\n<li><strong>E-Liquid Pegel:<\/strong> Echtzeit-Transparenz \u00fcber den Verbrauch von <em>beide<\/em> E-Liquid-Kammern, so dass Sie im Voraus planen k\u00f6nnen, bevor Ihnen die Fl\u00fcssigkeit ausgeht.<\/li>\n<\/ul>\n\n\n\n<h2 class=\"wp-block-heading\">Leistung, Kraft und Pr\u00e4zision<\/h2>\n\n\n\n<ul class=\"wp-block-list\">\n<li><strong>Extreme Ausdauer:<\/strong> Entwickelt f\u00fcr bis zu <strong>30.000 Z\u00fcge<\/strong>, angetrieben von einem robusten <strong>550mAh wiederaufladbare Batterie<\/strong> entwickelt, um wochenlang im Einsatz zu bleiben.<\/li>\n\n\n\n<li><strong>Typ-C-Schnellaufladung:<\/strong> Die Nutzung der <strong>Typ-C-Schnellaufladung<\/strong> Standard ist, minimiert das Ger\u00e4t die Ausfallzeiten und stellt sicher, dass Sie immer bereit sind, zu dampfen.<\/li>\n\n\n\n<li><strong>Ultimative Geschmacks\u00fcbertragung:<\/strong> Die eingebettete <strong>1.0\u03a9 Masche Spule<\/strong> bietet eine stabile, effiziente Heizung f\u00fcr das duale System und garantiert eine gleichm\u00e4\u00dfige Dampfproduktion und ein reichhaltiges, naturgetreues Aroma vom ersten bis zum letzten Zug.<\/li>\n<\/ul>\n\n\n\n<h2 class=\"wp-block-heading\">Produktspezifikationen auf einen Blick<\/h2>\n\n\n\n<figure class=\"wp-block-table\"><table class=\"has-fixed-layout\"><thead><tr><td><strong>Merkmal<\/strong><\/td><td><strong>Einzelheiten<\/strong><\/td><\/tr><\/thead><tbody><tr><td><strong>Anzahl der Puffs<\/strong><\/td><td>Bis zu 30.000 Puffs (Max)<\/td><\/tr><tr><td><strong>E-Liquid Kapazit\u00e4t<\/strong><\/td><td>2 x 18mL Pods (36mL insgesamt)<\/td><\/tr><tr><td><strong>Wichtige Innovation<\/strong><\/td><td>Doppelte Geschmacksumschaltung, intelligente LED-Anzeige<\/td><\/tr><tr><td><strong>Batterie<\/strong><\/td><td>550mAh (wiederaufladbar)<\/td><\/tr><tr><td><strong>Ladeanschluss<\/strong><\/td><td>Typ-C-Schnellaufladung<\/td><\/tr><tr><td><strong>Spulenwiderstand<\/strong><\/td><td>1.0\u03a9 Masche Spule<\/td><\/tr><tr><td><strong>Nikotin-Optionen<\/strong><\/td><td>0% \/ 2% \/ 3% \/ 5%<\/td><\/tr><tr><td><strong>Geschmacksauswahl<\/strong><\/td><td>16 aufregende Geschmacksrichtungen<\/td><\/tr><\/tbody><\/table><\/figure>\n\n\n\n<h2 class=\"wp-block-heading\"><strong>Geschmacksliste\uff1a<\/strong><\/h2>\n\n\n\n<ol class=\"wp-block-list\">\n<li>Wassermelone &amp; Blaubeer-Minze<\/li>\n\n\n\n<li>Schwarzer Drache Eis &amp; Erdbeer-Banane<\/li>\n\n\n\n<li>Saurer Apfel &amp; Heidelbeere-Himbeere<\/li>\n\n\n\n<li>Mango-Pfirsich-Bananeneis<\/li>\n\n\n\n<li>Red Bull &amp; Erdbeer-Mango<\/li>\n\n\n\n<li>Double Apfel &amp; Kiwi Passionsfrucht Granatapfel<\/li>\n\n\n\n<li>Traubeneis &amp; Kirsche Cola<\/li>\n\n\n\n<li>Pfefferminz-Eis &amp; Dreifach-Beere<\/li>\n\n\n\n<li>Pfirsich-Eis &amp; Erdbeer-Wassermelone<\/li>\n\n\n\n<li>Blaubeere-Kirsche-Cranberry &amp; Wassermelone-Beerenboom<\/li>\n\n\n\n<li>Love66 &amp; Erdbeer-Kiwi<\/li>\n\n\n\n<li>Ananaseis &amp; Blue Fusion<\/li>\n\n\n\n<li>Sakura Traube &amp; Erdbeer-Litschi<\/li>\n\n\n\n<li>Purple Rain &amp; Erdbeer-Himbeer-Kirsch-Eis<\/li>\n\n\n\n<li>Gemischtes Obst &amp; Heidelbeereis<\/li>\n\n\n\n<li>Schwarzer Drache Eis &amp; Mango-Ananas-Pfirsich<\/li>\n<\/ol>","protected":false},"excerpt":{"rendered":"<p>Smart Dual Experience: The Bang 30K PRO Advantage The Smart Vaping Experience: Real-Time Monitoring This is your digital dashboard. Thanks to the integrated Smart LED Screen, you never have to guess. The display keeps you informed about: Performance, Power, and Precision Product Specifications at a Glance Feature Details Puff Count Up to 30,000 Puffs (Max) [&hellip;]<\/p>\n","protected":false},"featured_media":16109,"comment_status":"open","ping_status":"closed","template":"","meta":[],"product_brand":[57],"product_cat":[134],"product_tag":[],"class_list":{"0":"post-16098","1":"product","2":"type-product","3":"status-publish","4":"has-post-thumbnail","6":"product_brand-bang","7":"product_cat-30k-puffs","9":"first","10":"instock","11":"sale","12":"shipping-taxable","13":"purchasable","14":"product-type-variable"},"yoast_head":"<!-- This site is optimized with the Yoast SEO plugin v27.4 - https:\/\/yoast.com\/product\/yoast-seo-wordpress\/ -->\n<title>Bang 30K PRO Dual Flavor Disposable Vape | 30000 Puffs - VapeMaison<\/title>\n<meta name=\"description\" content=\"Buy the innovative Bang 30K PRO Dual Flavor Disposable Vape. Featuring 30k puffs instant flavor switching. Find the best price and 16 unique flavors here!\" \/>\n<meta name=\"robots\" content=\"index, follow, max-snippet:-1, max-image-preview:large, max-video-preview:-1\" \/>\n<link rel=\"canonical\" href=\"https:\/\/vapemaison.com\/de\/product\/bang-30k-pro-dual-flavor\/\" \/>\n<meta property=\"og:locale\" content=\"de_DE\" \/>\n<meta property=\"og:type\" content=\"article\" \/>\n<meta property=\"og:title\" content=\"Bang 30K PRO Dual Flavor Disposable Vape | 30000 Puffs - VapeMaison\" \/>\n<meta property=\"og:description\" content=\"Buy the innovative Bang 30K PRO Dual Flavor Disposable Vape. Featuring 30k puffs instant flavor switching. Find the best price and 16 unique flavors here!\" \/>\n<meta property=\"og:url\" content=\"https:\/\/vapemaison.com\/de\/product\/bang-30k-pro-dual-flavor\/\" \/>\n<meta property=\"og:site_name\" content=\"VapeMaison\" \/>\n<meta property=\"article:modified_time\" content=\"2025-12-05T08:03:35+00:00\" \/>\n<meta property=\"og:image\" content=\"https:\/\/vapemaison.com\/wp-content\/uploads\/2025\/12\/bang-30k-pro-30000-puffs-front-page.jpg.webp\" \/>\n\t<meta property=\"og:image:width\" content=\"900\" \/>\n\t<meta property=\"og:image:height\" content=\"900\" \/>\n\t<meta property=\"og:image:type\" content=\"image\/webp\" \/>\n<meta name=\"twitter:card\" content=\"summary_large_image\" \/>\n<meta name=\"twitter:label1\" content=\"Gesch\u00e4tzte Lesezeit\" \/>\n\t<meta name=\"twitter:data1\" content=\"2\u00a0Minuten\" \/>\n<!-- \/ Yoast SEO plugin. -->","yoast_head_json":{"title":"Bang 30K PRO Dual Flavor Disposable Vape | 30000 Z\u00fcge - VapeMaison","description":"Kaufen Sie das innovative Bang 30K PRO Dual Flavor Disposable Vape. Mit 30k Puffs sofortige Geschmacksumschaltung. Finden Sie den besten Preis und 16 einzigartige Geschmacksrichtungen hier!","robots":{"index":"index","follow":"follow","max-snippet":"max-snippet:-1","max-image-preview":"max-image-preview:large","max-video-preview":"max-video-preview:-1"},"canonical":"https:\/\/vapemaison.com\/de\/product\/bang-30k-pro-dual-flavor\/","og_locale":"de_DE","og_type":"article","og_title":"Bang 30K PRO Dual Flavor Disposable Vape | 30000 Puffs - VapeMaison","og_description":"Buy the innovative Bang 30K PRO Dual Flavor Disposable Vape. Featuring 30k puffs instant flavor switching. Find the best price and 16 unique flavors here!","og_url":"https:\/\/vapemaison.com\/de\/product\/bang-30k-pro-dual-flavor\/","og_site_name":"VapeMaison","article_modified_time":"2025-12-05T08:03:35+00:00","og_image":[{"width":900,"height":900,"url":"https:\/\/vapemaison.com\/wp-content\/uploads\/2025\/12\/bang-30k-pro-30000-puffs-front-page.jpg.webp","type":"image\/webp"}],"twitter_card":"summary_large_image","twitter_misc":{"Gesch\u00e4tzte Lesezeit":"2\u00a0Minuten"},"schema":{"@context":"https:\/\/schema.org","@graph":[{"@type":"WebPage","@id":"https:\/\/vapemaison.com\/product\/bang-30k-pro-dual-flavor\/","url":"https:\/\/vapemaison.com\/product\/bang-30k-pro-dual-flavor\/","name":"Bang 30K PRO Dual Flavor Disposable Vape | 30000 Z\u00fcge - VapeMaison","isPartOf":{"@id":"https:\/\/vapemaison.com\/#website"},"primaryImageOfPage":{"@id":"https:\/\/vapemaison.com\/product\/bang-30k-pro-dual-flavor\/#primaryimage"},"image":{"@id":"https:\/\/vapemaison.com\/product\/bang-30k-pro-dual-flavor\/#primaryimage"},"thumbnailUrl":"https:\/\/vapemaison.com\/wp-content\/uploads\/2025\/12\/bang-30k-pro-30000-puffs-front-page.jpg.webp","datePublished":"2025-12-05T07:59:30+00:00","dateModified":"2025-12-05T08:03:35+00:00","description":"Kaufen Sie das innovative Bang 30K PRO Dual Flavor Disposable Vape. Mit 30k Puffs sofortige Geschmacksumschaltung. Finden Sie den besten Preis und 16 einzigartige Geschmacksrichtungen hier!","breadcrumb":{"@id":"https:\/\/vapemaison.com\/product\/bang-30k-pro-dual-flavor\/#breadcrumb"},"inLanguage":"de","potentialAction":[{"@type":"ReadAction","target":["https:\/\/vapemaison.com\/product\/bang-30k-pro-dual-flavor\/"]}]},{"@type":"ImageObject","inLanguage":"de","@id":"https:\/\/vapemaison.com\/product\/bang-30k-pro-dual-flavor\/#primaryimage","url":"https:\/\/vapemaison.com\/wp-content\/uploads\/2025\/12\/bang-30k-pro-30000-puffs-front-page.jpg.webp","contentUrl":"https:\/\/vapemaison.com\/wp-content\/uploads\/2025\/12\/bang-30k-pro-30000-puffs-front-page.jpg.webp","width":900,"height":900,"caption":"Bang 30k Pro Puffs Front Page.jpg Disposable Vape Device"},{"@type":"BreadcrumbList","@id":"https:\/\/vapemaison.com\/product\/bang-30k-pro-dual-flavor\/#breadcrumb","itemListElement":[{"@type":"ListItem","position":1,"name":"\u9996\u9875","item":"https:\/\/vapemaison.com\/"},{"@type":"ListItem","position":2,"name":"Shop","item":"https:\/\/vapemaison.com\/shop\/"},{"@type":"ListItem","position":3,"name":"Bang","item":"https:\/\/vapemaison.com\/brand\/bang\/"},{"@type":"ListItem","position":4,"name":"Bang 30K PRO Dual Flavor Disposable Vape | 30000 Puffs"}]},{"@type":"WebSite","@id":"https:\/\/vapemaison.com\/#website","url":"https:\/\/vapemaison.com\/","name":"VapeMaison","description":"Premium Vaping-Ger\u00e4te und Zubeh\u00f6r","publisher":{"@id":"https:\/\/vapemaison.com\/#organization"},"potentialAction":[{"@type":"SearchAction","target":{"@type":"EntryPoint","urlTemplate":"https:\/\/vapemaison.com\/?s={search_term_string}"},"query-input":{"@type":"PropertyValueSpecification","valueRequired":true,"valueName":"search_term_string"}}],"inLanguage":"de"},{"@type":"Organization","@id":"https:\/\/vapemaison.com\/#organization","name":"VapeMaison","url":"https:\/\/vapemaison.com\/","logo":{"@type":"ImageObject","inLanguage":"de","@id":"https:\/\/vapemaison.com\/#\/schema\/logo\/image\/","url":"https:\/\/vapemaison.com\/wp-content\/uploads\/2026\/01\/cropped-vapemaison-logo-g-2026.webp","contentUrl":"https:\/\/vapemaison.com\/wp-content\/uploads\/2026\/01\/cropped-vapemaison-logo-g-2026.webp","width":350,"height":280,"caption":"VapeMaison"},"image":{"@id":"https:\/\/vapemaison.com\/#\/schema\/logo\/image\/"},"sameAs":["https:\/\/www.youtube.com\/@VapeMaison"]}]}},"tiered_pricing_type":"fixed","tiered_pricing_fixed_rules":{"30":"10.24","50":"9.56","100":"8.99","200":"8.36"},"tiered_pricing_product_settings":{"layout":"default","base_unit_name":{"singular":null,"plural":null},"default_variation":null},"tiered_pricing_minimum_quantity":10,"tiered_pricing_roles_data":[],"tiered_pricing_percentage_rules":[],"tiered_pricing_maximum_quantity":null,"tiered_pricing_quantity_step":"10","_links":{"self":[{"href":"https:\/\/vapemaison.com\/de\/wp-json\/wp\/v2\/product\/16098","targetHints":{"allow":["GET"]}}],"collection":[{"href":"https:\/\/vapemaison.com\/de\/wp-json\/wp\/v2\/product"}],"about":[{"href":"https:\/\/vapemaison.com\/de\/wp-json\/wp\/v2\/types\/product"}],"replies":[{"embeddable":true,"href":"https:\/\/vapemaison.com\/de\/wp-json\/wp\/v2\/comments?post=16098"}],"version-history":[{"count":0,"href":"https:\/\/vapemaison.com\/de\/wp-json\/wp\/v2\/product\/16098\/revisions"}],"wp:featuredmedia":[{"embeddable":true,"href":"https:\/\/vapemaison.com\/de\/wp-json\/wp\/v2\/media\/16109"}],"wp:attachment":[{"href":"https:\/\/vapemaison.com\/de\/wp-json\/wp\/v2\/media?parent=16098"}],"wp:term":[{"taxonomy":"product_brand","embeddable":true,"href":"https:\/\/vapemaison.com\/de\/wp-json\/wp\/v2\/product_brand?post=16098"},{"taxonomy":"product_cat","embeddable":true,"href":"https:\/\/vapemaison.com\/de\/wp-json\/wp\/v2\/product_cat?post=16098"},{"taxonomy":"product_tag","embeddable":true,"href":"https:\/\/vapemaison.com\/de\/wp-json\/wp\/v2\/product_tag?post=16098"}],"curies":[{"name":"wp","href":"https:\/\/api.w.org\/{rel}","templated":true}]}}