

{"id":16162,"date":"2025-12-08T07:53:01","date_gmt":"2025-12-08T07:53:01","guid":{"rendered":"https:\/\/vapemaison.com\/?post_type=product&#038;p=16162"},"modified":"2026-02-10T09:37:20","modified_gmt":"2026-02-10T09:37:20","slug":"bang-king-tornado-35k-puffs","status":"publish","type":"product","link":"https:\/\/vapemaison.com\/de\/product\/bang-king-tornado-35k-puffs\/","title":{"rendered":"Bang King Tornado 35000 Puffs LED Display Einweg Vape"},"content":{"rendered":"<p>Die Bang King Tornado 35k Puffs Original LED Display Edition wurde f\u00fcr Benutzer entwickelt, die Leistung und Stabilit\u00e4t suchen und das Dampfen in Bezug auf Haltbarkeit, Geschmack und technologische Erfahrung auf die n\u00e4chste Stufe bringen.<\/p>\n\n\n\n<p>Ausgestattet mit einem 850mAh-Akku und unterst\u00fctzt Typ-C-Schnellladung, Tornado schnell f\u00fcllt sich seine Macht, reduziert die Wartezeit und erm\u00f6glicht f\u00fcr praktisch ununterbrochene Verdampfen. Die eingebaute 0,6-\u03a9-Mesh-Zerst\u00e4uberspule verbessert die Heizeffizienz und sorgt f\u00fcr volleren Dampf und einen sanfteren Geschmack.<\/p>\n\n\n\n<p>Er verf\u00fcgt \u00fcber ein gro\u00dfes Fassungsverm\u00f6gen von 23 ml E-Liquid, wodurch ein h\u00e4ufiger Austausch des Ger\u00e4ts \u00fcberfl\u00fcssig wird und eine lange Lebensdauer gew\u00e4hrleistet ist. Das LED-Smart-Display auf der Vorderseite zeigt den Batterie- und Fl\u00fcssigkeitsstatus in Echtzeit an. Zusammen mit dem Anti-Trockenbrand-Schutzsystem verl\u00e4ngert es effektiv die Lebensdauer des Ger\u00e4ts und sorgt f\u00fcr gleichbleibende Leistung bei jedem Zug.<\/p>\n\n\n\n<p>Sie bietet mehrere Nikotinkonzentrationen (0%, 2%, 3%, 5%) und 12 beliebte Geschmacksrichtungen, um den unterschiedlichen Vorlieben der Nutzer gerecht zu werden. Egal, ob Sie einen kr\u00e4ftigen Geschmack oder eine sanftere, weichere Erfahrung bevorzugen, Tornado hat Sie abgedeckt.<\/p>\n\n\n\n<p>Der Bang King Tornado 35k Puffs - eine Kombination aus hoher Leistung, gro\u00dfer Kapazit\u00e4t und intelligenter Erfahrung - bietet Ihnen eine l\u00e4nger anhaltende, reinere und bequemere neue Verdampfungsoption.<\/p>\n\n\n\n<figure class=\"wp-block-table\"><table class=\"has-fixed-layout\"><thead><tr><th><strong>Eigenschaften<\/strong><\/th><th><strong>Einzelheiten<\/strong><\/th><\/tr><\/thead><tbody><tr><td><strong>Puffs<\/strong><\/td><td>Bis zu 35.000 Z\u00fcge<\/td><\/tr><tr><td><strong>Nikotin-Optionen<\/strong><\/td><td>0% \/ 2% \/ 3% \/ 5%<\/td><\/tr><tr><td><strong>Typ<\/strong><\/td><td>Einwegartikel<\/td><\/tr><tr><td><strong>Widerstand<\/strong><\/td><td>0.6\u03a9<\/td><\/tr><tr><td><strong>E-Fl\u00fcssigkeit Kapazit\u00e4t<\/strong><\/td><td>23mL<\/td><\/tr><tr><td><strong>Batteriekapazit\u00e4t<\/strong><\/td><td>850mAh<\/td><\/tr><tr><td><strong>Aufladen<\/strong><\/td><td>Typ-C Wiederaufladbar<\/td><\/tr><tr><td><strong>Schutz<\/strong><\/td><td>Anti-Dry-Burn-Schutz<\/td><\/tr><tr><td><strong>Geschm\u00e4cker<\/strong><\/td><td>12 Geschmacksrichtungen verf\u00fcgbar<\/td><\/tr><\/tbody><\/table><\/figure>\n\n\n\n<h5 class=\"wp-block-heading\"><strong>Geschmacksliste\uff1a<\/strong><\/h5>\n\n\n\n<ol class=\"wp-block-list\">\n<li>Erdbeer-Mango<\/li>\n\n\n\n<li>Liebe66<\/li>\n\n\n\n<li>Blaues Razzeis<\/li>\n\n\n\n<li>Erdbeere Wassermelone<\/li>\n\n\n\n<li>Zitronenminze<\/li>\n\n\n\n<li>Doppelter Apfel<\/li>\n\n\n\n<li>Energy-Drink<\/li>\n\n\n\n<li>Pfirsich-Eis<\/li>\n\n\n\n<li>Erdbeer-Kiwi<\/li>\n\n\n\n<li>Traubeneis<\/li>\n\n\n\n<li>Blaubeereis<\/li>\n\n\n\n<li>Wassermelone<\/li>\n<\/ol>","protected":false},"excerpt":{"rendered":"<p>The Bang King Tornado 35k Puffs Original LED Display Edition is designed for users seeking performance and stability, taking vaping to the next level in terms of durability, flavor, and technological experience. Equipped with an 850mAh rechargeable battery and supporting Type-C fast charging, Tornado quickly replenishes its power, reducing waiting time and allowing for virtually [&hellip;]<\/p>\n","protected":false},"featured_media":16167,"comment_status":"open","ping_status":"closed","template":"","meta":[],"product_brand":[57],"product_cat":[142,16],"product_tag":[],"class_list":{"0":"post-16162","1":"product","2":"type-product","3":"status-publish","4":"has-post-thumbnail","6":"product_brand-bang","7":"product_cat-eu-stock","8":"product_cat-uncategorized","10":"first","11":"instock","12":"sale","13":"shipping-taxable","14":"purchasable","15":"product-type-variable"},"yoast_head":"<!-- This site is optimized with the Yoast SEO plugin v27.4 - https:\/\/yoast.com\/product\/yoast-seo-wordpress\/ -->\n<title>Bang King Tornado 35000 Puffs LED Display Disposable Vape - VapeMaison<\/title>\n<meta name=\"description\" content=\"Bang King Tornado 35000\u2014LED display, 23mL capacity, rechargeable 850mAh battery, and mesh coil for long-lasting, smooth vaping in multiple flavors.\" \/>\n<meta name=\"robots\" content=\"index, follow, max-snippet:-1, max-image-preview:large, max-video-preview:-1\" \/>\n<link rel=\"canonical\" href=\"https:\/\/vapemaison.com\/de\/product\/bang-king-tornado-35k-puffs\/\" \/>\n<meta property=\"og:locale\" content=\"de_DE\" \/>\n<meta property=\"og:type\" content=\"article\" \/>\n<meta property=\"og:title\" content=\"Bang King Tornado 35000 Puffs LED Display Disposable Vape - VapeMaison\" \/>\n<meta property=\"og:description\" content=\"Bang King Tornado 35000\u2014LED display, 23mL capacity, rechargeable 850mAh battery, and mesh coil for long-lasting, smooth vaping in multiple flavors.\" \/>\n<meta property=\"og:url\" content=\"https:\/\/vapemaison.com\/de\/product\/bang-king-tornado-35k-puffs\/\" \/>\n<meta property=\"og:site_name\" content=\"VapeMaison\" \/>\n<meta property=\"article:modified_time\" content=\"2026-02-10T09:37:20+00:00\" \/>\n<meta property=\"og:image\" content=\"https:\/\/vapemaison.com\/wp-content\/uploads\/2025\/12\/bang-king-tornado-35000-puffs-main-image.jpg.webp\" \/>\n\t<meta property=\"og:image:width\" content=\"1000\" \/>\n\t<meta property=\"og:image:height\" content=\"1000\" \/>\n\t<meta property=\"og:image:type\" content=\"image\/webp\" \/>\n<meta name=\"twitter:card\" content=\"summary_large_image\" \/>\n<meta name=\"twitter:label1\" content=\"Gesch\u00e4tzte Lesezeit\" \/>\n\t<meta name=\"twitter:data1\" content=\"2\u00a0Minuten\" \/>\n<!-- \/ Yoast SEO plugin. -->","yoast_head_json":{"title":"Bang King Tornado 35000 Puffs LED-Display Einweg Vape - VapeMaison","description":"Bang King Tornado 35000-LED-Display, 23mL Fassungsverm\u00f6gen, wiederaufladbarer 850mAh-Akku und Mesh-Coil f\u00fcr langanhaltendes, sanftes Dampfen in verschiedenen Geschmacksrichtungen.","robots":{"index":"index","follow":"follow","max-snippet":"max-snippet:-1","max-image-preview":"max-image-preview:large","max-video-preview":"max-video-preview:-1"},"canonical":"https:\/\/vapemaison.com\/de\/product\/bang-king-tornado-35k-puffs\/","og_locale":"de_DE","og_type":"article","og_title":"Bang King Tornado 35000 Puffs LED Display Disposable Vape - VapeMaison","og_description":"Bang King Tornado 35000\u2014LED display, 23mL capacity, rechargeable 850mAh battery, and mesh coil for long-lasting, smooth vaping in multiple flavors.","og_url":"https:\/\/vapemaison.com\/de\/product\/bang-king-tornado-35k-puffs\/","og_site_name":"VapeMaison","article_modified_time":"2026-02-10T09:37:20+00:00","og_image":[{"width":1000,"height":1000,"url":"https:\/\/vapemaison.com\/wp-content\/uploads\/2025\/12\/bang-king-tornado-35000-puffs-main-image.jpg.webp","type":"image\/webp"}],"twitter_card":"summary_large_image","twitter_misc":{"Gesch\u00e4tzte Lesezeit":"2\u00a0Minuten"},"schema":{"@context":"https:\/\/schema.org","@graph":[{"@type":"WebPage","@id":"https:\/\/vapemaison.com\/product\/bang-king-tornado-35k-puffs\/","url":"https:\/\/vapemaison.com\/product\/bang-king-tornado-35k-puffs\/","name":"Bang King Tornado 35000 Puffs LED-Display Einweg Vape - VapeMaison","isPartOf":{"@id":"https:\/\/vapemaison.com\/#website"},"primaryImageOfPage":{"@id":"https:\/\/vapemaison.com\/product\/bang-king-tornado-35k-puffs\/#primaryimage"},"image":{"@id":"https:\/\/vapemaison.com\/product\/bang-king-tornado-35k-puffs\/#primaryimage"},"thumbnailUrl":"https:\/\/vapemaison.com\/wp-content\/uploads\/2025\/12\/bang-king-tornado-35000-puffs-main-image.jpg.webp","datePublished":"2025-12-08T07:53:01+00:00","dateModified":"2026-02-10T09:37:20+00:00","description":"Bang King Tornado 35000-LED-Display, 23mL Fassungsverm\u00f6gen, wiederaufladbarer 850mAh-Akku und Mesh-Coil f\u00fcr langanhaltendes, sanftes Dampfen in verschiedenen Geschmacksrichtungen.","breadcrumb":{"@id":"https:\/\/vapemaison.com\/product\/bang-king-tornado-35k-puffs\/#breadcrumb"},"inLanguage":"de","potentialAction":[{"@type":"ReadAction","target":["https:\/\/vapemaison.com\/product\/bang-king-tornado-35k-puffs\/"]}]},{"@type":"ImageObject","inLanguage":"de","@id":"https:\/\/vapemaison.com\/product\/bang-king-tornado-35k-puffs\/#primaryimage","url":"https:\/\/vapemaison.com\/wp-content\/uploads\/2025\/12\/bang-king-tornado-35000-puffs-main-image.jpg.webp","contentUrl":"https:\/\/vapemaison.com\/wp-content\/uploads\/2025\/12\/bang-king-tornado-35000-puffs-main-image.jpg.webp","width":1000,"height":1000,"caption":"Bang King Tornado Puffs Main Image.jpg Disposable Vape Device"},{"@type":"BreadcrumbList","@id":"https:\/\/vapemaison.com\/product\/bang-king-tornado-35k-puffs\/#breadcrumb","itemListElement":[{"@type":"ListItem","position":1,"name":"\u9996\u9875","item":"https:\/\/vapemaison.com\/"},{"@type":"ListItem","position":2,"name":"Shop","item":"https:\/\/vapemaison.com\/shop\/"},{"@type":"ListItem","position":3,"name":"Bang","item":"https:\/\/vapemaison.com\/brand\/bang\/"},{"@type":"ListItem","position":4,"name":"Bang King Tornado 35000 Puffs LED Display Disposable Vape"}]},{"@type":"WebSite","@id":"https:\/\/vapemaison.com\/#website","url":"https:\/\/vapemaison.com\/","name":"VapeMaison","description":"Premium Vaping-Ger\u00e4te und Zubeh\u00f6r","publisher":{"@id":"https:\/\/vapemaison.com\/#organization"},"potentialAction":[{"@type":"SearchAction","target":{"@type":"EntryPoint","urlTemplate":"https:\/\/vapemaison.com\/?s={search_term_string}"},"query-input":{"@type":"PropertyValueSpecification","valueRequired":true,"valueName":"search_term_string"}}],"inLanguage":"de"},{"@type":"Organization","@id":"https:\/\/vapemaison.com\/#organization","name":"VapeMaison","url":"https:\/\/vapemaison.com\/","logo":{"@type":"ImageObject","inLanguage":"de","@id":"https:\/\/vapemaison.com\/#\/schema\/logo\/image\/","url":"https:\/\/vapemaison.com\/wp-content\/uploads\/2026\/01\/cropped-vapemaison-logo-g-2026.webp","contentUrl":"https:\/\/vapemaison.com\/wp-content\/uploads\/2026\/01\/cropped-vapemaison-logo-g-2026.webp","width":350,"height":280,"caption":"VapeMaison"},"image":{"@id":"https:\/\/vapemaison.com\/#\/schema\/logo\/image\/"},"sameAs":["https:\/\/www.youtube.com\/@VapeMaison"]}]}},"tiered_pricing_type":"fixed","tiered_pricing_fixed_rules":{"30":"9.99","50":"9.45","100":"8.98","200":"7.99"},"tiered_pricing_product_settings":{"layout":"default","base_unit_name":{"singular":null,"plural":null},"default_variation":null},"tiered_pricing_minimum_quantity":10,"tiered_pricing_roles_data":[],"tiered_pricing_percentage_rules":[],"tiered_pricing_maximum_quantity":null,"tiered_pricing_quantity_step":"10","_links":{"self":[{"href":"https:\/\/vapemaison.com\/de\/wp-json\/wp\/v2\/product\/16162","targetHints":{"allow":["GET"]}}],"collection":[{"href":"https:\/\/vapemaison.com\/de\/wp-json\/wp\/v2\/product"}],"about":[{"href":"https:\/\/vapemaison.com\/de\/wp-json\/wp\/v2\/types\/product"}],"replies":[{"embeddable":true,"href":"https:\/\/vapemaison.com\/de\/wp-json\/wp\/v2\/comments?post=16162"}],"version-history":[{"count":1,"href":"https:\/\/vapemaison.com\/de\/wp-json\/wp\/v2\/product\/16162\/revisions"}],"predecessor-version":[{"id":27203,"href":"https:\/\/vapemaison.com\/de\/wp-json\/wp\/v2\/product\/16162\/revisions\/27203"}],"wp:featuredmedia":[{"embeddable":true,"href":"https:\/\/vapemaison.com\/de\/wp-json\/wp\/v2\/media\/16167"}],"wp:attachment":[{"href":"https:\/\/vapemaison.com\/de\/wp-json\/wp\/v2\/media?parent=16162"}],"wp:term":[{"taxonomy":"product_brand","embeddable":true,"href":"https:\/\/vapemaison.com\/de\/wp-json\/wp\/v2\/product_brand?post=16162"},{"taxonomy":"product_cat","embeddable":true,"href":"https:\/\/vapemaison.com\/de\/wp-json\/wp\/v2\/product_cat?post=16162"},{"taxonomy":"product_tag","embeddable":true,"href":"https:\/\/vapemaison.com\/de\/wp-json\/wp\/v2\/product_tag?post=16162"}],"curies":[{"name":"wp","href":"https:\/\/api.w.org\/{rel}","templated":true}]}}