

{"id":16354,"date":"2025-12-09T05:38:21","date_gmt":"2025-12-09T05:38:21","guid":{"rendered":"https:\/\/vapemaison.com\/?post_type=product&#038;p=16354"},"modified":"2025-12-22T09:51:52","modified_gmt":"2025-12-22T09:51:52","slug":"bang-40000-40k-puffs-vape-led-digital-display","status":"publish","type":"product","link":"https:\/\/vapemaison.com\/de\/product\/bang-40000-40k-puffs-vape-led-digital-display\/","title":{"rendered":"Bang 40000 40K Puffs Vape LED Digital Display"},"content":{"rendered":"<h2 class=\"wp-block-heading\"><strong>Bang 40000 - 40K Puffs Nachf\u00fcllbares Vape mit LED-Anzeige<\/strong><\/h2>\n\n\n\n<p>Die <strong>Bang 40K Puffs<\/strong> wurde f\u00fcr Dampfer entwickelt, die lang anhaltende Leistung, sanften Geschmack und modernen Komfort w\u00fcnschen. Liefern <strong>bis zu 40K Puffs<\/strong>, bietet dieses Ger\u00e4t eine <strong>10mL nachf\u00fcllbarer Tank<\/strong> und enth\u00e4lt eine E-Liquid-Flasche zum einfachen Nachf\u00fcllen. Angetrieben von einem <strong>750mAh langlebige Batterie<\/strong>, sorgt er f\u00fcr eine gleichm\u00e4\u00dfige Leistung, gepaart mit einem <strong>1.0\u03a9 Dual Mesh Spule<\/strong> die die Dampferzeugung und die Geschmackskonsistenz verbessert.<\/p>\n\n\n\n<p>Die intelligente <strong>LED-Digitalanzeige<\/strong> h\u00e4lt Sie mit Echtzeit-Anzeigen des Batterie- und Fl\u00fcssigkeitsstands auf dem Laufenden, w\u00e4hrend der integrierte <strong>Kindersicherung<\/strong> bietet eine zus\u00e4tzliche Sicherheitsebene. Mit <strong>duale Vaping-Modi<\/strong>-MTL bei 12W und DTL bei 24W - und eine <strong>verstellbares Luftstromsystem<\/strong>, k\u00f6nnen Sie Ihren Zug genau so personalisieren, wie Sie ihn m\u00f6gen. Verf\u00fcgbare Nikotinst\u00e4rken umfassen <strong>0%, 2%, 3% und 5%<\/strong>, zusammen mit <strong>12 aufregende Geschmacksrichtungen<\/strong> f\u00fcr jede Vorliebe. Ausgestattet mit <strong>Typ-C-Schnellladung<\/strong>, Die Bang 40000 minimiert die Ausfallzeiten und sorgt f\u00fcr einen reibungslosen Ablauf.<\/p>\n\n\n\n<h3 class=\"wp-block-heading\"><strong>Eigenschaften<\/strong><\/h3>\n\n\n\n<ul class=\"wp-block-list\">\n<li>Nikotingehalt: <strong>0%, 2%, 3%, 5%<\/strong><\/li>\n\n\n\n<li>Puff-Kapazit\u00e4t: <strong>Bis zu 40K Puffs<\/strong><\/li>\n\n\n\n<li>E-Fl\u00fcssigkeit Kapazit\u00e4t: <strong>10mL nachf\u00fcllbarer Tank<\/strong> (enth\u00e4lt eine E-Liquid-Flasche)<\/li>\n\n\n\n<li>Spulenwiderstand: <strong>1.0\u03a9 Dual Mesh Spule<\/strong><\/li>\n\n\n\n<li>Batteriebetrieb: <strong>750mAh<\/strong><\/li>\n\n\n\n<li>Intelligentes Display: Zeigt den Batteriestand und den F\u00fcllstand der E-Fl\u00fcssigkeit an<\/li>\n\n\n\n<li>Kindersicherung: <strong>Ja<\/strong>, Kindersicherung Sicherheit<\/li>\n\n\n\n<li>Zwei Vaping-Modi: <strong>MTL 12W \/ DTL 24W<\/strong><\/li>\n\n\n\n<li>Einstellbarer Luftstrom: Vollst\u00e4ndig anpassbar<\/li>\n\n\n\n<li>Schnelles Aufladen: <strong>Typ-C<\/strong><\/li>\n\n\n\n<li>Geschm\u00e4cker: <strong>12 Geschmacksrichtungen<\/strong><\/li>\n<\/ul>\n\n\n\n<h3 class=\"wp-block-heading\"><strong>Geschmacksliste<\/strong><\/h3>\n\n\n\n<ul class=\"wp-block-list\">\n<li>Wassermelone Eis<\/li>\n\n\n\n<li>Erdbeer-Mango<\/li>\n\n\n\n<li>Erdbeere Wassermelone<\/li>\n\n\n\n<li>Traubeneis<\/li>\n\n\n\n<li>Pfirsich Mango Wassermelone<\/li>\n\n\n\n<li>Heidelbeere-Himbeere<\/li>\n\n\n\n<li>Blaubeereis<\/li>\n\n\n\n<li>Erdbeere-Banane<\/li>\n\n\n\n<li>Heidelbeere Wassermelone<\/li>\n\n\n\n<li>Red Bull<\/li>\n\n\n\n<li>Erdbeer-Kiwi<\/li>\n\n\n\n<li>Gemischtes schimmeliges Obst<\/li>\n<\/ul>\n\n\n\n<p>Schlie\u00dfen Sie sich Tausenden von zufriedenen Vapern an, die Bang Ger\u00e4te lieben! Entdecke unser <a href=\"https:\/\/vapemaison.com\">Homepage<\/a> f\u00fcr Neuank\u00f6mmlinge, sehen Sie sich die <a href=\"https:\/\/vapemaison.com\/shop\">Shop<\/a> f\u00fcr das gesamte Sortiment oder erfahren Sie mehr \u00fcber die <a href=\"https:\/\/vapemaison.com\/brand\/bang\">Marke Bang<\/a> die in aller Munde sind. Entdecken Sie zur Abwechslung <a href=\"https:\/\/vapemaison.com\/brand\/humo-azul\/\">Humo Vape Markenkollektion<\/a> Produkte oder durchsuchen Sie alle <a href=\"https:\/\/vapemaison.com\/product-category\/puffs-count\/\">Puffs vapes<\/a> an einem Ort.<\/p>","protected":false},"excerpt":{"rendered":"<div id=\"model-response-message-contentr_6d2fc3a728b37b8c\" class=\"markdown markdown-main-panel stronger enable-updated-hr-color\" dir=\"ltr\" aria-live=\"polite\" aria-busy=\"false\">\n<p data-path-to-node=\"0\">Meistern Sie Ihr Vape mit dem <b data-path-to-node=\"0\" data-index-in-node=\"26\">Knall 40000<\/b>, ein vielseitiges Kraftpaket mit <b data-path-to-node=\"0\" data-index-in-node=\"71\">duale Vaping-Modi<\/b> (MTL bei 12W und DTL bei 24W) und eine 1,0\u03a9 Dual-Mesh-Spule f\u00fcr ultimative Geschmackskontrolle. Diese <b data-path-to-node=\"0\" data-index-in-node=\"177\">Nachf\u00fcllbar<\/b> Das Ger\u00e4t mit einer Kapazit\u00e4t von 40.000 Puffs verf\u00fcgt \u00fcber eine intelligente LED-Anzeige, eine integrierte Kindersicherung und einen einstellbaren Luftstrom, mit dem Sie Ihr Erlebnis ganz individuell gestalten k\u00f6nnen. Bestellen Sie Ihr Ger\u00e4t noch heute und sichern Sie sich das Neueste in Sachen Sicherheit und Leistung mit unserer Schnellversandgarantie.<\/p>\n<\/div>","protected":false},"featured_media":16407,"comment_status":"open","ping_status":"closed","template":"","meta":[],"product_brand":[57],"product_cat":[135],"product_tag":[],"class_list":{"0":"post-16354","1":"product","2":"type-product","3":"status-publish","4":"has-post-thumbnail","6":"product_brand-bang","7":"product_cat-40k-puffs","9":"first","10":"instock","11":"sale","12":"shipping-taxable","13":"purchasable","14":"product-type-variable"},"yoast_head":"<!-- This site is optimized with the Yoast SEO plugin v27.4 - https:\/\/yoast.com\/product\/yoast-seo-wordpress\/ -->\n<title>Bang 40000 Vape \u2013 40K Puffs Refillable LED Display Device<\/title>\n<meta name=\"description\" content=\"Experience the Bang 40000 with 40K puffs, refillable 10mL tank, dual mesh coil, LED display, dual vaping modes, Type-C charging, and 12 amazing flavors.\" \/>\n<meta name=\"robots\" content=\"index, follow, max-snippet:-1, max-image-preview:large, max-video-preview:-1\" \/>\n<link rel=\"canonical\" href=\"https:\/\/vapemaison.com\/de\/product\/bang-40000-40k-puffs-vape-led-digital-display\/\" \/>\n<meta property=\"og:locale\" content=\"de_DE\" \/>\n<meta property=\"og:type\" content=\"article\" \/>\n<meta property=\"og:title\" content=\"Bang 40000 Vape \u2013 40K Puffs Refillable LED Display Device\" \/>\n<meta property=\"og:description\" content=\"Experience the Bang 40000 with 40K puffs, refillable 10mL tank, dual mesh coil, LED display, dual vaping modes, Type-C charging, and 12 amazing flavors.\" \/>\n<meta property=\"og:url\" content=\"https:\/\/vapemaison.com\/de\/product\/bang-40000-40k-puffs-vape-led-digital-display\/\" \/>\n<meta property=\"og:site_name\" content=\"VapeMaison\" \/>\n<meta property=\"article:modified_time\" content=\"2025-12-22T09:51:52+00:00\" \/>\n<meta property=\"og:image\" content=\"https:\/\/vapemaison.com\/wp-content\/uploads\/2025\/12\/vape-bang-40000-40k-puffs-peach-mango-watermelon-654x690.jpg.webp\" \/>\n\t<meta property=\"og:image:width\" content=\"654\" \/>\n\t<meta property=\"og:image:height\" content=\"690\" \/>\n\t<meta property=\"og:image:type\" content=\"image\/webp\" \/>\n<meta name=\"twitter:card\" content=\"summary_large_image\" \/>\n<meta name=\"twitter:label1\" content=\"Gesch\u00e4tzte Lesezeit\" \/>\n\t<meta name=\"twitter:data1\" content=\"2\u00a0Minuten\" \/>\n<!-- \/ Yoast SEO plugin. -->","yoast_head_json":{"title":"Bang 40000 Vape - 40K Puffs Nachf\u00fcllbare LED Display Ger\u00e4t","description":"Erleben Sie die Bang 40000 mit 40K Puffs, nachf\u00fcllbarem 10mL-Tank, Dual-Mesh-Spule, LED-Anzeige, zwei Vaping-Modi, Typ-C-Ladung und 12 erstaunlichen Geschmacksrichtungen.","robots":{"index":"index","follow":"follow","max-snippet":"max-snippet:-1","max-image-preview":"max-image-preview:large","max-video-preview":"max-video-preview:-1"},"canonical":"https:\/\/vapemaison.com\/de\/product\/bang-40000-40k-puffs-vape-led-digital-display\/","og_locale":"de_DE","og_type":"article","og_title":"Bang 40000 Vape \u2013 40K Puffs Refillable LED Display Device","og_description":"Experience the Bang 40000 with 40K puffs, refillable 10mL tank, dual mesh coil, LED display, dual vaping modes, Type-C charging, and 12 amazing flavors.","og_url":"https:\/\/vapemaison.com\/de\/product\/bang-40000-40k-puffs-vape-led-digital-display\/","og_site_name":"VapeMaison","article_modified_time":"2025-12-22T09:51:52+00:00","og_image":[{"width":654,"height":690,"url":"https:\/\/vapemaison.com\/wp-content\/uploads\/2025\/12\/vape-bang-40000-40k-puffs-peach-mango-watermelon-654x690.jpg.webp","type":"image\/webp"}],"twitter_card":"summary_large_image","twitter_misc":{"Gesch\u00e4tzte Lesezeit":"2\u00a0Minuten"},"schema":{"@context":"https:\/\/schema.org","@graph":[{"@type":"WebPage","@id":"https:\/\/vapemaison.com\/product\/bang-40000-40k-puffs-vape-led-digital-display\/","url":"https:\/\/vapemaison.com\/product\/bang-40000-40k-puffs-vape-led-digital-display\/","name":"Bang 40000 Vape - 40K Puffs Nachf\u00fcllbare LED Display Ger\u00e4t","isPartOf":{"@id":"https:\/\/vapemaison.com\/#website"},"primaryImageOfPage":{"@id":"https:\/\/vapemaison.com\/product\/bang-40000-40k-puffs-vape-led-digital-display\/#primaryimage"},"image":{"@id":"https:\/\/vapemaison.com\/product\/bang-40000-40k-puffs-vape-led-digital-display\/#primaryimage"},"thumbnailUrl":"https:\/\/vapemaison.com\/wp-content\/uploads\/2025\/12\/vape-bang-40000-40k-puffs-peach-mango-watermelon-654x690.jpg.webp","datePublished":"2025-12-09T05:38:21+00:00","dateModified":"2025-12-22T09:51:52+00:00","description":"Erleben Sie die Bang 40000 mit 40K Puffs, nachf\u00fcllbarem 10mL-Tank, Dual-Mesh-Spule, LED-Anzeige, zwei Vaping-Modi, Typ-C-Ladung und 12 erstaunlichen Geschmacksrichtungen.","breadcrumb":{"@id":"https:\/\/vapemaison.com\/product\/bang-40000-40k-puffs-vape-led-digital-display\/#breadcrumb"},"inLanguage":"de","potentialAction":[{"@type":"ReadAction","target":["https:\/\/vapemaison.com\/product\/bang-40000-40k-puffs-vape-led-digital-display\/"]}]},{"@type":"ImageObject","inLanguage":"de","@id":"https:\/\/vapemaison.com\/product\/bang-40000-40k-puffs-vape-led-digital-display\/#primaryimage","url":"https:\/\/vapemaison.com\/wp-content\/uploads\/2025\/12\/vape-bang-40000-40k-puffs-peach-mango-watermelon-654x690.jpg.webp","contentUrl":"https:\/\/vapemaison.com\/wp-content\/uploads\/2025\/12\/vape-bang-40000-40k-puffs-peach-mango-watermelon-654x690.jpg.webp","width":654,"height":690,"caption":"Vape Bang 40k Puffs Peach Mango Watermelon 654x690.jpg"},{"@type":"BreadcrumbList","@id":"https:\/\/vapemaison.com\/product\/bang-40000-40k-puffs-vape-led-digital-display\/#breadcrumb","itemListElement":[{"@type":"ListItem","position":1,"name":"\u9996\u9875","item":"https:\/\/vapemaison.com\/"},{"@type":"ListItem","position":2,"name":"Shop","item":"https:\/\/vapemaison.com\/shop\/"},{"@type":"ListItem","position":3,"name":"Bang","item":"https:\/\/vapemaison.com\/brand\/bang\/"},{"@type":"ListItem","position":4,"name":"Bang 40000 40K Puffs Vape LED Digital Display"}]},{"@type":"WebSite","@id":"https:\/\/vapemaison.com\/#website","url":"https:\/\/vapemaison.com\/","name":"VapeMaison","description":"Premium Vaping-Ger\u00e4te und Zubeh\u00f6r","publisher":{"@id":"https:\/\/vapemaison.com\/#organization"},"potentialAction":[{"@type":"SearchAction","target":{"@type":"EntryPoint","urlTemplate":"https:\/\/vapemaison.com\/?s={search_term_string}"},"query-input":{"@type":"PropertyValueSpecification","valueRequired":true,"valueName":"search_term_string"}}],"inLanguage":"de"},{"@type":"Organization","@id":"https:\/\/vapemaison.com\/#organization","name":"VapeMaison","url":"https:\/\/vapemaison.com\/","logo":{"@type":"ImageObject","inLanguage":"de","@id":"https:\/\/vapemaison.com\/#\/schema\/logo\/image\/","url":"https:\/\/vapemaison.com\/wp-content\/uploads\/2026\/01\/cropped-vapemaison-logo-g-2026.webp","contentUrl":"https:\/\/vapemaison.com\/wp-content\/uploads\/2026\/01\/cropped-vapemaison-logo-g-2026.webp","width":350,"height":280,"caption":"VapeMaison"},"image":{"@id":"https:\/\/vapemaison.com\/#\/schema\/logo\/image\/"},"sameAs":["https:\/\/www.youtube.com\/@VapeMaison"]}]}},"tiered_pricing_type":"fixed","tiered_pricing_fixed_rules":{"30":"11.45","50":"10.99","100":"9.99","200":"8.99"},"tiered_pricing_product_settings":{"layout":"default","base_unit_name":{"singular":null,"plural":null},"default_variation":null},"tiered_pricing_minimum_quantity":10,"tiered_pricing_roles_data":[],"tiered_pricing_percentage_rules":[],"tiered_pricing_maximum_quantity":null,"tiered_pricing_quantity_step":"10","_links":{"self":[{"href":"https:\/\/vapemaison.com\/de\/wp-json\/wp\/v2\/product\/16354","targetHints":{"allow":["GET"]}}],"collection":[{"href":"https:\/\/vapemaison.com\/de\/wp-json\/wp\/v2\/product"}],"about":[{"href":"https:\/\/vapemaison.com\/de\/wp-json\/wp\/v2\/types\/product"}],"replies":[{"embeddable":true,"href":"https:\/\/vapemaison.com\/de\/wp-json\/wp\/v2\/comments?post=16354"}],"version-history":[{"count":0,"href":"https:\/\/vapemaison.com\/de\/wp-json\/wp\/v2\/product\/16354\/revisions"}],"wp:featuredmedia":[{"embeddable":true,"href":"https:\/\/vapemaison.com\/de\/wp-json\/wp\/v2\/media\/16407"}],"wp:attachment":[{"href":"https:\/\/vapemaison.com\/de\/wp-json\/wp\/v2\/media?parent=16354"}],"wp:term":[{"taxonomy":"product_brand","embeddable":true,"href":"https:\/\/vapemaison.com\/de\/wp-json\/wp\/v2\/product_brand?post=16354"},{"taxonomy":"product_cat","embeddable":true,"href":"https:\/\/vapemaison.com\/de\/wp-json\/wp\/v2\/product_cat?post=16354"},{"taxonomy":"product_tag","embeddable":true,"href":"https:\/\/vapemaison.com\/de\/wp-json\/wp\/v2\/product_tag?post=16354"}],"curies":[{"name":"wp","href":"https:\/\/api.w.org\/{rel}","templated":true}]}}