

{"id":16442,"date":"2025-12-09T07:31:45","date_gmt":"2025-12-09T07:31:45","guid":{"rendered":"https:\/\/vapemaison.com\/?post_type=product&#038;p=16442"},"modified":"2025-12-22T09:51:28","modified_gmt":"2025-12-22T09:51:28","slug":"bang-blaze-40k-puffs-2-5-nikotin","status":"publish","type":"product","link":"https:\/\/vapemaison.com\/de\/product\/bang-blaze-40k-puffs-2-5-nicotine\/","title":{"rendered":"Bang Blaze 40k Puffs 2% 5% Nikotin"},"content":{"rendered":"<p>Die <strong>Bang Blaze 40k Puffs<\/strong> Einwegverdampfer wurde f\u00fcr Benutzer entwickelt, die eine maximale Anzahl von Puffs, eine starke Geschmacksleistung und die Freiheit, jedes beliebige E-Liquid nachzuf\u00fcllen, w\u00fcnschen. Mit einer massiven Puff-Kapazit\u00e4t und fortschrittliche Mesh-Spule Design, bringt dieses Ger\u00e4t sowohl Langlebigkeit und Premium-Geschmack in einem einzigen nachf\u00fcllbaren Einweg-System.<\/p>\n\n\n\n<p>Wenn Sie neu in unserem Shop sind, erkunden Sie doch einfach unsere <strong><a href=\"https:\/\/vapemaison.com\/product-category\/hot-series\/\">Bestseller<\/a><\/strong> oder erfahren Sie mehr \u00fcber unser <strong><a href=\"https:\/\/vapemaison.com\/brand\/bang\/\">Bang Vape Kollektion<\/a><\/strong> f\u00fcr verwandte Produkte.<\/p>\n\n\n\n<h2 class=\"wp-block-heading\"><strong>Bang Blaze 40k Puffs Merkmale &amp; Leistung<\/strong><\/h2>\n\n\n\n<p>Gebaut mit einer <strong>1000mAh wiederaufladbare Batterie<\/strong> und <strong>Typ-C-Schnellladung<\/strong>, Der Bang Blaze 40K bietet zuverl\u00e4ssige Leistung und schnelle Aufladezyklen. Sein <strong>Spule mit 0,6\u03a9 Maschenweite<\/strong> liefert reichhaltigeren Dampf, einen gleichm\u00e4\u00dfigeren Luftstrom und konstante Leistung, auch nach mehrmaligem Nachf\u00fcllen.<\/p>\n\n\n\n<p>Dieses Ger\u00e4t unterst\u00fctzt <strong>40mL e-Fl\u00fcssigkeit Kapazit\u00e4t<\/strong> und bietet <strong>2% und 5% Nikotinst\u00e4rke<\/strong>, und erm\u00f6glicht es dem Nutzer, sein Dampferlebnis fein abzustimmen. Egal, ob Sie einen starken Zug oder einen sanfteren, leichteren Zug bevorzugen, der Bang Blaze 40000 Puffs gew\u00e4hrleistet eine vollst\u00e4ndige Anpassung.<\/p>\n\n\n\n<p>F\u00fcr weitere Informationen \u00fcber Einweg-Vape-Standards, k\u00f6nnen Sie auch \u00fcberpr\u00fcfen, seri\u00f6se Ressourcen wie <strong>die offizielle Website des Herstellers<\/strong> oder <strong>unabh\u00e4ngige Vaping-F\u00fchrer<\/strong><\/p>\n\n\n\n<h2 class=\"wp-block-heading\"><strong>Warum Bang Blaze 40k Puffs w\u00e4hlen?<\/strong><\/h2>\n\n\n\n<p>Der Bang Blaze 40K zeichnet sich durch seine Kombination aus:<\/p>\n\n\n\n<ul class=\"wp-block-list\">\n<li>Massiv <strong>40.000 Pusteblumen<\/strong> Lebenserwartung<\/li>\n\n\n\n<li><strong>Nachf\u00fcllbares \u00d6lsystem<\/strong> f\u00fcr endlose Geschmacksfreiheit<\/li>\n\n\n\n<li><strong>Mesh-Spulen-Technologie<\/strong> f\u00fcr kr\u00e4ftigen Geschmack<\/li>\n\n\n\n<li><strong>Typ-C-Schnellladung<\/strong><\/li>\n\n\n\n<li><strong>Gro\u00dfes Fassungsverm\u00f6gen von 40mL<\/strong><\/li>\n\n\n\n<li><strong>Nikotin-Optionen: 2% \/ 5%<\/strong><\/li>\n<\/ul>\n\n\n\n<p>Das macht ihn ideal f\u00fcr Langzeitnutzer, Vieldampfer und alle, die ein anpassbares Einwegger\u00e4t suchen.<\/p>\n\n\n\n<h3 class=\"wp-block-heading\"><strong>Eigenschaften<\/strong><\/h3>\n\n\n\n<figure class=\"wp-block-table\"><table class=\"has-fixed-layout\"><thead><tr><th><strong>Merkmal<\/strong><\/th><th><strong>Einzelheiten<\/strong><\/th><\/tr><\/thead><tbody><tr><td><strong>Puffs<\/strong><\/td><td>Bis zu 40.000 Z\u00fcge<\/td><\/tr><tr><td><strong>Spule<\/strong><\/td><td>0,6\u03a9 Masche Spule<\/td><\/tr><tr><td><strong>E-Fl\u00fcssigkeit<\/strong><\/td><td>40mL<\/td><\/tr><tr><td><strong>Nikotin<\/strong><\/td><td>2% \/ 5%<\/td><\/tr><tr><td><strong>Batterie<\/strong><\/td><td>1000mAh Wiederaufladbar<\/td><\/tr><tr><td><strong>Aufladen<\/strong><\/td><td>Typ-C-Schnellaufladung<\/td><\/tr><tr><td><strong>Gestaltung<\/strong><\/td><td>Nachf\u00fcllbares \u00d6lsystem<\/td><\/tr><tr><td><strong>Geschm\u00e4cker<\/strong><\/td><td>12 Geschmacksrichtungen verf\u00fcgbar<\/td><\/tr><\/tbody><\/table><\/figure>\n\n\n\n<h3 class=\"wp-block-heading\"><strong>Verf\u00fcgbare Geschmacksrichtungen<\/strong><\/h3>\n\n\n\n<ul class=\"wp-block-list\">\n<li>Wassermelone<\/li>\n\n\n\n<li>Wassermelone-Erdbeere<\/li>\n\n\n\n<li>Pina Colada<\/li>\n\n\n\n<li>Erdbeereis<\/li>\n\n\n\n<li>Red Bull<\/li>\n\n\n\n<li>Pfirsich-Eis<\/li>\n\n\n\n<li>Blaubeereis<\/li>\n\n\n\n<li>Heidelbeere-Himbeere<\/li>\n\n\n\n<li>Kirschbl\u00fctentrauben<\/li>\n\n\n\n<li>Doppelte \u00c4pfel<\/li>\n\n\n\n<li>Gemischtes Obst<\/li>\n\n\n\n<li>Mango Pfirsich<\/li>\n<\/ul>\n\n\n\n<p>Schlie\u00dfen Sie sich Tausenden von zufriedenen Vapern an, die Bang Ger\u00e4te lieben! Entdecke unser <a href=\"https:\/\/vapemaison.com\">Homepage<\/a> f\u00fcr Neuank\u00f6mmlinge, sehen Sie sich die <a href=\"https:\/\/vapemaison.com\/shop\">Shop<\/a> f\u00fcr das gesamte Sortiment oder erfahren Sie mehr \u00fcber die <a href=\"https:\/\/vapemaison.com\/brand\/bang\">Marke Bang<\/a> die in aller Munde sind. Entdecken Sie zur Abwechslung <a href=\"https:\/\/vapemaison.com\/brand\/humo-azul\/\">Humo Vape Markenkollektion<\/a> Produkte oder durchsuchen Sie alle <a href=\"https:\/\/vapemaison.com\/product-category\/puffs-count\/\">Puffs vapes<\/a> an einem Ort.<\/p>","protected":false},"excerpt":{"rendered":"<div id=\"model-response-message-contentr_9c475cc880d901e2\" class=\"markdown markdown-main-panel stronger enable-updated-hr-color\" dir=\"ltr\" aria-live=\"polite\" aria-busy=\"false\">\n<p data-path-to-node=\"0\">Maximieren Sie Ihre Vaping-Freiheit mit dem <b data-path-to-node=\"0\" data-index-in-node=\"38\">Bang Blaze 40K<\/b>, mit einer einzigartigen <b data-path-to-node=\"0\" data-index-in-node=\"73\">Nachf\u00fcllbares \u00d6lsystem<\/b> und eine enorme Lebensdauer von 40.000 Puffs f\u00fcr ultimative Anpassungen. Entwickelt mit einer <b data-path-to-node=\"0\" data-index-in-node=\"176\">Spule mit 0,6\u03a9 Maschenweite<\/b> und einem robusten 1000mAh-Akku liefert er mit jeder Nachf\u00fcllung kraftvollen Geschmack und dichten Dampf - bestellen Sie noch heute, um endlose Geschmacksm\u00f6glichkeiten zu genie\u00dfen und sich unser aktuelles Schnellversandangebot zu sichern.<\/p>\n<\/div>","protected":false},"featured_media":16445,"comment_status":"open","ping_status":"closed","template":"","meta":[],"product_brand":[57],"product_cat":[135],"product_tag":[],"class_list":{"0":"post-16442","1":"product","2":"type-product","3":"status-publish","4":"has-post-thumbnail","6":"product_brand-bang","7":"product_cat-40k-puffs","9":"first","10":"instock","11":"sale","12":"shipping-taxable","13":"purchasable","14":"product-type-variable"},"yoast_head":"<!-- This site is optimized with the Yoast SEO plugin v27.4 - https:\/\/yoast.com\/product\/yoast-seo-wordpress\/ -->\n<title>Bang Blaze 40k Puffs \u2013 Refillable Mesh Coil Disposable Vape - VapeMaison<\/title>\n<meta name=\"description\" content=\"Experience the Bang Blaze 40k Puffs, a refillable disposable vape with a 0.6\u03a9 mesh coil,and 12 flavor options. Long-lasting, powerful, and customizable.\" \/>\n<meta name=\"robots\" content=\"index, follow, max-snippet:-1, max-image-preview:large, max-video-preview:-1\" \/>\n<link rel=\"canonical\" href=\"https:\/\/vapemaison.com\/de\/product\/bang-blaze-40k-puffs-2-5-nikotin\/\" \/>\n<meta property=\"og:locale\" content=\"de_DE\" \/>\n<meta property=\"og:type\" content=\"article\" \/>\n<meta property=\"og:title\" content=\"Bang Blaze 40k Puffs \u2013 Refillable Mesh Coil Disposable Vape - VapeMaison\" \/>\n<meta property=\"og:description\" content=\"Experience the Bang Blaze 40k Puffs, a refillable disposable vape with a 0.6\u03a9 mesh coil,and 12 flavor options. Long-lasting, powerful, and customizable.\" \/>\n<meta property=\"og:url\" content=\"https:\/\/vapemaison.com\/de\/product\/bang-blaze-40k-puffs-2-5-nikotin\/\" \/>\n<meta property=\"og:site_name\" content=\"VapeMaison\" \/>\n<meta property=\"article:modified_time\" content=\"2025-12-22T09:51:28+00:00\" \/>\n<meta property=\"og:image\" content=\"https:\/\/vapemaison.com\/wp-content\/uploads\/2025\/12\/vape-bang-blaze-40k-oil-40000-puffs-mixed-fruit-654x690.jpg.webp\" \/>\n\t<meta property=\"og:image:width\" content=\"654\" \/>\n\t<meta property=\"og:image:height\" content=\"690\" \/>\n\t<meta property=\"og:image:type\" content=\"image\/webp\" \/>\n<meta name=\"twitter:card\" content=\"summary_large_image\" \/>\n<meta name=\"twitter:label1\" content=\"Gesch\u00e4tzte Lesezeit\" \/>\n\t<meta name=\"twitter:data1\" content=\"2\u00a0Minuten\" \/>\n<!-- \/ Yoast SEO plugin. -->","yoast_head_json":{"title":"Bang Blaze 40k Puffs - Nachf\u00fcllbare Mesh Coil Einweg Vape - VapeMaison","description":"Erleben Sie die Bang Blaze 40k Puffs, eine nachf\u00fcllbare Einwegverdampfer mit einem 0,6\u03a9 Mesh Coil, und 12 Geschmacksoptionen. Langlebig, leistungsstark und anpassbar.","robots":{"index":"index","follow":"follow","max-snippet":"max-snippet:-1","max-image-preview":"max-image-preview:large","max-video-preview":"max-video-preview:-1"},"canonical":"https:\/\/vapemaison.com\/de\/product\/bang-blaze-40k-puffs-2-5-nikotin\/","og_locale":"de_DE","og_type":"article","og_title":"Bang Blaze 40k Puffs \u2013 Refillable Mesh Coil Disposable Vape - VapeMaison","og_description":"Experience the Bang Blaze 40k Puffs, a refillable disposable vape with a 0.6\u03a9 mesh coil,and 12 flavor options. Long-lasting, powerful, and customizable.","og_url":"https:\/\/vapemaison.com\/de\/product\/bang-blaze-40k-puffs-2-5-nikotin\/","og_site_name":"VapeMaison","article_modified_time":"2025-12-22T09:51:28+00:00","og_image":[{"width":654,"height":690,"url":"https:\/\/vapemaison.com\/wp-content\/uploads\/2025\/12\/vape-bang-blaze-40k-oil-40000-puffs-mixed-fruit-654x690.jpg.webp","type":"image\/webp"}],"twitter_card":"summary_large_image","twitter_misc":{"Gesch\u00e4tzte Lesezeit":"2\u00a0Minuten"},"schema":{"@context":"https:\/\/schema.org","@graph":[{"@type":"WebPage","@id":"https:\/\/vapemaison.com\/product\/bang-blaze-40k-puffs-2-5-nicotine\/","url":"https:\/\/vapemaison.com\/product\/bang-blaze-40k-puffs-2-5-nicotine\/","name":"Bang Blaze 40k Puffs - Nachf\u00fcllbare Mesh Coil Einweg Vape - VapeMaison","isPartOf":{"@id":"https:\/\/vapemaison.com\/#website"},"primaryImageOfPage":{"@id":"https:\/\/vapemaison.com\/product\/bang-blaze-40k-puffs-2-5-nicotine\/#primaryimage"},"image":{"@id":"https:\/\/vapemaison.com\/product\/bang-blaze-40k-puffs-2-5-nicotine\/#primaryimage"},"thumbnailUrl":"https:\/\/vapemaison.com\/wp-content\/uploads\/2025\/12\/vape-bang-blaze-40k-oil-40000-puffs-mixed-fruit-654x690.jpg.webp","datePublished":"2025-12-09T07:31:45+00:00","dateModified":"2025-12-22T09:51:28+00:00","description":"Erleben Sie die Bang Blaze 40k Puffs, eine nachf\u00fcllbare Einwegverdampfer mit einem 0,6\u03a9 Mesh Coil, und 12 Geschmacksoptionen. Langlebig, leistungsstark und anpassbar.","breadcrumb":{"@id":"https:\/\/vapemaison.com\/product\/bang-blaze-40k-puffs-2-5-nicotine\/#breadcrumb"},"inLanguage":"de","potentialAction":[{"@type":"ReadAction","target":["https:\/\/vapemaison.com\/product\/bang-blaze-40k-puffs-2-5-nicotine\/"]}]},{"@type":"ImageObject","inLanguage":"de","@id":"https:\/\/vapemaison.com\/product\/bang-blaze-40k-puffs-2-5-nicotine\/#primaryimage","url":"https:\/\/vapemaison.com\/wp-content\/uploads\/2025\/12\/vape-bang-blaze-40k-oil-40000-puffs-mixed-fruit-654x690.jpg.webp","contentUrl":"https:\/\/vapemaison.com\/wp-content\/uploads\/2025\/12\/vape-bang-blaze-40k-oil-40000-puffs-mixed-fruit-654x690.jpg.webp","width":654,"height":690,"caption":"Vape Bang Blaze 40k Oil Puffs Mixed Fruit 654x690.jpg"},{"@type":"BreadcrumbList","@id":"https:\/\/vapemaison.com\/product\/bang-blaze-40k-puffs-2-5-nicotine\/#breadcrumb","itemListElement":[{"@type":"ListItem","position":1,"name":"\u9996\u9875","item":"https:\/\/vapemaison.com\/"},{"@type":"ListItem","position":2,"name":"Shop","item":"https:\/\/vapemaison.com\/shop\/"},{"@type":"ListItem","position":3,"name":"Bang","item":"https:\/\/vapemaison.com\/brand\/bang\/"},{"@type":"ListItem","position":4,"name":"Bang Blaze 40k Puffs 2% 5% Nicotine"}]},{"@type":"WebSite","@id":"https:\/\/vapemaison.com\/#website","url":"https:\/\/vapemaison.com\/","name":"VapeMaison","description":"Premium Vaping-Ger\u00e4te und Zubeh\u00f6r","publisher":{"@id":"https:\/\/vapemaison.com\/#organization"},"potentialAction":[{"@type":"SearchAction","target":{"@type":"EntryPoint","urlTemplate":"https:\/\/vapemaison.com\/?s={search_term_string}"},"query-input":{"@type":"PropertyValueSpecification","valueRequired":true,"valueName":"search_term_string"}}],"inLanguage":"de"},{"@type":"Organization","@id":"https:\/\/vapemaison.com\/#organization","name":"VapeMaison","url":"https:\/\/vapemaison.com\/","logo":{"@type":"ImageObject","inLanguage":"de","@id":"https:\/\/vapemaison.com\/#\/schema\/logo\/image\/","url":"https:\/\/vapemaison.com\/wp-content\/uploads\/2026\/01\/cropped-vapemaison-logo-g-2026.webp","contentUrl":"https:\/\/vapemaison.com\/wp-content\/uploads\/2026\/01\/cropped-vapemaison-logo-g-2026.webp","width":350,"height":280,"caption":"VapeMaison"},"image":{"@id":"https:\/\/vapemaison.com\/#\/schema\/logo\/image\/"},"sameAs":["https:\/\/www.youtube.com\/@VapeMaison"]}]}},"tiered_pricing_type":"fixed","tiered_pricing_fixed_rules":{"30":"10.63","50":"9.72","100":"8.99","200":"7.99"},"tiered_pricing_product_settings":{"layout":"default","base_unit_name":{"singular":null,"plural":null},"default_variation":null},"tiered_pricing_minimum_quantity":10,"tiered_pricing_roles_data":[],"tiered_pricing_percentage_rules":[],"tiered_pricing_maximum_quantity":null,"tiered_pricing_quantity_step":"10","_links":{"self":[{"href":"https:\/\/vapemaison.com\/de\/wp-json\/wp\/v2\/product\/16442","targetHints":{"allow":["GET"]}}],"collection":[{"href":"https:\/\/vapemaison.com\/de\/wp-json\/wp\/v2\/product"}],"about":[{"href":"https:\/\/vapemaison.com\/de\/wp-json\/wp\/v2\/types\/product"}],"replies":[{"embeddable":true,"href":"https:\/\/vapemaison.com\/de\/wp-json\/wp\/v2\/comments?post=16442"}],"version-history":[{"count":0,"href":"https:\/\/vapemaison.com\/de\/wp-json\/wp\/v2\/product\/16442\/revisions"}],"wp:featuredmedia":[{"embeddable":true,"href":"https:\/\/vapemaison.com\/de\/wp-json\/wp\/v2\/media\/16445"}],"wp:attachment":[{"href":"https:\/\/vapemaison.com\/de\/wp-json\/wp\/v2\/media?parent=16442"}],"wp:term":[{"taxonomy":"product_brand","embeddable":true,"href":"https:\/\/vapemaison.com\/de\/wp-json\/wp\/v2\/product_brand?post=16442"},{"taxonomy":"product_cat","embeddable":true,"href":"https:\/\/vapemaison.com\/de\/wp-json\/wp\/v2\/product_cat?post=16442"},{"taxonomy":"product_tag","embeddable":true,"href":"https:\/\/vapemaison.com\/de\/wp-json\/wp\/v2\/product_tag?post=16442"}],"curies":[{"name":"wp","href":"https:\/\/api.w.org\/{rel}","templated":true}]}}