

{"id":16479,"date":"2025-12-09T10:32:01","date_gmt":"2025-12-09T10:32:01","guid":{"rendered":"https:\/\/vapemaison.com\/?post_type=product&#038;p=16479"},"modified":"2026-03-23T02:32:45","modified_gmt":"2026-03-23T02:32:45","slug":"bang-king-shisha-25000-puffs","status":"publish","type":"product","link":"https:\/\/vapemaison.com\/de\/product\/bang-king-shisha-25000-puffs\/","title":{"rendered":"Bang King Shisha 25000 Z\u00fcge Einweg Vape Pen"},"content":{"rendered":"<p><strong>Bang King Shisha 25000 Puffs LED Display Leder Einweg Vape - Style Meets Power<\/strong><\/p>\n\n\n\n<p>Erleben Sie den ultimativen Einweg-Vaporizer mit dem <strong>Bang King Shisha 25000 Z\u00fcge<\/strong>, eine perfekte Mischung aus Eleganz, Leistung und Komfort. Mit seinem eleganten Leder-Finish ist dieses Premium-Ger\u00e4t f\u00fcr langanhaltendes Vergn\u00fcgen konzipiert, ohne Kompromisse beim Stil einzugehen.<\/p>\n\n\n\n<p>Mit <strong>bis zu 25.000 Z\u00fcge<\/strong>, Die Bang King Shisha garantiert eine lange Nutzungsdauer und bietet gleichzeitig <strong>Nikotinst\u00e4rken 2%, 3% und 5%<\/strong> f\u00fcr jede Vorliebe. Seine gro\u00dfz\u00fcgige <strong>30ml e-Fl\u00fcssigkeit Kapazit\u00e4t<\/strong> und <strong>fortschrittliche 0,6-\u03a9-Maschenspule<\/strong> liefern reichhaltigen, weichen Dampf und intensiven Geschmack vom ersten Zug an.<\/p>\n\n\n\n<p>Angetrieben von einem <strong>650mAh wiederaufladbare Batterie<\/strong> mit <strong>Typ-C-Schnellladung<\/strong>, So wird die Ausfallzeit minimiert und Sie k\u00f6nnen den ganzen Tag dampfen. Die <strong>LED-Anzeige<\/strong> liefert Batterieinformationen in Echtzeit, so dass Sie immer die Kontrolle haben.<\/p>\n\n\n\n<p>Verf\u00fcgbar in <strong>12 verschiedene Geschmacksrichtungen<\/strong> Die Bang King Shisha mit ihrem luxuri\u00f6sen Lederdesign vereint Vielfalt, Eleganz und hohe Leistung. Jede Packung enth\u00e4lt <strong>10 Ger\u00e4te<\/strong>, Damit ist sie ideal f\u00fcr alle, die ein erstklassiges Dampferlebnis w\u00fcnschen.<\/p>\n\n\n\n<p>Verbessern Sie Ihr Vape-Spiel mit dem <strong>Bang King Shisha 25000 Z\u00fcge<\/strong> - wo Stil, Leistung und Vielseitigkeit zusammenkommen.<\/p>\n\n\n\n<h5 class=\"wp-block-heading\"><strong>Eigenschaften\uff1a<\/strong><\/h5>\n\n\n\n<ul class=\"wp-block-list\">\n<li>Nicotine:2%\/3%\/5%<\/li>\n\n\n\n<li>Puffs\uff1a25000 Puffs<\/li>\n\n\n\n<li>Akku: 650 mAh<\/li>\n\n\n\n<li>Fassungsverm\u00f6gen\uff1a30ML<\/li>\n\n\n\n<li>Widerstand\uff1a0,6 \u03a9 Netzspule<\/li>\n\n\n\n<li>Wiederaufladbar\uff1atype-C<\/li>\n\n\n\n<li>Einwegger\u00e4t<\/li>\n\n\n\n<li>12 Geschmacksrichtungen verf\u00fcgbar<\/li>\n\n\n\n<li>10 St\u00fcck in einem Displaykarton.<\/li>\n<\/ul>\n\n\n\n<h5 class=\"wp-block-heading\"><strong><br>Geschmacksliste\uff1a<\/strong><\/h5>\n\n\n\n<ol class=\"wp-block-list\">\n<li>Vimto Stier<\/li>\n\n\n\n<li>Cush Mann<\/li>\n\n\n\n<li>Heidelbeere Traube<\/li>\n\n\n\n<li>Blaue Himbeere-Zitrone<\/li>\n\n\n\n<li>Zitronenlimonade Kirsche<\/li>\n\n\n\n<li>Blaubeere-Sauer-Himbeere<\/li>\n\n\n\n<li>Shisha-Zitrone-Minze<\/li>\n\n\n\n<li>Doppelter Apfel<\/li>\n\n\n\n<li>Pfirsich-Eis<\/li>\n\n\n\n<li>Wassermelone Eis<\/li>\n\n\n\n<li>B\u00f6ses Blut<\/li>\n\n\n\n<li>Wassermelone Honigtau Passionsfrucht<\/li>\n<\/ol>\n\n\n\n<p>Schlie\u00dfen Sie sich Tausenden von zufriedenen Vapern an, die Bang Ger\u00e4te lieben! Entdecke unser <a href=\"https:\/\/vapemaison.com\">Homepage<\/a> f\u00fcr Neuank\u00f6mmlinge, sehen Sie sich die <a href=\"https:\/\/vapemaison.com\/shop\">Shop<\/a> f\u00fcr das gesamte Sortiment oder erfahren Sie mehr \u00fcber die <a href=\"https:\/\/vapemaison.com\/brand\/bang\">Marke Bang<\/a> die in aller Munde sind. Entdecken Sie zur Abwechslung <a href=\"https:\/\/vapemaison.com\/brand\/humo-azul\/\">Humo Vape Markenkollektion<\/a> Produkte oder durchsuchen Sie alle <a href=\"https:\/\/vapemaison.com\/product-category\/puffs-count\/\">Puffs vapes<\/a> an einem Ort.<\/p>","protected":false},"excerpt":{"rendered":"<p><span class=\"\">Erh\u00f6hen Sie Ihr Dampferlebnis mit dem <\/span><b class=\"\" data-path-to-node=\"0\" data-index-in-node=\"40\">Bang King Shisha 25000<\/b><span class=\"\">,<\/span><span class=\"\"> mit einem luxuri\u00f6sen <\/span><b class=\"\" data-path-to-node=\"0\" data-index-in-node=\"86\">Lederausstattung<\/b><span class=\"\"> und eine leistungsstarke <\/span><b data-path-to-node=\"0\" data-index-in-node=\"124\">Spule mit 0,6\u03a9 Maschenweite<\/b> f\u00fcr reichhaltigen, weichen Dampf. Mit einem gro\u00dfz\u00fcgigen 30mL Fassungsverm\u00f6gen und einem integrierten <b data-path-to-node=\"0\" data-index-in-node=\"211\">LED-Anzeige<\/b> Dieses Kraftpaket mit 25.000 Pufferspeicherpl\u00e4tzen und Echtzeit-Akku\u00fcberwachung verbindet Raffinesse mit Leistung - bestellen Sie noch heute Ihr 10er-Pack und sichern Sie sich erstklassigen Stil und bevorzugten Versand.<\/p>","protected":false},"featured_media":16481,"comment_status":"open","ping_status":"closed","template":"","meta":[],"product_brand":[57],"product_cat":[144],"product_tag":[],"class_list":{"0":"post-16479","1":"product","2":"type-product","3":"status-publish","4":"has-post-thumbnail","6":"product_brand-bang","7":"product_cat-25k-puffs","9":"first","10":"instock","11":"sale","12":"shipping-taxable","13":"purchasable","14":"product-type-variable"},"yoast_head":"<!-- This site is optimized with the Yoast SEO plugin v27.4 - https:\/\/yoast.com\/product\/yoast-seo-wordpress\/ -->\n<title>Bang King Shisha 25000 Puffs \u2013 Leather LED Disposable Vape- VapeMaison<\/title>\n<meta name=\"description\" content=\"Enjoy up to 25000 puffs with rich flavor, LED display, and sleek leather design. Rechargeable and available in 12 flavors.\" \/>\n<meta name=\"robots\" content=\"index, follow, max-snippet:-1, max-image-preview:large, max-video-preview:-1\" \/>\n<link rel=\"canonical\" href=\"https:\/\/vapemaison.com\/de\/product\/bang-king-shisha-25000-puffs\/\" \/>\n<meta property=\"og:locale\" content=\"de_DE\" \/>\n<meta property=\"og:type\" content=\"article\" \/>\n<meta property=\"og:title\" content=\"Bang King Shisha 25000 Puffs \u2013 Leather LED Disposable Vape- VapeMaison\" \/>\n<meta property=\"og:description\" content=\"Enjoy up to 25000 puffs with rich flavor, LED display, and sleek leather design. Rechargeable and available in 12 flavors.\" \/>\n<meta property=\"og:url\" content=\"https:\/\/vapemaison.com\/de\/product\/bang-king-shisha-25000-puffs\/\" \/>\n<meta property=\"og:site_name\" content=\"VapeMaison\" \/>\n<meta property=\"article:modified_time\" content=\"2026-03-23T02:32:45+00:00\" \/>\n<meta property=\"og:image\" content=\"https:\/\/vapemaison.com\/wp-content\/uploads\/2025\/12\/double-apple-bang-king-e-shisha-25000.jpg\" \/>\n\t<meta property=\"og:image:width\" content=\"1500\" \/>\n\t<meta property=\"og:image:height\" content=\"1500\" \/>\n\t<meta property=\"og:image:type\" content=\"image\/jpeg\" \/>\n<meta name=\"twitter:card\" content=\"summary_large_image\" \/>\n<meta name=\"twitter:label1\" content=\"Gesch\u00e4tzte Lesezeit\" \/>\n\t<meta name=\"twitter:data1\" content=\"2\u00a0Minuten\" \/>\n<!-- \/ Yoast SEO plugin. -->","yoast_head_json":{"title":"Bang King Shisha 25000 Z\u00fcge - Leder LED Einweg Vape- VapeMaison","description":"Genie\u00dfen Sie bis zu 25000 Z\u00fcge mit reichem Geschmack, LED-Anzeige und schlankem Lederdesign. Wiederaufladbar und in 12 Geschmacksrichtungen erh\u00e4ltlich.","robots":{"index":"index","follow":"follow","max-snippet":"max-snippet:-1","max-image-preview":"max-image-preview:large","max-video-preview":"max-video-preview:-1"},"canonical":"https:\/\/vapemaison.com\/de\/product\/bang-king-shisha-25000-puffs\/","og_locale":"de_DE","og_type":"article","og_title":"Bang King Shisha 25000 Puffs \u2013 Leather LED Disposable Vape- VapeMaison","og_description":"Enjoy up to 25000 puffs with rich flavor, LED display, and sleek leather design. Rechargeable and available in 12 flavors.","og_url":"https:\/\/vapemaison.com\/de\/product\/bang-king-shisha-25000-puffs\/","og_site_name":"VapeMaison","article_modified_time":"2026-03-23T02:32:45+00:00","og_image":[{"width":1500,"height":1500,"url":"https:\/\/vapemaison.com\/wp-content\/uploads\/2025\/12\/double-apple-bang-king-e-shisha-25000.jpg","type":"image\/jpeg"}],"twitter_card":"summary_large_image","twitter_misc":{"Gesch\u00e4tzte Lesezeit":"2\u00a0Minuten"},"schema":{"@context":"https:\/\/schema.org","@graph":[{"@type":"WebPage","@id":"https:\/\/vapemaison.com\/product\/bang-king-shisha-25000-puffs\/","url":"https:\/\/vapemaison.com\/product\/bang-king-shisha-25000-puffs\/","name":"Bang King Shisha 25000 Z\u00fcge - Leder LED Einweg Vape- VapeMaison","isPartOf":{"@id":"https:\/\/vapemaison.com\/#website"},"primaryImageOfPage":{"@id":"https:\/\/vapemaison.com\/product\/bang-king-shisha-25000-puffs\/#primaryimage"},"image":{"@id":"https:\/\/vapemaison.com\/product\/bang-king-shisha-25000-puffs\/#primaryimage"},"thumbnailUrl":"https:\/\/vapemaison.com\/wp-content\/uploads\/2025\/12\/double-apple-bang-king-e-shisha-25000.jpg","datePublished":"2025-12-09T10:32:01+00:00","dateModified":"2026-03-23T02:32:45+00:00","description":"Genie\u00dfen Sie bis zu 25000 Z\u00fcge mit reichem Geschmack, LED-Anzeige und schlankem Lederdesign. Wiederaufladbar und in 12 Geschmacksrichtungen erh\u00e4ltlich.","breadcrumb":{"@id":"https:\/\/vapemaison.com\/product\/bang-king-shisha-25000-puffs\/#breadcrumb"},"inLanguage":"de","potentialAction":[{"@type":"ReadAction","target":["https:\/\/vapemaison.com\/product\/bang-king-shisha-25000-puffs\/"]}]},{"@type":"ImageObject","inLanguage":"de","@id":"https:\/\/vapemaison.com\/product\/bang-king-shisha-25000-puffs\/#primaryimage","url":"https:\/\/vapemaison.com\/wp-content\/uploads\/2025\/12\/double-apple-bang-king-e-shisha-25000.jpg","contentUrl":"https:\/\/vapemaison.com\/wp-content\/uploads\/2025\/12\/double-apple-bang-king-e-shisha-25000.jpg","width":1500,"height":1500,"caption":"Double Apple Bang King E Shisha Disposable Vape Device"},{"@type":"BreadcrumbList","@id":"https:\/\/vapemaison.com\/product\/bang-king-shisha-25000-puffs\/#breadcrumb","itemListElement":[{"@type":"ListItem","position":1,"name":"\u9996\u9875","item":"https:\/\/vapemaison.com\/"},{"@type":"ListItem","position":2,"name":"Shop","item":"https:\/\/vapemaison.com\/shop\/"},{"@type":"ListItem","position":3,"name":"Bang","item":"https:\/\/vapemaison.com\/brand\/bang\/"},{"@type":"ListItem","position":4,"name":"Bang King Shisha 25000 Puffs Disposable Vape Pen"}]},{"@type":"WebSite","@id":"https:\/\/vapemaison.com\/#website","url":"https:\/\/vapemaison.com\/","name":"VapeMaison","description":"Premium Vaping-Ger\u00e4te und Zubeh\u00f6r","publisher":{"@id":"https:\/\/vapemaison.com\/#organization"},"potentialAction":[{"@type":"SearchAction","target":{"@type":"EntryPoint","urlTemplate":"https:\/\/vapemaison.com\/?s={search_term_string}"},"query-input":{"@type":"PropertyValueSpecification","valueRequired":true,"valueName":"search_term_string"}}],"inLanguage":"de"},{"@type":"Organization","@id":"https:\/\/vapemaison.com\/#organization","name":"VapeMaison","url":"https:\/\/vapemaison.com\/","logo":{"@type":"ImageObject","inLanguage":"de","@id":"https:\/\/vapemaison.com\/#\/schema\/logo\/image\/","url":"https:\/\/vapemaison.com\/wp-content\/uploads\/2026\/01\/cropped-vapemaison-logo-g-2026.webp","contentUrl":"https:\/\/vapemaison.com\/wp-content\/uploads\/2026\/01\/cropped-vapemaison-logo-g-2026.webp","width":350,"height":280,"caption":"VapeMaison"},"image":{"@id":"https:\/\/vapemaison.com\/#\/schema\/logo\/image\/"},"sameAs":["https:\/\/www.youtube.com\/@VapeMaison"]}]}},"tiered_pricing_type":"fixed","tiered_pricing_fixed_rules":{"30":"10.98","50":"9.98","100":"8.98","200":"7.98"},"tiered_pricing_product_settings":{"layout":"default","base_unit_name":{"singular":null,"plural":null},"default_variation":null},"tiered_pricing_minimum_quantity":10,"tiered_pricing_roles_data":[],"tiered_pricing_percentage_rules":[],"tiered_pricing_maximum_quantity":null,"tiered_pricing_quantity_step":"10","_links":{"self":[{"href":"https:\/\/vapemaison.com\/de\/wp-json\/wp\/v2\/product\/16479","targetHints":{"allow":["GET"]}}],"collection":[{"href":"https:\/\/vapemaison.com\/de\/wp-json\/wp\/v2\/product"}],"about":[{"href":"https:\/\/vapemaison.com\/de\/wp-json\/wp\/v2\/types\/product"}],"replies":[{"embeddable":true,"href":"https:\/\/vapemaison.com\/de\/wp-json\/wp\/v2\/comments?post=16479"}],"version-history":[{"count":1,"href":"https:\/\/vapemaison.com\/de\/wp-json\/wp\/v2\/product\/16479\/revisions"}],"predecessor-version":[{"id":28236,"href":"https:\/\/vapemaison.com\/de\/wp-json\/wp\/v2\/product\/16479\/revisions\/28236"}],"wp:featuredmedia":[{"embeddable":true,"href":"https:\/\/vapemaison.com\/de\/wp-json\/wp\/v2\/media\/16481"}],"wp:attachment":[{"href":"https:\/\/vapemaison.com\/de\/wp-json\/wp\/v2\/media?parent=16479"}],"wp:term":[{"taxonomy":"product_brand","embeddable":true,"href":"https:\/\/vapemaison.com\/de\/wp-json\/wp\/v2\/product_brand?post=16479"},{"taxonomy":"product_cat","embeddable":true,"href":"https:\/\/vapemaison.com\/de\/wp-json\/wp\/v2\/product_cat?post=16479"},{"taxonomy":"product_tag","embeddable":true,"href":"https:\/\/vapemaison.com\/de\/wp-json\/wp\/v2\/product_tag?post=16479"}],"curies":[{"name":"wp","href":"https:\/\/api.w.org\/{rel}","templated":true}]}}