

{"id":16521,"date":"2025-12-10T03:34:35","date_gmt":"2025-12-10T03:34:35","guid":{"rendered":"https:\/\/vapemaison.com\/?post_type=product&#038;p=16521"},"modified":"2025-12-22T09:48:22","modified_gmt":"2025-12-22T09:48:22","slug":"bang-de-8500-puffs-wegwerfbare-vape","status":"publish","type":"product","link":"https:\/\/vapemaison.com\/de\/product\/bang-de-8500-puffs-disposable-vape\/","title":{"rendered":"Bang DE 8500 Puffs Einweg-Vape"},"content":{"rendered":"<p>Die <strong>Bang DE 8500 Puffs Einweg-Vape<\/strong> bietet ein erstklassiges, lang anhaltendes Dampferlebnis. Perfekt f\u00fcr Gelegenheitsnutzer und erfahrene Dampfer, ist dieses schlanke Ger\u00e4t mit einem leistungsstarken 550mAh-Akku f\u00fcr konstante Leistung ausgestattet. Mit 18ml vorgef\u00fclltem E-Saft und bis zu 8500 Z\u00fcgen sorgt es f\u00fcr lang anhaltende Zufriedenheit. Erh\u00e4ltlich in einer Vielzahl von k\u00f6stlichen Geschmacksrichtungen und Nikotinst\u00e4rken (0%, 2%, 3%, 5%), kombiniert der Bang DE Vape Komfort, Stil und Leistung, was ihn zur idealen Wahl f\u00fcr Ihre Verdampfungsbed\u00fcrfnisse macht.<\/p>\n\n\n\n<h3 class=\"wp-block-heading\"><strong>Wesentliche Merkmale:<\/strong><\/h3>\n\n\n\n<ul class=\"wp-block-list\">\n<li><strong>Eingebauter, wiederaufladbarer 550mAh-Akku:<\/strong> Zuverl\u00e4ssige und effiziente Leistung f\u00fcr konstante Performance.<\/li>\n\n\n\n<li><strong>18ml Vorgef\u00fcllter E-Saft:<\/strong> Genie\u00dfen Sie eine gro\u00dfe Kapazit\u00e4t an geschmackvollem E-Liquid, das in einer Reihe von Nikotinst\u00e4rken (0%, 2%, 3%, 5%) erh\u00e4ltlich ist, um Ihren Vorlieben zu entsprechen.<\/li>\n\n\n\n<li><strong>Bis zu 8500 Puffs:<\/strong> Erleben Sie ausgedehnte Vaping-Sessions mit bis zu 8500 Z\u00fcgen pro Ger\u00e4t, um ein lang anhaltendes Erlebnis zu gew\u00e4hrleisten.<\/li>\n\n\n\n<li><strong>Schlankes und modernes Design:<\/strong> Der Bang DE 8500 ist ideal f\u00fcr den Einzelhandel und bietet sowohl Stil als auch Komfort in einem Einwegdampfer.<\/li>\n\n\n\n<li><strong>Wiederaufladbar:<\/strong> Genie\u00dfen Sie noch mehr Wert, indem Sie Ihren Vape aufladen und seine Lebensdauer f\u00fcr wiederholten Genuss verl\u00e4ngern.<\/li>\n<\/ul>\n\n\n\n<h3 class=\"wp-block-heading\"><strong>Verf\u00fcgbare Geschmacksrichtungen:<\/strong><\/h3>\n\n\n\n<ol class=\"wp-block-list\">\n<li>Erdbeere Wassermelone<\/li>\n\n\n\n<li>Wassermelone Eis<\/li>\n\n\n\n<li>Erdbeere-Banane<\/li>\n\n\n\n<li>Erdbeer-Eiscreme<\/li>\n\n\n\n<li>Minze Eis<\/li>\n\n\n\n<li>Gemischte Beeren<\/li>\n\n\n\n<li>Saurer Apfel<\/li>\n\n\n\n<li>Mango Pfirsich<\/li>\n\n\n\n<li>Sakura-Trauben-Eis<\/li>\n\n\n\n<li>Blaubeereis<\/li>\n\n\n\n<li>Cola-Eis<\/li>\n\n\n\n<li>Erdbeer-Kiwi<\/li>\n<\/ol>\n\n\n\n<p>Verbessern Sie Ihr Dampferlebnis mit dem <strong>Bang DE Einweg-Vape<\/strong>. Ideal f\u00fcr Neulinge und erfahrene Verdampfer, dieses Ger\u00e4t sorgt f\u00fcr glatte und gleichm\u00e4\u00dfigen Geschmack w\u00e4hrend seiner gesamten Lebensdauer.<\/p>\n\n\n\n<p>Schlie\u00dfen Sie sich Tausenden von zufriedenen Vapern an, die Bang Ger\u00e4te lieben! Entdecke unser <a href=\"https:\/\/vapemaison.com\">Homepage<\/a> f\u00fcr Neuank\u00f6mmlinge, sehen Sie sich die <a href=\"https:\/\/vapemaison.com\/shop\">Shop<\/a> f\u00fcr das gesamte Sortiment oder erfahren Sie mehr \u00fcber die <a href=\"https:\/\/vapemaison.com\/brand\/bang\">Marke Bang<\/a> die in aller Munde sind. Entdecken Sie zur Abwechslung <a href=\"https:\/\/vapemaison.com\/brand\/humo-azul\/\">Humo Vape Markenkollektion<\/a> Produkte oder durchsuchen Sie alle <a href=\"https:\/\/vapemaison.com\/product-category\/puffs-count\/\">Puffs vapes<\/a> an einem Ort.<\/p>","protected":false},"excerpt":{"rendered":"<p><span class=\"\">Genie\u00dfen Sie 8,<\/span><span class=\"\">500 Z\u00fcge konstanter Leistung mit dem <\/span><b class=\"\" data-path-to-node=\"0\" data-index-in-node=\"53\">Bang DE 8500<\/b>, mit einem vorgef\u00fcllten 18-ml-Beh\u00e4lter und einem zuverl\u00e4ssigen 550-mAh-Akku. Sein schlankes, modernes Design und eine Vielzahl von Nikotinst\u00e4rken machen ihn zur perfekten Mischung aus Stil und langanhaltendem Komfort - bestellen Sie noch heute, um sich Ihren Lieblingsgeschmack zu sichern und von unserem aktuellen Schnellversandangebot zu profitieren.<\/p>","protected":false},"featured_media":16523,"comment_status":"open","ping_status":"closed","template":"","meta":[],"product_brand":[57],"product_cat":[176,16],"product_tag":[],"class_list":{"0":"post-16521","1":"product","2":"type-product","3":"status-publish","4":"has-post-thumbnail","6":"product_brand-bang","7":"product_cat-8k-puffs","8":"product_cat-uncategorized","10":"first","11":"instock","12":"sale","13":"shipping-taxable","14":"purchasable","15":"product-type-variable"},"yoast_head":"<!-- This site is optimized with the Yoast SEO plugin v27.4 - https:\/\/yoast.com\/product\/yoast-seo-wordpress\/ -->\n<title>Bang DE 8500 Puffs Disposable Vape - VapeMaison<\/title>\n<meta name=\"description\" content=\"Enjoy the Bang DE 8500 Puffs Disposable Vape with a rechargeable 550mAh battery, 18ml e-juice. Available in various flavors for lasting satisfaction.\" \/>\n<meta name=\"robots\" content=\"index, follow, max-snippet:-1, max-image-preview:large, max-video-preview:-1\" \/>\n<link rel=\"canonical\" href=\"https:\/\/vapemaison.com\/de\/product\/bang-de-8500-puffs-wegwerfbare-vape\/\" \/>\n<meta property=\"og:locale\" content=\"de_DE\" \/>\n<meta property=\"og:type\" content=\"article\" \/>\n<meta property=\"og:title\" content=\"Bang DE 8500 Puffs Disposable Vape - VapeMaison\" \/>\n<meta property=\"og:description\" content=\"Enjoy the Bang DE 8500 Puffs Disposable Vape with a rechargeable 550mAh battery, 18ml e-juice. Available in various flavors for lasting satisfaction.\" \/>\n<meta property=\"og:url\" content=\"https:\/\/vapemaison.com\/de\/product\/bang-de-8500-puffs-wegwerfbare-vape\/\" \/>\n<meta property=\"og:site_name\" content=\"VapeMaison\" \/>\n<meta property=\"article:modified_time\" content=\"2025-12-22T09:48:22+00:00\" \/>\n<meta property=\"og:image\" content=\"https:\/\/vapemaison.com\/wp-content\/uploads\/2025\/12\/vapemaison-bang-de8500-puffs-flavor-display.webp\" \/>\n\t<meta property=\"og:image:width\" content=\"1000\" \/>\n\t<meta property=\"og:image:height\" content=\"1000\" \/>\n\t<meta property=\"og:image:type\" content=\"image\/webp\" \/>\n<meta name=\"twitter:card\" content=\"summary_large_image\" \/>\n<meta name=\"twitter:label1\" content=\"Gesch\u00e4tzte Lesezeit\" \/>\n\t<meta name=\"twitter:data1\" content=\"2\u00a0Minuten\" \/>\n<!-- \/ Yoast SEO plugin. -->","yoast_head_json":{"title":"Bang DE 8500 Puffs Einweg Vape - VapeMaison","description":"Genie\u00dfen Sie die Bang DE 8500 Puffs Disposable Vape mit einem wiederaufladbaren 550mAh Akku, 18ml e-Saft. Erh\u00e4ltlich in verschiedenen Geschmacksrichtungen f\u00fcr dauerhafte Zufriedenheit.","robots":{"index":"index","follow":"follow","max-snippet":"max-snippet:-1","max-image-preview":"max-image-preview:large","max-video-preview":"max-video-preview:-1"},"canonical":"https:\/\/vapemaison.com\/de\/product\/bang-de-8500-puffs-wegwerfbare-vape\/","og_locale":"de_DE","og_type":"article","og_title":"Bang DE 8500 Puffs Disposable Vape - VapeMaison","og_description":"Enjoy the Bang DE 8500 Puffs Disposable Vape with a rechargeable 550mAh battery, 18ml e-juice. Available in various flavors for lasting satisfaction.","og_url":"https:\/\/vapemaison.com\/de\/product\/bang-de-8500-puffs-wegwerfbare-vape\/","og_site_name":"VapeMaison","article_modified_time":"2025-12-22T09:48:22+00:00","og_image":[{"width":1000,"height":1000,"url":"https:\/\/vapemaison.com\/wp-content\/uploads\/2025\/12\/vapemaison-bang-de8500-puffs-flavor-display.webp","type":"image\/webp"}],"twitter_card":"summary_large_image","twitter_misc":{"Gesch\u00e4tzte Lesezeit":"2\u00a0Minuten"},"schema":{"@context":"https:\/\/schema.org","@graph":[{"@type":"WebPage","@id":"https:\/\/vapemaison.com\/product\/bang-de-8500-puffs-disposable-vape\/","url":"https:\/\/vapemaison.com\/product\/bang-de-8500-puffs-disposable-vape\/","name":"Bang DE 8500 Puffs Einweg Vape - VapeMaison","isPartOf":{"@id":"https:\/\/vapemaison.com\/#website"},"primaryImageOfPage":{"@id":"https:\/\/vapemaison.com\/product\/bang-de-8500-puffs-disposable-vape\/#primaryimage"},"image":{"@id":"https:\/\/vapemaison.com\/product\/bang-de-8500-puffs-disposable-vape\/#primaryimage"},"thumbnailUrl":"https:\/\/vapemaison.com\/wp-content\/uploads\/2025\/12\/vapemaison-bang-de8500-puffs-flavor-display.webp","datePublished":"2025-12-10T03:34:35+00:00","dateModified":"2025-12-22T09:48:22+00:00","description":"Genie\u00dfen Sie die Bang DE 8500 Puffs Disposable Vape mit einem wiederaufladbaren 550mAh Akku, 18ml e-Saft. Erh\u00e4ltlich in verschiedenen Geschmacksrichtungen f\u00fcr dauerhafte Zufriedenheit.","breadcrumb":{"@id":"https:\/\/vapemaison.com\/product\/bang-de-8500-puffs-disposable-vape\/#breadcrumb"},"inLanguage":"de","potentialAction":[{"@type":"ReadAction","target":["https:\/\/vapemaison.com\/product\/bang-de-8500-puffs-disposable-vape\/"]}]},{"@type":"ImageObject","inLanguage":"de","@id":"https:\/\/vapemaison.com\/product\/bang-de-8500-puffs-disposable-vape\/#primaryimage","url":"https:\/\/vapemaison.com\/wp-content\/uploads\/2025\/12\/vapemaison-bang-de8500-puffs-flavor-display.webp","contentUrl":"https:\/\/vapemaison.com\/wp-content\/uploads\/2025\/12\/vapemaison-bang-de8500-puffs-flavor-display.webp","width":1000,"height":1000,"caption":"Vapemaison Bang De Puffs Flavor Display"},{"@type":"BreadcrumbList","@id":"https:\/\/vapemaison.com\/product\/bang-de-8500-puffs-disposable-vape\/#breadcrumb","itemListElement":[{"@type":"ListItem","position":1,"name":"\u9996\u9875","item":"https:\/\/vapemaison.com\/"},{"@type":"ListItem","position":2,"name":"Shop","item":"https:\/\/vapemaison.com\/shop\/"},{"@type":"ListItem","position":3,"name":"Bang","item":"https:\/\/vapemaison.com\/brand\/bang\/"},{"@type":"ListItem","position":4,"name":"Bang DE 8500 Puffs Disposable Vape"}]},{"@type":"WebSite","@id":"https:\/\/vapemaison.com\/#website","url":"https:\/\/vapemaison.com\/","name":"VapeMaison","description":"Premium Vaping-Ger\u00e4te und Zubeh\u00f6r","publisher":{"@id":"https:\/\/vapemaison.com\/#organization"},"potentialAction":[{"@type":"SearchAction","target":{"@type":"EntryPoint","urlTemplate":"https:\/\/vapemaison.com\/?s={search_term_string}"},"query-input":{"@type":"PropertyValueSpecification","valueRequired":true,"valueName":"search_term_string"}}],"inLanguage":"de"},{"@type":"Organization","@id":"https:\/\/vapemaison.com\/#organization","name":"VapeMaison","url":"https:\/\/vapemaison.com\/","logo":{"@type":"ImageObject","inLanguage":"de","@id":"https:\/\/vapemaison.com\/#\/schema\/logo\/image\/","url":"https:\/\/vapemaison.com\/wp-content\/uploads\/2026\/01\/cropped-vapemaison-logo-g-2026.webp","contentUrl":"https:\/\/vapemaison.com\/wp-content\/uploads\/2026\/01\/cropped-vapemaison-logo-g-2026.webp","width":350,"height":280,"caption":"VapeMaison"},"image":{"@id":"https:\/\/vapemaison.com\/#\/schema\/logo\/image\/"},"sameAs":["https:\/\/www.youtube.com\/@VapeMaison"]}]}},"tiered_pricing_type":"fixed","tiered_pricing_fixed_rules":{"30":"7.99","50":"6.99","100":"6.63","200":"5.99"},"tiered_pricing_product_settings":{"layout":"default","base_unit_name":{"singular":null,"plural":null},"default_variation":null},"tiered_pricing_minimum_quantity":10,"tiered_pricing_roles_data":[],"tiered_pricing_percentage_rules":[],"tiered_pricing_maximum_quantity":null,"tiered_pricing_quantity_step":"10","_links":{"self":[{"href":"https:\/\/vapemaison.com\/de\/wp-json\/wp\/v2\/product\/16521","targetHints":{"allow":["GET"]}}],"collection":[{"href":"https:\/\/vapemaison.com\/de\/wp-json\/wp\/v2\/product"}],"about":[{"href":"https:\/\/vapemaison.com\/de\/wp-json\/wp\/v2\/types\/product"}],"replies":[{"embeddable":true,"href":"https:\/\/vapemaison.com\/de\/wp-json\/wp\/v2\/comments?post=16521"}],"version-history":[{"count":0,"href":"https:\/\/vapemaison.com\/de\/wp-json\/wp\/v2\/product\/16521\/revisions"}],"wp:featuredmedia":[{"embeddable":true,"href":"https:\/\/vapemaison.com\/de\/wp-json\/wp\/v2\/media\/16523"}],"wp:attachment":[{"href":"https:\/\/vapemaison.com\/de\/wp-json\/wp\/v2\/media?parent=16521"}],"wp:term":[{"taxonomy":"product_brand","embeddable":true,"href":"https:\/\/vapemaison.com\/de\/wp-json\/wp\/v2\/product_brand?post=16521"},{"taxonomy":"product_cat","embeddable":true,"href":"https:\/\/vapemaison.com\/de\/wp-json\/wp\/v2\/product_cat?post=16521"},{"taxonomy":"product_tag","embeddable":true,"href":"https:\/\/vapemaison.com\/de\/wp-json\/wp\/v2\/product_tag?post=16521"}],"curies":[{"name":"wp","href":"https:\/\/api.w.org\/{rel}","templated":true}]}}