

{"id":16581,"date":"2025-12-10T05:53:48","date_gmt":"2025-12-10T05:53:48","guid":{"rendered":"https:\/\/vapemaison.com\/?post_type=product&#038;p=16581"},"modified":"2025-12-22T09:44:15","modified_gmt":"2025-12-22T09:44:15","slug":"bang-digital-box-15k-puff-wegwerfbare-vape","status":"publish","type":"product","link":"https:\/\/vapemaison.com\/de\/product\/bang-digital-box-15k-puff-disposable-vape\/","title":{"rendered":"Bang Digital Box 15k Puff Einweg Vape"},"content":{"rendered":"<p><strong>Bang Digital Box 15k Puff Disposable Vape Pen - Ultimative Vaping-Erfahrung<\/strong><\/p>\n\n\n\n<p>Die <strong>Bang Digital Box <strong>15k Puff<\/strong> Original Edition Einweg-Vape Pen<\/strong> wurde entwickelt, um ein au\u00dfergew\u00f6hnliches Dampferlebnis zu bieten. Mit hochmodernen Funktionen und beeindruckenden 15000 Z\u00fcgen sorgt dieser Vape Pen daf\u00fcr, dass Sie w\u00e4hrend seiner langen Lebensdauer geschmeidigen, geschmackvollen Dampf genie\u00dfen k\u00f6nnen. Egal, ob Sie neu beim Dampfen sind oder ein erfahrener Enthusiast, der <strong>Bang Digital Box<\/strong> vereint Zuverl\u00e4ssigkeit, Komfort und Stil in einem schlanken und leistungsstarken Einwegger\u00e4t.<\/p>\n\n\n\n<h3 class=\"wp-block-heading\"><strong>Wesentliche Merkmale:<\/strong><\/h3>\n\n\n\n<ul class=\"wp-block-list\">\n<li><strong>Bis zu 15000 Puffs:<\/strong> Ein Design mit hoher Kapazit\u00e4t f\u00fcr lang anhaltendes Vergn\u00fcgen, damit Sie das Beste aus jedem Ger\u00e4t herausholen k\u00f6nnen.<\/li>\n\n\n\n<li><strong>500mAh wiederaufladbare Batterie:<\/strong> Ein robuster Akku sorgt f\u00fcr lang anhaltende Leistung, und ein <strong>Typ-C-Anschluss<\/strong> zum bequemen Aufladen.<\/li>\n\n\n\n<li><strong>1,0 Ohm Mesh-Spule:<\/strong> F\u00fcr eine sanfte, konsistente Geschmacksabgabe und reichhaltige Dampfproduktion mit jedem Zug.<\/li>\n\n\n\n<li><strong>23ml \u00d6leinspritzmenge:<\/strong> Eine gro\u00dfz\u00fcgige E-Saft-Kapazit\u00e4t, um ein befriedigendes Dampferlebnis mit weniger Nachf\u00fcllbedarf zu gew\u00e4hrleisten.<\/li>\n\n\n\n<li><strong>Nikotin-Optionen:<\/strong> Erh\u00e4ltlich in den Nikotinst\u00e4rken 0%, 2%, 3% und 5%, je nach Ihren Vorlieben.<\/li>\n\n\n\n<li><strong>Kompakt und praktisch:<\/strong> Mit ihrer kompakten Gr\u00f6\u00dfe und ihrem eleganten Design ist die Bang Digital Box perfekt f\u00fcr das Dampfen unterwegs.<\/li>\n<\/ul>\n\n\n\n<h3 class=\"wp-block-heading\"><strong>Verf\u00fcgbare Geschmacksrichtungen:<\/strong><\/h3>\n\n\n\n<ol class=\"wp-block-list\">\n<li>Blaues Gefrieren<\/li>\n\n\n\n<li>Beerenexplosion<\/li>\n\n\n\n<li>Blaue Kirsche Zitrone<\/li>\n\n\n\n<li>Pfirsich einfrieren<\/li>\n\n\n\n<li>Traubenfrost<\/li>\n\n\n\n<li>Pfirsich Beere<\/li>\n\n\n\n<li>Saurer Apfel Razberry<\/li>\n\n\n\n<li>Dreifache Frucht<\/li>\n\n\n\n<li>Wassermelone Eis<\/li>\n\n\n\n<li>Erdbeere Wassermelone<\/li>\n\n\n\n<li>K\u00fchle Minze<\/li>\n\n\n\n<li>Erdbeer-Litschi<\/li>\n<\/ol>\n\n\n\n<h3 class=\"wp-block-heading\"><strong>Warum Bang Digital Box 15000 Puffs Disposable Vape Pen w\u00e4hlen?<\/strong><\/h3>\n\n\n\n<ul class=\"wp-block-list\">\n<li><strong>Lang anhaltendes Vaping:<\/strong> Mit bis zu 15000 Z\u00fcgen sorgt dieser Einweg-Vape-Pen f\u00fcr ein langes und best\u00e4ndiges Erlebnis, ohne dass Sie sich st\u00e4ndig um Ersatz k\u00fcmmern m\u00fcssen.<\/li>\n\n\n\n<li><strong>Sanfte &amp; geschmackvolle Hits:<\/strong> Dank der fortschrittlichen 1,0-Ohm-Mesh-Spule liefert jeder Zug reichhaltigen und sanften Dampf, was ihn ideal f\u00fcr diejenigen macht, die Wert auf Geschmack legen.<\/li>\n\n\n\n<li><strong>Wiederaufladbar und nachhaltig:<\/strong> Der 500-mAh-Akku mit Typ-C-Ladung sorgt daf\u00fcr, dass Ihr Vape noch l\u00e4nger h\u00e4lt, was es umweltfreundlicher und kosteng\u00fcnstiger macht.<\/li>\n\n\n\n<li><strong>Perfekt f\u00fcr jede Gelegenheit:<\/strong> Egal, ob Sie zu Hause, auf einer Reise oder auf einer Party sind - die Bang Digital Box ist tragbar und elegant und passt sich Ihrem Lebensstil an.<\/li>\n<\/ul>\n\n\n\n<p>Verbessern Sie Ihr Dampferlebnis mit dem <strong>Bang Digital Box 15000 Puffs Einweg Vape Pen<\/strong> und entdecken Sie die perfekte Mischung aus Leistung, Komfort und Geschmack.<\/p>\n\n\n\n<p>Schlie\u00dfen Sie sich Tausenden von zufriedenen Vapern an, die Bang Ger\u00e4te lieben! Entdecke unser <a href=\"https:\/\/vapemaison.com\">Homepage<\/a> f\u00fcr Neuank\u00f6mmlinge, sehen Sie sich die <a href=\"https:\/\/vapemaison.com\/shop\">Shop<\/a> f\u00fcr das gesamte Sortiment oder erfahren Sie mehr \u00fcber die <a href=\"https:\/\/vapemaison.com\/brand\/bang\">Marke Bang<\/a> die in aller Munde sind. Entdecken Sie zur Abwechslung <a href=\"https:\/\/vapemaison.com\/brand\/humo-azul\/\">Humo Vape Markenkollektion<\/a> Produkte oder durchsuchen Sie alle <a href=\"https:\/\/vapemaison.com\/product-category\/puffs-count\/\">Puffs vapes<\/a> an einem Ort.<\/p>","protected":false},"excerpt":{"rendered":"<div id=\"model-response-message-contentr_8935f4124dd5cc3a\" class=\"markdown markdown-main-panel stronger enable-updated-hr-color\" dir=\"ltr\" aria-live=\"polite\" aria-busy=\"false\">\n<p data-path-to-node=\"0\"><span class=\"citation-1\">Erleben Sie 15.000 Z\u00fcge reinen Geschmacks mit der <\/span><b data-path-to-node=\"0\" data-index-in-node=\"48\"><span class=\"citation-1\">Bang Digital Box 15K<\/span><\/b><span class=\"citation-1\">, mit einem hocheffizienten <\/span><b data-path-to-node=\"0\" data-index-in-node=\"98\"><span class=\"citation-1\">1.0\u03a9 Maschenspule<\/span><\/b><span class=\"citation-1 citation-end-1\"> und ein 23-ml-Reservoir f\u00fcr einen gleichm\u00e4\u00dfigen Zug.<sup class=\"superscript\" data-turn-source-index=\"1\">1<\/sup><\/span> Dieses schlanke, kompakte Ger\u00e4t kombiniert einen zuverl\u00e4ssigen 500-mAh-Akku mit Typ-C-Schnellladung und ist damit der perfekte Begleiter f\u00fcr das Dampfen unterwegs - bestellen Sie jetzt und sichern Sie sich Ihre bevorzugte Nikotinst\u00e4rke, solange der Vorrat reicht und ein schneller Versand m\u00f6glich ist.<\/p>\n<div class=\"source-inline-chip-container ng-star-inserted\">\u00a0<\/div>\n<p>&nbsp;<\/p>\n<\/div>","protected":false},"featured_media":16588,"comment_status":"open","ping_status":"closed","template":"","meta":[],"product_brand":[57],"product_cat":[167],"product_tag":[],"class_list":{"0":"post-16581","1":"product","2":"type-product","3":"status-publish","4":"has-post-thumbnail","6":"product_brand-bang","7":"product_cat-15k-puffs","9":"first","10":"instock","11":"sale","12":"shipping-taxable","13":"purchasable","14":"product-type-variable"},"yoast_head":"<!-- This site is optimized with the Yoast SEO plugin v27.4 - https:\/\/yoast.com\/product\/yoast-seo-wordpress\/ -->\n<title>Bang Digital Box 15k Puff Disposable Vape \u2013 23ml, 12 Flavors - VapeMaison<\/title>\n<meta name=\"description\" content=\"Enjoy the Bang Digital Box 15k Puff Vape with 23ml e-juice, 12 flavors, and a rechargeable battery. Up to 15000 puffs for lasting satisfaction.\" \/>\n<meta name=\"robots\" content=\"index, follow, max-snippet:-1, max-image-preview:large, max-video-preview:-1\" \/>\n<link rel=\"canonical\" href=\"https:\/\/vapemaison.com\/de\/product\/bang-digital-box-15k-puff-wegwerfbare-vape\/\" \/>\n<meta property=\"og:locale\" content=\"de_DE\" \/>\n<meta property=\"og:type\" content=\"article\" \/>\n<meta property=\"og:title\" content=\"Bang Digital Box 15k Puff Disposable Vape \u2013 23ml, 12 Flavors - VapeMaison\" \/>\n<meta property=\"og:description\" content=\"Enjoy the Bang Digital Box 15k Puff Vape with 23ml e-juice, 12 flavors, and a rechargeable battery. Up to 15000 puffs for lasting satisfaction.\" \/>\n<meta property=\"og:url\" content=\"https:\/\/vapemaison.com\/de\/product\/bang-digital-box-15k-puff-wegwerfbare-vape\/\" \/>\n<meta property=\"og:site_name\" content=\"VapeMaison\" \/>\n<meta property=\"article:modified_time\" content=\"2025-12-22T09:44:15+00:00\" \/>\n<meta property=\"og:image\" content=\"https:\/\/vapemaison.com\/wp-content\/uploads\/2025\/12\/doge-bang-digital-box-15000puffs-8.png.webp\" \/>\n\t<meta property=\"og:image:width\" content=\"1000\" \/>\n\t<meta property=\"og:image:height\" content=\"1000\" \/>\n\t<meta property=\"og:image:type\" content=\"image\/webp\" \/>\n<meta name=\"twitter:card\" content=\"summary_large_image\" \/>\n<meta name=\"twitter:label1\" content=\"Gesch\u00e4tzte Lesezeit\" \/>\n\t<meta name=\"twitter:data1\" content=\"2\u00a0Minuten\" \/>\n<!-- \/ Yoast SEO plugin. -->","yoast_head_json":{"title":"Bang Digital Box 15k Puff Einweg Vape - 23ml, 12 Geschmacksrichtungen - VapeMaison","description":"Genie\u00dfen Sie die Bang Digital Box 15k Puff Vape mit 23ml E-Saft, 12 Geschmacksrichtungen und einer wiederaufladbaren Batterie. Bis zu 15000 Z\u00fcge f\u00fcr dauerhafte Zufriedenheit.","robots":{"index":"index","follow":"follow","max-snippet":"max-snippet:-1","max-image-preview":"max-image-preview:large","max-video-preview":"max-video-preview:-1"},"canonical":"https:\/\/vapemaison.com\/de\/product\/bang-digital-box-15k-puff-wegwerfbare-vape\/","og_locale":"de_DE","og_type":"article","og_title":"Bang Digital Box 15k Puff Disposable Vape \u2013 23ml, 12 Flavors - VapeMaison","og_description":"Enjoy the Bang Digital Box 15k Puff Vape with 23ml e-juice, 12 flavors, and a rechargeable battery. Up to 15000 puffs for lasting satisfaction.","og_url":"https:\/\/vapemaison.com\/de\/product\/bang-digital-box-15k-puff-wegwerfbare-vape\/","og_site_name":"VapeMaison","article_modified_time":"2025-12-22T09:44:15+00:00","og_image":[{"width":1000,"height":1000,"url":"https:\/\/vapemaison.com\/wp-content\/uploads\/2025\/12\/doge-bang-digital-box-15000puffs-8.png.webp","type":"image\/webp"}],"twitter_card":"summary_large_image","twitter_misc":{"Gesch\u00e4tzte Lesezeit":"2\u00a0Minuten"},"schema":{"@context":"https:\/\/schema.org","@graph":[{"@type":"WebPage","@id":"https:\/\/vapemaison.com\/product\/bang-digital-box-15k-puff-disposable-vape\/","url":"https:\/\/vapemaison.com\/product\/bang-digital-box-15k-puff-disposable-vape\/","name":"Bang Digital Box 15k Puff Einweg Vape - 23ml, 12 Geschmacksrichtungen - VapeMaison","isPartOf":{"@id":"https:\/\/vapemaison.com\/#website"},"primaryImageOfPage":{"@id":"https:\/\/vapemaison.com\/product\/bang-digital-box-15k-puff-disposable-vape\/#primaryimage"},"image":{"@id":"https:\/\/vapemaison.com\/product\/bang-digital-box-15k-puff-disposable-vape\/#primaryimage"},"thumbnailUrl":"https:\/\/vapemaison.com\/wp-content\/uploads\/2025\/12\/doge-bang-digital-box-15000puffs-8.png.webp","datePublished":"2025-12-10T05:53:48+00:00","dateModified":"2025-12-22T09:44:15+00:00","description":"Genie\u00dfen Sie die Bang Digital Box 15k Puff Vape mit 23ml E-Saft, 12 Geschmacksrichtungen und einer wiederaufladbaren Batterie. Bis zu 15000 Z\u00fcge f\u00fcr dauerhafte Zufriedenheit.","breadcrumb":{"@id":"https:\/\/vapemaison.com\/product\/bang-digital-box-15k-puff-disposable-vape\/#breadcrumb"},"inLanguage":"de","potentialAction":[{"@type":"ReadAction","target":["https:\/\/vapemaison.com\/product\/bang-digital-box-15k-puff-disposable-vape\/"]}]},{"@type":"ImageObject","inLanguage":"de","@id":"https:\/\/vapemaison.com\/product\/bang-digital-box-15k-puff-disposable-vape\/#primaryimage","url":"https:\/\/vapemaison.com\/wp-content\/uploads\/2025\/12\/doge-bang-digital-box-15000puffs-8.png.webp","contentUrl":"https:\/\/vapemaison.com\/wp-content\/uploads\/2025\/12\/doge-bang-digital-box-15000puffs-8.png.webp","width":1000,"height":1000,"caption":"Doge Bang Digital Boxpuffs 8.png Disposable Vape Device"},{"@type":"BreadcrumbList","@id":"https:\/\/vapemaison.com\/product\/bang-digital-box-15k-puff-disposable-vape\/#breadcrumb","itemListElement":[{"@type":"ListItem","position":1,"name":"\u9996\u9875","item":"https:\/\/vapemaison.com\/"},{"@type":"ListItem","position":2,"name":"Shop","item":"https:\/\/vapemaison.com\/shop\/"},{"@type":"ListItem","position":3,"name":"Bang","item":"https:\/\/vapemaison.com\/brand\/bang\/"},{"@type":"ListItem","position":4,"name":"Bang Digital Box 15k Puff Disposable Vape"}]},{"@type":"WebSite","@id":"https:\/\/vapemaison.com\/#website","url":"https:\/\/vapemaison.com\/","name":"VapeMaison","description":"Premium Vaping-Ger\u00e4te und Zubeh\u00f6r","publisher":{"@id":"https:\/\/vapemaison.com\/#organization"},"potentialAction":[{"@type":"SearchAction","target":{"@type":"EntryPoint","urlTemplate":"https:\/\/vapemaison.com\/?s={search_term_string}"},"query-input":{"@type":"PropertyValueSpecification","valueRequired":true,"valueName":"search_term_string"}}],"inLanguage":"de"},{"@type":"Organization","@id":"https:\/\/vapemaison.com\/#organization","name":"VapeMaison","url":"https:\/\/vapemaison.com\/","logo":{"@type":"ImageObject","inLanguage":"de","@id":"https:\/\/vapemaison.com\/#\/schema\/logo\/image\/","url":"https:\/\/vapemaison.com\/wp-content\/uploads\/2026\/01\/cropped-vapemaison-logo-g-2026.webp","contentUrl":"https:\/\/vapemaison.com\/wp-content\/uploads\/2026\/01\/cropped-vapemaison-logo-g-2026.webp","width":350,"height":280,"caption":"VapeMaison"},"image":{"@id":"https:\/\/vapemaison.com\/#\/schema\/logo\/image\/"},"sameAs":["https:\/\/www.youtube.com\/@VapeMaison"]}]}},"tiered_pricing_type":"fixed","tiered_pricing_fixed_rules":{"30":"9.99","50":"9.21","100":"8.24","200":"7.42"},"tiered_pricing_product_settings":{"layout":"default","base_unit_name":{"singular":null,"plural":null},"default_variation":null},"tiered_pricing_minimum_quantity":10,"tiered_pricing_roles_data":[],"tiered_pricing_percentage_rules":[],"tiered_pricing_maximum_quantity":null,"tiered_pricing_quantity_step":"10","_links":{"self":[{"href":"https:\/\/vapemaison.com\/de\/wp-json\/wp\/v2\/product\/16581","targetHints":{"allow":["GET"]}}],"collection":[{"href":"https:\/\/vapemaison.com\/de\/wp-json\/wp\/v2\/product"}],"about":[{"href":"https:\/\/vapemaison.com\/de\/wp-json\/wp\/v2\/types\/product"}],"replies":[{"embeddable":true,"href":"https:\/\/vapemaison.com\/de\/wp-json\/wp\/v2\/comments?post=16581"}],"version-history":[{"count":0,"href":"https:\/\/vapemaison.com\/de\/wp-json\/wp\/v2\/product\/16581\/revisions"}],"wp:featuredmedia":[{"embeddable":true,"href":"https:\/\/vapemaison.com\/de\/wp-json\/wp\/v2\/media\/16588"}],"wp:attachment":[{"href":"https:\/\/vapemaison.com\/de\/wp-json\/wp\/v2\/media?parent=16581"}],"wp:term":[{"taxonomy":"product_brand","embeddable":true,"href":"https:\/\/vapemaison.com\/de\/wp-json\/wp\/v2\/product_brand?post=16581"},{"taxonomy":"product_cat","embeddable":true,"href":"https:\/\/vapemaison.com\/de\/wp-json\/wp\/v2\/product_cat?post=16581"},{"taxonomy":"product_tag","embeddable":true,"href":"https:\/\/vapemaison.com\/de\/wp-json\/wp\/v2\/product_tag?post=16581"}],"curies":[{"name":"wp","href":"https:\/\/api.w.org\/{rel}","templated":true}]}}