

{"id":16722,"date":"2025-12-10T08:50:20","date_gmt":"2025-12-10T08:50:20","guid":{"rendered":"https:\/\/vapemaison.com\/?post_type=product&#038;p=16722"},"modified":"2025-12-22T09:38:44","modified_gmt":"2025-12-22T09:38:44","slug":"bang-tornado-20k-puffs-wegwerfbares-vape","status":"publish","type":"product","link":"https:\/\/vapemaison.com\/de\/product\/bang-tornado-20k-puffs-disposable-vape\/","title":{"rendered":"Bang Tornado 20K Puffs LED Display Einweg Vape"},"content":{"rendered":"<h3 class=\"wp-block-heading\"><strong>Bang Tornado 20K Puffs LED Display Edition Einweg Vape Pen<\/strong><\/h3>\n\n\n\n<p>Die <strong>Bang Tornado 20K Puffs LED Display Edition Einweg Vape Pen<\/strong> wurde f\u00fcr Dampfer entwickelt, die \u00fcberlegene Leistung, Komfort und Stil verlangen. Liefert bis zu <strong>20K Puffs<\/strong>, Dieser Vaporizer mit hoher Kapazit\u00e4t sorgt f\u00fcr lange Dampfsessions und ist damit die perfekte Wahl f\u00fcr alle, die ein lang anhaltendes Vergn\u00fcgen suchen.<\/p>\n\n\n\n<p>Mit einem <strong>26mL e-Fl\u00fcssigkeit Kapazit\u00e4t<\/strong>, die <strong>Knall-Tornado<\/strong> bietet reichlich Zeit zum Dampfen, ohne dass man h\u00e4ufig nachf\u00fcllen muss. Seine fortschrittliche <strong>1.0\u03a9 Maschenspule<\/strong> verbessert die Dampfproduktion und liefert einen reichhaltigen, gleichm\u00e4\u00dfigen Geschmack. Das Ger\u00e4t verf\u00fcgt au\u00dferdem \u00fcber <strong>einstellbarer Luftstrom<\/strong>, und erm\u00f6glicht es dem Benutzer, seinen Zug f\u00fcr ein individuelles Dampferlebnis anzupassen.<\/p>\n\n\n\n<p>Angetrieben von einem <strong>1000mAh wiederaufladbare Batterie<\/strong> und ausgestattet mit <strong>Typ-C-Schnellladung<\/strong>, die <strong>Knall-Tornado<\/strong> sorgt f\u00fcr eine effiziente Stromversorgung, minimiert Ausfallzeiten und h\u00e4lt Sie f\u00fcr die n\u00e4chste Sitzung bereit. Die integrierte <strong>LED-Anzeige<\/strong> bietet Echtzeit-Updates zur Batterielebensdauer und zum F\u00fcllstand des E-Liquids und bietet so volle Kontrolle und Sicherheit.<\/p>\n\n\n\n<p>Erh\u00e4ltlich in Nikotinst\u00e4rken von <strong>0%, 2%, 3% und 5%<\/strong>, und angeboten in <strong>12 aufregende Geschmacksrichtungen<\/strong>, die <strong>Knall-Tornado<\/strong> ist so konzipiert, dass sie eine breite Palette von Vorlieben abdeckt und sowohl f\u00fcr Anf\u00e4nger als auch f\u00fcr erfahrene Dampfer geeignet ist.<\/p>\n\n\n\n<h3 class=\"wp-block-heading\"><strong>Wesentliche Merkmale:<\/strong><\/h3>\n\n\n\n<figure class=\"wp-block-table\"><table class=\"has-fixed-layout\"><thead><tr><th><strong>Merkmal<\/strong><\/th><th><strong>Spezifikation<\/strong><\/th><\/tr><\/thead><tbody><tr><td><strong>Puff-Kapazit\u00e4t<\/strong><\/td><td>Bis zu 20K Puffs<\/td><\/tr><tr><td><strong>Nikotinst\u00e4rke<\/strong><\/td><td>0%, 2%, 3%, 5%<\/td><\/tr><tr><td><strong>E-Liquid Kapazit\u00e4t<\/strong><\/td><td>26mL<\/td><\/tr><tr><td><strong>Batterie<\/strong><\/td><td>1000mAh Wiederaufladbar<\/td><\/tr><tr><td><strong>Spule<\/strong><\/td><td>1.0\u03a9 Masche Spule<\/td><\/tr><tr><td><strong>Luftstrom<\/strong><\/td><td>Einstellbarer Luftstrom<\/td><\/tr><tr><td><strong>Ladeanschluss<\/strong><\/td><td>Typ-C-Schnellaufladung<\/td><\/tr><tr><td><strong>LED-Anzeige<\/strong><\/td><td>Echtzeit-Informationen zu Batterie und E-Liquid<\/td><\/tr><tr><td><strong>Geschm\u00e4cker<\/strong><\/td><td>12 Mutige Optionen<\/td><\/tr><\/tbody><\/table><\/figure>\n\n\n\n<h3 class=\"wp-block-heading\"><strong>Geschmacksliste:<\/strong><\/h3>\n\n\n\n<ol class=\"wp-block-list\">\n<li>Wassermelone<\/li>\n\n\n\n<li>Erdbeere Wassermelone<\/li>\n\n\n\n<li>Blaubeereis<\/li>\n\n\n\n<li>Heidelbeere-Himbeere<\/li>\n\n\n\n<li>Erdbeereis<\/li>\n\n\n\n<li>Erdbeer-Kiwi<\/li>\n\n\n\n<li>Mango Pfirsich Wassermelone<\/li>\n\n\n\n<li>Kiwi Passionsfrucht Guave<\/li>\n\n\n\n<li>Pfirsich-Eis<\/li>\n\n\n\n<li>Gemischte Beeren<\/li>\n\n\n\n<li>Heidelbeere Traube<\/li>\n\n\n\n<li>Wassermelone Bubblegum<\/li>\n<\/ol>\n\n\n\n<h3 class=\"wp-block-heading\"><strong>Warum Bang Tornado 20000 Puffs w\u00e4hlen?<\/strong><\/h3>\n\n\n\n<ul class=\"wp-block-list\">\n<li><strong>Lang anhaltende Pusteleistung:<\/strong> Mit bis zu <strong>20K Puffs<\/strong>, Genie\u00dfen Sie ein intensives Dampferlebnis ohne h\u00e4ufiges Auswechseln.<\/li>\n\n\n\n<li><strong>Premium E-Fl\u00fcssigkeit Kapazit\u00e4t:<\/strong> <strong>26mL<\/strong> von e-Fl\u00fcssigkeit sorgt daf\u00fcr, dass Sie die maximale Nutzung von jedem Ger\u00e4t, reduziert Nachf\u00fcllungen und erh\u00f6ht den Komfort.<\/li>\n\n\n\n<li><strong>Individuelles Vaping-Erlebnis:<\/strong> Die <strong>einstellbarer Luftstrom<\/strong> und <strong>1.0\u03a9 Maschenspule<\/strong> verbessern den Geschmack und die Dampfproduktion, so dass Sie jede Sitzung auf Ihre pers\u00f6nlichen Vorlieben abstimmen k\u00f6nnen.<\/li>\n\n\n\n<li><strong>\u00dcberwachung in Echtzeit:<\/strong> Die <strong>LED-Anzeige<\/strong> liefert sofortige Informationen \u00fcber den F\u00fcllstand von Akku und E-Liquid, sodass Sie immer die Kontrolle behalten.<\/li>\n\n\n\n<li><strong>Schnelles Aufladen:<\/strong> <strong>Typ-C-Schnellladung<\/strong> sorgt f\u00fcr minimale Ausfallzeiten, so dass Sie im Handumdrehen wieder dampfen k\u00f6nnen.<\/li>\n\n\n\n<li><strong>Breite Geschmacksauswahl:<\/strong> Mit <strong>12 k\u00f6stliche Geschmacksrichtungen<\/strong> und Nikotinst\u00e4rken von <strong>0% bis 5%<\/strong>, die <strong>Knall-Tornado<\/strong> erf\u00fcllt die Bed\u00fcrfnisse aller Dampfer.<\/li>\n<\/ul>\n\n\n\n<p>Erh\u00f6hen Sie Ihr Dampferlebnis mit dem <strong>Bang Tornado 20K Puffs LED Display Edition Einweg Vape Pen<\/strong>-Entworfen f\u00fcr Leistung, Komfort und kr\u00e4ftigen Geschmack. Perfekt f\u00fcr jeden Vaper, der einen zuverl\u00e4ssigen Einwegdampfer mit hoher Kapazit\u00e4t sucht.<\/p>\n\n\n\n<p>Schlie\u00dfen Sie sich Tausenden von zufriedenen Vapern an, die Bang Ger\u00e4te lieben! Entdecke unser <a href=\"https:\/\/vapemaison.com\">Homepage<\/a> f\u00fcr Neuank\u00f6mmlinge, sehen Sie sich die <a href=\"https:\/\/vapemaison.com\/shop\">Shop<\/a> f\u00fcr das gesamte Sortiment oder erfahren Sie mehr \u00fcber die <a href=\"https:\/\/vapemaison.com\/brand\/bang\">Marke Bang<\/a> die in aller Munde sind. Entdecken Sie zur Abwechslung <a href=\"https:\/\/vapemaison.com\/brand\/humo-azul\/\">Humo Vape Markenkollektion<\/a> Produkte oder durchsuchen Sie alle <a href=\"https:\/\/vapemaison.com\/product-category\/puffs-count\/\">Puffs vapes<\/a> an einem Ort.<\/p>","protected":false},"excerpt":{"rendered":"<div id=\"model-response-message-contentr_41a9ae1d0168c6d5\" class=\"markdown markdown-main-panel stronger enable-updated-hr-color\" dir=\"ltr\" aria-live=\"polite\" aria-busy=\"false\">\n<p data-path-to-node=\"0\">Erleben Sie 20.000 Z\u00fcge pr\u00e4zisionsgefertigten Dampfes mit dem <b data-path-to-node=\"0\" data-index-in-node=\"63\">Bang Tornado 20K<\/b>, mit einem leistungsstarken 1000mAh-Akku und einstellbarem Luftstrom f\u00fcr einen ganz individuellen Zug. \u00dcberwachen Sie Ihre Ebenen auf einen Blick mit der Echtzeit-LED-Anzeige und genie\u00dfen Sie konsistente, reichen Geschmack von der 1,0 \u03a9 Mesh-Spule-W\u00e4hlen Sie Ihre Nikotinst\u00e4rke jetzt dieses Hochleistungsmodell mit unserer aktuellen schnellen Versandgarantie zu sichern.<\/p>\n<\/div>","protected":false},"featured_media":16727,"comment_status":"open","ping_status":"closed","template":"","meta":[],"product_brand":[57],"product_cat":[133,16],"product_tag":[],"class_list":{"0":"post-16722","1":"product","2":"type-product","3":"status-publish","4":"has-post-thumbnail","6":"product_brand-bang","7":"product_cat-20k-puffs","8":"product_cat-uncategorized","10":"first","11":"instock","12":"sale","13":"shipping-taxable","14":"purchasable","15":"product-type-variable"},"yoast_head":"<!-- This site is optimized with the Yoast SEO plugin v27.4 - https:\/\/yoast.com\/product\/yoast-seo-wordpress\/ -->\n<title>Bang Tornado 20k Puffs Disposable Vape \u2013 LED Display<\/title>\n<meta name=\"description\" content=\"Enjoy up to 20k puffs with the Bang Tornado Disposable Vape. Featuring 26mL e-liquid, 1.0\u03a9 mesh coil, and LED display for a premium vaping experience.\" \/>\n<meta name=\"robots\" content=\"index, follow, max-snippet:-1, max-image-preview:large, max-video-preview:-1\" \/>\n<link rel=\"canonical\" href=\"https:\/\/vapemaison.com\/de\/product\/bang-tornado-20k-puffs-wegwerfbares-vape\/\" \/>\n<meta property=\"og:locale\" content=\"de_DE\" \/>\n<meta property=\"og:type\" content=\"article\" \/>\n<meta property=\"og:title\" content=\"Bang Tornado 20k Puffs Disposable Vape \u2013 LED Display\" \/>\n<meta property=\"og:description\" content=\"Enjoy up to 20k puffs with the Bang Tornado Disposable Vape. Featuring 26mL e-liquid, 1.0\u03a9 mesh coil, and LED display for a premium vaping experience.\" \/>\n<meta property=\"og:url\" content=\"https:\/\/vapemaison.com\/de\/product\/bang-tornado-20k-puffs-wegwerfbares-vape\/\" \/>\n<meta property=\"og:site_name\" content=\"VapeMaison\" \/>\n<meta property=\"article:modified_time\" content=\"2025-12-22T09:38:44+00:00\" \/>\n<meta property=\"og:image\" content=\"https:\/\/vapemaison.com\/wp-content\/uploads\/2025\/12\/vape-bang-tornado-20000-puffs-main-picture.jpg.webp\" \/>\n\t<meta property=\"og:image:width\" content=\"1000\" \/>\n\t<meta property=\"og:image:height\" content=\"1000\" \/>\n\t<meta property=\"og:image:type\" content=\"image\/webp\" \/>\n<meta name=\"twitter:card\" content=\"summary_large_image\" \/>\n<meta name=\"twitter:label1\" content=\"Gesch\u00e4tzte Lesezeit\" \/>\n\t<meta name=\"twitter:data1\" content=\"3\u00a0Minuten\" \/>\n<!-- \/ Yoast SEO plugin. -->","yoast_head_json":{"title":"Bang Tornado 20k Puffs Einweg-Vape - LED-Anzeige","description":"Genie\u00dfen Sie bis zu 20k Puffs mit dem Bang Tornado Einweg-Vape. Mit 26mL e-Fl\u00fcssigkeit, 1.0\u03a9 Mesh-Spule und LED-Anzeige f\u00fcr ein Premium-Vaping-Erlebnis.","robots":{"index":"index","follow":"follow","max-snippet":"max-snippet:-1","max-image-preview":"max-image-preview:large","max-video-preview":"max-video-preview:-1"},"canonical":"https:\/\/vapemaison.com\/de\/product\/bang-tornado-20k-puffs-wegwerfbares-vape\/","og_locale":"de_DE","og_type":"article","og_title":"Bang Tornado 20k Puffs Disposable Vape \u2013 LED Display","og_description":"Enjoy up to 20k puffs with the Bang Tornado Disposable Vape. Featuring 26mL e-liquid, 1.0\u03a9 mesh coil, and LED display for a premium vaping experience.","og_url":"https:\/\/vapemaison.com\/de\/product\/bang-tornado-20k-puffs-wegwerfbares-vape\/","og_site_name":"VapeMaison","article_modified_time":"2025-12-22T09:38:44+00:00","og_image":[{"width":1000,"height":1000,"url":"https:\/\/vapemaison.com\/wp-content\/uploads\/2025\/12\/vape-bang-tornado-20000-puffs-main-picture.jpg.webp","type":"image\/webp"}],"twitter_card":"summary_large_image","twitter_misc":{"Gesch\u00e4tzte Lesezeit":"3\u00a0Minuten"},"schema":{"@context":"https:\/\/schema.org","@graph":[{"@type":"WebPage","@id":"https:\/\/vapemaison.com\/product\/bang-tornado-20k-puffs-disposable-vape\/","url":"https:\/\/vapemaison.com\/product\/bang-tornado-20k-puffs-disposable-vape\/","name":"Bang Tornado 20k Puffs Einweg-Vape - LED-Anzeige","isPartOf":{"@id":"https:\/\/vapemaison.com\/#website"},"primaryImageOfPage":{"@id":"https:\/\/vapemaison.com\/product\/bang-tornado-20k-puffs-disposable-vape\/#primaryimage"},"image":{"@id":"https:\/\/vapemaison.com\/product\/bang-tornado-20k-puffs-disposable-vape\/#primaryimage"},"thumbnailUrl":"https:\/\/vapemaison.com\/wp-content\/uploads\/2025\/12\/vape-bang-tornado-20000-puffs-main-picture.jpg.webp","datePublished":"2025-12-10T08:50:20+00:00","dateModified":"2025-12-22T09:38:44+00:00","description":"Genie\u00dfen Sie bis zu 20k Puffs mit dem Bang Tornado Einweg-Vape. Mit 26mL e-Fl\u00fcssigkeit, 1.0\u03a9 Mesh-Spule und LED-Anzeige f\u00fcr ein Premium-Vaping-Erlebnis.","breadcrumb":{"@id":"https:\/\/vapemaison.com\/product\/bang-tornado-20k-puffs-disposable-vape\/#breadcrumb"},"inLanguage":"de","potentialAction":[{"@type":"ReadAction","target":["https:\/\/vapemaison.com\/product\/bang-tornado-20k-puffs-disposable-vape\/"]}]},{"@type":"ImageObject","inLanguage":"de","@id":"https:\/\/vapemaison.com\/product\/bang-tornado-20k-puffs-disposable-vape\/#primaryimage","url":"https:\/\/vapemaison.com\/wp-content\/uploads\/2025\/12\/vape-bang-tornado-20000-puffs-main-picture.jpg.webp","contentUrl":"https:\/\/vapemaison.com\/wp-content\/uploads\/2025\/12\/vape-bang-tornado-20000-puffs-main-picture.jpg.webp","width":1000,"height":1000,"caption":"Vape Bang Tornado Puffs Main Picture.jpg"},{"@type":"BreadcrumbList","@id":"https:\/\/vapemaison.com\/product\/bang-tornado-20k-puffs-disposable-vape\/#breadcrumb","itemListElement":[{"@type":"ListItem","position":1,"name":"\u9996\u9875","item":"https:\/\/vapemaison.com\/"},{"@type":"ListItem","position":2,"name":"Shop","item":"https:\/\/vapemaison.com\/shop\/"},{"@type":"ListItem","position":3,"name":"Bang","item":"https:\/\/vapemaison.com\/brand\/bang\/"},{"@type":"ListItem","position":4,"name":"Bang Tornado 20K Puffs LED Display Disposable Vape"}]},{"@type":"WebSite","@id":"https:\/\/vapemaison.com\/#website","url":"https:\/\/vapemaison.com\/","name":"VapeMaison","description":"Premium Vaping-Ger\u00e4te und Zubeh\u00f6r","publisher":{"@id":"https:\/\/vapemaison.com\/#organization"},"potentialAction":[{"@type":"SearchAction","target":{"@type":"EntryPoint","urlTemplate":"https:\/\/vapemaison.com\/?s={search_term_string}"},"query-input":{"@type":"PropertyValueSpecification","valueRequired":true,"valueName":"search_term_string"}}],"inLanguage":"de"},{"@type":"Organization","@id":"https:\/\/vapemaison.com\/#organization","name":"VapeMaison","url":"https:\/\/vapemaison.com\/","logo":{"@type":"ImageObject","inLanguage":"de","@id":"https:\/\/vapemaison.com\/#\/schema\/logo\/image\/","url":"https:\/\/vapemaison.com\/wp-content\/uploads\/2026\/01\/cropped-vapemaison-logo-g-2026.webp","contentUrl":"https:\/\/vapemaison.com\/wp-content\/uploads\/2026\/01\/cropped-vapemaison-logo-g-2026.webp","width":350,"height":280,"caption":"VapeMaison"},"image":{"@id":"https:\/\/vapemaison.com\/#\/schema\/logo\/image\/"},"sameAs":["https:\/\/www.youtube.com\/@VapeMaison"]}]}},"tiered_pricing_type":"fixed","tiered_pricing_fixed_rules":{"30":"9.99","50":"9.12","100":"8.54","200":"7.26"},"tiered_pricing_product_settings":{"layout":"default","base_unit_name":{"singular":null,"plural":null},"default_variation":null},"tiered_pricing_minimum_quantity":10,"tiered_pricing_roles_data":[],"tiered_pricing_percentage_rules":[],"tiered_pricing_maximum_quantity":null,"tiered_pricing_quantity_step":"10","_links":{"self":[{"href":"https:\/\/vapemaison.com\/de\/wp-json\/wp\/v2\/product\/16722","targetHints":{"allow":["GET"]}}],"collection":[{"href":"https:\/\/vapemaison.com\/de\/wp-json\/wp\/v2\/product"}],"about":[{"href":"https:\/\/vapemaison.com\/de\/wp-json\/wp\/v2\/types\/product"}],"replies":[{"embeddable":true,"href":"https:\/\/vapemaison.com\/de\/wp-json\/wp\/v2\/comments?post=16722"}],"version-history":[{"count":0,"href":"https:\/\/vapemaison.com\/de\/wp-json\/wp\/v2\/product\/16722\/revisions"}],"wp:featuredmedia":[{"embeddable":true,"href":"https:\/\/vapemaison.com\/de\/wp-json\/wp\/v2\/media\/16727"}],"wp:attachment":[{"href":"https:\/\/vapemaison.com\/de\/wp-json\/wp\/v2\/media?parent=16722"}],"wp:term":[{"taxonomy":"product_brand","embeddable":true,"href":"https:\/\/vapemaison.com\/de\/wp-json\/wp\/v2\/product_brand?post=16722"},{"taxonomy":"product_cat","embeddable":true,"href":"https:\/\/vapemaison.com\/de\/wp-json\/wp\/v2\/product_cat?post=16722"},{"taxonomy":"product_tag","embeddable":true,"href":"https:\/\/vapemaison.com\/de\/wp-json\/wp\/v2\/product_tag?post=16722"}],"curies":[{"name":"wp","href":"https:\/\/api.w.org\/{rel}","templated":true}]}}