

{"id":16781,"date":"2025-12-10T09:53:54","date_gmt":"2025-12-10T09:53:54","guid":{"rendered":"https:\/\/vapemaison.com\/?post_type=product&#038;p=16781"},"modified":"2025-12-22T09:38:12","modified_gmt":"2025-12-22T09:38:12","slug":"bang-tornado-40k-puffs-wegwerfbares-vape","status":"publish","type":"product","link":"https:\/\/vapemaison.com\/de\/product\/bang-tornado-40k-puffs-disposable-vape\/","title":{"rendered":"Bang Tornado 40K Puffs LED Display Einweg Vape"},"content":{"rendered":"<h3 class=\"wp-block-heading\"><strong>Bang Tornado 40K Puffs Large Smoke LED Display Disposable Vape - Die ultimative Vaping Erfahrung<\/strong><\/h3>\n\n\n\n<p>Die <strong>Bang Tornado 40K Puffs gro\u00dfen Rauch LED-Display Einweg-Vape<\/strong> wurde f\u00fcr Dampfer entwickelt, die die ultimative Kombination aus Leistung, Stil und Komfort suchen. Mit der F\u00e4higkeit zu liefern bis zu <strong>40K Puffs<\/strong>, Dieses Ger\u00e4t mit hoher Kapazit\u00e4t eignet sich perfekt f\u00fcr l\u00e4ngere Vaping-Sessions ohne h\u00e4ufiges Nachf\u00fcllen oder Austauschen.<\/p>\n\n\n\n<p>Ausgestattet mit <strong>drei fortschrittliche Netzspulen<\/strong>, die <strong>Knall-Tornado<\/strong> produziert konsistenten, geschmackvollen Dampf und massive Wolken mit jedem Zug. Die <strong>intelligente LED-Anzeige<\/strong> liefert Echtzeit-Updates zum Fl\u00fcssigkeits- und Akkustand, damit Sie immer \u00fcber den Status Ihres Ger\u00e4ts informiert sind.<\/p>\n\n\n\n<p>Die <strong>850mAh wiederaufladbare Batterie<\/strong> garantiert eine lang anhaltende Leistung, und die <strong>Typ-C-Ladeanschluss<\/strong> bietet schnelles Aufladen, minimiert die Ausfallzeit und maximiert Ihr Dampferlebnis. Verf\u00fcgbar in <strong>0%, 2%, 3% und 5% Nikotinst\u00e4rke<\/strong>, und mit <strong>12 einzigartige Geschmacksoptionen<\/strong>, die <strong>Bang Tornado 40000<\/strong> bietet eine breite Palette von Vorlieben, egal ob Sie ein nikotinfreies Erlebnis oder einen st\u00e4rkeren Zug bevorzugen.<\/p>\n\n\n\n<p>Jedes Ger\u00e4t wird verpackt mit <strong>8 St\u00fcck pro Displaykarton<\/strong>, und ist damit sowohl f\u00fcr Einzelpersonen als auch f\u00fcr Einzelh\u00e4ndler ideal. W\u00e4hlen Sie die <strong>Bang Tornado 40K Puffs LED Display Einweg Vape<\/strong> f\u00fcr ein \u00fcberragendes, hochtechnologisches Dampferlebnis, das sich von anderen abhebt.<\/p>\n\n\n\n<h3 class=\"wp-block-heading\"><strong>Wesentliche Merkmale:<\/strong><\/h3>\n\n\n\n<figure class=\"wp-block-table\"><table class=\"has-fixed-layout\"><thead><tr><th><strong>Merkmal<\/strong><\/th><th><strong>Spezifikation<\/strong><\/th><\/tr><\/thead><tbody><tr><td><strong>Puff-Kapazit\u00e4t<\/strong><\/td><td>Bis zu 40K Puffs<\/td><\/tr><tr><td><strong>Nikotinst\u00e4rke<\/strong><\/td><td>0%, 2%, 3%, 5%<\/td><\/tr><tr><td><strong>E-Liquid Kapazit\u00e4t<\/strong><\/td><td>40mL<\/td><\/tr><tr><td><strong>Spule Typ<\/strong><\/td><td>Drei fortschrittliche Mesh-Spulen<\/td><\/tr><tr><td><strong>Bildschirm-Funktionen<\/strong><\/td><td>Intelligenter LED-Bildschirm (Batterie- und Fl\u00fcssigkeitsstand)<\/td><\/tr><tr><td><strong>Batteriekapazit\u00e4t<\/strong><\/td><td>850mAh Wiederaufladbar<\/td><\/tr><tr><td><strong>Methode der Aufladung<\/strong><\/td><td>Typ-C-Schnellaufladung<\/td><\/tr><tr><td><strong>Geschm\u00e4cker<\/strong><\/td><td>12 Geschmacksoptionen<\/td><\/tr><tr><td><strong>Verpackung<\/strong><\/td><td>8 St\u00fcck pro Displaykarton<\/td><\/tr><\/tbody><\/table><\/figure>\n\n\n\n<h3 class=\"wp-block-heading\"><strong>Verf\u00fcgbare Geschmacksrichtungen:<\/strong><\/h3>\n\n\n\n<ol class=\"wp-block-list\">\n<li>Pfirsich-Eis<\/li>\n\n\n\n<li>Liebe 66<\/li>\n\n\n\n<li>Dreifach-Beere<\/li>\n\n\n\n<li>Heidelbeere-Zitrone<\/li>\n\n\n\n<li>Energy-Drink<\/li>\n\n\n\n<li>Doppelter Apfel<\/li>\n\n\n\n<li>Mango Pfirsich<\/li>\n\n\n\n<li>Heidelbeere Traube<\/li>\n\n\n\n<li>Erdbeere Wassermelone<\/li>\n\n\n\n<li>Erdbeer-Kiwi<\/li>\n\n\n\n<li>Heidelbeere-Himbeere<\/li>\n\n\n\n<li>Wassermelone<\/li>\n<\/ol>\n\n\n\n<h3 class=\"wp-block-heading\"><strong>Warum Bang Tornado 40000 Puffs w\u00e4hlen?<\/strong><\/h3>\n\n\n\n<ul class=\"wp-block-list\">\n<li><strong>Beeindruckende Puffkapazit\u00e4t:<\/strong> Mit bis zu <strong>40K Puffs<\/strong>, Genie\u00dfen Sie ausgedehnte Vaping-Sessions ohne h\u00e4ufiges Auswechseln oder Nachf\u00fcllen.<\/li>\n\n\n\n<li><strong>Erweiterte Mesh-Spulen:<\/strong> Die <strong>drei Maschenspulen<\/strong> sorgen f\u00fcr eine gleichm\u00e4\u00dfige Dampfproduktion und eine verbesserte Geschmacksabgabe, so dass jeder Zug sanft und befriedigend ist.<\/li>\n\n\n\n<li><strong>Intelligente LED-Anzeige:<\/strong> Behalten Sie den \u00dcberblick \u00fcber Ihre <strong>Batterie- und E-Liquid-F\u00fcllst\u00e4nde<\/strong> in Echtzeit \u00fcber den intuitiven LED-Bildschirm.<\/li>\n\n\n\n<li><strong>Schnelles Aufladen:<\/strong> Die <strong>Typ-C-Laden<\/strong> sorgt f\u00fcr schnelles Aufladen, minimiert die Ausfallzeit und h\u00e4lt Sie bereit zum Dampfen.<\/li>\n\n\n\n<li><strong>Breite Geschmacks- und Nikotinpalette:<\/strong> Verf\u00fcgbar in <strong>12 einzigartige Geschmacksrichtungen<\/strong> und Nikotinst\u00e4rken von <strong>0% bis 5%<\/strong>, Der Bang Tornado wird einer Vielzahl von Vorlieben gerecht.<\/li>\n<\/ul>\n\n\n\n<p>Erh\u00f6hen Sie Ihr Dampferlebnis mit dem <strong>Bang Tornado 40000 Puffs LED Display Einweg Vape<\/strong> - entwickelt f\u00fcr alle, die Leistung, Geschmack und Stil in einem Ger\u00e4t suchen.<\/p>\n\n\n\n<p>Schlie\u00dfen Sie sich Tausenden von zufriedenen Vapern an, die Bang Ger\u00e4te lieben! Entdecke unser <a href=\"https:\/\/vapemaison.com\">Homepage<\/a> f\u00fcr Neuank\u00f6mmlinge, sehen Sie sich die <a href=\"https:\/\/vapemaison.com\/shop\">Shop<\/a> f\u00fcr das gesamte Sortiment oder erfahren Sie mehr \u00fcber die <a href=\"https:\/\/vapemaison.com\/brand\/bang\">Marke Bang<\/a> die in aller Munde sind. Entdecken Sie zur Abwechslung <a href=\"https:\/\/vapemaison.com\/brand\/humo-azul\/\">Humo Vape Markenkollektion<\/a> Produkte oder durchsuchen Sie alle <a href=\"https:\/\/vapemaison.com\/product-category\/puffs-count\/\">Puffs vapes<\/a> an einem Ort.<\/p>","protected":false},"excerpt":{"rendered":"<p>Entfesseln Sie das ultimative Cloud-Chasing-Erlebnis mit dem <b data-path-to-node=\"0\" data-index-in-node=\"55\">Bang Tornado 40K<\/b>, mit einem dreifachen Mesh-Spulensystem und einem massiven 40mL Fassungsverm\u00f6gen f\u00fcr intensiven Geschmack und massive Dampfproduktion. Behalten Sie die volle Kontrolle mit dem intelligenten LED-Display und einem robusten 850mAh Akku - bestellen Sie noch heute, um sich Ihre bevorzugte Nikotinst\u00e4rke zu sichern und nutzen Sie unser aktuelles Schnellversandangebot.<\/p>","protected":false},"featured_media":16788,"comment_status":"open","ping_status":"closed","template":"","meta":[],"product_brand":[57],"product_cat":[135],"product_tag":[],"class_list":{"0":"post-16781","1":"product","2":"type-product","3":"status-publish","4":"has-post-thumbnail","6":"product_brand-bang","7":"product_cat-40k-puffs","9":"first","10":"instock","11":"sale","12":"shipping-taxable","13":"purchasable","14":"product-type-variable"},"yoast_head":"<!-- This site is optimized with the Yoast SEO plugin v27.4 - https:\/\/yoast.com\/product\/yoast-seo-wordpress\/ -->\n<title>Bang Tornado 40k Puffs Disposable Vape \u2013 LED Display - VapeMaison<\/title>\n<meta name=\"description\" content=\"Enjoy up to 40k puffs with the Bang Tornado Disposable Vape. Features 40mL e-liquid, 3 mesh coils, LED display, and Type-C charging.\" \/>\n<meta name=\"robots\" content=\"index, follow, max-snippet:-1, max-image-preview:large, max-video-preview:-1\" \/>\n<link rel=\"canonical\" href=\"https:\/\/vapemaison.com\/de\/product\/bang-tornado-40k-puffs-wegwerfbares-vape\/\" \/>\n<meta property=\"og:locale\" content=\"de_DE\" \/>\n<meta property=\"og:type\" content=\"article\" \/>\n<meta property=\"og:title\" content=\"Bang Tornado 40k Puffs Disposable Vape \u2013 LED Display - VapeMaison\" \/>\n<meta property=\"og:description\" content=\"Enjoy up to 40k puffs with the Bang Tornado Disposable Vape. Features 40mL e-liquid, 3 mesh coils, LED display, and Type-C charging.\" \/>\n<meta property=\"og:url\" content=\"https:\/\/vapemaison.com\/de\/product\/bang-tornado-40k-puffs-wegwerfbares-vape\/\" \/>\n<meta property=\"og:site_name\" content=\"VapeMaison\" \/>\n<meta property=\"article:modified_time\" content=\"2025-12-22T09:38:12+00:00\" \/>\n<meta property=\"og:image\" content=\"https:\/\/vapemaison.com\/wp-content\/uploads\/2025\/12\/vape-bang-tornado-40000-puffs-triple-berry-654x690.jpg.webp\" \/>\n\t<meta property=\"og:image:width\" content=\"654\" \/>\n\t<meta property=\"og:image:height\" content=\"690\" \/>\n\t<meta property=\"og:image:type\" content=\"image\/webp\" \/>\n<meta name=\"twitter:card\" content=\"summary_large_image\" \/>\n<meta name=\"twitter:label1\" content=\"Gesch\u00e4tzte Lesezeit\" \/>\n\t<meta name=\"twitter:data1\" content=\"3\u00a0Minuten\" \/>\n<!-- \/ Yoast SEO plugin. -->","yoast_head_json":{"title":"Bang Tornado 40k Puffs Einweg Vape - LED Anzeige - VapeMaison","description":"Genie\u00dfe bis zu 40k Z\u00fcge mit dem Bang Tornado Disposable Vape. Verf\u00fcgt \u00fcber 40mL e-Fl\u00fcssigkeit, 3 Mesh-Spulen, LED-Anzeige und Typ-C-Ladung.","robots":{"index":"index","follow":"follow","max-snippet":"max-snippet:-1","max-image-preview":"max-image-preview:large","max-video-preview":"max-video-preview:-1"},"canonical":"https:\/\/vapemaison.com\/de\/product\/bang-tornado-40k-puffs-wegwerfbares-vape\/","og_locale":"de_DE","og_type":"article","og_title":"Bang Tornado 40k Puffs Disposable Vape \u2013 LED Display - VapeMaison","og_description":"Enjoy up to 40k puffs with the Bang Tornado Disposable Vape. Features 40mL e-liquid, 3 mesh coils, LED display, and Type-C charging.","og_url":"https:\/\/vapemaison.com\/de\/product\/bang-tornado-40k-puffs-wegwerfbares-vape\/","og_site_name":"VapeMaison","article_modified_time":"2025-12-22T09:38:12+00:00","og_image":[{"width":654,"height":690,"url":"https:\/\/vapemaison.com\/wp-content\/uploads\/2025\/12\/vape-bang-tornado-40000-puffs-triple-berry-654x690.jpg.webp","type":"image\/webp"}],"twitter_card":"summary_large_image","twitter_misc":{"Gesch\u00e4tzte Lesezeit":"3\u00a0Minuten"},"schema":{"@context":"https:\/\/schema.org","@graph":[{"@type":"WebPage","@id":"https:\/\/vapemaison.com\/product\/bang-tornado-40k-puffs-disposable-vape\/","url":"https:\/\/vapemaison.com\/product\/bang-tornado-40k-puffs-disposable-vape\/","name":"Bang Tornado 40k Puffs Einweg Vape - LED Anzeige - VapeMaison","isPartOf":{"@id":"https:\/\/vapemaison.com\/#website"},"primaryImageOfPage":{"@id":"https:\/\/vapemaison.com\/product\/bang-tornado-40k-puffs-disposable-vape\/#primaryimage"},"image":{"@id":"https:\/\/vapemaison.com\/product\/bang-tornado-40k-puffs-disposable-vape\/#primaryimage"},"thumbnailUrl":"https:\/\/vapemaison.com\/wp-content\/uploads\/2025\/12\/vape-bang-tornado-40000-puffs-triple-berry-654x690.jpg.webp","datePublished":"2025-12-10T09:53:54+00:00","dateModified":"2025-12-22T09:38:12+00:00","description":"Genie\u00dfe bis zu 40k Z\u00fcge mit dem Bang Tornado Disposable Vape. Verf\u00fcgt \u00fcber 40mL e-Fl\u00fcssigkeit, 3 Mesh-Spulen, LED-Anzeige und Typ-C-Ladung.","breadcrumb":{"@id":"https:\/\/vapemaison.com\/product\/bang-tornado-40k-puffs-disposable-vape\/#breadcrumb"},"inLanguage":"de","potentialAction":[{"@type":"ReadAction","target":["https:\/\/vapemaison.com\/product\/bang-tornado-40k-puffs-disposable-vape\/"]}]},{"@type":"ImageObject","inLanguage":"de","@id":"https:\/\/vapemaison.com\/product\/bang-tornado-40k-puffs-disposable-vape\/#primaryimage","url":"https:\/\/vapemaison.com\/wp-content\/uploads\/2025\/12\/vape-bang-tornado-40000-puffs-triple-berry-654x690.jpg.webp","contentUrl":"https:\/\/vapemaison.com\/wp-content\/uploads\/2025\/12\/vape-bang-tornado-40000-puffs-triple-berry-654x690.jpg.webp","width":654,"height":690,"caption":"Vape Bang Tornado Puffs Triple Berry 654x690.jpg"},{"@type":"BreadcrumbList","@id":"https:\/\/vapemaison.com\/product\/bang-tornado-40k-puffs-disposable-vape\/#breadcrumb","itemListElement":[{"@type":"ListItem","position":1,"name":"\u9996\u9875","item":"https:\/\/vapemaison.com\/"},{"@type":"ListItem","position":2,"name":"Shop","item":"https:\/\/vapemaison.com\/shop\/"},{"@type":"ListItem","position":3,"name":"Bang","item":"https:\/\/vapemaison.com\/brand\/bang\/"},{"@type":"ListItem","position":4,"name":"Bang Tornado 40K Puffs LED Display Disposable Vape"}]},{"@type":"WebSite","@id":"https:\/\/vapemaison.com\/#website","url":"https:\/\/vapemaison.com\/","name":"VapeMaison","description":"Premium Vaping-Ger\u00e4te und Zubeh\u00f6r","publisher":{"@id":"https:\/\/vapemaison.com\/#organization"},"potentialAction":[{"@type":"SearchAction","target":{"@type":"EntryPoint","urlTemplate":"https:\/\/vapemaison.com\/?s={search_term_string}"},"query-input":{"@type":"PropertyValueSpecification","valueRequired":true,"valueName":"search_term_string"}}],"inLanguage":"de"},{"@type":"Organization","@id":"https:\/\/vapemaison.com\/#organization","name":"VapeMaison","url":"https:\/\/vapemaison.com\/","logo":{"@type":"ImageObject","inLanguage":"de","@id":"https:\/\/vapemaison.com\/#\/schema\/logo\/image\/","url":"https:\/\/vapemaison.com\/wp-content\/uploads\/2026\/01\/cropped-vapemaison-logo-g-2026.webp","contentUrl":"https:\/\/vapemaison.com\/wp-content\/uploads\/2026\/01\/cropped-vapemaison-logo-g-2026.webp","width":350,"height":280,"caption":"VapeMaison"},"image":{"@id":"https:\/\/vapemaison.com\/#\/schema\/logo\/image\/"},"sameAs":["https:\/\/www.youtube.com\/@VapeMaison"]}]}},"tiered_pricing_type":"fixed","tiered_pricing_fixed_rules":{"30":"11.99","50":"10.99","100":"9.56","200":"8.42"},"tiered_pricing_product_settings":{"layout":"default","base_unit_name":{"singular":null,"plural":null},"default_variation":null},"tiered_pricing_minimum_quantity":10,"tiered_pricing_roles_data":[],"tiered_pricing_percentage_rules":[],"tiered_pricing_maximum_quantity":null,"tiered_pricing_quantity_step":"10","_links":{"self":[{"href":"https:\/\/vapemaison.com\/de\/wp-json\/wp\/v2\/product\/16781","targetHints":{"allow":["GET"]}}],"collection":[{"href":"https:\/\/vapemaison.com\/de\/wp-json\/wp\/v2\/product"}],"about":[{"href":"https:\/\/vapemaison.com\/de\/wp-json\/wp\/v2\/types\/product"}],"replies":[{"embeddable":true,"href":"https:\/\/vapemaison.com\/de\/wp-json\/wp\/v2\/comments?post=16781"}],"version-history":[{"count":0,"href":"https:\/\/vapemaison.com\/de\/wp-json\/wp\/v2\/product\/16781\/revisions"}],"wp:featuredmedia":[{"embeddable":true,"href":"https:\/\/vapemaison.com\/de\/wp-json\/wp\/v2\/media\/16788"}],"wp:attachment":[{"href":"https:\/\/vapemaison.com\/de\/wp-json\/wp\/v2\/media?parent=16781"}],"wp:term":[{"taxonomy":"product_brand","embeddable":true,"href":"https:\/\/vapemaison.com\/de\/wp-json\/wp\/v2\/product_brand?post=16781"},{"taxonomy":"product_cat","embeddable":true,"href":"https:\/\/vapemaison.com\/de\/wp-json\/wp\/v2\/product_cat?post=16781"},{"taxonomy":"product_tag","embeddable":true,"href":"https:\/\/vapemaison.com\/de\/wp-json\/wp\/v2\/product_tag?post=16781"}],"curies":[{"name":"wp","href":"https:\/\/api.w.org\/{rel}","templated":true}]}}