

{"id":16839,"date":"2025-12-10T10:14:49","date_gmt":"2025-12-10T10:14:49","guid":{"rendered":"https:\/\/vapemaison.com\/?post_type=product&#038;p=16839"},"modified":"2025-12-22T09:29:09","modified_gmt":"2025-12-22T09:29:09","slug":"bang-king-triple-45000-puffs-vape","status":"publish","type":"product","link":"https:\/\/vapemaison.com\/de\/product\/bang-king-triple-45000-puffs-vape\/","title":{"rendered":"Bang King Triple 45000 Puffs Wiederaufladbare Einweg-Vape"},"content":{"rendered":"<h3 class=\"wp-block-heading\"><strong>Bang King Triple 45000 Puffs Disposable Vape - Vielseitigkeit neu definiert<\/strong><\/h3>\n\n\n\n<p>Die <strong>Bang King Dreifach 45000 Puffs<\/strong> ist ein revolution\u00e4rer Einwegdampfer, der die Geschmacksvielfalt auf die n\u00e4chste Stufe hebt. Ausgestattet mit einem innovativen <strong>3-in-1-Geschmacksumschaltsystem<\/strong>, Dieses Ger\u00e4t erm\u00f6glicht es Ihnen, nahtlos zwischen drei verschiedenen Geschmacksrichtungen zu wechseln, um ein dynamisches Dampferlebnis zu erhalten. Mit der F\u00e4higkeit zu liefern bis zu <strong>45.000 Z\u00fcge<\/strong>, Mit dem Bang King Triple 45000 sind alle zufrieden, die sich nach Abwechslung und Leistung bei jeder Session sehnen.<\/p>\n\n\n\n<p>Angetrieben von einem <strong>650mAh wiederaufladbare Batterie<\/strong>, Dieser Vape bietet eine zuverl\u00e4ssige, konsistente Leistung, mit dem zus\u00e4tzlichen Vorteil, dass <strong>Typ-C-Schnellladung<\/strong> f\u00fcr schnelles und bequemes Aufladen. Die <strong>dreifache 1.0\u03a9 Mesh-Spulen<\/strong> sorgen w\u00e4hrend der gesamten Lebensdauer des Ger\u00e4ts f\u00fcr sanften Dampf und reichhaltige Geschmackserzeugung, so dass jeder Zug ein Genuss ist.<\/p>\n\n\n\n<p>Mit einer Gesamt <strong>45mL e-Fl\u00fcssigkeit Kapazit\u00e4t<\/strong> (3 x 15 ml) bietet der Bang King Triple 45000 eine lange Nutzungsdauer, ohne dass er h\u00e4ufig nachgef\u00fcllt werden muss. Erh\u00e4ltlich in <strong>Nikotinst\u00e4rken 2%, 3% und 5%<\/strong>, Dieses Ger\u00e4t l\u00e4sst sich an eine Vielzahl von Vorlieben anpassen. W\u00e4hlen Sie aus <strong>10 gewagte und aufregende Geschmackskombinationen<\/strong>, und genie\u00dfe ein unvergleichliches Dampferlebnis.<\/p>\n\n\n\n<p>Die <strong>Bang King Dreifach 45000<\/strong> ist die ideale Wahl f\u00fcr Dampfer, die Leistung, Komfort und innovative Funktionen in einem schlanken, eleganten Design suchen.<\/p>\n\n\n\n<h3 class=\"wp-block-heading\"><strong>Wesentliche Merkmale:<\/strong><\/h3>\n\n\n\n<figure class=\"wp-block-table\"><table class=\"has-fixed-layout\"><thead><tr><th><strong>Merkmal<\/strong><\/th><th><strong>Spezifikation<\/strong><\/th><\/tr><\/thead><tbody><tr><td><strong>Puff-Kapazit\u00e4t<\/strong><\/td><td>Bis zu 45.000 Puffs<\/td><\/tr><tr><td><strong>Nikotinst\u00e4rke<\/strong><\/td><td>2%, 3%, 5%<\/td><\/tr><tr><td><strong>E-Liquid Kapazit\u00e4t<\/strong><\/td><td>3 x 15mL (insgesamt 45mL)<\/td><\/tr><tr><td><strong>Batterie<\/strong><\/td><td>650mAh Wiederaufladbar<\/td><\/tr><tr><td><strong>Spulenwiderstand<\/strong><\/td><td>Dreifach 1.0\u03a9 Mesh Spulen<\/td><\/tr><tr><td><strong>Ladeanschluss<\/strong><\/td><td>Typ-C-Schnellaufladung<\/td><\/tr><tr><td><strong>Geschmacksumschaltung<\/strong><\/td><td>Mechanismus f\u00fcr rotierende Zigarettenkippen<\/td><\/tr><tr><td><strong>Geschmacksoptionen<\/strong><\/td><td>10 Einzigartige Mischungen<\/td><\/tr><tr><td><strong>Verpackung<\/strong><\/td><td>10 St\u00fcck pro Display Box<\/td><\/tr><\/tbody><\/table><\/figure>\n\n\n\n<h3 class=\"wp-block-heading\"><strong>Geschmacksliste:<\/strong><\/h3>\n\n\n\n<ol class=\"wp-block-list\">\n<li>Wassermelone + Red Bull + Erdbeer-Kiwi<\/li>\n\n\n\n<li>Zitrone-Limette + Erdbeer-Wassermelone + Heidelbeereis<\/li>\n\n\n\n<li>Erdbeere-Banane + Himbeere-Wassermelone + Zitrone-Limette<\/li>\n\n\n\n<li>Erdbeer-Kiwi + Saure Mango-Ananas + Red Bull<\/li>\n\n\n\n<li>Tropische Fr\u00fcchte + Erdbeere Wassermelone + Zitrone Pfirsich<\/li>\n\n\n\n<li>Ananas-Kokosnuss + Erdbeer-Banane + Blue Razz<\/li>\n\n\n\n<li>Erdbeere-Himbeere + Dreifach-Melone + Saure Mango-Ananas<\/li>\n\n\n\n<li>Himbeere Wassermelone + Mango Pfirsich + Erdbeere Kiwi<\/li>\n\n\n\n<li>Erdbeer-Vanille-Cola + Heidelbeer-Himbeer + Zitrone-Limette<\/li>\n\n\n\n<li>Wassermelone + Erdbeereis + Dreifach-Melone<\/li>\n<\/ol>\n\n\n\n<h3 class=\"wp-block-heading\"><strong>Warum Bang King Triple 45000 Puffs w\u00e4hlen?<\/strong><\/h3>\n\n\n\n<ul class=\"wp-block-list\">\n<li><strong>Innovative Geschmacksumschaltung:<\/strong> Wechseln Sie ganz einfach zwischen drei verschiedenen Geschmacksrichtungen mit dem <strong>Mechanismus f\u00fcr rotierende Zigarettenkippen<\/strong>, und bietet ein frisches und dynamisches Dampferlebnis.<\/li>\n\n\n\n<li><strong>Langlebige Leistung:<\/strong> Mit bis zu <strong>45.000 Z\u00fcge<\/strong>, Dieses Ger\u00e4t sorgt f\u00fcr eine lange und befriedigende Vaping-Session ohne die Notwendigkeit f\u00fcr st\u00e4ndige Nachf\u00fcllungen.<\/li>\n\n\n\n<li><strong>E-Fl\u00fcssigkeit mit hohem Fassungsverm\u00f6gen:<\/strong> Die <strong>45mL<\/strong> Die E-Liquid-Kapazit\u00e4t (3 x 15 ml) reduziert den Bedarf an h\u00e4ufigen Nachf\u00fcllungen und erm\u00f6glicht so einen ununterbrochenen Genuss.<\/li>\n\n\n\n<li><strong>Premium-Dampfproduktion:<\/strong> Angetrieben durch <strong>dreifache 1.0\u03a9 Mesh-Spulen<\/strong>, Der Bang King liefert w\u00e4hrend der gesamten Lebensdauer des Ger\u00e4ts gleichm\u00e4\u00dfigen Dampf und reiches Aroma.<\/li>\n\n\n\n<li><strong>Schnelles Aufladen:<\/strong> <strong>Typ-C-Schnellladung<\/strong> erm\u00f6glicht ein schnelles Aufladen und sorgt so f\u00fcr minimale Ausfallzeiten und ein kontinuierliches Dampferlebnis.<\/li>\n\n\n\n<li><strong>Vielseitige Nikotinst\u00e4rken:<\/strong> Verf\u00fcgbar in <strong>2%, 3% und 5% Nikotin<\/strong>, Das Ger\u00e4t eignet sich f\u00fcr eine Vielzahl von Vorlieben, von nikotinfrei bis hin zu einem st\u00e4rkeren Zug.<\/li>\n<\/ul>\n\n\n\n<p>Suchen Sie nach weiteren hochwertigen Vaping-Optionen? Besuchen Sie unser <a href=\"https:\/\/vapemaison.com\">Homepage<\/a> um die neuesten Ver\u00f6ffentlichungen zu sehen, durchst\u00f6bern Sie die gesamte Kollektion in unserem <a href=\"https:\/\/vapemaison.com\/shop\">Shop<\/a>, oder erkunden Sie andere Ger\u00e4te aus dem <a href=\"https:\/\/vapemaison.com\/brand\/bang\">Marke Bang<\/a>. Vielleicht gefallen Ihnen auch die Einwegartikel mit hohem Fassungsverm\u00f6gen von <a href=\"https:\/\/vapemaison.com\/brand\/jnr\/\">JNR<\/a> oder \u00fcberpr\u00fcfen Sie alle unsere <a href=\"https:\/\/vapemaison.com\/product-category\/puffs-count\/\">Puffs-Ger\u00e4te<\/a> f\u00fcr lang anhaltende Zufriedenheit.<\/p>","protected":false},"excerpt":{"rendered":"<div id=\"model-response-message-contentr_fa2a963b657e083b\" class=\"markdown markdown-main-panel stronger enable-updated-hr-color\" dir=\"ltr\" aria-live=\"polite\" aria-busy=\"false\">\n<p data-path-to-node=\"0\">Revolutionieren Sie Ihre Verdampfungsroutine mit 45.000 Z\u00fcgen und einem einzigartigen Drehmechanismus, mit dem Sie zwischen drei verschiedenen Geschmacksrichtungen in einem Ger\u00e4t wechseln k\u00f6nnen. Ausgestattet mit dreifachen 1.0\u03a9 Mesh-Coils und einer massiven 45ml E-Liquid-Kapazit\u00e4t bietet dieses 3-in-1-Kraftpaket eine unvergleichliche Vielfalt und Leistung - bestellen Sie noch heute Ihre 10-teilige Display-Box und sichern Sie sich unsere aktuellen Mengenrabatte und einen schnellen Versand.<\/p>\n<\/div>","protected":false},"featured_media":16841,"comment_status":"open","ping_status":"closed","template":"","meta":[],"product_brand":[57],"product_cat":[156],"product_tag":[],"class_list":{"0":"post-16839","1":"product","2":"type-product","3":"status-publish","4":"has-post-thumbnail","6":"product_brand-bang","7":"product_cat-45k-puffs","9":"first","10":"instock","11":"sale","12":"shipping-taxable","13":"purchasable","14":"product-type-variable"},"yoast_head":"<!-- This site is optimized with the Yoast SEO plugin v27.4 - https:\/\/yoast.com\/product\/yoast-seo-wordpress\/ -->\n<title>Bang King Triple 45000 Puffs Rechargeable Disposable Vape - VapeMaison<\/title>\n<meta name=\"description\" content=\"Discover the ultimate vaping adventure with the Bang King Triple 45000. Switch between 3 exciting flavors, enjoy rich vapor, and elevate every puff.\" \/>\n<meta name=\"robots\" content=\"index, follow, max-snippet:-1, max-image-preview:large, max-video-preview:-1\" \/>\n<link rel=\"canonical\" href=\"https:\/\/vapemaison.com\/de\/product\/bang-king-triple-45000-puffs-vape\/\" \/>\n<meta property=\"og:locale\" content=\"de_DE\" \/>\n<meta property=\"og:type\" content=\"article\" \/>\n<meta property=\"og:title\" content=\"Bang King Triple 45000 Puffs Rechargeable Disposable Vape - VapeMaison\" \/>\n<meta property=\"og:description\" content=\"Discover the ultimate vaping adventure with the Bang King Triple 45000. Switch between 3 exciting flavors, enjoy rich vapor, and elevate every puff.\" \/>\n<meta property=\"og:url\" content=\"https:\/\/vapemaison.com\/de\/product\/bang-king-triple-45000-puffs-vape\/\" \/>\n<meta property=\"og:site_name\" content=\"VapeMaison\" \/>\n<meta property=\"article:modified_time\" content=\"2025-12-22T09:29:09+00:00\" \/>\n<meta property=\"og:image\" content=\"https:\/\/vapemaison.com\/wp-content\/uploads\/2025\/12\/vape-bang-king-triple-45000-45k-puffs-main-image.jpg.webp\" \/>\n\t<meta property=\"og:image:width\" content=\"1000\" \/>\n\t<meta property=\"og:image:height\" content=\"1000\" \/>\n\t<meta property=\"og:image:type\" content=\"image\/webp\" \/>\n<meta name=\"twitter:card\" content=\"summary_large_image\" \/>\n<meta name=\"twitter:label1\" content=\"Gesch\u00e4tzte Lesezeit\" \/>\n\t<meta name=\"twitter:data1\" content=\"3\u00a0Minuten\" \/>\n<!-- \/ Yoast SEO plugin. -->","yoast_head_json":{"title":"Bang King Triple 45000 Puffs Wiederaufladbare Einweg Vape - VapeMaison","description":"Entdecken Sie das ultimative Vaping-Abenteuer mit dem Bang King Triple 45000. Wechsle zwischen 3 aufregenden Geschmacksrichtungen, genie\u00dfe satten Dampf und erh\u00f6he jeden Zug.","robots":{"index":"index","follow":"follow","max-snippet":"max-snippet:-1","max-image-preview":"max-image-preview:large","max-video-preview":"max-video-preview:-1"},"canonical":"https:\/\/vapemaison.com\/de\/product\/bang-king-triple-45000-puffs-vape\/","og_locale":"de_DE","og_type":"article","og_title":"Bang King Triple 45000 Puffs Rechargeable Disposable Vape - VapeMaison","og_description":"Discover the ultimate vaping adventure with the Bang King Triple 45000. Switch between 3 exciting flavors, enjoy rich vapor, and elevate every puff.","og_url":"https:\/\/vapemaison.com\/de\/product\/bang-king-triple-45000-puffs-vape\/","og_site_name":"VapeMaison","article_modified_time":"2025-12-22T09:29:09+00:00","og_image":[{"width":1000,"height":1000,"url":"https:\/\/vapemaison.com\/wp-content\/uploads\/2025\/12\/vape-bang-king-triple-45000-45k-puffs-main-image.jpg.webp","type":"image\/webp"}],"twitter_card":"summary_large_image","twitter_misc":{"Gesch\u00e4tzte Lesezeit":"3\u00a0Minuten"},"schema":{"@context":"https:\/\/schema.org","@graph":[{"@type":"WebPage","@id":"https:\/\/vapemaison.com\/product\/bang-king-triple-45000-puffs-vape\/","url":"https:\/\/vapemaison.com\/product\/bang-king-triple-45000-puffs-vape\/","name":"Bang King Triple 45000 Puffs Wiederaufladbare Einweg Vape - VapeMaison","isPartOf":{"@id":"https:\/\/vapemaison.com\/#website"},"primaryImageOfPage":{"@id":"https:\/\/vapemaison.com\/product\/bang-king-triple-45000-puffs-vape\/#primaryimage"},"image":{"@id":"https:\/\/vapemaison.com\/product\/bang-king-triple-45000-puffs-vape\/#primaryimage"},"thumbnailUrl":"https:\/\/vapemaison.com\/wp-content\/uploads\/2025\/12\/vape-bang-king-triple-45000-45k-puffs-main-image.jpg.webp","datePublished":"2025-12-10T10:14:49+00:00","dateModified":"2025-12-22T09:29:09+00:00","description":"Entdecken Sie das ultimative Vaping-Abenteuer mit dem Bang King Triple 45000. Wechsle zwischen 3 aufregenden Geschmacksrichtungen, genie\u00dfe satten Dampf und erh\u00f6he jeden Zug.","breadcrumb":{"@id":"https:\/\/vapemaison.com\/product\/bang-king-triple-45000-puffs-vape\/#breadcrumb"},"inLanguage":"de","potentialAction":[{"@type":"ReadAction","target":["https:\/\/vapemaison.com\/product\/bang-king-triple-45000-puffs-vape\/"]}]},{"@type":"ImageObject","inLanguage":"de","@id":"https:\/\/vapemaison.com\/product\/bang-king-triple-45000-puffs-vape\/#primaryimage","url":"https:\/\/vapemaison.com\/wp-content\/uploads\/2025\/12\/vape-bang-king-triple-45000-45k-puffs-main-image.jpg.webp","contentUrl":"https:\/\/vapemaison.com\/wp-content\/uploads\/2025\/12\/vape-bang-king-triple-45000-45k-puffs-main-image.jpg.webp","width":1000,"height":1000,"caption":"Vape Bang King Triple 45k Puffs Main Image.jpg"},{"@type":"BreadcrumbList","@id":"https:\/\/vapemaison.com\/product\/bang-king-triple-45000-puffs-vape\/#breadcrumb","itemListElement":[{"@type":"ListItem","position":1,"name":"\u9996\u9875","item":"https:\/\/vapemaison.com\/"},{"@type":"ListItem","position":2,"name":"Shop","item":"https:\/\/vapemaison.com\/shop\/"},{"@type":"ListItem","position":3,"name":"Bang","item":"https:\/\/vapemaison.com\/brand\/bang\/"},{"@type":"ListItem","position":4,"name":"Bang King Triple 45000 Puffs Rechargeable Disposable Vape"}]},{"@type":"WebSite","@id":"https:\/\/vapemaison.com\/#website","url":"https:\/\/vapemaison.com\/","name":"VapeMaison","description":"Premium Vaping-Ger\u00e4te und Zubeh\u00f6r","publisher":{"@id":"https:\/\/vapemaison.com\/#organization"},"potentialAction":[{"@type":"SearchAction","target":{"@type":"EntryPoint","urlTemplate":"https:\/\/vapemaison.com\/?s={search_term_string}"},"query-input":{"@type":"PropertyValueSpecification","valueRequired":true,"valueName":"search_term_string"}}],"inLanguage":"de"},{"@type":"Organization","@id":"https:\/\/vapemaison.com\/#organization","name":"VapeMaison","url":"https:\/\/vapemaison.com\/","logo":{"@type":"ImageObject","inLanguage":"de","@id":"https:\/\/vapemaison.com\/#\/schema\/logo\/image\/","url":"https:\/\/vapemaison.com\/wp-content\/uploads\/2026\/01\/cropped-vapemaison-logo-g-2026.webp","contentUrl":"https:\/\/vapemaison.com\/wp-content\/uploads\/2026\/01\/cropped-vapemaison-logo-g-2026.webp","width":350,"height":280,"caption":"VapeMaison"},"image":{"@id":"https:\/\/vapemaison.com\/#\/schema\/logo\/image\/"},"sameAs":["https:\/\/www.youtube.com\/@VapeMaison"]}]}},"tiered_pricing_type":"fixed","tiered_pricing_fixed_rules":{"30":"10.56","50":"9.74","100":"8.52","200":"7.99"},"tiered_pricing_product_settings":{"layout":"default","base_unit_name":{"singular":null,"plural":null},"default_variation":null},"tiered_pricing_minimum_quantity":10,"tiered_pricing_roles_data":[],"tiered_pricing_percentage_rules":[],"tiered_pricing_maximum_quantity":null,"tiered_pricing_quantity_step":"10","_links":{"self":[{"href":"https:\/\/vapemaison.com\/de\/wp-json\/wp\/v2\/product\/16839","targetHints":{"allow":["GET"]}}],"collection":[{"href":"https:\/\/vapemaison.com\/de\/wp-json\/wp\/v2\/product"}],"about":[{"href":"https:\/\/vapemaison.com\/de\/wp-json\/wp\/v2\/types\/product"}],"replies":[{"embeddable":true,"href":"https:\/\/vapemaison.com\/de\/wp-json\/wp\/v2\/comments?post=16839"}],"version-history":[{"count":0,"href":"https:\/\/vapemaison.com\/de\/wp-json\/wp\/v2\/product\/16839\/revisions"}],"wp:featuredmedia":[{"embeddable":true,"href":"https:\/\/vapemaison.com\/de\/wp-json\/wp\/v2\/media\/16841"}],"wp:attachment":[{"href":"https:\/\/vapemaison.com\/de\/wp-json\/wp\/v2\/media?parent=16839"}],"wp:term":[{"taxonomy":"product_brand","embeddable":true,"href":"https:\/\/vapemaison.com\/de\/wp-json\/wp\/v2\/product_brand?post=16839"},{"taxonomy":"product_cat","embeddable":true,"href":"https:\/\/vapemaison.com\/de\/wp-json\/wp\/v2\/product_cat?post=16839"},{"taxonomy":"product_tag","embeddable":true,"href":"https:\/\/vapemaison.com\/de\/wp-json\/wp\/v2\/product_tag?post=16839"}],"curies":[{"name":"wp","href":"https:\/\/api.w.org\/{rel}","templated":true}]}}