

{"id":16885,"date":"2025-12-11T03:38:14","date_gmt":"2025-12-11T03:38:14","guid":{"rendered":"https:\/\/vapemaison.com\/?post_type=product&#038;p=16885"},"modified":"2025-12-22T09:28:44","modified_gmt":"2025-12-22T09:28:44","slug":"bang-de-60k-puffs-wegwerfbares-vape","status":"publish","type":"product","link":"https:\/\/vapemaison.com\/de\/product\/bang-de-60k-puffs-disposable-vape\/","title":{"rendered":"Bang DE 60000 60k Puffs 3 in 1 Geschmack Einweg Vape"},"content":{"rendered":"<h3 class=\"wp-block-heading\"><strong>Bang DE 60000 Puffs - Dreifacher Geschmack, dreifacher Spa\u00df<\/strong><\/h3>\n\n\n\n<p>Die <strong>Bang DE 60000 Puffs<\/strong> ist ein Kraftpaket unter den Verdampfern, das die Art und Weise, wie Sie Aromen erleben, neu definiert. Entwickelt f\u00fcr Geschmacksenthusiasten, die sich nach Abwechslung sehnen, liefert dieser innovative Verdampfer ein <strong>beeindruckende 60.000 Z\u00fcge<\/strong> mit einer fortgeschrittenen <strong>3-in-1-Aroma-System<\/strong>. Egal, ob Sie es vorziehen, zwischen verschiedenen Geschmacksrichtungen zu wechseln oder sie f\u00fcr ein dynamisches Erlebnis miteinander zu mischen, der <strong>Bang DE 60000<\/strong> bietet unendliche M\u00f6glichkeiten in jeder Puste.<\/p>\n\n\n\n<p>Was zeichnet sie aus? Die <strong>A &amp; B &amp; AB-Geschmackssystem<\/strong>, Damit k\u00f6nnen Sie ganz einfach zwischen Geschmacksrichtung A und Geschmacksrichtung B wechseln oder die <strong>AB<\/strong>-eine sanfte Verschmelzung beider Geschmacksrichtungen. Es ist, als h\u00e4tte man <strong>drei Vapes in einem<\/strong>, So k\u00f6nnen Sie ein vollst\u00e4ndig anpassbares Dampferlebnis genie\u00dfen.<\/p>\n\n\n\n<h3 class=\"wp-block-heading\"><strong>Wesentliche Merkmale:<\/strong><\/h3>\n\n\n\n<figure class=\"wp-block-table\"><table class=\"has-fixed-layout\"><thead><tr><th><strong>Merkmal<\/strong><\/th><th><strong>Spezifikation<\/strong><\/th><\/tr><\/thead><tbody><tr><td><strong>Puff-Kapazit\u00e4t<\/strong><\/td><td>60.000 Puffs<\/td><\/tr><tr><td><strong>Nikotinst\u00e4rke<\/strong><\/td><td>2%, 3%, 5%<\/td><\/tr><tr><td><strong>E-Liquid Kapazit\u00e4t<\/strong><\/td><td>60mL<\/td><\/tr><tr><td><strong>Spule Typ<\/strong><\/td><td>1.0\u03a9 Dreifach-Mesh-Spule<\/td><\/tr><tr><td><strong>Batterie<\/strong><\/td><td>850mAh Wiederaufladbar<\/td><\/tr><tr><td><strong>Ladeanschluss<\/strong><\/td><td>Typ-C-Schnellaufladung<\/td><\/tr><tr><td><strong>Geschmackssystem<\/strong><\/td><td>3-in-1 (A, B, AB)<\/td><\/tr><tr><td><strong>LCD-Anzeige<\/strong><\/td><td>Echtzeit-Anzeige des Batterie- und E-Liquid-F\u00fcllstands<\/td><\/tr><tr><td><strong>Geschmacksoptionen<\/strong><\/td><td>12 Dreifach-Geschmackskombinationen<\/td><\/tr><\/tbody><\/table><\/figure>\n\n\n\n<h3 class=\"wp-block-heading\"><strong>Geschmacksliste:<\/strong><\/h3>\n\n\n\n<ol class=\"wp-block-list\">\n<li>Wassermelonen-Eis &amp; Heidelbeer-Minze<\/li>\n\n\n\n<li>Wassermeloneneis &amp; Heidelbeerkirsche<\/li>\n\n\n\n<li>Blaubeereis &amp; Pfirsich-Mango-Wassermelone<\/li>\n\n\n\n<li>Blaubeereis &amp; Pfirsicheis<\/li>\n\n\n\n<li>Blaubeere-Himbeere &amp; gemischte Beeren<\/li>\n\n\n\n<li>Heidelbeer-Himbeer-Trauben-Eis<\/li>\n\n\n\n<li>Red Bull &amp; Erdbeer-Banane<\/li>\n\n\n\n<li>Red Bull &amp; Blaubeer-Wassermelone<\/li>\n\n\n\n<li>Erdbeer-Mango &amp; Wassermelone Kaugummi<\/li>\n\n\n\n<li>Erdbeer-Mango &amp; Erdbeer-Kiwi<\/li>\n\n\n\n<li>Erdbeer-Wassermelone &amp; Schwarzer Drache Eis<\/li>\n\n\n\n<li>Erdbeere Wassermelone &amp; Kiwi Passionsfrucht Guave<\/li>\n<\/ol>\n\n\n\n<h3 class=\"wp-block-heading\"><strong>Warum Bang DE 60000 Puffs w\u00e4hlen?<\/strong><\/h3>\n\n\n\n<ul class=\"wp-block-list\">\n<li><strong>Verdreifachen Sie den Geschmack:<\/strong> Die <strong>3-in-1-Aroma-System<\/strong> k\u00f6nnen Sie m\u00fchelos umschalten zwischen <strong>Geschmacksrichtung A<\/strong>, <strong>Geschmacksrichtung B<\/strong>, oder eine einzigartige Verschmelzung, <strong>AB<\/strong>, und schafft so ein vielf\u00e4ltiges und anpassbares Dampferlebnis. Es ist, als h\u00e4tte man drei Geschmacksrichtungen in einem Ger\u00e4t.<\/li>\n\n\n\n<li><strong>Langlebige Leistung:<\/strong> Mit bis zu <strong>60.000 Z\u00fcge<\/strong>, k\u00f6nnen Sie ohne h\u00e4ufigen Austausch oder Nachf\u00fcllen l\u00e4nger dampfen.<\/li>\n\n\n\n<li><strong>Hohe Kapazit\u00e4t und leistungsstarke Spule:<\/strong> Mit <strong>60mL e-Fl\u00fcssigkeit<\/strong> und eine <strong>1.0\u03a9 Dreifach-Mesh-Spule<\/strong>, Der Bang DE 60000 sorgt jedes Mal f\u00fcr reichhaltigen, gleichm\u00e4\u00dfigen Dampf und sanften Geschmack.<\/li>\n\n\n\n<li><strong>Intelligent und effizient:<\/strong> Die <strong>850mAh wiederaufladbare Batterie<\/strong> und <strong>Typ-C-Schnellladung<\/strong> gew\u00e4hrleisten, dass Ihr Ger\u00e4t mit minimaler Ausfallzeit einsatzbereit ist. Die <strong>LCD-Anzeige<\/strong> gibt Ihnen Echtzeit-Updates zum Batterie- und Fl\u00fcssigkeitsstand, so dass Sie immer die Kontrolle haben.<\/li>\n\n\n\n<li><strong>Breite Palette an Geschmacksrichtungen:<\/strong> Mit <strong>12 Dreifach-Geschmackskombinationen<\/strong>, haben Sie unendlich viele M\u00f6glichkeiten, Ihre Dampferlebnisse frisch und aufregend zu gestalten. Egal, ob Sie fruchtige Mischungen, erfrischende Minze oder gewagte Kombinationen bevorzugen, es gibt einen Geschmack f\u00fcr jede Stimmung.<\/li>\n\n\n\n<li><strong>Erh\u00f6hter Komfort:<\/strong> Die <strong>3-in-1-Geschmacksrichtung<\/strong> macht es \u00fcberfl\u00fcssig, mehrere Ger\u00e4te mit sich zu f\u00fchren, und bietet so die Flexibilit\u00e4t, unterwegs zwischen verschiedenen Geschmacksrichtungen zu wechseln, ohne dass es zu Problemen kommt.<\/li>\n<\/ul>\n\n\n\n<h3 class=\"wp-block-heading\"><strong>Erh\u00f6hen Sie Ihr Vaping-Erlebnis mit Bang DE 60000 Puffs<\/strong><\/h3>\n\n\n\n<p>Die <strong>Bang DE 60000 Puffs<\/strong> ist das ultimative Ger\u00e4t f\u00fcr alle, die mehr von ihrem Vape erwarten. Egal, ob Sie klassische Aromen genie\u00dfen, einzigartige Kombinationen ausprobieren oder neue Mischungen erforschen wollen, dieser Vape hat Sie abgedeckt. Mit seinem hochmodernen Design und der fortschrittlichen Technologie ist der <strong>Bang DE 60000<\/strong> sorgt f\u00fcr ein wirklich anpassbares und zufriedenstellendes Erlebnis.<\/p>\n\n\n\n<p>Suchen Sie nach weiteren hochwertigen Vaping-Optionen? Besuchen Sie unser <a href=\"https:\/\/vapemaison.com\">Homepage<\/a> um die neuesten Ver\u00f6ffentlichungen zu sehen, durchst\u00f6bern Sie die gesamte Kollektion in unserem <a href=\"https:\/\/vapemaison.com\/shop\">Shop<\/a>, oder erkunden Sie andere Ger\u00e4te aus dem <a href=\"https:\/\/vapemaison.com\/brand\/bang\">Marke Bang<\/a>. Vielleicht gefallen Ihnen auch die Einwegartikel mit hohem Fassungsverm\u00f6gen von <a href=\"https:\/\/vapemaison.com\/brand\/jnr\/\">JNR<\/a> oder \u00fcberpr\u00fcfen Sie alle unsere <a href=\"https:\/\/vapemaison.com\/product-category\/puffs-count\/\">Puffs-Ger\u00e4te<\/a> f\u00fcr lang anhaltende Zufriedenheit.<\/p>","protected":false},"excerpt":{"rendered":"<div id=\"model-response-message-contentr_a71402abc5eee709\" class=\"markdown markdown-main-panel stronger enable-updated-hr-color\" dir=\"ltr\" aria-live=\"polite\" aria-busy=\"false\">\n<p data-path-to-node=\"0\">Definieren Sie Ihr Erlebnis neu mit gewaltigen 60.000 Z\u00fcgen und einem innovativen 3-in-1-Aromasystem, mit dem Sie zwischen drei verschiedenen Geschmacksrichtungen in einem einzigen Ger\u00e4t wechseln oder diese mischen k\u00f6nnen. Ausgestattet mit einer Dreifach-Mesh-Spule und einer Echtzeit-LCD-Anzeige bietet dieses Kraftpaket eine un\u00fcbertroffene Vielfalt - bestellen Sie noch heute, um sich unser aktuelles Angebot zu sichern, und genie\u00dfen Sie bevorzugten Versand f\u00fcr den vielseitigsten Verdampfer des Marktes.<\/p>\n<\/div>","protected":false},"featured_media":16890,"comment_status":"open","ping_status":"closed","template":"","meta":[],"product_brand":[57],"product_cat":[137],"product_tag":[],"class_list":{"0":"post-16885","1":"product","2":"type-product","3":"status-publish","4":"has-post-thumbnail","6":"product_brand-bang","7":"product_cat-60k-puffs","9":"first","10":"instock","11":"sale","12":"shipping-taxable","13":"purchasable","14":"product-type-variable"},"yoast_head":"<!-- This site is optimized with the Yoast SEO plugin v27.4 - https:\/\/yoast.com\/product\/yoast-seo-wordpress\/ -->\n<title>Bang DE 60k Puffs Disposable Vape \u2013 3-in-1 Flavor LCD Display<\/title>\n<meta name=\"description\" content=\"Enjoy up to 60k puffs with the Bang DE 60000 Disposable Vape. Switch between 3 exciting flavors, featuring 60mL e-liquid, and LCD display.\" \/>\n<meta name=\"robots\" content=\"index, follow, max-snippet:-1, max-image-preview:large, max-video-preview:-1\" \/>\n<link rel=\"canonical\" href=\"https:\/\/vapemaison.com\/de\/product\/bang-de-60k-puffs-wegwerfbares-vape\/\" \/>\n<meta property=\"og:locale\" content=\"de_DE\" \/>\n<meta property=\"og:type\" content=\"article\" \/>\n<meta property=\"og:title\" content=\"Bang DE 60k Puffs Disposable Vape \u2013 3-in-1 Flavor LCD Display\" \/>\n<meta property=\"og:description\" content=\"Enjoy up to 60k puffs with the Bang DE 60000 Disposable Vape. Switch between 3 exciting flavors, featuring 60mL e-liquid, and LCD display.\" \/>\n<meta property=\"og:url\" content=\"https:\/\/vapemaison.com\/de\/product\/bang-de-60k-puffs-wegwerfbares-vape\/\" \/>\n<meta property=\"og:site_name\" content=\"VapeMaison\" \/>\n<meta property=\"article:modified_time\" content=\"2025-12-22T09:28:44+00:00\" \/>\n<meta property=\"og:image\" content=\"https:\/\/vapemaison.com\/wp-content\/uploads\/2025\/12\/vape-bang-de-60000-60k-puffs-strawberry-mango-watermelon-bubble-gum-654x690.jpg.webp\" \/>\n\t<meta property=\"og:image:width\" content=\"654\" \/>\n\t<meta property=\"og:image:height\" content=\"690\" \/>\n\t<meta property=\"og:image:type\" content=\"image\/webp\" \/>\n<meta name=\"twitter:card\" content=\"summary_large_image\" \/>\n<meta name=\"twitter:label1\" content=\"Gesch\u00e4tzte Lesezeit\" \/>\n\t<meta name=\"twitter:data1\" content=\"3\u00a0Minuten\" \/>\n<!-- \/ Yoast SEO plugin. -->","yoast_head_json":{"title":"Bang DE 60k Puffs Einweg-Vape - 3-in-1 Geschmacksrichtung LCD-Display","description":"Genie\u00dfe bis zu 60k Z\u00fcge mit dem Bang DE 60000 Disposable Vape. Wechseln Sie zwischen 3 aufregenden Geschmacksrichtungen, mit 60mL e-Fl\u00fcssigkeit und LCD-Display.","robots":{"index":"index","follow":"follow","max-snippet":"max-snippet:-1","max-image-preview":"max-image-preview:large","max-video-preview":"max-video-preview:-1"},"canonical":"https:\/\/vapemaison.com\/de\/product\/bang-de-60k-puffs-wegwerfbares-vape\/","og_locale":"de_DE","og_type":"article","og_title":"Bang DE 60k Puffs Disposable Vape \u2013 3-in-1 Flavor LCD Display","og_description":"Enjoy up to 60k puffs with the Bang DE 60000 Disposable Vape. Switch between 3 exciting flavors, featuring 60mL e-liquid, and LCD display.","og_url":"https:\/\/vapemaison.com\/de\/product\/bang-de-60k-puffs-wegwerfbares-vape\/","og_site_name":"VapeMaison","article_modified_time":"2025-12-22T09:28:44+00:00","og_image":[{"width":654,"height":690,"url":"https:\/\/vapemaison.com\/wp-content\/uploads\/2025\/12\/vape-bang-de-60000-60k-puffs-strawberry-mango-watermelon-bubble-gum-654x690.jpg.webp","type":"image\/webp"}],"twitter_card":"summary_large_image","twitter_misc":{"Gesch\u00e4tzte Lesezeit":"3\u00a0Minuten"},"schema":{"@context":"https:\/\/schema.org","@graph":[{"@type":"WebPage","@id":"https:\/\/vapemaison.com\/product\/bang-de-60k-puffs-disposable-vape\/","url":"https:\/\/vapemaison.com\/product\/bang-de-60k-puffs-disposable-vape\/","name":"Bang DE 60k Puffs Einweg-Vape - 3-in-1 Geschmacksrichtung LCD-Display","isPartOf":{"@id":"https:\/\/vapemaison.com\/#website"},"primaryImageOfPage":{"@id":"https:\/\/vapemaison.com\/product\/bang-de-60k-puffs-disposable-vape\/#primaryimage"},"image":{"@id":"https:\/\/vapemaison.com\/product\/bang-de-60k-puffs-disposable-vape\/#primaryimage"},"thumbnailUrl":"https:\/\/vapemaison.com\/wp-content\/uploads\/2025\/12\/vape-bang-de-60000-60k-puffs-strawberry-mango-watermelon-bubble-gum-654x690.jpg.webp","datePublished":"2025-12-11T03:38:14+00:00","dateModified":"2025-12-22T09:28:44+00:00","description":"Genie\u00dfe bis zu 60k Z\u00fcge mit dem Bang DE 60000 Disposable Vape. Wechseln Sie zwischen 3 aufregenden Geschmacksrichtungen, mit 60mL e-Fl\u00fcssigkeit und LCD-Display.","breadcrumb":{"@id":"https:\/\/vapemaison.com\/product\/bang-de-60k-puffs-disposable-vape\/#breadcrumb"},"inLanguage":"de","potentialAction":[{"@type":"ReadAction","target":["https:\/\/vapemaison.com\/product\/bang-de-60k-puffs-disposable-vape\/"]}]},{"@type":"ImageObject","inLanguage":"de","@id":"https:\/\/vapemaison.com\/product\/bang-de-60k-puffs-disposable-vape\/#primaryimage","url":"https:\/\/vapemaison.com\/wp-content\/uploads\/2025\/12\/vape-bang-de-60000-60k-puffs-strawberry-mango-watermelon-bubble-gum-654x690.jpg.webp","contentUrl":"https:\/\/vapemaison.com\/wp-content\/uploads\/2025\/12\/vape-bang-de-60000-60k-puffs-strawberry-mango-watermelon-bubble-gum-654x690.jpg.webp","width":654,"height":690,"caption":"Vape Bang De 60k Puffs Strawberry Mango Watermelon Bubble Gum 654x690.jpg"},{"@type":"BreadcrumbList","@id":"https:\/\/vapemaison.com\/product\/bang-de-60k-puffs-disposable-vape\/#breadcrumb","itemListElement":[{"@type":"ListItem","position":1,"name":"\u9996\u9875","item":"https:\/\/vapemaison.com\/"},{"@type":"ListItem","position":2,"name":"Shop","item":"https:\/\/vapemaison.com\/shop\/"},{"@type":"ListItem","position":3,"name":"Bang","item":"https:\/\/vapemaison.com\/brand\/bang\/"},{"@type":"ListItem","position":4,"name":"Bang DE 60000 60k Puffs 3 in 1 Flavor Disposable Vape"}]},{"@type":"WebSite","@id":"https:\/\/vapemaison.com\/#website","url":"https:\/\/vapemaison.com\/","name":"VapeMaison","description":"Premium Vaping-Ger\u00e4te und Zubeh\u00f6r","publisher":{"@id":"https:\/\/vapemaison.com\/#organization"},"potentialAction":[{"@type":"SearchAction","target":{"@type":"EntryPoint","urlTemplate":"https:\/\/vapemaison.com\/?s={search_term_string}"},"query-input":{"@type":"PropertyValueSpecification","valueRequired":true,"valueName":"search_term_string"}}],"inLanguage":"de"},{"@type":"Organization","@id":"https:\/\/vapemaison.com\/#organization","name":"VapeMaison","url":"https:\/\/vapemaison.com\/","logo":{"@type":"ImageObject","inLanguage":"de","@id":"https:\/\/vapemaison.com\/#\/schema\/logo\/image\/","url":"https:\/\/vapemaison.com\/wp-content\/uploads\/2026\/01\/cropped-vapemaison-logo-g-2026.webp","contentUrl":"https:\/\/vapemaison.com\/wp-content\/uploads\/2026\/01\/cropped-vapemaison-logo-g-2026.webp","width":350,"height":280,"caption":"VapeMaison"},"image":{"@id":"https:\/\/vapemaison.com\/#\/schema\/logo\/image\/"},"sameAs":["https:\/\/www.youtube.com\/@VapeMaison"]}]}},"tiered_pricing_type":"fixed","tiered_pricing_fixed_rules":{"30":"11.25","50":"10.36","100":"9.42","200":"8.25"},"tiered_pricing_product_settings":{"layout":"default","base_unit_name":{"singular":null,"plural":null},"default_variation":null},"tiered_pricing_minimum_quantity":10,"tiered_pricing_roles_data":[],"tiered_pricing_percentage_rules":[],"tiered_pricing_maximum_quantity":null,"tiered_pricing_quantity_step":"10","_links":{"self":[{"href":"https:\/\/vapemaison.com\/de\/wp-json\/wp\/v2\/product\/16885","targetHints":{"allow":["GET"]}}],"collection":[{"href":"https:\/\/vapemaison.com\/de\/wp-json\/wp\/v2\/product"}],"about":[{"href":"https:\/\/vapemaison.com\/de\/wp-json\/wp\/v2\/types\/product"}],"replies":[{"embeddable":true,"href":"https:\/\/vapemaison.com\/de\/wp-json\/wp\/v2\/comments?post=16885"}],"version-history":[{"count":0,"href":"https:\/\/vapemaison.com\/de\/wp-json\/wp\/v2\/product\/16885\/revisions"}],"wp:featuredmedia":[{"embeddable":true,"href":"https:\/\/vapemaison.com\/de\/wp-json\/wp\/v2\/media\/16890"}],"wp:attachment":[{"href":"https:\/\/vapemaison.com\/de\/wp-json\/wp\/v2\/media?parent=16885"}],"wp:term":[{"taxonomy":"product_brand","embeddable":true,"href":"https:\/\/vapemaison.com\/de\/wp-json\/wp\/v2\/product_brand?post=16885"},{"taxonomy":"product_cat","embeddable":true,"href":"https:\/\/vapemaison.com\/de\/wp-json\/wp\/v2\/product_cat?post=16885"},{"taxonomy":"product_tag","embeddable":true,"href":"https:\/\/vapemaison.com\/de\/wp-json\/wp\/v2\/product_tag?post=16885"}],"curies":[{"name":"wp","href":"https:\/\/api.w.org\/{rel}","templated":true}]}}