

{"id":16932,"date":"2025-12-11T03:59:39","date_gmt":"2025-12-11T03:59:39","guid":{"rendered":"https:\/\/vapemaison.com\/?post_type=product&#038;p=16932"},"modified":"2025-12-22T09:28:12","modified_gmt":"2025-12-22T09:28:12","slug":"bang-tn-12000-puffs-wegwerfbares-vape","status":"publish","type":"product","link":"https:\/\/vapemaison.com\/de\/product\/bang-tn-12000-puffs-disposable-vape\/","title":{"rendered":"Bang Tn 12000 Puffs Einweg-Vape"},"content":{"rendered":"<h3 class=\"wp-block-heading\"><strong>Bang Tn 12000 Puffs - Premium Vaping-Erlebnis mit Mesh Coil &amp; Type-C Charging<\/strong><\/h3>\n\n\n\n<p>Die <strong>Bang Tn 12000 Puffs Original Edition Einweg-Vape<\/strong> bietet ein au\u00dfergew\u00f6hnliches Dampferlebnis f\u00fcr alle, die sowohl Leistung als auch Komfort sch\u00e4tzen. Mit einer <strong>gro\u00dfz\u00fcgige 20mL e-liquid Kapazit\u00e4t<\/strong> und eine starke <strong>650mAh-Akku<\/strong>, Dieser Vape bietet lang anhaltenden Genuss, ohne dass man st\u00e4ndig nachf\u00fcllen oder nachladen muss.<\/p>\n\n\n\n<p>Ausgestattet mit einem <strong>Typ-C-USB-Ladeanschluss<\/strong>, ist das Aufladen schnell und effizient mit <strong>5V 1A Eingang<\/strong>, So verbringen Sie mehr Zeit mit dem Dampfen und weniger mit dem Warten. Das Ger\u00e4t ist gefertigt aus <strong>langlebiges PC-Material<\/strong>, Dadurch ist sie robust genug f\u00fcr den t\u00e4glichen Gebrauch und das Dampfen unterwegs.<\/p>\n\n\n\n<p>Ausgestattet mit einem <strong>Netzspule<\/strong>, Der Bang Tn 12000 liefert mit jedem Zug sanften, geschmackvollen Dampf, der jede Session noch angenehmer macht. Sie k\u00f6nnen auch aus einer Vielzahl von <strong>Salz-Nikotinst\u00e4rken<\/strong> (0%, 2%, 3% oder 5%), die perfekt zu Ihrem Vaping-Stil passen.<\/p>\n\n\n\n<p>Jede Packung enth\u00e4lt <strong>10 Ger\u00e4te<\/strong>, und bietet eine bequeme M\u00f6glichkeit zur Lagerung und zum Gro\u00dfeinkauf, sei es f\u00fcr den pers\u00f6nlichen Gebrauch oder f\u00fcr den Einzelhandel.<\/p>\n\n\n\n<h3 class=\"wp-block-heading\"><strong>Wesentliche Merkmale:<\/strong><\/h3>\n\n\n\n<figure class=\"wp-block-table\"><table class=\"has-fixed-layout\"><thead><tr><th><strong>Merkmal<\/strong><\/th><th><strong>Spezifikation<\/strong><\/th><\/tr><\/thead><tbody><tr><td><strong>Puff-Kapazit\u00e4t<\/strong><\/td><td>Bis zu 12.000 Puffs<\/td><\/tr><tr><td><strong>E-Liquid Kapazit\u00e4t<\/strong><\/td><td>20mL<\/td><\/tr><tr><td><strong>Batteriekapazit\u00e4t<\/strong><\/td><td>650mAh Wiederaufladbar<\/td><\/tr><tr><td><strong>Ladeanschluss<\/strong><\/td><td>Typ-C USB, 5V 1A Eingang<\/td><\/tr><tr><td><strong>Material<\/strong><\/td><td>Langlebiger PC<\/td><\/tr><tr><td><strong>Nikotinst\u00e4rke<\/strong><\/td><td>0%, 2%, 3%, 5% (Salz-Nikotin)<\/td><\/tr><tr><td><strong>Spule Typ<\/strong><\/td><td>Maschenspule<\/td><\/tr><tr><td><strong>Verpackung<\/strong><\/td><td>10 St\u00fcck pro Box<\/td><\/tr><\/tbody><\/table><\/figure>\n\n\n\n<h3 class=\"wp-block-heading\"><strong>Geschmacksliste:<\/strong><\/h3>\n\n\n\n<ol class=\"wp-block-list\">\n<li>Heidelbeer-Himbeer-Eis<\/li>\n\n\n\n<li>Erdbeer-Mango<\/li>\n\n\n\n<li>Erdbeere-Banane<\/li>\n\n\n\n<li>Wassermelone Eis<\/li>\n\n\n\n<li>Herr Blau<\/li>\n\n\n\n<li>Traubeneis<\/li>\n\n\n\n<li>K\u00fchle Minze<\/li>\n\n\n\n<li>Gemischtes Obst<\/li>\n\n\n\n<li>Erdbeer-Litschi<\/li>\n\n\n\n<li>Erdbeereis<\/li>\n\n\n\n<li>Pfirsich-Eis<\/li>\n\n\n\n<li>Wassermelone-Erdbeere<\/li>\n<\/ol>\n\n\n\n<h3 class=\"wp-block-heading\"><strong>Warum Bang Tn 12000 Puffs w\u00e4hlen?<\/strong><\/h3>\n\n\n\n<ul class=\"wp-block-list\">\n<li><strong>Erweiterte Vaping-Sessions:<\/strong> Mit <strong>20mL e-Fl\u00fcssigkeit<\/strong> und <strong>bis zu 12.000 Z\u00fcge<\/strong>, Genie\u00dfen Sie lang anhaltendes Dampfen ohne st\u00e4ndiges Nachf\u00fcllen.<\/li>\n\n\n\n<li><strong>Schnelles Aufladen:<\/strong> <strong>Typ-C USB<\/strong> mit <strong>5V 1A Eingang<\/strong> sorgt f\u00fcr schnelles, effizientes Aufladen f\u00fcr ununterbrochenes Dampfen.<\/li>\n\n\n\n<li><strong>Reibungslose Dampferzeugung:<\/strong> Die <strong>Netzspule<\/strong> sorgt f\u00fcr sanften und aromatischen Dampf bei jedem Zug und damit f\u00fcr ein befriedigendes Erlebnis.<\/li>\n\n\n\n<li><strong>Anpassbare Nikotinst\u00e4rke:<\/strong> Verf\u00fcgbar in <strong>0%, 2%, 3% und 5% Salz-Nikotin<\/strong>, so dass Sie Ihr Erlebnis individuell gestalten k\u00f6nnen.<\/li>\n\n\n\n<li><strong>Langlebiges Design:<\/strong> Gefertigt aus <strong>PC-Material<\/strong>, Dieser Vape ist f\u00fcr den t\u00e4glichen Gebrauch und Tragbarkeit gebaut.<\/li>\n<\/ul>\n\n\n\n<p>Erh\u00f6hen Sie Ihr Dampferlebnis mit dem <strong>Bang Tn 12000 Puffs Original Edition Einweg-Vape<\/strong>-ein Ger\u00e4t, das f\u00fcr erstklassige Leistung, Komfort und Geschmack entwickelt wurde.<\/p>\n\n\n\n<p>Suchen Sie nach weiteren hochwertigen Vaping-Optionen? Besuchen Sie unser <a href=\"https:\/\/vapemaison.com\">Homepage<\/a> um die neuesten Ver\u00f6ffentlichungen zu sehen, durchst\u00f6bern Sie die gesamte Kollektion in unserem <a href=\"https:\/\/vapemaison.com\/shop\">Shop<\/a>, oder erkunden Sie andere Ger\u00e4te aus dem <a href=\"https:\/\/vapemaison.com\/brand\/bang\">Marke Bang<\/a>. Vielleicht gefallen Ihnen auch die Einwegartikel mit hohem Fassungsverm\u00f6gen von <a href=\"https:\/\/vapemaison.com\/brand\/jnr\/\">JNR<\/a> oder \u00fcberpr\u00fcfen Sie alle unsere <a href=\"https:\/\/vapemaison.com\/product-category\/puffs-count\/\">Puffs-Ger\u00e4te<\/a> f\u00fcr lang anhaltende Zufriedenheit.<\/p>","protected":false},"excerpt":{"rendered":"<div id=\"model-response-message-contentr_ff64e4c22b1b6a06\" class=\"markdown markdown-main-panel stronger enable-updated-hr-color\" dir=\"ltr\" aria-live=\"polite\" aria-busy=\"false\">\n<p data-path-to-node=\"0\">Genie\u00dfen Sie 12.000 geschmackvolle Z\u00fcge und eine gro\u00dfz\u00fcgige 20ml Kapazit\u00e4t, die alle in einem robusten PC-Geh\u00e4use untergebracht sind, um Ihre t\u00e4glichen Abenteuer mit Leichtigkeit zu bew\u00e4ltigen. Ausgestattet mit einer Hochleistungs-Mesh-Spule und schnellem Typ-C-Laden liefert diese Originalausgabe jedes Mal einen sanften, erstklassigen Zug - bestellen Sie jetzt Ihr 10er-Pack, um sich unsere besten Gro\u00dfhandelspreise und einen bevorzugten Versand zu sichern.<\/p>\n<\/div>","protected":false},"featured_media":16940,"comment_status":"open","ping_status":"closed","template":"","meta":[],"product_brand":[57],"product_cat":[154],"product_tag":[],"class_list":{"0":"post-16932","1":"product","2":"type-product","3":"status-publish","4":"has-post-thumbnail","6":"product_brand-bang","7":"product_cat-12k-puffs","9":"first","10":"instock","11":"sale","12":"shipping-taxable","13":"purchasable","14":"product-type-variable"},"yoast_head":"<!-- This site is optimized with the Yoast SEO plugin v27.4 - https:\/\/yoast.com\/product\/yoast-seo-wordpress\/ -->\n<title>Bang Tn 12000 Puffs Disposable Vape \u2013 20mL, Type-C Charging<\/title>\n<meta name=\"description\" content=\"Experience smooth vapor and long-lasting satisfaction with the Bang Tn 12000 Puffs Vape. 20mL capacity, mesh coil, and fast Type-C charging for convenience.\" \/>\n<meta name=\"robots\" content=\"index, follow, max-snippet:-1, max-image-preview:large, max-video-preview:-1\" \/>\n<link rel=\"canonical\" href=\"https:\/\/vapemaison.com\/de\/product\/bang-tn-12000-puffs-wegwerfbares-vape\/\" \/>\n<meta property=\"og:locale\" content=\"de_DE\" \/>\n<meta property=\"og:type\" content=\"article\" \/>\n<meta property=\"og:title\" content=\"Bang Tn 12000 Puffs Disposable Vape \u2013 20mL, Type-C Charging\" \/>\n<meta property=\"og:description\" content=\"Experience smooth vapor and long-lasting satisfaction with the Bang Tn 12000 Puffs Vape. 20mL capacity, mesh coil, and fast Type-C charging for convenience.\" \/>\n<meta property=\"og:url\" content=\"https:\/\/vapemaison.com\/de\/product\/bang-tn-12000-puffs-wegwerfbares-vape\/\" \/>\n<meta property=\"og:site_name\" content=\"VapeMaison\" \/>\n<meta property=\"article:modified_time\" content=\"2025-12-22T09:28:12+00:00\" \/>\n<meta property=\"og:image\" content=\"https:\/\/vapemaison.com\/wp-content\/uploads\/2025\/12\/vape-bang-tn-12000-puffs-00015.jpg.webp\" \/>\n\t<meta property=\"og:image:width\" content=\"800\" \/>\n\t<meta property=\"og:image:height\" content=\"800\" \/>\n\t<meta property=\"og:image:type\" content=\"image\/webp\" \/>\n<meta name=\"twitter:card\" content=\"summary_large_image\" \/>\n<meta name=\"twitter:label1\" content=\"Gesch\u00e4tzte Lesezeit\" \/>\n\t<meta name=\"twitter:data1\" content=\"2\u00a0Minuten\" \/>\n<!-- \/ Yoast SEO plugin. -->","yoast_head_json":{"title":"Bang Tn 12000 Puffs Einweg Vape - 20mL, Typ-C Aufladung","description":"Erlebe weichen Dampf und lang anhaltende Zufriedenheit mit dem Bang Tn 12000 Puffs Vape. 20 ml Fassungsverm\u00f6gen, Netzspule und schnelles Typ-C-Laden f\u00fcr Komfort.","robots":{"index":"index","follow":"follow","max-snippet":"max-snippet:-1","max-image-preview":"max-image-preview:large","max-video-preview":"max-video-preview:-1"},"canonical":"https:\/\/vapemaison.com\/de\/product\/bang-tn-12000-puffs-wegwerfbares-vape\/","og_locale":"de_DE","og_type":"article","og_title":"Bang Tn 12000 Puffs Disposable Vape \u2013 20mL, Type-C Charging","og_description":"Experience smooth vapor and long-lasting satisfaction with the Bang Tn 12000 Puffs Vape. 20mL capacity, mesh coil, and fast Type-C charging for convenience.","og_url":"https:\/\/vapemaison.com\/de\/product\/bang-tn-12000-puffs-wegwerfbares-vape\/","og_site_name":"VapeMaison","article_modified_time":"2025-12-22T09:28:12+00:00","og_image":[{"width":800,"height":800,"url":"https:\/\/vapemaison.com\/wp-content\/uploads\/2025\/12\/vape-bang-tn-12000-puffs-00015.jpg.webp","type":"image\/webp"}],"twitter_card":"summary_large_image","twitter_misc":{"Gesch\u00e4tzte Lesezeit":"2\u00a0Minuten"},"schema":{"@context":"https:\/\/schema.org","@graph":[{"@type":"WebPage","@id":"https:\/\/vapemaison.com\/product\/bang-tn-12000-puffs-disposable-vape\/","url":"https:\/\/vapemaison.com\/product\/bang-tn-12000-puffs-disposable-vape\/","name":"Bang Tn 12000 Puffs Einweg Vape - 20mL, Typ-C Aufladung","isPartOf":{"@id":"https:\/\/vapemaison.com\/#website"},"primaryImageOfPage":{"@id":"https:\/\/vapemaison.com\/product\/bang-tn-12000-puffs-disposable-vape\/#primaryimage"},"image":{"@id":"https:\/\/vapemaison.com\/product\/bang-tn-12000-puffs-disposable-vape\/#primaryimage"},"thumbnailUrl":"https:\/\/vapemaison.com\/wp-content\/uploads\/2025\/12\/vape-bang-tn-12000-puffs-00015.jpg.webp","datePublished":"2025-12-11T03:59:39+00:00","dateModified":"2025-12-22T09:28:12+00:00","description":"Erlebe weichen Dampf und lang anhaltende Zufriedenheit mit dem Bang Tn 12000 Puffs Vape. 20 ml Fassungsverm\u00f6gen, Netzspule und schnelles Typ-C-Laden f\u00fcr Komfort.","breadcrumb":{"@id":"https:\/\/vapemaison.com\/product\/bang-tn-12000-puffs-disposable-vape\/#breadcrumb"},"inLanguage":"de","potentialAction":[{"@type":"ReadAction","target":["https:\/\/vapemaison.com\/product\/bang-tn-12000-puffs-disposable-vape\/"]}]},{"@type":"ImageObject","inLanguage":"de","@id":"https:\/\/vapemaison.com\/product\/bang-tn-12000-puffs-disposable-vape\/#primaryimage","url":"https:\/\/vapemaison.com\/wp-content\/uploads\/2025\/12\/vape-bang-tn-12000-puffs-00015.jpg.webp","contentUrl":"https:\/\/vapemaison.com\/wp-content\/uploads\/2025\/12\/vape-bang-tn-12000-puffs-00015.jpg.webp","width":800,"height":800,"caption":"Vape Bang Tn Puffs.jpg"},{"@type":"BreadcrumbList","@id":"https:\/\/vapemaison.com\/product\/bang-tn-12000-puffs-disposable-vape\/#breadcrumb","itemListElement":[{"@type":"ListItem","position":1,"name":"\u9996\u9875","item":"https:\/\/vapemaison.com\/"},{"@type":"ListItem","position":2,"name":"Shop","item":"https:\/\/vapemaison.com\/shop\/"},{"@type":"ListItem","position":3,"name":"Bang","item":"https:\/\/vapemaison.com\/brand\/bang\/"},{"@type":"ListItem","position":4,"name":"Bang Tn 12000 Puffs Disposable Vape"}]},{"@type":"WebSite","@id":"https:\/\/vapemaison.com\/#website","url":"https:\/\/vapemaison.com\/","name":"VapeMaison","description":"Premium Vaping-Ger\u00e4te und Zubeh\u00f6r","publisher":{"@id":"https:\/\/vapemaison.com\/#organization"},"potentialAction":[{"@type":"SearchAction","target":{"@type":"EntryPoint","urlTemplate":"https:\/\/vapemaison.com\/?s={search_term_string}"},"query-input":{"@type":"PropertyValueSpecification","valueRequired":true,"valueName":"search_term_string"}}],"inLanguage":"de"},{"@type":"Organization","@id":"https:\/\/vapemaison.com\/#organization","name":"VapeMaison","url":"https:\/\/vapemaison.com\/","logo":{"@type":"ImageObject","inLanguage":"de","@id":"https:\/\/vapemaison.com\/#\/schema\/logo\/image\/","url":"https:\/\/vapemaison.com\/wp-content\/uploads\/2026\/01\/cropped-vapemaison-logo-g-2026.webp","contentUrl":"https:\/\/vapemaison.com\/wp-content\/uploads\/2026\/01\/cropped-vapemaison-logo-g-2026.webp","width":350,"height":280,"caption":"VapeMaison"},"image":{"@id":"https:\/\/vapemaison.com\/#\/schema\/logo\/image\/"},"sameAs":["https:\/\/www.youtube.com\/@VapeMaison"]}]}},"tiered_pricing_type":"fixed","tiered_pricing_fixed_rules":{"30":"8.12","50":"7.45","100":"6.99","200":"6.21"},"tiered_pricing_product_settings":{"layout":"default","base_unit_name":{"singular":null,"plural":null},"default_variation":null},"tiered_pricing_minimum_quantity":10,"tiered_pricing_roles_data":[],"tiered_pricing_percentage_rules":[],"tiered_pricing_maximum_quantity":null,"tiered_pricing_quantity_step":"10","_links":{"self":[{"href":"https:\/\/vapemaison.com\/de\/wp-json\/wp\/v2\/product\/16932","targetHints":{"allow":["GET"]}}],"collection":[{"href":"https:\/\/vapemaison.com\/de\/wp-json\/wp\/v2\/product"}],"about":[{"href":"https:\/\/vapemaison.com\/de\/wp-json\/wp\/v2\/types\/product"}],"replies":[{"embeddable":true,"href":"https:\/\/vapemaison.com\/de\/wp-json\/wp\/v2\/comments?post=16932"}],"version-history":[{"count":0,"href":"https:\/\/vapemaison.com\/de\/wp-json\/wp\/v2\/product\/16932\/revisions"}],"wp:featuredmedia":[{"embeddable":true,"href":"https:\/\/vapemaison.com\/de\/wp-json\/wp\/v2\/media\/16940"}],"wp:attachment":[{"href":"https:\/\/vapemaison.com\/de\/wp-json\/wp\/v2\/media?parent=16932"}],"wp:term":[{"taxonomy":"product_brand","embeddable":true,"href":"https:\/\/vapemaison.com\/de\/wp-json\/wp\/v2\/product_brand?post=16932"},{"taxonomy":"product_cat","embeddable":true,"href":"https:\/\/vapemaison.com\/de\/wp-json\/wp\/v2\/product_cat?post=16932"},{"taxonomy":"product_tag","embeddable":true,"href":"https:\/\/vapemaison.com\/de\/wp-json\/wp\/v2\/product_tag?post=16932"}],"curies":[{"name":"wp","href":"https:\/\/api.w.org\/{rel}","templated":true}]}}