

{"id":16991,"date":"2025-12-11T06:45:06","date_gmt":"2025-12-11T06:45:06","guid":{"rendered":"https:\/\/vapemaison.com\/?post_type=product&#038;p=16991"},"modified":"2026-01-19T07:51:47","modified_gmt":"2026-01-19T07:51:47","slug":"bang-box-bc5000-puffs-wegwerfbare-vape","status":"publish","type":"product","link":"https:\/\/vapemaison.com\/de\/product\/bang-box-bc5000-puffs-disposable-vape\/","title":{"rendered":"Gro\u00dfhandel Bang Vaper Box BC5000 Puffs Vape"},"content":{"rendered":"<h3 class=\"wp-block-heading\"><strong>Bang Vaper Box BC5000 Puffs - kompaktes, kraftvolles und geschmackvolles Vaping<\/strong><\/h3>\n\n\n\n<p>Die <strong>Bang Vaper Box BC5000 Puffs Einzelhandel Einweg Vape<\/strong> liefert eine <strong>Langlebig<\/strong> und <strong>zufriedenstellend<\/strong> Vaping-Erlebnis in einem kompakten Design. Mit <strong>5000 Z\u00fcge<\/strong> pro Ger\u00e4t sorgt daf\u00fcr, dass Sie jeden Moment genie\u00dfen k\u00f6nnen, ohne sich mit Nachf\u00fcllungen oder dem Aufladen herumschlagen zu m\u00fcssen. Dieses Ger\u00e4t ist ideal f\u00fcr unterwegs und bietet sowohl Komfort als auch Leistung.<\/p>\n\n\n\n<p>Ausgestattet mit einem <strong>13mL e-Fl\u00fcssigkeit Kapazit\u00e4t<\/strong> und erh\u00e4ltlich in <strong>2%<\/strong> und <strong>5% Nikotinsalz<\/strong> Optionen, die <strong>Bang Box BC5000<\/strong> bietet einen befriedigenden Kehlkopfschlag und gleichbleibenden Geschmack bei jedem Zug. Die <strong>1.2\u03a9 Maschenspule<\/strong> garantiert eine gleichm\u00e4\u00dfige Dampfproduktion, die Ihr Dampferlebnis insgesamt verbessert.<\/p>\n\n\n\n<p>Konzipiert f\u00fcr <strong>leichte Tragbarkeit<\/strong>, wiegt dies nur <strong>52g<\/strong>, Dadurch ist er leicht und bequem zu tragen. Plus, seine <strong>Typ-C-Ladeanschluss<\/strong> sorgt f\u00fcr ein schnelles Aufladen, damit Ihr Ger\u00e4t immer einsatzbereit ist, wenn Sie es brauchen.<\/p>\n\n\n\n<h3 class=\"wp-block-heading\"><strong>Wesentliche Merkmale:<\/strong><\/h3>\n\n\n\n<figure class=\"wp-block-table\"><table class=\"has-fixed-layout\"><thead><tr><th><strong>Merkmal<\/strong><\/th><th><strong>Spezifikation<\/strong><\/th><\/tr><\/thead><tbody><tr><td><strong>Puff-Kapazit\u00e4t<\/strong><\/td><td>Bis zu 5000 Puffs<\/td><\/tr><tr><td><strong>Nikotinsalz<\/strong><\/td><td>2%, 5%<\/td><\/tr><tr><td><strong>E-Liquid Kapazit\u00e4t<\/strong><\/td><td>13mL<\/td><\/tr><tr><td><strong>Spule Typ<\/strong><\/td><td>1.2\u03a9 Masche Spule<\/td><\/tr><tr><td><strong>K\u00f6rpergewicht<\/strong><\/td><td>52g<\/td><\/tr><tr><td><strong>Ladeanschluss<\/strong><\/td><td>Typ-C-Schnellaufladung<\/td><\/tr><tr><td><strong>Gr\u00f6\u00dfe des Kartons<\/strong><\/td><td>52.3<em>38<\/em>28,5 cm<\/td><\/tr><\/tbody><\/table><\/figure>\n\n\n\n<h3 class=\"wp-block-heading\"><strong>Geschmacksliste:<\/strong><\/h3>\n\n\n\n<ol class=\"wp-block-list\">\n<li>Erdbeer-Mango<\/li>\n\n\n\n<li>Erdbeer-Eiscreme<\/li>\n\n\n\n<li>Sakura-Traube<\/li>\n\n\n\n<li>Wassermelone Eis<\/li>\n\n\n\n<li>Heidelbeer-Himbeer-Eis<\/li>\n\n\n\n<li>Wassermelone Bubblegum<\/li>\n\n\n\n<li>Erdbeer-Kiwi-Frucht<\/li>\n\n\n\n<li>Energy-Drink<\/li>\n\n\n\n<li>Pfirsich Mango Wassermelone<\/li>\n\n\n\n<li>Blaubeereis<\/li>\n\n\n\n<li>Ananas-Kokosnuss-Eis<\/li>\n\n\n\n<li>Erdbeere-Banane<\/li>\n\n\n\n<li>Kiwi Passionsfrucht Guave<\/li>\n\n\n\n<li>Gemischtes Obst<\/li>\n\n\n\n<li>Erdbeereis<\/li>\n\n\n\n<li>Erdbeere Wassermelone<\/li>\n<\/ol>\n\n\n\n<h3 class=\"wp-block-heading\"><strong>Warum die Bang Box BC5000?<\/strong><\/h3>\n\n\n\n<ul class=\"wp-block-list\">\n<li><strong>Erweitertes Vergn\u00fcgen:<\/strong> <strong>5000 Z\u00fcge<\/strong> sorgt f\u00fcr lang anhaltendes Dampfen ohne Nachf\u00fcllen oder Aufladen.<\/li>\n\n\n\n<li><strong>Reichhaltiger und weicher Geschmack:<\/strong> Die <strong>1.2\u03a9 Maschenspule<\/strong> sorgt f\u00fcr konsistenten und gleichm\u00e4\u00dfigen Dampf, der bei jedem Zug ein hervorragendes Aroma liefert.<\/li>\n\n\n\n<li><strong>Leicht und tragbar:<\/strong> Mit nur <strong>52g<\/strong>, Er eignet sich perfekt f\u00fcr den Transport in der Tasche oder im Rucksack und ist somit ideal f\u00fcr das Dampfen unterwegs.<\/li>\n\n\n\n<li><strong>Schnelles Aufladen:<\/strong> Die <strong>Typ-C-Ladeanschluss<\/strong> erm\u00f6glicht ein schnelles Aufladen, so dass Ihr Vape jederzeit einsatzbereit ist.<\/li>\n\n\n\n<li><strong>Vielfalt der Geschmacksrichtungen:<\/strong> Mit <strong>16 aufregende Geschmacksrichtungen<\/strong>, F\u00fcr jede Vorliebe ist etwas dabei, von fruchtigen Mischungen bis hin zu erfrischenden Eisvarianten.<\/li>\n<\/ul>\n\n\n\n<h3 class=\"wp-block-heading\"><strong>Erh\u00f6hen Sie Ihr Vaping-Erlebnis mit der Bang Box BC5000<\/strong><\/h3>\n\n\n\n<p>Die <strong>Bang Box BC5000 Puffs<\/strong> Einweg-Vape bietet die <strong>perfekte Balance<\/strong> von <strong>Leistung<\/strong>, <strong>Bequemlichkeit<\/strong>, und <strong>Geschmack<\/strong>. Egal, ob Sie neu beim Dampfen sind oder ein erfahrener Nutzer, dieses kompakte Ger\u00e4t bietet alles, was Sie f\u00fcr ein au\u00dfergew\u00f6hnliches Dampferlebnis brauchen.<\/p>\n\n\n\n<p>Suchen Sie nach weiteren hochwertigen Vaping-Optionen? Besuchen Sie unser <a href=\"https:\/\/vapemaison.com\">Homepage<\/a> um die neuesten Ver\u00f6ffentlichungen zu sehen, durchst\u00f6bern Sie die gesamte Kollektion in unserem <a href=\"https:\/\/vapemaison.com\/shop\">Shop<\/a>, oder erkunden Sie andere Ger\u00e4te aus dem <a href=\"https:\/\/vapemaison.com\/brand\/bang\">Marke Bang<\/a>. Vielleicht gefallen Ihnen auch die Einwegartikel mit hohem Fassungsverm\u00f6gen von <a href=\"https:\/\/vapemaison.com\/brand\/jnr\/\">JNR<\/a> oder \u00fcberpr\u00fcfen Sie alle unsere <a href=\"https:\/\/vapemaison.com\/product-category\/puffs-count\/\">Puffs-Ger\u00e4te<\/a> f\u00fcr lang anhaltende Zufriedenheit.<\/p>","protected":false},"excerpt":{"rendered":"<div id=\"model-response-message-contentr_d2b7b102add18b2d\" class=\"markdown markdown-main-panel stronger enable-updated-hr-color\" dir=\"ltr\" aria-live=\"polite\" aria-busy=\"false\">\n<p data-path-to-node=\"0\">Erleben Sie 5.000 geschmackvolle Z\u00fcge in einem leichten, taschenfreundlichen Design, das eine 1,2 \u03a9 Mesh-Spule f\u00fcr eine gleichbleibend glatte und befriedigende Kehle Hit verf\u00fcgt. Perfekt f\u00fcr unterwegs vaping, greifen Sie heute Ihre ultimative Portabilit\u00e4t und zuverl\u00e4ssige Leistung zu genie\u00dfen, solange unser aktueller Bestand und schnellen Versand Angebot dauern.<\/p>\n<\/div>","protected":false},"featured_media":17022,"comment_status":"open","ping_status":"closed","template":"","meta":[],"product_brand":[57],"product_cat":[290],"product_tag":[],"class_list":{"0":"post-16991","1":"product","2":"type-product","3":"status-publish","4":"has-post-thumbnail","6":"product_brand-bang","7":"product_cat-5k-puffs","9":"first","10":"instock","11":"sale","12":"shipping-taxable","13":"purchasable","14":"product-type-variable"},"yoast_head":"<!-- This site is optimized with the Yoast SEO plugin v27.4 - https:\/\/yoast.com\/product\/yoast-seo-wordpress\/ -->\n<title>Bang Vaper box BC5000 Puffs Disposable Vape \u2013 5% Nicotine<\/title>\n<meta name=\"description\" content=\"Enjoy up to 5000 puffs with the Bang Vaper box Disposable Vape. Featuring 13mL e-liquid,and a 1.2\u03a9 mesh coil for smooth. Perfect for on-the-go vaping!\" \/>\n<meta name=\"robots\" content=\"index, follow, max-snippet:-1, max-image-preview:large, max-video-preview:-1\" \/>\n<link rel=\"canonical\" href=\"https:\/\/vapemaison.com\/de\/product\/bang-box-bc5000-puffs-wegwerfbare-vape\/\" \/>\n<meta property=\"og:locale\" content=\"de_DE\" \/>\n<meta property=\"og:type\" content=\"article\" \/>\n<meta property=\"og:title\" content=\"Bang Vaper box BC5000 Puffs Disposable Vape \u2013 5% Nicotine\" \/>\n<meta property=\"og:description\" content=\"Enjoy up to 5000 puffs with the Bang Vaper box Disposable Vape. Featuring 13mL e-liquid,and a 1.2\u03a9 mesh coil for smooth. Perfect for on-the-go vaping!\" \/>\n<meta property=\"og:url\" content=\"https:\/\/vapemaison.com\/de\/product\/bang-box-bc5000-puffs-wegwerfbare-vape\/\" \/>\n<meta property=\"og:site_name\" content=\"VapeMaison\" \/>\n<meta property=\"article:modified_time\" content=\"2026-01-19T07:51:47+00:00\" \/>\n<meta property=\"og:image\" content=\"https:\/\/vapemaison.com\/wp-content\/uploads\/2025\/12\/vape-bang-bc-5000-puffs-00015-scaled.jpg.webp\" \/>\n\t<meta property=\"og:image:width\" content=\"2560\" \/>\n\t<meta property=\"og:image:height\" content=\"2560\" \/>\n\t<meta property=\"og:image:type\" content=\"image\/webp\" \/>\n<meta name=\"twitter:card\" content=\"summary_large_image\" \/>\n<meta name=\"twitter:label1\" content=\"Gesch\u00e4tzte Lesezeit\" \/>\n\t<meta name=\"twitter:data1\" content=\"2\u00a0Minuten\" \/>\n<!-- \/ Yoast SEO plugin. -->","yoast_head_json":{"title":"Bang Vaper Box BC5000 Puffs Einweg Vape - 5% Nikotin","description":"Genie\u00dfen Sie bis zu 5000 Z\u00fcge mit dem Bang Vaper Box Disposable Vape. Mit 13mL e-Fl\u00fcssigkeit, und eine 1.2\u03a9 Mesh-Spule f\u00fcr glatt. Perfekt f\u00fcr on-the-go vaping!","robots":{"index":"index","follow":"follow","max-snippet":"max-snippet:-1","max-image-preview":"max-image-preview:large","max-video-preview":"max-video-preview:-1"},"canonical":"https:\/\/vapemaison.com\/de\/product\/bang-box-bc5000-puffs-wegwerfbare-vape\/","og_locale":"de_DE","og_type":"article","og_title":"Bang Vaper box BC5000 Puffs Disposable Vape \u2013 5% Nicotine","og_description":"Enjoy up to 5000 puffs with the Bang Vaper box Disposable Vape. Featuring 13mL e-liquid,and a 1.2\u03a9 mesh coil for smooth. Perfect for on-the-go vaping!","og_url":"https:\/\/vapemaison.com\/de\/product\/bang-box-bc5000-puffs-wegwerfbare-vape\/","og_site_name":"VapeMaison","article_modified_time":"2026-01-19T07:51:47+00:00","og_image":[{"width":2560,"height":2560,"url":"https:\/\/vapemaison.com\/wp-content\/uploads\/2025\/12\/vape-bang-bc-5000-puffs-00015-scaled.jpg.webp","type":"image\/webp"}],"twitter_card":"summary_large_image","twitter_misc":{"Gesch\u00e4tzte Lesezeit":"2\u00a0Minuten"},"schema":{"@context":"https:\/\/schema.org","@graph":[{"@type":"WebPage","@id":"https:\/\/vapemaison.com\/product\/bang-box-bc5000-puffs-disposable-vape\/","url":"https:\/\/vapemaison.com\/product\/bang-box-bc5000-puffs-disposable-vape\/","name":"Bang Vaper Box BC5000 Puffs Einweg Vape - 5% Nikotin","isPartOf":{"@id":"https:\/\/vapemaison.com\/#website"},"primaryImageOfPage":{"@id":"https:\/\/vapemaison.com\/product\/bang-box-bc5000-puffs-disposable-vape\/#primaryimage"},"image":{"@id":"https:\/\/vapemaison.com\/product\/bang-box-bc5000-puffs-disposable-vape\/#primaryimage"},"thumbnailUrl":"https:\/\/vapemaison.com\/wp-content\/uploads\/2025\/12\/vape-bang-bc-5000-puffs-00015-scaled.jpg.webp","datePublished":"2025-12-11T06:45:06+00:00","dateModified":"2026-01-19T07:51:47+00:00","description":"Genie\u00dfen Sie bis zu 5000 Z\u00fcge mit dem Bang Vaper Box Disposable Vape. Mit 13mL e-Fl\u00fcssigkeit, und eine 1.2\u03a9 Mesh-Spule f\u00fcr glatt. Perfekt f\u00fcr on-the-go vaping!","breadcrumb":{"@id":"https:\/\/vapemaison.com\/product\/bang-box-bc5000-puffs-disposable-vape\/#breadcrumb"},"inLanguage":"de","potentialAction":[{"@type":"ReadAction","target":["https:\/\/vapemaison.com\/product\/bang-box-bc5000-puffs-disposable-vape\/"]}]},{"@type":"ImageObject","inLanguage":"de","@id":"https:\/\/vapemaison.com\/product\/bang-box-bc5000-puffs-disposable-vape\/#primaryimage","url":"https:\/\/vapemaison.com\/wp-content\/uploads\/2025\/12\/vape-bang-bc-5000-puffs-00015-scaled.jpg.webp","contentUrl":"https:\/\/vapemaison.com\/wp-content\/uploads\/2025\/12\/vape-bang-bc-5000-puffs-00015-scaled.jpg.webp","width":2560,"height":2560,"caption":"Vape Bang Bc Puffs Scaled.jpg"},{"@type":"BreadcrumbList","@id":"https:\/\/vapemaison.com\/product\/bang-box-bc5000-puffs-disposable-vape\/#breadcrumb","itemListElement":[{"@type":"ListItem","position":1,"name":"\u9996\u9875","item":"https:\/\/vapemaison.com\/"},{"@type":"ListItem","position":2,"name":"Shop","item":"https:\/\/vapemaison.com\/shop\/"},{"@type":"ListItem","position":3,"name":"Bang","item":"https:\/\/vapemaison.com\/brand\/bang\/"},{"@type":"ListItem","position":4,"name":"Wholesale Bang Vaper box BC5000 Puffs Vape"}]},{"@type":"WebSite","@id":"https:\/\/vapemaison.com\/#website","url":"https:\/\/vapemaison.com\/","name":"VapeMaison","description":"Premium Vaping-Ger\u00e4te und Zubeh\u00f6r","publisher":{"@id":"https:\/\/vapemaison.com\/#organization"},"potentialAction":[{"@type":"SearchAction","target":{"@type":"EntryPoint","urlTemplate":"https:\/\/vapemaison.com\/?s={search_term_string}"},"query-input":{"@type":"PropertyValueSpecification","valueRequired":true,"valueName":"search_term_string"}}],"inLanguage":"de"},{"@type":"Organization","@id":"https:\/\/vapemaison.com\/#organization","name":"VapeMaison","url":"https:\/\/vapemaison.com\/","logo":{"@type":"ImageObject","inLanguage":"de","@id":"https:\/\/vapemaison.com\/#\/schema\/logo\/image\/","url":"https:\/\/vapemaison.com\/wp-content\/uploads\/2026\/01\/cropped-vapemaison-logo-g-2026.webp","contentUrl":"https:\/\/vapemaison.com\/wp-content\/uploads\/2026\/01\/cropped-vapemaison-logo-g-2026.webp","width":350,"height":280,"caption":"VapeMaison"},"image":{"@id":"https:\/\/vapemaison.com\/#\/schema\/logo\/image\/"},"sameAs":["https:\/\/www.youtube.com\/@VapeMaison"]}]}},"tiered_pricing_type":"fixed","tiered_pricing_fixed_rules":{"30":"7.19","50":"6.29","100":"5.79","200":"4.99"},"tiered_pricing_product_settings":{"layout":"default","base_unit_name":{"singular":null,"plural":null},"default_variation":null},"tiered_pricing_minimum_quantity":10,"tiered_pricing_roles_data":[],"tiered_pricing_percentage_rules":[],"tiered_pricing_maximum_quantity":null,"tiered_pricing_quantity_step":"10","_links":{"self":[{"href":"https:\/\/vapemaison.com\/de\/wp-json\/wp\/v2\/product\/16991","targetHints":{"allow":["GET"]}}],"collection":[{"href":"https:\/\/vapemaison.com\/de\/wp-json\/wp\/v2\/product"}],"about":[{"href":"https:\/\/vapemaison.com\/de\/wp-json\/wp\/v2\/types\/product"}],"replies":[{"embeddable":true,"href":"https:\/\/vapemaison.com\/de\/wp-json\/wp\/v2\/comments?post=16991"}],"version-history":[{"count":1,"href":"https:\/\/vapemaison.com\/de\/wp-json\/wp\/v2\/product\/16991\/revisions"}],"predecessor-version":[{"id":26106,"href":"https:\/\/vapemaison.com\/de\/wp-json\/wp\/v2\/product\/16991\/revisions\/26106"}],"wp:featuredmedia":[{"embeddable":true,"href":"https:\/\/vapemaison.com\/de\/wp-json\/wp\/v2\/media\/17022"}],"wp:attachment":[{"href":"https:\/\/vapemaison.com\/de\/wp-json\/wp\/v2\/media?parent=16991"}],"wp:term":[{"taxonomy":"product_brand","embeddable":true,"href":"https:\/\/vapemaison.com\/de\/wp-json\/wp\/v2\/product_brand?post=16991"},{"taxonomy":"product_cat","embeddable":true,"href":"https:\/\/vapemaison.com\/de\/wp-json\/wp\/v2\/product_cat?post=16991"},{"taxonomy":"product_tag","embeddable":true,"href":"https:\/\/vapemaison.com\/de\/wp-json\/wp\/v2\/product_tag?post=16991"}],"curies":[{"name":"wp","href":"https:\/\/api.w.org\/{rel}","templated":true}]}}