

{"id":16992,"date":"2025-12-11T06:56:43","date_gmt":"2025-12-11T06:56:43","guid":{"rendered":"https:\/\/vapemaison.com\/?post_type=product&#038;p=16992"},"modified":"2025-12-31T06:32:17","modified_gmt":"2025-12-31T06:32:17","slug":"bangking-12000-puffs-wegwerfbares-vape","status":"publish","type":"product","link":"https:\/\/vapemaison.com\/de\/product\/bangking-12000-puffs-disposable-vape\/","title":{"rendered":"Bang King 12K 12000 Z\u00fcge Einweg Vape Pen"},"content":{"rendered":"<h3 class=\"wp-block-heading\"><strong>Bang King 12K - 12000 Puffs geschmackvolle Befriedigung<\/strong><\/h3>\n\n\n\n<p>Die <strong>Bang King 12K 12000 Puffs<\/strong> Disposable Vape Pen ist f\u00fcr Dampfer konzipiert, die beides verlangen <strong>Leistung<\/strong> und <strong>Sorte<\/strong>. Mit <strong>20 aufregende Geschmacksrichtungen<\/strong> und <strong>Nikotinst\u00e4rken<\/strong> von <strong>0% bis 5%<\/strong>, liefert dieses Ger\u00e4t ein individuelles Dampferlebnis, das jeder Vorliebe gerecht wird.<\/p>\n\n\n\n<p>Ausgestattet mit einem <strong>650mAh wiederaufladbare Batterie<\/strong>, Dies gew\u00e4hrleistet l\u00e4ngere Vaping-Sessions ohne Unterbrechungen. Die <strong>23mL e-Fl\u00fcssigkeit Kapazit\u00e4t<\/strong> erm\u00f6glicht <strong>bis zu 12.000 Z\u00fcge<\/strong> der reinen Befriedigung, die ein lang anhaltendes Vergn\u00fcgen garantiert.<\/p>\n\n\n\n<p>Die <strong>1.22\u03a9 Widerstand<\/strong> Spule ist optimiert f\u00fcr <strong>reiche Geschmacksentfaltung<\/strong> und <strong>gleichm\u00e4\u00dfige Dampferzeugung<\/strong>, und machen jeden Zug zu einem k\u00f6stlichen Erlebnis.<\/p>\n\n\n\n<p>Egal, ob Sie neu beim Dampfen sind oder ein erfahrener Enthusiast, die <strong>Bang King 12K<\/strong> kombiniert <strong>Bequemlichkeit<\/strong>, <strong>Stil<\/strong>, und <strong>\u00fcberragende Leistung<\/strong> f\u00fcr ein unschlagbares Vaping-Erlebnis.<\/p>\n\n\n\n<h3 class=\"wp-block-heading\"><strong>Wesentliche Merkmale:<\/strong><\/h3>\n\n\n\n<figure class=\"wp-block-table\"><table class=\"has-fixed-layout\"><thead><tr><th><strong>Merkmal<\/strong><\/th><th><strong>Spezifikation<\/strong><\/th><\/tr><\/thead><tbody><tr><td><strong>Puff-Kapazit\u00e4t<\/strong><\/td><td>Bis zu 12.000 Puffs<\/td><\/tr><tr><td><strong>E-Liquid Kapazit\u00e4t<\/strong><\/td><td>23mL<\/td><\/tr><tr><td><strong>Nikotinst\u00e4rke<\/strong><\/td><td>0%, 2%, 3%, 5%<\/td><\/tr><tr><td><strong>Batteriekapazit\u00e4t<\/strong><\/td><td>650mAh Wiederaufladbar<\/td><\/tr><tr><td><strong>Widerstand<\/strong><\/td><td>1.22\u03a9<\/td><\/tr><tr><td><strong>Geschmacksvielfalt<\/strong><\/td><td>20 Geschmacksrichtungen<\/td><\/tr><\/tbody><\/table><\/figure>\n\n\n\n<h3 class=\"wp-block-heading\"><strong>Geschmacksliste:<\/strong><\/h3>\n\n\n\n<ol class=\"wp-block-list\">\n<li>Ananas-Kokosnuss-Eis<\/li>\n\n\n\n<li>Wassermelone Bubblegum<\/li>\n\n\n\n<li>Dreifach-Beereneis<\/li>\n\n\n\n<li>Pfirsich-Eis<\/li>\n\n\n\n<li>Granatapfel<\/li>\n\n\n\n<li>Blaues Razzeis<\/li>\n\n\n\n<li>Erdbeere Wassermelone<\/li>\n\n\n\n<li>Melone-Minze<\/li>\n\n\n\n<li>Regenbogen-Sherbert<\/li>\n\n\n\n<li>Erdbeer-Mango<\/li>\n\n\n\n<li>K\u00f6nigliche Traube<\/li>\n\n\n\n<li>Leidenschaftlicher Kuss<\/li>\n\n\n\n<li>Doppelter Apfel<\/li>\n\n\n\n<li>Pfirsich-Mango<\/li>\n\n\n\n<li>Erdbeer-Kiwi<\/li>\n\n\n\n<li>Wassermelone Eis<\/li>\n\n\n\n<li>Melone Blau<\/li>\n\n\n\n<li>Liebe 66<\/li>\n\n\n\n<li>Sex am Strand<\/li>\n\n\n\n<li>Pfirsich Beere<\/li>\n<\/ol>\n\n\n\n<h3 class=\"wp-block-heading\"><strong>Warum Bang King 12K w\u00e4hlen?<\/strong><\/h3>\n\n\n\n<ul class=\"wp-block-list\">\n<li><strong>Langanhaltendes Dampfen:<\/strong> Mit <strong>23mL e-Fl\u00fcssigkeit<\/strong> und <strong>bis zu 12.000 Z\u00fcge<\/strong>, Genie\u00dfen Sie ausgedehnte Vaping-Sessions, ohne h\u00e4ufig nachf\u00fcllen zu m\u00fcssen.<\/li>\n\n\n\n<li><strong>Glatter und reichhaltiger Dampf:<\/strong> Die <strong>1,22\u03a9 Widerstandsspule<\/strong> gew\u00e4hrleistet <strong>optimaler Geschmack<\/strong> und konsequent <strong>Dampferzeugung<\/strong> mit jedem Zug.<\/li>\n\n\n\n<li><strong>Wiederaufladbar und praktisch:<\/strong> Die <strong>650mAh wiederaufladbare Batterie<\/strong> bietet eine zuverl\u00e4ssige Leistung, und das Ger\u00e4t ist perfekt f\u00fcr den Einsatz unterwegs geeignet.<\/li>\n\n\n\n<li><strong>Breites Geschmacksspektrum:<\/strong> W\u00e4hlen Sie aus <strong>20 k\u00f6stliche Geschmacksrichtungen<\/strong> f\u00fcr ein wirklich individuelles Vaping-Erlebnis.<\/li>\n\n\n\n<li><strong>Anpassbare Nikotinst\u00e4rken:<\/strong> Verf\u00fcgbar in <strong>0%, 2%, 3% und 5%<\/strong> Nikotin auf den von Ihnen bevorzugten Wert einstellen.<\/li>\n<\/ul>\n\n\n\n<h3 class=\"wp-block-heading\"><strong>Entfesseln Sie Ihre geschmackvolle Vaping-Reise mit Bang King 12K<\/strong><\/h3>\n\n\n\n<p>Die <strong>Bang King 12K 12000 Puffs<\/strong> Einweg-Vape Pen bietet die perfekte Balance zwischen <strong>Leistung<\/strong>, <strong>Sorte<\/strong>, und <strong>Stil<\/strong>. Ob Sie nun sanfte Fruchtmischungen oder kr\u00e4ftige Minzsensationen suchen, die <strong>Bang King 12K<\/strong> bietet eine zufriedenstellende und bequeme Erfahrung, die auf Dauer angelegt ist.<\/p>\n\n\n\n<p>Suchen Sie nach weiteren hochwertigen Vaping-Optionen? Besuchen Sie unser <a href=\"https:\/\/vapemaison.com\">Homepage<\/a> um die neuesten Ver\u00f6ffentlichungen zu sehen, durchst\u00f6bern Sie die gesamte Kollektion in unserem <a href=\"https:\/\/vapemaison.com\/shop\">Shop<\/a>, oder erkunden Sie andere Ger\u00e4te aus dem <a href=\"https:\/\/vapemaison.com\/brand\/bang\">Marke Bang<\/a>. Vielleicht gefallen Ihnen auch die Einwegartikel mit hohem Fassungsverm\u00f6gen von <a href=\"https:\/\/vapemaison.com\/brand\/jnr\/\">JNR<\/a> oder \u00fcberpr\u00fcfen Sie alle unsere <a href=\"https:\/\/vapemaison.com\/product-category\/puffs-count\/\">Puffs-Ger\u00e4te<\/a> f\u00fcr lang anhaltende Zufriedenheit.<\/p>","protected":false},"excerpt":{"rendered":"<div id=\"model-response-message-contentr_ebe8c71fdd5d1e24\" class=\"markdown markdown-main-panel stronger enable-updated-hr-color\" dir=\"ltr\" aria-live=\"polite\" aria-busy=\"false\">\n<p data-path-to-node=\"0\">Genie\u00dfen Sie 12.000 Z\u00fcge purer Befriedigung mit einem massiven 23ml-Reservoir und einer optimierten 1,22\u03a9-Spule f\u00fcr au\u00dfergew\u00f6hnlich reichen Geschmack. Mit 20 aufregenden Geschmacksrichtungen und einem zuverl\u00e4ssigen Akku ist er die perfekte Mischung aus Vielfalt und Leistung - bestellen Sie jetzt, um sich Ihren Lieblingsgeschmack zu sichern, solange unser aktueller Vorrat und unser Schnellversandangebot reicht.<\/p>\n<\/div>","protected":false},"featured_media":17025,"comment_status":"open","ping_status":"closed","template":"","meta":[],"product_brand":[57],"product_cat":[154],"product_tag":[],"class_list":{"0":"post-16992","1":"product","2":"type-product","3":"status-publish","4":"has-post-thumbnail","6":"product_brand-bang","7":"product_cat-12k-puffs","9":"first","10":"instock","11":"sale","12":"shipping-taxable","13":"purchasable","14":"product-type-variable"},"yoast_head":"<!-- This site is optimized with the Yoast SEO plugin v27.4 - https:\/\/yoast.com\/product\/yoast-seo-wordpress\/ -->\n<title>BangKing 12K 12000 Puffs Disposable Vape<\/title>\n<meta name=\"description\" content=\"Enjoy up to 12000 puffs with the BangKing 12K Disposable Vape. 20 tasty flavors and customizable nicotine strength for a satisfying vape experience.\" \/>\n<meta name=\"robots\" content=\"index, follow, max-snippet:-1, max-image-preview:large, max-video-preview:-1\" \/>\n<link rel=\"canonical\" href=\"https:\/\/vapemaison.com\/de\/product\/bangking-12000-puffs-wegwerfbares-vape\/\" \/>\n<meta property=\"og:locale\" content=\"de_DE\" \/>\n<meta property=\"og:type\" content=\"article\" \/>\n<meta property=\"og:title\" content=\"BangKing 12K 12000 Puffs Disposable Vape\" \/>\n<meta property=\"og:description\" content=\"Enjoy up to 12000 puffs with the BangKing 12K Disposable Vape. 20 tasty flavors and customizable nicotine strength for a satisfying vape experience.\" \/>\n<meta property=\"og:url\" content=\"https:\/\/vapemaison.com\/de\/product\/bangking-12000-puffs-wegwerfbares-vape\/\" \/>\n<meta property=\"og:site_name\" content=\"VapeMaison\" \/>\n<meta property=\"article:modified_time\" content=\"2025-12-31T06:32:17+00:00\" \/>\n<meta property=\"og:image\" content=\"https:\/\/vapemaison.com\/wp-content\/uploads\/2025\/12\/melon-mint-bang-king.jpg\" \/>\n\t<meta property=\"og:image:width\" content=\"800\" \/>\n\t<meta property=\"og:image:height\" content=\"800\" \/>\n\t<meta property=\"og:image:type\" content=\"image\/jpeg\" \/>\n<meta name=\"twitter:card\" content=\"summary_large_image\" \/>\n<meta name=\"twitter:label1\" content=\"Gesch\u00e4tzte Lesezeit\" \/>\n\t<meta name=\"twitter:data1\" content=\"2\u00a0Minuten\" \/>\n<!-- \/ Yoast SEO plugin. -->","yoast_head_json":{"title":"BangKing 12K 12000 Puffs Einweg Vape","description":"Genie\u00dfe bis zu 12000 Z\u00fcge mit dem BangKing 12K Disposable Vape. 20 leckere Geschmacksrichtungen und anpassbare Nikotinst\u00e4rke f\u00fcr ein befriedigendes Dampferlebnis.","robots":{"index":"index","follow":"follow","max-snippet":"max-snippet:-1","max-image-preview":"max-image-preview:large","max-video-preview":"max-video-preview:-1"},"canonical":"https:\/\/vapemaison.com\/de\/product\/bangking-12000-puffs-wegwerfbares-vape\/","og_locale":"de_DE","og_type":"article","og_title":"BangKing 12K 12000 Puffs Disposable Vape","og_description":"Enjoy up to 12000 puffs with the BangKing 12K Disposable Vape. 20 tasty flavors and customizable nicotine strength for a satisfying vape experience.","og_url":"https:\/\/vapemaison.com\/de\/product\/bangking-12000-puffs-wegwerfbares-vape\/","og_site_name":"VapeMaison","article_modified_time":"2025-12-31T06:32:17+00:00","og_image":[{"width":800,"height":800,"url":"https:\/\/vapemaison.com\/wp-content\/uploads\/2025\/12\/melon-mint-bang-king.jpg","type":"image\/jpeg"}],"twitter_card":"summary_large_image","twitter_misc":{"Gesch\u00e4tzte Lesezeit":"2\u00a0Minuten"},"schema":{"@context":"https:\/\/schema.org","@graph":[{"@type":"WebPage","@id":"https:\/\/vapemaison.com\/product\/bangking-12000-puffs-disposable-vape\/","url":"https:\/\/vapemaison.com\/product\/bangking-12000-puffs-disposable-vape\/","name":"BangKing 12K 12000 Puffs Einweg Vape","isPartOf":{"@id":"https:\/\/vapemaison.com\/#website"},"primaryImageOfPage":{"@id":"https:\/\/vapemaison.com\/product\/bangking-12000-puffs-disposable-vape\/#primaryimage"},"image":{"@id":"https:\/\/vapemaison.com\/product\/bangking-12000-puffs-disposable-vape\/#primaryimage"},"thumbnailUrl":"https:\/\/vapemaison.com\/wp-content\/uploads\/2025\/12\/melon-mint-bang-king.jpg","datePublished":"2025-12-11T06:56:43+00:00","dateModified":"2025-12-31T06:32:17+00:00","description":"Genie\u00dfe bis zu 12000 Z\u00fcge mit dem BangKing 12K Disposable Vape. 20 leckere Geschmacksrichtungen und anpassbare Nikotinst\u00e4rke f\u00fcr ein befriedigendes Dampferlebnis.","breadcrumb":{"@id":"https:\/\/vapemaison.com\/product\/bangking-12000-puffs-disposable-vape\/#breadcrumb"},"inLanguage":"de","potentialAction":[{"@type":"ReadAction","target":["https:\/\/vapemaison.com\/product\/bangking-12000-puffs-disposable-vape\/"]}]},{"@type":"ImageObject","inLanguage":"de","@id":"https:\/\/vapemaison.com\/product\/bangking-12000-puffs-disposable-vape\/#primaryimage","url":"https:\/\/vapemaison.com\/wp-content\/uploads\/2025\/12\/melon-mint-bang-king.jpg","contentUrl":"https:\/\/vapemaison.com\/wp-content\/uploads\/2025\/12\/melon-mint-bang-king.jpg","width":800,"height":800,"caption":"melon-mint-bang-king"},{"@type":"BreadcrumbList","@id":"https:\/\/vapemaison.com\/product\/bangking-12000-puffs-disposable-vape\/#breadcrumb","itemListElement":[{"@type":"ListItem","position":1,"name":"\u9996\u9875","item":"https:\/\/vapemaison.com\/"},{"@type":"ListItem","position":2,"name":"Shop","item":"https:\/\/vapemaison.com\/shop\/"},{"@type":"ListItem","position":3,"name":"Bang","item":"https:\/\/vapemaison.com\/brand\/bang\/"},{"@type":"ListItem","position":4,"name":"Bang King 12K 12000 Puffs Disposable Vape Pen"}]},{"@type":"WebSite","@id":"https:\/\/vapemaison.com\/#website","url":"https:\/\/vapemaison.com\/","name":"VapeMaison","description":"Premium Vaping-Ger\u00e4te und Zubeh\u00f6r","publisher":{"@id":"https:\/\/vapemaison.com\/#organization"},"potentialAction":[{"@type":"SearchAction","target":{"@type":"EntryPoint","urlTemplate":"https:\/\/vapemaison.com\/?s={search_term_string}"},"query-input":{"@type":"PropertyValueSpecification","valueRequired":true,"valueName":"search_term_string"}}],"inLanguage":"de"},{"@type":"Organization","@id":"https:\/\/vapemaison.com\/#organization","name":"VapeMaison","url":"https:\/\/vapemaison.com\/","logo":{"@type":"ImageObject","inLanguage":"de","@id":"https:\/\/vapemaison.com\/#\/schema\/logo\/image\/","url":"https:\/\/vapemaison.com\/wp-content\/uploads\/2026\/01\/cropped-vapemaison-logo-g-2026.webp","contentUrl":"https:\/\/vapemaison.com\/wp-content\/uploads\/2026\/01\/cropped-vapemaison-logo-g-2026.webp","width":350,"height":280,"caption":"VapeMaison"},"image":{"@id":"https:\/\/vapemaison.com\/#\/schema\/logo\/image\/"},"sameAs":["https:\/\/www.youtube.com\/@VapeMaison"]}]}},"tiered_pricing_type":"fixed","tiered_pricing_fixed_rules":{"30":"8.29","50":"7.99","100":"7.56","200":"6.99"},"tiered_pricing_product_settings":{"layout":"default","base_unit_name":{"singular":null,"plural":null},"default_variation":null},"tiered_pricing_minimum_quantity":10,"tiered_pricing_roles_data":[],"tiered_pricing_percentage_rules":[],"tiered_pricing_maximum_quantity":null,"tiered_pricing_quantity_step":"10","_links":{"self":[{"href":"https:\/\/vapemaison.com\/de\/wp-json\/wp\/v2\/product\/16992","targetHints":{"allow":["GET"]}}],"collection":[{"href":"https:\/\/vapemaison.com\/de\/wp-json\/wp\/v2\/product"}],"about":[{"href":"https:\/\/vapemaison.com\/de\/wp-json\/wp\/v2\/types\/product"}],"replies":[{"embeddable":true,"href":"https:\/\/vapemaison.com\/de\/wp-json\/wp\/v2\/comments?post=16992"}],"version-history":[{"count":1,"href":"https:\/\/vapemaison.com\/de\/wp-json\/wp\/v2\/product\/16992\/revisions"}],"predecessor-version":[{"id":23048,"href":"https:\/\/vapemaison.com\/de\/wp-json\/wp\/v2\/product\/16992\/revisions\/23048"}],"wp:featuredmedia":[{"embeddable":true,"href":"https:\/\/vapemaison.com\/de\/wp-json\/wp\/v2\/media\/17025"}],"wp:attachment":[{"href":"https:\/\/vapemaison.com\/de\/wp-json\/wp\/v2\/media?parent=16992"}],"wp:term":[{"taxonomy":"product_brand","embeddable":true,"href":"https:\/\/vapemaison.com\/de\/wp-json\/wp\/v2\/product_brand?post=16992"},{"taxonomy":"product_cat","embeddable":true,"href":"https:\/\/vapemaison.com\/de\/wp-json\/wp\/v2\/product_cat?post=16992"},{"taxonomy":"product_tag","embeddable":true,"href":"https:\/\/vapemaison.com\/de\/wp-json\/wp\/v2\/product_tag?post=16992"}],"curies":[{"name":"wp","href":"https:\/\/api.w.org\/{rel}","templated":true}]}}