

{"id":16993,"date":"2025-12-11T07:15:03","date_gmt":"2025-12-11T07:15:03","guid":{"rendered":"https:\/\/vapemaison.com\/?post_type=product&#038;p=16993"},"modified":"2025-12-22T09:26:40","modified_gmt":"2025-12-22T09:26:40","slug":"bang-36000-puffs-einweg-vape","status":"publish","type":"product","link":"https:\/\/vapemaison.com\/de\/product\/bang-36000-puffs-disposable-vape\/","title":{"rendered":"Bang 36000 Z\u00fcge 0% 2% 3% 5% Nikotin Vape"},"content":{"rendered":"<h3 class=\"wp-block-heading\"><strong>Bang 36000 Puffs - Premium Einweg-Vape mit doppeltem E-Liquid Tank und DTL Erfahrung<\/strong><\/h3>\n\n\n\n<p>Die <strong>Bang 36000 Puffs<\/strong> ist das Neueste in Sachen Hochleistungsvaping und bietet bis zu <strong>36.000 Z\u00fcge<\/strong> gleichbleibender Zufriedenheit. Dieser schlanke und ergonomische Einwegdampfer wurde f\u00fcr den l\u00e4ngeren Gebrauch entwickelt und gew\u00e4hrleistet <strong>unvergleichlicher Komfort<\/strong> und langanhaltenden Genuss, was ihn zur perfekten Wahl sowohl f\u00fcr neue als auch f\u00fcr erfahrene Dampfer macht.<\/p>\n\n\n\n<p>Mit <strong>40mL vorgef\u00fcllte e-Fl\u00fcssigkeit<\/strong> in einem <strong>Doppelter E-Fl\u00fcssigkeitstank<\/strong>, die <strong>Peng 36000<\/strong> bietet Ihnen ein reichhaltiges und geschmackvolles Dampferlebnis, ohne dass Sie st\u00e4ndig nachf\u00fcllen m\u00fcssen. Ob Sie eine <strong>Nikotinst\u00e4rke<\/strong> von <strong>0%, 2%, 3% oder 5%<\/strong>, Mit diesem Ger\u00e4t k\u00f6nnen Sie Ihre Vaping-Session genau auf Ihre Vorlieben abstimmen.<\/p>\n\n\n\n<h3 class=\"wp-block-heading\"><strong>Wesentliche Merkmale:<\/strong><\/h3>\n\n\n\n<figure class=\"wp-block-table\"><table class=\"has-fixed-layout\"><thead><tr><th><strong>Merkmal<\/strong><\/th><th><strong>Spezifikation<\/strong><\/th><\/tr><\/thead><tbody><tr><td><strong>Puff-Kapazit\u00e4t<\/strong><\/td><td>Bis zu 36.000 Puffs<\/td><\/tr><tr><td><strong>E-Liquid Kapazit\u00e4t<\/strong><\/td><td>40mL (Doppeltank)<\/td><\/tr><tr><td><strong>Nikotinst\u00e4rke<\/strong><\/td><td>0%, 2%, 3%, 5%<\/td><\/tr><tr><td><strong>Spule Typ<\/strong><\/td><td>0.6\u03a9 Sub-Ohm Spule (DTL)<\/td><\/tr><tr><td><strong>Batteriekapazit\u00e4t<\/strong><\/td><td>650mAh Wiederaufladbar<\/td><\/tr><tr><td><strong>Ladeanschluss<\/strong><\/td><td>Typ-C-Schnellaufladung<\/td><\/tr><tr><td><strong>Visuelles Merkmal<\/strong><\/td><td>LED-Farblicht<\/td><\/tr><tr><td><strong>Verpackung<\/strong><\/td><td>8 St\u00fcck pro Box<\/td><\/tr><tr><td><strong>Geschm\u00e4cker<\/strong><\/td><td>12 k\u00f6stliche Geschmacksrichtungen<\/td><\/tr><\/tbody><\/table><\/figure>\n\n\n\n<h3 class=\"wp-block-heading\"><strong>Geschmacksliste:<\/strong><\/h3>\n\n\n\n<ol class=\"wp-block-list\">\n<li>Erdbeer-Kiwi<\/li>\n\n\n\n<li>Pfirsich Mango Wassermelone<\/li>\n\n\n\n<li>Gemischte Fr\u00fcchte<\/li>\n\n\n\n<li>Minze Eis<\/li>\n\n\n\n<li>Pfirsich-Mango<\/li>\n\n\n\n<li>Traubeneis<\/li>\n\n\n\n<li>Doppelte \u00c4pfel<\/li>\n\n\n\n<li>Heidelbeere-Himbeere<\/li>\n\n\n\n<li>Blaubeereis<\/li>\n\n\n\n<li>Erdbeere Wassermelone<\/li>\n\n\n\n<li>Wassermelone Eis<\/li>\n\n\n\n<li>Erdbeer-Mango<\/li>\n<\/ol>\n\n\n\n<h3 class=\"wp-block-heading\"><strong>Warum Bang 36000 w\u00e4hlen?<\/strong><\/h3>\n\n\n\n<ul class=\"wp-block-list\">\n<li><strong>Erweiterte Vaping-Sessions:<\/strong> Mit <strong>40mL vorgef\u00fcllte e-Fl\u00fcssigkeit<\/strong>, und genie\u00dfen Sie bis zu <strong>36.000 Z\u00fcge<\/strong> ohne st\u00e4ndiges Nachf\u00fcllen.<\/li>\n\n\n\n<li><strong>Glatter und reichhaltiger Dampf:<\/strong> Die <strong>0,6\u03a9 Sub-Ohm-Spule<\/strong> bietet eine <strong>Direkt zur Lunge (DTL)<\/strong> Erfahrung, die mit jedem Zug intensiven Geschmack und sanften Dampf liefert.<\/li>\n\n\n\n<li><strong>Personalisierte Nikotinst\u00e4rke:<\/strong> W\u00e4hlen Sie aus <strong>0%, 2%, 3% oder 5% Nikotin<\/strong> um Ihr gew\u00fcnschtes Dampferlebnis perfekt zu gestalten.<\/li>\n\n\n\n<li><strong>Bequemes Aufladen:<\/strong> Die <strong>Typ-C-Ladeanschluss<\/strong> und <strong>650mAh wiederaufladbare Batterie<\/strong> erm\u00f6glichen ein schnelles und effizientes Aufladen und minimieren so die Ausfallzeiten.<\/li>\n\n\n\n<li><strong>Dynamisches LED-Farblicht:<\/strong> Die <strong>LED-Licht<\/strong> f\u00fcgt ein stilvolles visuelles Element zu Ihren Vape-Sessions hinzu und macht es nicht nur zu einem Vape, sondern zu einem Statement.<\/li>\n\n\n\n<li><strong>Schlankes und ergonomisches Design:<\/strong> Die <strong>Peng 36000<\/strong> ist auf Komfort und Benutzerfreundlichkeit ausgelegt und bietet allen Benutzern ein angenehmes Erlebnis.<\/li>\n<\/ul>\n\n\n\n<h3 class=\"wp-block-heading\"><strong>Erh\u00f6hen Sie Ihr Vaping-Erlebnis mit Bang 36000<\/strong><\/h3>\n\n\n\n<p>Die <strong>Bang 36000 Puffs<\/strong> wurde f\u00fcr den Vaper entwickelt, der die perfekte Kombination aus <strong>Leistung, Komfort und Stil<\/strong>. Mit seiner lang anhaltenden Kapazit\u00e4t, der anpassbaren Nikotinst\u00e4rke und dem auff\u00e4lligen LED-Licht ist der <strong>Peng 36000<\/strong> zeichnet sich als hochwertiger Einweg-Vape-Pen aus, der f\u00fcr diejenigen entwickelt wurde, die mehr erwarten.<\/p>\n\n\n\n<p>Suchen Sie nach weiteren hochwertigen Vaping-Optionen? Besuchen Sie unser <a href=\"https:\/\/vapemaison.com\">Homepage<\/a> um die neuesten Ver\u00f6ffentlichungen zu sehen, durchst\u00f6bern Sie die gesamte Kollektion in unserem <a href=\"https:\/\/vapemaison.com\/shop\">Shop<\/a>, oder erkunden Sie andere Ger\u00e4te aus dem <a href=\"https:\/\/vapemaison.com\/brand\/bang\">Marke Bang<\/a>. Vielleicht gefallen Ihnen auch die Einwegartikel mit hohem Fassungsverm\u00f6gen von <a href=\"https:\/\/vapemaison.com\/brand\/jnr\/\">JNR<\/a> oder \u00fcberpr\u00fcfen Sie alle unsere <a href=\"https:\/\/vapemaison.com\/product-category\/puffs-count\/\">Puffs-Ger\u00e4te<\/a> f\u00fcr lang anhaltende Zufriedenheit.<\/p>","protected":false},"excerpt":{"rendered":"<p>Maximieren Sie Ihr DTL-Erlebnis mit einer massiven 36.000 Puffs und einem 40ml Doppel-Tank-System f\u00fcr tiefe, konsistente Geschmack entwickelt. Mit einer 0,6-\u03a9-Sub-Ohm-Spule und leuchtenden LED-Lichtern liefert dieses Kraftpaket eine erstklassige, auf Wolken fokussierte Session - bestellen Sie noch heute, um sich Ihren bevorzugten Nikotingehalt zu sichern, solange der aktuelle Bestand und der schnelle Versand verf\u00fcgbar sind.<\/p>","protected":false},"featured_media":17159,"comment_status":"open","ping_status":"closed","template":"","meta":[],"product_brand":[57],"product_cat":[309,16],"product_tag":[],"class_list":{"0":"post-16993","1":"product","2":"type-product","3":"status-publish","4":"has-post-thumbnail","6":"product_brand-bang","7":"product_cat-36k-puffs","8":"product_cat-uncategorized","10":"first","11":"instock","12":"sale","13":"shipping-taxable","14":"purchasable","15":"product-type-variable"},"yoast_head":"<!-- This site is optimized with the Yoast SEO plugin v27.4 - https:\/\/yoast.com\/product\/yoast-seo-wordpress\/ -->\n<title>Bang 36000 Puffs Disposable Vape \u2013 36000 Puffs, 20 Flavors<\/title>\n<meta name=\"description\" content=\"Experience up to 36000 puffs with Bang 36000 Disposable Vape. 20 flavors and customizable nicotine strength for a premium vaping experience.\" \/>\n<meta name=\"robots\" content=\"index, follow, max-snippet:-1, max-image-preview:large, max-video-preview:-1\" \/>\n<link rel=\"canonical\" href=\"https:\/\/vapemaison.com\/de\/product\/bang-36000-puffs-einweg-vape\/\" \/>\n<meta property=\"og:locale\" content=\"de_DE\" \/>\n<meta property=\"og:type\" content=\"article\" \/>\n<meta property=\"og:title\" content=\"Bang 36000 Puffs Disposable Vape \u2013 36000 Puffs, 20 Flavors\" \/>\n<meta property=\"og:description\" content=\"Experience up to 36000 puffs with Bang 36000 Disposable Vape. 20 flavors and customizable nicotine strength for a premium vaping experience.\" \/>\n<meta property=\"og:url\" content=\"https:\/\/vapemaison.com\/de\/product\/bang-36000-puffs-einweg-vape\/\" \/>\n<meta property=\"og:site_name\" content=\"VapeMaison\" \/>\n<meta property=\"article:modified_time\" content=\"2025-12-22T09:26:40+00:00\" \/>\n<meta property=\"og:image\" content=\"https:\/\/vapemaison.com\/wp-content\/uploads\/2025\/12\/vape-bang-36000-puffs-bang-36000puffs.jpg.webp\" \/>\n\t<meta property=\"og:image:width\" content=\"1000\" \/>\n\t<meta property=\"og:image:height\" content=\"1000\" \/>\n\t<meta property=\"og:image:type\" content=\"image\/webp\" \/>\n<meta name=\"twitter:card\" content=\"summary_large_image\" \/>\n<meta name=\"twitter:label1\" content=\"Gesch\u00e4tzte Lesezeit\" \/>\n\t<meta name=\"twitter:data1\" content=\"2\u00a0Minuten\" \/>\n<!-- \/ Yoast SEO plugin. -->","yoast_head_json":{"title":"Bang 36000 Puffs Einweg-Vape - 36000 Puffs, 20 Geschmacksrichtungen","description":"Erleben Sie bis zu 36000 Z\u00fcge mit dem Bang 36000 Disposable Vape. 20 Geschmacksrichtungen und anpassbare Nikotinst\u00e4rke f\u00fcr ein erstklassiges Dampferlebnis.","robots":{"index":"index","follow":"follow","max-snippet":"max-snippet:-1","max-image-preview":"max-image-preview:large","max-video-preview":"max-video-preview:-1"},"canonical":"https:\/\/vapemaison.com\/de\/product\/bang-36000-puffs-einweg-vape\/","og_locale":"de_DE","og_type":"article","og_title":"Bang 36000 Puffs Disposable Vape \u2013 36000 Puffs, 20 Flavors","og_description":"Experience up to 36000 puffs with Bang 36000 Disposable Vape. 20 flavors and customizable nicotine strength for a premium vaping experience.","og_url":"https:\/\/vapemaison.com\/de\/product\/bang-36000-puffs-einweg-vape\/","og_site_name":"VapeMaison","article_modified_time":"2025-12-22T09:26:40+00:00","og_image":[{"width":1000,"height":1000,"url":"https:\/\/vapemaison.com\/wp-content\/uploads\/2025\/12\/vape-bang-36000-puffs-bang-36000puffs.jpg.webp","type":"image\/webp"}],"twitter_card":"summary_large_image","twitter_misc":{"Gesch\u00e4tzte Lesezeit":"2\u00a0Minuten"},"schema":{"@context":"https:\/\/schema.org","@graph":[{"@type":"WebPage","@id":"https:\/\/vapemaison.com\/product\/bang-36000-puffs-disposable-vape\/","url":"https:\/\/vapemaison.com\/product\/bang-36000-puffs-disposable-vape\/","name":"Bang 36000 Puffs Einweg-Vape - 36000 Puffs, 20 Geschmacksrichtungen","isPartOf":{"@id":"https:\/\/vapemaison.com\/#website"},"primaryImageOfPage":{"@id":"https:\/\/vapemaison.com\/product\/bang-36000-puffs-disposable-vape\/#primaryimage"},"image":{"@id":"https:\/\/vapemaison.com\/product\/bang-36000-puffs-disposable-vape\/#primaryimage"},"thumbnailUrl":"https:\/\/vapemaison.com\/wp-content\/uploads\/2025\/12\/vape-bang-36000-puffs-bang-36000puffs.jpg.webp","datePublished":"2025-12-11T07:15:03+00:00","dateModified":"2025-12-22T09:26:40+00:00","description":"Erleben Sie bis zu 36000 Z\u00fcge mit dem Bang 36000 Disposable Vape. 20 Geschmacksrichtungen und anpassbare Nikotinst\u00e4rke f\u00fcr ein erstklassiges Dampferlebnis.","breadcrumb":{"@id":"https:\/\/vapemaison.com\/product\/bang-36000-puffs-disposable-vape\/#breadcrumb"},"inLanguage":"de","potentialAction":[{"@type":"ReadAction","target":["https:\/\/vapemaison.com\/product\/bang-36000-puffs-disposable-vape\/"]}]},{"@type":"ImageObject","inLanguage":"de","@id":"https:\/\/vapemaison.com\/product\/bang-36000-puffs-disposable-vape\/#primaryimage","url":"https:\/\/vapemaison.com\/wp-content\/uploads\/2025\/12\/vape-bang-36000-puffs-bang-36000puffs.jpg.webp","contentUrl":"https:\/\/vapemaison.com\/wp-content\/uploads\/2025\/12\/vape-bang-36000-puffs-bang-36000puffs.jpg.webp","width":1000,"height":1000,"caption":"Vape Bang Puffs Bangpuffs.jpg"},{"@type":"BreadcrumbList","@id":"https:\/\/vapemaison.com\/product\/bang-36000-puffs-disposable-vape\/#breadcrumb","itemListElement":[{"@type":"ListItem","position":1,"name":"\u9996\u9875","item":"https:\/\/vapemaison.com\/"},{"@type":"ListItem","position":2,"name":"Shop","item":"https:\/\/vapemaison.com\/shop\/"},{"@type":"ListItem","position":3,"name":"Bang","item":"https:\/\/vapemaison.com\/brand\/bang\/"},{"@type":"ListItem","position":4,"name":"Bang 36000 Puffs 0% 2% 3% 5% Nicotine Vape"}]},{"@type":"WebSite","@id":"https:\/\/vapemaison.com\/#website","url":"https:\/\/vapemaison.com\/","name":"VapeMaison","description":"Premium Vaping-Ger\u00e4te und Zubeh\u00f6r","publisher":{"@id":"https:\/\/vapemaison.com\/#organization"},"potentialAction":[{"@type":"SearchAction","target":{"@type":"EntryPoint","urlTemplate":"https:\/\/vapemaison.com\/?s={search_term_string}"},"query-input":{"@type":"PropertyValueSpecification","valueRequired":true,"valueName":"search_term_string"}}],"inLanguage":"de"},{"@type":"Organization","@id":"https:\/\/vapemaison.com\/#organization","name":"VapeMaison","url":"https:\/\/vapemaison.com\/","logo":{"@type":"ImageObject","inLanguage":"de","@id":"https:\/\/vapemaison.com\/#\/schema\/logo\/image\/","url":"https:\/\/vapemaison.com\/wp-content\/uploads\/2026\/01\/cropped-vapemaison-logo-g-2026.webp","contentUrl":"https:\/\/vapemaison.com\/wp-content\/uploads\/2026\/01\/cropped-vapemaison-logo-g-2026.webp","width":350,"height":280,"caption":"VapeMaison"},"image":{"@id":"https:\/\/vapemaison.com\/#\/schema\/logo\/image\/"},"sameAs":["https:\/\/www.youtube.com\/@VapeMaison"]}]}},"tiered_pricing_type":"fixed","tiered_pricing_fixed_rules":{"30":"11.99","50":"10.99","100":"9.99","200":"8.99"},"tiered_pricing_product_settings":{"layout":"default","base_unit_name":{"singular":null,"plural":null},"default_variation":null},"tiered_pricing_minimum_quantity":10,"tiered_pricing_roles_data":[],"tiered_pricing_percentage_rules":[],"tiered_pricing_maximum_quantity":null,"tiered_pricing_quantity_step":"10","_links":{"self":[{"href":"https:\/\/vapemaison.com\/de\/wp-json\/wp\/v2\/product\/16993","targetHints":{"allow":["GET"]}}],"collection":[{"href":"https:\/\/vapemaison.com\/de\/wp-json\/wp\/v2\/product"}],"about":[{"href":"https:\/\/vapemaison.com\/de\/wp-json\/wp\/v2\/types\/product"}],"replies":[{"embeddable":true,"href":"https:\/\/vapemaison.com\/de\/wp-json\/wp\/v2\/comments?post=16993"}],"version-history":[{"count":0,"href":"https:\/\/vapemaison.com\/de\/wp-json\/wp\/v2\/product\/16993\/revisions"}],"wp:featuredmedia":[{"embeddable":true,"href":"https:\/\/vapemaison.com\/de\/wp-json\/wp\/v2\/media\/17159"}],"wp:attachment":[{"href":"https:\/\/vapemaison.com\/de\/wp-json\/wp\/v2\/media?parent=16993"}],"wp:term":[{"taxonomy":"product_brand","embeddable":true,"href":"https:\/\/vapemaison.com\/de\/wp-json\/wp\/v2\/product_brand?post=16993"},{"taxonomy":"product_cat","embeddable":true,"href":"https:\/\/vapemaison.com\/de\/wp-json\/wp\/v2\/product_cat?post=16993"},{"taxonomy":"product_tag","embeddable":true,"href":"https:\/\/vapemaison.com\/de\/wp-json\/wp\/v2\/product_tag?post=16993"}],"curies":[{"name":"wp","href":"https:\/\/api.w.org\/{rel}","templated":true}]}}