

{"id":16994,"date":"2025-12-11T07:39:23","date_gmt":"2025-12-11T07:39:23","guid":{"rendered":"https:\/\/vapemaison.com\/?post_type=product&#038;p=16994"},"modified":"2025-12-22T09:26:02","modified_gmt":"2025-12-22T09:26:02","slug":"bang-36000-macht-36k-puffs-einweg-vape","status":"publish","type":"product","link":"https:\/\/vapemaison.com\/de\/product\/bang-36000-power-36k-puffs-disposable-vape\/","title":{"rendered":"Bang 36000 Power Advanced 36K Puffs Einweg-Vape"},"content":{"rendered":"<h3 class=\"wp-block-heading\"><strong>Bang 36000 Power - Fortschrittliche Fingerabdruckkontrolle, Dual Mesh Coil und anpassbare Leistungsregelung<\/strong><\/h3>\n\n\n\n<p>Die <strong>Bang 36000 Leistung<\/strong> ist ein fortschrittlicher Einwegdampfer, der f\u00fcr Dampfer entwickelt wurde, die Innovation, Kontrolle und Personalisierung bei jedem Zug suchen. Bietet bis zu <strong>36.000 Z\u00fcge<\/strong>, Dieses hochmoderne Ger\u00e4t garantiert lang anhaltenden Genuss und gleichbleibende Leistung von Anfang bis Ende.<\/p>\n\n\n\n<p>Ausgestattet mit einem <strong>Doppelmaschenspule<\/strong>, die <strong>Bang 36000 Leistung<\/strong> liefert bei jedem Zug sanften, geschmackvollen Dampf, w\u00e4hrend die <strong>TFT-Touchscreen<\/strong> und <strong>LED-Anzeige<\/strong> liefern Echtzeit-Updates \u00fcber <strong>Lebensdauer der Batterie<\/strong> und <strong>E-Liquid-F\u00fcllst\u00e4nde<\/strong>, und h\u00e4lt Sie w\u00e4hrend Ihrer Vaping-Session auf dem Laufenden.<\/p>\n\n\n\n<p>Das herausragende Merkmal dieses Vapes ist die <strong>Leistungsanpassung<\/strong> F\u00e4higkeit, die durch einfaches Dr\u00fccken des Ger\u00e4ts aktiviert wird <strong>dreimalig<\/strong>. So k\u00f6nnen Sie Ihr Dampferlebnis genau auf Ihre Vorlieben abstimmen, was sowohl den Komfort als auch den Genuss erh\u00f6ht.<\/p>\n\n\n\n<p>Mit einer <strong>850mAh wiederaufladbare Batterie<\/strong> und <strong>Typ-C-Laden<\/strong>, die <strong>Peng 36000<\/strong> gew\u00e4hrleistet ununterbrochenes Dampfen mit schnellem und effizientem Aufladen. Die zus\u00e4tzliche <strong>Fingerabdrucksensor<\/strong> bietet zus\u00e4tzliche Sicherheit und moderne Funktionen, die es zu einem pers\u00f6nlichen und benutzerfreundlichen Ger\u00e4t machen.<\/p>\n\n\n\n<p>Verf\u00fcgbar in <strong>Nikotinst\u00e4rken 2%, 3% und 5%<\/strong>, und bietet <strong>12 aufregende Geschmacksrichtungen<\/strong>, die <strong>Peng 36000<\/strong> erf\u00fcllt eine breite Palette von Geschm\u00e4ckern und Vorlieben und sorgt f\u00fcr ein ganz individuelles Dampferlebnis.<\/p>\n\n\n\n<h3 class=\"wp-block-heading\"><strong>Wesentliche Merkmale:<\/strong><\/h3>\n\n\n\n<figure class=\"wp-block-table\"><table class=\"has-fixed-layout\"><thead><tr><th><strong>Merkmal<\/strong><\/th><th><strong>Spezifikation<\/strong><\/th><\/tr><\/thead><tbody><tr><td><strong>Puff-Kapazit\u00e4t<\/strong><\/td><td>Bis zu 36.000 Puffs<\/td><\/tr><tr><td><strong>Nikotinst\u00e4rke<\/strong><\/td><td>2%, 3%, 5%<\/td><\/tr><tr><td><strong>Spule Typ<\/strong><\/td><td>Dual Mesh Spule<\/td><\/tr><tr><td><strong>Anzeige<\/strong><\/td><td>TFT-Touchscreen &amp; LED-Batterie-\/Fl\u00fcssigkeitsstand<\/td><\/tr><tr><td><strong>Leistungsanpassung<\/strong><\/td><td>Leistungsregelung durch dreimaliges Dr\u00fccken<\/td><\/tr><tr><td><strong>Batteriekapazit\u00e4t<\/strong><\/td><td>850mAh Wiederaufladbar<\/td><\/tr><tr><td><strong>Ladeanschluss<\/strong><\/td><td>Typ-C-Schnellaufladung<\/td><\/tr><tr><td><strong>Sicherheitsmerkmal<\/strong><\/td><td>Fingerabdruck-Sensor<\/td><\/tr><tr><td><strong>Geschmacksoptionen<\/strong><\/td><td>12 einzigartige Geschmacksrichtungen<\/td><\/tr><\/tbody><\/table><\/figure>\n\n\n\n<h3 class=\"wp-block-heading\"><strong>Geschmacksliste:<\/strong><\/h3>\n\n\n\n<ol class=\"wp-block-list\">\n<li>Mix Obst<\/li>\n\n\n\n<li>Dreifach-Beere<\/li>\n\n\n\n<li>Pfirsich Mango Wassermelone<\/li>\n\n\n\n<li>Heidelbeere-Himbeere<\/li>\n\n\n\n<li>Schwarzer Drache Eis<\/li>\n\n\n\n<li>Traubeneis<\/li>\n\n\n\n<li>Blaubeereis<\/li>\n\n\n\n<li>Erdbeere Wassermelone<\/li>\n\n\n\n<li>Erdbeere-Banane<\/li>\n\n\n\n<li>Erdbeer-Kiwi<\/li>\n\n\n\n<li>Erdbeer-Mango<\/li>\n\n\n\n<li>Wassermelone Eis<\/li>\n<\/ol>\n\n\n\n<h3 class=\"wp-block-heading\"><strong>Warum Bang 36000 Power w\u00e4hlen?<\/strong><\/h3>\n\n\n\n<ul class=\"wp-block-list\">\n<li><strong>Lang anhaltendes Vergn\u00fcgen:<\/strong> Mit bis zu <strong>36.000 Z\u00fcge<\/strong>, Genie\u00dfen Sie ein ausgedehntes Dampferlebnis ohne h\u00e4ufiges Auswechseln.<\/li>\n\n\n\n<li><strong>Verbesserte Dampferzeugung:<\/strong> Die <strong>Doppelmaschenspule<\/strong> sorgt bei jedem Zug f\u00fcr sanften, reichhaltigen Dampf und liefert eine hervorragende Geschmackskonsistenz.<\/li>\n\n\n\n<li><strong>Intelligente Anzeige und Anpassung:<\/strong> Die <strong>TFT-Touchscreen<\/strong> und <strong>LED-Anzeige<\/strong> halten Sie \u00fcber den F\u00fcllstand der Batterie und des E-Liquids auf dem Laufenden, w\u00e4hrend die <strong>Leistungsanpassung<\/strong> Funktion k\u00f6nnen Sie Ihr Erlebnis individuell gestalten.<\/li>\n\n\n\n<li><strong>Sicher und bequem:<\/strong> Die <strong>Fingerabdrucksensor<\/strong> verleiht dem Ger\u00e4t einen modernen Hauch von Sicherheit und stellt sicher, dass nur Sie das Ger\u00e4t benutzen k\u00f6nnen.<\/li>\n\n\n\n<li><strong>Schnelles Aufladen:<\/strong> Die <strong>850mAh-Akku<\/strong> und <strong>Typ-C-Laden<\/strong> gew\u00e4hrleisten ein schnelles Aufladen und minimieren die Ausfallzeiten.<\/li>\n\n\n\n<li><strong>Breite Geschmacksauswahl:<\/strong> Mit <strong>12 aufregende Geschmacksrichtungen<\/strong> und verschiedenen Nikotinst\u00e4rken k\u00f6nnen Sie die perfekte Kombination f\u00fcr Ihren Geschmack finden.<\/li>\n<\/ul>\n\n\n\n<p>Suchen Sie nach weiteren hochwertigen Vaping-Optionen? Besuchen Sie unser <a href=\"https:\/\/vapemaison.com\">Homepage<\/a> um die neuesten Ver\u00f6ffentlichungen zu sehen, durchst\u00f6bern Sie die gesamte Kollektion in unserem <a href=\"https:\/\/vapemaison.com\/shop\">Shop<\/a>, oder erkunden Sie andere Ger\u00e4te aus dem <a href=\"https:\/\/vapemaison.com\/brand\/bang\">Marke Bang<\/a>. Vielleicht gefallen Ihnen auch die Einwegartikel mit hohem Fassungsverm\u00f6gen von <a href=\"https:\/\/vapemaison.com\/brand\/jnr\/\">JNR<\/a> oder \u00fcberpr\u00fcfen Sie alle unsere <a href=\"https:\/\/vapemaison.com\/product-category\/puffs-count\/\">Puffs-Ger\u00e4te<\/a> f\u00fcr lang anhaltende Zufriedenheit.<\/p>","protected":false},"excerpt":{"rendered":"<p><span class=\"\">Erleben Sie die n\u00e4chste Generation des Verdampfens mit 36,<\/span><span class=\"\">000 Z\u00fcge,<\/span> ein Dual-Mesh-Coil-System und ein einzigartiger TFT-Touchscreen f\u00fcr eine vollst\u00e4ndige Leistungsanpassung und Fingerabdruck-Sicherheit. Personalisieren Sie Ihre Session mit pr\u00e4ziser Steuerung und 12 Premium-Aromen - bestellen Sie jetzt, um sich dieses Hightech-Kraftpaket zu sichern, solange unser zeitlich begrenzter Einf\u00fchrungspreis und unser Schnellversandangebot gelten.<\/p>","protected":false},"featured_media":17169,"comment_status":"open","ping_status":"closed","template":"","meta":[],"product_brand":[57],"product_cat":[309,16],"product_tag":[],"class_list":{"0":"post-16994","1":"product","2":"type-product","3":"status-publish","4":"has-post-thumbnail","6":"product_brand-bang","7":"product_cat-36k-puffs","8":"product_cat-uncategorized","10":"first","11":"instock","12":"sale","13":"shipping-taxable","14":"purchasable","15":"product-type-variable"},"yoast_head":"<!-- This site is optimized with the Yoast SEO plugin v27.4 - https:\/\/yoast.com\/product\/yoast-seo-wordpress\/ -->\n<title>Bang 36000 Power 36K Puffs Disposable Vape - Vapemaison<\/title>\n<meta name=\"description\" content=\"Enjoy Bang 36000 Power Vape,Features advanced power regulation, 20 flavors, and customizable nicotine options for a premium experience.\" \/>\n<meta name=\"robots\" content=\"index, follow, max-snippet:-1, max-image-preview:large, max-video-preview:-1\" \/>\n<link rel=\"canonical\" href=\"https:\/\/vapemaison.com\/de\/product\/bang-36000-macht-36k-puffs-einweg-vape\/\" \/>\n<meta property=\"og:locale\" content=\"de_DE\" \/>\n<meta property=\"og:type\" content=\"article\" \/>\n<meta property=\"og:title\" content=\"Bang 36000 Power 36K Puffs Disposable Vape - Vapemaison\" \/>\n<meta property=\"og:description\" content=\"Enjoy Bang 36000 Power Vape,Features advanced power regulation, 20 flavors, and customizable nicotine options for a premium experience.\" \/>\n<meta property=\"og:url\" content=\"https:\/\/vapemaison.com\/de\/product\/bang-36000-macht-36k-puffs-einweg-vape\/\" \/>\n<meta property=\"og:site_name\" content=\"VapeMaison\" \/>\n<meta property=\"article:modified_time\" content=\"2025-12-22T09:26:02+00:00\" \/>\n<meta property=\"og:image\" content=\"https:\/\/vapemaison.com\/wp-content\/uploads\/2025\/12\/vape-bang-36000-power-puffs-strawberry-mango.jpg.webp\" \/>\n\t<meta property=\"og:image:width\" content=\"1000\" \/>\n\t<meta property=\"og:image:height\" content=\"1000\" \/>\n\t<meta property=\"og:image:type\" content=\"image\/webp\" \/>\n<meta name=\"twitter:card\" content=\"summary_large_image\" \/>\n<meta name=\"twitter:label1\" content=\"Gesch\u00e4tzte Lesezeit\" \/>\n\t<meta name=\"twitter:data1\" content=\"3\u00a0Minuten\" \/>\n<!-- \/ Yoast SEO plugin. -->","yoast_head_json":{"title":"Bang 36000 Macht 36K Puffs Einweg Vape - Vapemaison","description":"Enjoy Bang 36000 Power Vape, bietet fortschrittliche Leistungsregelung, 20 Geschmacksrichtungen und anpassbare Nikotinoptionen f\u00fcr ein erstklassiges Erlebnis.","robots":{"index":"index","follow":"follow","max-snippet":"max-snippet:-1","max-image-preview":"max-image-preview:large","max-video-preview":"max-video-preview:-1"},"canonical":"https:\/\/vapemaison.com\/de\/product\/bang-36000-macht-36k-puffs-einweg-vape\/","og_locale":"de_DE","og_type":"article","og_title":"Bang 36000 Power 36K Puffs Disposable Vape - Vapemaison","og_description":"Enjoy Bang 36000 Power Vape,Features advanced power regulation, 20 flavors, and customizable nicotine options for a premium experience.","og_url":"https:\/\/vapemaison.com\/de\/product\/bang-36000-macht-36k-puffs-einweg-vape\/","og_site_name":"VapeMaison","article_modified_time":"2025-12-22T09:26:02+00:00","og_image":[{"width":1000,"height":1000,"url":"https:\/\/vapemaison.com\/wp-content\/uploads\/2025\/12\/vape-bang-36000-power-puffs-strawberry-mango.jpg.webp","type":"image\/webp"}],"twitter_card":"summary_large_image","twitter_misc":{"Gesch\u00e4tzte Lesezeit":"3\u00a0Minuten"},"schema":{"@context":"https:\/\/schema.org","@graph":[{"@type":"WebPage","@id":"https:\/\/vapemaison.com\/product\/bang-36000-power-36k-puffs-disposable-vape\/","url":"https:\/\/vapemaison.com\/product\/bang-36000-power-36k-puffs-disposable-vape\/","name":"Bang 36000 Macht 36K Puffs Einweg Vape - Vapemaison","isPartOf":{"@id":"https:\/\/vapemaison.com\/#website"},"primaryImageOfPage":{"@id":"https:\/\/vapemaison.com\/product\/bang-36000-power-36k-puffs-disposable-vape\/#primaryimage"},"image":{"@id":"https:\/\/vapemaison.com\/product\/bang-36000-power-36k-puffs-disposable-vape\/#primaryimage"},"thumbnailUrl":"https:\/\/vapemaison.com\/wp-content\/uploads\/2025\/12\/vape-bang-36000-power-puffs-strawberry-mango.jpg.webp","datePublished":"2025-12-11T07:39:23+00:00","dateModified":"2025-12-22T09:26:02+00:00","description":"Enjoy Bang 36000 Power Vape, bietet fortschrittliche Leistungsregelung, 20 Geschmacksrichtungen und anpassbare Nikotinoptionen f\u00fcr ein erstklassiges Erlebnis.","breadcrumb":{"@id":"https:\/\/vapemaison.com\/product\/bang-36000-power-36k-puffs-disposable-vape\/#breadcrumb"},"inLanguage":"de","potentialAction":[{"@type":"ReadAction","target":["https:\/\/vapemaison.com\/product\/bang-36000-power-36k-puffs-disposable-vape\/"]}]},{"@type":"ImageObject","inLanguage":"de","@id":"https:\/\/vapemaison.com\/product\/bang-36000-power-36k-puffs-disposable-vape\/#primaryimage","url":"https:\/\/vapemaison.com\/wp-content\/uploads\/2025\/12\/vape-bang-36000-power-puffs-strawberry-mango.jpg.webp","contentUrl":"https:\/\/vapemaison.com\/wp-content\/uploads\/2025\/12\/vape-bang-36000-power-puffs-strawberry-mango.jpg.webp","width":1000,"height":1000,"caption":"Vape Bang Power Puffs Strawberry Mango.jpg"},{"@type":"BreadcrumbList","@id":"https:\/\/vapemaison.com\/product\/bang-36000-power-36k-puffs-disposable-vape\/#breadcrumb","itemListElement":[{"@type":"ListItem","position":1,"name":"\u9996\u9875","item":"https:\/\/vapemaison.com\/"},{"@type":"ListItem","position":2,"name":"Shop","item":"https:\/\/vapemaison.com\/shop\/"},{"@type":"ListItem","position":3,"name":"Bang","item":"https:\/\/vapemaison.com\/brand\/bang\/"},{"@type":"ListItem","position":4,"name":"Bang 36000 Power Advanced 36K Puffs Disposable Vape"}]},{"@type":"WebSite","@id":"https:\/\/vapemaison.com\/#website","url":"https:\/\/vapemaison.com\/","name":"VapeMaison","description":"Premium Vaping-Ger\u00e4te und Zubeh\u00f6r","publisher":{"@id":"https:\/\/vapemaison.com\/#organization"},"potentialAction":[{"@type":"SearchAction","target":{"@type":"EntryPoint","urlTemplate":"https:\/\/vapemaison.com\/?s={search_term_string}"},"query-input":{"@type":"PropertyValueSpecification","valueRequired":true,"valueName":"search_term_string"}}],"inLanguage":"de"},{"@type":"Organization","@id":"https:\/\/vapemaison.com\/#organization","name":"VapeMaison","url":"https:\/\/vapemaison.com\/","logo":{"@type":"ImageObject","inLanguage":"de","@id":"https:\/\/vapemaison.com\/#\/schema\/logo\/image\/","url":"https:\/\/vapemaison.com\/wp-content\/uploads\/2026\/01\/cropped-vapemaison-logo-g-2026.webp","contentUrl":"https:\/\/vapemaison.com\/wp-content\/uploads\/2026\/01\/cropped-vapemaison-logo-g-2026.webp","width":350,"height":280,"caption":"VapeMaison"},"image":{"@id":"https:\/\/vapemaison.com\/#\/schema\/logo\/image\/"},"sameAs":["https:\/\/www.youtube.com\/@VapeMaison"]}]}},"tiered_pricing_type":"fixed","tiered_pricing_fixed_rules":{"30":"8.99","50":"8.36","100":"7.99","200":"7.24"},"tiered_pricing_product_settings":{"layout":"default","base_unit_name":{"singular":null,"plural":null},"default_variation":null},"tiered_pricing_minimum_quantity":10,"tiered_pricing_roles_data":[],"tiered_pricing_percentage_rules":[],"tiered_pricing_maximum_quantity":null,"tiered_pricing_quantity_step":"10","_links":{"self":[{"href":"https:\/\/vapemaison.com\/de\/wp-json\/wp\/v2\/product\/16994","targetHints":{"allow":["GET"]}}],"collection":[{"href":"https:\/\/vapemaison.com\/de\/wp-json\/wp\/v2\/product"}],"about":[{"href":"https:\/\/vapemaison.com\/de\/wp-json\/wp\/v2\/types\/product"}],"replies":[{"embeddable":true,"href":"https:\/\/vapemaison.com\/de\/wp-json\/wp\/v2\/comments?post=16994"}],"version-history":[{"count":0,"href":"https:\/\/vapemaison.com\/de\/wp-json\/wp\/v2\/product\/16994\/revisions"}],"wp:featuredmedia":[{"embeddable":true,"href":"https:\/\/vapemaison.com\/de\/wp-json\/wp\/v2\/media\/17169"}],"wp:attachment":[{"href":"https:\/\/vapemaison.com\/de\/wp-json\/wp\/v2\/media?parent=16994"}],"wp:term":[{"taxonomy":"product_brand","embeddable":true,"href":"https:\/\/vapemaison.com\/de\/wp-json\/wp\/v2\/product_brand?post=16994"},{"taxonomy":"product_cat","embeddable":true,"href":"https:\/\/vapemaison.com\/de\/wp-json\/wp\/v2\/product_cat?post=16994"},{"taxonomy":"product_tag","embeddable":true,"href":"https:\/\/vapemaison.com\/de\/wp-json\/wp\/v2\/product_tag?post=16994"}],"curies":[{"name":"wp","href":"https:\/\/api.w.org\/{rel}","templated":true}]}}