

{"id":17213,"date":"2025-12-12T03:02:05","date_gmt":"2025-12-12T03:02:05","guid":{"rendered":"https:\/\/vapemaison.com\/?post_type=product&#038;p=17213"},"modified":"2025-12-22T09:25:37","modified_gmt":"2025-12-22T09:25:37","slug":"bang-beach-20k-puff-vape-pod","status":"publish","type":"product","link":"https:\/\/vapemaison.com\/de\/product\/bang-beach-20k-puff-vape-pod\/","title":{"rendered":"Bang Beach 20K Puff 0% 2% 3% 5%Nikotin"},"content":{"rendered":"<p><strong>Bang Beach 20k Puff LED Display Vape Pod - Premium Einweg Vaping Erfahrung<\/strong><\/p>\n\n\n\n<p>Die <strong>Bang Beach 20k Puff Vape Pod<\/strong> wurde f\u00fcr das ultimative Dampferlebnis entwickelt und bietet un\u00fcbertroffene Leistung und Komfort. Mit einer beeindruckenden <strong>20k Puste<\/strong> pro Ger\u00e4t sorgt dieser Einwegdampfer mit hoher Kapazit\u00e4t f\u00fcr langen Genuss und ist damit die perfekte Wahl f\u00fcr Gelegenheits- und erfahrene Dampfer.<\/p>\n\n\n\n<h3 class=\"wp-block-heading\"><strong>Wesentliche Merkmale<\/strong><\/h3>\n\n\n\n<ul class=\"wp-block-list\">\n<li><strong>Erweiterte Nutzung und Bequemlichkeit<\/strong>: Ausgestattet mit einem <strong>35ml vorgef\u00fcllte E-Liquid-Patrone<\/strong>, Der Bang Beach bietet eine lange Vaping-Zeit, so dass kein h\u00e4ufiges Nachf\u00fcllen erforderlich ist.<\/li>\n\n\n\n<li><strong>Anpassbare Nikotinst\u00e4rken<\/strong>: Erh\u00e4ltlich in vier Nikotinst\u00e4rken.<strong>0%, 2%, 3% und 5%<\/strong>-Die Bang Beach ist f\u00fcr eine Vielzahl von Vorlieben geeignet und erm\u00f6glicht es den Nutzern, ihre Erfahrung an ihre Nikotintoleranz anzupassen.<\/li>\n\n\n\n<li><strong>Leistungsstarke Batterie<\/strong>: Angetrieben von einem <strong>650mAh wiederaufladbare Batterie<\/strong>, garantiert das Ger\u00e4t eine konstante und zuverl\u00e4ssige Leistung. Die <strong>Typ-C-Anschluss<\/strong> erm\u00f6glicht ein schnelles und effizientes Aufladen, was die Ausfallzeiten minimiert und den Benutzerkomfort erh\u00f6ht.<\/li>\n\n\n\n<li><strong>Mesh-Spulen-Technologie<\/strong>: Mit einem <strong>1,0-Maschen-Spule<\/strong> und <strong>einstellbarer Luftstrom<\/strong>, Der Bang Beach liefert sanften, reichhaltigen Dampf, der an Ihren bevorzugten Dampferzeugungsstil angepasst werden kann. Diese Technologie sorgt daf\u00fcr, dass jeder Zug befriedigend und voller Geschmack ist.<\/li>\n\n\n\n<li><strong>LED-Anzeige<\/strong>: Die integrierte <strong>LED-Anzeige<\/strong> bietet Echtzeit-Updates sowohl f\u00fcr <strong>Lebensdauer der Batterie<\/strong> und <strong>E-Liquid-F\u00fcllst\u00e4nde<\/strong>, So sind die Nutzer immer informiert und werden nicht von einem leeren Ger\u00e4t \u00fcberrascht.<\/li>\n<\/ul>\n\n\n\n<h3 class=\"wp-block-heading\"><strong>Geschmacksauswahl<\/strong><\/h3>\n\n\n\n<p>Der Bang Beach bietet ein vielf\u00e4ltiges Angebot an <strong>12 k\u00f6stliche Geschmacksrichtungen<\/strong>, sorgf\u00e4ltig entwickelt, um ein einzigartiges und angenehmes Dampferlebnis zu bieten. Von s\u00fc\u00dfen fruchtigen Mischungen bis hin zu erfrischenden eisigen Noten ist f\u00fcr jeden Geschmack etwas dabei:<\/p>\n\n\n\n<ul class=\"wp-block-list\">\n<li>Blaues Razzeis<\/li>\n\n\n\n<li>Heidelbeere-Himbeere<\/li>\n\n\n\n<li>Traubeneis<\/li>\n\n\n\n<li>Pfirsich-Mango<\/li>\n\n\n\n<li>Gemischte Beere<\/li>\n\n\n\n<li>Rosa Limonade<\/li>\n\n\n\n<li>Erdbeere Wassermelone<\/li>\n\n\n\n<li>Wassermelone Eis<\/li>\n\n\n\n<li>Erdbeereis<\/li>\n\n\n\n<li>Dreifach-Beereneis<\/li>\n\n\n\n<li>Pfirsich-Eis<\/li>\n\n\n\n<li>Saurer Apfel<\/li>\n<\/ul>\n\n\n\n<h3 class=\"wp-block-heading\"><strong>Spezifikationen<\/strong><\/h3>\n\n\n\n<ul class=\"wp-block-list\">\n<li><strong>Puffs<\/strong>: Bis zu <strong>20k Puste<\/strong><\/li>\n\n\n\n<li><strong>E-Fl\u00fcssigkeit Kapazit\u00e4t<\/strong>: <strong>35ml vorgef\u00fcllt<\/strong><\/li>\n\n\n\n<li><strong>Nikotinst\u00e4rke<\/strong>: <strong>0%, 2%, 3%, 5%<\/strong><\/li>\n\n\n\n<li><strong>Batterie<\/strong>: <strong>650mAh<\/strong> (Wiederaufladbar \u00fcber <strong>Typ-C-Anschluss<\/strong>)<\/li>\n\n\n\n<li><strong>Spule<\/strong>: <strong>1.0 Masche Spule<\/strong> mit <strong>einstellbarer Luftstrom<\/strong><\/li>\n\n\n\n<li><strong>Verf\u00fcgbare Geschmacksrichtungen<\/strong>: 12 einzigartige Geschmacksrichtungen<\/li>\n\n\n\n<li><strong>Typ<\/strong>: <strong>Einwegartikel<\/strong><\/li>\n<\/ul>\n\n\n\n<h3 class=\"wp-block-heading\"><strong>Schlussfolgerung<\/strong><\/h3>\n\n\n\n<p>Die <strong>Bang Beach 20k Puff LED Display Vape Pod<\/strong> kombiniert Leistung, Komfort und Geschmack in einem schlanken, ergonomischen Design. Egal, ob Du ein Anf\u00e4nger oder ein erfahrener Vaper bist, die benutzerfreundlichen Funktionen und das Design mit hoher Kapazit\u00e4t machen ihn zur perfekten Wahl f\u00fcr langanhaltendes, angenehmes Dampfen. Mit anpassbaren Nikotinwerten, einem zuverl\u00e4ssigen Akku und einer Vielzahl an k\u00f6stlichen Geschmacksrichtungen ist der Bang Beach die erste Wahl f\u00fcr ein au\u00dfergew\u00f6hnliches Dampferlebnis.<\/p>\n\n\n\n<p><strong>Suchen Sie nach weiteren hochwertigen Vaping-Optionen? Besuchen Sie unser <a href=\"https:\/\/vapemaison.com\">Homepage<\/a> um die neuesten Ver\u00f6ffentlichungen zu sehen, durchst\u00f6bern Sie die gesamte Kollektion in unserem <a href=\"https:\/\/vapemaison.com\/shop\">Shop<\/a>, oder erkunden Sie andere Ger\u00e4te aus dem <a href=\"https:\/\/vapemaison.com\/brand\/bang\">Marke Bang<\/a>. Vielleicht gefallen Ihnen auch die Einwegartikel mit hohem Fassungsverm\u00f6gen von <a href=\"https:\/\/vapemaison.com\/brand\/jnr\/\">JNR<\/a> oder \u00fcberpr\u00fcfen Sie alle unsere <a href=\"https:\/\/vapemaison.com\/product-category\/puffs-count\/\">Puffs-Ger\u00e4te<\/a> f\u00fcr lang anhaltende Zufriedenheit.<\/strong><\/p>","protected":false},"excerpt":{"rendered":"<p>Genie\u00dfen Sie 20.000 Z\u00fcge und ein riesiges 35ml-Reservoir, angetrieben durch Mesh-Coil-Technologie und einstellbarem Luftstrom f\u00fcr ultimative Geschmackspr\u00e4zision. Behalten Sie mit der integrierten LED-Batterie- und \u00d6lanzeige die volle Kontrolle - w\u00e4hlen Sie noch heute aus 12 Premium-Aromen Ihre bevorzugte Nikotinst\u00e4rke aus, solange der Vorrat reicht und ein bevorzugter Versand m\u00f6glich ist.<\/p>","protected":false},"featured_media":17214,"comment_status":"open","ping_status":"closed","template":"","meta":[],"product_brand":[57],"product_cat":[133],"product_tag":[],"class_list":{"0":"post-17213","1":"product","2":"type-product","3":"status-publish","4":"has-post-thumbnail","6":"product_brand-bang","7":"product_cat-20k-puffs","9":"first","10":"instock","11":"sale","12":"shipping-taxable","13":"purchasable","14":"product-type-variable"},"yoast_head":"<!-- This site is optimized with the Yoast SEO plugin v27.4 - https:\/\/yoast.com\/product\/yoast-seo-wordpress\/ -->\n<title>Bang Beach 20k Puff Vape Pod \u2013 Flavorful Disposable Vape<\/title>\n<meta name=\"description\" content=\"Enjoy up to 20k puff with the Bang Beach Vape Pod. Choose from 12 delicious flavors for a smooth, satisfying vaping experience.\" \/>\n<meta name=\"robots\" content=\"index, follow, max-snippet:-1, max-image-preview:large, max-video-preview:-1\" \/>\n<link rel=\"canonical\" href=\"https:\/\/vapemaison.com\/de\/product\/bang-beach-20k-puff-vape-pod\/\" \/>\n<meta property=\"og:locale\" content=\"de_DE\" \/>\n<meta property=\"og:type\" content=\"article\" \/>\n<meta property=\"og:title\" content=\"Bang Beach 20k Puff Vape Pod \u2013 Flavorful Disposable Vape\" \/>\n<meta property=\"og:description\" content=\"Enjoy up to 20k puff with the Bang Beach Vape Pod. Choose from 12 delicious flavors for a smooth, satisfying vaping experience.\" \/>\n<meta property=\"og:url\" content=\"https:\/\/vapemaison.com\/de\/product\/bang-beach-20k-puff-vape-pod\/\" \/>\n<meta property=\"og:site_name\" content=\"VapeMaison\" \/>\n<meta property=\"article:modified_time\" content=\"2025-12-22T09:25:37+00:00\" \/>\n<meta property=\"og:image\" content=\"https:\/\/vapemaison.com\/wp-content\/uploads\/2025\/12\/vape-bang-beach-20000-Puffs-bang-beach.jpg.webp\" \/>\n\t<meta property=\"og:image:width\" content=\"1000\" \/>\n\t<meta property=\"og:image:height\" content=\"1000\" \/>\n\t<meta property=\"og:image:type\" content=\"image\/webp\" \/>\n<meta name=\"twitter:card\" content=\"summary_large_image\" \/>\n<meta name=\"twitter:label1\" content=\"Gesch\u00e4tzte Lesezeit\" \/>\n\t<meta name=\"twitter:data1\" content=\"3\u00a0Minuten\" \/>\n<!-- \/ Yoast SEO plugin. -->","yoast_head_json":{"title":"Bang Beach 20k Puff Vape Pod - geschmackvolle Einweg Vape","description":"Genie\u00dfe bis zu 20k Puffs mit dem Bang Beach Vape Pod. W\u00e4hlen Sie aus 12 k\u00f6stlichen Geschmacksrichtungen f\u00fcr ein sanftes, befriedigendes Dampferlebnis.","robots":{"index":"index","follow":"follow","max-snippet":"max-snippet:-1","max-image-preview":"max-image-preview:large","max-video-preview":"max-video-preview:-1"},"canonical":"https:\/\/vapemaison.com\/de\/product\/bang-beach-20k-puff-vape-pod\/","og_locale":"de_DE","og_type":"article","og_title":"Bang Beach 20k Puff Vape Pod \u2013 Flavorful Disposable Vape","og_description":"Enjoy up to 20k puff with the Bang Beach Vape Pod. Choose from 12 delicious flavors for a smooth, satisfying vaping experience.","og_url":"https:\/\/vapemaison.com\/de\/product\/bang-beach-20k-puff-vape-pod\/","og_site_name":"VapeMaison","article_modified_time":"2025-12-22T09:25:37+00:00","og_image":[{"width":1000,"height":1000,"url":"https:\/\/vapemaison.com\/wp-content\/uploads\/2025\/12\/vape-bang-beach-20000-Puffs-bang-beach.jpg.webp","type":"image\/webp"}],"twitter_card":"summary_large_image","twitter_misc":{"Gesch\u00e4tzte Lesezeit":"3\u00a0Minuten"},"schema":{"@context":"https:\/\/schema.org","@graph":[{"@type":"WebPage","@id":"https:\/\/vapemaison.com\/product\/bang-beach-20k-puff-vape-pod\/","url":"https:\/\/vapemaison.com\/product\/bang-beach-20k-puff-vape-pod\/","name":"Bang Beach 20k Puff Vape Pod - geschmackvolle Einweg Vape","isPartOf":{"@id":"https:\/\/vapemaison.com\/#website"},"primaryImageOfPage":{"@id":"https:\/\/vapemaison.com\/product\/bang-beach-20k-puff-vape-pod\/#primaryimage"},"image":{"@id":"https:\/\/vapemaison.com\/product\/bang-beach-20k-puff-vape-pod\/#primaryimage"},"thumbnailUrl":"https:\/\/vapemaison.com\/wp-content\/uploads\/2025\/12\/vape-bang-beach-20000-Puffs-bang-beach.jpg.webp","datePublished":"2025-12-12T03:02:05+00:00","dateModified":"2025-12-22T09:25:37+00:00","description":"Genie\u00dfe bis zu 20k Puffs mit dem Bang Beach Vape Pod. W\u00e4hlen Sie aus 12 k\u00f6stlichen Geschmacksrichtungen f\u00fcr ein sanftes, befriedigendes Dampferlebnis.","breadcrumb":{"@id":"https:\/\/vapemaison.com\/product\/bang-beach-20k-puff-vape-pod\/#breadcrumb"},"inLanguage":"de","potentialAction":[{"@type":"ReadAction","target":["https:\/\/vapemaison.com\/product\/bang-beach-20k-puff-vape-pod\/"]}]},{"@type":"ImageObject","inLanguage":"de","@id":"https:\/\/vapemaison.com\/product\/bang-beach-20k-puff-vape-pod\/#primaryimage","url":"https:\/\/vapemaison.com\/wp-content\/uploads\/2025\/12\/vape-bang-beach-20000-Puffs-bang-beach.jpg.webp","contentUrl":"https:\/\/vapemaison.com\/wp-content\/uploads\/2025\/12\/vape-bang-beach-20000-Puffs-bang-beach.jpg.webp","width":1000,"height":1000,"caption":"Vape Bang Beach Puffs Beach.jpg"},{"@type":"BreadcrumbList","@id":"https:\/\/vapemaison.com\/product\/bang-beach-20k-puff-vape-pod\/#breadcrumb","itemListElement":[{"@type":"ListItem","position":1,"name":"\u9996\u9875","item":"https:\/\/vapemaison.com\/"},{"@type":"ListItem","position":2,"name":"Shop","item":"https:\/\/vapemaison.com\/shop\/"},{"@type":"ListItem","position":3,"name":"Bang","item":"https:\/\/vapemaison.com\/brand\/bang\/"},{"@type":"ListItem","position":4,"name":"Bang Beach 20K Puff 0% 2% 3% 5%Nicotine"}]},{"@type":"WebSite","@id":"https:\/\/vapemaison.com\/#website","url":"https:\/\/vapemaison.com\/","name":"VapeMaison","description":"Premium Vaping-Ger\u00e4te und Zubeh\u00f6r","publisher":{"@id":"https:\/\/vapemaison.com\/#organization"},"potentialAction":[{"@type":"SearchAction","target":{"@type":"EntryPoint","urlTemplate":"https:\/\/vapemaison.com\/?s={search_term_string}"},"query-input":{"@type":"PropertyValueSpecification","valueRequired":true,"valueName":"search_term_string"}}],"inLanguage":"de"},{"@type":"Organization","@id":"https:\/\/vapemaison.com\/#organization","name":"VapeMaison","url":"https:\/\/vapemaison.com\/","logo":{"@type":"ImageObject","inLanguage":"de","@id":"https:\/\/vapemaison.com\/#\/schema\/logo\/image\/","url":"https:\/\/vapemaison.com\/wp-content\/uploads\/2026\/01\/cropped-vapemaison-logo-g-2026.webp","contentUrl":"https:\/\/vapemaison.com\/wp-content\/uploads\/2026\/01\/cropped-vapemaison-logo-g-2026.webp","width":350,"height":280,"caption":"VapeMaison"},"image":{"@id":"https:\/\/vapemaison.com\/#\/schema\/logo\/image\/"},"sameAs":["https:\/\/www.youtube.com\/@VapeMaison"]}]}},"tiered_pricing_type":"fixed","tiered_pricing_fixed_rules":{"30":"9.45","50":"8.99","100":"8.36","200":"7.62"},"tiered_pricing_product_settings":{"layout":"default","base_unit_name":{"singular":null,"plural":null},"default_variation":null},"tiered_pricing_minimum_quantity":10,"tiered_pricing_roles_data":[],"tiered_pricing_percentage_rules":[],"tiered_pricing_maximum_quantity":null,"tiered_pricing_quantity_step":"10","_links":{"self":[{"href":"https:\/\/vapemaison.com\/de\/wp-json\/wp\/v2\/product\/17213","targetHints":{"allow":["GET"]}}],"collection":[{"href":"https:\/\/vapemaison.com\/de\/wp-json\/wp\/v2\/product"}],"about":[{"href":"https:\/\/vapemaison.com\/de\/wp-json\/wp\/v2\/types\/product"}],"replies":[{"embeddable":true,"href":"https:\/\/vapemaison.com\/de\/wp-json\/wp\/v2\/comments?post=17213"}],"version-history":[{"count":0,"href":"https:\/\/vapemaison.com\/de\/wp-json\/wp\/v2\/product\/17213\/revisions"}],"wp:featuredmedia":[{"embeddable":true,"href":"https:\/\/vapemaison.com\/de\/wp-json\/wp\/v2\/media\/17214"}],"wp:attachment":[{"href":"https:\/\/vapemaison.com\/de\/wp-json\/wp\/v2\/media?parent=17213"}],"wp:term":[{"taxonomy":"product_brand","embeddable":true,"href":"https:\/\/vapemaison.com\/de\/wp-json\/wp\/v2\/product_brand?post=17213"},{"taxonomy":"product_cat","embeddable":true,"href":"https:\/\/vapemaison.com\/de\/wp-json\/wp\/v2\/product_cat?post=17213"},{"taxonomy":"product_tag","embeddable":true,"href":"https:\/\/vapemaison.com\/de\/wp-json\/wp\/v2\/product_tag?post=17213"}],"curies":[{"name":"wp","href":"https:\/\/api.w.org\/{rel}","templated":true}]}}