

{"id":17271,"date":"2025-12-12T03:21:20","date_gmt":"2025-12-12T03:21:20","guid":{"rendered":"https:\/\/vapemaison.com\/?post_type=product&#038;p=17271"},"modified":"2025-12-22T09:24:32","modified_gmt":"2025-12-22T09:24:32","slug":"bang-strand-22k-puffs-vape-stift-einweg","status":"publish","type":"product","link":"https:\/\/vapemaison.com\/de\/product\/bang-beach-22k-puffs-vape-pen-disposable\/","title":{"rendered":"Bang Beach 22k Puffs LED-Display Einweg-Vape"},"content":{"rendered":"<p>Die <strong>Bang Beach 22k Puffs Vape Pen<\/strong> bietet ein au\u00dfergew\u00f6hnliches Dampferlebnis, das lang anhaltende Leistung, anpassbare Nikotinwerte und eine gro\u00dfe Auswahl an k\u00f6stlichen Geschmacksrichtungen kombiniert. Egal, ob Sie ein Anf\u00e4nger oder ein erfahrener Dampfer sind, dieser Einwegdampfer mit hoher Kapazit\u00e4t ist so konzipiert, dass er Sie stets zufriedenstellt.<\/p>\n\n\n\n<h3 class=\"wp-block-heading\"><strong>Wesentliche Merkmale<\/strong><\/h3>\n\n\n\n<ul class=\"wp-block-list\">\n<li><strong>Langanhaltendes Vergn\u00fcgen<\/strong>: Mit bis zu <strong>22k Puffs<\/strong>, sorgt der Bang Beach f\u00fcr ein lang anhaltendes und befriedigendes Dampferlebnis, dank seiner <strong>36ml vorgef\u00fcllte E-Liquid-Patrone<\/strong>.<\/li>\n\n\n\n<li><strong>Anpassbare Nikotinst\u00e4rken<\/strong>: W\u00e4hlen Sie aus <strong>0%, 2%, 3% und 5% Nikotin<\/strong> um Ihren Vorlieben gerecht zu werden und Ihnen die volle Kontrolle \u00fcber Ihr Dampferlebnis zu geben.<\/li>\n\n\n\n<li><strong>Erh\u00f6hte Dampferzeugung<\/strong>: Mit einem <strong>1.0 Masche Spule<\/strong> und <strong>einstellbarer Luftstrom<\/strong>, Dieser Vape Pen liefert sanften, geschmackvollen Dampf mit der M\u00f6glichkeit, die Gr\u00f6\u00dfe und Intensit\u00e4t der Wolke individuell anzupassen.<\/li>\n\n\n\n<li><strong>Leistungsstark und wiederaufladbar<\/strong>: Angetrieben von einem <strong>850mAh wiederaufladbare Batterie<\/strong>, gew\u00e4hrleistet der Bang Beach eine gleichbleibende Leistung \u00fcber seine gesamte Lebensdauer. Die <strong>Typ-C-Ladeanschluss<\/strong> erm\u00f6glicht ein schnelles und effizientes Aufladen und minimiert so die Ausfallzeiten.<\/li>\n\n\n\n<li><strong>LED-Anzeige<\/strong>: Bleiben Sie informiert mit dem <strong>LED-Anzeige<\/strong>, Sie zeigt in Echtzeit die aktuelle Akkulaufzeit und den F\u00fcllstand des E-Liquids an und sorgt daf\u00fcr, dass Sie immer bereit zum Dampfen sind.<\/li>\n<\/ul>\n\n\n\n<h3 class=\"wp-block-heading\"><strong>Geschmacksauswahl<\/strong><\/h3>\n\n\n\n<p>Mit <strong>12 einzigartige Geschmacksrichtungen<\/strong>, bietet das Bang Beach f\u00fcr jeden etwas. Von erfrischenden Fr\u00fcchten bis hin zu s\u00fc\u00dfen, genussvollen Mischungen ist jede Option so gestaltet, dass sie einen reichhaltigen und zufriedenstellenden Geschmack bietet:<\/p>\n\n\n\n<ul class=\"wp-block-list\">\n<li>Pfirsich-Eis<\/li>\n\n\n\n<li>Pfirsich-Mango<\/li>\n\n\n\n<li>Gemischte Beere<\/li>\n\n\n\n<li>Rosa Limonade<\/li>\n\n\n\n<li>Erdbeere Wassermelone<\/li>\n\n\n\n<li>Wassermelone Eis<\/li>\n\n\n\n<li>Traubeneis<\/li>\n\n\n\n<li>Vimto<\/li>\n\n\n\n<li>Erdbeereis<\/li>\n\n\n\n<li>Kirsche Blaubeere<\/li>\n\n\n\n<li>Himbeere<\/li>\n\n\n\n<li>Saurer Apfel<\/li>\n<\/ul>\n\n\n\n<h3 class=\"wp-block-heading\"><strong>Spezifikationen<\/strong><\/h3>\n\n\n\n<ul class=\"wp-block-list\">\n<li><strong>Puffs<\/strong>: Bis zu <strong>22k Puffs<\/strong><\/li>\n\n\n\n<li><strong>E-Fl\u00fcssigkeit Kapazit\u00e4t<\/strong>: <strong>36ml vorgef\u00fcllt<\/strong><\/li>\n\n\n\n<li><strong>Nikotinst\u00e4rke<\/strong>: <strong>0%, 2%, 3%, 5%<\/strong><\/li>\n\n\n\n<li><strong>Batterie<\/strong>: <strong>850mAh<\/strong> (Wiederaufladbar \u00fcber <strong>Typ-C-Anschluss<\/strong>)<\/li>\n\n\n\n<li><strong>Spule<\/strong>: <strong>1.0 Masche Spule<\/strong> mit <strong>einstellbarer Luftstrom<\/strong><\/li>\n\n\n\n<li><strong>Verf\u00fcgbare Geschmacksrichtungen<\/strong>: <strong>12 k\u00f6stliche Optionen<\/strong><\/li>\n\n\n\n<li><strong>Typ<\/strong>: <strong>Einwegartikel<\/strong><\/li>\n<\/ul>\n\n\n\n<h3 class=\"wp-block-heading\"><strong>Schlussfolgerung<\/strong><\/h3>\n\n\n\n<p>Die <strong>Bang Beach 22000 Puffs LED-Anzeige Vape Pen<\/strong> bietet die perfekte Balance aus Leistung, Geschmack und Komfort. Mit seiner gro\u00dfen E-Liquid-Kapazit\u00e4t, den anpassbaren Nikotinoptionen und dem wiederaufladbaren Akku bietet er ein erstklassiges Dampferlebnis, das lange anh\u00e4lt. W\u00e4hlen Sie Ihr Aroma, passen Sie Ihre Nikotinst\u00e4rke an und genie\u00dfen Sie jedes Mal einen sanften, geschmackvollen Zug.<\/p>\n\n\n\n<p><strong>Suchen Sie nach weiteren hochwertigen Vaping-Optionen? Besuchen Sie unser <a href=\"https:\/\/vapemaison.com\">Homepage<\/a> um die neuesten Ver\u00f6ffentlichungen zu sehen, durchst\u00f6bern Sie die gesamte Kollektion in unserem <a href=\"https:\/\/vapemaison.com\/shop\">Shop<\/a>, oder erkunden Sie andere Ger\u00e4te aus dem <a href=\"https:\/\/vapemaison.com\/brand\/bang\">Marke Bang<\/a>. Vielleicht gefallen Ihnen auch die Einwegartikel mit hohem Fassungsverm\u00f6gen von <a href=\"https:\/\/vapemaison.com\/brand\/jnr\/\">JNR<\/a> oder \u00fcberpr\u00fcfen Sie alle unsere <a href=\"https:\/\/vapemaison.com\/product-category\/puffs-count\/\">Puffs-Ger\u00e4te<\/a> f\u00fcr lang anhaltende Zufriedenheit.<\/strong><\/p>","protected":false},"excerpt":{"rendered":"<div id=\"model-response-message-contentr_4e64e8fee7e2056a\" class=\"markdown markdown-main-panel stronger enable-updated-hr-color\" dir=\"ltr\" aria-live=\"polite\" aria-busy=\"false\">\n<p data-path-to-node=\"0\">Genie\u00dfen Sie 22.000 Z\u00fcge und ein riesiges 36ml Reservoir mit einer 1.0 Mesh-Spule und einstellbarem Luftstrom f\u00fcr die ultimative individuelle Wolke. \u00dcberwachen Sie Ihren Akku- und Liquidstand in Echtzeit mit der intelligenten LED-Anzeige - w\u00e4hlen Sie jetzt Ihre Nikotinst\u00e4rke und sichern Sie sich dieses Modell mit hoher Kapazit\u00e4t, solange der Vorrat reicht und ein schneller Versand m\u00f6glich ist.<\/p>\n<\/div>","protected":false},"featured_media":17275,"comment_status":"open","ping_status":"closed","template":"","meta":[],"product_brand":[57],"product_cat":[16],"product_tag":[],"class_list":{"0":"post-17271","1":"product","2":"type-product","3":"status-publish","4":"has-post-thumbnail","6":"product_brand-bang","7":"product_cat-uncategorized","9":"first","10":"instock","11":"sale","12":"shipping-taxable","13":"purchasable","14":"product-type-variable"},"yoast_head":"<!-- This site is optimized with the Yoast SEO plugin v27.4 - https:\/\/yoast.com\/product\/yoast-seo-wordpress\/ -->\n<title>Bang Beach 22k Puffs Vape Pen Disposable with LED Display - VapeMaison<\/title>\n<meta name=\"description\" content=\"Enjoy 22k puffs with the Bang Beach Vape Pen. 36ml e-liquid, adjustable airflow,and customizable nicotine strength for a longer, satisfying vape.\" \/>\n<meta name=\"robots\" content=\"index, follow, max-snippet:-1, max-image-preview:large, max-video-preview:-1\" \/>\n<link rel=\"canonical\" href=\"https:\/\/vapemaison.com\/de\/product\/bang-strand-22k-puffs-vape-stift-einweg\/\" \/>\n<meta property=\"og:locale\" content=\"de_DE\" \/>\n<meta property=\"og:type\" content=\"article\" \/>\n<meta property=\"og:title\" content=\"Bang Beach 22k Puffs Vape Pen Disposable with LED Display - VapeMaison\" \/>\n<meta property=\"og:description\" content=\"Enjoy 22k puffs with the Bang Beach Vape Pen. 36ml e-liquid, adjustable airflow,and customizable nicotine strength for a longer, satisfying vape.\" \/>\n<meta property=\"og:url\" content=\"https:\/\/vapemaison.com\/de\/product\/bang-strand-22k-puffs-vape-stift-einweg\/\" \/>\n<meta property=\"og:site_name\" content=\"VapeMaison\" \/>\n<meta property=\"article:modified_time\" content=\"2025-12-22T09:24:32+00:00\" \/>\n<meta property=\"og:image\" content=\"https:\/\/vapemaison.com\/wp-content\/uploads\/2025\/12\/bang-beach-22000-puff-vapes-mixed-berry.webp\" \/>\n\t<meta property=\"og:image:width\" content=\"1500\" \/>\n\t<meta property=\"og:image:height\" content=\"1500\" \/>\n\t<meta property=\"og:image:type\" content=\"image\/webp\" \/>\n<meta name=\"twitter:card\" content=\"summary_large_image\" \/>\n<meta name=\"twitter:label1\" content=\"Gesch\u00e4tzte Lesezeit\" \/>\n\t<meta name=\"twitter:data1\" content=\"2\u00a0Minuten\" \/>\n<!-- \/ Yoast SEO plugin. -->","yoast_head_json":{"title":"Bang Beach 22k Puffs Vape Pen Einweg mit LED-Anzeige - VapeMaison","description":"Genie\u00dfe 22k Z\u00fcge mit dem Bang Beach Vape Pen. 36ml E-Liquid, einstellbarer Luftstrom und anpassbare Nikotinst\u00e4rke f\u00fcr ein l\u00e4ngeres, befriedigendes Dampfen.","robots":{"index":"index","follow":"follow","max-snippet":"max-snippet:-1","max-image-preview":"max-image-preview:large","max-video-preview":"max-video-preview:-1"},"canonical":"https:\/\/vapemaison.com\/de\/product\/bang-strand-22k-puffs-vape-stift-einweg\/","og_locale":"de_DE","og_type":"article","og_title":"Bang Beach 22k Puffs Vape Pen Disposable with LED Display - VapeMaison","og_description":"Enjoy 22k puffs with the Bang Beach Vape Pen. 36ml e-liquid, adjustable airflow,and customizable nicotine strength for a longer, satisfying vape.","og_url":"https:\/\/vapemaison.com\/de\/product\/bang-strand-22k-puffs-vape-stift-einweg\/","og_site_name":"VapeMaison","article_modified_time":"2025-12-22T09:24:32+00:00","og_image":[{"width":1500,"height":1500,"url":"https:\/\/vapemaison.com\/wp-content\/uploads\/2025\/12\/bang-beach-22000-puff-vapes-mixed-berry.webp","type":"image\/webp"}],"twitter_card":"summary_large_image","twitter_misc":{"Gesch\u00e4tzte Lesezeit":"2\u00a0Minuten"},"schema":{"@context":"https:\/\/schema.org","@graph":[{"@type":"WebPage","@id":"https:\/\/vapemaison.com\/product\/bang-beach-22k-puffs-vape-pen-disposable\/","url":"https:\/\/vapemaison.com\/product\/bang-beach-22k-puffs-vape-pen-disposable\/","name":"Bang Beach 22k Puffs Vape Pen Einweg mit LED-Anzeige - VapeMaison","isPartOf":{"@id":"https:\/\/vapemaison.com\/#website"},"primaryImageOfPage":{"@id":"https:\/\/vapemaison.com\/product\/bang-beach-22k-puffs-vape-pen-disposable\/#primaryimage"},"image":{"@id":"https:\/\/vapemaison.com\/product\/bang-beach-22k-puffs-vape-pen-disposable\/#primaryimage"},"thumbnailUrl":"https:\/\/vapemaison.com\/wp-content\/uploads\/2025\/12\/bang-beach-22000-puff-vapes-mixed-berry.webp","datePublished":"2025-12-12T03:21:20+00:00","dateModified":"2025-12-22T09:24:32+00:00","description":"Genie\u00dfe 22k Z\u00fcge mit dem Bang Beach Vape Pen. 36ml E-Liquid, einstellbarer Luftstrom und anpassbare Nikotinst\u00e4rke f\u00fcr ein l\u00e4ngeres, befriedigendes Dampfen.","breadcrumb":{"@id":"https:\/\/vapemaison.com\/product\/bang-beach-22k-puffs-vape-pen-disposable\/#breadcrumb"},"inLanguage":"de","potentialAction":[{"@type":"ReadAction","target":["https:\/\/vapemaison.com\/product\/bang-beach-22k-puffs-vape-pen-disposable\/"]}]},{"@type":"ImageObject","inLanguage":"de","@id":"https:\/\/vapemaison.com\/product\/bang-beach-22k-puffs-vape-pen-disposable\/#primaryimage","url":"https:\/\/vapemaison.com\/wp-content\/uploads\/2025\/12\/bang-beach-22000-puff-vapes-mixed-berry.webp","contentUrl":"https:\/\/vapemaison.com\/wp-content\/uploads\/2025\/12\/bang-beach-22000-puff-vapes-mixed-berry.webp","width":1500,"height":1500,"caption":"Bang Beach Puff Vapes Mixed Berry"},{"@type":"BreadcrumbList","@id":"https:\/\/vapemaison.com\/product\/bang-beach-22k-puffs-vape-pen-disposable\/#breadcrumb","itemListElement":[{"@type":"ListItem","position":1,"name":"\u9996\u9875","item":"https:\/\/vapemaison.com\/"},{"@type":"ListItem","position":2,"name":"Shop","item":"https:\/\/vapemaison.com\/shop\/"},{"@type":"ListItem","position":3,"name":"Bang","item":"https:\/\/vapemaison.com\/brand\/bang\/"},{"@type":"ListItem","position":4,"name":"Bang Beach 22k Puffs LED Display Disposable Vape"}]},{"@type":"WebSite","@id":"https:\/\/vapemaison.com\/#website","url":"https:\/\/vapemaison.com\/","name":"VapeMaison","description":"Premium Vaping-Ger\u00e4te und Zubeh\u00f6r","publisher":{"@id":"https:\/\/vapemaison.com\/#organization"},"potentialAction":[{"@type":"SearchAction","target":{"@type":"EntryPoint","urlTemplate":"https:\/\/vapemaison.com\/?s={search_term_string}"},"query-input":{"@type":"PropertyValueSpecification","valueRequired":true,"valueName":"search_term_string"}}],"inLanguage":"de"},{"@type":"Organization","@id":"https:\/\/vapemaison.com\/#organization","name":"VapeMaison","url":"https:\/\/vapemaison.com\/","logo":{"@type":"ImageObject","inLanguage":"de","@id":"https:\/\/vapemaison.com\/#\/schema\/logo\/image\/","url":"https:\/\/vapemaison.com\/wp-content\/uploads\/2026\/01\/cropped-vapemaison-logo-g-2026.webp","contentUrl":"https:\/\/vapemaison.com\/wp-content\/uploads\/2026\/01\/cropped-vapemaison-logo-g-2026.webp","width":350,"height":280,"caption":"VapeMaison"},"image":{"@id":"https:\/\/vapemaison.com\/#\/schema\/logo\/image\/"},"sameAs":["https:\/\/www.youtube.com\/@VapeMaison"]}]}},"tiered_pricing_type":"fixed","tiered_pricing_fixed_rules":{"30":"9.99","50":"9.42","100":"8.85","200":"8.21"},"tiered_pricing_product_settings":{"layout":"default","base_unit_name":{"singular":null,"plural":null},"default_variation":null},"tiered_pricing_minimum_quantity":10,"tiered_pricing_roles_data":[],"tiered_pricing_percentage_rules":[],"tiered_pricing_maximum_quantity":null,"tiered_pricing_quantity_step":"10","_links":{"self":[{"href":"https:\/\/vapemaison.com\/de\/wp-json\/wp\/v2\/product\/17271","targetHints":{"allow":["GET"]}}],"collection":[{"href":"https:\/\/vapemaison.com\/de\/wp-json\/wp\/v2\/product"}],"about":[{"href":"https:\/\/vapemaison.com\/de\/wp-json\/wp\/v2\/types\/product"}],"replies":[{"embeddable":true,"href":"https:\/\/vapemaison.com\/de\/wp-json\/wp\/v2\/comments?post=17271"}],"version-history":[{"count":0,"href":"https:\/\/vapemaison.com\/de\/wp-json\/wp\/v2\/product\/17271\/revisions"}],"wp:featuredmedia":[{"embeddable":true,"href":"https:\/\/vapemaison.com\/de\/wp-json\/wp\/v2\/media\/17275"}],"wp:attachment":[{"href":"https:\/\/vapemaison.com\/de\/wp-json\/wp\/v2\/media?parent=17271"}],"wp:term":[{"taxonomy":"product_brand","embeddable":true,"href":"https:\/\/vapemaison.com\/de\/wp-json\/wp\/v2\/product_brand?post=17271"},{"taxonomy":"product_cat","embeddable":true,"href":"https:\/\/vapemaison.com\/de\/wp-json\/wp\/v2\/product_cat?post=17271"},{"taxonomy":"product_tag","embeddable":true,"href":"https:\/\/vapemaison.com\/de\/wp-json\/wp\/v2\/product_tag?post=17271"}],"curies":[{"name":"wp","href":"https:\/\/api.w.org\/{rel}","templated":true}]}}