

{"id":17293,"date":"2025-12-12T03:46:36","date_gmt":"2025-12-12T03:46:36","guid":{"rendered":"https:\/\/vapemaison.com\/?post_type=product&#038;p=17293"},"modified":"2025-12-22T09:23:53","modified_gmt":"2025-12-22T09:23:53","slug":"knall-krone-bar-18000-puffs-einweg-vape","status":"publish","type":"product","link":"https:\/\/vapemaison.com\/de\/product\/bang-crown-bar-18000-puffs-disposable-vape\/","title":{"rendered":"Bang Crown Bar 18000 Puffs 0% 2% 3% 5% Nikotin Einweg Vape"},"content":{"rendered":"<p>Die <strong>Bang Crown Bar 18000 Puffs<\/strong> Einweg-Vape Pen bietet bis zu <strong>18.000 Z\u00fcge<\/strong> f\u00fcr ein langes und befriedigendes Dampferlebnis. Es verf\u00fcgt \u00fcber eine <strong>20ml vorgef\u00fcllte E-Liquid-Patrone<\/strong> und eine <strong>650mAh wiederaufladbare Batterie<\/strong> mit Typ-C-Ladefunktion f\u00fcr mehr Komfort. Passen Sie Ihr Erlebnis mit Nikotinst\u00e4rken von <strong>0%, 2%, 3% und 5% Nikotinsalz<\/strong>, und genie\u00dfen Sie sanften, geschmackvollen Dampf dank der <strong>0.6ohm Mesh-Spule<\/strong> und <strong>einstellbarer Luftstrom<\/strong>. Mit <strong>16 einzigartige Geschmacksrichtungen<\/strong>, bietet die Bang CrownBar etwas f\u00fcr jeden Geschmack.<\/p>\n\n\n\n<h3 class=\"wp-block-heading\"><strong>Wesentliche Merkmale<\/strong><\/h3>\n\n\n\n<ul class=\"wp-block-list\">\n<li><strong>Puffs<\/strong>: Bis zu <strong>18.000 Z\u00fcge<\/strong><\/li>\n\n\n\n<li><strong>E-Fl\u00fcssigkeit Kapazit\u00e4t<\/strong>: <strong>20ml vorgef\u00fcllt<\/strong><\/li>\n\n\n\n<li><strong>Nikotin-Optionen<\/strong>: <strong>0%, 2%, 3%, 5% Nikotinsalz<\/strong><\/li>\n\n\n\n<li><strong>Batterie<\/strong>: <strong>650mAh<\/strong> wiederaufladbar, Typ-C-Anschluss<\/li>\n\n\n\n<li><strong>Spule<\/strong>: <strong>0.6ohm Mesh-Spule<\/strong> mit <strong>einstellbarer Luftstrom<\/strong><\/li>\n\n\n\n<li><strong>Geschm\u00e4cker<\/strong>: <strong>16 verschiedene Optionen<\/strong><\/li>\n<\/ul>\n\n\n\n<h3 class=\"wp-block-heading\">Bang Crown Bar <strong>Geschmacksliste<\/strong><\/h3>\n\n\n\n<ul class=\"wp-block-list\">\n<li>Pfirsich-Mango<\/li>\n\n\n\n<li>Saurer Apfel<\/li>\n\n\n\n<li>Weintrauben<\/li>\n\n\n\n<li>Tigerblut<\/li>\n\n\n\n<li>Heidelbeere-Himbeere<\/li>\n\n\n\n<li>Heidelbeer-Trauben<\/li>\n\n\n\n<li>Gemischte Fr\u00fcchte<\/li>\n\n\n\n<li>Erdbeere Wassermelone<\/li>\n\n\n\n<li>Erdbeer-Kiwi<\/li>\n\n\n\n<li>Erdbeer-Mango<\/li>\n\n\n\n<li>Ananas-Kokosnuss<\/li>\n\n\n\n<li>Minze Eis<\/li>\n\n\n\n<li>Wassermelone<\/li>\n\n\n\n<li>Blaubeereis<\/li>\n\n\n\n<li>Pfirsich-Eis<\/li>\n\n\n\n<li>Wassermelone Kaugummi<\/li>\n<\/ul>\n\n\n\n<p>Suchen Sie nach weiteren hochwertigen Vaping-Optionen? Besuchen Sie unser <a href=\"https:\/\/vapemaison.com\">Homepage<\/a> um die neuesten Ver\u00f6ffentlichungen zu sehen, durchst\u00f6bern Sie die gesamte Kollektion in unserem <a href=\"https:\/\/vapemaison.com\/shop\">Shop<\/a>, oder erkunden Sie andere Ger\u00e4te aus dem <a href=\"https:\/\/vapemaison.com\/brand\/bang\">Marke Bang<\/a>. Vielleicht gefallen Ihnen auch die Einwegartikel mit hohem Fassungsverm\u00f6gen von <a href=\"https:\/\/vapemaison.com\/brand\/jnr\/\">JNR<\/a> oder \u00fcberpr\u00fcfen Sie alle unsere <a href=\"https:\/\/vapemaison.com\/product-category\/puffs-count\/\">Puffs-Ger\u00e4te<\/a> f\u00fcr lang anhaltende Zufriedenheit.<\/p>\n\n\n\n<p><\/p>","protected":false},"excerpt":{"rendered":"<p><span class=\"\">Erfahrung 18,<\/span><span class=\"\">000 Premium-Puffs mit einer 0.<\/span>6ohm Mesh-Spule und einstellbare Luftstr\u00f6mung f\u00fcr ultimative Geschmackskontrolle und glatten Dampf entwickelt. Mit 20 ml e-Fl\u00fcssigkeit und einem schnell aufladbaren Typ-C-Anschluss ist dieses Ger\u00e4t f\u00fcr maximale Ausdauer gebaut - bestellen Sie es noch heute, um sich Ihren Lieblingsgeschmack zu sichern und von unserer aktuellen Schnellversandgarantie zu profitieren.<\/p>","protected":false},"featured_media":17298,"comment_status":"open","ping_status":"closed","template":"","meta":[],"product_brand":[57],"product_cat":[175],"product_tag":[],"class_list":{"0":"post-17293","1":"product","2":"type-product","3":"status-publish","4":"has-post-thumbnail","6":"product_brand-bang","7":"product_cat-18k-puffs","9":"first","10":"instock","11":"sale","12":"shipping-taxable","13":"purchasable","14":"product-type-variable"},"yoast_head":"<!-- This site is optimized with the Yoast SEO plugin v27.4 - https:\/\/yoast.com\/product\/yoast-seo-wordpress\/ -->\n<title>Bang Crown Bar 18000 Puffs Disposable Vape Flavorful Vaping - VapeMaison<\/title>\n<meta name=\"description\" content=\"Enjoy 18000 puffs with the Bang Crown Bar Vape,and 16 flavors. Customize your nicotine level and vape longer with its rechargeable battery.\" \/>\n<meta name=\"robots\" content=\"index, follow, max-snippet:-1, max-image-preview:large, max-video-preview:-1\" \/>\n<link rel=\"canonical\" href=\"https:\/\/vapemaison.com\/de\/product\/knall-krone-bar-18000-puffs-einweg-vape\/\" \/>\n<meta property=\"og:locale\" content=\"de_DE\" \/>\n<meta property=\"og:type\" content=\"article\" \/>\n<meta property=\"og:title\" content=\"Bang Crown Bar 18000 Puffs Disposable Vape Flavorful Vaping - VapeMaison\" \/>\n<meta property=\"og:description\" content=\"Enjoy 18000 puffs with the Bang Crown Bar Vape,and 16 flavors. Customize your nicotine level and vape longer with its rechargeable battery.\" \/>\n<meta property=\"og:url\" content=\"https:\/\/vapemaison.com\/de\/product\/knall-krone-bar-18000-puffs-einweg-vape\/\" \/>\n<meta property=\"og:site_name\" content=\"VapeMaison\" \/>\n<meta property=\"article:modified_time\" content=\"2025-12-22T09:23:53+00:00\" \/>\n<meta property=\"og:image\" content=\"https:\/\/vapemaison.com\/wp-content\/uploads\/2025\/12\/vape-bang-crown-bar-18000-puff-5.webp\" \/>\n\t<meta property=\"og:image:width\" content=\"654\" \/>\n\t<meta property=\"og:image:height\" content=\"690\" \/>\n\t<meta property=\"og:image:type\" content=\"image\/webp\" \/>\n<meta name=\"twitter:card\" content=\"summary_large_image\" \/>\n<meta name=\"twitter:label1\" content=\"Gesch\u00e4tzte Lesezeit\" \/>\n\t<meta name=\"twitter:data1\" content=\"2\u00a0Minuten\" \/>\n<!-- \/ Yoast SEO plugin. -->","yoast_head_json":{"title":"Bang Crown Bar 18000 Puffs Einweg Vape Aromatisches Vaping - VapeMaison","description":"Genie\u00dfe 18000 Z\u00fcge mit dem Bang Crown Bar Vape und 16 Geschmacksrichtungen. Passen Sie Ihren Nikotinspiegel an und dampfen Sie l\u00e4nger mit dem wiederaufladbaren Akku.","robots":{"index":"index","follow":"follow","max-snippet":"max-snippet:-1","max-image-preview":"max-image-preview:large","max-video-preview":"max-video-preview:-1"},"canonical":"https:\/\/vapemaison.com\/de\/product\/knall-krone-bar-18000-puffs-einweg-vape\/","og_locale":"de_DE","og_type":"article","og_title":"Bang Crown Bar 18000 Puffs Disposable Vape Flavorful Vaping - VapeMaison","og_description":"Enjoy 18000 puffs with the Bang Crown Bar Vape,and 16 flavors. Customize your nicotine level and vape longer with its rechargeable battery.","og_url":"https:\/\/vapemaison.com\/de\/product\/knall-krone-bar-18000-puffs-einweg-vape\/","og_site_name":"VapeMaison","article_modified_time":"2025-12-22T09:23:53+00:00","og_image":[{"width":654,"height":690,"url":"https:\/\/vapemaison.com\/wp-content\/uploads\/2025\/12\/vape-bang-crown-bar-18000-puff-5.webp","type":"image\/webp"}],"twitter_card":"summary_large_image","twitter_misc":{"Gesch\u00e4tzte Lesezeit":"2\u00a0Minuten"},"schema":{"@context":"https:\/\/schema.org","@graph":[{"@type":"WebPage","@id":"https:\/\/vapemaison.com\/product\/bang-crown-bar-18000-puffs-disposable-vape\/","url":"https:\/\/vapemaison.com\/product\/bang-crown-bar-18000-puffs-disposable-vape\/","name":"Bang Crown Bar 18000 Puffs Einweg Vape Aromatisches Vaping - VapeMaison","isPartOf":{"@id":"https:\/\/vapemaison.com\/#website"},"primaryImageOfPage":{"@id":"https:\/\/vapemaison.com\/product\/bang-crown-bar-18000-puffs-disposable-vape\/#primaryimage"},"image":{"@id":"https:\/\/vapemaison.com\/product\/bang-crown-bar-18000-puffs-disposable-vape\/#primaryimage"},"thumbnailUrl":"https:\/\/vapemaison.com\/wp-content\/uploads\/2025\/12\/vape-bang-crown-bar-18000-puff-5.webp","datePublished":"2025-12-12T03:46:36+00:00","dateModified":"2025-12-22T09:23:53+00:00","description":"Genie\u00dfe 18000 Z\u00fcge mit dem Bang Crown Bar Vape und 16 Geschmacksrichtungen. Passen Sie Ihren Nikotinspiegel an und dampfen Sie l\u00e4nger mit dem wiederaufladbaren Akku.","breadcrumb":{"@id":"https:\/\/vapemaison.com\/product\/bang-crown-bar-18000-puffs-disposable-vape\/#breadcrumb"},"inLanguage":"de","potentialAction":[{"@type":"ReadAction","target":["https:\/\/vapemaison.com\/product\/bang-crown-bar-18000-puffs-disposable-vape\/"]}]},{"@type":"ImageObject","inLanguage":"de","@id":"https:\/\/vapemaison.com\/product\/bang-crown-bar-18000-puffs-disposable-vape\/#primaryimage","url":"https:\/\/vapemaison.com\/wp-content\/uploads\/2025\/12\/vape-bang-crown-bar-18000-puff-5.webp","contentUrl":"https:\/\/vapemaison.com\/wp-content\/uploads\/2025\/12\/vape-bang-crown-bar-18000-puff-5.webp","width":654,"height":690,"caption":"Vape Bang Crown Bar Puff detail 2"},{"@type":"BreadcrumbList","@id":"https:\/\/vapemaison.com\/product\/bang-crown-bar-18000-puffs-disposable-vape\/#breadcrumb","itemListElement":[{"@type":"ListItem","position":1,"name":"\u9996\u9875","item":"https:\/\/vapemaison.com\/"},{"@type":"ListItem","position":2,"name":"Shop","item":"https:\/\/vapemaison.com\/shop\/"},{"@type":"ListItem","position":3,"name":"Bang","item":"https:\/\/vapemaison.com\/brand\/bang\/"},{"@type":"ListItem","position":4,"name":"Bang Crown Bar 18000 Puffs 0% 2% 3% 5% Nicotine Disposable Vape"}]},{"@type":"WebSite","@id":"https:\/\/vapemaison.com\/#website","url":"https:\/\/vapemaison.com\/","name":"VapeMaison","description":"Premium Vaping-Ger\u00e4te und Zubeh\u00f6r","publisher":{"@id":"https:\/\/vapemaison.com\/#organization"},"potentialAction":[{"@type":"SearchAction","target":{"@type":"EntryPoint","urlTemplate":"https:\/\/vapemaison.com\/?s={search_term_string}"},"query-input":{"@type":"PropertyValueSpecification","valueRequired":true,"valueName":"search_term_string"}}],"inLanguage":"de"},{"@type":"Organization","@id":"https:\/\/vapemaison.com\/#organization","name":"VapeMaison","url":"https:\/\/vapemaison.com\/","logo":{"@type":"ImageObject","inLanguage":"de","@id":"https:\/\/vapemaison.com\/#\/schema\/logo\/image\/","url":"https:\/\/vapemaison.com\/wp-content\/uploads\/2026\/01\/cropped-vapemaison-logo-g-2026.webp","contentUrl":"https:\/\/vapemaison.com\/wp-content\/uploads\/2026\/01\/cropped-vapemaison-logo-g-2026.webp","width":350,"height":280,"caption":"VapeMaison"},"image":{"@id":"https:\/\/vapemaison.com\/#\/schema\/logo\/image\/"},"sameAs":["https:\/\/www.youtube.com\/@VapeMaison"]}]}},"tiered_pricing_type":"fixed","tiered_pricing_fixed_rules":{"30":"7.99","50":"7.36","100":"6.87","200":"9.24"},"tiered_pricing_product_settings":{"layout":"default","base_unit_name":{"singular":null,"plural":null},"default_variation":null},"tiered_pricing_minimum_quantity":10,"tiered_pricing_roles_data":[],"tiered_pricing_percentage_rules":[],"tiered_pricing_maximum_quantity":null,"tiered_pricing_quantity_step":"10","_links":{"self":[{"href":"https:\/\/vapemaison.com\/de\/wp-json\/wp\/v2\/product\/17293","targetHints":{"allow":["GET"]}}],"collection":[{"href":"https:\/\/vapemaison.com\/de\/wp-json\/wp\/v2\/product"}],"about":[{"href":"https:\/\/vapemaison.com\/de\/wp-json\/wp\/v2\/types\/product"}],"replies":[{"embeddable":true,"href":"https:\/\/vapemaison.com\/de\/wp-json\/wp\/v2\/comments?post=17293"}],"version-history":[{"count":0,"href":"https:\/\/vapemaison.com\/de\/wp-json\/wp\/v2\/product\/17293\/revisions"}],"wp:featuredmedia":[{"embeddable":true,"href":"https:\/\/vapemaison.com\/de\/wp-json\/wp\/v2\/media\/17298"}],"wp:attachment":[{"href":"https:\/\/vapemaison.com\/de\/wp-json\/wp\/v2\/media?parent=17293"}],"wp:term":[{"taxonomy":"product_brand","embeddable":true,"href":"https:\/\/vapemaison.com\/de\/wp-json\/wp\/v2\/product_brand?post=17293"},{"taxonomy":"product_cat","embeddable":true,"href":"https:\/\/vapemaison.com\/de\/wp-json\/wp\/v2\/product_cat?post=17293"},{"taxonomy":"product_tag","embeddable":true,"href":"https:\/\/vapemaison.com\/de\/wp-json\/wp\/v2\/product_tag?post=17293"}],"curies":[{"name":"wp","href":"https:\/\/api.w.org\/{rel}","templated":true}]}}