

{"id":17356,"date":"2025-12-12T05:54:19","date_gmt":"2025-12-12T05:54:19","guid":{"rendered":"https:\/\/vapemaison.com\/?post_type=product&#038;p=17356"},"modified":"2026-02-10T09:20:49","modified_gmt":"2026-02-10T09:20:49","slug":"bang-30000-puffs-doppelten-geschmack-einweg-vape","status":"publish","type":"product","link":"https:\/\/vapemaison.com\/de\/product\/bang-30000-puffs-double-taste-disposable-vape\/","title":{"rendered":"Bang 30000 30k Puffs 0%% 3% 5% Ncotine Einwegdampf"},"content":{"rendered":"<p>Die <strong>Bang 30000 Puffs Doppelter Geschmack Einweg Vape<\/strong> bietet ein erstklassiges Dampferlebnis mit bis zu <strong>30000 Z\u00fcge<\/strong>. Ausgestattet mit einem <strong>36ml e-Fl\u00fcssigkeit Kapazit\u00e4t<\/strong> und eine <strong>1.0ohm Netzspule<\/strong>, Dieses Ger\u00e4t sorgt f\u00fcr sanften, gleichm\u00e4\u00dfigen Dampf mit verbessertem Geschmack. W\u00e4hlen Sie aus <strong>0%, 2%, 3% oder 5% Nikotin<\/strong> f\u00fcr ein pers\u00f6nliches Erlebnis. Die <strong>550mAh wiederaufladbare Batterie<\/strong> und <strong>Typ-C-Laden<\/strong> sorgen f\u00fcr eine effiziente Stromversorgung und schnelles Aufladen und minimieren so die Ausfallzeiten. Sein <strong>LCD-Digitalanzeige<\/strong> h\u00e4lt Sie auf dem Laufenden \u00fcber Batterie- und Fl\u00fcssigkeitsstand, w\u00e4hrend die <strong>Doppelter Geschmack<\/strong> Funktion k\u00f6nnen Sie zwischen zwei aufregenden Geschmacksrichtungen wechseln, wodurch jede Sitzung einzigartig wird.<\/p>\n\n\n\n<h3 class=\"wp-block-heading\">Bang 30000 <strong>Wesentliche Merkmale<\/strong><\/h3>\n\n\n\n<ul class=\"wp-block-list\">\n<li><strong>E-Fl\u00fcssigkeit Kapazit\u00e4t<\/strong>: <strong>36ml vorgef\u00fcllt<\/strong><\/li>\n\n\n\n<li><strong>Nikotin-Optionen<\/strong>: <strong>2%, 3%, 5% Nikotin<\/strong><\/li>\n\n\n\n<li><strong>Spule<\/strong>: <strong>1.0ohm Netzspule<\/strong> f\u00fcr sanfte D\u00e4mpfe<\/li>\n\n\n\n<li><strong>Batterie<\/strong>: <strong>550mAh wiederaufladbar<\/strong>, Typ-C-Anschluss<\/li>\n\n\n\n<li><strong>Anzeige<\/strong>: <strong>LCD-Digitalanzeige<\/strong> f\u00fcr Batterie- und E-Liquid-Status<\/li>\n\n\n\n<li><strong>Doppelter Geschmack<\/strong>: Wechsel zwischen zwei Geschmacksrichtungen<\/li>\n<\/ul>\n\n\n\n<h3 class=\"wp-block-heading\"><strong>Geschmacksliste<\/strong><\/h3>\n\n\n\n<ul class=\"wp-block-list\">\n<li>Wassermelonen-Eis &amp; Heidelbeer-Minze<\/li>\n\n\n\n<li>Wassermeloneneis &amp; Erdbeer-Mango<\/li>\n\n\n\n<li>Erdbeere Wassermelone &amp; Kiwi Passionsfrucht Guave<\/li>\n\n\n\n<li>Erdbeer-Wassermelone &amp; Traubeneis<\/li>\n\n\n\n<li>Blaubeereis &amp; Schwarzer Drache Eis<\/li>\n\n\n\n<li>Blaubeereis &amp; Erdbeer-Banane<\/li>\n\n\n\n<li>Red Bull &amp; Blaubeer-Wassermelone<\/li>\n\n\n\n<li>Red Bull &amp; Wassermelone Bubble Candy<\/li>\n\n\n\n<li>Heidelbeere Himbeere &amp; Pfirsich Mango Wassermelone<\/li>\n\n\n\n<li>Heidelbeere-Himbeere &amp; gemischtes Schimmelobst<\/li>\n\n\n\n<li>Erdbeer-Kiwi-Pfirsich-Eis<\/li>\n\n\n\n<li>Erdbeere-Kiwi &amp; Saurer Apfel-Himbeere<\/li>\n<\/ul>\n\n\n\n<p>Fans von Bang-Produkten erkunden oft unser gesamtes Sortiment, um ihr perfektes Vape zu finden. Beginnen Sie mit dem <a href=\"https:\/\/vapemaison.com\">Homepage<\/a>, entdecken Sie alle Produkte in unserem <a href=\"https:\/\/vapemaison.com\/shop\">Shop<\/a>, oder tauchen Sie ein in die <a href=\"https:\/\/vapemaison.com\/brand\/bang\">Marke Bang<\/a> Seite, um das gesamte Programm zu sehen. Suchen Sie etwas anderes? Unser <a href=\"https:\/\/vapemaison.com\/brand\/waspe\">WASPE-Kollektion<\/a> und <a href=\"https:\/\/vapemaison.com\/product-category\/puffs-count\/\">Kategorie Puffs<\/a> haben eine Vielzahl von Optionen f\u00fcr jeden Vaper.<\/p>","protected":false},"excerpt":{"rendered":"<p>Erleben Sie einen neuen Standard der Ausdauer mit unglaublichen 30.000 Z\u00fcgen und einem hochkapazitiven Reservoir, das f\u00fcr langfristige, problemlose Zufriedenheit entwickelt wurde. Dieses Kraftpaket ist in verschiedenen Nikotinst\u00e4rken erh\u00e4ltlich, um Ihren Vorlieben gerecht zu werden, und sorgt f\u00fcr einen gleichbleibenden Geschmack vom ersten bis zum letzten Zug - bestellen Sie jetzt und sichern Sie sich unsere zeitlich begrenzten Preise und den schnellen Versand.<\/p>\n<p>&nbsp;<\/p>","protected":false},"featured_media":17360,"comment_status":"open","ping_status":"closed","template":"","meta":[],"product_brand":[57],"product_cat":[134],"product_tag":[],"class_list":{"0":"post-17356","1":"product","2":"type-product","3":"status-publish","4":"has-post-thumbnail","6":"product_brand-bang","7":"product_cat-30k-puffs","9":"first","10":"instock","11":"sale","12":"shipping-taxable","13":"purchasable","14":"product-type-variable"},"yoast_head":"<!-- This site is optimized with the Yoast SEO plugin v27.4 - https:\/\/yoast.com\/product\/yoast-seo-wordpress\/ -->\n<title>Bang 30000 Puffs Double Taste Disposable Vape | LCD Display - VapeMaison<\/title>\n<meta name=\"description\" content=\"Enjoy 30000 puffs with the Bang 30000 Vape. Featuring a dual-flavor system. Customize your nicotine and vape longer with a rechargeable battery.\" \/>\n<meta name=\"robots\" content=\"index, follow, max-snippet:-1, max-image-preview:large, max-video-preview:-1\" \/>\n<link rel=\"canonical\" href=\"https:\/\/vapemaison.com\/de\/product\/bang-30000-puffs-doppelten-geschmack-einweg-vape\/\" \/>\n<meta property=\"og:locale\" content=\"de_DE\" \/>\n<meta property=\"og:type\" content=\"article\" \/>\n<meta property=\"og:title\" content=\"Bang 30000 Puffs Double Taste Disposable Vape | LCD Display - VapeMaison\" \/>\n<meta property=\"og:description\" content=\"Enjoy 30000 puffs with the Bang 30000 Vape. Featuring a dual-flavor system. Customize your nicotine and vape longer with a rechargeable battery.\" \/>\n<meta property=\"og:url\" content=\"https:\/\/vapemaison.com\/de\/product\/bang-30000-puffs-doppelten-geschmack-einweg-vape\/\" \/>\n<meta property=\"og:site_name\" content=\"VapeMaison\" \/>\n<meta property=\"article:modified_time\" content=\"2026-02-10T09:20:49+00:00\" \/>\n<meta property=\"og:image\" content=\"https:\/\/vapemaison.com\/wp-content\/uploads\/2025\/12\/vape-bang-king-30k-30000-puffs-main-image.jpg.webp\" \/>\n\t<meta property=\"og:image:width\" content=\"1000\" \/>\n\t<meta property=\"og:image:height\" content=\"1000\" \/>\n\t<meta property=\"og:image:type\" content=\"image\/webp\" \/>\n<meta name=\"twitter:card\" content=\"summary_large_image\" \/>\n<meta name=\"twitter:label1\" content=\"Gesch\u00e4tzte Lesezeit\" \/>\n\t<meta name=\"twitter:data1\" content=\"2\u00a0Minuten\" \/>\n<!-- \/ Yoast SEO plugin. -->","yoast_head_json":{"title":"Bang 30000 Puffs Doppel Geschmack Einweg Vape | LCD Display - VapeMaison","description":"Genie\u00dfe 30000 Z\u00fcge mit dem Bang 30000 Vape. Ausgestattet mit einem Dual-Aroma-System. Passen Sie Ihr Nikotin an und dampfen Sie l\u00e4nger mit einem wiederaufladbaren Akku.","robots":{"index":"index","follow":"follow","max-snippet":"max-snippet:-1","max-image-preview":"max-image-preview:large","max-video-preview":"max-video-preview:-1"},"canonical":"https:\/\/vapemaison.com\/de\/product\/bang-30000-puffs-doppelten-geschmack-einweg-vape\/","og_locale":"de_DE","og_type":"article","og_title":"Bang 30000 Puffs Double Taste Disposable Vape | LCD Display - VapeMaison","og_description":"Enjoy 30000 puffs with the Bang 30000 Vape. Featuring a dual-flavor system. Customize your nicotine and vape longer with a rechargeable battery.","og_url":"https:\/\/vapemaison.com\/de\/product\/bang-30000-puffs-doppelten-geschmack-einweg-vape\/","og_site_name":"VapeMaison","article_modified_time":"2026-02-10T09:20:49+00:00","og_image":[{"width":1000,"height":1000,"url":"https:\/\/vapemaison.com\/wp-content\/uploads\/2025\/12\/vape-bang-king-30k-30000-puffs-main-image.jpg.webp","type":"image\/webp"}],"twitter_card":"summary_large_image","twitter_misc":{"Gesch\u00e4tzte Lesezeit":"2\u00a0Minuten"},"schema":{"@context":"https:\/\/schema.org","@graph":[{"@type":"WebPage","@id":"https:\/\/vapemaison.com\/product\/bang-30000-puffs-double-taste-disposable-vape\/","url":"https:\/\/vapemaison.com\/product\/bang-30000-puffs-double-taste-disposable-vape\/","name":"Bang 30000 Puffs Doppel Geschmack Einweg Vape | LCD Display - VapeMaison","isPartOf":{"@id":"https:\/\/vapemaison.com\/#website"},"primaryImageOfPage":{"@id":"https:\/\/vapemaison.com\/product\/bang-30000-puffs-double-taste-disposable-vape\/#primaryimage"},"image":{"@id":"https:\/\/vapemaison.com\/product\/bang-30000-puffs-double-taste-disposable-vape\/#primaryimage"},"thumbnailUrl":"https:\/\/vapemaison.com\/wp-content\/uploads\/2025\/12\/vape-bang-king-30k-30000-puffs-main-image.jpg.webp","datePublished":"2025-12-12T05:54:19+00:00","dateModified":"2026-02-10T09:20:49+00:00","description":"Genie\u00dfe 30000 Z\u00fcge mit dem Bang 30000 Vape. Ausgestattet mit einem Dual-Aroma-System. Passen Sie Ihr Nikotin an und dampfen Sie l\u00e4nger mit einem wiederaufladbaren Akku.","breadcrumb":{"@id":"https:\/\/vapemaison.com\/product\/bang-30000-puffs-double-taste-disposable-vape\/#breadcrumb"},"inLanguage":"de","potentialAction":[{"@type":"ReadAction","target":["https:\/\/vapemaison.com\/product\/bang-30000-puffs-double-taste-disposable-vape\/"]}]},{"@type":"ImageObject","inLanguage":"de","@id":"https:\/\/vapemaison.com\/product\/bang-30000-puffs-double-taste-disposable-vape\/#primaryimage","url":"https:\/\/vapemaison.com\/wp-content\/uploads\/2025\/12\/vape-bang-king-30k-30000-puffs-main-image.jpg.webp","contentUrl":"https:\/\/vapemaison.com\/wp-content\/uploads\/2025\/12\/vape-bang-king-30k-30000-puffs-main-image.jpg.webp","width":1000,"height":1000,"caption":"Vape Bang King 30k Puffs Main Image.jpg"},{"@type":"BreadcrumbList","@id":"https:\/\/vapemaison.com\/product\/bang-30000-puffs-double-taste-disposable-vape\/#breadcrumb","itemListElement":[{"@type":"ListItem","position":1,"name":"\u9996\u9875","item":"https:\/\/vapemaison.com\/"},{"@type":"ListItem","position":2,"name":"Shop","item":"https:\/\/vapemaison.com\/shop\/"},{"@type":"ListItem","position":3,"name":"Bang","item":"https:\/\/vapemaison.com\/brand\/bang\/"},{"@type":"ListItem","position":4,"name":"Bang 30000 30k Puffs 0%% 3% 5% Ncotine Disposable Vap"}]},{"@type":"WebSite","@id":"https:\/\/vapemaison.com\/#website","url":"https:\/\/vapemaison.com\/","name":"VapeMaison","description":"Premium Vaping-Ger\u00e4te und Zubeh\u00f6r","publisher":{"@id":"https:\/\/vapemaison.com\/#organization"},"potentialAction":[{"@type":"SearchAction","target":{"@type":"EntryPoint","urlTemplate":"https:\/\/vapemaison.com\/?s={search_term_string}"},"query-input":{"@type":"PropertyValueSpecification","valueRequired":true,"valueName":"search_term_string"}}],"inLanguage":"de"},{"@type":"Organization","@id":"https:\/\/vapemaison.com\/#organization","name":"VapeMaison","url":"https:\/\/vapemaison.com\/","logo":{"@type":"ImageObject","inLanguage":"de","@id":"https:\/\/vapemaison.com\/#\/schema\/logo\/image\/","url":"https:\/\/vapemaison.com\/wp-content\/uploads\/2026\/01\/cropped-vapemaison-logo-g-2026.webp","contentUrl":"https:\/\/vapemaison.com\/wp-content\/uploads\/2026\/01\/cropped-vapemaison-logo-g-2026.webp","width":350,"height":280,"caption":"VapeMaison"},"image":{"@id":"https:\/\/vapemaison.com\/#\/schema\/logo\/image\/"},"sameAs":["https:\/\/www.youtube.com\/@VapeMaison"]}]}},"tiered_pricing_type":"fixed","tiered_pricing_fixed_rules":{"30":"9.39","50":"8.78","100":"8.25","200":"7.69"},"tiered_pricing_product_settings":{"layout":"default","base_unit_name":{"singular":null,"plural":null},"default_variation":null},"tiered_pricing_minimum_quantity":10,"tiered_pricing_roles_data":[],"tiered_pricing_percentage_rules":[],"tiered_pricing_maximum_quantity":null,"tiered_pricing_quantity_step":"10","_links":{"self":[{"href":"https:\/\/vapemaison.com\/de\/wp-json\/wp\/v2\/product\/17356","targetHints":{"allow":["GET"]}}],"collection":[{"href":"https:\/\/vapemaison.com\/de\/wp-json\/wp\/v2\/product"}],"about":[{"href":"https:\/\/vapemaison.com\/de\/wp-json\/wp\/v2\/types\/product"}],"replies":[{"embeddable":true,"href":"https:\/\/vapemaison.com\/de\/wp-json\/wp\/v2\/comments?post=17356"}],"version-history":[{"count":2,"href":"https:\/\/vapemaison.com\/de\/wp-json\/wp\/v2\/product\/17356\/revisions"}],"predecessor-version":[{"id":27201,"href":"https:\/\/vapemaison.com\/de\/wp-json\/wp\/v2\/product\/17356\/revisions\/27201"}],"wp:featuredmedia":[{"embeddable":true,"href":"https:\/\/vapemaison.com\/de\/wp-json\/wp\/v2\/media\/17360"}],"wp:attachment":[{"href":"https:\/\/vapemaison.com\/de\/wp-json\/wp\/v2\/media?parent=17356"}],"wp:term":[{"taxonomy":"product_brand","embeddable":true,"href":"https:\/\/vapemaison.com\/de\/wp-json\/wp\/v2\/product_brand?post=17356"},{"taxonomy":"product_cat","embeddable":true,"href":"https:\/\/vapemaison.com\/de\/wp-json\/wp\/v2\/product_cat?post=17356"},{"taxonomy":"product_tag","embeddable":true,"href":"https:\/\/vapemaison.com\/de\/wp-json\/wp\/v2\/product_tag?post=17356"}],"curies":[{"name":"wp","href":"https:\/\/api.w.org\/{rel}","templated":true}]}}