

{"id":17400,"date":"2025-12-12T06:23:43","date_gmt":"2025-12-12T06:23:43","guid":{"rendered":"https:\/\/vapemaison.com\/?post_type=product&#038;p=17400"},"modified":"2025-12-22T09:18:46","modified_gmt":"2025-12-22T09:18:46","slug":"bang-pi-10k-puffs-wegwerfbares-vape","status":"publish","type":"product","link":"https:\/\/vapemaison.com\/de\/product\/bang-pi-10k-puffs-disposable-vape\/","title":{"rendered":"Bang PI 10k Puffs LED-Display Einweg-Vape"},"content":{"rendered":"<p>Die <strong>Bang PI 10k Puffs <\/strong> Disposable Vape liefert bis zu <strong><a href=\"https:\/\/vapemaison.com\/product-category\/puffs-count\/10k-puffs\/\">10k Puste<\/a><\/strong>, und sorgt so f\u00fcr ein lang anhaltendes und befriedigendes Dampferlebnis. Ausgestattet mit einem <strong>500mAh wiederaufladbare Batterie<\/strong> und <strong>15ml vorgef\u00fcllter E-Saft<\/strong>, Mit jedem Zug sorgt er f\u00fcr gleichm\u00e4\u00dfigen und konsistenten Dampf. Die <strong>LED-Anzeige<\/strong> h\u00e4lt Sie \u00fcber den F\u00fcllstand Ihres Akkus und Ihres E-Liquids auf dem Laufenden und sorgt so f\u00fcr zus\u00e4tzlichen Komfort beim Dampfen. W\u00e4hlen Sie aus <strong>10 schmackhafte Optionen<\/strong> und passen Sie Ihr Erlebnis mit Nikotinst\u00e4rken von <strong>0%, 2%, 3% und 5%<\/strong>. Verpackt in S\u00e4tzen von <strong>10 Vapes pro Displaykarton<\/strong>, Dieses Ger\u00e4t eignet sich sowohl f\u00fcr den pers\u00f6nlichen Gebrauch als auch f\u00fcr den Austausch mit Freunden.<\/p>\n\n\n\n<h3 class=\"wp-block-heading\">Bang PI 10k Puffs <strong>Wesentliche Merkmale<\/strong><\/h3>\n\n\n\n<ul class=\"wp-block-list\">\n<li><strong>E-Fl\u00fcssigkeit Kapazit\u00e4t<\/strong>: <strong>15ml vorgef\u00fcllt<\/strong><\/li>\n\n\n\n<li><strong>Nikotinst\u00e4rke<\/strong>: <strong>0%, 2%, 3%, 5%<\/strong><\/li>\n\n\n\n<li><strong>Batterie<\/strong>: <strong>500mAh wiederaufladbar<\/strong><\/li>\n\n\n\n<li><strong>Anzeige<\/strong>: <strong>LED-Anzeige<\/strong> f\u00fcr Batterie- und E-Liquid-Status<\/li>\n\n\n\n<li><strong>Verpackung<\/strong>: <strong>10 Vapes pro Displaykarton<\/strong><\/li>\n<\/ul>\n\n\n\n<h3 class=\"wp-block-heading\"><strong>Geschmacksliste<\/strong><\/h3>\n\n\n\n<ul class=\"wp-block-list\">\n<li>Pfirsich Mango Wassermelone<\/li>\n\n\n\n<li>Erdbeer-Kiwi<\/li>\n\n\n\n<li>Americano<\/li>\n\n\n\n<li>Mango-Eiscreme<\/li>\n\n\n\n<li>Wassermelone Eis<\/li>\n\n\n\n<li>Saurer Apfel-Himbeere<\/li>\n\n\n\n<li>Kiwi Passionsfrucht Guave<\/li>\n\n\n\n<li>Erdbeere Wassermelone<\/li>\n\n\n\n<li>K\u00f6nigliches Traubeneis<\/li>\n\n\n\n<li>Blaubeereis<\/li>\n<\/ul>\n\n\n\n<p>Fans von Bang-Produkten erkunden oft unser gesamtes Sortiment, um ihr perfektes Vape zu finden. Beginnen Sie mit dem <a href=\"https:\/\/vapemaison.com\">Homepage<\/a>, entdecken Sie alle Produkte in unserem <a href=\"https:\/\/vapemaison.com\/shop\">Shop<\/a>, oder tauchen Sie ein in die <a href=\"https:\/\/vapemaison.com\/brand\/bang\">Marke Bang<\/a> Seite, um das gesamte Programm zu sehen. Suchen Sie etwas anderes? Unser <a href=\"https:\/\/vapemaison.com\/brand\/waspe\">WASPE-Kollektion<\/a> und <a href=\"https:\/\/vapemaison.com\/product-category\/puffs-count\/\">Kategorie Puffs<\/a> haben eine Vielzahl von Optionen f\u00fcr jeden Vaper.<\/p>","protected":false},"excerpt":{"rendered":"<div id=\"model-response-message-contentr_7a2668d875d9bfa0\" class=\"markdown markdown-main-panel stronger enable-updated-hr-color\" dir=\"ltr\" aria-live=\"polite\" aria-busy=\"false\">\n<p data-path-to-node=\"0\">Genie\u00dfen Sie 10.000 sanfte Z\u00fcge und eine klare LED-Anzeige f\u00fcr die Echtzeit-\u00dcberwachung von Batterie und Liquid in einem kompakten, 15ml vorgef\u00fcllten Design. W\u00e4hlen Sie noch heute Ihre Lieblingsgeschmacksrichtung und Nikotinst\u00e4rke und sichern Sie sich diesen zuverl\u00e4ssigen Alltagsdampfer, solange unser aktueller Lagerbestand und der Sonderversand verf\u00fcgbar sind.<\/p>\n<\/div>","protected":false},"featured_media":17441,"comment_status":"open","ping_status":"closed","template":"","meta":[],"product_brand":[57],"product_cat":[132],"product_tag":[],"class_list":{"0":"post-17400","1":"product","2":"type-product","3":"status-publish","4":"has-post-thumbnail","6":"product_brand-bang","7":"product_cat-10k-puffs","9":"first","10":"instock","11":"sale","12":"shipping-taxable","13":"purchasable","14":"product-type-variable"},"yoast_head":"<!-- This site is optimized with the Yoast SEO plugin v27.4 - https:\/\/yoast.com\/product\/yoast-seo-wordpress\/ -->\n<title>Bang PI 10k Puffs Disposable Vape \u2013 with LED Display - VapeMaison<\/title>\n<meta name=\"description\" content=\"Enjoy 10k puffs with the Bang PI10000 Vape. Featuring 15ml e-liquid, 10 flavors, and an LED display for battery and e-liquid levels.\" \/>\n<meta name=\"robots\" content=\"index, follow, max-snippet:-1, max-image-preview:large, max-video-preview:-1\" \/>\n<link rel=\"canonical\" href=\"https:\/\/vapemaison.com\/de\/product\/bang-pi-10k-puffs-wegwerfbares-vape\/\" \/>\n<meta property=\"og:locale\" content=\"de_DE\" \/>\n<meta property=\"og:type\" content=\"article\" \/>\n<meta property=\"og:title\" content=\"Bang PI 10k Puffs Disposable Vape \u2013 with LED Display - VapeMaison\" \/>\n<meta property=\"og:description\" content=\"Enjoy 10k puffs with the Bang PI10000 Vape. Featuring 15ml e-liquid, 10 flavors, and an LED display for battery and e-liquid levels.\" \/>\n<meta property=\"og:url\" content=\"https:\/\/vapemaison.com\/de\/product\/bang-pi-10k-puffs-wegwerfbares-vape\/\" \/>\n<meta property=\"og:site_name\" content=\"VapeMaison\" \/>\n<meta property=\"article:modified_time\" content=\"2025-12-22T09:18:46+00:00\" \/>\n<meta property=\"og:image\" content=\"https:\/\/vapemaison.com\/wp-content\/uploads\/2025\/12\/vape-bang-PI10000-puffs-00001.webp\" \/>\n\t<meta property=\"og:image:width\" content=\"800\" \/>\n\t<meta property=\"og:image:height\" content=\"800\" \/>\n\t<meta property=\"og:image:type\" content=\"image\/webp\" \/>\n<meta name=\"twitter:card\" content=\"summary_large_image\" \/>\n<meta name=\"twitter:label1\" content=\"Gesch\u00e4tzte Lesezeit\" \/>\n\t<meta name=\"twitter:data1\" content=\"1\u00a0Minute\" \/>\n<!-- \/ Yoast SEO plugin. -->","yoast_head_json":{"title":"Bang PI 10k Puffs Einweg Vape - mit LED Anzeige - VapeMaison","description":"Genie\u00dfen Sie 10k Z\u00fcge mit dem Bang PI10000 Vape. Ausgestattet mit 15ml E-Liquid, 10 Geschmacksrichtungen und einer LED-Anzeige f\u00fcr Batterie- und E-Liquidstand.","robots":{"index":"index","follow":"follow","max-snippet":"max-snippet:-1","max-image-preview":"max-image-preview:large","max-video-preview":"max-video-preview:-1"},"canonical":"https:\/\/vapemaison.com\/de\/product\/bang-pi-10k-puffs-wegwerfbares-vape\/","og_locale":"de_DE","og_type":"article","og_title":"Bang PI 10k Puffs Disposable Vape \u2013 with LED Display - VapeMaison","og_description":"Enjoy 10k puffs with the Bang PI10000 Vape. Featuring 15ml e-liquid, 10 flavors, and an LED display for battery and e-liquid levels.","og_url":"https:\/\/vapemaison.com\/de\/product\/bang-pi-10k-puffs-wegwerfbares-vape\/","og_site_name":"VapeMaison","article_modified_time":"2025-12-22T09:18:46+00:00","og_image":[{"width":800,"height":800,"url":"https:\/\/vapemaison.com\/wp-content\/uploads\/2025\/12\/vape-bang-PI10000-puffs-00001.webp","type":"image\/webp"}],"twitter_card":"summary_large_image","twitter_misc":{"Gesch\u00e4tzte Lesezeit":"1\u00a0Minute"},"schema":{"@context":"https:\/\/schema.org","@graph":[{"@type":"WebPage","@id":"https:\/\/vapemaison.com\/product\/bang-pi-10k-puffs-disposable-vape\/","url":"https:\/\/vapemaison.com\/product\/bang-pi-10k-puffs-disposable-vape\/","name":"Bang PI 10k Puffs Einweg Vape - mit LED Anzeige - VapeMaison","isPartOf":{"@id":"https:\/\/vapemaison.com\/#website"},"primaryImageOfPage":{"@id":"https:\/\/vapemaison.com\/product\/bang-pi-10k-puffs-disposable-vape\/#primaryimage"},"image":{"@id":"https:\/\/vapemaison.com\/product\/bang-pi-10k-puffs-disposable-vape\/#primaryimage"},"thumbnailUrl":"https:\/\/vapemaison.com\/wp-content\/uploads\/2025\/12\/vape-bang-PI10000-puffs-00001.webp","datePublished":"2025-12-12T06:23:43+00:00","dateModified":"2025-12-22T09:18:46+00:00","description":"Genie\u00dfen Sie 10k Z\u00fcge mit dem Bang PI10000 Vape. Ausgestattet mit 15ml E-Liquid, 10 Geschmacksrichtungen und einer LED-Anzeige f\u00fcr Batterie- und E-Liquidstand.","breadcrumb":{"@id":"https:\/\/vapemaison.com\/product\/bang-pi-10k-puffs-disposable-vape\/#breadcrumb"},"inLanguage":"de","potentialAction":[{"@type":"ReadAction","target":["https:\/\/vapemaison.com\/product\/bang-pi-10k-puffs-disposable-vape\/"]}]},{"@type":"ImageObject","inLanguage":"de","@id":"https:\/\/vapemaison.com\/product\/bang-pi-10k-puffs-disposable-vape\/#primaryimage","url":"https:\/\/vapemaison.com\/wp-content\/uploads\/2025\/12\/vape-bang-PI10000-puffs-00001.webp","contentUrl":"https:\/\/vapemaison.com\/wp-content\/uploads\/2025\/12\/vape-bang-PI10000-puffs-00001.webp","width":800,"height":800,"caption":"vape-bang-PI10000-puffs-00001"},{"@type":"BreadcrumbList","@id":"https:\/\/vapemaison.com\/product\/bang-pi-10k-puffs-disposable-vape\/#breadcrumb","itemListElement":[{"@type":"ListItem","position":1,"name":"\u9996\u9875","item":"https:\/\/vapemaison.com\/"},{"@type":"ListItem","position":2,"name":"Shop","item":"https:\/\/vapemaison.com\/shop\/"},{"@type":"ListItem","position":3,"name":"Bang","item":"https:\/\/vapemaison.com\/brand\/bang\/"},{"@type":"ListItem","position":4,"name":"Bang PI 10k Puffs LED Display Disposable Vape"}]},{"@type":"WebSite","@id":"https:\/\/vapemaison.com\/#website","url":"https:\/\/vapemaison.com\/","name":"VapeMaison","description":"Premium Vaping-Ger\u00e4te und Zubeh\u00f6r","publisher":{"@id":"https:\/\/vapemaison.com\/#organization"},"potentialAction":[{"@type":"SearchAction","target":{"@type":"EntryPoint","urlTemplate":"https:\/\/vapemaison.com\/?s={search_term_string}"},"query-input":{"@type":"PropertyValueSpecification","valueRequired":true,"valueName":"search_term_string"}}],"inLanguage":"de"},{"@type":"Organization","@id":"https:\/\/vapemaison.com\/#organization","name":"VapeMaison","url":"https:\/\/vapemaison.com\/","logo":{"@type":"ImageObject","inLanguage":"de","@id":"https:\/\/vapemaison.com\/#\/schema\/logo\/image\/","url":"https:\/\/vapemaison.com\/wp-content\/uploads\/2026\/01\/cropped-vapemaison-logo-g-2026.webp","contentUrl":"https:\/\/vapemaison.com\/wp-content\/uploads\/2026\/01\/cropped-vapemaison-logo-g-2026.webp","width":350,"height":280,"caption":"VapeMaison"},"image":{"@id":"https:\/\/vapemaison.com\/#\/schema\/logo\/image\/"},"sameAs":["https:\/\/www.youtube.com\/@VapeMaison"]}]}},"tiered_pricing_type":"fixed","tiered_pricing_fixed_rules":{"30":"6.99","50":"6.54","100":"5.99","200":"5.69"},"tiered_pricing_product_settings":{"layout":"default","base_unit_name":{"singular":null,"plural":null},"default_variation":null},"tiered_pricing_minimum_quantity":10,"tiered_pricing_roles_data":[],"tiered_pricing_percentage_rules":[],"tiered_pricing_maximum_quantity":null,"tiered_pricing_quantity_step":"10","_links":{"self":[{"href":"https:\/\/vapemaison.com\/de\/wp-json\/wp\/v2\/product\/17400","targetHints":{"allow":["GET"]}}],"collection":[{"href":"https:\/\/vapemaison.com\/de\/wp-json\/wp\/v2\/product"}],"about":[{"href":"https:\/\/vapemaison.com\/de\/wp-json\/wp\/v2\/types\/product"}],"replies":[{"embeddable":true,"href":"https:\/\/vapemaison.com\/de\/wp-json\/wp\/v2\/comments?post=17400"}],"version-history":[{"count":0,"href":"https:\/\/vapemaison.com\/de\/wp-json\/wp\/v2\/product\/17400\/revisions"}],"wp:featuredmedia":[{"embeddable":true,"href":"https:\/\/vapemaison.com\/de\/wp-json\/wp\/v2\/media\/17441"}],"wp:attachment":[{"href":"https:\/\/vapemaison.com\/de\/wp-json\/wp\/v2\/media?parent=17400"}],"wp:term":[{"taxonomy":"product_brand","embeddable":true,"href":"https:\/\/vapemaison.com\/de\/wp-json\/wp\/v2\/product_brand?post=17400"},{"taxonomy":"product_cat","embeddable":true,"href":"https:\/\/vapemaison.com\/de\/wp-json\/wp\/v2\/product_cat?post=17400"},{"taxonomy":"product_tag","embeddable":true,"href":"https:\/\/vapemaison.com\/de\/wp-json\/wp\/v2\/product_tag?post=17400"}],"curies":[{"name":"wp","href":"https:\/\/api.w.org\/{rel}","templated":true}]}}