

{"id":17454,"date":"2025-12-12T06:39:43","date_gmt":"2025-12-12T06:39:43","guid":{"rendered":"https:\/\/vapemaison.com\/?post_type=product&#038;p=17454"},"modified":"2025-12-22T09:18:42","modified_gmt":"2025-12-22T09:18:42","slug":"bang-shisha-15000-puffs-wegwerfbare-vape","status":"publish","type":"product","link":"https:\/\/vapemaison.com\/de\/product\/bang-shisha-15000-puffs-disposable-vape\/","title":{"rendered":"Bang SHISHA 15000 Puffs Einweg-Vape"},"content":{"rendered":"<p>Die <strong>Bang SHISHA 15000 Puffs<\/strong> Die elektronische Einwegzigarette wurde f\u00fcr diejenigen entwickelt, die ein eindringliches <strong>Direkt zur Lunge (DTL)<\/strong> Vaping-Erlebnis. Mit einer beeindruckenden <strong>15.000 Z\u00fcge<\/strong>, ist dieses Ger\u00e4t auf lang anhaltende Freude ausgelegt. Es verf\u00fcgt \u00fcber eine hohe Kapazit\u00e4t <strong>600mAh-Akku<\/strong> und eine gro\u00dfz\u00fcgige <strong>23ml \u00d6leinspritzmenge<\/strong>, und erm\u00f6glicht so l\u00e4ngere Vaping-Sessions ohne h\u00e4ufiges Nachf\u00fcllen.<\/p>\n\n\n\n<p>Erh\u00e4ltlich mit anpassbaren Nikotinst\u00e4rken von <strong>0%, 2%, 3% und 5%<\/strong>, Dieser Verdampfer ist f\u00fcr verschiedene Vorlieben geeignet und liefert einen sanften und befriedigenden Lungenzug. Die <strong>18 schmackhafte Optionen<\/strong> bieten eine breite Palette an Produkten f\u00fcr jeden Geschmack. Ob Sie sich nun nach einem fruchtigen Erlebnis oder einem erfrischenden Eiskick sehnen, die <strong>Bang SHISHA<\/strong> sorgt f\u00fcr ein erf\u00fcllendes Dampferlebnis. Perfekt f\u00fcr diejenigen, die bevorzugen <strong>DTL<\/strong> Sie vereint Leistung, Komfort und Geschmack in einem schlanken Design.<\/p>\n\n\n\n<h3 class=\"wp-block-heading\"><strong>Wesentliche Merkmale<\/strong><\/h3>\n\n\n\n<figure class=\"wp-block-table\"><table class=\"has-fixed-layout\"><thead><tr><th><strong>Merkmal<\/strong><\/th><th><strong>Spezifikation<\/strong><\/th><\/tr><\/thead><tbody><tr><td><strong>Puffs<\/strong><\/td><td>Bis zu <strong>15.000 Z\u00fcge<\/strong><\/td><\/tr><tr><td><strong>Batterie<\/strong><\/td><td><strong>600mAh wiederaufladbar<\/strong><\/td><\/tr><tr><td><strong>\u00d6leinspritzmenge<\/strong><\/td><td><strong>23ml vorgef\u00fcllt<\/strong><\/td><\/tr><tr><td><strong>Nikotinst\u00e4rke<\/strong><\/td><td><strong>0%, 2%, 3%, 5%<\/strong><\/td><\/tr><tr><td><strong>Vaping Typ<\/strong><\/td><td><strong>Direkt zur Lunge (DTL)<\/strong><\/td><\/tr><tr><td><strong>Geschm\u00e4cker<\/strong><\/td><td><strong>18 verschiedene Optionen<\/strong><\/td><\/tr><\/tbody><\/table><\/figure>\n\n\n\n<h3 class=\"wp-block-heading\"><strong>Geschmacksliste<\/strong><\/h3>\n\n\n\n<ul class=\"wp-block-list\">\n<li>Blaubeereis<\/li>\n\n\n\n<li>Blaues Razzeis<\/li>\n\n\n\n<li>Kirsche Wassermelone<\/li>\n\n\n\n<li>Gefrorener Apfel<\/li>\n\n\n\n<li>Kaugummi-Minze<\/li>\n\n\n\n<li>Mango-Banane<\/li>\n\n\n\n<li>Mix Beereneis<\/li>\n\n\n\n<li>Ananas-Kokosnuss<\/li>\n\n\n\n<li>Roter Beeren-Slush<\/li>\n\n\n\n<li>Kiwi Passionsfrucht Guave<\/li>\n\n\n\n<li>Cranberry Traube<\/li>\n\n\n\n<li>Erdbeereis<\/li>\n\n\n\n<li>Erdbeer-Kiwi<\/li>\n\n\n\n<li>Erdbeer-Himbeer-Bonbon<\/li>\n\n\n\n<li>Wassermelone Eis<\/li>\n\n\n\n<li>Saftige Pfirsiche<\/li>\n\n\n\n<li>Pfirsich Mango Wassermelone<\/li>\n\n\n\n<li>Wassermelone Erdbeere Kaugummi<\/li>\n<\/ul>\n\n\n\n<p>Fans von Bang-Produkten erkunden oft unser gesamtes Sortiment, um ihr perfektes Vape zu finden. Beginnen Sie mit dem <a href=\"https:\/\/vapemaison.com\">Homepage<\/a>, entdecken Sie alle Produkte in unserem <a href=\"https:\/\/vapemaison.com\/shop\">Shop<\/a>, oder tauchen Sie ein in die <a href=\"https:\/\/vapemaison.com\/brand\/bang\">Marke Bang<\/a> Seite, um das gesamte Programm zu sehen. Suchen Sie etwas anderes? Unser <a href=\"https:\/\/vapemaison.com\/brand\/waspe\">WASPE-Kollektion<\/a> und <a href=\"https:\/\/vapemaison.com\/product-category\/puffs-count\/\">Kategorie Puffs<\/a> haben eine Vielzahl von Optionen f\u00fcr jeden Vaper.<\/p>","protected":false},"excerpt":{"rendered":"<div id=\"model-response-message-contentr_ea460eeb7b56c70d\" class=\"markdown markdown-main-panel stronger enable-updated-hr-color\" dir=\"ltr\" aria-live=\"polite\" aria-busy=\"false\">\n<p data-path-to-node=\"0\">Tauchen Sie ein in ein intensives DTL-Erlebnis mit 15.000 Z\u00fcgen und einem massiven 23-ml-Reservoir, das f\u00fcr tiefe, geschmacksintensive Wolken sorgt. W\u00e4hlen Sie aus 18 erstklassigen, von der Shisha inspirierten Geschmacksrichtungen und sichern Sie sich noch heute Ihre bevorzugte Nikotinst\u00e4rke, um von unseren aktuellen Gro\u00dfeinkaufsvorteilen und der schnellen internationalen Lieferung zu profitieren.<\/p>\n<\/div>","protected":false},"featured_media":17506,"comment_status":"open","ping_status":"closed","template":"","meta":[],"product_brand":[57],"product_cat":[167],"product_tag":[],"class_list":{"0":"post-17454","1":"product","2":"type-product","3":"status-publish","4":"has-post-thumbnail","6":"product_brand-bang","7":"product_cat-15k-puffs","9":"first","10":"instock","11":"sale","12":"shipping-taxable","13":"purchasable","14":"product-type-variable"},"yoast_head":"<!-- This site is optimized with the Yoast SEO plugin v27.4 - https:\/\/yoast.com\/product\/yoast-seo-wordpress\/ -->\n<title>Bang SHISHA 15000 Puffs Disposable Vape \u2013 To Lung Experience - VapeMaison<\/title>\n<meta name=\"description\" content=\"Enjoy 15,000 puffs with the Bang SHISHA Vape. 23ml e-liquid, 18 flavors, and customizable nicotine options. Perfect for Direct To Lung (DTL) vaping.\" \/>\n<meta name=\"robots\" content=\"index, follow, max-snippet:-1, max-image-preview:large, max-video-preview:-1\" \/>\n<link rel=\"canonical\" href=\"https:\/\/vapemaison.com\/de\/product\/bang-shisha-15000-puffs-wegwerfbare-vape\/\" \/>\n<meta property=\"og:locale\" content=\"de_DE\" \/>\n<meta property=\"og:type\" content=\"article\" \/>\n<meta property=\"og:title\" content=\"Bang SHISHA 15000 Puffs Disposable Vape \u2013 To Lung Experience - VapeMaison\" \/>\n<meta property=\"og:description\" content=\"Enjoy 15,000 puffs with the Bang SHISHA Vape. 23ml e-liquid, 18 flavors, and customizable nicotine options. Perfect for Direct To Lung (DTL) vaping.\" \/>\n<meta property=\"og:url\" content=\"https:\/\/vapemaison.com\/de\/product\/bang-shisha-15000-puffs-wegwerfbare-vape\/\" \/>\n<meta property=\"og:site_name\" content=\"VapeMaison\" \/>\n<meta property=\"article:modified_time\" content=\"2025-12-22T09:18:42+00:00\" \/>\n<meta property=\"og:image\" content=\"https:\/\/vapemaison.com\/wp-content\/uploads\/2025\/12\/vape-bang-shi-sha-15000-puffs-1.webp\" \/>\n\t<meta property=\"og:image:width\" content=\"1000\" \/>\n\t<meta property=\"og:image:height\" content=\"1000\" \/>\n\t<meta property=\"og:image:type\" content=\"image\/webp\" \/>\n<meta name=\"twitter:card\" content=\"summary_large_image\" \/>\n<meta name=\"twitter:label1\" content=\"Gesch\u00e4tzte Lesezeit\" \/>\n\t<meta name=\"twitter:data1\" content=\"2\u00a0Minuten\" \/>\n<!-- \/ Yoast SEO plugin. -->","yoast_head_json":{"title":"Bang SHISHA 15000 Puffs Einweg Vape - Zur Lunge Erfahrung - VapeMaison","description":"Genie\u00dfen Sie 15.000 Z\u00fcge mit dem Bang SHISHA Vape. 23ml e-Fl\u00fcssigkeit, 18 Geschmacksrichtungen und anpassbare Nikotinoptionen. Perfekt f\u00fcr Direct To Lung (DTL) vaping.","robots":{"index":"index","follow":"follow","max-snippet":"max-snippet:-1","max-image-preview":"max-image-preview:large","max-video-preview":"max-video-preview:-1"},"canonical":"https:\/\/vapemaison.com\/de\/product\/bang-shisha-15000-puffs-wegwerfbare-vape\/","og_locale":"de_DE","og_type":"article","og_title":"Bang SHISHA 15000 Puffs Disposable Vape \u2013 To Lung Experience - VapeMaison","og_description":"Enjoy 15,000 puffs with the Bang SHISHA Vape. 23ml e-liquid, 18 flavors, and customizable nicotine options. Perfect for Direct To Lung (DTL) vaping.","og_url":"https:\/\/vapemaison.com\/de\/product\/bang-shisha-15000-puffs-wegwerfbare-vape\/","og_site_name":"VapeMaison","article_modified_time":"2025-12-22T09:18:42+00:00","og_image":[{"width":1000,"height":1000,"url":"https:\/\/vapemaison.com\/wp-content\/uploads\/2025\/12\/vape-bang-shi-sha-15000-puffs-1.webp","type":"image\/webp"}],"twitter_card":"summary_large_image","twitter_misc":{"Gesch\u00e4tzte Lesezeit":"2\u00a0Minuten"},"schema":{"@context":"https:\/\/schema.org","@graph":[{"@type":"WebPage","@id":"https:\/\/vapemaison.com\/product\/bang-shisha-15000-puffs-disposable-vape\/","url":"https:\/\/vapemaison.com\/product\/bang-shisha-15000-puffs-disposable-vape\/","name":"Bang SHISHA 15000 Puffs Einweg Vape - Zur Lunge Erfahrung - VapeMaison","isPartOf":{"@id":"https:\/\/vapemaison.com\/#website"},"primaryImageOfPage":{"@id":"https:\/\/vapemaison.com\/product\/bang-shisha-15000-puffs-disposable-vape\/#primaryimage"},"image":{"@id":"https:\/\/vapemaison.com\/product\/bang-shisha-15000-puffs-disposable-vape\/#primaryimage"},"thumbnailUrl":"https:\/\/vapemaison.com\/wp-content\/uploads\/2025\/12\/vape-bang-shi-sha-15000-puffs-1.webp","datePublished":"2025-12-12T06:39:43+00:00","dateModified":"2025-12-22T09:18:42+00:00","description":"Genie\u00dfen Sie 15.000 Z\u00fcge mit dem Bang SHISHA Vape. 23ml e-Fl\u00fcssigkeit, 18 Geschmacksrichtungen und anpassbare Nikotinoptionen. Perfekt f\u00fcr Direct To Lung (DTL) vaping.","breadcrumb":{"@id":"https:\/\/vapemaison.com\/product\/bang-shisha-15000-puffs-disposable-vape\/#breadcrumb"},"inLanguage":"de","potentialAction":[{"@type":"ReadAction","target":["https:\/\/vapemaison.com\/product\/bang-shisha-15000-puffs-disposable-vape\/"]}]},{"@type":"ImageObject","inLanguage":"de","@id":"https:\/\/vapemaison.com\/product\/bang-shisha-15000-puffs-disposable-vape\/#primaryimage","url":"https:\/\/vapemaison.com\/wp-content\/uploads\/2025\/12\/vape-bang-shi-sha-15000-puffs-1.webp","contentUrl":"https:\/\/vapemaison.com\/wp-content\/uploads\/2025\/12\/vape-bang-shi-sha-15000-puffs-1.webp","width":1000,"height":1000,"caption":"Vape Bang Shi Sha Puffs view 2"},{"@type":"BreadcrumbList","@id":"https:\/\/vapemaison.com\/product\/bang-shisha-15000-puffs-disposable-vape\/#breadcrumb","itemListElement":[{"@type":"ListItem","position":1,"name":"\u9996\u9875","item":"https:\/\/vapemaison.com\/"},{"@type":"ListItem","position":2,"name":"Shop","item":"https:\/\/vapemaison.com\/shop\/"},{"@type":"ListItem","position":3,"name":"Bang","item":"https:\/\/vapemaison.com\/brand\/bang\/"},{"@type":"ListItem","position":4,"name":"Bang SHISHA 15000 Puffs Disposable Vape"}]},{"@type":"WebSite","@id":"https:\/\/vapemaison.com\/#website","url":"https:\/\/vapemaison.com\/","name":"VapeMaison","description":"Premium Vaping-Ger\u00e4te und Zubeh\u00f6r","publisher":{"@id":"https:\/\/vapemaison.com\/#organization"},"potentialAction":[{"@type":"SearchAction","target":{"@type":"EntryPoint","urlTemplate":"https:\/\/vapemaison.com\/?s={search_term_string}"},"query-input":{"@type":"PropertyValueSpecification","valueRequired":true,"valueName":"search_term_string"}}],"inLanguage":"de"},{"@type":"Organization","@id":"https:\/\/vapemaison.com\/#organization","name":"VapeMaison","url":"https:\/\/vapemaison.com\/","logo":{"@type":"ImageObject","inLanguage":"de","@id":"https:\/\/vapemaison.com\/#\/schema\/logo\/image\/","url":"https:\/\/vapemaison.com\/wp-content\/uploads\/2026\/01\/cropped-vapemaison-logo-g-2026.webp","contentUrl":"https:\/\/vapemaison.com\/wp-content\/uploads\/2026\/01\/cropped-vapemaison-logo-g-2026.webp","width":350,"height":280,"caption":"VapeMaison"},"image":{"@id":"https:\/\/vapemaison.com\/#\/schema\/logo\/image\/"},"sameAs":["https:\/\/www.youtube.com\/@VapeMaison"]}]}},"tiered_pricing_type":"fixed","tiered_pricing_fixed_rules":{"30":"7.99","50":"7.36","100":"6.78","200":"6.24"},"tiered_pricing_product_settings":{"layout":"default","base_unit_name":{"singular":null,"plural":null},"default_variation":null},"tiered_pricing_minimum_quantity":10,"tiered_pricing_roles_data":[],"tiered_pricing_percentage_rules":[],"tiered_pricing_maximum_quantity":null,"tiered_pricing_quantity_step":"10","_links":{"self":[{"href":"https:\/\/vapemaison.com\/de\/wp-json\/wp\/v2\/product\/17454","targetHints":{"allow":["GET"]}}],"collection":[{"href":"https:\/\/vapemaison.com\/de\/wp-json\/wp\/v2\/product"}],"about":[{"href":"https:\/\/vapemaison.com\/de\/wp-json\/wp\/v2\/types\/product"}],"replies":[{"embeddable":true,"href":"https:\/\/vapemaison.com\/de\/wp-json\/wp\/v2\/comments?post=17454"}],"version-history":[{"count":0,"href":"https:\/\/vapemaison.com\/de\/wp-json\/wp\/v2\/product\/17454\/revisions"}],"wp:featuredmedia":[{"embeddable":true,"href":"https:\/\/vapemaison.com\/de\/wp-json\/wp\/v2\/media\/17506"}],"wp:attachment":[{"href":"https:\/\/vapemaison.com\/de\/wp-json\/wp\/v2\/media?parent=17454"}],"wp:term":[{"taxonomy":"product_brand","embeddable":true,"href":"https:\/\/vapemaison.com\/de\/wp-json\/wp\/v2\/product_brand?post=17454"},{"taxonomy":"product_cat","embeddable":true,"href":"https:\/\/vapemaison.com\/de\/wp-json\/wp\/v2\/product_cat?post=17454"},{"taxonomy":"product_tag","embeddable":true,"href":"https:\/\/vapemaison.com\/de\/wp-json\/wp\/v2\/product_tag?post=17454"}],"curies":[{"name":"wp","href":"https:\/\/api.w.org\/{rel}","templated":true}]}}