

{"id":17515,"date":"2025-12-12T07:19:29","date_gmt":"2025-12-12T07:19:29","guid":{"rendered":"https:\/\/vapemaison.com\/?post_type=product&#038;p=17515"},"modified":"2025-12-22T09:18:36","modified_gmt":"2025-12-22T09:18:36","slug":"bang-king-15000-puffs-wegwerfbares-vape-2","status":"publish","type":"product","link":"https:\/\/vapemaison.com\/de\/product\/bang-king-15000-puffs-disposable-vape-2\/","title":{"rendered":"Bang King 15000 Puffs Einweg-Vape"},"content":{"rendered":"<p>Die <strong>Bang King 15000 Puffs<\/strong> Disposable Vape ist ein meistverkauftes Ger\u00e4t, das f\u00fcr seine hervorragende Leistung und lang anhaltende Zufriedenheit bekannt ist. Ausgestattet mit einem <strong>Eingebauter, wiederaufladbarer 650mAh-Akku<\/strong>, Er gew\u00e4hrleistet eine zuverl\u00e4ssige und gleichm\u00e4\u00dfige Stromversorgung w\u00e4hrend jeder Sitzung, w\u00e4hrend seine <strong>25ml vorgef\u00fcllter E-Saft<\/strong> bietet einen ausreichenden Vorrat f\u00fcr eine l\u00e4ngere Nutzung.<\/p>\n\n\n\n<p>Der auf Flexibilit\u00e4t ausgelegte <strong>K\u00f6nig Bang<\/strong> erm\u00f6glicht es Ihnen, Ihr Dampferlebnis individuell zu gestalten mit <strong>einstellbarer Luftstrom<\/strong>, Sie bietet sowohl eine hohe Geschmacksintensit\u00e4t als auch eine sanfte Dampferzeugung. Sie bietet eine breite Palette von Vorlieben mit Nikotinwerten von <strong>0% bis 5%<\/strong>, Das macht ihn ideal f\u00fcr Nikotinliebhaber und diejenigen, die einen nikotinfreien Vape suchen.<\/p>\n\n\n\n<p>Mit einer beeindruckenden <strong>15.000 Z\u00fcge<\/strong>, Dieses Ger\u00e4t garantiert eine lang anhaltende, angenehme Erfahrung und ist perfekt f\u00fcr Dampfer, die Zuverl\u00e4ssigkeit und Komfort in einem schlanken, einfach zu bedienenden Design sch\u00e4tzen.<\/p>\n\n\n\n<h3 class=\"wp-block-heading\"><strong>Wesentliche Merkmale<\/strong><\/h3>\n\n\n\n<figure class=\"wp-block-table\"><table class=\"has-fixed-layout\"><thead><tr><th><strong>Merkmal<\/strong><\/th><th><strong>Spezifikation<\/strong><\/th><\/tr><\/thead><tbody><tr><td><strong>Batterie<\/strong><\/td><td><strong>650mAh Eingebaut und wiederaufladbar<\/strong><\/td><\/tr><tr><td><strong>E-Saft Kapazit\u00e4t<\/strong><\/td><td><strong>25ml vorgef\u00fcllt<\/strong><\/td><\/tr><tr><td><strong>Puffs<\/strong><\/td><td>Bis zu <strong>15.000 Z\u00fcge<\/strong><\/td><\/tr><tr><td><strong>Nikotinst\u00e4rke<\/strong><\/td><td><strong>0%, 2%, 3%, 5%<\/strong><\/td><\/tr><tr><td><strong>Einstellbarer Luftstrom<\/strong><\/td><td>Ja<\/td><\/tr><tr><td><strong>Leistung<\/strong><\/td><td><strong>Effiziente und konsistente Leistungsabgabe<\/strong><\/td><\/tr><tr><td><strong>Ideal f\u00fcr<\/strong><\/td><td><strong>Lang anhaltendes und anpassbares Dampfen<\/strong><\/td><\/tr><\/tbody><\/table><\/figure>\n\n\n\n<h3 class=\"wp-block-heading\"><strong>Geschmacksliste<\/strong><\/h3>\n\n\n\n<ol class=\"wp-block-list\">\n<li>Erdbeere Wassermelone<\/li>\n\n\n\n<li>Dreifach-Beereneis<\/li>\n\n\n\n<li>\u00dcppiges Eis<\/li>\n\n\n\n<li>Pfirsich-Eis<\/li>\n\n\n\n<li>Erdbeer-Kiwi<\/li>\n\n\n\n<li>Blaues Razzeis<\/li>\n\n\n\n<li>Aloe Traube<\/li>\n\n\n\n<li>Pfirsich-Mango<\/li>\n\n\n\n<li>Doppelter Apfel<\/li>\n\n\n\n<li>Tropische Fr\u00fcchte<\/li>\n\n\n\n<li>Erdbeere-Banane<\/li>\n\n\n\n<li>Kiwi Passionsfrucht Guave<\/li>\n\n\n\n<li>Saurer Apfel Razberry<\/li>\n\n\n\n<li>Wassermelone Bubblegum<\/li>\n\n\n\n<li>Erdbeer-Joghurt<\/li>\n\n\n\n<li>Schwarzer Drache Eis<\/li>\n\n\n\n<li>Rosa Limonade<\/li>\n\n\n\n<li>Kirsche Pop<\/li>\n\n\n\n<li>K\u00fchle Minze<\/li>\n\n\n\n<li>Zuckerwatte<\/li>\n<\/ol>\n\n\n\n<p>Fans von Bang-Produkten erkunden oft unser gesamtes Sortiment, um ihr perfektes Vape zu finden. Beginnen Sie mit dem <a href=\"https:\/\/vapemaison.com\">Homepage<\/a>, entdecken Sie alle Produkte in unserem <a href=\"https:\/\/vapemaison.com\/shop\">Shop<\/a>, oder tauchen Sie ein in die <a href=\"https:\/\/vapemaison.com\/brand\/bang\">Marke Bang<\/a> Seite, um das gesamte Programm zu sehen. Suchen Sie etwas anderes? Unser <a href=\"https:\/\/vapemaison.com\/brand\/waspe\">WASPE-Kollektion<\/a> und <a href=\"https:\/\/vapemaison.com\/product-category\/puffs-count\/\">Kategorie Puffs<\/a> haben eine Vielzahl von Optionen f\u00fcr jeden Vaper.<\/p>","protected":false},"excerpt":{"rendered":"<p><span class=\"\">Erleben Sie den meistverkauften Bang King 15000,<\/span><span class=\"\"> mit einem Fassungsverm\u00f6gen von 25 ml und einstellbarer Luftzufuhr f\u00fcr einen ganz individuellen Geschmack,<\/span><span class=\"\"> sanftes Dampferlebnis.<\/span><\/p>","protected":false},"featured_media":17516,"comment_status":"open","ping_status":"closed","template":"","meta":[],"product_brand":[57],"product_cat":[167],"product_tag":[],"class_list":{"0":"post-17515","1":"product","2":"type-product","3":"status-publish","4":"has-post-thumbnail","6":"product_brand-bang","7":"product_cat-15k-puffs","9":"first","10":"instock","11":"sale","12":"shipping-taxable","13":"purchasable","14":"product-type-variable"},"yoast_head":"<!-- This site is optimized with the Yoast SEO plugin v27.4 - https:\/\/yoast.com\/product\/yoast-seo-wordpress\/ -->\n<title>Bang King 15000 Puffs Disposable Vape - VapeMaison<\/title>\n<meta name=\"description\" content=\"Enjoy 15,000 puffs with the Bang King Vape. Featuring a 25ml e-juice capacity, and 20 delicious flavors. Rechargeable with 0%-5% nicotine options.\" \/>\n<meta name=\"robots\" content=\"index, follow, max-snippet:-1, max-image-preview:large, max-video-preview:-1\" \/>\n<link rel=\"canonical\" href=\"https:\/\/vapemaison.com\/de\/product\/bang-king-15000-puffs-wegwerfbares-vape-2\/\" \/>\n<meta property=\"og:locale\" content=\"de_DE\" \/>\n<meta property=\"og:type\" content=\"article\" \/>\n<meta property=\"og:title\" content=\"Bang King 15000 Puffs Disposable Vape - VapeMaison\" \/>\n<meta property=\"og:description\" content=\"Enjoy 15,000 puffs with the Bang King Vape. Featuring a 25ml e-juice capacity, and 20 delicious flavors. Rechargeable with 0%-5% nicotine options.\" \/>\n<meta property=\"og:url\" content=\"https:\/\/vapemaison.com\/de\/product\/bang-king-15000-puffs-wegwerfbares-vape-2\/\" \/>\n<meta property=\"og:site_name\" content=\"VapeMaison\" \/>\n<meta property=\"article:modified_time\" content=\"2025-12-22T09:18:36+00:00\" \/>\n<meta property=\"og:image\" content=\"https:\/\/vapemaison.com\/wp-content\/uploads\/2025\/12\/vape-bang-king-15000-puffs-1.webp\" \/>\n\t<meta property=\"og:image:width\" content=\"800\" \/>\n\t<meta property=\"og:image:height\" content=\"800\" \/>\n\t<meta property=\"og:image:type\" content=\"image\/webp\" \/>\n<meta name=\"twitter:card\" content=\"summary_large_image\" \/>\n<meta name=\"twitter:label1\" content=\"Gesch\u00e4tzte Lesezeit\" \/>\n\t<meta name=\"twitter:data1\" content=\"2\u00a0Minuten\" \/>\n<!-- \/ Yoast SEO plugin. -->","yoast_head_json":{"title":"Bang King 15000 Puffs Einweg Vape - VapeMaison","description":"Genie\u00dfe 15.000 Z\u00fcge mit dem Bang King Vape. Mit einer 25ml E-Saft-Kapazit\u00e4t und 20 k\u00f6stlichen Geschmacksrichtungen. Wiederaufladbar mit 0%-5% Nikotin Optionen.","robots":{"index":"index","follow":"follow","max-snippet":"max-snippet:-1","max-image-preview":"max-image-preview:large","max-video-preview":"max-video-preview:-1"},"canonical":"https:\/\/vapemaison.com\/de\/product\/bang-king-15000-puffs-wegwerfbares-vape-2\/","og_locale":"de_DE","og_type":"article","og_title":"Bang King 15000 Puffs Disposable Vape - VapeMaison","og_description":"Enjoy 15,000 puffs with the Bang King Vape. Featuring a 25ml e-juice capacity, and 20 delicious flavors. Rechargeable with 0%-5% nicotine options.","og_url":"https:\/\/vapemaison.com\/de\/product\/bang-king-15000-puffs-wegwerfbares-vape-2\/","og_site_name":"VapeMaison","article_modified_time":"2025-12-22T09:18:36+00:00","og_image":[{"width":800,"height":800,"url":"https:\/\/vapemaison.com\/wp-content\/uploads\/2025\/12\/vape-bang-king-15000-puffs-1.webp","type":"image\/webp"}],"twitter_card":"summary_large_image","twitter_misc":{"Gesch\u00e4tzte Lesezeit":"2\u00a0Minuten"},"schema":{"@context":"https:\/\/schema.org","@graph":[{"@type":"WebPage","@id":"https:\/\/vapemaison.com\/product\/bang-king-15000-puffs-disposable-vape-2\/","url":"https:\/\/vapemaison.com\/product\/bang-king-15000-puffs-disposable-vape-2\/","name":"Bang King 15000 Puffs Einweg Vape - VapeMaison","isPartOf":{"@id":"https:\/\/vapemaison.com\/#website"},"primaryImageOfPage":{"@id":"https:\/\/vapemaison.com\/product\/bang-king-15000-puffs-disposable-vape-2\/#primaryimage"},"image":{"@id":"https:\/\/vapemaison.com\/product\/bang-king-15000-puffs-disposable-vape-2\/#primaryimage"},"thumbnailUrl":"https:\/\/vapemaison.com\/wp-content\/uploads\/2025\/12\/vape-bang-king-15000-puffs-1.webp","datePublished":"2025-12-12T07:19:29+00:00","dateModified":"2025-12-22T09:18:36+00:00","description":"Genie\u00dfe 15.000 Z\u00fcge mit dem Bang King Vape. Mit einer 25ml E-Saft-Kapazit\u00e4t und 20 k\u00f6stlichen Geschmacksrichtungen. Wiederaufladbar mit 0%-5% Nikotin Optionen.","breadcrumb":{"@id":"https:\/\/vapemaison.com\/product\/bang-king-15000-puffs-disposable-vape-2\/#breadcrumb"},"inLanguage":"de","potentialAction":[{"@type":"ReadAction","target":["https:\/\/vapemaison.com\/product\/bang-king-15000-puffs-disposable-vape-2\/"]}]},{"@type":"ImageObject","inLanguage":"de","@id":"https:\/\/vapemaison.com\/product\/bang-king-15000-puffs-disposable-vape-2\/#primaryimage","url":"https:\/\/vapemaison.com\/wp-content\/uploads\/2025\/12\/vape-bang-king-15000-puffs-1.webp","contentUrl":"https:\/\/vapemaison.com\/wp-content\/uploads\/2025\/12\/vape-bang-king-15000-puffs-1.webp","width":800,"height":800,"caption":"Vape Bang King Puffs view 2"},{"@type":"BreadcrumbList","@id":"https:\/\/vapemaison.com\/product\/bang-king-15000-puffs-disposable-vape-2\/#breadcrumb","itemListElement":[{"@type":"ListItem","position":1,"name":"\u9996\u9875","item":"https:\/\/vapemaison.com\/"},{"@type":"ListItem","position":2,"name":"Shop","item":"https:\/\/vapemaison.com\/shop\/"},{"@type":"ListItem","position":3,"name":"Bang","item":"https:\/\/vapemaison.com\/brand\/bang\/"},{"@type":"ListItem","position":4,"name":"Bang King 15000 Puffs Disposable Vape"}]},{"@type":"WebSite","@id":"https:\/\/vapemaison.com\/#website","url":"https:\/\/vapemaison.com\/","name":"VapeMaison","description":"Premium Vaping-Ger\u00e4te und Zubeh\u00f6r","publisher":{"@id":"https:\/\/vapemaison.com\/#organization"},"potentialAction":[{"@type":"SearchAction","target":{"@type":"EntryPoint","urlTemplate":"https:\/\/vapemaison.com\/?s={search_term_string}"},"query-input":{"@type":"PropertyValueSpecification","valueRequired":true,"valueName":"search_term_string"}}],"inLanguage":"de"},{"@type":"Organization","@id":"https:\/\/vapemaison.com\/#organization","name":"VapeMaison","url":"https:\/\/vapemaison.com\/","logo":{"@type":"ImageObject","inLanguage":"de","@id":"https:\/\/vapemaison.com\/#\/schema\/logo\/image\/","url":"https:\/\/vapemaison.com\/wp-content\/uploads\/2026\/01\/cropped-vapemaison-logo-g-2026.webp","contentUrl":"https:\/\/vapemaison.com\/wp-content\/uploads\/2026\/01\/cropped-vapemaison-logo-g-2026.webp","width":350,"height":280,"caption":"VapeMaison"},"image":{"@id":"https:\/\/vapemaison.com\/#\/schema\/logo\/image\/"},"sameAs":["https:\/\/www.youtube.com\/@VapeMaison"]}]}},"tiered_pricing_type":"fixed","tiered_pricing_fixed_rules":{"30":"7.45","50":"7.12","100":"6.63","200":"6.12"},"tiered_pricing_product_settings":{"layout":"default","base_unit_name":{"singular":null,"plural":null},"default_variation":null},"tiered_pricing_minimum_quantity":10,"tiered_pricing_roles_data":[],"tiered_pricing_percentage_rules":[],"tiered_pricing_maximum_quantity":null,"tiered_pricing_quantity_step":"10","_links":{"self":[{"href":"https:\/\/vapemaison.com\/de\/wp-json\/wp\/v2\/product\/17515","targetHints":{"allow":["GET"]}}],"collection":[{"href":"https:\/\/vapemaison.com\/de\/wp-json\/wp\/v2\/product"}],"about":[{"href":"https:\/\/vapemaison.com\/de\/wp-json\/wp\/v2\/types\/product"}],"replies":[{"embeddable":true,"href":"https:\/\/vapemaison.com\/de\/wp-json\/wp\/v2\/comments?post=17515"}],"version-history":[{"count":0,"href":"https:\/\/vapemaison.com\/de\/wp-json\/wp\/v2\/product\/17515\/revisions"}],"wp:featuredmedia":[{"embeddable":true,"href":"https:\/\/vapemaison.com\/de\/wp-json\/wp\/v2\/media\/17516"}],"wp:attachment":[{"href":"https:\/\/vapemaison.com\/de\/wp-json\/wp\/v2\/media?parent=17515"}],"wp:term":[{"taxonomy":"product_brand","embeddable":true,"href":"https:\/\/vapemaison.com\/de\/wp-json\/wp\/v2\/product_brand?post=17515"},{"taxonomy":"product_cat","embeddable":true,"href":"https:\/\/vapemaison.com\/de\/wp-json\/wp\/v2\/product_cat?post=17515"},{"taxonomy":"product_tag","embeddable":true,"href":"https:\/\/vapemaison.com\/de\/wp-json\/wp\/v2\/product_tag?post=17515"}],"curies":[{"name":"wp","href":"https:\/\/api.w.org\/{rel}","templated":true}]}}