

{"id":17642,"date":"2025-12-12T07:56:29","date_gmt":"2025-12-12T07:56:29","guid":{"rendered":"https:\/\/vapemaison.com\/?post_type=product&#038;p=17642"},"modified":"2025-12-22T09:18:28","modified_gmt":"2025-12-22T09:18:28","slug":"bang-20000-puffs-fuhrte-anzeige-einweg-vape","status":"publish","type":"product","link":"https:\/\/vapemaison.com\/de\/product\/bang-20000-puffs-led-display-disposable-vape\/","title":{"rendered":"Bang 20000 Puffs LED Display Einweg Vape"},"content":{"rendered":"<p>Die <strong>Bang 20000 Puffs LED Display Einweg Vape<\/strong> wurde f\u00fcr ein hervorragendes Dampferlebnis entwickelt und bietet ein <strong>verbl\u00fcffende 20000 Z\u00fcge<\/strong> um sicherzustellen, dass Sie lange und m\u00fchelos dampfen k\u00f6nnen. Dieses innovative Ger\u00e4t wurde entwickelt, um weichen, geschmackvollen Dampf mit seinem <strong>0.8ohm Mesh-Spule<\/strong>, Dadurch wird ein gleichm\u00e4\u00dfiger und reichhaltiger Geschmack bei jedem Zug gew\u00e4hrleistet.<\/p>\n\n\n\n<p>Mit einer gro\u00dfz\u00fcgigen <strong>25ml e-Fl\u00fcssigkeit Kapazit\u00e4t<\/strong>, Die Bang 20000 bietet reichlich Vorrat f\u00fcr lang anhaltenden Genuss. Die anpassbaren Nikotinst\u00e4rken von <strong>0%, 2%, 3% und 5%<\/strong> erm\u00f6glichen es den Nutzern, ihr Erlebnis auf ihre Vorlieben abzustimmen, ganz gleich, ob sie ein nikotinfreies Erlebnis oder einen satten Zug suchen.<\/p>\n\n\n\n<p>Die <strong>650mAh wiederaufladbare Batterie<\/strong> und <strong>Typ-C-Ladeanschluss<\/strong> erm\u00f6glichen ein schnelles und einfaches Aufladen, so dass Sie ununterbrochene Sitzungen genie\u00dfen k\u00f6nnen. Die integrierte <strong>LED-Digitalanzeige<\/strong> bietet Echtzeit-Updates \u00fcber den F\u00fcllstand des Akkus und des E-Liquids und sorgt so f\u00fcr zus\u00e4tzlichen Komfort und Kontrolle beim Dampfen.<\/p>\n\n\n\n<h3 class=\"wp-block-heading\"><strong>Wesentliche Merkmale<\/strong><\/h3>\n\n\n\n<figure class=\"wp-block-table\"><table class=\"has-fixed-layout\"><thead><tr><th><strong>Merkmal<\/strong><\/th><th><strong>Spezifikation<\/strong><\/th><\/tr><\/thead><tbody><tr><td><strong>Puffs<\/strong><\/td><td>Bis zu <strong>20000 Z\u00fcge<\/strong><\/td><\/tr><tr><td><strong>Spule<\/strong><\/td><td><strong>Mesh-Spule 0.8ohm<\/strong><\/td><\/tr><tr><td><strong>E-Fl\u00fcssigkeit Kapazit\u00e4t<\/strong><\/td><td><strong>25ml vorgef\u00fcllt<\/strong><\/td><\/tr><tr><td><strong>Nikotinst\u00e4rke<\/strong><\/td><td><strong>0%, 2%, 3%, 5%<\/strong><\/td><\/tr><tr><td><strong>Batterie<\/strong><\/td><td><strong>650mAh wiederaufladbar<\/strong><\/td><\/tr><tr><td><strong>Aufladen<\/strong><\/td><td><strong>Typ-C-Anschluss<\/strong><\/td><\/tr><tr><td><strong>Anzeige<\/strong><\/td><td><strong>LED-Digitalanzeige<\/strong><\/td><\/tr><\/tbody><\/table><\/figure>\n\n\n\n<h3 class=\"wp-block-heading\">Bang 20000 Puffs <strong>Geschmacksliste<\/strong><\/h3>\n\n\n\n<ul class=\"wp-block-list\">\n<li>Minze<\/li>\n\n\n\n<li>Erdbeer-Litschi<\/li>\n\n\n\n<li>Erdbeer-Kiwi<\/li>\n\n\n\n<li>Red Bull<\/li>\n\n\n\n<li>Gemischte Fr\u00fcchte<\/li>\n\n\n\n<li>Blaubeereis<\/li>\n\n\n\n<li>Heidelbeere-Himbeere<\/li>\n\n\n\n<li>Heidelbeere Wassermelone<\/li>\n\n\n\n<li>Wassermelone<\/li>\n\n\n\n<li>Himbeere Wassermelone<\/li>\n\n\n\n<li>Erdbeer-Mango<\/li>\n\n\n\n<li>Doppelter Apfel<\/li>\n\n\n\n<li>Mango Pfirsich Wassermelone<\/li>\n<\/ul>\n\n\n\n<p>Fans von Bang-Produkten erkunden oft unser gesamtes Sortiment, um ihr perfektes Vape zu finden. Beginnen Sie mit dem <a href=\"https:\/\/vapemaison.com\">Homepage<\/a>, entdecken Sie alle Produkte in unserem <a href=\"https:\/\/vapemaison.com\/shop\">Shop<\/a>, oder tauchen Sie ein in die <a href=\"https:\/\/vapemaison.com\/brand\/bang\">Marke Bang<\/a> Seite, um das gesamte Programm zu sehen. Suchen Sie etwas anderes? Unser <a href=\"https:\/\/vapemaison.com\/brand\/waspe\">WASPE-Kollektion<\/a> und <a href=\"https:\/\/vapemaison.com\/product-category\/puffs-count\/\">Kategorie Puffs<\/a> haben eine Vielzahl von Optionen f\u00fcr jeden Vaper.<\/p>","protected":false},"excerpt":{"rendered":"<p>Erreichen Sie m\u00fchelose Zufriedenheit mit 20.000 Z\u00fcgen und einem reichhaltigen 0,8 Ohm Mesh-Spulensystem, das f\u00fcr konsistente, leistungsstarke Leistung entwickelt wurde. \u00dcberwachen Sie Ihre Werte in Echtzeit mit dem integrierten digitalen Display und bestellen Sie jetzt, um unseren besten Preis und garantiert schnellen Versand zu sichern.<\/p>","protected":false},"featured_media":17706,"comment_status":"open","ping_status":"closed","template":"","meta":[],"product_brand":[57],"product_cat":[133],"product_tag":[],"class_list":{"0":"post-17642","1":"product","2":"type-product","3":"status-publish","4":"has-post-thumbnail","6":"product_brand-bang","7":"product_cat-20k-puffs","9":"first","10":"instock","11":"sale","12":"shipping-taxable","13":"purchasable","14":"product-type-variable"},"yoast_head":"<!-- This site is optimized with the Yoast SEO plugin v27.4 - https:\/\/yoast.com\/product\/yoast-seo-wordpress\/ -->\n<title>Bang 20000 Puffs LED Display Disposable Vape - VapeMaison<\/title>\n<meta name=\"description\" content=\"Enjoy 20000 puffs with the Bang 20000 Vape. Featuring 25ml e-liquid, a 0.8ohm mesh coil, Type-C charging, and an LED display.\" \/>\n<meta name=\"robots\" content=\"index, follow, max-snippet:-1, max-image-preview:large, max-video-preview:-1\" \/>\n<link rel=\"canonical\" href=\"https:\/\/vapemaison.com\/de\/product\/bang-20000-puffs-fuhrte-anzeige-einweg-vape\/\" \/>\n<meta property=\"og:locale\" content=\"de_DE\" \/>\n<meta property=\"og:type\" content=\"article\" \/>\n<meta property=\"og:title\" content=\"Bang 20000 Puffs LED Display Disposable Vape - VapeMaison\" \/>\n<meta property=\"og:description\" content=\"Enjoy 20000 puffs with the Bang 20000 Vape. Featuring 25ml e-liquid, a 0.8ohm mesh coil, Type-C charging, and an LED display.\" \/>\n<meta property=\"og:url\" content=\"https:\/\/vapemaison.com\/de\/product\/bang-20000-puffs-fuhrte-anzeige-einweg-vape\/\" \/>\n<meta property=\"og:site_name\" content=\"VapeMaison\" \/>\n<meta property=\"article:modified_time\" content=\"2025-12-22T09:18:28+00:00\" \/>\n<meta property=\"og:image\" content=\"https:\/\/vapemaison.com\/wp-content\/uploads\/2025\/12\/vape-bang-20000-Puffs-00018.jpg.webp\" \/>\n\t<meta property=\"og:image:width\" content=\"1000\" \/>\n\t<meta property=\"og:image:height\" content=\"1000\" \/>\n\t<meta property=\"og:image:type\" content=\"image\/webp\" \/>\n<meta name=\"twitter:card\" content=\"summary_large_image\" \/>\n<meta name=\"twitter:label1\" content=\"Gesch\u00e4tzte Lesezeit\" \/>\n\t<meta name=\"twitter:data1\" content=\"2\u00a0Minuten\" \/>\n<!-- \/ Yoast SEO plugin. -->","yoast_head_json":{"title":"Bang 20000 Puffs LED Display Einweg Vape - VapeMaison","description":"Genie\u00dfen Sie 20000 Z\u00fcge mit dem Bang 20000 Vape. Ausgestattet mit 25 ml e-Fl\u00fcssigkeit, einer 0,8 Ohm Mesh-Spule, Typ-C-Ladung und einer LED-Anzeige.","robots":{"index":"index","follow":"follow","max-snippet":"max-snippet:-1","max-image-preview":"max-image-preview:large","max-video-preview":"max-video-preview:-1"},"canonical":"https:\/\/vapemaison.com\/de\/product\/bang-20000-puffs-fuhrte-anzeige-einweg-vape\/","og_locale":"de_DE","og_type":"article","og_title":"Bang 20000 Puffs LED Display Disposable Vape - VapeMaison","og_description":"Enjoy 20000 puffs with the Bang 20000 Vape. Featuring 25ml e-liquid, a 0.8ohm mesh coil, Type-C charging, and an LED display.","og_url":"https:\/\/vapemaison.com\/de\/product\/bang-20000-puffs-fuhrte-anzeige-einweg-vape\/","og_site_name":"VapeMaison","article_modified_time":"2025-12-22T09:18:28+00:00","og_image":[{"width":1000,"height":1000,"url":"https:\/\/vapemaison.com\/wp-content\/uploads\/2025\/12\/vape-bang-20000-Puffs-00018.jpg.webp","type":"image\/webp"}],"twitter_card":"summary_large_image","twitter_misc":{"Gesch\u00e4tzte Lesezeit":"2\u00a0Minuten"},"schema":{"@context":"https:\/\/schema.org","@graph":[{"@type":"WebPage","@id":"https:\/\/vapemaison.com\/product\/bang-20000-puffs-led-display-disposable-vape\/","url":"https:\/\/vapemaison.com\/product\/bang-20000-puffs-led-display-disposable-vape\/","name":"Bang 20000 Puffs LED Display Einweg Vape - VapeMaison","isPartOf":{"@id":"https:\/\/vapemaison.com\/#website"},"primaryImageOfPage":{"@id":"https:\/\/vapemaison.com\/product\/bang-20000-puffs-led-display-disposable-vape\/#primaryimage"},"image":{"@id":"https:\/\/vapemaison.com\/product\/bang-20000-puffs-led-display-disposable-vape\/#primaryimage"},"thumbnailUrl":"https:\/\/vapemaison.com\/wp-content\/uploads\/2025\/12\/vape-bang-20000-Puffs-00018.jpg.webp","datePublished":"2025-12-12T07:56:29+00:00","dateModified":"2025-12-22T09:18:28+00:00","description":"Genie\u00dfen Sie 20000 Z\u00fcge mit dem Bang 20000 Vape. Ausgestattet mit 25 ml e-Fl\u00fcssigkeit, einer 0,8 Ohm Mesh-Spule, Typ-C-Ladung und einer LED-Anzeige.","breadcrumb":{"@id":"https:\/\/vapemaison.com\/product\/bang-20000-puffs-led-display-disposable-vape\/#breadcrumb"},"inLanguage":"de","potentialAction":[{"@type":"ReadAction","target":["https:\/\/vapemaison.com\/product\/bang-20000-puffs-led-display-disposable-vape\/"]}]},{"@type":"ImageObject","inLanguage":"de","@id":"https:\/\/vapemaison.com\/product\/bang-20000-puffs-led-display-disposable-vape\/#primaryimage","url":"https:\/\/vapemaison.com\/wp-content\/uploads\/2025\/12\/vape-bang-20000-Puffs-00018.jpg.webp","contentUrl":"https:\/\/vapemaison.com\/wp-content\/uploads\/2025\/12\/vape-bang-20000-Puffs-00018.jpg.webp","width":1000,"height":1000,"caption":"Vape Bang Puffs.jpg"},{"@type":"BreadcrumbList","@id":"https:\/\/vapemaison.com\/product\/bang-20000-puffs-led-display-disposable-vape\/#breadcrumb","itemListElement":[{"@type":"ListItem","position":1,"name":"\u9996\u9875","item":"https:\/\/vapemaison.com\/"},{"@type":"ListItem","position":2,"name":"Shop","item":"https:\/\/vapemaison.com\/shop\/"},{"@type":"ListItem","position":3,"name":"Bang","item":"https:\/\/vapemaison.com\/brand\/bang\/"},{"@type":"ListItem","position":4,"name":"Bang 20000 Puffs LED Display Disposable Vape"}]},{"@type":"WebSite","@id":"https:\/\/vapemaison.com\/#website","url":"https:\/\/vapemaison.com\/","name":"VapeMaison","description":"Premium Vaping-Ger\u00e4te und Zubeh\u00f6r","publisher":{"@id":"https:\/\/vapemaison.com\/#organization"},"potentialAction":[{"@type":"SearchAction","target":{"@type":"EntryPoint","urlTemplate":"https:\/\/vapemaison.com\/?s={search_term_string}"},"query-input":{"@type":"PropertyValueSpecification","valueRequired":true,"valueName":"search_term_string"}}],"inLanguage":"de"},{"@type":"Organization","@id":"https:\/\/vapemaison.com\/#organization","name":"VapeMaison","url":"https:\/\/vapemaison.com\/","logo":{"@type":"ImageObject","inLanguage":"de","@id":"https:\/\/vapemaison.com\/#\/schema\/logo\/image\/","url":"https:\/\/vapemaison.com\/wp-content\/uploads\/2026\/01\/cropped-vapemaison-logo-g-2026.webp","contentUrl":"https:\/\/vapemaison.com\/wp-content\/uploads\/2026\/01\/cropped-vapemaison-logo-g-2026.webp","width":350,"height":280,"caption":"VapeMaison"},"image":{"@id":"https:\/\/vapemaison.com\/#\/schema\/logo\/image\/"},"sameAs":["https:\/\/www.youtube.com\/@VapeMaison"]}]}},"tiered_pricing_type":"fixed","tiered_pricing_fixed_rules":{"30":"8.36","50":"7.89","100":"7.12","200":"6.63"},"tiered_pricing_product_settings":{"layout":"default","base_unit_name":{"singular":null,"plural":null},"default_variation":null},"tiered_pricing_minimum_quantity":10,"tiered_pricing_roles_data":[],"tiered_pricing_percentage_rules":[],"tiered_pricing_maximum_quantity":null,"tiered_pricing_quantity_step":"10","_links":{"self":[{"href":"https:\/\/vapemaison.com\/de\/wp-json\/wp\/v2\/product\/17642","targetHints":{"allow":["GET"]}}],"collection":[{"href":"https:\/\/vapemaison.com\/de\/wp-json\/wp\/v2\/product"}],"about":[{"href":"https:\/\/vapemaison.com\/de\/wp-json\/wp\/v2\/types\/product"}],"replies":[{"embeddable":true,"href":"https:\/\/vapemaison.com\/de\/wp-json\/wp\/v2\/comments?post=17642"}],"version-history":[{"count":0,"href":"https:\/\/vapemaison.com\/de\/wp-json\/wp\/v2\/product\/17642\/revisions"}],"wp:featuredmedia":[{"embeddable":true,"href":"https:\/\/vapemaison.com\/de\/wp-json\/wp\/v2\/media\/17706"}],"wp:attachment":[{"href":"https:\/\/vapemaison.com\/de\/wp-json\/wp\/v2\/media?parent=17642"}],"wp:term":[{"taxonomy":"product_brand","embeddable":true,"href":"https:\/\/vapemaison.com\/de\/wp-json\/wp\/v2\/product_brand?post=17642"},{"taxonomy":"product_cat","embeddable":true,"href":"https:\/\/vapemaison.com\/de\/wp-json\/wp\/v2\/product_cat?post=17642"},{"taxonomy":"product_tag","embeddable":true,"href":"https:\/\/vapemaison.com\/de\/wp-json\/wp\/v2\/product_tag?post=17642"}],"curies":[{"name":"wp","href":"https:\/\/api.w.org\/{rel}","templated":true}]}}