

{"id":17708,"date":"2025-12-12T08:37:35","date_gmt":"2025-12-12T08:37:35","guid":{"rendered":"https:\/\/vapemaison.com\/?post_type=product&#038;p=17708"},"modified":"2025-12-22T09:18:25","modified_gmt":"2025-12-22T09:18:25","slug":"bang-box-18000-puffs-led-display-wegwerfbare-vape","status":"publish","type":"product","link":"https:\/\/vapemaison.com\/de\/product\/bang-box-18000-puffs-led-display-disposable-vape\/","title":{"rendered":"Bang Box 18000 Puffs LED-Display Einweg-Vape"},"content":{"rendered":"<p><strong>Bang Box 18000 Puffs LED Display Disposable Vape - Erweiterte Leistung und lang anhaltende Vaping<\/strong><\/p>\n\n\n\n<p>Die <strong>Bang Box 18000 Puffs LED-Display Einweg-Vape<\/strong> ist ein innovatives Ger\u00e4t, das entwickelt wurde, um ein au\u00dfergew\u00f6hnliches Dampferlebnis zu bieten. Mit einer beeindruckenden <strong>18000 Z\u00fcge<\/strong>, Dieser Vape sorgt f\u00fcr langanhaltenden Genuss ohne Nachf\u00fcllen oder Aufladen, was ihn perfekt f\u00fcr Gelegenheits- und erfahrene Vaper macht.<\/p>\n\n\n\n<p>Ausgestattet mit einem <strong>0.8ohm Mesh-Spule<\/strong>, die <strong>Bang Box<\/strong> liefert mit jedem Zug sanften, geschmackvollen Dampf und verbessert so Ihr Dampferlebnis. Die <strong>26ml e-Fl\u00fcssigkeit Kapazit\u00e4t<\/strong> gew\u00e4hrleistet einen gro\u00dfz\u00fcgigen Vorrat f\u00fcr einen l\u00e4ngeren Gebrauch, w\u00e4hrend die anpassbaren Nikotinwerte von <strong>0%, 2%, 3% und 5%<\/strong> bieten die Flexibilit\u00e4t, das Ger\u00e4t an Ihre W\u00fcnsche anzupassen.<\/p>\n\n\n\n<p>Die <strong>850mAh wiederaufladbare Batterie<\/strong> garantiert eine effiziente Energieversorgung, und mit einer <strong>Typ-C-Ladeanschluss<\/strong>, Das Aufladen ist schnell und bequem und erm\u00f6glicht ununterbrochene Sitzungen. Die <strong>LED-Digitalanzeige<\/strong> erm\u00f6glicht die einfache \u00dcberwachung des Batterie- und Fl\u00fcssigkeitsstands und bietet ein nahtloses und benutzerfreundliches Dampferlebnis.<\/p>\n\n\n\n<h3 class=\"wp-block-heading\"><strong>Wesentliche Merkmale<\/strong><\/h3>\n\n\n\n<figure class=\"wp-block-table\"><table class=\"has-fixed-layout\"><thead><tr><th><strong>Merkmal<\/strong><\/th><th><strong>Spezifikation<\/strong><\/th><\/tr><\/thead><tbody><tr><td><strong>Puffs<\/strong><\/td><td>Bis zu <strong>18.000 Z\u00fcge<\/strong><\/td><\/tr><tr><td><strong>Spule<\/strong><\/td><td><strong>Mesh-Spule 0.8ohm<\/strong><\/td><\/tr><tr><td><strong>E-Fl\u00fcssigkeit Kapazit\u00e4t<\/strong><\/td><td><strong>26ml vorgef\u00fcllt<\/strong><\/td><\/tr><tr><td><strong>Nikotinst\u00e4rke<\/strong><\/td><td><strong>0%, 2%, 3%, 5%<\/strong><\/td><\/tr><tr><td><strong>Batterie<\/strong><\/td><td><strong>850mAh wiederaufladbar<\/strong><\/td><\/tr><tr><td><strong>Aufladen<\/strong><\/td><td><strong>Typ-C-Anschluss<\/strong><\/td><\/tr><tr><td><strong>Anzeige<\/strong><\/td><td><strong>LED-Digitalanzeige<\/strong><\/td><\/tr><\/tbody><\/table><\/figure>\n\n\n\n<h3 class=\"wp-block-heading\">Bang Box <strong>Geschmacksliste<\/strong><\/h3>\n\n\n\n<ol class=\"wp-block-list\">\n<li>Erdbeer-Kiwi<\/li>\n\n\n\n<li>Blaubeereis<\/li>\n\n\n\n<li>Erdbeere Wassermelone<\/li>\n\n\n\n<li>Wassermelone Eis<\/li>\n\n\n\n<li>Heidelbeer-Himbeer-Eis sauer<\/li>\n\n\n\n<li>Himbeere Wassermelone<\/li>\n\n\n\n<li>Tigerblut<\/li>\n\n\n\n<li>Dreifach-Beereneis<\/li>\n\n\n\n<li>Pfirsichsaft<\/li>\n\n\n\n<li>Erdbeer-Mango<\/li>\n\n\n\n<li>Doppelter Apfel<\/li>\n\n\n\n<li>Mango Pfirsich Wassermelone<\/li>\n<\/ol>\n\n\n\n<p>Fans von Bang-Produkten erkunden oft unser gesamtes Sortiment, um ihr perfektes Vape zu finden. Beginnen Sie mit dem <a href=\"https:\/\/vapemaison.com\">Homepage<\/a>, entdecken Sie alle Produkte in unserem <a href=\"https:\/\/vapemaison.com\/shop\">Shop<\/a>, oder tauchen Sie ein in die <a href=\"https:\/\/vapemaison.com\/brand\/bang\">Marke Bang<\/a> Seite, um das gesamte Programm zu sehen. Suchen Sie etwas anderes? Unser <a href=\"https:\/\/vapemaison.com\/brand\/waspe\">WASPE-Kollektion<\/a> und <a href=\"https:\/\/vapemaison.com\/product-category\/puffs-count\/\">Kategorie Puffs<\/a> haben eine Vielzahl von Optionen f\u00fcr jeden Vaper.<\/p>","protected":false},"excerpt":{"rendered":"<p>Genie\u00dfen Sie 18.000 geschmackvolle Z\u00fcge und ein gro\u00dfz\u00fcgiges Fassungsverm\u00f6gen von 26 ml, angetrieben von einer leistungsstarken 0,8 Ohm Mesh-Spule und einer intelligenten LED-Statusanzeige. W\u00e4hlen Sie noch heute Ihre ideale Nikotinst\u00e4rke und sichern Sie sich dieses fortschrittliche Modell mit hoher Kapazit\u00e4t, solange unser aktuelles Angebot und der schnelle Versand noch aktiv sind.<\/p>","protected":false},"featured_media":17709,"comment_status":"open","ping_status":"closed","template":"","meta":[],"product_brand":[57],"product_cat":[175],"product_tag":[],"class_list":{"0":"post-17708","1":"product","2":"type-product","3":"status-publish","4":"has-post-thumbnail","6":"product_brand-bang","7":"product_cat-18k-puffs","9":"first","10":"instock","11":"sale","12":"shipping-taxable","13":"purchasable","14":"product-type-variable"},"yoast_head":"<!-- This site is optimized with the Yoast SEO plugin v27.4 - https:\/\/yoast.com\/product\/yoast-seo-wordpress\/ -->\n<title>Bang Box 18000 Puffs LED Display Disposable Vape - VapeMaison<\/title>\n<meta name=\"description\" content=\"Enjoy 18,000 puffs with the Bang Box Vape. Featuring a 26ml e-liquid, Type-C charging, and LED display. Customize nicotine levels with 0%-5%.\" \/>\n<meta name=\"robots\" content=\"index, follow, max-snippet:-1, max-image-preview:large, max-video-preview:-1\" \/>\n<link rel=\"canonical\" href=\"https:\/\/vapemaison.com\/de\/product\/bang-box-18000-puffs-led-display-wegwerfbare-vape\/\" \/>\n<meta property=\"og:locale\" content=\"de_DE\" \/>\n<meta property=\"og:type\" content=\"article\" \/>\n<meta property=\"og:title\" content=\"Bang Box 18000 Puffs LED Display Disposable Vape - VapeMaison\" \/>\n<meta property=\"og:description\" content=\"Enjoy 18,000 puffs with the Bang Box Vape. Featuring a 26ml e-liquid, Type-C charging, and LED display. Customize nicotine levels with 0%-5%.\" \/>\n<meta property=\"og:url\" content=\"https:\/\/vapemaison.com\/de\/product\/bang-box-18000-puffs-led-display-wegwerfbare-vape\/\" \/>\n<meta property=\"og:site_name\" content=\"VapeMaison\" \/>\n<meta property=\"article:modified_time\" content=\"2025-12-22T09:18:25+00:00\" \/>\n<meta property=\"og:image\" content=\"https:\/\/vapemaison.com\/wp-content\/uploads\/2025\/12\/vape-bang-box-18000-puffs-00018.png.webp\" \/>\n\t<meta property=\"og:image:width\" content=\"1000\" \/>\n\t<meta property=\"og:image:height\" content=\"1000\" \/>\n\t<meta property=\"og:image:type\" content=\"image\/webp\" \/>\n<meta name=\"twitter:card\" content=\"summary_large_image\" \/>\n<meta name=\"twitter:label1\" content=\"Gesch\u00e4tzte Lesezeit\" \/>\n\t<meta name=\"twitter:data1\" content=\"2\u00a0Minuten\" \/>\n<!-- \/ Yoast SEO plugin. -->","yoast_head_json":{"title":"Bang Box 18000 Puffs LED Display Einweg Vape - VapeMaison","description":"Genie\u00dfen Sie 18.000 Z\u00fcge mit der Bang Box Vape. Ausgestattet mit 26 ml e-Fl\u00fcssigkeit, Typ-C-Ladung und LED-Anzeige. Passen Sie den Nikotinspiegel mit 0%-5% an.","robots":{"index":"index","follow":"follow","max-snippet":"max-snippet:-1","max-image-preview":"max-image-preview:large","max-video-preview":"max-video-preview:-1"},"canonical":"https:\/\/vapemaison.com\/de\/product\/bang-box-18000-puffs-led-display-wegwerfbare-vape\/","og_locale":"de_DE","og_type":"article","og_title":"Bang Box 18000 Puffs LED Display Disposable Vape - VapeMaison","og_description":"Enjoy 18,000 puffs with the Bang Box Vape. Featuring a 26ml e-liquid, Type-C charging, and LED display. Customize nicotine levels with 0%-5%.","og_url":"https:\/\/vapemaison.com\/de\/product\/bang-box-18000-puffs-led-display-wegwerfbare-vape\/","og_site_name":"VapeMaison","article_modified_time":"2025-12-22T09:18:25+00:00","og_image":[{"width":1000,"height":1000,"url":"https:\/\/vapemaison.com\/wp-content\/uploads\/2025\/12\/vape-bang-box-18000-puffs-00018.png.webp","type":"image\/webp"}],"twitter_card":"summary_large_image","twitter_misc":{"Gesch\u00e4tzte Lesezeit":"2\u00a0Minuten"},"schema":{"@context":"https:\/\/schema.org","@graph":[{"@type":"WebPage","@id":"https:\/\/vapemaison.com\/product\/bang-box-18000-puffs-led-display-disposable-vape\/","url":"https:\/\/vapemaison.com\/product\/bang-box-18000-puffs-led-display-disposable-vape\/","name":"Bang Box 18000 Puffs LED Display Einweg Vape - VapeMaison","isPartOf":{"@id":"https:\/\/vapemaison.com\/#website"},"primaryImageOfPage":{"@id":"https:\/\/vapemaison.com\/product\/bang-box-18000-puffs-led-display-disposable-vape\/#primaryimage"},"image":{"@id":"https:\/\/vapemaison.com\/product\/bang-box-18000-puffs-led-display-disposable-vape\/#primaryimage"},"thumbnailUrl":"https:\/\/vapemaison.com\/wp-content\/uploads\/2025\/12\/vape-bang-box-18000-puffs-00018.png.webp","datePublished":"2025-12-12T08:37:35+00:00","dateModified":"2025-12-22T09:18:25+00:00","description":"Genie\u00dfen Sie 18.000 Z\u00fcge mit der Bang Box Vape. Ausgestattet mit 26 ml e-Fl\u00fcssigkeit, Typ-C-Ladung und LED-Anzeige. Passen Sie den Nikotinspiegel mit 0%-5% an.","breadcrumb":{"@id":"https:\/\/vapemaison.com\/product\/bang-box-18000-puffs-led-display-disposable-vape\/#breadcrumb"},"inLanguage":"de","potentialAction":[{"@type":"ReadAction","target":["https:\/\/vapemaison.com\/product\/bang-box-18000-puffs-led-display-disposable-vape\/"]}]},{"@type":"ImageObject","inLanguage":"de","@id":"https:\/\/vapemaison.com\/product\/bang-box-18000-puffs-led-display-disposable-vape\/#primaryimage","url":"https:\/\/vapemaison.com\/wp-content\/uploads\/2025\/12\/vape-bang-box-18000-puffs-00018.png.webp","contentUrl":"https:\/\/vapemaison.com\/wp-content\/uploads\/2025\/12\/vape-bang-box-18000-puffs-00018.png.webp","width":1000,"height":1000,"caption":"vape-bang-box-18000-puffs-00018.png"},{"@type":"BreadcrumbList","@id":"https:\/\/vapemaison.com\/product\/bang-box-18000-puffs-led-display-disposable-vape\/#breadcrumb","itemListElement":[{"@type":"ListItem","position":1,"name":"\u9996\u9875","item":"https:\/\/vapemaison.com\/"},{"@type":"ListItem","position":2,"name":"Shop","item":"https:\/\/vapemaison.com\/shop\/"},{"@type":"ListItem","position":3,"name":"Bang","item":"https:\/\/vapemaison.com\/brand\/bang\/"},{"@type":"ListItem","position":4,"name":"Bang Box 18000 Puffs LED Display Disposable Vape"}]},{"@type":"WebSite","@id":"https:\/\/vapemaison.com\/#website","url":"https:\/\/vapemaison.com\/","name":"VapeMaison","description":"Premium Vaping-Ger\u00e4te und Zubeh\u00f6r","publisher":{"@id":"https:\/\/vapemaison.com\/#organization"},"potentialAction":[{"@type":"SearchAction","target":{"@type":"EntryPoint","urlTemplate":"https:\/\/vapemaison.com\/?s={search_term_string}"},"query-input":{"@type":"PropertyValueSpecification","valueRequired":true,"valueName":"search_term_string"}}],"inLanguage":"de"},{"@type":"Organization","@id":"https:\/\/vapemaison.com\/#organization","name":"VapeMaison","url":"https:\/\/vapemaison.com\/","logo":{"@type":"ImageObject","inLanguage":"de","@id":"https:\/\/vapemaison.com\/#\/schema\/logo\/image\/","url":"https:\/\/vapemaison.com\/wp-content\/uploads\/2026\/01\/cropped-vapemaison-logo-g-2026.webp","contentUrl":"https:\/\/vapemaison.com\/wp-content\/uploads\/2026\/01\/cropped-vapemaison-logo-g-2026.webp","width":350,"height":280,"caption":"VapeMaison"},"image":{"@id":"https:\/\/vapemaison.com\/#\/schema\/logo\/image\/"},"sameAs":["https:\/\/www.youtube.com\/@VapeMaison"]}]}},"tiered_pricing_type":"fixed","tiered_pricing_fixed_rules":{"30":"7.43","50":"6.98","100":"6.63","200":"5.99"},"tiered_pricing_product_settings":{"layout":"default","base_unit_name":{"singular":null,"plural":null},"default_variation":null},"tiered_pricing_minimum_quantity":10,"tiered_pricing_roles_data":[],"tiered_pricing_percentage_rules":[],"tiered_pricing_maximum_quantity":null,"tiered_pricing_quantity_step":"10","_links":{"self":[{"href":"https:\/\/vapemaison.com\/de\/wp-json\/wp\/v2\/product\/17708","targetHints":{"allow":["GET"]}}],"collection":[{"href":"https:\/\/vapemaison.com\/de\/wp-json\/wp\/v2\/product"}],"about":[{"href":"https:\/\/vapemaison.com\/de\/wp-json\/wp\/v2\/types\/product"}],"replies":[{"embeddable":true,"href":"https:\/\/vapemaison.com\/de\/wp-json\/wp\/v2\/comments?post=17708"}],"version-history":[{"count":0,"href":"https:\/\/vapemaison.com\/de\/wp-json\/wp\/v2\/product\/17708\/revisions"}],"wp:featuredmedia":[{"embeddable":true,"href":"https:\/\/vapemaison.com\/de\/wp-json\/wp\/v2\/media\/17709"}],"wp:attachment":[{"href":"https:\/\/vapemaison.com\/de\/wp-json\/wp\/v2\/media?parent=17708"}],"wp:term":[{"taxonomy":"product_brand","embeddable":true,"href":"https:\/\/vapemaison.com\/de\/wp-json\/wp\/v2\/product_brand?post=17708"},{"taxonomy":"product_cat","embeddable":true,"href":"https:\/\/vapemaison.com\/de\/wp-json\/wp\/v2\/product_cat?post=17708"},{"taxonomy":"product_tag","embeddable":true,"href":"https:\/\/vapemaison.com\/de\/wp-json\/wp\/v2\/product_tag?post=17708"}],"curies":[{"name":"wp","href":"https:\/\/api.w.org\/{rel}","templated":true}]}}