

{"id":17768,"date":"2025-12-12T08:48:53","date_gmt":"2025-12-12T08:48:53","guid":{"rendered":"https:\/\/vapemaison.com\/?post_type=product&#038;p=17768"},"modified":"2025-12-22T09:18:20","modified_gmt":"2025-12-22T09:18:20","slug":"bang-tornado-12000-puffs-wegwerfbares-vape","status":"publish","type":"product","link":"https:\/\/vapemaison.com\/de\/product\/bang-tornado-12000-puffs-disposable-vape\/","title":{"rendered":"Bang Tornado 12000 Puffs Einweg-Vape"},"content":{"rendered":"<p>Die <strong>Bang Tornado 12000 Puffs Einweg-Vape<\/strong> bietet ein kraftvolles und visuell beeindruckendes Dampferlebnis, perfekt f\u00fcr alle, die sich nach l\u00e4ngerem Gebrauch und au\u00dfergew\u00f6hnlichem Geschmack sehnen. Mit einer beeindruckenden <strong>12.000 Z\u00fcge<\/strong> und eine <strong>20ml e-Fl\u00fcssigkeitsbeh\u00e4lter<\/strong>, Dieses Ger\u00e4t bietet ein befriedigendes und lang anhaltendes Dampferlebnis, ideal f\u00fcr den ganzt\u00e4gigen Genuss.<\/p>\n\n\n\n<p>Angetrieben von einem <strong>650mAh wiederaufladbare Batterie<\/strong>, die <strong>Knall-Tornado<\/strong> 12000 bietet zuverl\u00e4ssige Leistung, w\u00e4hrend seine <strong>Typ-C-Ladeanschluss<\/strong> (5V 1A) gew\u00e4hrleistet ein schnelles und effizientes Aufladen und minimiert die Ausfallzeiten. Ausgestattet mit einem <strong>1.0ohm Netzspule<\/strong>, Er liefert sanften, gleichm\u00e4\u00dfigen Dampf mit verbessertem Geschmack und macht jeden Zug zu einem erstklassigen Erlebnis.<\/p>\n\n\n\n<p>Gefertigt aus strapazierf\u00e4higem <strong>PC-Material<\/strong>, Das Ger\u00e4t ist f\u00fcr eine lange Lebensdauer ausgelegt, und der Zusatz von <strong>LED-Farblichter<\/strong> verleiht ihm ein lebhaftes und modernes Aussehen, das Ihren Vaping-Sessions ein besonderes Flair verleiht. Die Nikotinst\u00e4rken reichen von <strong>0% bis 5%<\/strong>, Der Bang Tornado l\u00e4sst sich individuell an Ihren bevorzugten Vaping-Stil anpassen.<\/p>\n\n\n\n<h3 class=\"wp-block-heading\"><strong>Wesentliche Merkmale<\/strong><\/h3>\n\n\n\n<figure class=\"wp-block-table\"><table class=\"has-fixed-layout\"><thead><tr><th><strong>Merkmal<\/strong><\/th><th><strong>Spezifikation<\/strong><\/th><\/tr><\/thead><tbody><tr><td><strong>Puffs<\/strong><\/td><td>Bis zu <strong>12.000 Z\u00fcge<\/strong><\/td><\/tr><tr><td><strong>E-Fl\u00fcssigkeit Kapazit\u00e4t<\/strong><\/td><td><strong>20ml vorgef\u00fcllt<\/strong><\/td><\/tr><tr><td><strong>Nikotinst\u00e4rke<\/strong><\/td><td><strong>0%, 2%, 3%, 5%<\/strong><\/td><\/tr><tr><td><strong>Batterie<\/strong><\/td><td><strong>650mAh wiederaufladbar<\/strong><\/td><\/tr><tr><td><strong>Aufladen<\/strong><\/td><td><strong>Typ-C-Anschluss<\/strong> (5V 1A)<\/td><\/tr><tr><td><strong>Material<\/strong><\/td><td><strong>Langlebiger PC<\/strong><\/td><\/tr><tr><td><strong>Spule<\/strong><\/td><td><strong>1.0ohm Netzspule<\/strong><\/td><\/tr><tr><td><strong>LED-Licht<\/strong><\/td><td><strong>Farbige LED-Leuchten<\/strong><\/td><\/tr><tr><td><strong>Verpackung<\/strong><\/td><td><strong>10 St\u00fcck pro Karton<\/strong><\/td><\/tr><\/tbody><\/table><\/figure>\n\n\n\n<h3 class=\"wp-block-heading\"><strong>Geschmacksliste<\/strong><\/h3>\n\n\n\n<ol class=\"wp-block-list\">\n<li>Erdbeere-Banane<\/li>\n\n\n\n<li>Kiwi Passionsfrucht Guave<\/li>\n\n\n\n<li>Erdbeer-Kiwi<\/li>\n\n\n\n<li>Blaues Razzeis<\/li>\n\n\n\n<li>Saurer Apfel-Himbeere<\/li>\n\n\n\n<li>Wassermelone Bubblegum<\/li>\n\n\n\n<li>Erdbeere Wassermelone<\/li>\n\n\n\n<li>Erdbeer-Saft<\/li>\n\n\n\n<li>Schwarzer Drache Eis<\/li>\n\n\n\n<li>Wassermelone Eis<\/li>\n\n\n\n<li>Blaubeereis<\/li>\n\n\n\n<li>Pfirsich Mango Wassermelone<\/li>\n\n\n\n<li>Traubeneis<\/li>\n\n\n\n<li>Gemischte Fr\u00fcchte<\/li>\n\n\n\n<li>Erdbeer-Litschi<\/li>\n\n\n\n<li>Minze Eis<\/li>\n\n\n\n<li>Himbeere Wassermelone<\/li>\n\n\n\n<li>Erdbeereis<\/li>\n\n\n\n<li>Pfirsich-Eis<\/li>\n\n\n\n<li>Erdbeer-Mango<\/li>\n<\/ol>\n\n\n\n<p>Fans von Bang-Produkten erkunden oft unser gesamtes Sortiment, um ihr perfektes Vape zu finden. Beginnen Sie mit dem <a href=\"https:\/\/vapemaison.com\">Homepage<\/a>, entdecken Sie alle Produkte in unserem <a href=\"https:\/\/vapemaison.com\/shop\">Shop<\/a>, oder tauchen Sie ein in die <a href=\"https:\/\/vapemaison.com\/brand\/bang\">Marke Bang<\/a> Seite, um das gesamte Programm zu sehen. Suchen Sie etwas anderes? Unser <a href=\"https:\/\/vapemaison.com\/brand\/waspe\">WASPE-Kollektion<\/a> und <a href=\"https:\/\/vapemaison.com\/product-category\/puffs-count\/\">Kategorie Puffs<\/a> haben eine Vielzahl von Optionen f\u00fcr jeden Vaper.<\/p>","protected":false},"excerpt":{"rendered":"<div id=\"model-response-message-contentr_1390ad1f86f9ddbe\" class=\"markdown markdown-main-panel stronger enable-updated-hr-color\" dir=\"ltr\" aria-live=\"polite\" aria-busy=\"false\">\n<p data-path-to-node=\"0\">Erleben Sie 12.000 aromatische Z\u00fcge gepaart mit einem lebendigen LED-beleuchteten Design und einer Hochleistungs-Mesh-Spule f\u00fcr einen gleichbleibend sanften Zug. W\u00e4hlen Sie Ihre perfekte Nikotinst\u00e4rke und holen Sie sich Ihre noch heute, um dieses hochwertige, langlebige Ger\u00e4t zu genie\u00dfen, solange unser aktueller Bestand anh\u00e4lt.<\/p>\n<\/div>","protected":false},"featured_media":17779,"comment_status":"open","ping_status":"closed","template":"","meta":[],"product_brand":[57],"product_cat":[154],"product_tag":[],"class_list":{"0":"post-17768","1":"product","2":"type-product","3":"status-publish","4":"has-post-thumbnail","6":"product_brand-bang","7":"product_cat-12k-puffs","9":"first","10":"instock","11":"sale","12":"shipping-taxable","13":"purchasable","14":"product-type-variable"},"yoast_head":"<!-- This site is optimized with the Yoast SEO plugin v27.4 - https:\/\/yoast.com\/product\/yoast-seo-wordpress\/ -->\n<title>Bang Tornado 12000 Puffs Disposable Vape with LED Lights - VapeMaison<\/title>\n<meta name=\"description\" content=\"Enjoy Bang Tornado 12000 Puffs Vape. Featuring a 20ml e-liquid capacity, 1.0ohm mesh coil, LED lights, and Type-C charging. Available in 0%-5% nicotine.\" \/>\n<meta name=\"robots\" content=\"index, follow, max-snippet:-1, max-image-preview:large, max-video-preview:-1\" \/>\n<link rel=\"canonical\" href=\"https:\/\/vapemaison.com\/de\/product\/bang-tornado-12000-puffs-wegwerfbares-vape\/\" \/>\n<meta property=\"og:locale\" content=\"de_DE\" \/>\n<meta property=\"og:type\" content=\"article\" \/>\n<meta property=\"og:title\" content=\"Bang Tornado 12000 Puffs Disposable Vape with LED Lights - VapeMaison\" \/>\n<meta property=\"og:description\" content=\"Enjoy Bang Tornado 12000 Puffs Vape. Featuring a 20ml e-liquid capacity, 1.0ohm mesh coil, LED lights, and Type-C charging. Available in 0%-5% nicotine.\" \/>\n<meta property=\"og:url\" content=\"https:\/\/vapemaison.com\/de\/product\/bang-tornado-12000-puffs-wegwerfbares-vape\/\" \/>\n<meta property=\"og:site_name\" content=\"VapeMaison\" \/>\n<meta property=\"article:modified_time\" content=\"2025-12-22T09:18:20+00:00\" \/>\n<meta property=\"og:image\" content=\"https:\/\/vapemaison.com\/wp-content\/uploads\/2025\/12\/vape-bang-tornado-12000-puffs-11.webp\" \/>\n\t<meta property=\"og:image:width\" content=\"1000\" \/>\n\t<meta property=\"og:image:height\" content=\"1000\" \/>\n\t<meta property=\"og:image:type\" content=\"image\/webp\" \/>\n<meta name=\"twitter:card\" content=\"summary_large_image\" \/>\n<meta name=\"twitter:label1\" content=\"Gesch\u00e4tzte Lesezeit\" \/>\n\t<meta name=\"twitter:data1\" content=\"2\u00a0Minuten\" \/>\n<!-- \/ Yoast SEO plugin. -->","yoast_head_json":{"title":"Bang Tornado 12000 Puffs Einweg Vape mit LED Lichtern - VapeMaison","description":"Genie\u00dfen Sie Bang Tornado 12000 Puffs Vape. Ausgestattet mit einem 20ml e-Fl\u00fcssigkeit Kapazit\u00e4t, 1,0 Ohm Mesh-Spule, LED-Leuchten und Typ-C-Laden. Erh\u00e4ltlich in 0%-5% Nikotin.","robots":{"index":"index","follow":"follow","max-snippet":"max-snippet:-1","max-image-preview":"max-image-preview:large","max-video-preview":"max-video-preview:-1"},"canonical":"https:\/\/vapemaison.com\/de\/product\/bang-tornado-12000-puffs-wegwerfbares-vape\/","og_locale":"de_DE","og_type":"article","og_title":"Bang Tornado 12000 Puffs Disposable Vape with LED Lights - VapeMaison","og_description":"Enjoy Bang Tornado 12000 Puffs Vape. Featuring a 20ml e-liquid capacity, 1.0ohm mesh coil, LED lights, and Type-C charging. Available in 0%-5% nicotine.","og_url":"https:\/\/vapemaison.com\/de\/product\/bang-tornado-12000-puffs-wegwerfbares-vape\/","og_site_name":"VapeMaison","article_modified_time":"2025-12-22T09:18:20+00:00","og_image":[{"width":1000,"height":1000,"url":"https:\/\/vapemaison.com\/wp-content\/uploads\/2025\/12\/vape-bang-tornado-12000-puffs-11.webp","type":"image\/webp"}],"twitter_card":"summary_large_image","twitter_misc":{"Gesch\u00e4tzte Lesezeit":"2\u00a0Minuten"},"schema":{"@context":"https:\/\/schema.org","@graph":[{"@type":"WebPage","@id":"https:\/\/vapemaison.com\/product\/bang-tornado-12000-puffs-disposable-vape\/","url":"https:\/\/vapemaison.com\/product\/bang-tornado-12000-puffs-disposable-vape\/","name":"Bang Tornado 12000 Puffs Einweg Vape mit LED Lichtern - VapeMaison","isPartOf":{"@id":"https:\/\/vapemaison.com\/#website"},"primaryImageOfPage":{"@id":"https:\/\/vapemaison.com\/product\/bang-tornado-12000-puffs-disposable-vape\/#primaryimage"},"image":{"@id":"https:\/\/vapemaison.com\/product\/bang-tornado-12000-puffs-disposable-vape\/#primaryimage"},"thumbnailUrl":"https:\/\/vapemaison.com\/wp-content\/uploads\/2025\/12\/vape-bang-tornado-12000-puffs-11.webp","datePublished":"2025-12-12T08:48:53+00:00","dateModified":"2025-12-22T09:18:20+00:00","description":"Genie\u00dfen Sie Bang Tornado 12000 Puffs Vape. Ausgestattet mit einem 20ml e-Fl\u00fcssigkeit Kapazit\u00e4t, 1,0 Ohm Mesh-Spule, LED-Leuchten und Typ-C-Laden. Erh\u00e4ltlich in 0%-5% Nikotin.","breadcrumb":{"@id":"https:\/\/vapemaison.com\/product\/bang-tornado-12000-puffs-disposable-vape\/#breadcrumb"},"inLanguage":"de","potentialAction":[{"@type":"ReadAction","target":["https:\/\/vapemaison.com\/product\/bang-tornado-12000-puffs-disposable-vape\/"]}]},{"@type":"ImageObject","inLanguage":"de","@id":"https:\/\/vapemaison.com\/product\/bang-tornado-12000-puffs-disposable-vape\/#primaryimage","url":"https:\/\/vapemaison.com\/wp-content\/uploads\/2025\/12\/vape-bang-tornado-12000-puffs-11.webp","contentUrl":"https:\/\/vapemaison.com\/wp-content\/uploads\/2025\/12\/vape-bang-tornado-12000-puffs-11.webp","width":1000,"height":1000,"caption":"vape-bang-tornado-12000-puffs-11"},{"@type":"BreadcrumbList","@id":"https:\/\/vapemaison.com\/product\/bang-tornado-12000-puffs-disposable-vape\/#breadcrumb","itemListElement":[{"@type":"ListItem","position":1,"name":"\u9996\u9875","item":"https:\/\/vapemaison.com\/"},{"@type":"ListItem","position":2,"name":"Shop","item":"https:\/\/vapemaison.com\/shop\/"},{"@type":"ListItem","position":3,"name":"Bang","item":"https:\/\/vapemaison.com\/brand\/bang\/"},{"@type":"ListItem","position":4,"name":"Bang Tornado 12000 Puffs Disposable Vape"}]},{"@type":"WebSite","@id":"https:\/\/vapemaison.com\/#website","url":"https:\/\/vapemaison.com\/","name":"VapeMaison","description":"Premium Vaping-Ger\u00e4te und Zubeh\u00f6r","publisher":{"@id":"https:\/\/vapemaison.com\/#organization"},"potentialAction":[{"@type":"SearchAction","target":{"@type":"EntryPoint","urlTemplate":"https:\/\/vapemaison.com\/?s={search_term_string}"},"query-input":{"@type":"PropertyValueSpecification","valueRequired":true,"valueName":"search_term_string"}}],"inLanguage":"de"},{"@type":"Organization","@id":"https:\/\/vapemaison.com\/#organization","name":"VapeMaison","url":"https:\/\/vapemaison.com\/","logo":{"@type":"ImageObject","inLanguage":"de","@id":"https:\/\/vapemaison.com\/#\/schema\/logo\/image\/","url":"https:\/\/vapemaison.com\/wp-content\/uploads\/2026\/01\/cropped-vapemaison-logo-g-2026.webp","contentUrl":"https:\/\/vapemaison.com\/wp-content\/uploads\/2026\/01\/cropped-vapemaison-logo-g-2026.webp","width":350,"height":280,"caption":"VapeMaison"},"image":{"@id":"https:\/\/vapemaison.com\/#\/schema\/logo\/image\/"},"sameAs":["https:\/\/www.youtube.com\/@VapeMaison"]}]}},"tiered_pricing_type":"fixed","tiered_pricing_fixed_rules":{"30":"7.63","50":"7.12","100":"6.77","200":"6.23"},"tiered_pricing_product_settings":{"layout":"default","base_unit_name":{"singular":null,"plural":null},"default_variation":null},"tiered_pricing_minimum_quantity":10,"tiered_pricing_roles_data":[],"tiered_pricing_percentage_rules":[],"tiered_pricing_maximum_quantity":null,"tiered_pricing_quantity_step":"10","_links":{"self":[{"href":"https:\/\/vapemaison.com\/de\/wp-json\/wp\/v2\/product\/17768","targetHints":{"allow":["GET"]}}],"collection":[{"href":"https:\/\/vapemaison.com\/de\/wp-json\/wp\/v2\/product"}],"about":[{"href":"https:\/\/vapemaison.com\/de\/wp-json\/wp\/v2\/types\/product"}],"replies":[{"embeddable":true,"href":"https:\/\/vapemaison.com\/de\/wp-json\/wp\/v2\/comments?post=17768"}],"version-history":[{"count":0,"href":"https:\/\/vapemaison.com\/de\/wp-json\/wp\/v2\/product\/17768\/revisions"}],"wp:featuredmedia":[{"embeddable":true,"href":"https:\/\/vapemaison.com\/de\/wp-json\/wp\/v2\/media\/17779"}],"wp:attachment":[{"href":"https:\/\/vapemaison.com\/de\/wp-json\/wp\/v2\/media?parent=17768"}],"wp:term":[{"taxonomy":"product_brand","embeddable":true,"href":"https:\/\/vapemaison.com\/de\/wp-json\/wp\/v2\/product_brand?post=17768"},{"taxonomy":"product_cat","embeddable":true,"href":"https:\/\/vapemaison.com\/de\/wp-json\/wp\/v2\/product_cat?post=17768"},{"taxonomy":"product_tag","embeddable":true,"href":"https:\/\/vapemaison.com\/de\/wp-json\/wp\/v2\/product_tag?post=17768"}],"curies":[{"name":"wp","href":"https:\/\/api.w.org\/{rel}","templated":true}]}}