

{"id":17861,"date":"2025-12-12T09:03:53","date_gmt":"2025-12-12T09:03:53","guid":{"rendered":"https:\/\/vapemaison.com\/?post_type=product&#038;p=17861"},"modified":"2026-01-09T08:36:04","modified_gmt":"2026-01-09T08:36:04","slug":"bang-king-smart-screen-15000-puffs-vape","status":"publish","type":"product","link":"https:\/\/vapemaison.com\/de\/product\/bang-king-smart-screen-15000-puffs-vape\/","title":{"rendered":"Bang King Smart Screen 15000 Puffs Einweg Vape"},"content":{"rendered":"<p>Die <strong>Bang King Smartscreen 15000 Puffs LED Display Einweg Vape<\/strong> ist ein Premium-Ger\u00e4t f\u00fcr alle, die h\u00f6chste Anspr\u00fcche an Leistung und Komfort stellen. Mit einer beeindruckenden <strong>25ml e-Fl\u00fcssigkeit Kapazit\u00e4t<\/strong> und <strong>15000 Z\u00fcge<\/strong>, Dieser Verdampfer bietet eine lang anhaltende und befriedigende Erfahrung. Die <strong>650mAh-Akku<\/strong> liefert zuverl\u00e4ssig Strom, w\u00e4hrend die <strong>Wiederaufladbarer C-Typ-Anschluss<\/strong> sorgt f\u00fcr schnelles und effizientes Aufladen.<\/p>\n\n\n\n<p>Die <strong>1.0\u03a9 Maschenkern-Heizdraht<\/strong> liefert gleichm\u00e4\u00dfigen, sanften Dampf und maximiert den Geschmack und die Leistung mit jedem Zug. Die <strong>LED-Anzeige<\/strong> bietet Echtzeit-Sichtbarkeit sowohl f\u00fcr die <strong>Batterie<\/strong> und <strong>E-Liquid-F\u00fcllst\u00e4nde<\/strong>, und erm\u00f6glicht es den Benutzern, w\u00e4hrend des gesamten Rauchens informiert zu bleiben und die Kontrolle zu behalten.<\/p>\n\n\n\n<p>Mit <strong>einstellbare Nikotinkonzentrationen<\/strong> von <strong>0%, 2%, 3% und 5%<\/strong>, die <strong>Bang King Smartscreen<\/strong> wird allen Vorlieben gerecht und sorgt f\u00fcr ein optimales Erlebnis, egal ob Sie nikotinfrei oder einen kr\u00e4ftigen Zug bevorzugen.<\/p>\n\n\n\n<h3 class=\"wp-block-heading\">K\u00f6nig Bang <strong>Wesentliche Merkmale<\/strong><\/h3>\n\n\n\n<figure class=\"wp-block-table\"><table class=\"has-fixed-layout\"><thead><tr><th><strong>Merkmal<\/strong><\/th><th><strong>Spezifikation<\/strong><\/th><\/tr><\/thead><tbody><tr><td><strong>E-Fl\u00fcssigkeit Kapazit\u00e4t<\/strong><\/td><td><strong>25ml vorgef\u00fcllt<\/strong><\/td><\/tr><tr><td><strong>Nikotinst\u00e4rke<\/strong><\/td><td><strong>0%, 2%, 3%, 5%<\/strong><\/td><\/tr><tr><td><strong>Batterie<\/strong><\/td><td><strong>650mAh wiederaufladbar<\/strong><\/td><\/tr><tr><td><strong>Puffs<\/strong><\/td><td>Bis zu <strong>15.000 Z\u00fcge<\/strong><\/td><\/tr><tr><td><strong>Aufladen<\/strong><\/td><td><strong>C-Typ-Anschluss<\/strong><\/td><\/tr><tr><td><strong>Heizdraht<\/strong><\/td><td><strong>1,0\u03a9-Maschenkern<\/strong><\/td><\/tr><tr><td><strong>Anzeige<\/strong><\/td><td><strong>LED-Anzeige<\/strong> f\u00fcr Batterie- und E-Liquid-F\u00fcllst\u00e4nde<\/td><\/tr><tr><td><strong>Verpackung<\/strong><\/td><td><strong>1 Karton enth\u00e4lt 10 St\u00fcck<\/strong><\/td><\/tr><\/tbody><\/table><\/figure>\n\n\n\n<h3 class=\"wp-block-heading\"><strong>Geschmacksliste<\/strong><\/h3>\n\n\n\n<ol class=\"wp-block-list\">\n<li>Blaues Gefrieren<\/li>\n\n\n\n<li>Beerenexplosion<\/li>\n\n\n\n<li>Blaue Kirsche Zitrone<\/li>\n\n\n\n<li>Pfirsich einfrieren<\/li>\n\n\n\n<li>Traubenfrost<\/li>\n\n\n\n<li>Pfirsich Beere<\/li>\n\n\n\n<li>Saurer Apfel Razberry<\/li>\n\n\n\n<li>Dreifache Frucht<\/li>\n\n\n\n<li>\u00dcppiges Eis<\/li>\n\n\n\n<li>Erdbeere Wassermelone<\/li>\n<\/ol>\n\n\n\n<p>Fans von Bang-Produkten erkunden oft unser gesamtes Sortiment, um ihr perfektes Vape zu finden. Beginnen Sie mit dem <a href=\"https:\/\/vapemaison.com\">Homepage<\/a>, und unser <a href=\"https:\/\/vapemaison.com\/product-category\/hot-series\/\">Verkaufsschlager<\/a> Linien.entdecken Sie alle Produkte in unserem <a href=\"https:\/\/vapemaison.com\/shop\">Shop<\/a>, oder tauchen Sie ein in die <a href=\"https:\/\/vapemaison.com\/brand\/bang\">Marke Bang<\/a> Seite, um das gesamte Programm zu sehen. Suchen Sie etwas anderes? Unser <a href=\"https:\/\/vapemaison.com\/brand\/waspe\">WASPE-Kollektion<\/a> und <a href=\"https:\/\/vapemaison.com\/product-category\/puffs-count\/\">Kategorie Puffs<\/a> haben eine Vielzahl von Optionen f\u00fcr jeden Vaper. <\/p>","protected":false},"excerpt":{"rendered":"<div id=\"model-response-message-contentr_24982b67bbe72fe7\" class=\"markdown markdown-main-panel stronger enable-updated-hr-color\" dir=\"ltr\" aria-live=\"polite\" aria-busy=\"false\">\n<p data-path-to-node=\"0\">Maximieren Sie Ihre Zufriedenheit mit 15.000 sanften Z\u00fcgen und einem Fassungsverm\u00f6gen von 25 ml, alles \u00fcberwacht durch eine Echtzeit-LED-Anzeige f\u00fcr totale Batterie- und Liquidkontrolle. W\u00e4hlen Sie Ihre bevorzugte Nikotinst\u00e4rke und bestellen Sie jetzt, um von unserer aktuellen Lagerverf\u00fcgbarkeit und unserem bevorzugten Versand zu profitieren.<\/p>\n<\/div>","protected":false},"featured_media":17866,"comment_status":"open","ping_status":"closed","template":"","meta":[],"product_brand":[57],"product_cat":[167],"product_tag":[],"class_list":{"0":"post-17861","1":"product","2":"type-product","3":"status-publish","4":"has-post-thumbnail","6":"product_brand-bang","7":"product_cat-15k-puffs","9":"first","10":"instock","11":"sale","12":"shipping-taxable","13":"purchasable","14":"product-type-variable"},"yoast_head":"<!-- This site is optimized with the Yoast SEO plugin v27.4 - https:\/\/yoast.com\/product\/yoast-seo-wordpress\/ -->\n<title>Bang King Smart Screen 15000 Puffs Vape \u2013 LED Display - VapeMaison<\/title>\n<meta name=\"description\" content=\"Enjoy 15,000 puffs with the Bang King Smartscreen Vape. 25ml e-liquid, mesh coil, LED display. Choose your nicotine strength and vape with style.\" \/>\n<meta name=\"robots\" content=\"index, follow, max-snippet:-1, max-image-preview:large, max-video-preview:-1\" \/>\n<link rel=\"canonical\" href=\"https:\/\/vapemaison.com\/de\/product\/bang-king-smart-screen-15000-puffs-vape\/\" \/>\n<meta property=\"og:locale\" content=\"de_DE\" \/>\n<meta property=\"og:type\" content=\"article\" \/>\n<meta property=\"og:title\" content=\"Bang King Smart Screen 15000 Puffs Vape \u2013 LED Display - VapeMaison\" \/>\n<meta property=\"og:description\" content=\"Enjoy 15,000 puffs with the Bang King Smartscreen Vape. 25ml e-liquid, mesh coil, LED display. Choose your nicotine strength and vape with style.\" \/>\n<meta property=\"og:url\" content=\"https:\/\/vapemaison.com\/de\/product\/bang-king-smart-screen-15000-puffs-vape\/\" \/>\n<meta property=\"og:site_name\" content=\"VapeMaison\" \/>\n<meta property=\"article:modified_time\" content=\"2026-01-09T08:36:04+00:00\" \/>\n<meta property=\"og:image\" content=\"https:\/\/vapemaison.com\/wp-content\/uploads\/2025\/12\/vape-bang-king-smartscreen-15000-puffs-00001-00006.png.webp\" \/>\n\t<meta property=\"og:image:width\" content=\"1000\" \/>\n\t<meta property=\"og:image:height\" content=\"1000\" \/>\n\t<meta property=\"og:image:type\" content=\"image\/webp\" \/>\n<meta name=\"twitter:card\" content=\"summary_large_image\" \/>\n<meta name=\"twitter:label1\" content=\"Gesch\u00e4tzte Lesezeit\" \/>\n\t<meta name=\"twitter:data1\" content=\"2\u00a0Minuten\" \/>\n<!-- \/ Yoast SEO plugin. -->","yoast_head_json":{"title":"Bang King Smart Screen 15000 Puffs Vape - LED Anzeige - VapeMaison","description":"Genie\u00dfen Sie 15.000 Z\u00fcge mit dem Bang King Smartscreen Vape. 25ml e-Fl\u00fcssigkeit, Netzspule, LED-Anzeige. W\u00e4hlen Sie Ihre Nikotinst\u00e4rke und dampfen Sie mit Stil.","robots":{"index":"index","follow":"follow","max-snippet":"max-snippet:-1","max-image-preview":"max-image-preview:large","max-video-preview":"max-video-preview:-1"},"canonical":"https:\/\/vapemaison.com\/de\/product\/bang-king-smart-screen-15000-puffs-vape\/","og_locale":"de_DE","og_type":"article","og_title":"Bang King Smart Screen 15000 Puffs Vape \u2013 LED Display - VapeMaison","og_description":"Enjoy 15,000 puffs with the Bang King Smartscreen Vape. 25ml e-liquid, mesh coil, LED display. Choose your nicotine strength and vape with style.","og_url":"https:\/\/vapemaison.com\/de\/product\/bang-king-smart-screen-15000-puffs-vape\/","og_site_name":"VapeMaison","article_modified_time":"2026-01-09T08:36:04+00:00","og_image":[{"width":1000,"height":1000,"url":"https:\/\/vapemaison.com\/wp-content\/uploads\/2025\/12\/vape-bang-king-smartscreen-15000-puffs-00001-00006.png.webp","type":"image\/webp"}],"twitter_card":"summary_large_image","twitter_misc":{"Gesch\u00e4tzte Lesezeit":"2\u00a0Minuten"},"schema":{"@context":"https:\/\/schema.org","@graph":[{"@type":"WebPage","@id":"https:\/\/vapemaison.com\/product\/bang-king-smart-screen-15000-puffs-vape\/","url":"https:\/\/vapemaison.com\/product\/bang-king-smart-screen-15000-puffs-vape\/","name":"Bang King Smart Screen 15000 Puffs Vape - LED Anzeige - VapeMaison","isPartOf":{"@id":"https:\/\/vapemaison.com\/#website"},"primaryImageOfPage":{"@id":"https:\/\/vapemaison.com\/product\/bang-king-smart-screen-15000-puffs-vape\/#primaryimage"},"image":{"@id":"https:\/\/vapemaison.com\/product\/bang-king-smart-screen-15000-puffs-vape\/#primaryimage"},"thumbnailUrl":"https:\/\/vapemaison.com\/wp-content\/uploads\/2025\/12\/vape-bang-king-smartscreen-15000-puffs-00001-00006.png.webp","datePublished":"2025-12-12T09:03:53+00:00","dateModified":"2026-01-09T08:36:04+00:00","description":"Genie\u00dfen Sie 15.000 Z\u00fcge mit dem Bang King Smartscreen Vape. 25ml e-Fl\u00fcssigkeit, Netzspule, LED-Anzeige. W\u00e4hlen Sie Ihre Nikotinst\u00e4rke und dampfen Sie mit Stil.","breadcrumb":{"@id":"https:\/\/vapemaison.com\/product\/bang-king-smart-screen-15000-puffs-vape\/#breadcrumb"},"inLanguage":"de","potentialAction":[{"@type":"ReadAction","target":["https:\/\/vapemaison.com\/product\/bang-king-smart-screen-15000-puffs-vape\/"]}]},{"@type":"ImageObject","inLanguage":"de","@id":"https:\/\/vapemaison.com\/product\/bang-king-smart-screen-15000-puffs-vape\/#primaryimage","url":"https:\/\/vapemaison.com\/wp-content\/uploads\/2025\/12\/vape-bang-king-smartscreen-15000-puffs-00001-00006.png.webp","contentUrl":"https:\/\/vapemaison.com\/wp-content\/uploads\/2025\/12\/vape-bang-king-smartscreen-15000-puffs-00001-00006.png.webp","width":1000,"height":1000,"caption":"vape-bang-king-smartscreen-15000-puffs-00001-00006.png"},{"@type":"BreadcrumbList","@id":"https:\/\/vapemaison.com\/product\/bang-king-smart-screen-15000-puffs-vape\/#breadcrumb","itemListElement":[{"@type":"ListItem","position":1,"name":"\u9996\u9875","item":"https:\/\/vapemaison.com\/"},{"@type":"ListItem","position":2,"name":"Shop","item":"https:\/\/vapemaison.com\/shop\/"},{"@type":"ListItem","position":3,"name":"Bang","item":"https:\/\/vapemaison.com\/brand\/bang\/"},{"@type":"ListItem","position":4,"name":"Bang King Smart Screen 15000 Puffs Disposable Vape"}]},{"@type":"WebSite","@id":"https:\/\/vapemaison.com\/#website","url":"https:\/\/vapemaison.com\/","name":"VapeMaison","description":"Premium Vaping-Ger\u00e4te und Zubeh\u00f6r","publisher":{"@id":"https:\/\/vapemaison.com\/#organization"},"potentialAction":[{"@type":"SearchAction","target":{"@type":"EntryPoint","urlTemplate":"https:\/\/vapemaison.com\/?s={search_term_string}"},"query-input":{"@type":"PropertyValueSpecification","valueRequired":true,"valueName":"search_term_string"}}],"inLanguage":"de"},{"@type":"Organization","@id":"https:\/\/vapemaison.com\/#organization","name":"VapeMaison","url":"https:\/\/vapemaison.com\/","logo":{"@type":"ImageObject","inLanguage":"de","@id":"https:\/\/vapemaison.com\/#\/schema\/logo\/image\/","url":"https:\/\/vapemaison.com\/wp-content\/uploads\/2026\/01\/cropped-vapemaison-logo-g-2026.webp","contentUrl":"https:\/\/vapemaison.com\/wp-content\/uploads\/2026\/01\/cropped-vapemaison-logo-g-2026.webp","width":350,"height":280,"caption":"VapeMaison"},"image":{"@id":"https:\/\/vapemaison.com\/#\/schema\/logo\/image\/"},"sameAs":["https:\/\/www.youtube.com\/@VapeMaison"]}]}},"tiered_pricing_type":"fixed","tiered_pricing_fixed_rules":{"30":"6.99","50":"6.63","100":"5.79","200":"5.24"},"tiered_pricing_product_settings":{"layout":"default","base_unit_name":{"singular":null,"plural":null},"default_variation":null},"tiered_pricing_minimum_quantity":10,"tiered_pricing_roles_data":[],"tiered_pricing_percentage_rules":[],"tiered_pricing_maximum_quantity":null,"tiered_pricing_quantity_step":"10","_links":{"self":[{"href":"https:\/\/vapemaison.com\/de\/wp-json\/wp\/v2\/product\/17861","targetHints":{"allow":["GET"]}}],"collection":[{"href":"https:\/\/vapemaison.com\/de\/wp-json\/wp\/v2\/product"}],"about":[{"href":"https:\/\/vapemaison.com\/de\/wp-json\/wp\/v2\/types\/product"}],"replies":[{"embeddable":true,"href":"https:\/\/vapemaison.com\/de\/wp-json\/wp\/v2\/comments?post=17861"}],"version-history":[{"count":0,"href":"https:\/\/vapemaison.com\/de\/wp-json\/wp\/v2\/product\/17861\/revisions"}],"wp:featuredmedia":[{"embeddable":true,"href":"https:\/\/vapemaison.com\/de\/wp-json\/wp\/v2\/media\/17866"}],"wp:attachment":[{"href":"https:\/\/vapemaison.com\/de\/wp-json\/wp\/v2\/media?parent=17861"}],"wp:term":[{"taxonomy":"product_brand","embeddable":true,"href":"https:\/\/vapemaison.com\/de\/wp-json\/wp\/v2\/product_brand?post=17861"},{"taxonomy":"product_cat","embeddable":true,"href":"https:\/\/vapemaison.com\/de\/wp-json\/wp\/v2\/product_cat?post=17861"},{"taxonomy":"product_tag","embeddable":true,"href":"https:\/\/vapemaison.com\/de\/wp-json\/wp\/v2\/product_tag?post=17861"}],"curies":[{"name":"wp","href":"https:\/\/api.w.org\/{rel}","templated":true}]}}