

{"id":18372,"date":"2025-12-15T07:51:39","date_gmt":"2025-12-15T07:51:39","guid":{"rendered":"https:\/\/vapemaison.com\/?post_type=product&#038;p=18372"},"modified":"2026-01-09T08:58:38","modified_gmt":"2026-01-09T08:58:38","slug":"wiederaufladbare-vape-vozol-rave-40000-zuge-heidelbeere-eis-geschmack","status":"publish","type":"product","link":"https:\/\/vapemaison.com\/de\/product\/rechargeable-vape-vozol-rave-40000-puffs-blueberry-ice-flavor\/","title":{"rendered":"VOZOL RAVE 40000 Puffs | Blaubeer-Wassermelonen-Geschmack LED-Anzeige | VOZOL Vapes"},"content":{"rendered":"<h2 class=\"wp-block-heading\">VOZOL RAVE 40000 Puffs Heidelbeere-Wassermelone: Ein saftiges Duett<\/h2>\n\n\n\n<p>Die <strong>VOZOL RAVE 40000 Puffs Einweg-Vape<\/strong> in Blaubeer-Wassermelone bietet einen k\u00f6stlichen Sommer-Mix, der zwei der beliebtesten Fruchtgeschmacksrichtungen in einem unvergesslichen Erlebnis vereint. Dieses Modell wurde f\u00fcr unvergleichliche Ausdauer entwickelt und verf\u00fcgt \u00fcber ein atemberaubendes <strong>40000 Puff-Kapazit\u00e4t<\/strong> und weist die aufmerksamkeitsstarke <strong>270\u00b0 LED-Lichtshow<\/strong>. Diese <strong>Wiederaufladbares Vape<\/strong> wurde f\u00fcr Dampfer entwickelt, die sowohl \u00fcberragende Geschmackstreue als auch extreme Langlebigkeit verlangen.<\/p>\n\n\n\n<h4 class=\"wp-block-heading\">Geschmacksvielfalt: Entdecken Sie Ihren Favoriten<\/h4>\n\n\n\n<h2 class=\"wp-block-heading\">Heidelbeer-Wassermelone: S\u00fc\u00dfe Beeren treffen auf feuchtigkeitsspendende Melone<\/h2>\n\n\n\n<p>Blueberry Watermelon ist eine raffinierte Geschmacksmischung, die die tiefen, leicht s\u00e4uerlichen Noten von <strong>frische Heidelbeeren<\/strong> mit dem <strong>leichte, feuchtigkeitsspendende S\u00fc\u00dfe der reifen Wassermelone<\/strong>. Diese Kombination ist unglaublich glatt und erfrischend, so dass es eine ausgezeichnete den ganzen Tag vape ohne \u00fcberw\u00e4ltigende K\u00fchle.<\/p>\n\n\n\n<ul class=\"wp-block-list\">\n<li>Blaues Razzeis<\/li>\n\n\n\n<li>Blaubeereis<\/li>\n\n\n\n<li><strong>Heidelbeer-Wassermelone:<\/strong> Eine ausgewogene Mischung aus s\u00fc\u00dfer, reicher Heidelbeere und saftiger, erfrischender Wassermelone.<\/li>\n\n\n\n<li>Kirsche-Erdbeere<\/li>\n\n\n\n<li>K\u00fchle Minze<\/li>\n\n\n\n<li>Doppelter Apfel<\/li>\n\n\n\n<li>Traubeneis<\/li>\n\n\n\n<li>Liebe 777<\/li>\n\n\n\n<li>Mango-Eis<\/li>\n\n\n\n<li>Mango Pfirsich<\/li>\n\n\n\n<li>Pfirsich-Eis<\/li>\n\n\n\n<li>Pfirsich-Himbeer-Limonade<\/li>\n\n\n\n<li>Erdbeereis<\/li>\n\n\n\n<li>Erdbeer-Kiwi<\/li>\n\n\n\n<li>Erdbeer-Mango<\/li>\n\n\n\n<li>Erdbeere Wassermelone<\/li>\n\n\n\n<li>Erdbeere Pfirsich<\/li>\n\n\n\n<li>Wassermelone Bubblegum<\/li>\n\n\n\n<li>Wassermelone Eis<\/li>\n\n\n\n<li>Wassermelone Razz Rancher<\/li>\n<\/ul>\n\n\n\n<h4 class=\"wp-block-heading\">Technische Spezifikationen und Design-Highlights<\/h4>\n\n\n\n<h2 class=\"wp-block-heading\">VOZOL RAVE 40000 Technische Daten und Innovationen<\/h2>\n\n\n\n<p>Der VOZOL RAVE 40000 ist mit modernster Technologie ausgestattet, um ein erstklassiges Erlebnis f\u00fcr jeden Puff zu garantieren.<\/p>\n\n\n\n<ul class=\"wp-block-list\">\n<li><strong>Max Puffs:<\/strong> Ungef\u00e4hr. <strong>40000 Puffs<\/strong><\/li>\n\n\n\n<li><strong>E-Fl\u00fcssigkeit Kapazit\u00e4t:<\/strong> 20 ml<\/li>\n\n\n\n<li><strong>Batterie:<\/strong> 1000 mAh <strong>Wiederaufladbar<\/strong><\/li>\n\n\n\n<li><strong>Nikotinst\u00e4rke:<\/strong> 5% (50mg\/ml) Salz-Nikotin<\/li>\n\n\n\n<li><strong>Spulensystem:<\/strong> <strong>Dual Mesh Spule<\/strong> mit S.i.L.C. Tech<\/li>\n\n\n\n<li><strong>Aufladen:<\/strong> USB-Typ-C-Anschluss (schnelles Aufladen)<\/li>\n\n\n\n<li><strong>Besonderes Merkmal:<\/strong> <strong>270\u00b0 Beat-Sensing LED-Anzeige<\/strong><\/li>\n\n\n\n<li><strong>Aktivierung:<\/strong> Zeichnungsaktiviert<\/li>\n<\/ul>\n\n\n\n<p>Dank der hochmodernen <strong>Dual Mesh Spule<\/strong> System trennt und verst\u00e4rkt der VOZOL RAVE 40000 perfekt die unterschiedlichen Noten von Blaubeere und Wassermelone und sorgt so f\u00fcr ein gleichbleibend sanftes und nuanciertes Geschmacksprofil in allen Geschmacksrichtungen. <strong>40000 Z\u00fcge<\/strong>.<\/p>\n\n\n\n<h4 class=\"wp-block-heading\">Gr\u00fcnde, jetzt zu kaufen<\/h4>\n\n\n\n<h2 class=\"wp-block-heading\">Begrenzter Vorrat: Holen Sie sich Ihren Blaubeer-Wassermelone VOZOL RAVE!<\/h2>\n\n\n\n<p>Der VOZOL RAVE 40000 hat den Markt im Sturm erobert und setzt die Messlatte f\u00fcr <strong>VOZOL dampft<\/strong> und <strong>40000 Puffs Einweg-Vape<\/strong> Ger\u00e4te. Der komplexe und befriedigende Geschmack von Blueberry Watermelon ist ein Muss. <strong>Diese spezielle Geschmackscharge ist limitiert!<\/strong><\/p>\n\n\n\n<p><strong>Handeln Sie schnell:<\/strong> Sichern Sie sich jetzt Ihren VOZOL RAVE 40000 und erleben Sie die perfekte Geschmacksharmonie, unterst\u00fctzt durch eine noch nie dagewesene Anzahl von Z\u00fcgen. <strong>Z\u00f6gern Sie nicht und f\u00fcgen Sie Ihrer Sammlung noch heute dieses innovative wiederaufladbare Vape hinzu!<\/strong><\/p>","protected":false},"excerpt":{"rendered":"<p>VOZOL RAVE 40000 Puffs Blueberry Watermelon: A Juicy Duet The VOZOL RAVE 40000 Puffs Disposable Vape in Blueberry Watermelon offers a delightful summer mashup, combining two of the most popular fruit flavors into one unforgettable experience. Engineered for unparalleled endurance, this model boasts a stunning 40000 puff capacity and features the attention-grabbing 270\u00b0 LED Light [&hellip;]<\/p>\n","protected":false},"featured_media":19283,"comment_status":"open","ping_status":"closed","template":"","meta":[],"product_brand":[178],"product_cat":[135],"product_tag":[],"class_list":{"0":"post-18372","1":"product","2":"type-product","3":"status-publish","4":"has-post-thumbnail","6":"product_brand-vozol","7":"product_cat-40k-puffs","9":"first","10":"instock","11":"sale","12":"featured","13":"shipping-taxable","14":"purchasable","15":"product-type-variable"},"yoast_head":"<!-- This site is optimized with the Yoast SEO plugin v27.4 - https:\/\/yoast.com\/product\/yoast-seo-wordpress\/ -->\n<title>VOZOL RAVE 40000 Puffs | Blueberry Watermelon Flavor LED Display | VOZOL Vapes<\/title>\n<meta name=\"description\" content=\"Try the exotic Blueberry Watermelon VOZOL RAVE 40000 Puffs Disposable Vape. Features a massive 20ml pre-filled tank and the revolutionary 270\u00b0 Beat-Sensing LED Light for a vibrant look. The perfect blend of sweet blueberry and juicy watermelon is waiting. Buy this premium Rechargeable Vape today for maximum flavor and enjoyment.\" \/>\n<meta name=\"robots\" content=\"index, follow, max-snippet:-1, max-image-preview:large, max-video-preview:-1\" \/>\n<link rel=\"canonical\" href=\"https:\/\/vapemaison.com\/de\/product\/wiederaufladbare-vape-vozol-rave-40000-zuge-heidelbeere-eis-geschmack\/\" \/>\n<meta property=\"og:locale\" content=\"de_DE\" \/>\n<meta property=\"og:type\" content=\"article\" \/>\n<meta property=\"og:title\" content=\"VOZOL RAVE 40000 Puffs | Blueberry Watermelon Flavor LED Display | VOZOL Vapes\" \/>\n<meta property=\"og:description\" content=\"Try the exotic Blueberry Watermelon VOZOL RAVE 40000 Puffs Disposable Vape. Features a massive 20ml pre-filled tank and the revolutionary 270\u00b0 Beat-Sensing LED Light for a vibrant look. The perfect blend of sweet blueberry and juicy watermelon is waiting. Buy this premium Rechargeable Vape today for maximum flavor and enjoyment.\" \/>\n<meta property=\"og:url\" content=\"https:\/\/vapemaison.com\/de\/product\/wiederaufladbare-vape-vozol-rave-40000-zuge-heidelbeere-eis-geschmack\/\" \/>\n<meta property=\"og:site_name\" content=\"VapeMaison\" \/>\n<meta property=\"article:modified_time\" content=\"2026-01-09T08:58:38+00:00\" \/>\n<meta property=\"og:image\" content=\"https:\/\/vapemaison.com\/wp-content\/uploads\/2025\/12\/vozol-rave-40000-Blueberry-Ice-2-768x768-1.webp\" \/>\n\t<meta property=\"og:image:width\" content=\"768\" \/>\n\t<meta property=\"og:image:height\" content=\"768\" \/>\n\t<meta property=\"og:image:type\" content=\"image\/webp\" \/>\n<meta name=\"twitter:card\" content=\"summary_large_image\" \/>\n<meta name=\"twitter:label1\" content=\"Gesch\u00e4tzte Lesezeit\" \/>\n\t<meta name=\"twitter:data1\" content=\"2\u00a0Minuten\" \/>\n<!-- \/ Yoast SEO plugin. -->","yoast_head_json":{"title":"VOZOL RAVE 40000 Puffs | Blaubeer-Wassermelonen-Geschmack LED-Anzeige | VOZOL Vapes","description":"Probiere den exotischen Blueberry Watermelon VOZOL RAVE 40000 Puffs Disposable Vape. Verf\u00fcgt \u00fcber einen massiven 20ml vorgef\u00fcllten Tank und das revolution\u00e4re 270\u00b0 Beat-Sensing LED-Licht f\u00fcr einen lebendigen Look. Die perfekte Mischung aus s\u00fc\u00dfer Blaubeere und saftiger Wassermelone wartet auf Dich. Kaufen Sie dieses hochwertige wiederaufladbare Vape noch heute f\u00fcr maximalen Geschmack und Genuss.","robots":{"index":"index","follow":"follow","max-snippet":"max-snippet:-1","max-image-preview":"max-image-preview:large","max-video-preview":"max-video-preview:-1"},"canonical":"https:\/\/vapemaison.com\/de\/product\/wiederaufladbare-vape-vozol-rave-40000-zuge-heidelbeere-eis-geschmack\/","og_locale":"de_DE","og_type":"article","og_title":"VOZOL RAVE 40000 Puffs | Blueberry Watermelon Flavor LED Display | VOZOL Vapes","og_description":"Try the exotic Blueberry Watermelon VOZOL RAVE 40000 Puffs Disposable Vape. Features a massive 20ml pre-filled tank and the revolutionary 270\u00b0 Beat-Sensing LED Light for a vibrant look. The perfect blend of sweet blueberry and juicy watermelon is waiting. Buy this premium Rechargeable Vape today for maximum flavor and enjoyment.","og_url":"https:\/\/vapemaison.com\/de\/product\/wiederaufladbare-vape-vozol-rave-40000-zuge-heidelbeere-eis-geschmack\/","og_site_name":"VapeMaison","article_modified_time":"2026-01-09T08:58:38+00:00","og_image":[{"width":768,"height":768,"url":"https:\/\/vapemaison.com\/wp-content\/uploads\/2025\/12\/vozol-rave-40000-Blueberry-Ice-2-768x768-1.webp","type":"image\/webp"}],"twitter_card":"summary_large_image","twitter_misc":{"Gesch\u00e4tzte Lesezeit":"2\u00a0Minuten"},"schema":{"@context":"https:\/\/schema.org","@graph":[{"@type":"WebPage","@id":"https:\/\/vapemaison.com\/product\/rechargeable-vape-vozol-rave-40000-puffs-blueberry-ice-flavor\/","url":"https:\/\/vapemaison.com\/product\/rechargeable-vape-vozol-rave-40000-puffs-blueberry-ice-flavor\/","name":"VOZOL RAVE 40000 Puffs | Blaubeer-Wassermelonen-Geschmack LED-Anzeige | VOZOL Vapes","isPartOf":{"@id":"https:\/\/vapemaison.com\/#website"},"primaryImageOfPage":{"@id":"https:\/\/vapemaison.com\/product\/rechargeable-vape-vozol-rave-40000-puffs-blueberry-ice-flavor\/#primaryimage"},"image":{"@id":"https:\/\/vapemaison.com\/product\/rechargeable-vape-vozol-rave-40000-puffs-blueberry-ice-flavor\/#primaryimage"},"thumbnailUrl":"https:\/\/vapemaison.com\/wp-content\/uploads\/2025\/12\/vozol-rave-40000-Blueberry-Ice-2-768x768-1.webp","datePublished":"2025-12-15T07:51:39+00:00","dateModified":"2026-01-09T08:58:38+00:00","description":"Probiere den exotischen Blueberry Watermelon VOZOL RAVE 40000 Puffs Disposable Vape. Verf\u00fcgt \u00fcber einen massiven 20ml vorgef\u00fcllten Tank und das revolution\u00e4re 270\u00b0 Beat-Sensing LED-Licht f\u00fcr einen lebendigen Look. Die perfekte Mischung aus s\u00fc\u00dfer Blaubeere und saftiger Wassermelone wartet auf Dich. Kaufen Sie dieses hochwertige wiederaufladbare Vape noch heute f\u00fcr maximalen Geschmack und Genuss.","breadcrumb":{"@id":"https:\/\/vapemaison.com\/product\/rechargeable-vape-vozol-rave-40000-puffs-blueberry-ice-flavor\/#breadcrumb"},"inLanguage":"de","potentialAction":[{"@type":"ReadAction","target":["https:\/\/vapemaison.com\/product\/rechargeable-vape-vozol-rave-40000-puffs-blueberry-ice-flavor\/"]}]},{"@type":"ImageObject","inLanguage":"de","@id":"https:\/\/vapemaison.com\/product\/rechargeable-vape-vozol-rave-40000-puffs-blueberry-ice-flavor\/#primaryimage","url":"https:\/\/vapemaison.com\/wp-content\/uploads\/2025\/12\/vozol-rave-40000-Blueberry-Ice-2-768x768-1.webp","contentUrl":"https:\/\/vapemaison.com\/wp-content\/uploads\/2025\/12\/vozol-rave-40000-Blueberry-Ice-2-768x768-1.webp","width":768,"height":768,"caption":"Vozol Rave Blueberry Ice 2 768x768 Disposable Vape Device"},{"@type":"BreadcrumbList","@id":"https:\/\/vapemaison.com\/product\/rechargeable-vape-vozol-rave-40000-puffs-blueberry-ice-flavor\/#breadcrumb","itemListElement":[{"@type":"ListItem","position":1,"name":"\u9996\u9875","item":"https:\/\/vapemaison.com\/"},{"@type":"ListItem","position":2,"name":"Shop","item":"https:\/\/vapemaison.com\/shop\/"},{"@type":"ListItem","position":3,"name":"Vozol","item":"https:\/\/vapemaison.com\/brand\/vozol\/"},{"@type":"ListItem","position":4,"name":"VOZOL RAVE 40000 Puffs | Blueberry Watermelon Flavor LED Display | VOZOL Vapes"}]},{"@type":"WebSite","@id":"https:\/\/vapemaison.com\/#website","url":"https:\/\/vapemaison.com\/","name":"VapeMaison","description":"Premium Vaping-Ger\u00e4te und Zubeh\u00f6r","publisher":{"@id":"https:\/\/vapemaison.com\/#organization"},"potentialAction":[{"@type":"SearchAction","target":{"@type":"EntryPoint","urlTemplate":"https:\/\/vapemaison.com\/?s={search_term_string}"},"query-input":{"@type":"PropertyValueSpecification","valueRequired":true,"valueName":"search_term_string"}}],"inLanguage":"de"},{"@type":"Organization","@id":"https:\/\/vapemaison.com\/#organization","name":"VapeMaison","url":"https:\/\/vapemaison.com\/","logo":{"@type":"ImageObject","inLanguage":"de","@id":"https:\/\/vapemaison.com\/#\/schema\/logo\/image\/","url":"https:\/\/vapemaison.com\/wp-content\/uploads\/2026\/01\/cropped-vapemaison-logo-g-2026.webp","contentUrl":"https:\/\/vapemaison.com\/wp-content\/uploads\/2026\/01\/cropped-vapemaison-logo-g-2026.webp","width":350,"height":280,"caption":"VapeMaison"},"image":{"@id":"https:\/\/vapemaison.com\/#\/schema\/logo\/image\/"},"sameAs":["https:\/\/www.youtube.com\/@VapeMaison"]}]}},"tiered_pricing_type":"fixed","tiered_pricing_fixed_rules":{"30":"12.24","50":"11.63","100":"10.86","200":"9.98"},"tiered_pricing_product_settings":{"layout":"default","base_unit_name":{"singular":null,"plural":null},"default_variation":null},"tiered_pricing_minimum_quantity":10,"tiered_pricing_roles_data":[],"tiered_pricing_percentage_rules":[],"tiered_pricing_maximum_quantity":null,"tiered_pricing_quantity_step":"10","_links":{"self":[{"href":"https:\/\/vapemaison.com\/de\/wp-json\/wp\/v2\/product\/18372","targetHints":{"allow":["GET"]}}],"collection":[{"href":"https:\/\/vapemaison.com\/de\/wp-json\/wp\/v2\/product"}],"about":[{"href":"https:\/\/vapemaison.com\/de\/wp-json\/wp\/v2\/types\/product"}],"replies":[{"embeddable":true,"href":"https:\/\/vapemaison.com\/de\/wp-json\/wp\/v2\/comments?post=18372"}],"version-history":[{"count":0,"href":"https:\/\/vapemaison.com\/de\/wp-json\/wp\/v2\/product\/18372\/revisions"}],"wp:featuredmedia":[{"embeddable":true,"href":"https:\/\/vapemaison.com\/de\/wp-json\/wp\/v2\/media\/19283"}],"wp:attachment":[{"href":"https:\/\/vapemaison.com\/de\/wp-json\/wp\/v2\/media?parent=18372"}],"wp:term":[{"taxonomy":"product_brand","embeddable":true,"href":"https:\/\/vapemaison.com\/de\/wp-json\/wp\/v2\/product_brand?post=18372"},{"taxonomy":"product_cat","embeddable":true,"href":"https:\/\/vapemaison.com\/de\/wp-json\/wp\/v2\/product_cat?post=18372"},{"taxonomy":"product_tag","embeddable":true,"href":"https:\/\/vapemaison.com\/de\/wp-json\/wp\/v2\/product_tag?post=18372"}],"curies":[{"name":"wp","href":"https:\/\/api.w.org\/{rel}","templated":true}]}}