

{"id":18422,"date":"2025-12-15T07:51:49","date_gmt":"2025-12-15T07:51:49","guid":{"rendered":"https:\/\/vapemaison.com\/?post_type=product&#038;p=18422"},"modified":"2025-12-20T09:17:38","modified_gmt":"2025-12-20T09:17:38","slug":"vozol-rave-kirsche-erdbeere-fuhrte-display-40k-puffs-einweg-vape","status":"publish","type":"product","link":"https:\/\/vapemaison.com\/de\/product\/vozol-rave-cherry-strawberry-led-display-40k-puffs-disposable-vape\/","title":{"rendered":"VOZOL RAVE Kirsche Erdbeere LED Display | 40k Puffs Einweg Vape"},"content":{"rendered":"<p>Die <strong>VOZOL RAVE 40000 Puffs Einweg-Vape<\/strong> in Blue Razz Ice bietet eine aufregende Kombination aus s\u00fc\u00dfer, herber und eisiger Erfrischung. Dieses Ger\u00e4t wurde f\u00fcr Leistung und Spa\u00df entwickelt und verf\u00fcgt \u00fcber eine noch nie dagewesene <strong>40000 Puffschl\u00e4ge<\/strong> und ist VOZOL RAVE 40000 Puffs Kirsche-Erdbeere: Doppeltes Vergn\u00fcgen<\/p>\n\n\n\n<p>Die <strong>VOZOL RAVE 40000 Puffs Einweg-Vape<\/strong> in Cherry Strawberry bietet ein tiefes, genussvolles Geschmacksprofil f\u00fcr Liebhaber von roten Fruchtmischungen. Dieses au\u00dfergew\u00f6hnliche Ger\u00e4t liefert nicht nur einen k\u00f6stlichen Geschmack, sondern auch eine hervorragende <strong>40000 Puffschl\u00e4ge<\/strong> und ein auff\u00e4lliges, lustiges Design mit dem <strong>270\u00b0 LED-Party-Anzeige<\/strong>. Es ist die perfekte <strong>Wiederaufladbares Vape<\/strong> L\u00f6sung f\u00fcr den l\u00e4ngeren Gebrauch, ohne Kompromisse bei der Geschmacksintensit\u00e4t oder der optischen Attraktivit\u00e4t einzugehen.<\/p>\n\n\n\n<h4 class=\"wp-block-heading\">Geschmacksvielfalt: Entdecken Sie Ihren Favoriten<\/h4>\n\n\n\n<h2 class=\"wp-block-heading\">Kirsche-Erdbeere: Eine klassische, s\u00fc\u00dfe Paarung<\/h2>\n\n\n\n<p>Cherry Strawberry ist eine reichhaltige und s\u00e4ttigende Fusion, bei der die <strong>tiefe, leicht s\u00e4uerliche Note von reifen Kirschen<\/strong> harmoniert mit dem <strong>heller, s\u00fc\u00dfer Geschmack von frischen Gartenerdbeeren<\/strong>. Der resultierende Geschmack ist komplex und doch vertraut, bietet eine s\u00fc\u00dfe und beruhigende den ganzen Tag vape Erfahrung.<\/p>\n\n\n\n<ul class=\"wp-block-list\">\n<li>Blaues Razzeis<\/li>\n\n\n\n<li>Blaubeereis<\/li>\n\n\n\n<li>Heidelbeere Wassermelone<\/li>\n\n\n\n<li><strong>Kirsche-Erdbeere:<\/strong> Eine k\u00fchne und s\u00fc\u00dfe Mischung, in der sich der ausgepr\u00e4gte Geschmack der Kirsche mit der klassischen S\u00fc\u00dfe der Erdbeere erg\u00e4nzt.<\/li>\n\n\n\n<li>K\u00fchle Minze<\/li>\n\n\n\n<li>Doppelter Apfel<\/li>\n\n\n\n<li>Traubeneis<\/li>\n\n\n\n<li>Liebe 777<\/li>\n\n\n\n<li>Mango-Eis<\/li>\n\n\n\n<li>Mango Pfirsich<\/li>\n\n\n\n<li>Pfirsich-Eis<\/li>\n\n\n\n<li>Pfirsich-Himbeer-Limonade<\/li>\n\n\n\n<li>Erdbeereis<\/li>\n\n\n\n<li>Erdbeer-Kiwi<\/li>\n\n\n\n<li>Erdbeer-Mango<\/li>\n\n\n\n<li>Erdbeere Wassermelone<\/li>\n\n\n\n<li>Erdbeere Pfirsich<\/li>\n\n\n\n<li>Wassermelone Bubblegum<\/li>\n\n\n\n<li>Wassermelone Eis<\/li>\n\n\n\n<li>Wassermelone Razz Rancher<\/li>\n<\/ul>\n\n\n\n<h4 class=\"wp-block-heading\">Technische Spezifikationen und Design-Highlights<\/h4>\n\n\n\n<h2 class=\"wp-block-heading\">VOZOL RAVE 40000 Technische Daten und Innovationen<\/h2>\n\n\n\n<p>Der VOZOL RAVE 40000 ist mit modernster Technologie ausgestattet, um ein erstklassiges Erlebnis f\u00fcr jeden Puff zu garantieren.<\/p>\n\n\n\n<ul class=\"wp-block-list\">\n<li><strong>Max Puffs:<\/strong> Ungef\u00e4hr. <strong>40000 Puffs<\/strong><\/li>\n\n\n\n<li><strong>E-Fl\u00fcssigkeit Kapazit\u00e4t:<\/strong> 20 ml<\/li>\n\n\n\n<li><strong>Batterie:<\/strong> 1000 mAh <strong>Wiederaufladbar<\/strong><\/li>\n\n\n\n<li><strong>Nikotinst\u00e4rke:<\/strong> 5% (50mg\/ml) Salz-Nikotin<\/li>\n\n\n\n<li><strong>Spulensystem:<\/strong> <strong>Dual Mesh Spule<\/strong> mit S.i.L.C. Tech<\/li>\n\n\n\n<li><strong>Aufladen:<\/strong> USB-Typ-C-Anschluss (schnelles Aufladen)<\/li>\n\n\n\n<li><strong>Besonderes Merkmal:<\/strong> <strong>270\u00b0 Beat-Sensing LED-Anzeige<\/strong><\/li>\n\n\n\n<li><strong>Aktivierung:<\/strong> Zeichnungsaktiviert<\/li>\n<\/ul>\n\n\n\n<p>Die m\u00e4chtige <strong>Dual Mesh Spule<\/strong> Im Inneren des VOZOL RAVE 40000 kommt die reichhaltige Kirsch-Erdbeer-Mischung gekonnt zur Geltung und liefert die tiefen Fruchtnoten mit maximaler W\u00e4rme und Wolkendichte f\u00fcr einen wirklich befriedigenden Zug bei jedem Mal.<\/p>\n\n\n\n<h4 class=\"wp-block-heading\">D. \ud83d\uded2 Gr\u00fcnde, jetzt zu kaufen<\/h4>\n\n\n\n<h2 class=\"wp-block-heading\">Begrenzter Vorrat: Sichern Sie sich Ihren Cherry Strawberry VOZOL RAVE!<\/h2>\n\n\n\n<p>Der VOZOL RAVE 40000 ist auf dem besten Weg, der Ma\u00dfstab f\u00fcr <strong>40000 Puffs Einweg-Vape<\/strong> Ger\u00e4te weltweit, die f\u00fcr ihre Langlebigkeit und Leistung gesch\u00e4tzt werden. Die k\u00f6stliche Geschmacksrichtung Kirsche-Erdbeere ist immer sehr gefragt. <strong>Wir haben nur noch eine begrenzte Anzahl von Einheiten!<\/strong><\/p>\n\n\n\n<p><strong>Handeln Sie schnell:<\/strong> Sichern Sie sich jetzt Ihren VOZOL RAVE 40000 und genie\u00dfen Sie ein erstklassiges, ununterbrochenes Dampferlebnis, unterst\u00fctzt von einer spektakul\u00e4ren Lichtshow. <strong>Bestellen Sie dieses tolle VOZOL Vape, bevor es ausverkauft ist!<\/strong><\/p>\n\n\n\n<p><\/p>","protected":false},"excerpt":{"rendered":"<p>The VOZOL RAVE 40000 Puffs Disposable Vape in Blue Razz Ice delivers an exhilarating combination of sweet, tart, and icy refreshment. Engineered for performance and fun, this device boasts an unprecedented 40000 puff count and is VOZOL RAVE 40000 Puffs Cherry Strawberry: Double the Delight The VOZOL RAVE 40000 Puffs Disposable Vape in Cherry Strawberry [&hellip;]<\/p>\n","protected":false},"featured_media":19296,"comment_status":"open","ping_status":"closed","template":"","meta":[],"product_brand":[178],"product_cat":[135],"product_tag":[],"class_list":{"0":"post-18422","1":"product","2":"type-product","3":"status-publish","4":"has-post-thumbnail","6":"product_brand-vozol","7":"product_cat-40k-puffs","9":"first","10":"instock","11":"sale","12":"shipping-taxable","13":"purchasable","14":"product-type-variable"},"yoast_head":"<!-- This site is optimized with the Yoast SEO plugin v27.4 - https:\/\/yoast.com\/product\/yoast-seo-wordpress\/ -->\n<title>40k Puffs Disposable Vape | VOZOL RAVE Cherry Strawberry<\/title>\n<meta name=\"description\" content=\"Discover the luscious Cherry Strawberry VOZOL RAVE 40000, combining two sweet red fruits for an intense flavor. Enjoy 40000 Puffs, a massive 20ml capacity, and the thrilling 270\u00b0 Beat-Sensing LED Display. This is the ultimate VOZOL vapes experience. Order your long-lasting, flavor-rich device today!\" \/>\n<meta name=\"robots\" content=\"index, follow, max-snippet:-1, max-image-preview:large, max-video-preview:-1\" \/>\n<link rel=\"canonical\" href=\"https:\/\/vapemaison.com\/de\/product\/vozol-rave-kirsche-erdbeere-fuhrte-display-40k-puffs-einweg-vape\/\" \/>\n<meta property=\"og:locale\" content=\"de_DE\" \/>\n<meta property=\"og:type\" content=\"article\" \/>\n<meta property=\"og:title\" content=\"40k Puffs Disposable Vape | VOZOL RAVE Cherry Strawberry\" \/>\n<meta property=\"og:description\" content=\"Discover the luscious Cherry Strawberry VOZOL RAVE 40000, combining two sweet red fruits for an intense flavor. Enjoy 40000 Puffs, a massive 20ml capacity, and the thrilling 270\u00b0 Beat-Sensing LED Display. This is the ultimate VOZOL vapes experience. Order your long-lasting, flavor-rich device today!\" \/>\n<meta property=\"og:url\" content=\"https:\/\/vapemaison.com\/de\/product\/vozol-rave-kirsche-erdbeere-fuhrte-display-40k-puffs-einweg-vape\/\" \/>\n<meta property=\"og:site_name\" content=\"VapeMaison\" \/>\n<meta property=\"article:modified_time\" content=\"2025-12-20T09:17:38+00:00\" \/>\n<meta property=\"og:image\" content=\"https:\/\/vapemaison.com\/wp-content\/uploads\/2025\/12\/vozol-rave-40000-Peach-Ice-3-768x768-1.webp\" \/>\n\t<meta property=\"og:image:width\" content=\"768\" \/>\n\t<meta property=\"og:image:height\" content=\"768\" \/>\n\t<meta property=\"og:image:type\" content=\"image\/webp\" \/>\n<meta name=\"twitter:card\" content=\"summary_large_image\" \/>\n<meta name=\"twitter:label1\" content=\"Gesch\u00e4tzte Lesezeit\" \/>\n\t<meta name=\"twitter:data1\" content=\"3\u00a0Minuten\" \/>\n<!-- \/ Yoast SEO plugin. -->","yoast_head_json":{"title":"40k Puffs Einweg Vape | VOZOL RAVE Kirsche Erdbeere","description":"Entdecke den k\u00f6stlichen Cherry Strawberry VOZOL RAVE 40000, der zwei s\u00fc\u00dfe rote Fr\u00fcchte f\u00fcr einen intensiven Geschmack kombiniert. Genie\u00dfe 40000 Puffs, ein riesiges Fassungsverm\u00f6gen von 20ml und das aufregende 270\u00b0 Beat-Sensing LED Display. Dies ist das ultimative VOZOL Vape-Erlebnis. Bestellen Sie Ihr langanhaltendes, geschmacksintensives Ger\u00e4t noch heute!","robots":{"index":"index","follow":"follow","max-snippet":"max-snippet:-1","max-image-preview":"max-image-preview:large","max-video-preview":"max-video-preview:-1"},"canonical":"https:\/\/vapemaison.com\/de\/product\/vozol-rave-kirsche-erdbeere-fuhrte-display-40k-puffs-einweg-vape\/","og_locale":"de_DE","og_type":"article","og_title":"40k Puffs Disposable Vape | VOZOL RAVE Cherry Strawberry","og_description":"Discover the luscious Cherry Strawberry VOZOL RAVE 40000, combining two sweet red fruits for an intense flavor. Enjoy 40000 Puffs, a massive 20ml capacity, and the thrilling 270\u00b0 Beat-Sensing LED Display. This is the ultimate VOZOL vapes experience. Order your long-lasting, flavor-rich device today!","og_url":"https:\/\/vapemaison.com\/de\/product\/vozol-rave-kirsche-erdbeere-fuhrte-display-40k-puffs-einweg-vape\/","og_site_name":"VapeMaison","article_modified_time":"2025-12-20T09:17:38+00:00","og_image":[{"width":768,"height":768,"url":"https:\/\/vapemaison.com\/wp-content\/uploads\/2025\/12\/vozol-rave-40000-Peach-Ice-3-768x768-1.webp","type":"image\/webp"}],"twitter_card":"summary_large_image","twitter_misc":{"Gesch\u00e4tzte Lesezeit":"3\u00a0Minuten"},"schema":{"@context":"https:\/\/schema.org","@graph":[{"@type":"WebPage","@id":"https:\/\/vapemaison.com\/product\/vozol-rave-cherry-strawberry-led-display-40k-puffs-disposable-vape\/","url":"https:\/\/vapemaison.com\/product\/vozol-rave-cherry-strawberry-led-display-40k-puffs-disposable-vape\/","name":"40k Puffs Einweg Vape | VOZOL RAVE Kirsche Erdbeere","isPartOf":{"@id":"https:\/\/vapemaison.com\/#website"},"primaryImageOfPage":{"@id":"https:\/\/vapemaison.com\/product\/vozol-rave-cherry-strawberry-led-display-40k-puffs-disposable-vape\/#primaryimage"},"image":{"@id":"https:\/\/vapemaison.com\/product\/vozol-rave-cherry-strawberry-led-display-40k-puffs-disposable-vape\/#primaryimage"},"thumbnailUrl":"https:\/\/vapemaison.com\/wp-content\/uploads\/2025\/12\/vozol-rave-40000-Peach-Ice-3-768x768-1.webp","datePublished":"2025-12-15T07:51:49+00:00","dateModified":"2025-12-20T09:17:38+00:00","description":"Entdecke den k\u00f6stlichen Cherry Strawberry VOZOL RAVE 40000, der zwei s\u00fc\u00dfe rote Fr\u00fcchte f\u00fcr einen intensiven Geschmack kombiniert. Genie\u00dfe 40000 Puffs, ein riesiges Fassungsverm\u00f6gen von 20ml und das aufregende 270\u00b0 Beat-Sensing LED Display. Dies ist das ultimative VOZOL Vape-Erlebnis. Bestellen Sie Ihr langanhaltendes, geschmacksintensives Ger\u00e4t noch heute!","breadcrumb":{"@id":"https:\/\/vapemaison.com\/product\/vozol-rave-cherry-strawberry-led-display-40k-puffs-disposable-vape\/#breadcrumb"},"inLanguage":"de","potentialAction":[{"@type":"ReadAction","target":["https:\/\/vapemaison.com\/product\/vozol-rave-cherry-strawberry-led-display-40k-puffs-disposable-vape\/"]}]},{"@type":"ImageObject","inLanguage":"de","@id":"https:\/\/vapemaison.com\/product\/vozol-rave-cherry-strawberry-led-display-40k-puffs-disposable-vape\/#primaryimage","url":"https:\/\/vapemaison.com\/wp-content\/uploads\/2025\/12\/vozol-rave-40000-Peach-Ice-3-768x768-1.webp","contentUrl":"https:\/\/vapemaison.com\/wp-content\/uploads\/2025\/12\/vozol-rave-40000-Peach-Ice-3-768x768-1.webp","width":768,"height":768,"caption":"Vozol Rave Peach Ice 3 768x768 Disposable Vape Device"},{"@type":"BreadcrumbList","@id":"https:\/\/vapemaison.com\/product\/vozol-rave-cherry-strawberry-led-display-40k-puffs-disposable-vape\/#breadcrumb","itemListElement":[{"@type":"ListItem","position":1,"name":"\u9996\u9875","item":"https:\/\/vapemaison.com\/"},{"@type":"ListItem","position":2,"name":"Shop","item":"https:\/\/vapemaison.com\/shop\/"},{"@type":"ListItem","position":3,"name":"Vozol","item":"https:\/\/vapemaison.com\/brand\/vozol\/"},{"@type":"ListItem","position":4,"name":"VOZOL RAVE Cherry Strawberry LED Display | 40k Puffs Disposable Vape"}]},{"@type":"WebSite","@id":"https:\/\/vapemaison.com\/#website","url":"https:\/\/vapemaison.com\/","name":"VapeMaison","description":"Premium Vaping-Ger\u00e4te und Zubeh\u00f6r","publisher":{"@id":"https:\/\/vapemaison.com\/#organization"},"potentialAction":[{"@type":"SearchAction","target":{"@type":"EntryPoint","urlTemplate":"https:\/\/vapemaison.com\/?s={search_term_string}"},"query-input":{"@type":"PropertyValueSpecification","valueRequired":true,"valueName":"search_term_string"}}],"inLanguage":"de"},{"@type":"Organization","@id":"https:\/\/vapemaison.com\/#organization","name":"VapeMaison","url":"https:\/\/vapemaison.com\/","logo":{"@type":"ImageObject","inLanguage":"de","@id":"https:\/\/vapemaison.com\/#\/schema\/logo\/image\/","url":"https:\/\/vapemaison.com\/wp-content\/uploads\/2026\/01\/cropped-vapemaison-logo-g-2026.webp","contentUrl":"https:\/\/vapemaison.com\/wp-content\/uploads\/2026\/01\/cropped-vapemaison-logo-g-2026.webp","width":350,"height":280,"caption":"VapeMaison"},"image":{"@id":"https:\/\/vapemaison.com\/#\/schema\/logo\/image\/"},"sameAs":["https:\/\/www.youtube.com\/@VapeMaison"]}]}},"tiered_pricing_type":"fixed","tiered_pricing_fixed_rules":{"30":"12.24","50":"11.63","100":"10.86","200":"9.98"},"tiered_pricing_product_settings":{"layout":"default","base_unit_name":{"singular":null,"plural":null},"default_variation":null},"tiered_pricing_minimum_quantity":10,"tiered_pricing_roles_data":[],"tiered_pricing_percentage_rules":[],"tiered_pricing_maximum_quantity":null,"tiered_pricing_quantity_step":"10","_links":{"self":[{"href":"https:\/\/vapemaison.com\/de\/wp-json\/wp\/v2\/product\/18422","targetHints":{"allow":["GET"]}}],"collection":[{"href":"https:\/\/vapemaison.com\/de\/wp-json\/wp\/v2\/product"}],"about":[{"href":"https:\/\/vapemaison.com\/de\/wp-json\/wp\/v2\/types\/product"}],"replies":[{"embeddable":true,"href":"https:\/\/vapemaison.com\/de\/wp-json\/wp\/v2\/comments?post=18422"}],"version-history":[{"count":0,"href":"https:\/\/vapemaison.com\/de\/wp-json\/wp\/v2\/product\/18422\/revisions"}],"wp:featuredmedia":[{"embeddable":true,"href":"https:\/\/vapemaison.com\/de\/wp-json\/wp\/v2\/media\/19296"}],"wp:attachment":[{"href":"https:\/\/vapemaison.com\/de\/wp-json\/wp\/v2\/media?parent=18422"}],"wp:term":[{"taxonomy":"product_brand","embeddable":true,"href":"https:\/\/vapemaison.com\/de\/wp-json\/wp\/v2\/product_brand?post=18422"},{"taxonomy":"product_cat","embeddable":true,"href":"https:\/\/vapemaison.com\/de\/wp-json\/wp\/v2\/product_cat?post=18422"},{"taxonomy":"product_tag","embeddable":true,"href":"https:\/\/vapemaison.com\/de\/wp-json\/wp\/v2\/product_tag?post=18422"}],"curies":[{"name":"wp","href":"https:\/\/api.w.org\/{rel}","templated":true}]}}