

{"id":18522,"date":"2025-12-15T07:52:00","date_gmt":"2025-12-15T07:52:00","guid":{"rendered":"https:\/\/vapemaison.com\/?post_type=product&#038;p=18522"},"modified":"2025-12-20T09:15:30","modified_gmt":"2025-12-20T09:15:30","slug":"40000-puffs-wegwerfbare-vape-vozol-rave-mango-eis-geschmack-fuhrte-wiederaufladbare-vape","status":"publish","type":"product","link":"https:\/\/vapemaison.com\/de\/product\/40000-puffs-disposable-vape-vozol-rave-mango-ice-flavor-led-rechargeable-vape\/","title":{"rendered":"40000 Puffs Einweg Vape | VOZOL RAVE Mango Ice Flavor LED | Rechargeable Vape"},"content":{"rendered":"<p>Die <strong>VOZOL RAVE 40000 Puffs Einweg-Vape<\/strong> in der faszinierenden Geschmacksrichtung Love 777 bietet ein wahrhaft einzigartiges und fesselndes Dampferlebnis, das Sie im Dunkeln tappen l\u00e4sst. Entwickelt f\u00fcr den abenteuerlichen Vaper, bietet dieses Ger\u00e4t eine unvergleichliche <strong>40000 <\/strong>VOZOL RAVE 40000 Puffs Mango Ice: Tropisches Paradies, Arctic Blast<\/p>\n\n\n\n<p>Die <strong>VOZOL RAVE 40000 Puffs Einweg-Vape<\/strong> in Mango Ice bietet die perfekte Mischung aus exotischer S\u00fc\u00dfe und erfrischendem Menthol. Dieses Ger\u00e4t ist ein unbestrittener Champion der Langlebigkeit und bietet eine beispiellose <strong>40000 Puff-Kapazit\u00e4t<\/strong> und mit dem auff\u00e4lligen <strong>270\u00b0 LED-Lichtshow<\/strong>. Der VOZOL RAVE ist der endg\u00fcltige <strong>Wiederaufladbares Vape<\/strong> f\u00fcr alle, die sich mit jedem Zug eine starke, lang anhaltende tropische Flucht w\u00fcnschen.<\/p>\n\n\n\n<h4 class=\"wp-block-heading\">Geschmacksvielfalt: Entdecken Sie Ihren Favoriten<\/h4>\n\n\n\n<h2 class=\"wp-block-heading\">Mango-Eis: S\u00fc\u00df, saftig und k\u00fchl<\/h2>\n\n\n\n<p>Mango Ice liefert das Authentische, <strong>\u00fcppiger Geschmack von perfekt reifen, s\u00fc\u00dfen Mangos<\/strong>, Sie zeichnen sich durch ihr tiefes, duftendes Profil aus. Die S\u00fc\u00dfe wird sch\u00f6n kontrastiert durch eine <strong>mittelstarkes Menthol-Ausatmen<\/strong>, Dadurch entsteht ein angenehm k\u00fchles und saftiges tropisches Gef\u00fchl, das nie zu hart ist.<\/p>\n\n\n\n<ul class=\"wp-block-list\">\n<li>Blaues Razzeis<\/li>\n\n\n\n<li>Blaubeereis<\/li>\n\n\n\n<li>Heidelbeere Wassermelone<\/li>\n\n\n\n<li>Kirsche-Erdbeere<\/li>\n\n\n\n<li>K\u00fchle Minze<\/li>\n\n\n\n<li>Doppelter Apfel<\/li>\n\n\n\n<li>Traubeneis<\/li>\n\n\n\n<li>Liebe 777<\/li>\n\n\n\n<li><strong>Mango-Eis:<\/strong> Der duftende, tiefs\u00fc\u00dfe Geschmack reifer Mangos wird durch eine klare, erfrischende Eisschicht abgerundet.<\/li>\n\n\n\n<li>Mango Pfirsich<\/li>\n\n\n\n<li>Pfirsich-Eis<\/li>\n\n\n\n<li>Pfirsich-Himbeer-Limonade<\/li>\n\n\n\n<li>Erdbeereis<\/li>\n\n\n\n<li>Erdbeer-Kiwi<\/li>\n\n\n\n<li>Erdbeer-Mango<\/li>\n\n\n\n<li>Erdbeere Wassermelone<\/li>\n\n\n\n<li>Erdbeere Pfirsich<\/li>\n\n\n\n<li>Wassermelone Bubblegum<\/li>\n\n\n\n<li>Wassermelone Eis<\/li>\n\n\n\n<li>Wassermelone Razz Rancher<\/li>\n<\/ul>\n\n\n\n<h4 class=\"wp-block-heading\">Technische Spezifikationen und Design-Highlights<\/h4>\n\n\n\n<h2 class=\"wp-block-heading\">VOZOL RAVE 40000 Technische Daten und Innovationen<\/h2>\n\n\n\n<p>Der VOZOL RAVE 40000 ist mit modernster Technologie ausgestattet, um ein erstklassiges Erlebnis f\u00fcr jeden Puff zu garantieren.<\/p>\n\n\n\n<ul class=\"wp-block-list\">\n<li><strong>Max Puffs:<\/strong> Ungef\u00e4hr. <strong>40000 Puffs<\/strong><\/li>\n\n\n\n<li><strong>E-Fl\u00fcssigkeit Kapazit\u00e4t:<\/strong> 20 ml<\/li>\n\n\n\n<li><strong>Batterie:<\/strong> 1000 mAh <strong>Wiederaufladbar<\/strong><\/li>\n\n\n\n<li><strong>Nikotinst\u00e4rke:<\/strong> 5% (50mg\/ml) Salz-Nikotin<\/li>\n\n\n\n<li><strong>Spulensystem:<\/strong> <strong>Dual Mesh Spule<\/strong> mit S.i.L.C. Tech<\/li>\n\n\n\n<li><strong>Aufladen:<\/strong> USB-Typ-C-Anschluss (schnelles Aufladen)<\/li>\n\n\n\n<li><strong>Besonderes Merkmal:<\/strong> <strong>270\u00b0 Beat-Sensing LED-Anzeige<\/strong><\/li>\n\n\n\n<li><strong>Aktivierung:<\/strong> Zeichnungsaktiviert<\/li>\n<\/ul>\n\n\n\n<p>Die m\u00e4chtige <strong>Dual Mesh Spule<\/strong> System ist fachm\u00e4nnisch auf die Intensit\u00e4t von tropischen Fr\u00fcchten abgestimmt und stellt sicher, dass die duftenden Mango-Noten und das k\u00fchle Menthol perfekt mit dichtem, gleichm\u00e4\u00dfigem Dampf \u00fcber die gesamte L\u00e4nge des Zuges abgegeben werden. <strong>40000 Puffs Einweg-Vape<\/strong> Lebenserwartung.<\/p>\n\n\n\n<h4 class=\"wp-block-heading\">Gr\u00fcnde, jetzt zu kaufen<\/h4>\n\n\n\n<h2 class=\"wp-block-heading\">Begrenzter Vorrat: Holen Sie sich Ihr Mango-Eis VOZOL RAVE!<\/h2>\n\n\n\n<p>Der VOZOL RAVE 40000 ist die klare Wahl f\u00fcr Vaper, die das beste <strong>40000 Puffs Einweg-Vape<\/strong> auf dem Markt. Mango-Eis ist eine allgemein beliebte und schnell verkaufte Geschmacksrichtung. <strong>Der derzeitige Bestand geht schnell zur Neige!<\/strong><\/p>\n\n\n\n<p><strong>Handeln Sie schnell:<\/strong> Sichern Sie sich jetzt Ihren VOZOL RAVE 40000 und genie\u00dfen Sie ein erstklassiges, langanhaltendes tropisches Dampferlebnis mit einzigartigem Partyflair. <strong>Lassen Sie sich dieses beliebte VOZOL Vape nicht entgehen und legen Sie es sofort in den Warenkorb!<\/strong><\/p>","protected":false},"excerpt":{"rendered":"<p>The VOZOL RAVE 40000 Puffs Disposable Vape in the intriguing Love 777 flavor offers a truly unique and captivating vaping experience that keeps you guessing. Designed for the adventurous vaper, this device provides an unparalleled 40000 VOZOL RAVE 40000 Puffs Mango Ice: Tropical Paradise, Arctic Blast The VOZOL RAVE 40000 Puffs Disposable Vape in Mango [&hellip;]<\/p>\n","protected":false},"featured_media":19302,"comment_status":"open","ping_status":"closed","template":"","meta":[],"product_brand":[178],"product_cat":[135],"product_tag":[],"class_list":{"0":"post-18522","1":"product","2":"type-product","3":"status-publish","4":"has-post-thumbnail","6":"product_brand-vozol","7":"product_cat-40k-puffs","9":"first","10":"instock","11":"sale","12":"shipping-taxable","13":"purchasable","14":"product-type-variable"},"yoast_head":"<!-- This site is optimized with the Yoast SEO plugin v27.4 - https:\/\/yoast.com\/product\/yoast-seo-wordpress\/ -->\n<title>40000 Puffs Disposable Vape | VOZOL RAVE Mango Ice Flavor LED | Rechargeable Vape<\/title>\n<meta name=\"description\" content=\"Taste the tropical chill of Mango Ice with the VOZOL RAVE 40000. Features 40000 ultra-long puffs, a 20ml e-liquid capacity, and the thrilling 270\u00b0 Beat-Sensing LED Light. Get this premium VOZOL vapes device for intense, frosty mango flavor and unmatched longevity. Shop now for your reliable Rechargeable Vape!\" \/>\n<meta name=\"robots\" content=\"index, follow, max-snippet:-1, max-image-preview:large, max-video-preview:-1\" \/>\n<link rel=\"canonical\" href=\"https:\/\/vapemaison.com\/de\/product\/40000-puffs-wegwerfbare-vape-vozol-rave-mango-eis-geschmack-fuhrte-wiederaufladbare-vape\/\" \/>\n<meta property=\"og:locale\" content=\"de_DE\" \/>\n<meta property=\"og:type\" content=\"article\" \/>\n<meta property=\"og:title\" content=\"40000 Puffs Disposable Vape | VOZOL RAVE Mango Ice Flavor LED | Rechargeable Vape\" \/>\n<meta property=\"og:description\" content=\"Taste the tropical chill of Mango Ice with the VOZOL RAVE 40000. Features 40000 ultra-long puffs, a 20ml e-liquid capacity, and the thrilling 270\u00b0 Beat-Sensing LED Light. Get this premium VOZOL vapes device for intense, frosty mango flavor and unmatched longevity. Shop now for your reliable Rechargeable Vape!\" \/>\n<meta property=\"og:url\" content=\"https:\/\/vapemaison.com\/de\/product\/40000-puffs-wegwerfbare-vape-vozol-rave-mango-eis-geschmack-fuhrte-wiederaufladbare-vape\/\" \/>\n<meta property=\"og:site_name\" content=\"VapeMaison\" \/>\n<meta property=\"article:modified_time\" content=\"2025-12-20T09:15:30+00:00\" \/>\n<meta property=\"og:image\" content=\"https:\/\/vapemaison.com\/wp-content\/uploads\/2025\/12\/vozol-rave-40000-Strawberry-Mango-3-768x768-1.webp\" \/>\n\t<meta property=\"og:image:width\" content=\"768\" \/>\n\t<meta property=\"og:image:height\" content=\"768\" \/>\n\t<meta property=\"og:image:type\" content=\"image\/webp\" \/>\n<meta name=\"twitter:card\" content=\"summary_large_image\" \/>\n<meta name=\"twitter:label1\" content=\"Gesch\u00e4tzte Lesezeit\" \/>\n\t<meta name=\"twitter:data1\" content=\"2\u00a0Minuten\" \/>\n<!-- \/ Yoast SEO plugin. -->","yoast_head_json":{"title":"40000 Puffs Einweg Vape | VOZOL RAVE Mango Ice Flavor LED | Rechargeable Vape","description":"Kosten Sie die tropische K\u00fchle von Mango Ice mit dem VOZOL RAVE 40000. Verf\u00fcgt \u00fcber 40000 ultralange Z\u00fcge, eine 20ml E-Liquid-Kapazit\u00e4t und das aufregende 270\u00b0 Beat-Sensing LED-Licht. Holen Sie sich dieses erstklassige VOZOL-Ger\u00e4t f\u00fcr intensiven, frostigen Mango-Geschmack und un\u00fcbertroffene Langlebigkeit. Kaufen Sie jetzt Ihren zuverl\u00e4ssigen Vape-Akku!","robots":{"index":"index","follow":"follow","max-snippet":"max-snippet:-1","max-image-preview":"max-image-preview:large","max-video-preview":"max-video-preview:-1"},"canonical":"https:\/\/vapemaison.com\/de\/product\/40000-puffs-wegwerfbare-vape-vozol-rave-mango-eis-geschmack-fuhrte-wiederaufladbare-vape\/","og_locale":"de_DE","og_type":"article","og_title":"40000 Puffs Disposable Vape | VOZOL RAVE Mango Ice Flavor LED | Rechargeable Vape","og_description":"Taste the tropical chill of Mango Ice with the VOZOL RAVE 40000. Features 40000 ultra-long puffs, a 20ml e-liquid capacity, and the thrilling 270\u00b0 Beat-Sensing LED Light. Get this premium VOZOL vapes device for intense, frosty mango flavor and unmatched longevity. Shop now for your reliable Rechargeable Vape!","og_url":"https:\/\/vapemaison.com\/de\/product\/40000-puffs-wegwerfbare-vape-vozol-rave-mango-eis-geschmack-fuhrte-wiederaufladbare-vape\/","og_site_name":"VapeMaison","article_modified_time":"2025-12-20T09:15:30+00:00","og_image":[{"width":768,"height":768,"url":"https:\/\/vapemaison.com\/wp-content\/uploads\/2025\/12\/vozol-rave-40000-Strawberry-Mango-3-768x768-1.webp","type":"image\/webp"}],"twitter_card":"summary_large_image","twitter_misc":{"Gesch\u00e4tzte Lesezeit":"2\u00a0Minuten"},"schema":{"@context":"https:\/\/schema.org","@graph":[{"@type":"WebPage","@id":"https:\/\/vapemaison.com\/product\/40000-puffs-disposable-vape-vozol-rave-mango-ice-flavor-led-rechargeable-vape\/","url":"https:\/\/vapemaison.com\/product\/40000-puffs-disposable-vape-vozol-rave-mango-ice-flavor-led-rechargeable-vape\/","name":"40000 Puffs Einweg Vape | VOZOL RAVE Mango Ice Flavor LED | Rechargeable Vape","isPartOf":{"@id":"https:\/\/vapemaison.com\/#website"},"primaryImageOfPage":{"@id":"https:\/\/vapemaison.com\/product\/40000-puffs-disposable-vape-vozol-rave-mango-ice-flavor-led-rechargeable-vape\/#primaryimage"},"image":{"@id":"https:\/\/vapemaison.com\/product\/40000-puffs-disposable-vape-vozol-rave-mango-ice-flavor-led-rechargeable-vape\/#primaryimage"},"thumbnailUrl":"https:\/\/vapemaison.com\/wp-content\/uploads\/2025\/12\/vozol-rave-40000-Strawberry-Mango-3-768x768-1.webp","datePublished":"2025-12-15T07:52:00+00:00","dateModified":"2025-12-20T09:15:30+00:00","description":"Kosten Sie die tropische K\u00fchle von Mango Ice mit dem VOZOL RAVE 40000. Verf\u00fcgt \u00fcber 40000 ultralange Z\u00fcge, eine 20ml E-Liquid-Kapazit\u00e4t und das aufregende 270\u00b0 Beat-Sensing LED-Licht. Holen Sie sich dieses erstklassige VOZOL-Ger\u00e4t f\u00fcr intensiven, frostigen Mango-Geschmack und un\u00fcbertroffene Langlebigkeit. Kaufen Sie jetzt Ihren zuverl\u00e4ssigen Vape-Akku!","breadcrumb":{"@id":"https:\/\/vapemaison.com\/product\/40000-puffs-disposable-vape-vozol-rave-mango-ice-flavor-led-rechargeable-vape\/#breadcrumb"},"inLanguage":"de","potentialAction":[{"@type":"ReadAction","target":["https:\/\/vapemaison.com\/product\/40000-puffs-disposable-vape-vozol-rave-mango-ice-flavor-led-rechargeable-vape\/"]}]},{"@type":"ImageObject","inLanguage":"de","@id":"https:\/\/vapemaison.com\/product\/40000-puffs-disposable-vape-vozol-rave-mango-ice-flavor-led-rechargeable-vape\/#primaryimage","url":"https:\/\/vapemaison.com\/wp-content\/uploads\/2025\/12\/vozol-rave-40000-Strawberry-Mango-3-768x768-1.webp","contentUrl":"https:\/\/vapemaison.com\/wp-content\/uploads\/2025\/12\/vozol-rave-40000-Strawberry-Mango-3-768x768-1.webp","width":768,"height":768,"caption":"Vozol Rave Strawberry Mango 3 768x768 Disposable Vape Device"},{"@type":"BreadcrumbList","@id":"https:\/\/vapemaison.com\/product\/40000-puffs-disposable-vape-vozol-rave-mango-ice-flavor-led-rechargeable-vape\/#breadcrumb","itemListElement":[{"@type":"ListItem","position":1,"name":"\u9996\u9875","item":"https:\/\/vapemaison.com\/"},{"@type":"ListItem","position":2,"name":"Shop","item":"https:\/\/vapemaison.com\/shop\/"},{"@type":"ListItem","position":3,"name":"Vozol","item":"https:\/\/vapemaison.com\/brand\/vozol\/"},{"@type":"ListItem","position":4,"name":"40000 Puffs Disposable Vape | VOZOL RAVE Mango Ice Flavor LED | Rechargeable Vape"}]},{"@type":"WebSite","@id":"https:\/\/vapemaison.com\/#website","url":"https:\/\/vapemaison.com\/","name":"VapeMaison","description":"Premium Vaping-Ger\u00e4te und Zubeh\u00f6r","publisher":{"@id":"https:\/\/vapemaison.com\/#organization"},"potentialAction":[{"@type":"SearchAction","target":{"@type":"EntryPoint","urlTemplate":"https:\/\/vapemaison.com\/?s={search_term_string}"},"query-input":{"@type":"PropertyValueSpecification","valueRequired":true,"valueName":"search_term_string"}}],"inLanguage":"de"},{"@type":"Organization","@id":"https:\/\/vapemaison.com\/#organization","name":"VapeMaison","url":"https:\/\/vapemaison.com\/","logo":{"@type":"ImageObject","inLanguage":"de","@id":"https:\/\/vapemaison.com\/#\/schema\/logo\/image\/","url":"https:\/\/vapemaison.com\/wp-content\/uploads\/2026\/01\/cropped-vapemaison-logo-g-2026.webp","contentUrl":"https:\/\/vapemaison.com\/wp-content\/uploads\/2026\/01\/cropped-vapemaison-logo-g-2026.webp","width":350,"height":280,"caption":"VapeMaison"},"image":{"@id":"https:\/\/vapemaison.com\/#\/schema\/logo\/image\/"},"sameAs":["https:\/\/www.youtube.com\/@VapeMaison"]}]}},"tiered_pricing_type":"fixed","tiered_pricing_fixed_rules":{"30":"12.24","50":"11.63","100":"10.86","200":"9.98"},"tiered_pricing_product_settings":{"layout":"default","base_unit_name":{"singular":null,"plural":null},"default_variation":null},"tiered_pricing_minimum_quantity":10,"tiered_pricing_roles_data":[],"tiered_pricing_percentage_rules":[],"tiered_pricing_maximum_quantity":null,"tiered_pricing_quantity_step":"10","_links":{"self":[{"href":"https:\/\/vapemaison.com\/de\/wp-json\/wp\/v2\/product\/18522","targetHints":{"allow":["GET"]}}],"collection":[{"href":"https:\/\/vapemaison.com\/de\/wp-json\/wp\/v2\/product"}],"about":[{"href":"https:\/\/vapemaison.com\/de\/wp-json\/wp\/v2\/types\/product"}],"replies":[{"embeddable":true,"href":"https:\/\/vapemaison.com\/de\/wp-json\/wp\/v2\/comments?post=18522"}],"version-history":[{"count":0,"href":"https:\/\/vapemaison.com\/de\/wp-json\/wp\/v2\/product\/18522\/revisions"}],"wp:featuredmedia":[{"embeddable":true,"href":"https:\/\/vapemaison.com\/de\/wp-json\/wp\/v2\/media\/19302"}],"wp:attachment":[{"href":"https:\/\/vapemaison.com\/de\/wp-json\/wp\/v2\/media?parent=18522"}],"wp:term":[{"taxonomy":"product_brand","embeddable":true,"href":"https:\/\/vapemaison.com\/de\/wp-json\/wp\/v2\/product_brand?post=18522"},{"taxonomy":"product_cat","embeddable":true,"href":"https:\/\/vapemaison.com\/de\/wp-json\/wp\/v2\/product_cat?post=18522"},{"taxonomy":"product_tag","embeddable":true,"href":"https:\/\/vapemaison.com\/de\/wp-json\/wp\/v2\/product_tag?post=18522"}],"curies":[{"name":"wp","href":"https:\/\/api.w.org\/{rel}","templated":true}]}}